{"id":2342,"date":"2025-11-11T16:03:12","date_gmt":"2025-11-11T15:03:12","guid":{"rendered":"https:\/\/www.spirit-us.eu\/?post_type=product&#038;p=2342"},"modified":"2025-12-17T17:54:42","modified_gmt":"2025-12-17T16:54:42","slug":"chaine-en-argent-perle-damethyste-etoile-dargent-eveil-spirituel","status":"publish","type":"product","link":"https:\/\/www.spirit-us.eu\/index.php\/produit\/chaine-en-argent-perle-damethyste-etoile-dargent-eveil-spirituel\/","title":{"rendered":"Cha\u00eene en argent, perle d&rsquo;am\u00e9thyste, \u00e9toile d&rsquo;argent : \u00e9veil spirituel"},"content":{"rendered":"<p><strong>Mat\u00e9riaux<\/strong> : argent 0,925 et am\u00e9thyste, pierre naturelle<\/p>\n<p><strong>Origine<\/strong> : France (argent 0,925) et Finlande (pierre naturelle am\u00e9thyste)<\/p>\n<p><strong>Longueur de la cha\u00eene : <\/strong>40 cm<\/p>\n<p><strong>Composition du bijou<\/strong> : perle d&rsquo;am\u00e9thyste 8 mm, \u00e9toile d&rsquo;argent et 8 petits c\u0153urs mont\u00e9s dans la cha\u00eene<\/p>\n<p><strong>Pr\u00e9sentation<\/strong>: livr\u00e9 dans un coffret \u00e0 bijou en velours blanc<\/p>\n","protected":false},"excerpt":{"rendered":"<p style=\"text-align: justify;\">Bijou adorable et discret.\u00a0 Il symbolise l&rsquo;\u00e9veil spirituel, la bonne \u00e9toile qui indique le chemin.\u00a0 L&rsquo;am\u00e9thyste est r\u00e9put\u00e9e pour ses vertus apaisantes, apportant calme, \u00e9quilibre et s\u00e9r\u00e9nit\u00e9 en luttant contre le stress, l&rsquo;anxi\u00e9t\u00e9 et l&rsquo;insomnie. Sur le plan spirituel, elle favorise la m\u00e9ditation, la concentration, l&rsquo;intuition et la clairvoyance, tout en purifiant l&rsquo;aura et en \u00e9loignant les \u00e9nergies n\u00e9gatives. Physiquement, elle est associ\u00e9e au bon fonctionnement du syst\u00e8me nerveux, \u00e0 la gestion des migraines et \u00e0 la d\u00e9toxification. L&rsquo;\u00e9toile d&rsquo;argent quant \u00e0 elle, symbolise votre \u00e9toile de naissance, qui prend toute sa place au c\u0153ur du cosmos. La cha\u00eene et l&rsquo;\u00e9toile sont en argent 0,925 : elle est joliment ouvrag\u00e9e et rehauss\u00e9e de 8 petits c\u0153urs. Livr\u00e9 dans un coffret de velours blanc.<\/p>\n","protected":false},"featured_media":2343,"comment_status":"open","ping_status":"closed","template":"","meta":[],"product_brand":[],"product_cat":[156,463,17],"product_tag":[262,355,341,188,356],"mwb_booking_cost":[],"mwb_booking_service":[],"class_list":{"0":"post-2342","1":"product","2":"type-product","3":"status-publish","4":"has-post-thumbnail","6":"product_cat-04-bijoux","7":"product_cat-pendentif","8":"product_cat-tous-les-produits","9":"product_tag-amethyste","10":"product_tag-bijoux-en-argent","11":"product_tag-chakra-coronal","12":"product_tag-chakras-collection","13":"product_tag-eveil-spirituel","15":"first","16":"instock","17":"shipping-taxable","18":"purchasable","19":"product-type-simple"},"yoast_head":"<!-- This site is optimized with the Yoast SEO plugin v27.1.1 - https:\/\/yoast.com\/product\/yoast-seo-wordpress\/ -->\n<title>Cha\u00eene en argent, perle d&#039;am\u00e9thyste, \u00e9toile d&#039;argent : \u00e9veil spirituel - Spirit-US<\/title>\n<meta name=\"robots\" content=\"index, follow, max-snippet:-1, max-image-preview:large, max-video-preview:-1\" \/>\n<link rel=\"canonical\" href=\"https:\/\/www.spirit-us.eu\/index.php\/produit\/chaine-en-argent-perle-damethyste-etoile-dargent-eveil-spirituel\/\" \/>\n<meta property=\"og:locale\" content=\"fr_FR\" \/>\n<meta property=\"og:type\" content=\"article\" \/>\n<meta property=\"og:title\" content=\"Cha\u00eene en argent, perle d&#039;am\u00e9thyste, \u00e9toile d&#039;argent : \u00e9veil spirituel - Spirit-US\" \/>\n<meta property=\"og:description\" content=\"Bijou adorable et discret.\u00a0 Il symbolise l&#039;\u00e9veil spirituel, la bonne \u00e9toile qui indique le chemin.\u00a0 L&#039;am\u00e9thyste est r\u00e9put\u00e9e pour ses vertus apaisantes, apportant calme, \u00e9quilibre et s\u00e9r\u00e9nit\u00e9 en luttant contre le stress, l&#039;anxi\u00e9t\u00e9 et l&#039;insomnie. Sur le plan spirituel, elle favorise la m\u00e9ditation, la concentration, l&#039;intuition et la clairvoyance, tout en purifiant l&#039;aura et en \u00e9loignant les \u00e9nergies n\u00e9gatives. Physiquement, elle est associ\u00e9e au bon fonctionnement du syst\u00e8me nerveux, \u00e0 la gestion des migraines et \u00e0 la d\u00e9toxification. L&#039;\u00e9toile d&#039;argent quant \u00e0 elle, symbolise votre \u00e9toile de naissance, qui prend toute sa place au c\u0153ur du cosmos. La cha\u00eene et l&#039;\u00e9toile sont en argent 0,925 : elle est joliment ouvrag\u00e9e et rehauss\u00e9e de 8 petits c\u0153urs. Livr\u00e9 dans un coffret de velours blanc.\" \/>\n<meta property=\"og:url\" content=\"https:\/\/www.spirit-us.eu\/index.php\/produit\/chaine-en-argent-perle-damethyste-etoile-dargent-eveil-spirituel\/\" \/>\n<meta property=\"og:site_name\" content=\"Spirit-US\" \/>\n<meta property=\"article:publisher\" content=\"https:\/\/www.facebook.com\/spirit.us.deum\" \/>\n<meta property=\"article:modified_time\" content=\"2025-12-17T16:54:42+00:00\" \/>\n<meta property=\"og:image\" content=\"https:\/\/www.spirit-us.eu\/wp-content\/uploads\/2025\/11\/collier-perle-amethyste-et-etoile-argent-768x768.png\" \/>\n\t<meta property=\"og:image:width\" content=\"768\" \/>\n\t<meta property=\"og:image:height\" content=\"768\" \/>\n\t<meta property=\"og:image:type\" content=\"image\/png\" \/>\n<meta name=\"twitter:card\" content=\"summary_large_image\" \/>\n<script type=\"application\/ld+json\" class=\"yoast-schema-graph\">{\"@context\":\"https:\/\/schema.org\",\"@graph\":[{\"@type\":\"WebPage\",\"@id\":\"https:\/\/www.spirit-us.eu\/index.php\/produit\/chaine-en-argent-perle-damethyste-etoile-dargent-eveil-spirituel\/\",\"url\":\"https:\/\/www.spirit-us.eu\/index.php\/produit\/chaine-en-argent-perle-damethyste-etoile-dargent-eveil-spirituel\/\",\"name\":\"Cha\u00eene en argent, perle d'am\u00e9thyste, \u00e9toile d'argent : \u00e9veil spirituel - Spirit-US\",\"isPartOf\":{\"@id\":\"https:\/\/www.spirit-us.eu\/#website\"},\"primaryImageOfPage\":{\"@id\":\"https:\/\/www.spirit-us.eu\/index.php\/produit\/chaine-en-argent-perle-damethyste-etoile-dargent-eveil-spirituel\/#primaryimage\"},\"image\":{\"@id\":\"https:\/\/www.spirit-us.eu\/index.php\/produit\/chaine-en-argent-perle-damethyste-etoile-dargent-eveil-spirituel\/#primaryimage\"},\"thumbnailUrl\":\"https:\/\/www.spirit-us.eu\/wp-content\/uploads\/2025\/11\/collier-perle-amethyste-et-etoile-argent.png\",\"datePublished\":\"2025-11-11T15:03:12+00:00\",\"dateModified\":\"2025-12-17T16:54:42+00:00\",\"breadcrumb\":{\"@id\":\"https:\/\/www.spirit-us.eu\/index.php\/produit\/chaine-en-argent-perle-damethyste-etoile-dargent-eveil-spirituel\/#breadcrumb\"},\"inLanguage\":\"fr-FR\",\"potentialAction\":[{\"@type\":\"ReadAction\",\"target\":[\"https:\/\/www.spirit-us.eu\/index.php\/produit\/chaine-en-argent-perle-damethyste-etoile-dargent-eveil-spirituel\/\"]}]},{\"@type\":\"ImageObject\",\"inLanguage\":\"fr-FR\",\"@id\":\"https:\/\/www.spirit-us.eu\/index.php\/produit\/chaine-en-argent-perle-damethyste-etoile-dargent-eveil-spirituel\/#primaryimage\",\"url\":\"https:\/\/www.spirit-us.eu\/wp-content\/uploads\/2025\/11\/collier-perle-amethyste-et-etoile-argent.png\",\"contentUrl\":\"https:\/\/www.spirit-us.eu\/wp-content\/uploads\/2025\/11\/collier-perle-amethyste-et-etoile-argent.png\",\"width\":1080,\"height\":1080},{\"@type\":\"BreadcrumbList\",\"@id\":\"https:\/\/www.spirit-us.eu\/index.php\/produit\/chaine-en-argent-perle-damethyste-etoile-dargent-eveil-spirituel\/#breadcrumb\",\"itemListElement\":[{\"@type\":\"ListItem\",\"position\":1,\"name\":\"Accueil\",\"item\":\"https:\/\/www.spirit-us.eu\/\"},{\"@type\":\"ListItem\",\"position\":2,\"name\":\"Boutique\",\"item\":\"https:\/\/www.spirit-us.eu\/index.php\/boutique\/\"},{\"@type\":\"ListItem\",\"position\":3,\"name\":\"Cha\u00eene en argent, perle d&rsquo;am\u00e9thyste, \u00e9toile d&rsquo;argent : \u00e9veil spirituel\"}]},{\"@type\":\"WebSite\",\"@id\":\"https:\/\/www.spirit-us.eu\/#website\",\"url\":\"https:\/\/www.spirit-us.eu\/\",\"name\":\"Spirit-US\",\"description\":\"\",\"publisher\":{\"@id\":\"https:\/\/www.spirit-us.eu\/#organization\"},\"potentialAction\":[{\"@type\":\"SearchAction\",\"target\":{\"@type\":\"EntryPoint\",\"urlTemplate\":\"https:\/\/www.spirit-us.eu\/?s={search_term_string}\"},\"query-input\":{\"@type\":\"PropertyValueSpecification\",\"valueRequired\":true,\"valueName\":\"search_term_string\"}}],\"inLanguage\":\"fr-FR\"},{\"@type\":\"Organization\",\"@id\":\"https:\/\/www.spirit-us.eu\/#organization\",\"name\":\"Spirit-US\",\"url\":\"https:\/\/www.spirit-us.eu\/\",\"logo\":{\"@type\":\"ImageObject\",\"inLanguage\":\"fr-FR\",\"@id\":\"https:\/\/www.spirit-us.eu\/#\/schema\/logo\/image\/\",\"url\":\"https:\/\/www.spirit-us.eu\/wp-content\/uploads\/2025\/11\/logo-regarde-linterlocutrice-sans-arrriere-plan.jpg\",\"contentUrl\":\"https:\/\/www.spirit-us.eu\/wp-content\/uploads\/2025\/11\/logo-regarde-linterlocutrice-sans-arrriere-plan.jpg\",\"width\":1080,\"height\":1080,\"caption\":\"Spirit-US\"},\"image\":{\"@id\":\"https:\/\/www.spirit-us.eu\/#\/schema\/logo\/image\/\"},\"sameAs\":[\"https:\/\/www.facebook.com\/spirit.us.deum\"]}]}<\/script>\n<!-- \/ Yoast SEO plugin. -->","yoast_head_json":{"title":"Cha\u00eene en argent, perle d'am\u00e9thyste, \u00e9toile d'argent : \u00e9veil spirituel - Spirit-US","robots":{"index":"index","follow":"follow","max-snippet":"max-snippet:-1","max-image-preview":"max-image-preview:large","max-video-preview":"max-video-preview:-1"},"canonical":"https:\/\/www.spirit-us.eu\/index.php\/produit\/chaine-en-argent-perle-damethyste-etoile-dargent-eveil-spirituel\/","og_locale":"fr_FR","og_type":"article","og_title":"Cha\u00eene en argent, perle d'am\u00e9thyste, \u00e9toile d'argent : \u00e9veil spirituel - Spirit-US","og_description":"Bijou adorable et discret.\u00a0 Il symbolise l'\u00e9veil spirituel, la bonne \u00e9toile qui indique le chemin.\u00a0 L'am\u00e9thyste est r\u00e9put\u00e9e pour ses vertus apaisantes, apportant calme, \u00e9quilibre et s\u00e9r\u00e9nit\u00e9 en luttant contre le stress, l'anxi\u00e9t\u00e9 et l'insomnie. Sur le plan spirituel, elle favorise la m\u00e9ditation, la concentration, l'intuition et la clairvoyance, tout en purifiant l'aura et en \u00e9loignant les \u00e9nergies n\u00e9gatives. Physiquement, elle est associ\u00e9e au bon fonctionnement du syst\u00e8me nerveux, \u00e0 la gestion des migraines et \u00e0 la d\u00e9toxification. L'\u00e9toile d'argent quant \u00e0 elle, symbolise votre \u00e9toile de naissance, qui prend toute sa place au c\u0153ur du cosmos. La cha\u00eene et l'\u00e9toile sont en argent 0,925 : elle est joliment ouvrag\u00e9e et rehauss\u00e9e de 8 petits c\u0153urs. Livr\u00e9 dans un coffret de velours blanc.","og_url":"https:\/\/www.spirit-us.eu\/index.php\/produit\/chaine-en-argent-perle-damethyste-etoile-dargent-eveil-spirituel\/","og_site_name":"Spirit-US","article_publisher":"https:\/\/www.facebook.com\/spirit.us.deum","article_modified_time":"2025-12-17T16:54:42+00:00","og_image":[{"width":768,"height":768,"url":"https:\/\/www.spirit-us.eu\/wp-content\/uploads\/2025\/11\/collier-perle-amethyste-et-etoile-argent-768x768.png","type":"image\/png"}],"twitter_card":"summary_large_image","schema":{"@context":"https:\/\/schema.org","@graph":[{"@type":"WebPage","@id":"https:\/\/www.spirit-us.eu\/index.php\/produit\/chaine-en-argent-perle-damethyste-etoile-dargent-eveil-spirituel\/","url":"https:\/\/www.spirit-us.eu\/index.php\/produit\/chaine-en-argent-perle-damethyste-etoile-dargent-eveil-spirituel\/","name":"Cha\u00eene en argent, perle d'am\u00e9thyste, \u00e9toile d'argent : \u00e9veil spirituel - Spirit-US","isPartOf":{"@id":"https:\/\/www.spirit-us.eu\/#website"},"primaryImageOfPage":{"@id":"https:\/\/www.spirit-us.eu\/index.php\/produit\/chaine-en-argent-perle-damethyste-etoile-dargent-eveil-spirituel\/#primaryimage"},"image":{"@id":"https:\/\/www.spirit-us.eu\/index.php\/produit\/chaine-en-argent-perle-damethyste-etoile-dargent-eveil-spirituel\/#primaryimage"},"thumbnailUrl":"https:\/\/www.spirit-us.eu\/wp-content\/uploads\/2025\/11\/collier-perle-amethyste-et-etoile-argent.png","datePublished":"2025-11-11T15:03:12+00:00","dateModified":"2025-12-17T16:54:42+00:00","breadcrumb":{"@id":"https:\/\/www.spirit-us.eu\/index.php\/produit\/chaine-en-argent-perle-damethyste-etoile-dargent-eveil-spirituel\/#breadcrumb"},"inLanguage":"fr-FR","potentialAction":[{"@type":"ReadAction","target":["https:\/\/www.spirit-us.eu\/index.php\/produit\/chaine-en-argent-perle-damethyste-etoile-dargent-eveil-spirituel\/"]}]},{"@type":"ImageObject","inLanguage":"fr-FR","@id":"https:\/\/www.spirit-us.eu\/index.php\/produit\/chaine-en-argent-perle-damethyste-etoile-dargent-eveil-spirituel\/#primaryimage","url":"https:\/\/www.spirit-us.eu\/wp-content\/uploads\/2025\/11\/collier-perle-amethyste-et-etoile-argent.png","contentUrl":"https:\/\/www.spirit-us.eu\/wp-content\/uploads\/2025\/11\/collier-perle-amethyste-et-etoile-argent.png","width":1080,"height":1080},{"@type":"BreadcrumbList","@id":"https:\/\/www.spirit-us.eu\/index.php\/produit\/chaine-en-argent-perle-damethyste-etoile-dargent-eveil-spirituel\/#breadcrumb","itemListElement":[{"@type":"ListItem","position":1,"name":"Accueil","item":"https:\/\/www.spirit-us.eu\/"},{"@type":"ListItem","position":2,"name":"Boutique","item":"https:\/\/www.spirit-us.eu\/index.php\/boutique\/"},{"@type":"ListItem","position":3,"name":"Cha\u00eene en argent, perle d&rsquo;am\u00e9thyste, \u00e9toile d&rsquo;argent : \u00e9veil spirituel"}]},{"@type":"WebSite","@id":"https:\/\/www.spirit-us.eu\/#website","url":"https:\/\/www.spirit-us.eu\/","name":"Spirit-US","description":"","publisher":{"@id":"https:\/\/www.spirit-us.eu\/#organization"},"potentialAction":[{"@type":"SearchAction","target":{"@type":"EntryPoint","urlTemplate":"https:\/\/www.spirit-us.eu\/?s={search_term_string}"},"query-input":{"@type":"PropertyValueSpecification","valueRequired":true,"valueName":"search_term_string"}}],"inLanguage":"fr-FR"},{"@type":"Organization","@id":"https:\/\/www.spirit-us.eu\/#organization","name":"Spirit-US","url":"https:\/\/www.spirit-us.eu\/","logo":{"@type":"ImageObject","inLanguage":"fr-FR","@id":"https:\/\/www.spirit-us.eu\/#\/schema\/logo\/image\/","url":"https:\/\/www.spirit-us.eu\/wp-content\/uploads\/2025\/11\/logo-regarde-linterlocutrice-sans-arrriere-plan.jpg","contentUrl":"https:\/\/www.spirit-us.eu\/wp-content\/uploads\/2025\/11\/logo-regarde-linterlocutrice-sans-arrriere-plan.jpg","width":1080,"height":1080,"caption":"Spirit-US"},"image":{"@id":"https:\/\/www.spirit-us.eu\/#\/schema\/logo\/image\/"},"sameAs":["https:\/\/www.facebook.com\/spirit.us.deum"]}]}},"jetpack_sharing_enabled":true,"_links":{"self":[{"href":"https:\/\/www.spirit-us.eu\/index.php\/wp-json\/wp\/v2\/product\/2342","targetHints":{"allow":["GET"]}}],"collection":[{"href":"https:\/\/www.spirit-us.eu\/index.php\/wp-json\/wp\/v2\/product"}],"about":[{"href":"https:\/\/www.spirit-us.eu\/index.php\/wp-json\/wp\/v2\/types\/product"}],"replies":[{"embeddable":true,"href":"https:\/\/www.spirit-us.eu\/index.php\/wp-json\/wp\/v2\/comments?post=2342"}],"wp:featuredmedia":[{"embeddable":true,"href":"https:\/\/www.spirit-us.eu\/index.php\/wp-json\/wp\/v2\/media\/2343"}],"wp:attachment":[{"href":"https:\/\/www.spirit-us.eu\/index.php\/wp-json\/wp\/v2\/media?parent=2342"}],"wp:term":[{"taxonomy":"product_brand","embeddable":true,"href":"https:\/\/www.spirit-us.eu\/index.php\/wp-json\/wp\/v2\/product_brand?post=2342"},{"taxonomy":"product_cat","embeddable":true,"href":"https:\/\/www.spirit-us.eu\/index.php\/wp-json\/wp\/v2\/product_cat?post=2342"},{"taxonomy":"product_tag","embeddable":true,"href":"https:\/\/www.spirit-us.eu\/index.php\/wp-json\/wp\/v2\/product_tag?post=2342"},{"taxonomy":"mwb_booking_cost","embeddable":true,"href":"https:\/\/www.spirit-us.eu\/index.php\/wp-json\/wp\/v2\/mwb_booking_cost?post=2342"},{"taxonomy":"mwb_booking_service","embeddable":true,"href":"https:\/\/www.spirit-us.eu\/index.php\/wp-json\/wp\/v2\/mwb_booking_service?post=2342"}],"curies":[{"name":"wp","href":"https:\/\/api.w.org\/{rel}","templated":true}]}}