{"id":2325,"date":"2025-11-11T13:00:50","date_gmt":"2025-11-11T12:00:50","guid":{"rendered":"https:\/\/www.spirit-us.eu\/?post_type=product&#038;p=2325"},"modified":"2025-12-17T10:43:48","modified_gmt":"2025-12-17T09:43:48","slug":"bracelet-dattraction-et-douverture-des-chakras","status":"publish","type":"product","link":"https:\/\/www.spirit-us.eu\/index.php\/produit\/bracelet-dattraction-et-douverture-des-chakras\/","title":{"rendered":"BRACELET D\u2019ATTRACTION ET D\u2019OUVERTURE DES CHAKRAS"},"content":{"rendered":"<p><strong>Tour de poignet<\/strong>\u00a0: 22-25 cm<\/p>\n<p><strong>Dimension des perles<\/strong>\u00a0: 3-5 mm \/ magn\u00e9tiques\u00a0: 5 mm \u2013 finition tr\u00e8s soign\u00e9e en m\u00e9tal argent\u00e9 (petites perles de m\u00e9tal\u00a0: 1 mm s\u00e9parant les perles de pierre naturelle et d\u2019h\u00e9matite)<\/p>\n<p><strong>Mat\u00e9riau<\/strong>\u00a0: perles de verre teint\u00e9es dans la masse, perles de m\u00e9tal dor\u00e9, breloques, cha\u00eenette<\/p>\n<p><strong>Couleurs<\/strong>\u00a0: rouge, orang\u00e9, orang\u00e9-jaune, vert, bleu turquoise, violet et mauve, blanc, argent\u00e9 et gris fonc\u00e9 (perles d\u2019h\u00e9matite)<\/p>\n<p><strong>Pr\u00e9sentation<\/strong>\u00a0: livr\u00e9 dans une pochette en satin noir<\/p>\n<p><em>A l\u2019achat de deux bracelets, le 3<sup>\u00e8me<\/sup> est offert.<\/em><\/p>\n<p>PERLES EN PIERRES NATURELLES ET PERLES D\u2019HEMATITE\u00a0: COULEUR, CORRESPONDANCE CHAKRA ET VERTUS\u00a0:<\/p>\n<ol>\n<li>Jaspe rouge = chakra racine \/ vertu\u00a0: vitalit\u00e9 et \u00e9nergie<\/li>\n<li>Cornaline = chakra sacr\u00e9 \/ vertu\u00a0: courage et stabilit\u00e9<\/li>\n<li>Pierre de soleil = chakra du plexus solaire\/ vertu\u00a0: joie de vivre<\/li>\n<li>Aventurine = chakra du c\u0153ur \/ vertu\u00a0: prosp\u00e9rit\u00e9 et s\u00e9r\u00e9nit\u00e9<\/li>\n<li>Turquoise = chakra de la gorge\/ vertu\u00a0: communication et l\u00e2cher-prise<\/li>\n<li>Am\u00e9thyste = chakra du 3<sup>\u00e8me<\/sup> \u0153il \/ vertu\u00a0: intuition et sagesse<\/li>\n<li>Hawlite blanche = chakra de l\u2019\u00e9toile de l\u2019\u00e2me avec am\u00e9thyste pour le coronal\/ vertu\u00a0: spiritualit\u00e9 et \u00e9l\u00e9vation<\/li>\n<li>H\u00e9matite\u00a0: chakra de l\u2019\u00e9toile de la terre et vertus\u00a0: magn\u00e9tisme, attraction tellurique positive<\/li>\n<\/ol>\n<p>Perles de m\u00e9tal argent\u00e9 entre les pierres<\/p>\n<p>Convient pour homme et pour femme d\u00e9sireux, d\u00e9sireuse de travailler l\u2019ouverture des chakras et sa force magn\u00e9tique.<\/p>\n","protected":false},"excerpt":{"rendered":"<p style=\"text-align: justify;\">Bracelet de puissance magn\u00e9tique, destin\u00e9 \u00e0 toute personne d\u00e9sireuse de travailler l\u2019ouverture et l\u2019harmonisation des chakras (ses centres \u00e9nerg\u00e9tiques vitaux). Bijou aux finitions impeccables et \u00e0 petit prix.\u00a0 Il est compos\u00e9 de pierres naturelles de couleurs diverses (reportez-vous \u00e0 la description des pierres et de leurs vertus dans ce bijou dans la description)\u00a0; et d\u2019h\u00e9matite, un m\u00e9tal aimant\u00e9 sp\u00e9cifiquement destin\u00e9 au travail du magn\u00e9tisme personnel.\u00a0 Nous l\u2019utilisons par exemple lorsque nous devons recharger notre magn\u00e9tisme curatif au service des autres.\u00a0 Il est unisexe.\u00a0 Si vous souhaitez potentialiser et d\u00e9multiplier ses effets, il vous suffit de le porter en double ou m\u00eame en triple.<\/p>\n","protected":false},"featured_media":2326,"comment_status":"open","ping_status":"closed","template":"","meta":[],"product_brand":[],"product_cat":[156,460,17],"product_tag":[173,188,354,335],"mwb_booking_cost":[],"mwb_booking_service":[],"class_list":{"0":"post-2325","1":"product","2":"type-product","3":"status-publish","4":"has-post-thumbnail","6":"product_cat-04-bijoux","7":"product_cat-bracelets","8":"product_cat-tous-les-produits","9":"product_tag-chakras","10":"product_tag-chakras-collection","11":"product_tag-magnetisme","12":"product_tag-ouverture-des-chakras","14":"first","15":"instock","16":"shipping-taxable","17":"purchasable","18":"product-type-simple"},"yoast_head":"<!-- This site is optimized with the Yoast SEO plugin v27.1.1 - https:\/\/yoast.com\/product\/yoast-seo-wordpress\/ -->\n<title>BRACELET D\u2019ATTRACTION ET D\u2019OUVERTURE DES CHAKRAS - Spirit-US<\/title>\n<meta name=\"robots\" content=\"index, follow, max-snippet:-1, max-image-preview:large, max-video-preview:-1\" \/>\n<link rel=\"canonical\" href=\"https:\/\/www.spirit-us.eu\/index.php\/produit\/bracelet-dattraction-et-douverture-des-chakras\/\" \/>\n<meta property=\"og:locale\" content=\"fr_FR\" \/>\n<meta property=\"og:type\" content=\"article\" \/>\n<meta property=\"og:title\" content=\"BRACELET D\u2019ATTRACTION ET D\u2019OUVERTURE DES CHAKRAS - Spirit-US\" \/>\n<meta property=\"og:description\" content=\"Bracelet de puissance magn\u00e9tique, destin\u00e9 \u00e0 toute personne d\u00e9sireuse de travailler l\u2019ouverture et l\u2019harmonisation des chakras (ses centres \u00e9nerg\u00e9tiques vitaux). Bijou aux finitions impeccables et \u00e0 petit prix.\u00a0 Il est compos\u00e9 de pierres naturelles de couleurs diverses (reportez-vous \u00e0 la description des pierres et de leurs vertus dans ce bijou dans la description)\u00a0; et d\u2019h\u00e9matite, un m\u00e9tal aimant\u00e9 sp\u00e9cifiquement destin\u00e9 au travail du magn\u00e9tisme personnel.\u00a0 Nous l\u2019utilisons par exemple lorsque nous devons recharger notre magn\u00e9tisme curatif au service des autres.\u00a0 Il est unisexe.\u00a0 Si vous souhaitez potentialiser et d\u00e9multiplier ses effets, il vous suffit de le porter en double ou m\u00eame en triple.\" \/>\n<meta property=\"og:url\" content=\"https:\/\/www.spirit-us.eu\/index.php\/produit\/bracelet-dattraction-et-douverture-des-chakras\/\" \/>\n<meta property=\"og:site_name\" content=\"Spirit-US\" \/>\n<meta property=\"article:publisher\" content=\"https:\/\/www.facebook.com\/spirit.us.deum\" \/>\n<meta property=\"article:modified_time\" content=\"2025-12-17T09:43:48+00:00\" \/>\n<meta property=\"og:image\" content=\"https:\/\/www.spirit-us.eu\/wp-content\/uploads\/2025\/11\/bracelet-magnetique-et-pierres-des-chakras-scaled.jpg\" \/>\n\t<meta property=\"og:image:width\" content=\"2145\" \/>\n\t<meta property=\"og:image:height\" content=\"2560\" \/>\n\t<meta property=\"og:image:type\" content=\"image\/jpeg\" \/>\n<meta name=\"twitter:card\" content=\"summary_large_image\" \/>\n<meta name=\"twitter:label1\" content=\"Dur\u00e9e de lecture estim\u00e9e\" \/>\n\t<meta name=\"twitter:data1\" content=\"1 minute\" \/>\n<script type=\"application\/ld+json\" class=\"yoast-schema-graph\">{\"@context\":\"https:\/\/schema.org\",\"@graph\":[{\"@type\":\"WebPage\",\"@id\":\"https:\/\/www.spirit-us.eu\/index.php\/produit\/bracelet-dattraction-et-douverture-des-chakras\/\",\"url\":\"https:\/\/www.spirit-us.eu\/index.php\/produit\/bracelet-dattraction-et-douverture-des-chakras\/\",\"name\":\"BRACELET D\u2019ATTRACTION ET D\u2019OUVERTURE DES CHAKRAS - Spirit-US\",\"isPartOf\":{\"@id\":\"https:\/\/www.spirit-us.eu\/#website\"},\"primaryImageOfPage\":{\"@id\":\"https:\/\/www.spirit-us.eu\/index.php\/produit\/bracelet-dattraction-et-douverture-des-chakras\/#primaryimage\"},\"image\":{\"@id\":\"https:\/\/www.spirit-us.eu\/index.php\/produit\/bracelet-dattraction-et-douverture-des-chakras\/#primaryimage\"},\"thumbnailUrl\":\"https:\/\/www.spirit-us.eu\/wp-content\/uploads\/2025\/11\/bracelet-magnetique-et-pierres-des-chakras-scaled.jpg\",\"datePublished\":\"2025-11-11T12:00:50+00:00\",\"dateModified\":\"2025-12-17T09:43:48+00:00\",\"breadcrumb\":{\"@id\":\"https:\/\/www.spirit-us.eu\/index.php\/produit\/bracelet-dattraction-et-douverture-des-chakras\/#breadcrumb\"},\"inLanguage\":\"fr-FR\",\"potentialAction\":[{\"@type\":\"ReadAction\",\"target\":[\"https:\/\/www.spirit-us.eu\/index.php\/produit\/bracelet-dattraction-et-douverture-des-chakras\/\"]}]},{\"@type\":\"ImageObject\",\"inLanguage\":\"fr-FR\",\"@id\":\"https:\/\/www.spirit-us.eu\/index.php\/produit\/bracelet-dattraction-et-douverture-des-chakras\/#primaryimage\",\"url\":\"https:\/\/www.spirit-us.eu\/wp-content\/uploads\/2025\/11\/bracelet-magnetique-et-pierres-des-chakras-scaled.jpg\",\"contentUrl\":\"https:\/\/www.spirit-us.eu\/wp-content\/uploads\/2025\/11\/bracelet-magnetique-et-pierres-des-chakras-scaled.jpg\",\"width\":2145,\"height\":2560},{\"@type\":\"BreadcrumbList\",\"@id\":\"https:\/\/www.spirit-us.eu\/index.php\/produit\/bracelet-dattraction-et-douverture-des-chakras\/#breadcrumb\",\"itemListElement\":[{\"@type\":\"ListItem\",\"position\":1,\"name\":\"Accueil\",\"item\":\"https:\/\/www.spirit-us.eu\/\"},{\"@type\":\"ListItem\",\"position\":2,\"name\":\"Boutique\",\"item\":\"https:\/\/www.spirit-us.eu\/index.php\/boutique\/\"},{\"@type\":\"ListItem\",\"position\":3,\"name\":\"BRACELET D\u2019ATTRACTION ET D\u2019OUVERTURE DES CHAKRAS\"}]},{\"@type\":\"WebSite\",\"@id\":\"https:\/\/www.spirit-us.eu\/#website\",\"url\":\"https:\/\/www.spirit-us.eu\/\",\"name\":\"Spirit-US\",\"description\":\"\",\"publisher\":{\"@id\":\"https:\/\/www.spirit-us.eu\/#organization\"},\"potentialAction\":[{\"@type\":\"SearchAction\",\"target\":{\"@type\":\"EntryPoint\",\"urlTemplate\":\"https:\/\/www.spirit-us.eu\/?s={search_term_string}\"},\"query-input\":{\"@type\":\"PropertyValueSpecification\",\"valueRequired\":true,\"valueName\":\"search_term_string\"}}],\"inLanguage\":\"fr-FR\"},{\"@type\":\"Organization\",\"@id\":\"https:\/\/www.spirit-us.eu\/#organization\",\"name\":\"Spirit-US\",\"url\":\"https:\/\/www.spirit-us.eu\/\",\"logo\":{\"@type\":\"ImageObject\",\"inLanguage\":\"fr-FR\",\"@id\":\"https:\/\/www.spirit-us.eu\/#\/schema\/logo\/image\/\",\"url\":\"https:\/\/www.spirit-us.eu\/wp-content\/uploads\/2025\/11\/logo-regarde-linterlocutrice-sans-arrriere-plan.jpg\",\"contentUrl\":\"https:\/\/www.spirit-us.eu\/wp-content\/uploads\/2025\/11\/logo-regarde-linterlocutrice-sans-arrriere-plan.jpg\",\"width\":1080,\"height\":1080,\"caption\":\"Spirit-US\"},\"image\":{\"@id\":\"https:\/\/www.spirit-us.eu\/#\/schema\/logo\/image\/\"},\"sameAs\":[\"https:\/\/www.facebook.com\/spirit.us.deum\"]}]}<\/script>\n<!-- \/ Yoast SEO plugin. -->","yoast_head_json":{"title":"BRACELET D\u2019ATTRACTION ET D\u2019OUVERTURE DES CHAKRAS - Spirit-US","robots":{"index":"index","follow":"follow","max-snippet":"max-snippet:-1","max-image-preview":"max-image-preview:large","max-video-preview":"max-video-preview:-1"},"canonical":"https:\/\/www.spirit-us.eu\/index.php\/produit\/bracelet-dattraction-et-douverture-des-chakras\/","og_locale":"fr_FR","og_type":"article","og_title":"BRACELET D\u2019ATTRACTION ET D\u2019OUVERTURE DES CHAKRAS - Spirit-US","og_description":"Bracelet de puissance magn\u00e9tique, destin\u00e9 \u00e0 toute personne d\u00e9sireuse de travailler l\u2019ouverture et l\u2019harmonisation des chakras (ses centres \u00e9nerg\u00e9tiques vitaux). Bijou aux finitions impeccables et \u00e0 petit prix.\u00a0 Il est compos\u00e9 de pierres naturelles de couleurs diverses (reportez-vous \u00e0 la description des pierres et de leurs vertus dans ce bijou dans la description)\u00a0; et d\u2019h\u00e9matite, un m\u00e9tal aimant\u00e9 sp\u00e9cifiquement destin\u00e9 au travail du magn\u00e9tisme personnel.\u00a0 Nous l\u2019utilisons par exemple lorsque nous devons recharger notre magn\u00e9tisme curatif au service des autres.\u00a0 Il est unisexe.\u00a0 Si vous souhaitez potentialiser et d\u00e9multiplier ses effets, il vous suffit de le porter en double ou m\u00eame en triple.","og_url":"https:\/\/www.spirit-us.eu\/index.php\/produit\/bracelet-dattraction-et-douverture-des-chakras\/","og_site_name":"Spirit-US","article_publisher":"https:\/\/www.facebook.com\/spirit.us.deum","article_modified_time":"2025-12-17T09:43:48+00:00","og_image":[{"width":2145,"height":2560,"url":"https:\/\/www.spirit-us.eu\/wp-content\/uploads\/2025\/11\/bracelet-magnetique-et-pierres-des-chakras-scaled.jpg","type":"image\/jpeg"}],"twitter_card":"summary_large_image","twitter_misc":{"Dur\u00e9e de lecture estim\u00e9e":"1 minute"},"schema":{"@context":"https:\/\/schema.org","@graph":[{"@type":"WebPage","@id":"https:\/\/www.spirit-us.eu\/index.php\/produit\/bracelet-dattraction-et-douverture-des-chakras\/","url":"https:\/\/www.spirit-us.eu\/index.php\/produit\/bracelet-dattraction-et-douverture-des-chakras\/","name":"BRACELET D\u2019ATTRACTION ET D\u2019OUVERTURE DES CHAKRAS - Spirit-US","isPartOf":{"@id":"https:\/\/www.spirit-us.eu\/#website"},"primaryImageOfPage":{"@id":"https:\/\/www.spirit-us.eu\/index.php\/produit\/bracelet-dattraction-et-douverture-des-chakras\/#primaryimage"},"image":{"@id":"https:\/\/www.spirit-us.eu\/index.php\/produit\/bracelet-dattraction-et-douverture-des-chakras\/#primaryimage"},"thumbnailUrl":"https:\/\/www.spirit-us.eu\/wp-content\/uploads\/2025\/11\/bracelet-magnetique-et-pierres-des-chakras-scaled.jpg","datePublished":"2025-11-11T12:00:50+00:00","dateModified":"2025-12-17T09:43:48+00:00","breadcrumb":{"@id":"https:\/\/www.spirit-us.eu\/index.php\/produit\/bracelet-dattraction-et-douverture-des-chakras\/#breadcrumb"},"inLanguage":"fr-FR","potentialAction":[{"@type":"ReadAction","target":["https:\/\/www.spirit-us.eu\/index.php\/produit\/bracelet-dattraction-et-douverture-des-chakras\/"]}]},{"@type":"ImageObject","inLanguage":"fr-FR","@id":"https:\/\/www.spirit-us.eu\/index.php\/produit\/bracelet-dattraction-et-douverture-des-chakras\/#primaryimage","url":"https:\/\/www.spirit-us.eu\/wp-content\/uploads\/2025\/11\/bracelet-magnetique-et-pierres-des-chakras-scaled.jpg","contentUrl":"https:\/\/www.spirit-us.eu\/wp-content\/uploads\/2025\/11\/bracelet-magnetique-et-pierres-des-chakras-scaled.jpg","width":2145,"height":2560},{"@type":"BreadcrumbList","@id":"https:\/\/www.spirit-us.eu\/index.php\/produit\/bracelet-dattraction-et-douverture-des-chakras\/#breadcrumb","itemListElement":[{"@type":"ListItem","position":1,"name":"Accueil","item":"https:\/\/www.spirit-us.eu\/"},{"@type":"ListItem","position":2,"name":"Boutique","item":"https:\/\/www.spirit-us.eu\/index.php\/boutique\/"},{"@type":"ListItem","position":3,"name":"BRACELET D\u2019ATTRACTION ET D\u2019OUVERTURE DES CHAKRAS"}]},{"@type":"WebSite","@id":"https:\/\/www.spirit-us.eu\/#website","url":"https:\/\/www.spirit-us.eu\/","name":"Spirit-US","description":"","publisher":{"@id":"https:\/\/www.spirit-us.eu\/#organization"},"potentialAction":[{"@type":"SearchAction","target":{"@type":"EntryPoint","urlTemplate":"https:\/\/www.spirit-us.eu\/?s={search_term_string}"},"query-input":{"@type":"PropertyValueSpecification","valueRequired":true,"valueName":"search_term_string"}}],"inLanguage":"fr-FR"},{"@type":"Organization","@id":"https:\/\/www.spirit-us.eu\/#organization","name":"Spirit-US","url":"https:\/\/www.spirit-us.eu\/","logo":{"@type":"ImageObject","inLanguage":"fr-FR","@id":"https:\/\/www.spirit-us.eu\/#\/schema\/logo\/image\/","url":"https:\/\/www.spirit-us.eu\/wp-content\/uploads\/2025\/11\/logo-regarde-linterlocutrice-sans-arrriere-plan.jpg","contentUrl":"https:\/\/www.spirit-us.eu\/wp-content\/uploads\/2025\/11\/logo-regarde-linterlocutrice-sans-arrriere-plan.jpg","width":1080,"height":1080,"caption":"Spirit-US"},"image":{"@id":"https:\/\/www.spirit-us.eu\/#\/schema\/logo\/image\/"},"sameAs":["https:\/\/www.facebook.com\/spirit.us.deum"]}]}},"jetpack_sharing_enabled":true,"_links":{"self":[{"href":"https:\/\/www.spirit-us.eu\/index.php\/wp-json\/wp\/v2\/product\/2325","targetHints":{"allow":["GET"]}}],"collection":[{"href":"https:\/\/www.spirit-us.eu\/index.php\/wp-json\/wp\/v2\/product"}],"about":[{"href":"https:\/\/www.spirit-us.eu\/index.php\/wp-json\/wp\/v2\/types\/product"}],"replies":[{"embeddable":true,"href":"https:\/\/www.spirit-us.eu\/index.php\/wp-json\/wp\/v2\/comments?post=2325"}],"wp:featuredmedia":[{"embeddable":true,"href":"https:\/\/www.spirit-us.eu\/index.php\/wp-json\/wp\/v2\/media\/2326"}],"wp:attachment":[{"href":"https:\/\/www.spirit-us.eu\/index.php\/wp-json\/wp\/v2\/media?parent=2325"}],"wp:term":[{"taxonomy":"product_brand","embeddable":true,"href":"https:\/\/www.spirit-us.eu\/index.php\/wp-json\/wp\/v2\/product_brand?post=2325"},{"taxonomy":"product_cat","embeddable":true,"href":"https:\/\/www.spirit-us.eu\/index.php\/wp-json\/wp\/v2\/product_cat?post=2325"},{"taxonomy":"product_tag","embeddable":true,"href":"https:\/\/www.spirit-us.eu\/index.php\/wp-json\/wp\/v2\/product_tag?post=2325"},{"taxonomy":"mwb_booking_cost","embeddable":true,"href":"https:\/\/www.spirit-us.eu\/index.php\/wp-json\/wp\/v2\/mwb_booking_cost?post=2325"},{"taxonomy":"mwb_booking_service","embeddable":true,"href":"https:\/\/www.spirit-us.eu\/index.php\/wp-json\/wp\/v2\/mwb_booking_service?post=2325"}],"curies":[{"name":"wp","href":"https:\/\/api.w.org\/{rel}","templated":true}]}}