{"id":2318,"date":"2025-11-10T20:09:30","date_gmt":"2025-11-10T19:09:30","guid":{"rendered":"https:\/\/www.spirit-us.eu\/?post_type=product&#038;p=2318"},"modified":"2025-12-17T10:44:22","modified_gmt":"2025-12-17T09:44:22","slug":"bracelet-minceur-en-hawlite-bleue","status":"publish","type":"product","link":"https:\/\/www.spirit-us.eu\/index.php\/produit\/bracelet-minceur-en-hawlite-bleue\/","title":{"rendered":"BRACELET MINCEUR EN HAWLITE bleue"},"content":{"rendered":"<p><strong>Pr\u00e9sentation\u00a0: <\/strong>bijou livr\u00e9 dans une jolie pochette de couleur proche de celle des pierres naturelles composant le bracelet et en fonction du stock<\/p>\n<p><strong>Type<\/strong> :\u00a0\u00a0bracelet en perles r\u00e9guli\u00e8res \u2013 pierres naturelles de dimensions variables entre 0,6 cm<\/p>\n<p><strong>Couleur <\/strong>: bleu clair et diff\u00e9rentes nuances dans un m\u00eame bracelet, petites perles en pierres naturelles<\/p>\n<p><strong>Apparence<\/strong> : Boules \/ Polies<\/p>\n<p><strong>Tour de poignet<\/strong>\u00a0: 18-22\u00a0 cm<\/p>\n<p>Peut se porter en synergie avec d&rsquo;autres mod\u00e8les en hawlite comme le mod\u00e8le papillon baroque ou le mod\u00e8le en perles boules tr\u00e8s sages et r\u00e9guli\u00e8res<\/p>\n<p>La taille des perles peut varier l\u00e9g\u00e8rement, car le bijou est manufactur\u00e9<\/p>\n<p>Les perles sont fabriqu\u00e9es de fa\u00e7on artisanale, ce qui explique que leur taille puisse varier de +\/- 0.5mm.<\/p>\n<p><strong>Montage<\/strong>\u00a0: Fil\u00a0: \u00e9lastique nylon 0,8mm transparent ou color\u00e9 selon la couleur dominante des pierres du bracelet<\/p>\n<p>Photos tous droits r\u00e9serv\u00e9s<\/p>\n","protected":false},"excerpt":{"rendered":"<p style=\"text-align: justify;\">Offrez-vous ou offrez \u00e0 quelqu&rsquo;un de tr\u00e8s sp\u00e9cial la magnifique hawlite, claire, belle et toute simple.\u00a0 La howlite bleue est r\u00e9put\u00e9e pour ses vertus apaisantes et stabilisantes, aidant \u00e0 calmer le stress, l&rsquo;anxi\u00e9t\u00e9 et la col\u00e8re. Sur le plan physique, elle est la pierre par excellence pour favoriser la digestion, \u00e0 la d\u00e9toxification et \u00e0 l&rsquo;\u00e9quilibre du corps, notamment en favorisant l&rsquo;\u00e9limination des liquides, et aide \u00e0 renforcer les os, les ongles et les cheveux. Elle est un puissant soutien \u00e0 la minceur, car elle poss\u00e8de des propri\u00e9t\u00e9s diur\u00e9tiques et d\u00e9shydratantes qui aident \u00e0 drainer le corps et \u00e0 \u00e9liminer les toxines et les graisses. Elle participe \u00e0 l\u2019am\u00e9lioration du sommeil en apaisant le mental, favorise un sommeil r\u00e9parateur et aide \u00e0 lutter contre l&rsquo;insomnie. Elle est aussi un soutien du syst\u00e8me immunitaire.\u00a0 Associ\u00e9e au chakra de la gorge, elle permet d\u2019avaler les \u00e9motions et de communiquer, d\u2019\u00e9vacuer, de d\u00e9lester les \u00e9nergies pesantes. La pierre est m\u00e9moire, elle importe les bienfaits conjugu\u00e9s de la terre et du cosmos.\u00a0 Son \u00e9nergie est toujours b\u00e9n\u00e9fique une fois que le bijou ou la simple pierre ont \u00e9t\u00e9 purifi\u00e9s.<\/p>\n","protected":false},"featured_media":2335,"comment_status":"open","ping_status":"closed","template":"","meta":[],"product_brand":[],"product_cat":[156,460,17],"product_tag":[167,351,352],"mwb_booking_cost":[],"mwb_booking_service":[],"class_list":{"0":"post-2318","1":"product","2":"type-product","3":"status-publish","4":"has-post-thumbnail","6":"product_cat-04-bijoux","7":"product_cat-bracelets","8":"product_cat-tous-les-produits","9":"product_tag-bleu","10":"product_tag-collection-minceur","11":"product_tag-hawlite-bleue","13":"first","14":"instock","15":"shipping-taxable","16":"purchasable","17":"product-type-simple"},"yoast_head":"<!-- This site is optimized with the Yoast SEO plugin v27.1.1 - https:\/\/yoast.com\/product\/yoast-seo-wordpress\/ -->\n<title>BRACELET MINCEUR EN HAWLITE bleue - Spirit-US<\/title>\n<meta name=\"robots\" content=\"index, follow, max-snippet:-1, max-image-preview:large, max-video-preview:-1\" \/>\n<link rel=\"canonical\" href=\"https:\/\/www.spirit-us.eu\/index.php\/produit\/bracelet-minceur-en-hawlite-bleue\/\" \/>\n<meta property=\"og:locale\" content=\"fr_FR\" \/>\n<meta property=\"og:type\" content=\"article\" \/>\n<meta property=\"og:title\" content=\"BRACELET MINCEUR EN HAWLITE bleue - Spirit-US\" \/>\n<meta property=\"og:description\" content=\"Offrez-vous ou offrez \u00e0 quelqu&#039;un de tr\u00e8s sp\u00e9cial la magnifique hawlite, claire, belle et toute simple.\u00a0 La howlite bleue est r\u00e9put\u00e9e pour ses vertus apaisantes et stabilisantes, aidant \u00e0 calmer le stress, l&#039;anxi\u00e9t\u00e9 et la col\u00e8re. Sur le plan physique, elle est la pierre par excellence pour favoriser la digestion, \u00e0 la d\u00e9toxification et \u00e0 l&#039;\u00e9quilibre du corps, notamment en favorisant l&#039;\u00e9limination des liquides, et aide \u00e0 renforcer les os, les ongles et les cheveux. Elle est un puissant soutien \u00e0 la minceur, car elle poss\u00e8de des propri\u00e9t\u00e9s diur\u00e9tiques et d\u00e9shydratantes qui aident \u00e0 drainer le corps et \u00e0 \u00e9liminer les toxines et les graisses. Elle participe \u00e0 l\u2019am\u00e9lioration du sommeil en apaisant le mental, favorise un sommeil r\u00e9parateur et aide \u00e0 lutter contre l&#039;insomnie. Elle est aussi un soutien du syst\u00e8me immunitaire.\u00a0 Associ\u00e9e au chakra de la gorge, elle permet d\u2019avaler les \u00e9motions et de communiquer, d\u2019\u00e9vacuer, de d\u00e9lester les \u00e9nergies pesantes. La pierre est m\u00e9moire, elle importe les bienfaits conjugu\u00e9s de la terre et du cosmos.\u00a0 Son \u00e9nergie est toujours b\u00e9n\u00e9fique une fois que le bijou ou la simple pierre ont \u00e9t\u00e9 purifi\u00e9s.\" \/>\n<meta property=\"og:url\" content=\"https:\/\/www.spirit-us.eu\/index.php\/produit\/bracelet-minceur-en-hawlite-bleue\/\" \/>\n<meta property=\"og:site_name\" content=\"Spirit-US\" \/>\n<meta property=\"article:publisher\" content=\"https:\/\/www.facebook.com\/spirit.us.deum\" \/>\n<meta property=\"article:modified_time\" content=\"2025-12-17T09:44:22+00:00\" \/>\n<meta property=\"og:image\" content=\"https:\/\/www.spirit-us.eu\/wp-content\/uploads\/2025\/11\/hawlite-perles-rondes-minceur.jpeg\" \/>\n\t<meta property=\"og:image:width\" content=\"1113\" \/>\n\t<meta property=\"og:image:height\" content=\"1145\" \/>\n\t<meta property=\"og:image:type\" content=\"image\/jpeg\" \/>\n<meta name=\"twitter:card\" content=\"summary_large_image\" \/>\n<meta name=\"twitter:label1\" content=\"Dur\u00e9e de lecture estim\u00e9e\" \/>\n\t<meta name=\"twitter:data1\" content=\"1 minute\" \/>\n<script type=\"application\/ld+json\" class=\"yoast-schema-graph\">{\"@context\":\"https:\/\/schema.org\",\"@graph\":[{\"@type\":\"WebPage\",\"@id\":\"https:\/\/www.spirit-us.eu\/index.php\/produit\/bracelet-minceur-en-hawlite-bleue\/\",\"url\":\"https:\/\/www.spirit-us.eu\/index.php\/produit\/bracelet-minceur-en-hawlite-bleue\/\",\"name\":\"BRACELET MINCEUR EN HAWLITE bleue - Spirit-US\",\"isPartOf\":{\"@id\":\"https:\/\/www.spirit-us.eu\/#website\"},\"primaryImageOfPage\":{\"@id\":\"https:\/\/www.spirit-us.eu\/index.php\/produit\/bracelet-minceur-en-hawlite-bleue\/#primaryimage\"},\"image\":{\"@id\":\"https:\/\/www.spirit-us.eu\/index.php\/produit\/bracelet-minceur-en-hawlite-bleue\/#primaryimage\"},\"thumbnailUrl\":\"https:\/\/www.spirit-us.eu\/wp-content\/uploads\/2025\/11\/hawlite-perles-rondes-minceur.jpeg\",\"datePublished\":\"2025-11-10T19:09:30+00:00\",\"dateModified\":\"2025-12-17T09:44:22+00:00\",\"breadcrumb\":{\"@id\":\"https:\/\/www.spirit-us.eu\/index.php\/produit\/bracelet-minceur-en-hawlite-bleue\/#breadcrumb\"},\"inLanguage\":\"fr-FR\",\"potentialAction\":[{\"@type\":\"ReadAction\",\"target\":[\"https:\/\/www.spirit-us.eu\/index.php\/produit\/bracelet-minceur-en-hawlite-bleue\/\"]}]},{\"@type\":\"ImageObject\",\"inLanguage\":\"fr-FR\",\"@id\":\"https:\/\/www.spirit-us.eu\/index.php\/produit\/bracelet-minceur-en-hawlite-bleue\/#primaryimage\",\"url\":\"https:\/\/www.spirit-us.eu\/wp-content\/uploads\/2025\/11\/hawlite-perles-rondes-minceur.jpeg\",\"contentUrl\":\"https:\/\/www.spirit-us.eu\/wp-content\/uploads\/2025\/11\/hawlite-perles-rondes-minceur.jpeg\",\"width\":1113,\"height\":1145},{\"@type\":\"BreadcrumbList\",\"@id\":\"https:\/\/www.spirit-us.eu\/index.php\/produit\/bracelet-minceur-en-hawlite-bleue\/#breadcrumb\",\"itemListElement\":[{\"@type\":\"ListItem\",\"position\":1,\"name\":\"Accueil\",\"item\":\"https:\/\/www.spirit-us.eu\/\"},{\"@type\":\"ListItem\",\"position\":2,\"name\":\"Boutique\",\"item\":\"https:\/\/www.spirit-us.eu\/index.php\/boutique\/\"},{\"@type\":\"ListItem\",\"position\":3,\"name\":\"BRACELET MINCEUR EN HAWLITE bleue\"}]},{\"@type\":\"WebSite\",\"@id\":\"https:\/\/www.spirit-us.eu\/#website\",\"url\":\"https:\/\/www.spirit-us.eu\/\",\"name\":\"Spirit-US\",\"description\":\"\",\"publisher\":{\"@id\":\"https:\/\/www.spirit-us.eu\/#organization\"},\"potentialAction\":[{\"@type\":\"SearchAction\",\"target\":{\"@type\":\"EntryPoint\",\"urlTemplate\":\"https:\/\/www.spirit-us.eu\/?s={search_term_string}\"},\"query-input\":{\"@type\":\"PropertyValueSpecification\",\"valueRequired\":true,\"valueName\":\"search_term_string\"}}],\"inLanguage\":\"fr-FR\"},{\"@type\":\"Organization\",\"@id\":\"https:\/\/www.spirit-us.eu\/#organization\",\"name\":\"Spirit-US\",\"url\":\"https:\/\/www.spirit-us.eu\/\",\"logo\":{\"@type\":\"ImageObject\",\"inLanguage\":\"fr-FR\",\"@id\":\"https:\/\/www.spirit-us.eu\/#\/schema\/logo\/image\/\",\"url\":\"https:\/\/www.spirit-us.eu\/wp-content\/uploads\/2025\/11\/logo-regarde-linterlocutrice-sans-arrriere-plan.jpg\",\"contentUrl\":\"https:\/\/www.spirit-us.eu\/wp-content\/uploads\/2025\/11\/logo-regarde-linterlocutrice-sans-arrriere-plan.jpg\",\"width\":1080,\"height\":1080,\"caption\":\"Spirit-US\"},\"image\":{\"@id\":\"https:\/\/www.spirit-us.eu\/#\/schema\/logo\/image\/\"},\"sameAs\":[\"https:\/\/www.facebook.com\/spirit.us.deum\"]}]}<\/script>\n<!-- \/ Yoast SEO plugin. -->","yoast_head_json":{"title":"BRACELET MINCEUR EN HAWLITE bleue - Spirit-US","robots":{"index":"index","follow":"follow","max-snippet":"max-snippet:-1","max-image-preview":"max-image-preview:large","max-video-preview":"max-video-preview:-1"},"canonical":"https:\/\/www.spirit-us.eu\/index.php\/produit\/bracelet-minceur-en-hawlite-bleue\/","og_locale":"fr_FR","og_type":"article","og_title":"BRACELET MINCEUR EN HAWLITE bleue - Spirit-US","og_description":"Offrez-vous ou offrez \u00e0 quelqu'un de tr\u00e8s sp\u00e9cial la magnifique hawlite, claire, belle et toute simple.\u00a0 La howlite bleue est r\u00e9put\u00e9e pour ses vertus apaisantes et stabilisantes, aidant \u00e0 calmer le stress, l'anxi\u00e9t\u00e9 et la col\u00e8re. Sur le plan physique, elle est la pierre par excellence pour favoriser la digestion, \u00e0 la d\u00e9toxification et \u00e0 l'\u00e9quilibre du corps, notamment en favorisant l'\u00e9limination des liquides, et aide \u00e0 renforcer les os, les ongles et les cheveux. Elle est un puissant soutien \u00e0 la minceur, car elle poss\u00e8de des propri\u00e9t\u00e9s diur\u00e9tiques et d\u00e9shydratantes qui aident \u00e0 drainer le corps et \u00e0 \u00e9liminer les toxines et les graisses. Elle participe \u00e0 l\u2019am\u00e9lioration du sommeil en apaisant le mental, favorise un sommeil r\u00e9parateur et aide \u00e0 lutter contre l'insomnie. Elle est aussi un soutien du syst\u00e8me immunitaire.\u00a0 Associ\u00e9e au chakra de la gorge, elle permet d\u2019avaler les \u00e9motions et de communiquer, d\u2019\u00e9vacuer, de d\u00e9lester les \u00e9nergies pesantes. La pierre est m\u00e9moire, elle importe les bienfaits conjugu\u00e9s de la terre et du cosmos.\u00a0 Son \u00e9nergie est toujours b\u00e9n\u00e9fique une fois que le bijou ou la simple pierre ont \u00e9t\u00e9 purifi\u00e9s.","og_url":"https:\/\/www.spirit-us.eu\/index.php\/produit\/bracelet-minceur-en-hawlite-bleue\/","og_site_name":"Spirit-US","article_publisher":"https:\/\/www.facebook.com\/spirit.us.deum","article_modified_time":"2025-12-17T09:44:22+00:00","og_image":[{"width":1113,"height":1145,"url":"https:\/\/www.spirit-us.eu\/wp-content\/uploads\/2025\/11\/hawlite-perles-rondes-minceur.jpeg","type":"image\/jpeg"}],"twitter_card":"summary_large_image","twitter_misc":{"Dur\u00e9e de lecture estim\u00e9e":"1 minute"},"schema":{"@context":"https:\/\/schema.org","@graph":[{"@type":"WebPage","@id":"https:\/\/www.spirit-us.eu\/index.php\/produit\/bracelet-minceur-en-hawlite-bleue\/","url":"https:\/\/www.spirit-us.eu\/index.php\/produit\/bracelet-minceur-en-hawlite-bleue\/","name":"BRACELET MINCEUR EN HAWLITE bleue - Spirit-US","isPartOf":{"@id":"https:\/\/www.spirit-us.eu\/#website"},"primaryImageOfPage":{"@id":"https:\/\/www.spirit-us.eu\/index.php\/produit\/bracelet-minceur-en-hawlite-bleue\/#primaryimage"},"image":{"@id":"https:\/\/www.spirit-us.eu\/index.php\/produit\/bracelet-minceur-en-hawlite-bleue\/#primaryimage"},"thumbnailUrl":"https:\/\/www.spirit-us.eu\/wp-content\/uploads\/2025\/11\/hawlite-perles-rondes-minceur.jpeg","datePublished":"2025-11-10T19:09:30+00:00","dateModified":"2025-12-17T09:44:22+00:00","breadcrumb":{"@id":"https:\/\/www.spirit-us.eu\/index.php\/produit\/bracelet-minceur-en-hawlite-bleue\/#breadcrumb"},"inLanguage":"fr-FR","potentialAction":[{"@type":"ReadAction","target":["https:\/\/www.spirit-us.eu\/index.php\/produit\/bracelet-minceur-en-hawlite-bleue\/"]}]},{"@type":"ImageObject","inLanguage":"fr-FR","@id":"https:\/\/www.spirit-us.eu\/index.php\/produit\/bracelet-minceur-en-hawlite-bleue\/#primaryimage","url":"https:\/\/www.spirit-us.eu\/wp-content\/uploads\/2025\/11\/hawlite-perles-rondes-minceur.jpeg","contentUrl":"https:\/\/www.spirit-us.eu\/wp-content\/uploads\/2025\/11\/hawlite-perles-rondes-minceur.jpeg","width":1113,"height":1145},{"@type":"BreadcrumbList","@id":"https:\/\/www.spirit-us.eu\/index.php\/produit\/bracelet-minceur-en-hawlite-bleue\/#breadcrumb","itemListElement":[{"@type":"ListItem","position":1,"name":"Accueil","item":"https:\/\/www.spirit-us.eu\/"},{"@type":"ListItem","position":2,"name":"Boutique","item":"https:\/\/www.spirit-us.eu\/index.php\/boutique\/"},{"@type":"ListItem","position":3,"name":"BRACELET MINCEUR EN HAWLITE bleue"}]},{"@type":"WebSite","@id":"https:\/\/www.spirit-us.eu\/#website","url":"https:\/\/www.spirit-us.eu\/","name":"Spirit-US","description":"","publisher":{"@id":"https:\/\/www.spirit-us.eu\/#organization"},"potentialAction":[{"@type":"SearchAction","target":{"@type":"EntryPoint","urlTemplate":"https:\/\/www.spirit-us.eu\/?s={search_term_string}"},"query-input":{"@type":"PropertyValueSpecification","valueRequired":true,"valueName":"search_term_string"}}],"inLanguage":"fr-FR"},{"@type":"Organization","@id":"https:\/\/www.spirit-us.eu\/#organization","name":"Spirit-US","url":"https:\/\/www.spirit-us.eu\/","logo":{"@type":"ImageObject","inLanguage":"fr-FR","@id":"https:\/\/www.spirit-us.eu\/#\/schema\/logo\/image\/","url":"https:\/\/www.spirit-us.eu\/wp-content\/uploads\/2025\/11\/logo-regarde-linterlocutrice-sans-arrriere-plan.jpg","contentUrl":"https:\/\/www.spirit-us.eu\/wp-content\/uploads\/2025\/11\/logo-regarde-linterlocutrice-sans-arrriere-plan.jpg","width":1080,"height":1080,"caption":"Spirit-US"},"image":{"@id":"https:\/\/www.spirit-us.eu\/#\/schema\/logo\/image\/"},"sameAs":["https:\/\/www.facebook.com\/spirit.us.deum"]}]}},"jetpack_sharing_enabled":true,"_links":{"self":[{"href":"https:\/\/www.spirit-us.eu\/index.php\/wp-json\/wp\/v2\/product\/2318","targetHints":{"allow":["GET"]}}],"collection":[{"href":"https:\/\/www.spirit-us.eu\/index.php\/wp-json\/wp\/v2\/product"}],"about":[{"href":"https:\/\/www.spirit-us.eu\/index.php\/wp-json\/wp\/v2\/types\/product"}],"replies":[{"embeddable":true,"href":"https:\/\/www.spirit-us.eu\/index.php\/wp-json\/wp\/v2\/comments?post=2318"}],"wp:featuredmedia":[{"embeddable":true,"href":"https:\/\/www.spirit-us.eu\/index.php\/wp-json\/wp\/v2\/media\/2335"}],"wp:attachment":[{"href":"https:\/\/www.spirit-us.eu\/index.php\/wp-json\/wp\/v2\/media?parent=2318"}],"wp:term":[{"taxonomy":"product_brand","embeddable":true,"href":"https:\/\/www.spirit-us.eu\/index.php\/wp-json\/wp\/v2\/product_brand?post=2318"},{"taxonomy":"product_cat","embeddable":true,"href":"https:\/\/www.spirit-us.eu\/index.php\/wp-json\/wp\/v2\/product_cat?post=2318"},{"taxonomy":"product_tag","embeddable":true,"href":"https:\/\/www.spirit-us.eu\/index.php\/wp-json\/wp\/v2\/product_tag?post=2318"},{"taxonomy":"mwb_booking_cost","embeddable":true,"href":"https:\/\/www.spirit-us.eu\/index.php\/wp-json\/wp\/v2\/mwb_booking_cost?post=2318"},{"taxonomy":"mwb_booking_service","embeddable":true,"href":"https:\/\/www.spirit-us.eu\/index.php\/wp-json\/wp\/v2\/mwb_booking_service?post=2318"}],"curies":[{"name":"wp","href":"https:\/\/api.w.org\/{rel}","templated":true}]}}