{"id":2303,"date":"2025-11-10T18:18:58","date_gmt":"2025-11-10T17:18:58","guid":{"rendered":"https:\/\/www.spirit-us.eu\/?post_type=product&#038;p=2303"},"modified":"2025-12-17T10:44:57","modified_gmt":"2025-12-17T09:44:57","slug":"bracelet-en-amazonite-regulation-organique-apaisement","status":"publish","type":"product","link":"https:\/\/www.spirit-us.eu\/index.php\/produit\/bracelet-en-amazonite-regulation-organique-apaisement\/","title":{"rendered":"BRACELET en AMAZONITE (r\u00e9gulation organique, apaisement)"},"content":{"rendered":"<p><strong>Pr\u00e9sentation\u00a0: <\/strong>bijou livr\u00e9 dans une jolie pochette de couleur proche de celle des pierres naturelles composant le bracelet et en fonction du stock<\/p>\n<p><strong>Type<\/strong> :\u00a0\u00a0bracelet simple \u2013 pierres naturelles \u00ab\u00a0boules\u00a0\u00bb de 6 mm<\/p>\n<p><strong>De facture 100% artisanale<\/strong><\/p>\n<p><strong>Pierre(s) naturelles<\/strong> :\u00a0au choix \/ vertus des pierres synergies avec bracelets en cristal de roche, en am\u00e9thyste, \u00a0en apatite bleue, ou d\u2019autres combinaisons plus audacieuses (voir la palette de nos bracelets)<\/p>\n<p><strong>Qualit\u00e9<\/strong> : AA (Tr\u00e8s \u00e9lev\u00e9e)<\/p>\n<p><strong>Couleur <\/strong>: bleu turquoise, vert tr\u00e8s clair, diff\u00e9rentes nuances dans un m\u00eame bracelet<\/p>\n<p><strong>Apparence<\/strong> : Boule \/ Polies<\/p>\n<p><strong>Diam\u00e8tre des perles\u00a0: <\/strong>6 mm<\/p>\n<p><strong>Tour de poignet<\/strong>\u00a0: 18-22\u00a0 cm<\/p>\n<p>La taille des perles peut varier de 07,5 \u00e0 08,5mm, car elles sont fabriqu\u00e9es de fa\u00e7on artisanale, ce qui explique que leur taille puisse varier.<\/p>\n<p><strong>Montage<\/strong>\u00a0: fil \u00e9lastique nylon 0,8mm transparent ou color\u00e9 selon la couleur dominante des pierres du bracelet<\/p>\n<p>Photos tous droits r\u00e9serv\u00e9s<\/p>\n<p>&nbsp;<\/p>\n","protected":false},"excerpt":{"rendered":"<p style=\"text-align: justify;\">Offrez-vous \u2013 ou offrez \u00e0 quelqu\u2019un que vous aimez ce magnifique bracelet, discret, et d\u2019une couleur sublime. La pierre est m\u00e9moire, elle enregistre les vibrations du cosmos. Un bracelet de pierre est aussi un cercle de protection, un anneau de r\u00e9sonance destin\u00e9 \u00e0 harmoniser les flux de vie entre la Terre et le Ciel. Son \u00e9nergie est toujours b\u00e9n\u00e9fique une fois que le bijou ou la simple pierre ont \u00e9t\u00e9 purifi\u00e9s. En lithoth\u00e9rapie, l&rsquo;amazonite est r\u00e9put\u00e9e pour ses vertus apaisantes, favorisant la communication et l&rsquo;\u00e9quilibre \u00e9motionnel. Elle aide \u00e0 r\u00e9duire le stress, \u00e0 dissiper les pens\u00e9es n\u00e9gatives et \u00e0 renforcer l&rsquo;expression de soi et la cr\u00e9ativit\u00e9. Sur le plan physique, on lui pr\u00eate des propri\u00e9t\u00e9s qui soutiennent le syst\u00e8me immunitaire et soulagent certaines douleurs musculaires et articulaires. Elle potentialise ses pouvoirs quasi alchimiques en synergie avec l&rsquo;apatite ou l&rsquo;am\u00e9thyste et le cristal de roche. En tant que pierre favorisant le bien-\u00eatre organique et r\u00e9duisant le stress, nous l\u2019avons incluse dans notre collection MINCEUR : chargez-la de votre intention profonde de restaurer l\u2019hom\u00e9ostasie en vous, et elle vous aidera puissamment. <a href=\"https:\/\/www.spirit-us.eu\/index.php\/notre-gamme-minceur\/\" target=\"_blank\" rel=\"noopener\">Voyez notre gamme compl\u00e8te COLLECTION MINCEUR par ici<\/a>.<\/p>\n","protected":false},"featured_media":2302,"comment_status":"open","ping_status":"closed","template":"","meta":[],"product_brand":[],"product_cat":[156,460,17],"product_tag":[348,351,350,349],"mwb_booking_cost":[],"mwb_booking_service":[],"class_list":{"0":"post-2303","1":"product","2":"type-product","3":"status-publish","4":"has-post-thumbnail","6":"product_cat-04-bijoux","7":"product_cat-bracelets","8":"product_cat-tous-les-produits","9":"product_tag-apaisement","10":"product_tag-collection-minceur","11":"product_tag-harmonisation","12":"product_tag-regulation-organique","14":"first","15":"instock","16":"shipping-taxable","17":"purchasable","18":"product-type-simple"},"yoast_head":"<!-- This site is optimized with the Yoast SEO plugin v27.1.1 - https:\/\/yoast.com\/product\/yoast-seo-wordpress\/ -->\n<title>BRACELET en AMAZONITE (r\u00e9gulation organique, apaisement) - Spirit-US<\/title>\n<meta name=\"robots\" content=\"index, follow, max-snippet:-1, max-image-preview:large, max-video-preview:-1\" \/>\n<link rel=\"canonical\" href=\"https:\/\/www.spirit-us.eu\/index.php\/produit\/bracelet-en-amazonite-regulation-organique-apaisement\/\" \/>\n<meta property=\"og:locale\" content=\"fr_FR\" \/>\n<meta property=\"og:type\" content=\"article\" \/>\n<meta property=\"og:title\" content=\"BRACELET en AMAZONITE (r\u00e9gulation organique, apaisement) - Spirit-US\" \/>\n<meta property=\"og:description\" content=\"Offrez-vous \u2013 ou offrez \u00e0 quelqu\u2019un que vous aimez ce magnifique bracelet, discret, et d\u2019une couleur sublime. La pierre est m\u00e9moire, elle enregistre les vibrations du cosmos. Un bracelet de pierre est aussi un cercle de protection, un anneau de r\u00e9sonance destin\u00e9 \u00e0 harmoniser les flux de vie entre la Terre et le Ciel. Son \u00e9nergie est toujours b\u00e9n\u00e9fique une fois que le bijou ou la simple pierre ont \u00e9t\u00e9 purifi\u00e9s. En lithoth\u00e9rapie, l&#039;amazonite est r\u00e9put\u00e9e pour ses vertus apaisantes, favorisant la communication et l&#039;\u00e9quilibre \u00e9motionnel. Elle aide \u00e0 r\u00e9duire le stress, \u00e0 dissiper les pens\u00e9es n\u00e9gatives et \u00e0 renforcer l&#039;expression de soi et la cr\u00e9ativit\u00e9. Sur le plan physique, on lui pr\u00eate des propri\u00e9t\u00e9s qui soutiennent le syst\u00e8me immunitaire et soulagent certaines douleurs musculaires et articulaires. Elle potentialise ses pouvoirs quasi alchimiques en synergie avec l&#039;apatite ou l&#039;am\u00e9thyste et le cristal de roche. En tant que pierre favorisant le bien-\u00eatre organique et r\u00e9duisant le stress, nous l\u2019avons incluse dans notre collection MINCEUR : chargez-la de votre intention profonde de restaurer l\u2019hom\u00e9ostasie en vous, et elle vous aidera puissamment. Voyez notre gamme compl\u00e8te COLLECTION MINCEUR par ici.\" \/>\n<meta property=\"og:url\" content=\"https:\/\/www.spirit-us.eu\/index.php\/produit\/bracelet-en-amazonite-regulation-organique-apaisement\/\" \/>\n<meta property=\"og:site_name\" content=\"Spirit-US\" \/>\n<meta property=\"article:publisher\" content=\"https:\/\/www.facebook.com\/spirit.us.deum\" \/>\n<meta property=\"article:modified_time\" content=\"2025-12-17T09:44:57+00:00\" \/>\n<meta property=\"og:image\" content=\"https:\/\/www.spirit-us.eu\/wp-content\/uploads\/2025\/11\/amazonite-en-situation1.png\" \/>\n\t<meta property=\"og:image:width\" content=\"1080\" \/>\n\t<meta property=\"og:image:height\" content=\"1080\" \/>\n\t<meta property=\"og:image:type\" content=\"image\/png\" \/>\n<meta name=\"twitter:card\" content=\"summary_large_image\" \/>\n<meta name=\"twitter:label1\" content=\"Dur\u00e9e de lecture estim\u00e9e\" \/>\n\t<meta name=\"twitter:data1\" content=\"1 minute\" \/>\n<script type=\"application\/ld+json\" class=\"yoast-schema-graph\">{\"@context\":\"https:\/\/schema.org\",\"@graph\":[{\"@type\":\"WebPage\",\"@id\":\"https:\/\/www.spirit-us.eu\/index.php\/produit\/bracelet-en-amazonite-regulation-organique-apaisement\/\",\"url\":\"https:\/\/www.spirit-us.eu\/index.php\/produit\/bracelet-en-amazonite-regulation-organique-apaisement\/\",\"name\":\"BRACELET en AMAZONITE (r\u00e9gulation organique, apaisement) - Spirit-US\",\"isPartOf\":{\"@id\":\"https:\/\/www.spirit-us.eu\/#website\"},\"primaryImageOfPage\":{\"@id\":\"https:\/\/www.spirit-us.eu\/index.php\/produit\/bracelet-en-amazonite-regulation-organique-apaisement\/#primaryimage\"},\"image\":{\"@id\":\"https:\/\/www.spirit-us.eu\/index.php\/produit\/bracelet-en-amazonite-regulation-organique-apaisement\/#primaryimage\"},\"thumbnailUrl\":\"https:\/\/www.spirit-us.eu\/wp-content\/uploads\/2025\/11\/amazonite-en-situation1.png\",\"datePublished\":\"2025-11-10T17:18:58+00:00\",\"dateModified\":\"2025-12-17T09:44:57+00:00\",\"breadcrumb\":{\"@id\":\"https:\/\/www.spirit-us.eu\/index.php\/produit\/bracelet-en-amazonite-regulation-organique-apaisement\/#breadcrumb\"},\"inLanguage\":\"fr-FR\",\"potentialAction\":[{\"@type\":\"ReadAction\",\"target\":[\"https:\/\/www.spirit-us.eu\/index.php\/produit\/bracelet-en-amazonite-regulation-organique-apaisement\/\"]}]},{\"@type\":\"ImageObject\",\"inLanguage\":\"fr-FR\",\"@id\":\"https:\/\/www.spirit-us.eu\/index.php\/produit\/bracelet-en-amazonite-regulation-organique-apaisement\/#primaryimage\",\"url\":\"https:\/\/www.spirit-us.eu\/wp-content\/uploads\/2025\/11\/amazonite-en-situation1.png\",\"contentUrl\":\"https:\/\/www.spirit-us.eu\/wp-content\/uploads\/2025\/11\/amazonite-en-situation1.png\",\"width\":1080,\"height\":1080},{\"@type\":\"BreadcrumbList\",\"@id\":\"https:\/\/www.spirit-us.eu\/index.php\/produit\/bracelet-en-amazonite-regulation-organique-apaisement\/#breadcrumb\",\"itemListElement\":[{\"@type\":\"ListItem\",\"position\":1,\"name\":\"Accueil\",\"item\":\"https:\/\/www.spirit-us.eu\/\"},{\"@type\":\"ListItem\",\"position\":2,\"name\":\"Boutique\",\"item\":\"https:\/\/www.spirit-us.eu\/index.php\/boutique\/\"},{\"@type\":\"ListItem\",\"position\":3,\"name\":\"BRACELET en AMAZONITE (r\u00e9gulation organique, apaisement)\"}]},{\"@type\":\"WebSite\",\"@id\":\"https:\/\/www.spirit-us.eu\/#website\",\"url\":\"https:\/\/www.spirit-us.eu\/\",\"name\":\"Spirit-US\",\"description\":\"\",\"publisher\":{\"@id\":\"https:\/\/www.spirit-us.eu\/#organization\"},\"potentialAction\":[{\"@type\":\"SearchAction\",\"target\":{\"@type\":\"EntryPoint\",\"urlTemplate\":\"https:\/\/www.spirit-us.eu\/?s={search_term_string}\"},\"query-input\":{\"@type\":\"PropertyValueSpecification\",\"valueRequired\":true,\"valueName\":\"search_term_string\"}}],\"inLanguage\":\"fr-FR\"},{\"@type\":\"Organization\",\"@id\":\"https:\/\/www.spirit-us.eu\/#organization\",\"name\":\"Spirit-US\",\"url\":\"https:\/\/www.spirit-us.eu\/\",\"logo\":{\"@type\":\"ImageObject\",\"inLanguage\":\"fr-FR\",\"@id\":\"https:\/\/www.spirit-us.eu\/#\/schema\/logo\/image\/\",\"url\":\"https:\/\/www.spirit-us.eu\/wp-content\/uploads\/2025\/11\/logo-regarde-linterlocutrice-sans-arrriere-plan.jpg\",\"contentUrl\":\"https:\/\/www.spirit-us.eu\/wp-content\/uploads\/2025\/11\/logo-regarde-linterlocutrice-sans-arrriere-plan.jpg\",\"width\":1080,\"height\":1080,\"caption\":\"Spirit-US\"},\"image\":{\"@id\":\"https:\/\/www.spirit-us.eu\/#\/schema\/logo\/image\/\"},\"sameAs\":[\"https:\/\/www.facebook.com\/spirit.us.deum\"]}]}<\/script>\n<!-- \/ Yoast SEO plugin. -->","yoast_head_json":{"title":"BRACELET en AMAZONITE (r\u00e9gulation organique, apaisement) - Spirit-US","robots":{"index":"index","follow":"follow","max-snippet":"max-snippet:-1","max-image-preview":"max-image-preview:large","max-video-preview":"max-video-preview:-1"},"canonical":"https:\/\/www.spirit-us.eu\/index.php\/produit\/bracelet-en-amazonite-regulation-organique-apaisement\/","og_locale":"fr_FR","og_type":"article","og_title":"BRACELET en AMAZONITE (r\u00e9gulation organique, apaisement) - Spirit-US","og_description":"Offrez-vous \u2013 ou offrez \u00e0 quelqu\u2019un que vous aimez ce magnifique bracelet, discret, et d\u2019une couleur sublime. La pierre est m\u00e9moire, elle enregistre les vibrations du cosmos. Un bracelet de pierre est aussi un cercle de protection, un anneau de r\u00e9sonance destin\u00e9 \u00e0 harmoniser les flux de vie entre la Terre et le Ciel. Son \u00e9nergie est toujours b\u00e9n\u00e9fique une fois que le bijou ou la simple pierre ont \u00e9t\u00e9 purifi\u00e9s. En lithoth\u00e9rapie, l'amazonite est r\u00e9put\u00e9e pour ses vertus apaisantes, favorisant la communication et l'\u00e9quilibre \u00e9motionnel. Elle aide \u00e0 r\u00e9duire le stress, \u00e0 dissiper les pens\u00e9es n\u00e9gatives et \u00e0 renforcer l'expression de soi et la cr\u00e9ativit\u00e9. Sur le plan physique, on lui pr\u00eate des propri\u00e9t\u00e9s qui soutiennent le syst\u00e8me immunitaire et soulagent certaines douleurs musculaires et articulaires. Elle potentialise ses pouvoirs quasi alchimiques en synergie avec l'apatite ou l'am\u00e9thyste et le cristal de roche. En tant que pierre favorisant le bien-\u00eatre organique et r\u00e9duisant le stress, nous l\u2019avons incluse dans notre collection MINCEUR : chargez-la de votre intention profonde de restaurer l\u2019hom\u00e9ostasie en vous, et elle vous aidera puissamment. Voyez notre gamme compl\u00e8te COLLECTION MINCEUR par ici.","og_url":"https:\/\/www.spirit-us.eu\/index.php\/produit\/bracelet-en-amazonite-regulation-organique-apaisement\/","og_site_name":"Spirit-US","article_publisher":"https:\/\/www.facebook.com\/spirit.us.deum","article_modified_time":"2025-12-17T09:44:57+00:00","og_image":[{"width":1080,"height":1080,"url":"https:\/\/www.spirit-us.eu\/wp-content\/uploads\/2025\/11\/amazonite-en-situation1.png","type":"image\/png"}],"twitter_card":"summary_large_image","twitter_misc":{"Dur\u00e9e de lecture estim\u00e9e":"1 minute"},"schema":{"@context":"https:\/\/schema.org","@graph":[{"@type":"WebPage","@id":"https:\/\/www.spirit-us.eu\/index.php\/produit\/bracelet-en-amazonite-regulation-organique-apaisement\/","url":"https:\/\/www.spirit-us.eu\/index.php\/produit\/bracelet-en-amazonite-regulation-organique-apaisement\/","name":"BRACELET en AMAZONITE (r\u00e9gulation organique, apaisement) - Spirit-US","isPartOf":{"@id":"https:\/\/www.spirit-us.eu\/#website"},"primaryImageOfPage":{"@id":"https:\/\/www.spirit-us.eu\/index.php\/produit\/bracelet-en-amazonite-regulation-organique-apaisement\/#primaryimage"},"image":{"@id":"https:\/\/www.spirit-us.eu\/index.php\/produit\/bracelet-en-amazonite-regulation-organique-apaisement\/#primaryimage"},"thumbnailUrl":"https:\/\/www.spirit-us.eu\/wp-content\/uploads\/2025\/11\/amazonite-en-situation1.png","datePublished":"2025-11-10T17:18:58+00:00","dateModified":"2025-12-17T09:44:57+00:00","breadcrumb":{"@id":"https:\/\/www.spirit-us.eu\/index.php\/produit\/bracelet-en-amazonite-regulation-organique-apaisement\/#breadcrumb"},"inLanguage":"fr-FR","potentialAction":[{"@type":"ReadAction","target":["https:\/\/www.spirit-us.eu\/index.php\/produit\/bracelet-en-amazonite-regulation-organique-apaisement\/"]}]},{"@type":"ImageObject","inLanguage":"fr-FR","@id":"https:\/\/www.spirit-us.eu\/index.php\/produit\/bracelet-en-amazonite-regulation-organique-apaisement\/#primaryimage","url":"https:\/\/www.spirit-us.eu\/wp-content\/uploads\/2025\/11\/amazonite-en-situation1.png","contentUrl":"https:\/\/www.spirit-us.eu\/wp-content\/uploads\/2025\/11\/amazonite-en-situation1.png","width":1080,"height":1080},{"@type":"BreadcrumbList","@id":"https:\/\/www.spirit-us.eu\/index.php\/produit\/bracelet-en-amazonite-regulation-organique-apaisement\/#breadcrumb","itemListElement":[{"@type":"ListItem","position":1,"name":"Accueil","item":"https:\/\/www.spirit-us.eu\/"},{"@type":"ListItem","position":2,"name":"Boutique","item":"https:\/\/www.spirit-us.eu\/index.php\/boutique\/"},{"@type":"ListItem","position":3,"name":"BRACELET en AMAZONITE (r\u00e9gulation organique, apaisement)"}]},{"@type":"WebSite","@id":"https:\/\/www.spirit-us.eu\/#website","url":"https:\/\/www.spirit-us.eu\/","name":"Spirit-US","description":"","publisher":{"@id":"https:\/\/www.spirit-us.eu\/#organization"},"potentialAction":[{"@type":"SearchAction","target":{"@type":"EntryPoint","urlTemplate":"https:\/\/www.spirit-us.eu\/?s={search_term_string}"},"query-input":{"@type":"PropertyValueSpecification","valueRequired":true,"valueName":"search_term_string"}}],"inLanguage":"fr-FR"},{"@type":"Organization","@id":"https:\/\/www.spirit-us.eu\/#organization","name":"Spirit-US","url":"https:\/\/www.spirit-us.eu\/","logo":{"@type":"ImageObject","inLanguage":"fr-FR","@id":"https:\/\/www.spirit-us.eu\/#\/schema\/logo\/image\/","url":"https:\/\/www.spirit-us.eu\/wp-content\/uploads\/2025\/11\/logo-regarde-linterlocutrice-sans-arrriere-plan.jpg","contentUrl":"https:\/\/www.spirit-us.eu\/wp-content\/uploads\/2025\/11\/logo-regarde-linterlocutrice-sans-arrriere-plan.jpg","width":1080,"height":1080,"caption":"Spirit-US"},"image":{"@id":"https:\/\/www.spirit-us.eu\/#\/schema\/logo\/image\/"},"sameAs":["https:\/\/www.facebook.com\/spirit.us.deum"]}]}},"jetpack_sharing_enabled":true,"_links":{"self":[{"href":"https:\/\/www.spirit-us.eu\/index.php\/wp-json\/wp\/v2\/product\/2303","targetHints":{"allow":["GET"]}}],"collection":[{"href":"https:\/\/www.spirit-us.eu\/index.php\/wp-json\/wp\/v2\/product"}],"about":[{"href":"https:\/\/www.spirit-us.eu\/index.php\/wp-json\/wp\/v2\/types\/product"}],"replies":[{"embeddable":true,"href":"https:\/\/www.spirit-us.eu\/index.php\/wp-json\/wp\/v2\/comments?post=2303"}],"wp:featuredmedia":[{"embeddable":true,"href":"https:\/\/www.spirit-us.eu\/index.php\/wp-json\/wp\/v2\/media\/2302"}],"wp:attachment":[{"href":"https:\/\/www.spirit-us.eu\/index.php\/wp-json\/wp\/v2\/media?parent=2303"}],"wp:term":[{"taxonomy":"product_brand","embeddable":true,"href":"https:\/\/www.spirit-us.eu\/index.php\/wp-json\/wp\/v2\/product_brand?post=2303"},{"taxonomy":"product_cat","embeddable":true,"href":"https:\/\/www.spirit-us.eu\/index.php\/wp-json\/wp\/v2\/product_cat?post=2303"},{"taxonomy":"product_tag","embeddable":true,"href":"https:\/\/www.spirit-us.eu\/index.php\/wp-json\/wp\/v2\/product_tag?post=2303"},{"taxonomy":"mwb_booking_cost","embeddable":true,"href":"https:\/\/www.spirit-us.eu\/index.php\/wp-json\/wp\/v2\/mwb_booking_cost?post=2303"},{"taxonomy":"mwb_booking_service","embeddable":true,"href":"https:\/\/www.spirit-us.eu\/index.php\/wp-json\/wp\/v2\/mwb_booking_service?post=2303"}],"curies":[{"name":"wp","href":"https:\/\/api.w.org\/{rel}","templated":true}]}}