{"id":2271,"date":"2025-11-10T09:16:39","date_gmt":"2025-11-10T08:16:39","guid":{"rendered":"https:\/\/www.spirit-us.eu\/?post_type=product&#038;p=2271"},"modified":"2025-12-17T14:45:49","modified_gmt":"2025-12-17T13:45:49","slug":"collier-dattraction-magnetite-cristal-de-roche","status":"publish","type":"product","link":"https:\/\/www.spirit-us.eu\/index.php\/produit\/collier-dattraction-magnetite-cristal-de-roche\/","title":{"rendered":"Collier d&rsquo;attraction  : MAGNETITE &#038; CRISTAL DE ROCHE"},"content":{"rendered":"<p><strong>Pr\u00e9sentation\u00a0: <\/strong>bijou livr\u00e9 dans une jolie pochette de couleur , en velours ou en satin (en fonction du stock)<\/p>\n<p><strong>Livr\u00e9 b\u00e9ni sur demande et intention\u00a0: <\/strong>il vous est possible de demander un pentacle de protection \u2013 dans ce cas, \u00e9crivez-nous et consultez notre onglet \u00ab Pentacles \u00bb : ce collier peut se porter avec un pentacle de la Purification spirituelle<\/p>\n<p><strong>Type<\/strong> :\u00a0 collier en perles baroques \u2013 pierres naturelles : cristal de orche 0,5 \u00e0 1 cm de largeur &amp; perles polies et bizeaut\u00e9es en magn\u00e9tite (gris fonc\u00e9) de 8 mm de hauteur \/ 2 mm de largeur \/ chaque perle est s\u00e9par\u00e9e par une micro perle sph\u00e9rique du plus joli effet en m\u00e9tal qui potentialise l&rsquo;effet magn\u00e9tique de ce collier<\/p>\n<p><strong>De facture 100% artisanale<\/strong><\/p>\n<p><strong>Qualit\u00e9<\/strong> : AA (Tr\u00e8s \u00e9lev\u00e9e)<\/p>\n<p><strong>Couleur <\/strong>: blanc, argent et gris fonc\u00e9 (chatoyant \u00e0 la lumi\u00e8re)<\/p>\n<p><strong>Apparence<\/strong> : Boule \/ Polies et baroques (ovale l\u00e9g\u00e8rement irr\u00e9gulier)<\/p>\n<p><strong>Longueur<\/strong>\u00a0: 94\u00a0 cm<\/p>\n<p>*La taille des perles peut varier de 07,5 \u00e0 08,5mm.<\/p>\n<p>Les perles sont fabriqu\u00e9es de fa\u00e7on artisanale, ce qui explique que leur taille puisse varier de +\/- 0.5mm.<\/p>\n<p><strong>Montage<\/strong> : Fil m\u00e9tallique 0,8mm<\/p>\n<p>Photos tous droits r\u00e9serv\u00e9s<\/p>\n","protected":false},"excerpt":{"rendered":"<p>Ce collier est tr\u00e8s particulier : il est magn\u00e9tique, donc il active la loi de l&rsquo;attraction bonne et b\u00e9n\u00e9fique; il allie la couleur gris-fonc\u00e9 de la magn\u00e9tite au magnifique cristal de roche, signe de spiritualit\u00e9, de lien avec la Conscience pure de l&rsquo;Univers. Le cristal de roche doit son nom au terme Grec <em>krystallos<\/em>, la glace, en r\u00e9f\u00e9rence \u00e0 sa transparence cristalline. On s&rsquo;en sert \u00e0 des fins m\u00e9dicinales, spirituelles, \u00e9sot\u00e9riques et rituelles. Il \u00e9tait consid\u00e9r\u00e9 comme une pierre sacr\u00e9e aux pouvoirs magiques et curatifs permettant de communiquer avec les Dieux, les esprits et les guides spirituels. Le Cristal de roche est utilis\u00e9 depuis des milliers d&rsquo;ann\u00e9es pour fabriquer des outils de divination et de voyance tels que des boules de Cristal ou des pendules par exemple. Le Cristal de roche contient les \u00ab\u00a0m\u00e9moires collectives de la terre\u00a0\u00bb, c&rsquo;est-\u00e0-dire qu&rsquo;il stocke l&rsquo;ensemble des connaissances et des \u00e9v\u00e9nements qui se sont produits depuis le d\u00e9but de l&rsquo;humanit\u00e9. Le cristal de roche est consid\u00e9r\u00e9 comme un purificateur et un amplificateur d&rsquo;\u00e9nergie puissant. \u00c0 la fois \u00e9metteur et r\u00e9cepteur, il permet de programmer, d&rsquo;activer et de recharger d&rsquo;autres cristaux, d&rsquo;activer les chakras, il favorise la t\u00e9l\u00e9pathie, facilite la m\u00e9ditation et accroit la clairvoyance. Il symbolise la puret\u00e9 de la conscience originelle et ascensionn\u00e9e. Mari\u00e9 \u00e0 la magn\u00e9tite, il attire toutes ces vertus sur la personne qui porte ce bijou tr\u00e8s particulier. La particularit\u00e9 de ce collier est aussi de n&rsquo;avoir pas de fermoir : on peut ainsi le porter en cravate, en bracelet ou en tour de cou. Nous le d\u00e9clinons en trois couleurs : rouge, violet (am\u00e9thyste) et blanc (cristal de roche).<\/p>\n","protected":false},"featured_media":2272,"comment_status":"open","ping_status":"closed","template":"","meta":[],"product_brand":[],"product_cat":[156,462,17],"product_tag":[275,347,188,346,345,218],"mwb_booking_cost":[],"mwb_booking_service":[],"class_list":{"0":"post-2271","1":"product","2":"type-product","3":"status-publish","4":"has-post-thumbnail","6":"product_cat-04-bijoux","7":"product_cat-006-colliers","8":"product_cat-tous-les-produits","9":"product_tag-attraction","10":"product_tag-chakra-de-letoile-de-lame","11":"product_tag-chakras-collection","12":"product_tag-conscience","13":"product_tag-purete","14":"product_tag-spiritualite","16":"first","17":"instock","18":"shipping-taxable","19":"purchasable","20":"product-type-simple"},"yoast_head":"<!-- This site is optimized with the Yoast SEO plugin v27.1.1 - https:\/\/yoast.com\/product\/yoast-seo-wordpress\/ -->\n<title>Collier d&#039;attraction : MAGNETITE &amp; CRISTAL DE ROCHE - Spirit-US<\/title>\n<meta name=\"robots\" content=\"index, follow, max-snippet:-1, max-image-preview:large, max-video-preview:-1\" \/>\n<link rel=\"canonical\" href=\"https:\/\/www.spirit-us.eu\/index.php\/produit\/collier-dattraction-magnetite-cristal-de-roche\/\" \/>\n<meta property=\"og:locale\" content=\"fr_FR\" \/>\n<meta property=\"og:type\" content=\"article\" \/>\n<meta property=\"og:title\" content=\"Collier d&#039;attraction : MAGNETITE &amp; CRISTAL DE ROCHE - Spirit-US\" \/>\n<meta property=\"og:description\" content=\"Ce collier est tr\u00e8s particulier : il est magn\u00e9tique, donc il active la loi de l&#039;attraction bonne et b\u00e9n\u00e9fique; il allie la couleur gris-fonc\u00e9 de la magn\u00e9tite au magnifique cristal de roche, signe de spiritualit\u00e9, de lien avec la Conscience pure de l&#039;Univers. Le cristal de roche doit son nom au terme Grec krystallos, la glace, en r\u00e9f\u00e9rence \u00e0 sa transparence cristalline. On s&#039;en sert \u00e0 des fins m\u00e9dicinales, spirituelles, \u00e9sot\u00e9riques et rituelles. Il \u00e9tait consid\u00e9r\u00e9 comme une pierre sacr\u00e9e aux pouvoirs magiques et curatifs permettant de communiquer avec les Dieux, les esprits et les guides spirituels. Le Cristal de roche est utilis\u00e9 depuis des milliers d&#039;ann\u00e9es pour fabriquer des outils de divination et de voyance tels que des boules de Cristal ou des pendules par exemple. Le Cristal de roche contient les &quot;m\u00e9moires collectives de la terre&quot;, c&#039;est-\u00e0-dire qu&#039;il stocke l&#039;ensemble des connaissances et des \u00e9v\u00e9nements qui se sont produits depuis le d\u00e9but de l&#039;humanit\u00e9. Le cristal de roche est consid\u00e9r\u00e9 comme un purificateur et un amplificateur d&#039;\u00e9nergie puissant. \u00c0 la fois \u00e9metteur et r\u00e9cepteur, il permet de programmer, d&#039;activer et de recharger d&#039;autres cristaux, d&#039;activer les chakras, il favorise la t\u00e9l\u00e9pathie, facilite la m\u00e9ditation et accroit la clairvoyance. Il symbolise la puret\u00e9 de la conscience originelle et ascensionn\u00e9e. Mari\u00e9 \u00e0 la magn\u00e9tite, il attire toutes ces vertus sur la personne qui porte ce bijou tr\u00e8s particulier. La particularit\u00e9 de ce collier est aussi de n&#039;avoir pas de fermoir : on peut ainsi le porter en cravate, en bracelet ou en tour de cou. Nous le d\u00e9clinons en trois couleurs : rouge, violet (am\u00e9thyste) et blanc (cristal de roche).\" \/>\n<meta property=\"og:url\" content=\"https:\/\/www.spirit-us.eu\/index.php\/produit\/collier-dattraction-magnetite-cristal-de-roche\/\" \/>\n<meta property=\"og:site_name\" content=\"Spirit-US\" \/>\n<meta property=\"article:publisher\" content=\"https:\/\/www.facebook.com\/spirit.us.deum\" \/>\n<meta property=\"article:modified_time\" content=\"2025-12-17T13:45:49+00:00\" \/>\n<meta property=\"og:image\" content=\"https:\/\/www.spirit-us.eu\/wp-content\/uploads\/2025\/11\/cristal-de-roche-magnetite1.png\" \/>\n\t<meta property=\"og:image:width\" content=\"1080\" \/>\n\t<meta property=\"og:image:height\" content=\"1080\" \/>\n\t<meta property=\"og:image:type\" content=\"image\/png\" \/>\n<meta name=\"twitter:card\" content=\"summary_large_image\" \/>\n<meta name=\"twitter:label1\" content=\"Dur\u00e9e de lecture estim\u00e9e\" \/>\n\t<meta name=\"twitter:data1\" content=\"1 minute\" \/>\n<script type=\"application\/ld+json\" class=\"yoast-schema-graph\">{\"@context\":\"https:\/\/schema.org\",\"@graph\":[{\"@type\":\"WebPage\",\"@id\":\"https:\/\/www.spirit-us.eu\/index.php\/produit\/collier-dattraction-magnetite-cristal-de-roche\/\",\"url\":\"https:\/\/www.spirit-us.eu\/index.php\/produit\/collier-dattraction-magnetite-cristal-de-roche\/\",\"name\":\"Collier d'attraction : MAGNETITE & CRISTAL DE ROCHE - Spirit-US\",\"isPartOf\":{\"@id\":\"https:\/\/www.spirit-us.eu\/#website\"},\"primaryImageOfPage\":{\"@id\":\"https:\/\/www.spirit-us.eu\/index.php\/produit\/collier-dattraction-magnetite-cristal-de-roche\/#primaryimage\"},\"image\":{\"@id\":\"https:\/\/www.spirit-us.eu\/index.php\/produit\/collier-dattraction-magnetite-cristal-de-roche\/#primaryimage\"},\"thumbnailUrl\":\"https:\/\/www.spirit-us.eu\/wp-content\/uploads\/2025\/11\/cristal-de-roche-magnetite1.png\",\"datePublished\":\"2025-11-10T08:16:39+00:00\",\"dateModified\":\"2025-12-17T13:45:49+00:00\",\"breadcrumb\":{\"@id\":\"https:\/\/www.spirit-us.eu\/index.php\/produit\/collier-dattraction-magnetite-cristal-de-roche\/#breadcrumb\"},\"inLanguage\":\"fr-FR\",\"potentialAction\":[{\"@type\":\"ReadAction\",\"target\":[\"https:\/\/www.spirit-us.eu\/index.php\/produit\/collier-dattraction-magnetite-cristal-de-roche\/\"]}]},{\"@type\":\"ImageObject\",\"inLanguage\":\"fr-FR\",\"@id\":\"https:\/\/www.spirit-us.eu\/index.php\/produit\/collier-dattraction-magnetite-cristal-de-roche\/#primaryimage\",\"url\":\"https:\/\/www.spirit-us.eu\/wp-content\/uploads\/2025\/11\/cristal-de-roche-magnetite1.png\",\"contentUrl\":\"https:\/\/www.spirit-us.eu\/wp-content\/uploads\/2025\/11\/cristal-de-roche-magnetite1.png\",\"width\":1080,\"height\":1080},{\"@type\":\"BreadcrumbList\",\"@id\":\"https:\/\/www.spirit-us.eu\/index.php\/produit\/collier-dattraction-magnetite-cristal-de-roche\/#breadcrumb\",\"itemListElement\":[{\"@type\":\"ListItem\",\"position\":1,\"name\":\"Accueil\",\"item\":\"https:\/\/www.spirit-us.eu\/\"},{\"@type\":\"ListItem\",\"position\":2,\"name\":\"Boutique\",\"item\":\"https:\/\/www.spirit-us.eu\/index.php\/boutique\/\"},{\"@type\":\"ListItem\",\"position\":3,\"name\":\"Collier d&rsquo;attraction : MAGNETITE &#038; CRISTAL DE ROCHE\"}]},{\"@type\":\"WebSite\",\"@id\":\"https:\/\/www.spirit-us.eu\/#website\",\"url\":\"https:\/\/www.spirit-us.eu\/\",\"name\":\"Spirit-US\",\"description\":\"\",\"publisher\":{\"@id\":\"https:\/\/www.spirit-us.eu\/#organization\"},\"potentialAction\":[{\"@type\":\"SearchAction\",\"target\":{\"@type\":\"EntryPoint\",\"urlTemplate\":\"https:\/\/www.spirit-us.eu\/?s={search_term_string}\"},\"query-input\":{\"@type\":\"PropertyValueSpecification\",\"valueRequired\":true,\"valueName\":\"search_term_string\"}}],\"inLanguage\":\"fr-FR\"},{\"@type\":\"Organization\",\"@id\":\"https:\/\/www.spirit-us.eu\/#organization\",\"name\":\"Spirit-US\",\"url\":\"https:\/\/www.spirit-us.eu\/\",\"logo\":{\"@type\":\"ImageObject\",\"inLanguage\":\"fr-FR\",\"@id\":\"https:\/\/www.spirit-us.eu\/#\/schema\/logo\/image\/\",\"url\":\"https:\/\/www.spirit-us.eu\/wp-content\/uploads\/2025\/11\/logo-regarde-linterlocutrice-sans-arrriere-plan.jpg\",\"contentUrl\":\"https:\/\/www.spirit-us.eu\/wp-content\/uploads\/2025\/11\/logo-regarde-linterlocutrice-sans-arrriere-plan.jpg\",\"width\":1080,\"height\":1080,\"caption\":\"Spirit-US\"},\"image\":{\"@id\":\"https:\/\/www.spirit-us.eu\/#\/schema\/logo\/image\/\"},\"sameAs\":[\"https:\/\/www.facebook.com\/spirit.us.deum\"]}]}<\/script>\n<!-- \/ Yoast SEO plugin. -->","yoast_head_json":{"title":"Collier d'attraction : MAGNETITE & CRISTAL DE ROCHE - Spirit-US","robots":{"index":"index","follow":"follow","max-snippet":"max-snippet:-1","max-image-preview":"max-image-preview:large","max-video-preview":"max-video-preview:-1"},"canonical":"https:\/\/www.spirit-us.eu\/index.php\/produit\/collier-dattraction-magnetite-cristal-de-roche\/","og_locale":"fr_FR","og_type":"article","og_title":"Collier d'attraction : MAGNETITE & CRISTAL DE ROCHE - Spirit-US","og_description":"Ce collier est tr\u00e8s particulier : il est magn\u00e9tique, donc il active la loi de l'attraction bonne et b\u00e9n\u00e9fique; il allie la couleur gris-fonc\u00e9 de la magn\u00e9tite au magnifique cristal de roche, signe de spiritualit\u00e9, de lien avec la Conscience pure de l'Univers. Le cristal de roche doit son nom au terme Grec krystallos, la glace, en r\u00e9f\u00e9rence \u00e0 sa transparence cristalline. On s'en sert \u00e0 des fins m\u00e9dicinales, spirituelles, \u00e9sot\u00e9riques et rituelles. Il \u00e9tait consid\u00e9r\u00e9 comme une pierre sacr\u00e9e aux pouvoirs magiques et curatifs permettant de communiquer avec les Dieux, les esprits et les guides spirituels. Le Cristal de roche est utilis\u00e9 depuis des milliers d'ann\u00e9es pour fabriquer des outils de divination et de voyance tels que des boules de Cristal ou des pendules par exemple. Le Cristal de roche contient les \"m\u00e9moires collectives de la terre\", c'est-\u00e0-dire qu'il stocke l'ensemble des connaissances et des \u00e9v\u00e9nements qui se sont produits depuis le d\u00e9but de l'humanit\u00e9. Le cristal de roche est consid\u00e9r\u00e9 comme un purificateur et un amplificateur d'\u00e9nergie puissant. \u00c0 la fois \u00e9metteur et r\u00e9cepteur, il permet de programmer, d'activer et de recharger d'autres cristaux, d'activer les chakras, il favorise la t\u00e9l\u00e9pathie, facilite la m\u00e9ditation et accroit la clairvoyance. Il symbolise la puret\u00e9 de la conscience originelle et ascensionn\u00e9e. Mari\u00e9 \u00e0 la magn\u00e9tite, il attire toutes ces vertus sur la personne qui porte ce bijou tr\u00e8s particulier. La particularit\u00e9 de ce collier est aussi de n'avoir pas de fermoir : on peut ainsi le porter en cravate, en bracelet ou en tour de cou. Nous le d\u00e9clinons en trois couleurs : rouge, violet (am\u00e9thyste) et blanc (cristal de roche).","og_url":"https:\/\/www.spirit-us.eu\/index.php\/produit\/collier-dattraction-magnetite-cristal-de-roche\/","og_site_name":"Spirit-US","article_publisher":"https:\/\/www.facebook.com\/spirit.us.deum","article_modified_time":"2025-12-17T13:45:49+00:00","og_image":[{"width":1080,"height":1080,"url":"https:\/\/www.spirit-us.eu\/wp-content\/uploads\/2025\/11\/cristal-de-roche-magnetite1.png","type":"image\/png"}],"twitter_card":"summary_large_image","twitter_misc":{"Dur\u00e9e de lecture estim\u00e9e":"1 minute"},"schema":{"@context":"https:\/\/schema.org","@graph":[{"@type":"WebPage","@id":"https:\/\/www.spirit-us.eu\/index.php\/produit\/collier-dattraction-magnetite-cristal-de-roche\/","url":"https:\/\/www.spirit-us.eu\/index.php\/produit\/collier-dattraction-magnetite-cristal-de-roche\/","name":"Collier d'attraction : MAGNETITE & CRISTAL DE ROCHE - Spirit-US","isPartOf":{"@id":"https:\/\/www.spirit-us.eu\/#website"},"primaryImageOfPage":{"@id":"https:\/\/www.spirit-us.eu\/index.php\/produit\/collier-dattraction-magnetite-cristal-de-roche\/#primaryimage"},"image":{"@id":"https:\/\/www.spirit-us.eu\/index.php\/produit\/collier-dattraction-magnetite-cristal-de-roche\/#primaryimage"},"thumbnailUrl":"https:\/\/www.spirit-us.eu\/wp-content\/uploads\/2025\/11\/cristal-de-roche-magnetite1.png","datePublished":"2025-11-10T08:16:39+00:00","dateModified":"2025-12-17T13:45:49+00:00","breadcrumb":{"@id":"https:\/\/www.spirit-us.eu\/index.php\/produit\/collier-dattraction-magnetite-cristal-de-roche\/#breadcrumb"},"inLanguage":"fr-FR","potentialAction":[{"@type":"ReadAction","target":["https:\/\/www.spirit-us.eu\/index.php\/produit\/collier-dattraction-magnetite-cristal-de-roche\/"]}]},{"@type":"ImageObject","inLanguage":"fr-FR","@id":"https:\/\/www.spirit-us.eu\/index.php\/produit\/collier-dattraction-magnetite-cristal-de-roche\/#primaryimage","url":"https:\/\/www.spirit-us.eu\/wp-content\/uploads\/2025\/11\/cristal-de-roche-magnetite1.png","contentUrl":"https:\/\/www.spirit-us.eu\/wp-content\/uploads\/2025\/11\/cristal-de-roche-magnetite1.png","width":1080,"height":1080},{"@type":"BreadcrumbList","@id":"https:\/\/www.spirit-us.eu\/index.php\/produit\/collier-dattraction-magnetite-cristal-de-roche\/#breadcrumb","itemListElement":[{"@type":"ListItem","position":1,"name":"Accueil","item":"https:\/\/www.spirit-us.eu\/"},{"@type":"ListItem","position":2,"name":"Boutique","item":"https:\/\/www.spirit-us.eu\/index.php\/boutique\/"},{"@type":"ListItem","position":3,"name":"Collier d&rsquo;attraction : MAGNETITE &#038; CRISTAL DE ROCHE"}]},{"@type":"WebSite","@id":"https:\/\/www.spirit-us.eu\/#website","url":"https:\/\/www.spirit-us.eu\/","name":"Spirit-US","description":"","publisher":{"@id":"https:\/\/www.spirit-us.eu\/#organization"},"potentialAction":[{"@type":"SearchAction","target":{"@type":"EntryPoint","urlTemplate":"https:\/\/www.spirit-us.eu\/?s={search_term_string}"},"query-input":{"@type":"PropertyValueSpecification","valueRequired":true,"valueName":"search_term_string"}}],"inLanguage":"fr-FR"},{"@type":"Organization","@id":"https:\/\/www.spirit-us.eu\/#organization","name":"Spirit-US","url":"https:\/\/www.spirit-us.eu\/","logo":{"@type":"ImageObject","inLanguage":"fr-FR","@id":"https:\/\/www.spirit-us.eu\/#\/schema\/logo\/image\/","url":"https:\/\/www.spirit-us.eu\/wp-content\/uploads\/2025\/11\/logo-regarde-linterlocutrice-sans-arrriere-plan.jpg","contentUrl":"https:\/\/www.spirit-us.eu\/wp-content\/uploads\/2025\/11\/logo-regarde-linterlocutrice-sans-arrriere-plan.jpg","width":1080,"height":1080,"caption":"Spirit-US"},"image":{"@id":"https:\/\/www.spirit-us.eu\/#\/schema\/logo\/image\/"},"sameAs":["https:\/\/www.facebook.com\/spirit.us.deum"]}]}},"jetpack_sharing_enabled":true,"_links":{"self":[{"href":"https:\/\/www.spirit-us.eu\/index.php\/wp-json\/wp\/v2\/product\/2271","targetHints":{"allow":["GET"]}}],"collection":[{"href":"https:\/\/www.spirit-us.eu\/index.php\/wp-json\/wp\/v2\/product"}],"about":[{"href":"https:\/\/www.spirit-us.eu\/index.php\/wp-json\/wp\/v2\/types\/product"}],"replies":[{"embeddable":true,"href":"https:\/\/www.spirit-us.eu\/index.php\/wp-json\/wp\/v2\/comments?post=2271"}],"wp:featuredmedia":[{"embeddable":true,"href":"https:\/\/www.spirit-us.eu\/index.php\/wp-json\/wp\/v2\/media\/2272"}],"wp:attachment":[{"href":"https:\/\/www.spirit-us.eu\/index.php\/wp-json\/wp\/v2\/media?parent=2271"}],"wp:term":[{"taxonomy":"product_brand","embeddable":true,"href":"https:\/\/www.spirit-us.eu\/index.php\/wp-json\/wp\/v2\/product_brand?post=2271"},{"taxonomy":"product_cat","embeddable":true,"href":"https:\/\/www.spirit-us.eu\/index.php\/wp-json\/wp\/v2\/product_cat?post=2271"},{"taxonomy":"product_tag","embeddable":true,"href":"https:\/\/www.spirit-us.eu\/index.php\/wp-json\/wp\/v2\/product_tag?post=2271"},{"taxonomy":"mwb_booking_cost","embeddable":true,"href":"https:\/\/www.spirit-us.eu\/index.php\/wp-json\/wp\/v2\/mwb_booking_cost?post=2271"},{"taxonomy":"mwb_booking_service","embeddable":true,"href":"https:\/\/www.spirit-us.eu\/index.php\/wp-json\/wp\/v2\/mwb_booking_service?post=2271"}],"curies":[{"name":"wp","href":"https:\/\/api.w.org\/{rel}","templated":true}]}}