{"id":2264,"date":"2025-11-10T08:40:22","date_gmt":"2025-11-10T07:40:22","guid":{"rendered":"https:\/\/www.spirit-us.eu\/?post_type=product&#038;p=2264"},"modified":"2025-12-17T14:46:35","modified_gmt":"2025-12-17T13:46:35","slug":"collier-dattraction-vitalite-sante-magnetite-agate-rouge","status":"publish","type":"product","link":"https:\/\/www.spirit-us.eu\/index.php\/produit\/collier-dattraction-vitalite-sante-magnetite-agate-rouge\/","title":{"rendered":"Collier d&rsquo;attraction \/ vitalit\u00e9, sant\u00e9 : MAGNETITE &#038; AGATE ROUGE"},"content":{"rendered":"<p><strong>Pr\u00e9sentation\u00a0: <\/strong>bijou livr\u00e9 dans une jolie pochette de couleur , en velours ou en satin (en fonction du stock)<\/p>\n<p><strong>Livr\u00e9 b\u00e9ni sur demande et intention\u00a0: <\/strong>il vous est possible de demander un pentacle de protection \u2013 dans ce cas, \u00e9crivez-nous et consultez notre onglet \u00ab Pentacles \u00bb : ce collier peut se porter avec un pentacle de la colombe au saint Graal, pour contrer les maladies de sang, par exemple<\/p>\n<p><strong>Type<\/strong> :\u00a0 collier en perles baroques \u2013 pierres naturelles agate rouge 0,5 \u00e0 1 cm de largeur &amp; perles polies et bizeaut\u00e9e en magn\u00e9tite (gris fonc\u00e9) de 8 mm de hauteur \/ 2 mm de largeur \/ chaque perle est s\u00e9par\u00e9e par une micro perle sph\u00e9rique du plus joli effet en m\u00e9tal qui potentialise l&rsquo;effet magn\u00e9tique de ce collier<\/p>\n<p><strong>De facture 100% artisanale<\/strong><\/p>\n<p><strong>Qualit\u00e9<\/strong> : AA (Tr\u00e8s \u00e9lev\u00e9e)<\/p>\n<p><strong>Couleur <\/strong>: rouge, argent et gris fonc\u00e9 (chatoyant \u00e0 la lumi\u00e8re)<\/p>\n<p><strong>Apparence<\/strong> : Boule \/ Polies et baroques (ovale l\u00e9g\u00e8rement irr\u00e9gulier)<\/p>\n<p><strong>Longueur<\/strong>\u00a0: 94\u00a0 cm<\/p>\n<p>*La taille des perles peut varier de 07,5 \u00e0 08,5mm.<\/p>\n<p>Les perles sont fabriqu\u00e9es de fa\u00e7on artisanale, ce qui explique que leur taille puisse varier de +\/- 0.5mm.<\/p>\n<p><strong>Montage<\/strong> : Fil m\u00e9tallique 0,8mm<\/p>\n<p>Photos tous droits r\u00e9serv\u00e9s<\/p>\n","protected":false},"excerpt":{"rendered":"<p style=\"text-align: justify;\">Ce collier est tr\u00e8s particulier : il est magn\u00e9tique, donc il active la loi de l&rsquo;attraction bonne et b\u00e9n\u00e9fique; il allie la couleur gris-fonc\u00e9 de la magn\u00e9tite \u00e0 la splendide agate rouge, signe de bonne sant\u00e9 notamment sanguine, de vitalit\u00e9 ou de restauration \u00e9nerg\u00e9tique apr\u00e8s une phase difficile. Sa particularit\u00e9 est aussi de n&rsquo;avoir pas de fermoir : on peut ainsi le porter en cravate, en bracelet ou en tour de cou. Nous le d\u00e9clinons en trois couleurs : rouge, violet (am\u00e9thyste) et blanc (cristal de roche).<\/p>\n","protected":false},"featured_media":2265,"comment_status":"open","ping_status":"closed","template":"","meta":[],"product_brand":[],"product_cat":[156,462,17],"product_tag":[275,344,343,289],"mwb_booking_cost":[],"mwb_booking_service":[],"class_list":{"0":"post-2264","1":"product","2":"type-product","3":"status-publish","4":"has-post-thumbnail","6":"product_cat-04-bijoux","7":"product_cat-006-colliers","8":"product_cat-tous-les-produits","9":"product_tag-attraction","10":"product_tag-sang-pur","11":"product_tag-sante","12":"product_tag-vitalite","14":"first","15":"instock","16":"shipping-taxable","17":"purchasable","18":"product-type-simple"},"yoast_head":"<!-- This site is optimized with the Yoast SEO plugin v27.1.1 - https:\/\/yoast.com\/product\/yoast-seo-wordpress\/ -->\n<title>Collier d&#039;attraction \/ vitalit\u00e9, sant\u00e9 : MAGNETITE &amp; AGATE ROUGE - Spirit-US<\/title>\n<meta name=\"robots\" content=\"index, follow, max-snippet:-1, max-image-preview:large, max-video-preview:-1\" \/>\n<link rel=\"canonical\" href=\"https:\/\/www.spirit-us.eu\/index.php\/produit\/collier-dattraction-vitalite-sante-magnetite-agate-rouge\/\" \/>\n<meta property=\"og:locale\" content=\"fr_FR\" \/>\n<meta property=\"og:type\" content=\"article\" \/>\n<meta property=\"og:title\" content=\"Collier d&#039;attraction \/ vitalit\u00e9, sant\u00e9 : MAGNETITE &amp; AGATE ROUGE - Spirit-US\" \/>\n<meta property=\"og:description\" content=\"Ce collier est tr\u00e8s particulier : il est magn\u00e9tique, donc il active la loi de l&#039;attraction bonne et b\u00e9n\u00e9fique; il allie la couleur gris-fonc\u00e9 de la magn\u00e9tite \u00e0 la splendide agate rouge, signe de bonne sant\u00e9 notamment sanguine, de vitalit\u00e9 ou de restauration \u00e9nerg\u00e9tique apr\u00e8s une phase difficile. Sa particularit\u00e9 est aussi de n&#039;avoir pas de fermoir : on peut ainsi le porter en cravate, en bracelet ou en tour de cou. Nous le d\u00e9clinons en trois couleurs : rouge, violet (am\u00e9thyste) et blanc (cristal de roche).\" \/>\n<meta property=\"og:url\" content=\"https:\/\/www.spirit-us.eu\/index.php\/produit\/collier-dattraction-vitalite-sante-magnetite-agate-rouge\/\" \/>\n<meta property=\"og:site_name\" content=\"Spirit-US\" \/>\n<meta property=\"article:publisher\" content=\"https:\/\/www.facebook.com\/spirit.us.deum\" \/>\n<meta property=\"article:modified_time\" content=\"2025-12-17T13:46:35+00:00\" \/>\n<meta property=\"og:image\" content=\"https:\/\/www.spirit-us.eu\/wp-content\/uploads\/2025\/11\/collier-magnetite-rouge-image-produit-1.png\" \/>\n\t<meta property=\"og:image:width\" content=\"1080\" \/>\n\t<meta property=\"og:image:height\" content=\"1080\" \/>\n\t<meta property=\"og:image:type\" content=\"image\/png\" \/>\n<meta name=\"twitter:card\" content=\"summary_large_image\" \/>\n<meta name=\"twitter:label1\" content=\"Dur\u00e9e de lecture estim\u00e9e\" \/>\n\t<meta name=\"twitter:data1\" content=\"1 minute\" \/>\n<script type=\"application\/ld+json\" class=\"yoast-schema-graph\">{\"@context\":\"https:\/\/schema.org\",\"@graph\":[{\"@type\":\"WebPage\",\"@id\":\"https:\/\/www.spirit-us.eu\/index.php\/produit\/collier-dattraction-vitalite-sante-magnetite-agate-rouge\/\",\"url\":\"https:\/\/www.spirit-us.eu\/index.php\/produit\/collier-dattraction-vitalite-sante-magnetite-agate-rouge\/\",\"name\":\"Collier d'attraction \/ vitalit\u00e9, sant\u00e9 : MAGNETITE & AGATE ROUGE - Spirit-US\",\"isPartOf\":{\"@id\":\"https:\/\/www.spirit-us.eu\/#website\"},\"primaryImageOfPage\":{\"@id\":\"https:\/\/www.spirit-us.eu\/index.php\/produit\/collier-dattraction-vitalite-sante-magnetite-agate-rouge\/#primaryimage\"},\"image\":{\"@id\":\"https:\/\/www.spirit-us.eu\/index.php\/produit\/collier-dattraction-vitalite-sante-magnetite-agate-rouge\/#primaryimage\"},\"thumbnailUrl\":\"https:\/\/www.spirit-us.eu\/wp-content\/uploads\/2025\/11\/collier-magnetite-rouge-image-produit-1.png\",\"datePublished\":\"2025-11-10T07:40:22+00:00\",\"dateModified\":\"2025-12-17T13:46:35+00:00\",\"breadcrumb\":{\"@id\":\"https:\/\/www.spirit-us.eu\/index.php\/produit\/collier-dattraction-vitalite-sante-magnetite-agate-rouge\/#breadcrumb\"},\"inLanguage\":\"fr-FR\",\"potentialAction\":[{\"@type\":\"ReadAction\",\"target\":[\"https:\/\/www.spirit-us.eu\/index.php\/produit\/collier-dattraction-vitalite-sante-magnetite-agate-rouge\/\"]}]},{\"@type\":\"ImageObject\",\"inLanguage\":\"fr-FR\",\"@id\":\"https:\/\/www.spirit-us.eu\/index.php\/produit\/collier-dattraction-vitalite-sante-magnetite-agate-rouge\/#primaryimage\",\"url\":\"https:\/\/www.spirit-us.eu\/wp-content\/uploads\/2025\/11\/collier-magnetite-rouge-image-produit-1.png\",\"contentUrl\":\"https:\/\/www.spirit-us.eu\/wp-content\/uploads\/2025\/11\/collier-magnetite-rouge-image-produit-1.png\",\"width\":1080,\"height\":1080},{\"@type\":\"BreadcrumbList\",\"@id\":\"https:\/\/www.spirit-us.eu\/index.php\/produit\/collier-dattraction-vitalite-sante-magnetite-agate-rouge\/#breadcrumb\",\"itemListElement\":[{\"@type\":\"ListItem\",\"position\":1,\"name\":\"Accueil\",\"item\":\"https:\/\/www.spirit-us.eu\/\"},{\"@type\":\"ListItem\",\"position\":2,\"name\":\"Boutique\",\"item\":\"https:\/\/www.spirit-us.eu\/index.php\/boutique\/\"},{\"@type\":\"ListItem\",\"position\":3,\"name\":\"Collier d&rsquo;attraction \/ vitalit\u00e9, sant\u00e9 : MAGNETITE &#038; AGATE ROUGE\"}]},{\"@type\":\"WebSite\",\"@id\":\"https:\/\/www.spirit-us.eu\/#website\",\"url\":\"https:\/\/www.spirit-us.eu\/\",\"name\":\"Spirit-US\",\"description\":\"\",\"publisher\":{\"@id\":\"https:\/\/www.spirit-us.eu\/#organization\"},\"potentialAction\":[{\"@type\":\"SearchAction\",\"target\":{\"@type\":\"EntryPoint\",\"urlTemplate\":\"https:\/\/www.spirit-us.eu\/?s={search_term_string}\"},\"query-input\":{\"@type\":\"PropertyValueSpecification\",\"valueRequired\":true,\"valueName\":\"search_term_string\"}}],\"inLanguage\":\"fr-FR\"},{\"@type\":\"Organization\",\"@id\":\"https:\/\/www.spirit-us.eu\/#organization\",\"name\":\"Spirit-US\",\"url\":\"https:\/\/www.spirit-us.eu\/\",\"logo\":{\"@type\":\"ImageObject\",\"inLanguage\":\"fr-FR\",\"@id\":\"https:\/\/www.spirit-us.eu\/#\/schema\/logo\/image\/\",\"url\":\"https:\/\/www.spirit-us.eu\/wp-content\/uploads\/2025\/11\/logo-regarde-linterlocutrice-sans-arrriere-plan.jpg\",\"contentUrl\":\"https:\/\/www.spirit-us.eu\/wp-content\/uploads\/2025\/11\/logo-regarde-linterlocutrice-sans-arrriere-plan.jpg\",\"width\":1080,\"height\":1080,\"caption\":\"Spirit-US\"},\"image\":{\"@id\":\"https:\/\/www.spirit-us.eu\/#\/schema\/logo\/image\/\"},\"sameAs\":[\"https:\/\/www.facebook.com\/spirit.us.deum\"]}]}<\/script>\n<!-- \/ Yoast SEO plugin. -->","yoast_head_json":{"title":"Collier d'attraction \/ vitalit\u00e9, sant\u00e9 : MAGNETITE & AGATE ROUGE - Spirit-US","robots":{"index":"index","follow":"follow","max-snippet":"max-snippet:-1","max-image-preview":"max-image-preview:large","max-video-preview":"max-video-preview:-1"},"canonical":"https:\/\/www.spirit-us.eu\/index.php\/produit\/collier-dattraction-vitalite-sante-magnetite-agate-rouge\/","og_locale":"fr_FR","og_type":"article","og_title":"Collier d'attraction \/ vitalit\u00e9, sant\u00e9 : MAGNETITE & AGATE ROUGE - Spirit-US","og_description":"Ce collier est tr\u00e8s particulier : il est magn\u00e9tique, donc il active la loi de l'attraction bonne et b\u00e9n\u00e9fique; il allie la couleur gris-fonc\u00e9 de la magn\u00e9tite \u00e0 la splendide agate rouge, signe de bonne sant\u00e9 notamment sanguine, de vitalit\u00e9 ou de restauration \u00e9nerg\u00e9tique apr\u00e8s une phase difficile. Sa particularit\u00e9 est aussi de n'avoir pas de fermoir : on peut ainsi le porter en cravate, en bracelet ou en tour de cou. Nous le d\u00e9clinons en trois couleurs : rouge, violet (am\u00e9thyste) et blanc (cristal de roche).","og_url":"https:\/\/www.spirit-us.eu\/index.php\/produit\/collier-dattraction-vitalite-sante-magnetite-agate-rouge\/","og_site_name":"Spirit-US","article_publisher":"https:\/\/www.facebook.com\/spirit.us.deum","article_modified_time":"2025-12-17T13:46:35+00:00","og_image":[{"width":1080,"height":1080,"url":"https:\/\/www.spirit-us.eu\/wp-content\/uploads\/2025\/11\/collier-magnetite-rouge-image-produit-1.png","type":"image\/png"}],"twitter_card":"summary_large_image","twitter_misc":{"Dur\u00e9e de lecture estim\u00e9e":"1 minute"},"schema":{"@context":"https:\/\/schema.org","@graph":[{"@type":"WebPage","@id":"https:\/\/www.spirit-us.eu\/index.php\/produit\/collier-dattraction-vitalite-sante-magnetite-agate-rouge\/","url":"https:\/\/www.spirit-us.eu\/index.php\/produit\/collier-dattraction-vitalite-sante-magnetite-agate-rouge\/","name":"Collier d'attraction \/ vitalit\u00e9, sant\u00e9 : MAGNETITE & AGATE ROUGE - Spirit-US","isPartOf":{"@id":"https:\/\/www.spirit-us.eu\/#website"},"primaryImageOfPage":{"@id":"https:\/\/www.spirit-us.eu\/index.php\/produit\/collier-dattraction-vitalite-sante-magnetite-agate-rouge\/#primaryimage"},"image":{"@id":"https:\/\/www.spirit-us.eu\/index.php\/produit\/collier-dattraction-vitalite-sante-magnetite-agate-rouge\/#primaryimage"},"thumbnailUrl":"https:\/\/www.spirit-us.eu\/wp-content\/uploads\/2025\/11\/collier-magnetite-rouge-image-produit-1.png","datePublished":"2025-11-10T07:40:22+00:00","dateModified":"2025-12-17T13:46:35+00:00","breadcrumb":{"@id":"https:\/\/www.spirit-us.eu\/index.php\/produit\/collier-dattraction-vitalite-sante-magnetite-agate-rouge\/#breadcrumb"},"inLanguage":"fr-FR","potentialAction":[{"@type":"ReadAction","target":["https:\/\/www.spirit-us.eu\/index.php\/produit\/collier-dattraction-vitalite-sante-magnetite-agate-rouge\/"]}]},{"@type":"ImageObject","inLanguage":"fr-FR","@id":"https:\/\/www.spirit-us.eu\/index.php\/produit\/collier-dattraction-vitalite-sante-magnetite-agate-rouge\/#primaryimage","url":"https:\/\/www.spirit-us.eu\/wp-content\/uploads\/2025\/11\/collier-magnetite-rouge-image-produit-1.png","contentUrl":"https:\/\/www.spirit-us.eu\/wp-content\/uploads\/2025\/11\/collier-magnetite-rouge-image-produit-1.png","width":1080,"height":1080},{"@type":"BreadcrumbList","@id":"https:\/\/www.spirit-us.eu\/index.php\/produit\/collier-dattraction-vitalite-sante-magnetite-agate-rouge\/#breadcrumb","itemListElement":[{"@type":"ListItem","position":1,"name":"Accueil","item":"https:\/\/www.spirit-us.eu\/"},{"@type":"ListItem","position":2,"name":"Boutique","item":"https:\/\/www.spirit-us.eu\/index.php\/boutique\/"},{"@type":"ListItem","position":3,"name":"Collier d&rsquo;attraction \/ vitalit\u00e9, sant\u00e9 : MAGNETITE &#038; AGATE ROUGE"}]},{"@type":"WebSite","@id":"https:\/\/www.spirit-us.eu\/#website","url":"https:\/\/www.spirit-us.eu\/","name":"Spirit-US","description":"","publisher":{"@id":"https:\/\/www.spirit-us.eu\/#organization"},"potentialAction":[{"@type":"SearchAction","target":{"@type":"EntryPoint","urlTemplate":"https:\/\/www.spirit-us.eu\/?s={search_term_string}"},"query-input":{"@type":"PropertyValueSpecification","valueRequired":true,"valueName":"search_term_string"}}],"inLanguage":"fr-FR"},{"@type":"Organization","@id":"https:\/\/www.spirit-us.eu\/#organization","name":"Spirit-US","url":"https:\/\/www.spirit-us.eu\/","logo":{"@type":"ImageObject","inLanguage":"fr-FR","@id":"https:\/\/www.spirit-us.eu\/#\/schema\/logo\/image\/","url":"https:\/\/www.spirit-us.eu\/wp-content\/uploads\/2025\/11\/logo-regarde-linterlocutrice-sans-arrriere-plan.jpg","contentUrl":"https:\/\/www.spirit-us.eu\/wp-content\/uploads\/2025\/11\/logo-regarde-linterlocutrice-sans-arrriere-plan.jpg","width":1080,"height":1080,"caption":"Spirit-US"},"image":{"@id":"https:\/\/www.spirit-us.eu\/#\/schema\/logo\/image\/"},"sameAs":["https:\/\/www.facebook.com\/spirit.us.deum"]}]}},"jetpack_sharing_enabled":true,"_links":{"self":[{"href":"https:\/\/www.spirit-us.eu\/index.php\/wp-json\/wp\/v2\/product\/2264","targetHints":{"allow":["GET"]}}],"collection":[{"href":"https:\/\/www.spirit-us.eu\/index.php\/wp-json\/wp\/v2\/product"}],"about":[{"href":"https:\/\/www.spirit-us.eu\/index.php\/wp-json\/wp\/v2\/types\/product"}],"replies":[{"embeddable":true,"href":"https:\/\/www.spirit-us.eu\/index.php\/wp-json\/wp\/v2\/comments?post=2264"}],"wp:featuredmedia":[{"embeddable":true,"href":"https:\/\/www.spirit-us.eu\/index.php\/wp-json\/wp\/v2\/media\/2265"}],"wp:attachment":[{"href":"https:\/\/www.spirit-us.eu\/index.php\/wp-json\/wp\/v2\/media?parent=2264"}],"wp:term":[{"taxonomy":"product_brand","embeddable":true,"href":"https:\/\/www.spirit-us.eu\/index.php\/wp-json\/wp\/v2\/product_brand?post=2264"},{"taxonomy":"product_cat","embeddable":true,"href":"https:\/\/www.spirit-us.eu\/index.php\/wp-json\/wp\/v2\/product_cat?post=2264"},{"taxonomy":"product_tag","embeddable":true,"href":"https:\/\/www.spirit-us.eu\/index.php\/wp-json\/wp\/v2\/product_tag?post=2264"},{"taxonomy":"mwb_booking_cost","embeddable":true,"href":"https:\/\/www.spirit-us.eu\/index.php\/wp-json\/wp\/v2\/mwb_booking_cost?post=2264"},{"taxonomy":"mwb_booking_service","embeddable":true,"href":"https:\/\/www.spirit-us.eu\/index.php\/wp-json\/wp\/v2\/mwb_booking_service?post=2264"}],"curies":[{"name":"wp","href":"https:\/\/api.w.org\/{rel}","templated":true}]}}