{"id":2258,"date":"2025-11-10T07:46:29","date_gmt":"2025-11-10T06:46:29","guid":{"rendered":"https:\/\/www.spirit-us.eu\/?post_type=product&#038;p=2258"},"modified":"2025-12-17T10:45:26","modified_gmt":"2025-12-17T09:45:26","slug":"bracelet-en-aventurine-copie","status":"publish","type":"product","link":"https:\/\/www.spirit-us.eu\/index.php\/produit\/bracelet-en-aventurine-copie\/","title":{"rendered":"BRACELET en QUARTZ ROSE"},"content":{"rendered":"<p><strong>Pr\u00e9sentation\u00a0: <\/strong>bijou livr\u00e9 dans une jolie pochette en velours ou en satin en fonction du stock<\/p>\n<p><strong>Livr\u00e9 b\u00e9ni sur demande et intention\u00a0: <\/strong>il vous est possible de demander un pentacle de protection \u2013 dans ce cas, \u00e9crivez-nous et consultez notre onglet \u00ab Pentacles \u00bb \/ demandez le pentacle de l&rsquo;amour pur inconditionnel ou pr\u00e9cisez une autre intention harmonis\u00e9e avec les bienfaits des pierres naturelles<\/p>\n<p><strong>Type<\/strong> :\u00a0\u00a0bracelet baroque \u2013 pierres naturelles \u00ab\u00a0boules\u00a0\u00bb de 8 mm<\/p>\n<p><strong>De facture 100% artisanale<\/strong><\/p>\n<p><strong>Pierre(s) naturelles<\/strong> :\u00a0au choix \/ vertus des pierres synergies avec bracelets en cristal de roche, en am\u00e9thyste, en quartz rose, ou d\u2019autres combinaisons plus audacieuses (voir la palette de ces bracelets)<\/p>\n<p><strong>Qualit\u00e9<\/strong> : AA (Tr\u00e8s \u00e9lev\u00e9e)<\/p>\n<p><strong>Couleur <\/strong>: rose translucide diff\u00e9rentes nuances dans un m\u00eame bracelet<\/p>\n<p><strong>Apparence<\/strong> : Boule \/ Polies et baroques (ovale l\u00e9g\u00e8rement irr\u00e9gulier)<\/p>\n<p><strong>Tour de poignet<\/strong>\u00a0: 18-22 \u00a0cm<\/p>\n<p>*La taille des perles peut varier de 07,5 \u00e0 08,5mm.<\/p>\n<p>Les perles sont fabriqu\u00e9es de fa\u00e7on artisanale, ce qui explique que leur taille puisse varier de +\/- 0.5mm.<\/p>\n<p><strong>Montage<\/strong>\u00a0: Fil\u00a0: \u00e9lastique nylon 0,8mm transparent ou color\u00e9 selon la couleur dominante des pierres du bracelet<\/p>\n<p>Photos tous droits r\u00e9serv\u00e9s<\/p>\n","protected":false},"excerpt":{"rendered":"<p style=\"text-align: justify;\">Adorable bracelet en aventurine, d\u2019un joli vert qui se d\u00e9cline en tonalit\u00e9s jouant avec la lumi\u00e8re. L&rsquo;aventurine verte est reconnue pour ses vertus apaisantes, calmantes et pour attirer la chance et la prosp\u00e9rit\u00e9. Sur le plan \u00e9motionnel, elle favorise l&rsquo;\u00e9quilibre, r\u00e9duit le stress, l&rsquo;anxi\u00e9t\u00e9 et l&rsquo;irritabilit\u00e9 tout en renfor\u00e7ant la confiance en soi et la cr\u00e9ativit\u00e9. Physiquement, elle est associ\u00e9e \u00e0 l&rsquo;harmonisation du chakra du c\u0153ur et \u00e0 la gu\u00e9rison de probl\u00e8mes cutan\u00e9s, la fatigue oculaire, ou les dysfonctionnements du foie et des yeux. Un bracelet de pierre est aussi un cercle de protection, un anneau de r\u00e9sonance destin\u00e9 \u00e0 harmoniser les flux de vie entre la Terre et le Ciel. La pierre est m\u00e9moire, elle importe les bienfaits conjugu\u00e9s de la terre et du cosmos.\u00a0 Son \u00e9nergie est toujours b\u00e9n\u00e9fique une fois que le bijou ou la simple pierre ont \u00e9t\u00e9 purifi\u00e9s. On peut cr\u00e9er de belles synergies avec l\u2019aventurine verte mari\u00e9e \u00e0 d\u2019autres pierres comme un autre bracelet en quartz rose, et en cristal de roche.\u00a0 A s\u2019offrir d\u2019urgence ou \u00e0 offrir \u00e0 quelqu\u2019un de tr\u00e8s aim\u00e9.e.<\/p>\n","protected":false},"featured_media":2259,"comment_status":"open","ping_status":"closed","template":"","meta":[],"product_brand":[],"product_cat":[156,460,17],"product_tag":[172,339,261,187],"mwb_booking_cost":[],"mwb_booking_service":[],"class_list":{"0":"post-2258","1":"product","2":"type-product","3":"status-publish","4":"has-post-thumbnail","6":"product_cat-04-bijoux","7":"product_cat-bracelets","8":"product_cat-tous-les-produits","9":"product_tag-amour","10":"product_tag-douceur","11":"product_tag-quartz-rose","12":"product_tag-rose","14":"first","15":"instock","16":"shipping-taxable","17":"purchasable","18":"product-type-simple"},"yoast_head":"<!-- This site is optimized with the Yoast SEO plugin v27.1.1 - https:\/\/yoast.com\/product\/yoast-seo-wordpress\/ -->\n<title>BRACELET en QUARTZ ROSE - Spirit-US<\/title>\n<meta name=\"robots\" content=\"index, follow, max-snippet:-1, max-image-preview:large, max-video-preview:-1\" \/>\n<link rel=\"canonical\" href=\"https:\/\/www.spirit-us.eu\/index.php\/produit\/bracelet-en-aventurine-copie\/\" \/>\n<meta property=\"og:locale\" content=\"fr_FR\" \/>\n<meta property=\"og:type\" content=\"article\" \/>\n<meta property=\"og:title\" content=\"BRACELET en QUARTZ ROSE - Spirit-US\" \/>\n<meta property=\"og:description\" content=\"Adorable bracelet en aventurine, d\u2019un joli vert qui se d\u00e9cline en tonalit\u00e9s jouant avec la lumi\u00e8re. L&#039;aventurine verte est reconnue pour ses vertus apaisantes, calmantes et pour attirer la chance et la prosp\u00e9rit\u00e9. Sur le plan \u00e9motionnel, elle favorise l&#039;\u00e9quilibre, r\u00e9duit le stress, l&#039;anxi\u00e9t\u00e9 et l&#039;irritabilit\u00e9 tout en renfor\u00e7ant la confiance en soi et la cr\u00e9ativit\u00e9. Physiquement, elle est associ\u00e9e \u00e0 l&#039;harmonisation du chakra du c\u0153ur et \u00e0 la gu\u00e9rison de probl\u00e8mes cutan\u00e9s, la fatigue oculaire, ou les dysfonctionnements du foie et des yeux. Un bracelet de pierre est aussi un cercle de protection, un anneau de r\u00e9sonance destin\u00e9 \u00e0 harmoniser les flux de vie entre la Terre et le Ciel. La pierre est m\u00e9moire, elle importe les bienfaits conjugu\u00e9s de la terre et du cosmos.\u00a0 Son \u00e9nergie est toujours b\u00e9n\u00e9fique une fois que le bijou ou la simple pierre ont \u00e9t\u00e9 purifi\u00e9s. On peut cr\u00e9er de belles synergies avec l\u2019aventurine verte mari\u00e9e \u00e0 d\u2019autres pierres comme un autre bracelet en quartz rose, et en cristal de roche.\u00a0 A s\u2019offrir d\u2019urgence ou \u00e0 offrir \u00e0 quelqu\u2019un de tr\u00e8s aim\u00e9.e.\" \/>\n<meta property=\"og:url\" content=\"https:\/\/www.spirit-us.eu\/index.php\/produit\/bracelet-en-aventurine-copie\/\" \/>\n<meta property=\"og:site_name\" content=\"Spirit-US\" \/>\n<meta property=\"article:publisher\" content=\"https:\/\/www.facebook.com\/spirit.us.deum\" \/>\n<meta property=\"article:modified_time\" content=\"2025-12-17T09:45:26+00:00\" \/>\n<meta property=\"og:image\" content=\"https:\/\/www.spirit-us.eu\/wp-content\/uploads\/2025\/11\/8-quartz-image-produit-1024x1024.png\" \/>\n\t<meta property=\"og:image:width\" content=\"1024\" \/>\n\t<meta property=\"og:image:height\" content=\"1024\" \/>\n\t<meta property=\"og:image:type\" content=\"image\/png\" \/>\n<meta name=\"twitter:card\" content=\"summary_large_image\" \/>\n<meta name=\"twitter:label1\" content=\"Dur\u00e9e de lecture estim\u00e9e\" \/>\n\t<meta name=\"twitter:data1\" content=\"1 minute\" \/>\n<script type=\"application\/ld+json\" class=\"yoast-schema-graph\">{\"@context\":\"https:\/\/schema.org\",\"@graph\":[{\"@type\":\"WebPage\",\"@id\":\"https:\/\/www.spirit-us.eu\/index.php\/produit\/bracelet-en-aventurine-copie\/\",\"url\":\"https:\/\/www.spirit-us.eu\/index.php\/produit\/bracelet-en-aventurine-copie\/\",\"name\":\"BRACELET en QUARTZ ROSE - Spirit-US\",\"isPartOf\":{\"@id\":\"https:\/\/www.spirit-us.eu\/#website\"},\"primaryImageOfPage\":{\"@id\":\"https:\/\/www.spirit-us.eu\/index.php\/produit\/bracelet-en-aventurine-copie\/#primaryimage\"},\"image\":{\"@id\":\"https:\/\/www.spirit-us.eu\/index.php\/produit\/bracelet-en-aventurine-copie\/#primaryimage\"},\"thumbnailUrl\":\"https:\/\/www.spirit-us.eu\/wp-content\/uploads\/2025\/11\/8-quartz-image-produit.png\",\"datePublished\":\"2025-11-10T06:46:29+00:00\",\"dateModified\":\"2025-12-17T09:45:26+00:00\",\"breadcrumb\":{\"@id\":\"https:\/\/www.spirit-us.eu\/index.php\/produit\/bracelet-en-aventurine-copie\/#breadcrumb\"},\"inLanguage\":\"fr-FR\",\"potentialAction\":[{\"@type\":\"ReadAction\",\"target\":[\"https:\/\/www.spirit-us.eu\/index.php\/produit\/bracelet-en-aventurine-copie\/\"]}]},{\"@type\":\"ImageObject\",\"inLanguage\":\"fr-FR\",\"@id\":\"https:\/\/www.spirit-us.eu\/index.php\/produit\/bracelet-en-aventurine-copie\/#primaryimage\",\"url\":\"https:\/\/www.spirit-us.eu\/wp-content\/uploads\/2025\/11\/8-quartz-image-produit.png\",\"contentUrl\":\"https:\/\/www.spirit-us.eu\/wp-content\/uploads\/2025\/11\/8-quartz-image-produit.png\",\"width\":1080,\"height\":1080},{\"@type\":\"BreadcrumbList\",\"@id\":\"https:\/\/www.spirit-us.eu\/index.php\/produit\/bracelet-en-aventurine-copie\/#breadcrumb\",\"itemListElement\":[{\"@type\":\"ListItem\",\"position\":1,\"name\":\"Accueil\",\"item\":\"https:\/\/www.spirit-us.eu\/\"},{\"@type\":\"ListItem\",\"position\":2,\"name\":\"Boutique\",\"item\":\"https:\/\/www.spirit-us.eu\/index.php\/boutique\/\"},{\"@type\":\"ListItem\",\"position\":3,\"name\":\"BRACELET en QUARTZ ROSE\"}]},{\"@type\":\"WebSite\",\"@id\":\"https:\/\/www.spirit-us.eu\/#website\",\"url\":\"https:\/\/www.spirit-us.eu\/\",\"name\":\"Spirit-US\",\"description\":\"\",\"publisher\":{\"@id\":\"https:\/\/www.spirit-us.eu\/#organization\"},\"potentialAction\":[{\"@type\":\"SearchAction\",\"target\":{\"@type\":\"EntryPoint\",\"urlTemplate\":\"https:\/\/www.spirit-us.eu\/?s={search_term_string}\"},\"query-input\":{\"@type\":\"PropertyValueSpecification\",\"valueRequired\":true,\"valueName\":\"search_term_string\"}}],\"inLanguage\":\"fr-FR\"},{\"@type\":\"Organization\",\"@id\":\"https:\/\/www.spirit-us.eu\/#organization\",\"name\":\"Spirit-US\",\"url\":\"https:\/\/www.spirit-us.eu\/\",\"logo\":{\"@type\":\"ImageObject\",\"inLanguage\":\"fr-FR\",\"@id\":\"https:\/\/www.spirit-us.eu\/#\/schema\/logo\/image\/\",\"url\":\"https:\/\/www.spirit-us.eu\/wp-content\/uploads\/2025\/11\/logo-regarde-linterlocutrice-sans-arrriere-plan.jpg\",\"contentUrl\":\"https:\/\/www.spirit-us.eu\/wp-content\/uploads\/2025\/11\/logo-regarde-linterlocutrice-sans-arrriere-plan.jpg\",\"width\":1080,\"height\":1080,\"caption\":\"Spirit-US\"},\"image\":{\"@id\":\"https:\/\/www.spirit-us.eu\/#\/schema\/logo\/image\/\"},\"sameAs\":[\"https:\/\/www.facebook.com\/spirit.us.deum\"]}]}<\/script>\n<!-- \/ Yoast SEO plugin. -->","yoast_head_json":{"title":"BRACELET en QUARTZ ROSE - Spirit-US","robots":{"index":"index","follow":"follow","max-snippet":"max-snippet:-1","max-image-preview":"max-image-preview:large","max-video-preview":"max-video-preview:-1"},"canonical":"https:\/\/www.spirit-us.eu\/index.php\/produit\/bracelet-en-aventurine-copie\/","og_locale":"fr_FR","og_type":"article","og_title":"BRACELET en QUARTZ ROSE - Spirit-US","og_description":"Adorable bracelet en aventurine, d\u2019un joli vert qui se d\u00e9cline en tonalit\u00e9s jouant avec la lumi\u00e8re. L'aventurine verte est reconnue pour ses vertus apaisantes, calmantes et pour attirer la chance et la prosp\u00e9rit\u00e9. Sur le plan \u00e9motionnel, elle favorise l'\u00e9quilibre, r\u00e9duit le stress, l'anxi\u00e9t\u00e9 et l'irritabilit\u00e9 tout en renfor\u00e7ant la confiance en soi et la cr\u00e9ativit\u00e9. Physiquement, elle est associ\u00e9e \u00e0 l'harmonisation du chakra du c\u0153ur et \u00e0 la gu\u00e9rison de probl\u00e8mes cutan\u00e9s, la fatigue oculaire, ou les dysfonctionnements du foie et des yeux. Un bracelet de pierre est aussi un cercle de protection, un anneau de r\u00e9sonance destin\u00e9 \u00e0 harmoniser les flux de vie entre la Terre et le Ciel. La pierre est m\u00e9moire, elle importe les bienfaits conjugu\u00e9s de la terre et du cosmos.\u00a0 Son \u00e9nergie est toujours b\u00e9n\u00e9fique une fois que le bijou ou la simple pierre ont \u00e9t\u00e9 purifi\u00e9s. On peut cr\u00e9er de belles synergies avec l\u2019aventurine verte mari\u00e9e \u00e0 d\u2019autres pierres comme un autre bracelet en quartz rose, et en cristal de roche.\u00a0 A s\u2019offrir d\u2019urgence ou \u00e0 offrir \u00e0 quelqu\u2019un de tr\u00e8s aim\u00e9.e.","og_url":"https:\/\/www.spirit-us.eu\/index.php\/produit\/bracelet-en-aventurine-copie\/","og_site_name":"Spirit-US","article_publisher":"https:\/\/www.facebook.com\/spirit.us.deum","article_modified_time":"2025-12-17T09:45:26+00:00","og_image":[{"width":1024,"height":1024,"url":"https:\/\/www.spirit-us.eu\/wp-content\/uploads\/2025\/11\/8-quartz-image-produit-1024x1024.png","type":"image\/png"}],"twitter_card":"summary_large_image","twitter_misc":{"Dur\u00e9e de lecture estim\u00e9e":"1 minute"},"schema":{"@context":"https:\/\/schema.org","@graph":[{"@type":"WebPage","@id":"https:\/\/www.spirit-us.eu\/index.php\/produit\/bracelet-en-aventurine-copie\/","url":"https:\/\/www.spirit-us.eu\/index.php\/produit\/bracelet-en-aventurine-copie\/","name":"BRACELET en QUARTZ ROSE - Spirit-US","isPartOf":{"@id":"https:\/\/www.spirit-us.eu\/#website"},"primaryImageOfPage":{"@id":"https:\/\/www.spirit-us.eu\/index.php\/produit\/bracelet-en-aventurine-copie\/#primaryimage"},"image":{"@id":"https:\/\/www.spirit-us.eu\/index.php\/produit\/bracelet-en-aventurine-copie\/#primaryimage"},"thumbnailUrl":"https:\/\/www.spirit-us.eu\/wp-content\/uploads\/2025\/11\/8-quartz-image-produit.png","datePublished":"2025-11-10T06:46:29+00:00","dateModified":"2025-12-17T09:45:26+00:00","breadcrumb":{"@id":"https:\/\/www.spirit-us.eu\/index.php\/produit\/bracelet-en-aventurine-copie\/#breadcrumb"},"inLanguage":"fr-FR","potentialAction":[{"@type":"ReadAction","target":["https:\/\/www.spirit-us.eu\/index.php\/produit\/bracelet-en-aventurine-copie\/"]}]},{"@type":"ImageObject","inLanguage":"fr-FR","@id":"https:\/\/www.spirit-us.eu\/index.php\/produit\/bracelet-en-aventurine-copie\/#primaryimage","url":"https:\/\/www.spirit-us.eu\/wp-content\/uploads\/2025\/11\/8-quartz-image-produit.png","contentUrl":"https:\/\/www.spirit-us.eu\/wp-content\/uploads\/2025\/11\/8-quartz-image-produit.png","width":1080,"height":1080},{"@type":"BreadcrumbList","@id":"https:\/\/www.spirit-us.eu\/index.php\/produit\/bracelet-en-aventurine-copie\/#breadcrumb","itemListElement":[{"@type":"ListItem","position":1,"name":"Accueil","item":"https:\/\/www.spirit-us.eu\/"},{"@type":"ListItem","position":2,"name":"Boutique","item":"https:\/\/www.spirit-us.eu\/index.php\/boutique\/"},{"@type":"ListItem","position":3,"name":"BRACELET en QUARTZ ROSE"}]},{"@type":"WebSite","@id":"https:\/\/www.spirit-us.eu\/#website","url":"https:\/\/www.spirit-us.eu\/","name":"Spirit-US","description":"","publisher":{"@id":"https:\/\/www.spirit-us.eu\/#organization"},"potentialAction":[{"@type":"SearchAction","target":{"@type":"EntryPoint","urlTemplate":"https:\/\/www.spirit-us.eu\/?s={search_term_string}"},"query-input":{"@type":"PropertyValueSpecification","valueRequired":true,"valueName":"search_term_string"}}],"inLanguage":"fr-FR"},{"@type":"Organization","@id":"https:\/\/www.spirit-us.eu\/#organization","name":"Spirit-US","url":"https:\/\/www.spirit-us.eu\/","logo":{"@type":"ImageObject","inLanguage":"fr-FR","@id":"https:\/\/www.spirit-us.eu\/#\/schema\/logo\/image\/","url":"https:\/\/www.spirit-us.eu\/wp-content\/uploads\/2025\/11\/logo-regarde-linterlocutrice-sans-arrriere-plan.jpg","contentUrl":"https:\/\/www.spirit-us.eu\/wp-content\/uploads\/2025\/11\/logo-regarde-linterlocutrice-sans-arrriere-plan.jpg","width":1080,"height":1080,"caption":"Spirit-US"},"image":{"@id":"https:\/\/www.spirit-us.eu\/#\/schema\/logo\/image\/"},"sameAs":["https:\/\/www.facebook.com\/spirit.us.deum"]}]}},"jetpack_sharing_enabled":true,"_links":{"self":[{"href":"https:\/\/www.spirit-us.eu\/index.php\/wp-json\/wp\/v2\/product\/2258","targetHints":{"allow":["GET"]}}],"collection":[{"href":"https:\/\/www.spirit-us.eu\/index.php\/wp-json\/wp\/v2\/product"}],"about":[{"href":"https:\/\/www.spirit-us.eu\/index.php\/wp-json\/wp\/v2\/types\/product"}],"replies":[{"embeddable":true,"href":"https:\/\/www.spirit-us.eu\/index.php\/wp-json\/wp\/v2\/comments?post=2258"}],"wp:featuredmedia":[{"embeddable":true,"href":"https:\/\/www.spirit-us.eu\/index.php\/wp-json\/wp\/v2\/media\/2259"}],"wp:attachment":[{"href":"https:\/\/www.spirit-us.eu\/index.php\/wp-json\/wp\/v2\/media?parent=2258"}],"wp:term":[{"taxonomy":"product_brand","embeddable":true,"href":"https:\/\/www.spirit-us.eu\/index.php\/wp-json\/wp\/v2\/product_brand?post=2258"},{"taxonomy":"product_cat","embeddable":true,"href":"https:\/\/www.spirit-us.eu\/index.php\/wp-json\/wp\/v2\/product_cat?post=2258"},{"taxonomy":"product_tag","embeddable":true,"href":"https:\/\/www.spirit-us.eu\/index.php\/wp-json\/wp\/v2\/product_tag?post=2258"},{"taxonomy":"mwb_booking_cost","embeddable":true,"href":"https:\/\/www.spirit-us.eu\/index.php\/wp-json\/wp\/v2\/mwb_booking_cost?post=2258"},{"taxonomy":"mwb_booking_service","embeddable":true,"href":"https:\/\/www.spirit-us.eu\/index.php\/wp-json\/wp\/v2\/mwb_booking_service?post=2258"}],"curies":[{"name":"wp","href":"https:\/\/api.w.org\/{rel}","templated":true}]}}