{"id":2249,"date":"2025-11-10T06:49:25","date_gmt":"2025-11-10T05:49:25","guid":{"rendered":"https:\/\/www.spirit-us.eu\/?post_type=product&#038;p=2249"},"modified":"2025-12-17T10:45:55","modified_gmt":"2025-12-17T09:45:55","slug":"bracelet-en-jaspe-rouge","status":"publish","type":"product","link":"https:\/\/www.spirit-us.eu\/index.php\/produit\/bracelet-en-jaspe-rouge\/","title":{"rendered":"BRACELET en JASPE ROUGE"},"content":{"rendered":"<p><strong>Pr\u00e9sentation\u00a0: <\/strong>bijou livr\u00e9 dans une jolie pochette de couleur proche de celle des pierres naturelles composant le bracelet et en fonction du stock<\/p>\n<p><strong>Livr\u00e9 b\u00e9ni sur demande et intention\u00a0: <\/strong>il vous est possible de demander un pentacle de protection \u2013 dans ce cas, \u00e9crivez-nous et consultez notre onglet \u00ab Pentacles \u00bb \/ demandez le pentacle de la colombe au saint Graal, ou pr\u00e9cisez une autre intention harmonis\u00e9e avec les bienfaits des pierres naturelles<\/p>\n<p><strong>Type<\/strong> :\u00a0\u00a0bracelet baroque \u2013 pierres naturelles \u00ab\u00a0boules\u00a0\u00bb de 8 mm<\/p>\n<p><strong>De facture 100% artisanale<\/strong><\/p>\n<p><strong>Pierre(s) naturelles<\/strong> : au choix \/ vertus des pierres synergies avec bracelets en cristal de roche, en jaspe beige ou rouge,\u00a0 ou d\u2019autres combinaisons plus audacieuses (voir la palette de ces bracelets)<\/p>\n<p><strong>Qualit\u00e9<\/strong> : AA (Tr\u00e8s \u00e9lev\u00e9e)<\/p>\n<p><strong>Couleur <\/strong>:\u00a0 rouge, terracotta, rouge fonc\u00e9, et diff\u00e9rentes nuances dans un m\u00eame bracelet<\/p>\n<p><strong>Apparence<\/strong> : Boule \/ Polies et baroques (ovale l\u00e9g\u00e8rement irr\u00e9gulier)<\/p>\n<p><strong>Tour de poignet<\/strong>\u00a0: 18-22 \u00a0cm<\/p>\n<p>*La taille des perles peut varier de 07,5 \u00e0 08,5mm.<\/p>\n<p>Les perles sont fabriqu\u00e9es de fa\u00e7on artisanale, ce qui explique que leur taille puisse varier de +\/- 0.5mm.<\/p>\n<p><strong>Montage<\/strong> : Fil \u00e9lastique nylon 0,8mm transparent ou color\u00e9 selon la couleur dominante des pierres du bracelet<\/p>\n<p>Photos tous droits r\u00e9serv\u00e9s<\/p>\n","protected":false},"excerpt":{"rendered":"<p style=\"text-align: justify;\">Magnifique bracelet en jaspe dit \u00ab\u00a0jaspe rouge\u00a0\u00bb, dont les pierres naturelles opaques, dans des nuances de terracotta, de rouge orang\u00e9 tr\u00e8s doux. Un bracelet magnifique qui parle de vitalit\u00e9 et de puissance. Le jaspe rouge est r\u00e9put\u00e9 pour ses vertus de vitalit\u00e9, d&rsquo;ancrage et de renforcement, tant sur le plan physique qu&rsquo;\u00e9motionnel et spirituel. Sur le plan physique, il stimule la circulation sanguine, renforce le syst\u00e8me immunitaire et a m\u00eame un effet aphrodisiaque. Sur le plan \u00e9motionnel et spirituel, il procure confiance en soi, courage, et aide \u00e0 l&rsquo;ancrage en \u00e9quilibrant le chakra racine. On peut l\u2019utiliser pour renforcer notre soin <a href=\"https:\/\/www.spirit-us.eu\/index.php\/produit\/sang-sacre-regenerescence-dans-les-maladies-de-sang\/\" target=\"_blank\" rel=\"noopener\">SANG SACRE<\/a>.\u00a0 A s\u2019offrir pour recouvrer un grand bien-\u00eatre ou \u00e0 offrir \u00e0 quelqu\u2019un qui en a besoin.<span class=\"uJ19be notranslate\" data-wiz-uids=\"VGOhSd_c,VGOhSd_d\" data-processed=\"true\"><span class=\"vKEkVd\" data-animation-atomic=\"\" data-processed=\"true\">\u00a0<\/span><\/span>Un bracelet de pierre est aussi un cercle de protection, un anneau de r\u00e9sonance destin\u00e9 \u00e0 harmoniser les flux de vie entre la Terre et le Ciel. La pierre est m\u00e9moire, elle importe les bienfaits conjugu\u00e9s de la terre et du cosmos.\u00a0 Son \u00e9nergie est toujours b\u00e9n\u00e9fique une fois que le bijou ou la simple pierre ont \u00e9t\u00e9 purifi\u00e9s. On peut cr\u00e9er de belles synergies avec l\u2019\u0153il de tigre, le jaspe cr\u00e8me et le cristal de roche; ainsi mari\u00e9 \u00e0 d\u2019autres pierres, il vous offre une gamme compl\u00e8te d&rsquo;ondes tr\u00e8s positives.\u00a0 A s\u2019offrir d\u2019urgence ou \u00e0 offrir \u00e0 quelqu\u2019un de tr\u00e8s aim\u00e9.e.<\/p>\n","protected":false},"featured_media":2274,"comment_status":"open","ping_status":"closed","template":"","meta":[],"product_brand":[],"product_cat":[156,460,17],"product_tag":[223,332,188,334,333,331],"mwb_booking_cost":[],"mwb_booking_service":[],"class_list":{"0":"post-2249","1":"product","2":"type-product","3":"status-publish","4":"has-post-thumbnail","6":"product_cat-04-bijoux","7":"product_cat-bracelets","8":"product_cat-tous-les-produits","9":"product_tag-ancrage","10":"product_tag-chakra-racine","11":"product_tag-chakras-collection","12":"product_tag-confiance-en-soi","13":"product_tag-determination","14":"product_tag-protection-terrestre","16":"first","17":"instock","18":"shipping-taxable","19":"purchasable","20":"product-type-simple"},"yoast_head":"<!-- This site is optimized with the Yoast SEO plugin v27.1.1 - https:\/\/yoast.com\/product\/yoast-seo-wordpress\/ -->\n<title>BRACELET en JASPE ROUGE - Spirit-US<\/title>\n<meta name=\"robots\" content=\"index, follow, max-snippet:-1, max-image-preview:large, max-video-preview:-1\" \/>\n<link rel=\"canonical\" href=\"https:\/\/www.spirit-us.eu\/index.php\/produit\/bracelet-en-jaspe-rouge\/\" \/>\n<meta property=\"og:locale\" content=\"fr_FR\" \/>\n<meta property=\"og:type\" content=\"article\" \/>\n<meta property=\"og:title\" content=\"BRACELET en JASPE ROUGE - Spirit-US\" \/>\n<meta property=\"og:description\" content=\"Magnifique bracelet en jaspe dit &quot;jaspe rouge&quot;, dont les pierres naturelles opaques, dans des nuances de terracotta, de rouge orang\u00e9 tr\u00e8s doux. Un bracelet magnifique qui parle de vitalit\u00e9 et de puissance. Le jaspe rouge est r\u00e9put\u00e9 pour ses vertus de vitalit\u00e9, d&#039;ancrage et de renforcement, tant sur le plan physique qu&#039;\u00e9motionnel et spirituel. Sur le plan physique, il stimule la circulation sanguine, renforce le syst\u00e8me immunitaire et a m\u00eame un effet aphrodisiaque. Sur le plan \u00e9motionnel et spirituel, il procure confiance en soi, courage, et aide \u00e0 l&#039;ancrage en \u00e9quilibrant le chakra racine. On peut l\u2019utiliser pour renforcer notre soin SANG SACRE.\u00a0 A s\u2019offrir pour recouvrer un grand bien-\u00eatre ou \u00e0 offrir \u00e0 quelqu\u2019un qui en a besoin.\u00a0Un bracelet de pierre est aussi un cercle de protection, un anneau de r\u00e9sonance destin\u00e9 \u00e0 harmoniser les flux de vie entre la Terre et le Ciel. La pierre est m\u00e9moire, elle importe les bienfaits conjugu\u00e9s de la terre et du cosmos.\u00a0 Son \u00e9nergie est toujours b\u00e9n\u00e9fique une fois que le bijou ou la simple pierre ont \u00e9t\u00e9 purifi\u00e9s. On peut cr\u00e9er de belles synergies avec l\u2019\u0153il de tigre, le jaspe cr\u00e8me et le cristal de roche; ainsi mari\u00e9 \u00e0 d\u2019autres pierres, il vous offre une gamme compl\u00e8te d&#039;ondes tr\u00e8s positives.\u00a0 A s\u2019offrir d\u2019urgence ou \u00e0 offrir \u00e0 quelqu\u2019un de tr\u00e8s aim\u00e9.e.\" \/>\n<meta property=\"og:url\" content=\"https:\/\/www.spirit-us.eu\/index.php\/produit\/bracelet-en-jaspe-rouge\/\" \/>\n<meta property=\"og:site_name\" content=\"Spirit-US\" \/>\n<meta property=\"article:publisher\" content=\"https:\/\/www.facebook.com\/spirit.us.deum\" \/>\n<meta property=\"article:modified_time\" content=\"2025-12-17T09:45:55+00:00\" \/>\n<meta property=\"og:image\" content=\"https:\/\/www.spirit-us.eu\/wp-content\/uploads\/2025\/11\/bracelet-terracotta-en-situation.png\" \/>\n\t<meta property=\"og:image:width\" content=\"1080\" \/>\n\t<meta property=\"og:image:height\" content=\"1080\" \/>\n\t<meta property=\"og:image:type\" content=\"image\/png\" \/>\n<meta name=\"twitter:card\" content=\"summary_large_image\" \/>\n<meta name=\"twitter:label1\" content=\"Dur\u00e9e de lecture estim\u00e9e\" \/>\n\t<meta name=\"twitter:data1\" content=\"1 minute\" \/>\n<script type=\"application\/ld+json\" class=\"yoast-schema-graph\">{\"@context\":\"https:\/\/schema.org\",\"@graph\":[{\"@type\":\"WebPage\",\"@id\":\"https:\/\/www.spirit-us.eu\/index.php\/produit\/bracelet-en-jaspe-rouge\/\",\"url\":\"https:\/\/www.spirit-us.eu\/index.php\/produit\/bracelet-en-jaspe-rouge\/\",\"name\":\"BRACELET en JASPE ROUGE - Spirit-US\",\"isPartOf\":{\"@id\":\"https:\/\/www.spirit-us.eu\/#website\"},\"primaryImageOfPage\":{\"@id\":\"https:\/\/www.spirit-us.eu\/index.php\/produit\/bracelet-en-jaspe-rouge\/#primaryimage\"},\"image\":{\"@id\":\"https:\/\/www.spirit-us.eu\/index.php\/produit\/bracelet-en-jaspe-rouge\/#primaryimage\"},\"thumbnailUrl\":\"https:\/\/www.spirit-us.eu\/wp-content\/uploads\/2025\/11\/bracelet-terracotta-en-situation.png\",\"datePublished\":\"2025-11-10T05:49:25+00:00\",\"dateModified\":\"2025-12-17T09:45:55+00:00\",\"breadcrumb\":{\"@id\":\"https:\/\/www.spirit-us.eu\/index.php\/produit\/bracelet-en-jaspe-rouge\/#breadcrumb\"},\"inLanguage\":\"fr-FR\",\"potentialAction\":[{\"@type\":\"ReadAction\",\"target\":[\"https:\/\/www.spirit-us.eu\/index.php\/produit\/bracelet-en-jaspe-rouge\/\"]}]},{\"@type\":\"ImageObject\",\"inLanguage\":\"fr-FR\",\"@id\":\"https:\/\/www.spirit-us.eu\/index.php\/produit\/bracelet-en-jaspe-rouge\/#primaryimage\",\"url\":\"https:\/\/www.spirit-us.eu\/wp-content\/uploads\/2025\/11\/bracelet-terracotta-en-situation.png\",\"contentUrl\":\"https:\/\/www.spirit-us.eu\/wp-content\/uploads\/2025\/11\/bracelet-terracotta-en-situation.png\",\"width\":1080,\"height\":1080},{\"@type\":\"BreadcrumbList\",\"@id\":\"https:\/\/www.spirit-us.eu\/index.php\/produit\/bracelet-en-jaspe-rouge\/#breadcrumb\",\"itemListElement\":[{\"@type\":\"ListItem\",\"position\":1,\"name\":\"Accueil\",\"item\":\"https:\/\/www.spirit-us.eu\/\"},{\"@type\":\"ListItem\",\"position\":2,\"name\":\"Boutique\",\"item\":\"https:\/\/www.spirit-us.eu\/index.php\/boutique\/\"},{\"@type\":\"ListItem\",\"position\":3,\"name\":\"BRACELET en JASPE ROUGE\"}]},{\"@type\":\"WebSite\",\"@id\":\"https:\/\/www.spirit-us.eu\/#website\",\"url\":\"https:\/\/www.spirit-us.eu\/\",\"name\":\"Spirit-US\",\"description\":\"\",\"publisher\":{\"@id\":\"https:\/\/www.spirit-us.eu\/#organization\"},\"potentialAction\":[{\"@type\":\"SearchAction\",\"target\":{\"@type\":\"EntryPoint\",\"urlTemplate\":\"https:\/\/www.spirit-us.eu\/?s={search_term_string}\"},\"query-input\":{\"@type\":\"PropertyValueSpecification\",\"valueRequired\":true,\"valueName\":\"search_term_string\"}}],\"inLanguage\":\"fr-FR\"},{\"@type\":\"Organization\",\"@id\":\"https:\/\/www.spirit-us.eu\/#organization\",\"name\":\"Spirit-US\",\"url\":\"https:\/\/www.spirit-us.eu\/\",\"logo\":{\"@type\":\"ImageObject\",\"inLanguage\":\"fr-FR\",\"@id\":\"https:\/\/www.spirit-us.eu\/#\/schema\/logo\/image\/\",\"url\":\"https:\/\/www.spirit-us.eu\/wp-content\/uploads\/2025\/11\/logo-regarde-linterlocutrice-sans-arrriere-plan.jpg\",\"contentUrl\":\"https:\/\/www.spirit-us.eu\/wp-content\/uploads\/2025\/11\/logo-regarde-linterlocutrice-sans-arrriere-plan.jpg\",\"width\":1080,\"height\":1080,\"caption\":\"Spirit-US\"},\"image\":{\"@id\":\"https:\/\/www.spirit-us.eu\/#\/schema\/logo\/image\/\"},\"sameAs\":[\"https:\/\/www.facebook.com\/spirit.us.deum\"]}]}<\/script>\n<!-- \/ Yoast SEO plugin. -->","yoast_head_json":{"title":"BRACELET en JASPE ROUGE - Spirit-US","robots":{"index":"index","follow":"follow","max-snippet":"max-snippet:-1","max-image-preview":"max-image-preview:large","max-video-preview":"max-video-preview:-1"},"canonical":"https:\/\/www.spirit-us.eu\/index.php\/produit\/bracelet-en-jaspe-rouge\/","og_locale":"fr_FR","og_type":"article","og_title":"BRACELET en JASPE ROUGE - Spirit-US","og_description":"Magnifique bracelet en jaspe dit \"jaspe rouge\", dont les pierres naturelles opaques, dans des nuances de terracotta, de rouge orang\u00e9 tr\u00e8s doux. Un bracelet magnifique qui parle de vitalit\u00e9 et de puissance. Le jaspe rouge est r\u00e9put\u00e9 pour ses vertus de vitalit\u00e9, d'ancrage et de renforcement, tant sur le plan physique qu'\u00e9motionnel et spirituel. Sur le plan physique, il stimule la circulation sanguine, renforce le syst\u00e8me immunitaire et a m\u00eame un effet aphrodisiaque. Sur le plan \u00e9motionnel et spirituel, il procure confiance en soi, courage, et aide \u00e0 l'ancrage en \u00e9quilibrant le chakra racine. On peut l\u2019utiliser pour renforcer notre soin SANG SACRE.\u00a0 A s\u2019offrir pour recouvrer un grand bien-\u00eatre ou \u00e0 offrir \u00e0 quelqu\u2019un qui en a besoin.\u00a0Un bracelet de pierre est aussi un cercle de protection, un anneau de r\u00e9sonance destin\u00e9 \u00e0 harmoniser les flux de vie entre la Terre et le Ciel. La pierre est m\u00e9moire, elle importe les bienfaits conjugu\u00e9s de la terre et du cosmos.\u00a0 Son \u00e9nergie est toujours b\u00e9n\u00e9fique une fois que le bijou ou la simple pierre ont \u00e9t\u00e9 purifi\u00e9s. On peut cr\u00e9er de belles synergies avec l\u2019\u0153il de tigre, le jaspe cr\u00e8me et le cristal de roche; ainsi mari\u00e9 \u00e0 d\u2019autres pierres, il vous offre une gamme compl\u00e8te d'ondes tr\u00e8s positives.\u00a0 A s\u2019offrir d\u2019urgence ou \u00e0 offrir \u00e0 quelqu\u2019un de tr\u00e8s aim\u00e9.e.","og_url":"https:\/\/www.spirit-us.eu\/index.php\/produit\/bracelet-en-jaspe-rouge\/","og_site_name":"Spirit-US","article_publisher":"https:\/\/www.facebook.com\/spirit.us.deum","article_modified_time":"2025-12-17T09:45:55+00:00","og_image":[{"width":1080,"height":1080,"url":"https:\/\/www.spirit-us.eu\/wp-content\/uploads\/2025\/11\/bracelet-terracotta-en-situation.png","type":"image\/png"}],"twitter_card":"summary_large_image","twitter_misc":{"Dur\u00e9e de lecture estim\u00e9e":"1 minute"},"schema":{"@context":"https:\/\/schema.org","@graph":[{"@type":"WebPage","@id":"https:\/\/www.spirit-us.eu\/index.php\/produit\/bracelet-en-jaspe-rouge\/","url":"https:\/\/www.spirit-us.eu\/index.php\/produit\/bracelet-en-jaspe-rouge\/","name":"BRACELET en JASPE ROUGE - Spirit-US","isPartOf":{"@id":"https:\/\/www.spirit-us.eu\/#website"},"primaryImageOfPage":{"@id":"https:\/\/www.spirit-us.eu\/index.php\/produit\/bracelet-en-jaspe-rouge\/#primaryimage"},"image":{"@id":"https:\/\/www.spirit-us.eu\/index.php\/produit\/bracelet-en-jaspe-rouge\/#primaryimage"},"thumbnailUrl":"https:\/\/www.spirit-us.eu\/wp-content\/uploads\/2025\/11\/bracelet-terracotta-en-situation.png","datePublished":"2025-11-10T05:49:25+00:00","dateModified":"2025-12-17T09:45:55+00:00","breadcrumb":{"@id":"https:\/\/www.spirit-us.eu\/index.php\/produit\/bracelet-en-jaspe-rouge\/#breadcrumb"},"inLanguage":"fr-FR","potentialAction":[{"@type":"ReadAction","target":["https:\/\/www.spirit-us.eu\/index.php\/produit\/bracelet-en-jaspe-rouge\/"]}]},{"@type":"ImageObject","inLanguage":"fr-FR","@id":"https:\/\/www.spirit-us.eu\/index.php\/produit\/bracelet-en-jaspe-rouge\/#primaryimage","url":"https:\/\/www.spirit-us.eu\/wp-content\/uploads\/2025\/11\/bracelet-terracotta-en-situation.png","contentUrl":"https:\/\/www.spirit-us.eu\/wp-content\/uploads\/2025\/11\/bracelet-terracotta-en-situation.png","width":1080,"height":1080},{"@type":"BreadcrumbList","@id":"https:\/\/www.spirit-us.eu\/index.php\/produit\/bracelet-en-jaspe-rouge\/#breadcrumb","itemListElement":[{"@type":"ListItem","position":1,"name":"Accueil","item":"https:\/\/www.spirit-us.eu\/"},{"@type":"ListItem","position":2,"name":"Boutique","item":"https:\/\/www.spirit-us.eu\/index.php\/boutique\/"},{"@type":"ListItem","position":3,"name":"BRACELET en JASPE ROUGE"}]},{"@type":"WebSite","@id":"https:\/\/www.spirit-us.eu\/#website","url":"https:\/\/www.spirit-us.eu\/","name":"Spirit-US","description":"","publisher":{"@id":"https:\/\/www.spirit-us.eu\/#organization"},"potentialAction":[{"@type":"SearchAction","target":{"@type":"EntryPoint","urlTemplate":"https:\/\/www.spirit-us.eu\/?s={search_term_string}"},"query-input":{"@type":"PropertyValueSpecification","valueRequired":true,"valueName":"search_term_string"}}],"inLanguage":"fr-FR"},{"@type":"Organization","@id":"https:\/\/www.spirit-us.eu\/#organization","name":"Spirit-US","url":"https:\/\/www.spirit-us.eu\/","logo":{"@type":"ImageObject","inLanguage":"fr-FR","@id":"https:\/\/www.spirit-us.eu\/#\/schema\/logo\/image\/","url":"https:\/\/www.spirit-us.eu\/wp-content\/uploads\/2025\/11\/logo-regarde-linterlocutrice-sans-arrriere-plan.jpg","contentUrl":"https:\/\/www.spirit-us.eu\/wp-content\/uploads\/2025\/11\/logo-regarde-linterlocutrice-sans-arrriere-plan.jpg","width":1080,"height":1080,"caption":"Spirit-US"},"image":{"@id":"https:\/\/www.spirit-us.eu\/#\/schema\/logo\/image\/"},"sameAs":["https:\/\/www.facebook.com\/spirit.us.deum"]}]}},"jetpack_sharing_enabled":true,"_links":{"self":[{"href":"https:\/\/www.spirit-us.eu\/index.php\/wp-json\/wp\/v2\/product\/2249","targetHints":{"allow":["GET"]}}],"collection":[{"href":"https:\/\/www.spirit-us.eu\/index.php\/wp-json\/wp\/v2\/product"}],"about":[{"href":"https:\/\/www.spirit-us.eu\/index.php\/wp-json\/wp\/v2\/types\/product"}],"replies":[{"embeddable":true,"href":"https:\/\/www.spirit-us.eu\/index.php\/wp-json\/wp\/v2\/comments?post=2249"}],"wp:featuredmedia":[{"embeddable":true,"href":"https:\/\/www.spirit-us.eu\/index.php\/wp-json\/wp\/v2\/media\/2274"}],"wp:attachment":[{"href":"https:\/\/www.spirit-us.eu\/index.php\/wp-json\/wp\/v2\/media?parent=2249"}],"wp:term":[{"taxonomy":"product_brand","embeddable":true,"href":"https:\/\/www.spirit-us.eu\/index.php\/wp-json\/wp\/v2\/product_brand?post=2249"},{"taxonomy":"product_cat","embeddable":true,"href":"https:\/\/www.spirit-us.eu\/index.php\/wp-json\/wp\/v2\/product_cat?post=2249"},{"taxonomy":"product_tag","embeddable":true,"href":"https:\/\/www.spirit-us.eu\/index.php\/wp-json\/wp\/v2\/product_tag?post=2249"},{"taxonomy":"mwb_booking_cost","embeddable":true,"href":"https:\/\/www.spirit-us.eu\/index.php\/wp-json\/wp\/v2\/mwb_booking_cost?post=2249"},{"taxonomy":"mwb_booking_service","embeddable":true,"href":"https:\/\/www.spirit-us.eu\/index.php\/wp-json\/wp\/v2\/mwb_booking_service?post=2249"}],"curies":[{"name":"wp","href":"https:\/\/api.w.org\/{rel}","templated":true}]}}