{"id":2245,"date":"2025-11-10T06:20:13","date_gmt":"2025-11-10T05:20:13","guid":{"rendered":"https:\/\/www.spirit-us.eu\/?post_type=product&#038;p=2245"},"modified":"2025-12-17T10:46:12","modified_gmt":"2025-12-17T09:46:12","slug":"bracelet-en-oeil-de-tigre","status":"publish","type":"product","link":"https:\/\/www.spirit-us.eu\/index.php\/produit\/bracelet-en-oeil-de-tigre\/","title":{"rendered":"BRACELET en \u0152IL DE TIGRE"},"content":{"rendered":"<p><strong>Pr\u00e9sentation\u00a0: <\/strong>bijou livr\u00e9 dans une jolie pochette de couleur proche de celle des pierres naturelles composant le bracelet et en fonction du stock<\/p>\n<p><strong>Livr\u00e9 b\u00e9ni sur demande et intention\u00a0: <\/strong>il vous est possible de demander un pentacle de protection \u2013 dans ce cas, \u00e9crivez-nous et consultez notre onglet \u00ab Pentacles \u00bb \/ demandez le pentacle de bien-\u00eatre et d&rsquo;ancrage ou pr\u00e9cisez une autre intention harmonis\u00e9e avec les bienfaits des pierres naturelles<\/p>\n<p><strong>Type<\/strong> :\u00a0\u00a0bracelet baroque \u2013 pierres naturelles \u00ab\u00a0boules\u00a0\u00bb de 8 mm<\/p>\n<p><strong>De facture 100% artisanale<\/strong><\/p>\n<p><strong>Pierre(s) naturelles<\/strong> : au choix \/ vertus des pierres synergies avec bracelets en cristal de roche, en jaspe beige ou rouge,\u00a0 ou d\u2019autres combinaisons plus audacieuses (voir la palette de ces bracelets)<\/p>\n<p><strong>Qualit\u00e9<\/strong> : AA (Tr\u00e8s \u00e9lev\u00e9e)<\/p>\n<p><strong>Couleur <\/strong>:\u00a0 marron ambr\u00e9, vein\u00e9, marron fonc\u00e9 translucide diff\u00e9rentes nuances dans un m\u00eame bracelet<\/p>\n<p><strong>Apparence<\/strong> : Boule \/ Polies et baroques (ovale l\u00e9g\u00e8rement irr\u00e9gulier)<\/p>\n<p><strong>Tour de poignet<\/strong>\u00a0: 18-22 \u00a0cm<\/p>\n<p>*La taille des perles peut varier de 07,5 \u00e0 08,5mm.<\/p>\n<p>Les perles sont fabriqu\u00e9es de fa\u00e7on artisanale, ce qui explique que leur taille puisse varier de +\/- 0.5mm.<\/p>\n<p><strong>Montage<\/strong> : Fil \u00e9lastique nylon 0,8mm transparent ou color\u00e9 selon la couleur dominante des pierres du bracelet<\/p>\n<p>Photos tous droits r\u00e9serv\u00e9s<\/p>\n","protected":false},"excerpt":{"rendered":"<p style=\"text-align: justify;\">Adorable bracelet en \u0153il de tigre, dont les pierres naturelles se d\u00e9clinent en tonalit\u00e9s jouant avec la lumi\u00e8re. L&rsquo;\u0153il de tigre est r\u00e9put\u00e9 pour ses vertus de protection, de confiance en soi et d&rsquo;\u00e9quilibre, \u00e0 la fois sur le plan mental et physique. Il est consid\u00e9r\u00e9 comme un bouclier contre les \u00e9nergies n\u00e9gatives et les mauvais sorts. Sur le plan physique, il aide \u00e0 renforcer le syst\u00e8me respiratoire, \u00e0 apaiser les tensions et les troubles digestifs, et \u00e0 am\u00e9liorer l&rsquo;acuit\u00e9 visuelle. En ce sens, l\u2019\u00e9nergie de cette pierre naturelle, associ\u00e9e au chakra terre (\u00e9toile de la terre) apporte un ancrage puissant, l\u2019\u00e9quilibre et la stabilit\u00e9. Un bracelet de pierre est aussi un cercle de protection, un anneau de r\u00e9sonance destin\u00e9 \u00e0 harmoniser les flux de vie entre la Terre et le Ciel. La pierre est m\u00e9moire, elle importe les bienfaits conjugu\u00e9s de la terre et du cosmos.\u00a0 Son \u00e9nergie est toujours b\u00e9n\u00e9fique une fois que le bijou ou la simple pierre ont \u00e9t\u00e9 purifi\u00e9s. On peut cr\u00e9er de belles synergies avec l\u2019aventurine verte mari\u00e9e \u00e0 d\u2019autres pierres comme un autre bracelet en quartz rose, et en cristal de roche.\u00a0 A s\u2019offrir d\u2019urgence ou \u00e0 offrir \u00e0 quelqu\u2019un de tr\u00e8s aim\u00e9.e.<\/p>\n","protected":false},"featured_media":2276,"comment_status":"open","ping_status":"closed","template":"","meta":[],"product_brand":[],"product_cat":[156,460,17],"product_tag":[223,220,188,331],"mwb_booking_cost":[],"mwb_booking_service":[],"class_list":{"0":"post-2245","1":"product","2":"type-product","3":"status-publish","4":"has-post-thumbnail","6":"product_cat-04-bijoux","7":"product_cat-bracelets","8":"product_cat-tous-les-produits","9":"product_tag-ancrage","10":"product_tag-chakra-terre","11":"product_tag-chakras-collection","12":"product_tag-protection-terrestre","14":"first","15":"instock","16":"shipping-taxable","17":"purchasable","18":"product-type-simple"},"yoast_head":"<!-- This site is optimized with the Yoast SEO plugin v27.1.1 - https:\/\/yoast.com\/product\/yoast-seo-wordpress\/ -->\n<title>BRACELET en \u0152IL DE TIGRE - Spirit-US<\/title>\n<meta name=\"robots\" content=\"index, follow, max-snippet:-1, max-image-preview:large, max-video-preview:-1\" \/>\n<link rel=\"canonical\" href=\"https:\/\/www.spirit-us.eu\/index.php\/produit\/bracelet-en-oeil-de-tigre\/\" \/>\n<meta property=\"og:locale\" content=\"fr_FR\" \/>\n<meta property=\"og:type\" content=\"article\" \/>\n<meta property=\"og:title\" content=\"BRACELET en \u0152IL DE TIGRE - Spirit-US\" \/>\n<meta property=\"og:description\" content=\"Adorable bracelet en \u0153il de tigre, dont les pierres naturelles se d\u00e9clinent en tonalit\u00e9s jouant avec la lumi\u00e8re. L&#039;\u0153il de tigre est r\u00e9put\u00e9 pour ses vertus de protection, de confiance en soi et d&#039;\u00e9quilibre, \u00e0 la fois sur le plan mental et physique. Il est consid\u00e9r\u00e9 comme un bouclier contre les \u00e9nergies n\u00e9gatives et les mauvais sorts. Sur le plan physique, il aide \u00e0 renforcer le syst\u00e8me respiratoire, \u00e0 apaiser les tensions et les troubles digestifs, et \u00e0 am\u00e9liorer l&#039;acuit\u00e9 visuelle. En ce sens, l\u2019\u00e9nergie de cette pierre naturelle, associ\u00e9e au chakra terre (\u00e9toile de la terre) apporte un ancrage puissant, l\u2019\u00e9quilibre et la stabilit\u00e9. Un bracelet de pierre est aussi un cercle de protection, un anneau de r\u00e9sonance destin\u00e9 \u00e0 harmoniser les flux de vie entre la Terre et le Ciel. La pierre est m\u00e9moire, elle importe les bienfaits conjugu\u00e9s de la terre et du cosmos.\u00a0 Son \u00e9nergie est toujours b\u00e9n\u00e9fique une fois que le bijou ou la simple pierre ont \u00e9t\u00e9 purifi\u00e9s. On peut cr\u00e9er de belles synergies avec l\u2019aventurine verte mari\u00e9e \u00e0 d\u2019autres pierres comme un autre bracelet en quartz rose, et en cristal de roche.\u00a0 A s\u2019offrir d\u2019urgence ou \u00e0 offrir \u00e0 quelqu\u2019un de tr\u00e8s aim\u00e9.e.\" \/>\n<meta property=\"og:url\" content=\"https:\/\/www.spirit-us.eu\/index.php\/produit\/bracelet-en-oeil-de-tigre\/\" \/>\n<meta property=\"og:site_name\" content=\"Spirit-US\" \/>\n<meta property=\"article:publisher\" content=\"https:\/\/www.facebook.com\/spirit.us.deum\" \/>\n<meta property=\"article:modified_time\" content=\"2025-12-17T09:46:12+00:00\" \/>\n<meta property=\"og:image\" content=\"https:\/\/www.spirit-us.eu\/wp-content\/uploads\/2025\/11\/IMG_7091-scaled.jpg\" \/>\n\t<meta property=\"og:image:width\" content=\"1877\" \/>\n\t<meta property=\"og:image:height\" content=\"2560\" \/>\n\t<meta property=\"og:image:type\" content=\"image\/jpeg\" \/>\n<meta name=\"twitter:card\" content=\"summary_large_image\" \/>\n<meta name=\"twitter:label1\" content=\"Dur\u00e9e de lecture estim\u00e9e\" \/>\n\t<meta name=\"twitter:data1\" content=\"1 minute\" \/>\n<script type=\"application\/ld+json\" class=\"yoast-schema-graph\">{\"@context\":\"https:\/\/schema.org\",\"@graph\":[{\"@type\":\"WebPage\",\"@id\":\"https:\/\/www.spirit-us.eu\/index.php\/produit\/bracelet-en-oeil-de-tigre\/\",\"url\":\"https:\/\/www.spirit-us.eu\/index.php\/produit\/bracelet-en-oeil-de-tigre\/\",\"name\":\"BRACELET en \u0152IL DE TIGRE - Spirit-US\",\"isPartOf\":{\"@id\":\"https:\/\/www.spirit-us.eu\/#website\"},\"primaryImageOfPage\":{\"@id\":\"https:\/\/www.spirit-us.eu\/index.php\/produit\/bracelet-en-oeil-de-tigre\/#primaryimage\"},\"image\":{\"@id\":\"https:\/\/www.spirit-us.eu\/index.php\/produit\/bracelet-en-oeil-de-tigre\/#primaryimage\"},\"thumbnailUrl\":\"https:\/\/www.spirit-us.eu\/wp-content\/uploads\/2025\/11\/IMG_7091-scaled.jpg\",\"datePublished\":\"2025-11-10T05:20:13+00:00\",\"dateModified\":\"2025-12-17T09:46:12+00:00\",\"breadcrumb\":{\"@id\":\"https:\/\/www.spirit-us.eu\/index.php\/produit\/bracelet-en-oeil-de-tigre\/#breadcrumb\"},\"inLanguage\":\"fr-FR\",\"potentialAction\":[{\"@type\":\"ReadAction\",\"target\":[\"https:\/\/www.spirit-us.eu\/index.php\/produit\/bracelet-en-oeil-de-tigre\/\"]}]},{\"@type\":\"ImageObject\",\"inLanguage\":\"fr-FR\",\"@id\":\"https:\/\/www.spirit-us.eu\/index.php\/produit\/bracelet-en-oeil-de-tigre\/#primaryimage\",\"url\":\"https:\/\/www.spirit-us.eu\/wp-content\/uploads\/2025\/11\/IMG_7091-scaled.jpg\",\"contentUrl\":\"https:\/\/www.spirit-us.eu\/wp-content\/uploads\/2025\/11\/IMG_7091-scaled.jpg\",\"width\":1877,\"height\":2560},{\"@type\":\"BreadcrumbList\",\"@id\":\"https:\/\/www.spirit-us.eu\/index.php\/produit\/bracelet-en-oeil-de-tigre\/#breadcrumb\",\"itemListElement\":[{\"@type\":\"ListItem\",\"position\":1,\"name\":\"Accueil\",\"item\":\"https:\/\/www.spirit-us.eu\/\"},{\"@type\":\"ListItem\",\"position\":2,\"name\":\"Boutique\",\"item\":\"https:\/\/www.spirit-us.eu\/index.php\/boutique\/\"},{\"@type\":\"ListItem\",\"position\":3,\"name\":\"BRACELET en \u0152IL DE TIGRE\"}]},{\"@type\":\"WebSite\",\"@id\":\"https:\/\/www.spirit-us.eu\/#website\",\"url\":\"https:\/\/www.spirit-us.eu\/\",\"name\":\"Spirit-US\",\"description\":\"\",\"publisher\":{\"@id\":\"https:\/\/www.spirit-us.eu\/#organization\"},\"potentialAction\":[{\"@type\":\"SearchAction\",\"target\":{\"@type\":\"EntryPoint\",\"urlTemplate\":\"https:\/\/www.spirit-us.eu\/?s={search_term_string}\"},\"query-input\":{\"@type\":\"PropertyValueSpecification\",\"valueRequired\":true,\"valueName\":\"search_term_string\"}}],\"inLanguage\":\"fr-FR\"},{\"@type\":\"Organization\",\"@id\":\"https:\/\/www.spirit-us.eu\/#organization\",\"name\":\"Spirit-US\",\"url\":\"https:\/\/www.spirit-us.eu\/\",\"logo\":{\"@type\":\"ImageObject\",\"inLanguage\":\"fr-FR\",\"@id\":\"https:\/\/www.spirit-us.eu\/#\/schema\/logo\/image\/\",\"url\":\"https:\/\/www.spirit-us.eu\/wp-content\/uploads\/2025\/11\/logo-regarde-linterlocutrice-sans-arrriere-plan.jpg\",\"contentUrl\":\"https:\/\/www.spirit-us.eu\/wp-content\/uploads\/2025\/11\/logo-regarde-linterlocutrice-sans-arrriere-plan.jpg\",\"width\":1080,\"height\":1080,\"caption\":\"Spirit-US\"},\"image\":{\"@id\":\"https:\/\/www.spirit-us.eu\/#\/schema\/logo\/image\/\"},\"sameAs\":[\"https:\/\/www.facebook.com\/spirit.us.deum\"]}]}<\/script>\n<!-- \/ Yoast SEO plugin. -->","yoast_head_json":{"title":"BRACELET en \u0152IL DE TIGRE - Spirit-US","robots":{"index":"index","follow":"follow","max-snippet":"max-snippet:-1","max-image-preview":"max-image-preview:large","max-video-preview":"max-video-preview:-1"},"canonical":"https:\/\/www.spirit-us.eu\/index.php\/produit\/bracelet-en-oeil-de-tigre\/","og_locale":"fr_FR","og_type":"article","og_title":"BRACELET en \u0152IL DE TIGRE - Spirit-US","og_description":"Adorable bracelet en \u0153il de tigre, dont les pierres naturelles se d\u00e9clinent en tonalit\u00e9s jouant avec la lumi\u00e8re. L'\u0153il de tigre est r\u00e9put\u00e9 pour ses vertus de protection, de confiance en soi et d'\u00e9quilibre, \u00e0 la fois sur le plan mental et physique. Il est consid\u00e9r\u00e9 comme un bouclier contre les \u00e9nergies n\u00e9gatives et les mauvais sorts. Sur le plan physique, il aide \u00e0 renforcer le syst\u00e8me respiratoire, \u00e0 apaiser les tensions et les troubles digestifs, et \u00e0 am\u00e9liorer l'acuit\u00e9 visuelle. En ce sens, l\u2019\u00e9nergie de cette pierre naturelle, associ\u00e9e au chakra terre (\u00e9toile de la terre) apporte un ancrage puissant, l\u2019\u00e9quilibre et la stabilit\u00e9. Un bracelet de pierre est aussi un cercle de protection, un anneau de r\u00e9sonance destin\u00e9 \u00e0 harmoniser les flux de vie entre la Terre et le Ciel. La pierre est m\u00e9moire, elle importe les bienfaits conjugu\u00e9s de la terre et du cosmos.\u00a0 Son \u00e9nergie est toujours b\u00e9n\u00e9fique une fois que le bijou ou la simple pierre ont \u00e9t\u00e9 purifi\u00e9s. On peut cr\u00e9er de belles synergies avec l\u2019aventurine verte mari\u00e9e \u00e0 d\u2019autres pierres comme un autre bracelet en quartz rose, et en cristal de roche.\u00a0 A s\u2019offrir d\u2019urgence ou \u00e0 offrir \u00e0 quelqu\u2019un de tr\u00e8s aim\u00e9.e.","og_url":"https:\/\/www.spirit-us.eu\/index.php\/produit\/bracelet-en-oeil-de-tigre\/","og_site_name":"Spirit-US","article_publisher":"https:\/\/www.facebook.com\/spirit.us.deum","article_modified_time":"2025-12-17T09:46:12+00:00","og_image":[{"width":1877,"height":2560,"url":"https:\/\/www.spirit-us.eu\/wp-content\/uploads\/2025\/11\/IMG_7091-scaled.jpg","type":"image\/jpeg"}],"twitter_card":"summary_large_image","twitter_misc":{"Dur\u00e9e de lecture estim\u00e9e":"1 minute"},"schema":{"@context":"https:\/\/schema.org","@graph":[{"@type":"WebPage","@id":"https:\/\/www.spirit-us.eu\/index.php\/produit\/bracelet-en-oeil-de-tigre\/","url":"https:\/\/www.spirit-us.eu\/index.php\/produit\/bracelet-en-oeil-de-tigre\/","name":"BRACELET en \u0152IL DE TIGRE - Spirit-US","isPartOf":{"@id":"https:\/\/www.spirit-us.eu\/#website"},"primaryImageOfPage":{"@id":"https:\/\/www.spirit-us.eu\/index.php\/produit\/bracelet-en-oeil-de-tigre\/#primaryimage"},"image":{"@id":"https:\/\/www.spirit-us.eu\/index.php\/produit\/bracelet-en-oeil-de-tigre\/#primaryimage"},"thumbnailUrl":"https:\/\/www.spirit-us.eu\/wp-content\/uploads\/2025\/11\/IMG_7091-scaled.jpg","datePublished":"2025-11-10T05:20:13+00:00","dateModified":"2025-12-17T09:46:12+00:00","breadcrumb":{"@id":"https:\/\/www.spirit-us.eu\/index.php\/produit\/bracelet-en-oeil-de-tigre\/#breadcrumb"},"inLanguage":"fr-FR","potentialAction":[{"@type":"ReadAction","target":["https:\/\/www.spirit-us.eu\/index.php\/produit\/bracelet-en-oeil-de-tigre\/"]}]},{"@type":"ImageObject","inLanguage":"fr-FR","@id":"https:\/\/www.spirit-us.eu\/index.php\/produit\/bracelet-en-oeil-de-tigre\/#primaryimage","url":"https:\/\/www.spirit-us.eu\/wp-content\/uploads\/2025\/11\/IMG_7091-scaled.jpg","contentUrl":"https:\/\/www.spirit-us.eu\/wp-content\/uploads\/2025\/11\/IMG_7091-scaled.jpg","width":1877,"height":2560},{"@type":"BreadcrumbList","@id":"https:\/\/www.spirit-us.eu\/index.php\/produit\/bracelet-en-oeil-de-tigre\/#breadcrumb","itemListElement":[{"@type":"ListItem","position":1,"name":"Accueil","item":"https:\/\/www.spirit-us.eu\/"},{"@type":"ListItem","position":2,"name":"Boutique","item":"https:\/\/www.spirit-us.eu\/index.php\/boutique\/"},{"@type":"ListItem","position":3,"name":"BRACELET en \u0152IL DE TIGRE"}]},{"@type":"WebSite","@id":"https:\/\/www.spirit-us.eu\/#website","url":"https:\/\/www.spirit-us.eu\/","name":"Spirit-US","description":"","publisher":{"@id":"https:\/\/www.spirit-us.eu\/#organization"},"potentialAction":[{"@type":"SearchAction","target":{"@type":"EntryPoint","urlTemplate":"https:\/\/www.spirit-us.eu\/?s={search_term_string}"},"query-input":{"@type":"PropertyValueSpecification","valueRequired":true,"valueName":"search_term_string"}}],"inLanguage":"fr-FR"},{"@type":"Organization","@id":"https:\/\/www.spirit-us.eu\/#organization","name":"Spirit-US","url":"https:\/\/www.spirit-us.eu\/","logo":{"@type":"ImageObject","inLanguage":"fr-FR","@id":"https:\/\/www.spirit-us.eu\/#\/schema\/logo\/image\/","url":"https:\/\/www.spirit-us.eu\/wp-content\/uploads\/2025\/11\/logo-regarde-linterlocutrice-sans-arrriere-plan.jpg","contentUrl":"https:\/\/www.spirit-us.eu\/wp-content\/uploads\/2025\/11\/logo-regarde-linterlocutrice-sans-arrriere-plan.jpg","width":1080,"height":1080,"caption":"Spirit-US"},"image":{"@id":"https:\/\/www.spirit-us.eu\/#\/schema\/logo\/image\/"},"sameAs":["https:\/\/www.facebook.com\/spirit.us.deum"]}]}},"jetpack_sharing_enabled":true,"_links":{"self":[{"href":"https:\/\/www.spirit-us.eu\/index.php\/wp-json\/wp\/v2\/product\/2245","targetHints":{"allow":["GET"]}}],"collection":[{"href":"https:\/\/www.spirit-us.eu\/index.php\/wp-json\/wp\/v2\/product"}],"about":[{"href":"https:\/\/www.spirit-us.eu\/index.php\/wp-json\/wp\/v2\/types\/product"}],"replies":[{"embeddable":true,"href":"https:\/\/www.spirit-us.eu\/index.php\/wp-json\/wp\/v2\/comments?post=2245"}],"wp:featuredmedia":[{"embeddable":true,"href":"https:\/\/www.spirit-us.eu\/index.php\/wp-json\/wp\/v2\/media\/2276"}],"wp:attachment":[{"href":"https:\/\/www.spirit-us.eu\/index.php\/wp-json\/wp\/v2\/media?parent=2245"}],"wp:term":[{"taxonomy":"product_brand","embeddable":true,"href":"https:\/\/www.spirit-us.eu\/index.php\/wp-json\/wp\/v2\/product_brand?post=2245"},{"taxonomy":"product_cat","embeddable":true,"href":"https:\/\/www.spirit-us.eu\/index.php\/wp-json\/wp\/v2\/product_cat?post=2245"},{"taxonomy":"product_tag","embeddable":true,"href":"https:\/\/www.spirit-us.eu\/index.php\/wp-json\/wp\/v2\/product_tag?post=2245"},{"taxonomy":"mwb_booking_cost","embeddable":true,"href":"https:\/\/www.spirit-us.eu\/index.php\/wp-json\/wp\/v2\/mwb_booking_cost?post=2245"},{"taxonomy":"mwb_booking_service","embeddable":true,"href":"https:\/\/www.spirit-us.eu\/index.php\/wp-json\/wp\/v2\/mwb_booking_service?post=2245"}],"curies":[{"name":"wp","href":"https:\/\/api.w.org\/{rel}","templated":true}]}}