{"id":2229,"date":"2025-11-04T12:03:36","date_gmt":"2025-11-04T11:03:36","guid":{"rendered":"https:\/\/www.spirit-us.eu\/?post_type=product&#038;p=2229"},"modified":"2025-12-17T11:10:36","modified_gmt":"2025-12-17T10:10:36","slug":"broche-libellule-rouge-vitalite-amour-sexualite","status":"publish","type":"product","link":"https:\/\/www.spirit-us.eu\/index.php\/produit\/broche-libellule-rouge-vitalite-amour-sexualite\/","title":{"rendered":"BROCHE LIBELLULE"},"content":{"rendered":"<p><strong>Mat\u00e9riaux\u00a0<\/strong>: zinc, zircons, pierre synth\u00e9tique, m\u00e9tal dor\u00e9, \u00e9mail color\u00e9<\/p>\n<p><strong>Couleurs\u00a0<\/strong>: broche en m\u00e9tal dor\u00e9 et \u00e9maux, disponible en 4 couleurs<\/p>\n<ul>\n<li>Bleu = protection et changement<\/li>\n<li>Violet = protection spirituelle et accession \u00e0 un niveau sup\u00e9rieur de conscience<\/li>\n<li>Vert = gu\u00e9rison du corps et de l\u2019\u00e2me<\/li>\n<li>Rouge = gu\u00e9rison du corps, gu\u00e9rison des maladies du sang, vitalit\u00e9, travail sur les \u00e9motions comme la col\u00e8re ou la jalousie qu\u2019elle transcende<\/li>\n<\/ul>\n<p><strong>Pr\u00e9sentation\u00a0<\/strong>: dans un sac de velours color\u00e9 et or assorti \u00e0 la couleur du bijou<\/p>\n<p><strong>Dimensions<\/strong>\u00a0:<\/p>\n<ul>\n<li>Envergure des ailes\u00a0: 7,4 cm<\/li>\n<li>Hauteur\u00a0: 5 cm<\/li>\n<\/ul>\n<p><strong>Applications\u00a0: <\/strong>on portera la libellule lorsqu\u2019on voudra apporter un changement significatif dans notre vie, \u00e9motionnelle (lorsqu\u2019on travaille les \u00e9motions, elle est un pr\u00e9cieux alli\u00e9), ou sexuelle ou au plan de la sant\u00e9.<\/p>\n<p><strong>Symbolique et couleurs de ce bijou<\/strong>\u00a0:<\/p>\n<p>Les aspects symboliques de la libellule sont la Transformation et le changement, la facult\u00e9 d\u2019adaptation aux nouvelles situations, la connexion \u00e9motionnelle avec les autres et avec le monde invisible, la l\u00e9g\u00e8ret\u00e9 et la joie. Dans la cat\u00e9gorie des changements, elle annonce aussi la gu\u00e9rison \u2013 dans ce cas, on la choisira verte (l\u2019\u00e9nergie de gu\u00e9rison)\u00a0; elle est porteuse d\u2019un message spirituel et dans ce cas, on la choisit violette\u00a0; porteuse de protection spirituelle \u2013 en bleu. Si vous la choisissez en bleu-vert d\u2019eau, elle repr\u00e9sente le courage et la victoire (selon les pr\u00e9ceptes des Samoura\u00efs). Et si on souhaite la gu\u00e9rison corporelle ou l\u2019amour pur terrestre, on la choisira en rouge, signe de vitalit\u00e9 et de sang vivant parfaitement fonctionnel.<\/p>\n","protected":false},"excerpt":{"rendered":"<p style=\"text-align: justify;\">Spirituellement, la libellule est un symbole fort de transformation, de changement et d&rsquo;adaptabilit\u00e9, en raison de son cycle de vie : dans l\u2019eau et dans le ciel, vie aquatique vers le ciel ; et pour sa capacit\u00e9 \u00e0 changer de couleur. Elle est aussi associ\u00e9e \u00e0 la l\u00e9g\u00e8ret\u00e9 et \u00e0 la joie, et \u00e0 l&rsquo;exploration des \u00e9motions. On l\u2019aime aussi pour sa capacit\u00e9 \u00e0 voir la v\u00e9rit\u00e9 au-del\u00e0 des illusions. Elle peut repr\u00e9senter la sagesse, la gu\u00e9rison, la cr\u00e9ativit\u00e9 et un lien \u00e9l\u00e9mental terre-eau-ciel et monde spirituel. Cette broche adorable se d\u00e9cline en 4 couleurs : elle chatoie au soleil.\u00a0 Son corps est fait d\u2019une pierre synth\u00e9tique color\u00e9e, ses ailes et son corps d\u2019\u00e9mail color\u00e9 rehauss\u00e9 se zircons et de m\u00e9tal dor\u00e9. On l&rsquo;offre ou on se l&rsquo;offre quand de beaux et bons changements doivent s&rsquo;accomplir. Ses dimensions sont parfaites, ni trop grande ni trop petite : elle rehausse subliment une tenue en toute occasion.<\/p>\n","protected":false},"featured_media":2224,"comment_status":"open","ping_status":"closed","template":"","meta":[],"product_brand":[],"product_cat":[156,465,17],"product_tag":[324,325,218,289],"mwb_booking_cost":[],"mwb_booking_service":[],"class_list":{"0":"post-2229","1":"product","2":"type-product","3":"status-publish","4":"has-post-thumbnail","6":"product_cat-04-bijoux","7":"product_cat-broches","8":"product_cat-tous-les-produits","9":"product_tag-changement","10":"product_tag-elemental","11":"product_tag-spiritualite","12":"product_tag-vitalite","14":"first","15":"instock","16":"shipping-taxable","17":"purchasable","18":"product-type-simple"},"yoast_head":"<!-- This site is optimized with the Yoast SEO plugin v27.1.1 - https:\/\/yoast.com\/product\/yoast-seo-wordpress\/ -->\n<title>BROCHE LIBELLULE - Spirit-US<\/title>\n<meta name=\"robots\" content=\"index, follow, max-snippet:-1, max-image-preview:large, max-video-preview:-1\" \/>\n<link rel=\"canonical\" href=\"https:\/\/www.spirit-us.eu\/index.php\/produit\/broche-libellule-rouge-vitalite-amour-sexualite\/\" \/>\n<meta property=\"og:locale\" content=\"fr_FR\" \/>\n<meta property=\"og:type\" content=\"article\" \/>\n<meta property=\"og:title\" content=\"BROCHE LIBELLULE - Spirit-US\" \/>\n<meta property=\"og:description\" content=\"Spirituellement, la libellule est un symbole fort de transformation, de changement et d&#039;adaptabilit\u00e9, en raison de son cycle de vie : dans l\u2019eau et dans le ciel, vie aquatique vers le ciel ; et pour sa capacit\u00e9 \u00e0 changer de couleur. Elle est aussi associ\u00e9e \u00e0 la l\u00e9g\u00e8ret\u00e9 et \u00e0 la joie, et \u00e0 l&#039;exploration des \u00e9motions. On l\u2019aime aussi pour sa capacit\u00e9 \u00e0 voir la v\u00e9rit\u00e9 au-del\u00e0 des illusions. Elle peut repr\u00e9senter la sagesse, la gu\u00e9rison, la cr\u00e9ativit\u00e9 et un lien \u00e9l\u00e9mental terre-eau-ciel et monde spirituel. Cette broche adorable se d\u00e9cline en 4 couleurs : elle chatoie au soleil.\u00a0 Son corps est fait d\u2019une pierre synth\u00e9tique color\u00e9e, ses ailes et son corps d\u2019\u00e9mail color\u00e9 rehauss\u00e9 se zircons et de m\u00e9tal dor\u00e9. On l&#039;offre ou on se l&#039;offre quand de beaux et bons changements doivent s&#039;accomplir. Ses dimensions sont parfaites, ni trop grande ni trop petite : elle rehausse subliment une tenue en toute occasion.\" \/>\n<meta property=\"og:url\" content=\"https:\/\/www.spirit-us.eu\/index.php\/produit\/broche-libellule-rouge-vitalite-amour-sexualite\/\" \/>\n<meta property=\"og:site_name\" content=\"Spirit-US\" \/>\n<meta property=\"article:publisher\" content=\"https:\/\/www.facebook.com\/spirit.us.deum\" \/>\n<meta property=\"article:modified_time\" content=\"2025-12-17T10:10:36+00:00\" \/>\n<meta property=\"og:image\" content=\"https:\/\/www.spirit-us.eu\/wp-content\/uploads\/2025\/11\/libellule-rouge-1024x1024.png\" \/>\n\t<meta property=\"og:image:width\" content=\"1024\" \/>\n\t<meta property=\"og:image:height\" content=\"1024\" \/>\n\t<meta property=\"og:image:type\" content=\"image\/png\" \/>\n<meta name=\"twitter:card\" content=\"summary_large_image\" \/>\n<meta name=\"twitter:label1\" content=\"Dur\u00e9e de lecture estim\u00e9e\" \/>\n\t<meta name=\"twitter:data1\" content=\"1 minute\" \/>\n<script type=\"application\/ld+json\" class=\"yoast-schema-graph\">{\"@context\":\"https:\/\/schema.org\",\"@graph\":[{\"@type\":\"WebPage\",\"@id\":\"https:\/\/www.spirit-us.eu\/index.php\/produit\/broche-libellule-rouge-vitalite-amour-sexualite\/\",\"url\":\"https:\/\/www.spirit-us.eu\/index.php\/produit\/broche-libellule-rouge-vitalite-amour-sexualite\/\",\"name\":\"BROCHE LIBELLULE - Spirit-US\",\"isPartOf\":{\"@id\":\"https:\/\/www.spirit-us.eu\/#website\"},\"primaryImageOfPage\":{\"@id\":\"https:\/\/www.spirit-us.eu\/index.php\/produit\/broche-libellule-rouge-vitalite-amour-sexualite\/#primaryimage\"},\"image\":{\"@id\":\"https:\/\/www.spirit-us.eu\/index.php\/produit\/broche-libellule-rouge-vitalite-amour-sexualite\/#primaryimage\"},\"thumbnailUrl\":\"https:\/\/www.spirit-us.eu\/wp-content\/uploads\/2025\/11\/libellule-rouge.png\",\"datePublished\":\"2025-11-04T11:03:36+00:00\",\"dateModified\":\"2025-12-17T10:10:36+00:00\",\"breadcrumb\":{\"@id\":\"https:\/\/www.spirit-us.eu\/index.php\/produit\/broche-libellule-rouge-vitalite-amour-sexualite\/#breadcrumb\"},\"inLanguage\":\"fr-FR\",\"potentialAction\":[{\"@type\":\"ReadAction\",\"target\":[\"https:\/\/www.spirit-us.eu\/index.php\/produit\/broche-libellule-rouge-vitalite-amour-sexualite\/\"]}]},{\"@type\":\"ImageObject\",\"inLanguage\":\"fr-FR\",\"@id\":\"https:\/\/www.spirit-us.eu\/index.php\/produit\/broche-libellule-rouge-vitalite-amour-sexualite\/#primaryimage\",\"url\":\"https:\/\/www.spirit-us.eu\/wp-content\/uploads\/2025\/11\/libellule-rouge.png\",\"contentUrl\":\"https:\/\/www.spirit-us.eu\/wp-content\/uploads\/2025\/11\/libellule-rouge.png\",\"width\":1485,\"height\":1485},{\"@type\":\"BreadcrumbList\",\"@id\":\"https:\/\/www.spirit-us.eu\/index.php\/produit\/broche-libellule-rouge-vitalite-amour-sexualite\/#breadcrumb\",\"itemListElement\":[{\"@type\":\"ListItem\",\"position\":1,\"name\":\"Accueil\",\"item\":\"https:\/\/www.spirit-us.eu\/\"},{\"@type\":\"ListItem\",\"position\":2,\"name\":\"Boutique\",\"item\":\"https:\/\/www.spirit-us.eu\/index.php\/boutique\/\"},{\"@type\":\"ListItem\",\"position\":3,\"name\":\"BROCHE LIBELLULE\"}]},{\"@type\":\"WebSite\",\"@id\":\"https:\/\/www.spirit-us.eu\/#website\",\"url\":\"https:\/\/www.spirit-us.eu\/\",\"name\":\"Spirit-US\",\"description\":\"\",\"publisher\":{\"@id\":\"https:\/\/www.spirit-us.eu\/#organization\"},\"potentialAction\":[{\"@type\":\"SearchAction\",\"target\":{\"@type\":\"EntryPoint\",\"urlTemplate\":\"https:\/\/www.spirit-us.eu\/?s={search_term_string}\"},\"query-input\":{\"@type\":\"PropertyValueSpecification\",\"valueRequired\":true,\"valueName\":\"search_term_string\"}}],\"inLanguage\":\"fr-FR\"},{\"@type\":\"Organization\",\"@id\":\"https:\/\/www.spirit-us.eu\/#organization\",\"name\":\"Spirit-US\",\"url\":\"https:\/\/www.spirit-us.eu\/\",\"logo\":{\"@type\":\"ImageObject\",\"inLanguage\":\"fr-FR\",\"@id\":\"https:\/\/www.spirit-us.eu\/#\/schema\/logo\/image\/\",\"url\":\"https:\/\/www.spirit-us.eu\/wp-content\/uploads\/2025\/11\/logo-regarde-linterlocutrice-sans-arrriere-plan.jpg\",\"contentUrl\":\"https:\/\/www.spirit-us.eu\/wp-content\/uploads\/2025\/11\/logo-regarde-linterlocutrice-sans-arrriere-plan.jpg\",\"width\":1080,\"height\":1080,\"caption\":\"Spirit-US\"},\"image\":{\"@id\":\"https:\/\/www.spirit-us.eu\/#\/schema\/logo\/image\/\"},\"sameAs\":[\"https:\/\/www.facebook.com\/spirit.us.deum\"]}]}<\/script>\n<!-- \/ Yoast SEO plugin. -->","yoast_head_json":{"title":"BROCHE LIBELLULE - Spirit-US","robots":{"index":"index","follow":"follow","max-snippet":"max-snippet:-1","max-image-preview":"max-image-preview:large","max-video-preview":"max-video-preview:-1"},"canonical":"https:\/\/www.spirit-us.eu\/index.php\/produit\/broche-libellule-rouge-vitalite-amour-sexualite\/","og_locale":"fr_FR","og_type":"article","og_title":"BROCHE LIBELLULE - Spirit-US","og_description":"Spirituellement, la libellule est un symbole fort de transformation, de changement et d'adaptabilit\u00e9, en raison de son cycle de vie : dans l\u2019eau et dans le ciel, vie aquatique vers le ciel ; et pour sa capacit\u00e9 \u00e0 changer de couleur. Elle est aussi associ\u00e9e \u00e0 la l\u00e9g\u00e8ret\u00e9 et \u00e0 la joie, et \u00e0 l'exploration des \u00e9motions. On l\u2019aime aussi pour sa capacit\u00e9 \u00e0 voir la v\u00e9rit\u00e9 au-del\u00e0 des illusions. Elle peut repr\u00e9senter la sagesse, la gu\u00e9rison, la cr\u00e9ativit\u00e9 et un lien \u00e9l\u00e9mental terre-eau-ciel et monde spirituel. Cette broche adorable se d\u00e9cline en 4 couleurs : elle chatoie au soleil.\u00a0 Son corps est fait d\u2019une pierre synth\u00e9tique color\u00e9e, ses ailes et son corps d\u2019\u00e9mail color\u00e9 rehauss\u00e9 se zircons et de m\u00e9tal dor\u00e9. On l'offre ou on se l'offre quand de beaux et bons changements doivent s'accomplir. Ses dimensions sont parfaites, ni trop grande ni trop petite : elle rehausse subliment une tenue en toute occasion.","og_url":"https:\/\/www.spirit-us.eu\/index.php\/produit\/broche-libellule-rouge-vitalite-amour-sexualite\/","og_site_name":"Spirit-US","article_publisher":"https:\/\/www.facebook.com\/spirit.us.deum","article_modified_time":"2025-12-17T10:10:36+00:00","og_image":[{"width":1024,"height":1024,"url":"https:\/\/www.spirit-us.eu\/wp-content\/uploads\/2025\/11\/libellule-rouge-1024x1024.png","type":"image\/png"}],"twitter_card":"summary_large_image","twitter_misc":{"Dur\u00e9e de lecture estim\u00e9e":"1 minute"},"schema":{"@context":"https:\/\/schema.org","@graph":[{"@type":"WebPage","@id":"https:\/\/www.spirit-us.eu\/index.php\/produit\/broche-libellule-rouge-vitalite-amour-sexualite\/","url":"https:\/\/www.spirit-us.eu\/index.php\/produit\/broche-libellule-rouge-vitalite-amour-sexualite\/","name":"BROCHE LIBELLULE - Spirit-US","isPartOf":{"@id":"https:\/\/www.spirit-us.eu\/#website"},"primaryImageOfPage":{"@id":"https:\/\/www.spirit-us.eu\/index.php\/produit\/broche-libellule-rouge-vitalite-amour-sexualite\/#primaryimage"},"image":{"@id":"https:\/\/www.spirit-us.eu\/index.php\/produit\/broche-libellule-rouge-vitalite-amour-sexualite\/#primaryimage"},"thumbnailUrl":"https:\/\/www.spirit-us.eu\/wp-content\/uploads\/2025\/11\/libellule-rouge.png","datePublished":"2025-11-04T11:03:36+00:00","dateModified":"2025-12-17T10:10:36+00:00","breadcrumb":{"@id":"https:\/\/www.spirit-us.eu\/index.php\/produit\/broche-libellule-rouge-vitalite-amour-sexualite\/#breadcrumb"},"inLanguage":"fr-FR","potentialAction":[{"@type":"ReadAction","target":["https:\/\/www.spirit-us.eu\/index.php\/produit\/broche-libellule-rouge-vitalite-amour-sexualite\/"]}]},{"@type":"ImageObject","inLanguage":"fr-FR","@id":"https:\/\/www.spirit-us.eu\/index.php\/produit\/broche-libellule-rouge-vitalite-amour-sexualite\/#primaryimage","url":"https:\/\/www.spirit-us.eu\/wp-content\/uploads\/2025\/11\/libellule-rouge.png","contentUrl":"https:\/\/www.spirit-us.eu\/wp-content\/uploads\/2025\/11\/libellule-rouge.png","width":1485,"height":1485},{"@type":"BreadcrumbList","@id":"https:\/\/www.spirit-us.eu\/index.php\/produit\/broche-libellule-rouge-vitalite-amour-sexualite\/#breadcrumb","itemListElement":[{"@type":"ListItem","position":1,"name":"Accueil","item":"https:\/\/www.spirit-us.eu\/"},{"@type":"ListItem","position":2,"name":"Boutique","item":"https:\/\/www.spirit-us.eu\/index.php\/boutique\/"},{"@type":"ListItem","position":3,"name":"BROCHE LIBELLULE"}]},{"@type":"WebSite","@id":"https:\/\/www.spirit-us.eu\/#website","url":"https:\/\/www.spirit-us.eu\/","name":"Spirit-US","description":"","publisher":{"@id":"https:\/\/www.spirit-us.eu\/#organization"},"potentialAction":[{"@type":"SearchAction","target":{"@type":"EntryPoint","urlTemplate":"https:\/\/www.spirit-us.eu\/?s={search_term_string}"},"query-input":{"@type":"PropertyValueSpecification","valueRequired":true,"valueName":"search_term_string"}}],"inLanguage":"fr-FR"},{"@type":"Organization","@id":"https:\/\/www.spirit-us.eu\/#organization","name":"Spirit-US","url":"https:\/\/www.spirit-us.eu\/","logo":{"@type":"ImageObject","inLanguage":"fr-FR","@id":"https:\/\/www.spirit-us.eu\/#\/schema\/logo\/image\/","url":"https:\/\/www.spirit-us.eu\/wp-content\/uploads\/2025\/11\/logo-regarde-linterlocutrice-sans-arrriere-plan.jpg","contentUrl":"https:\/\/www.spirit-us.eu\/wp-content\/uploads\/2025\/11\/logo-regarde-linterlocutrice-sans-arrriere-plan.jpg","width":1080,"height":1080,"caption":"Spirit-US"},"image":{"@id":"https:\/\/www.spirit-us.eu\/#\/schema\/logo\/image\/"},"sameAs":["https:\/\/www.facebook.com\/spirit.us.deum"]}]}},"jetpack_sharing_enabled":true,"_links":{"self":[{"href":"https:\/\/www.spirit-us.eu\/index.php\/wp-json\/wp\/v2\/product\/2229","targetHints":{"allow":["GET"]}}],"collection":[{"href":"https:\/\/www.spirit-us.eu\/index.php\/wp-json\/wp\/v2\/product"}],"about":[{"href":"https:\/\/www.spirit-us.eu\/index.php\/wp-json\/wp\/v2\/types\/product"}],"replies":[{"embeddable":true,"href":"https:\/\/www.spirit-us.eu\/index.php\/wp-json\/wp\/v2\/comments?post=2229"}],"wp:featuredmedia":[{"embeddable":true,"href":"https:\/\/www.spirit-us.eu\/index.php\/wp-json\/wp\/v2\/media\/2224"}],"wp:attachment":[{"href":"https:\/\/www.spirit-us.eu\/index.php\/wp-json\/wp\/v2\/media?parent=2229"}],"wp:term":[{"taxonomy":"product_brand","embeddable":true,"href":"https:\/\/www.spirit-us.eu\/index.php\/wp-json\/wp\/v2\/product_brand?post=2229"},{"taxonomy":"product_cat","embeddable":true,"href":"https:\/\/www.spirit-us.eu\/index.php\/wp-json\/wp\/v2\/product_cat?post=2229"},{"taxonomy":"product_tag","embeddable":true,"href":"https:\/\/www.spirit-us.eu\/index.php\/wp-json\/wp\/v2\/product_tag?post=2229"},{"taxonomy":"mwb_booking_cost","embeddable":true,"href":"https:\/\/www.spirit-us.eu\/index.php\/wp-json\/wp\/v2\/mwb_booking_cost?post=2229"},{"taxonomy":"mwb_booking_service","embeddable":true,"href":"https:\/\/www.spirit-us.eu\/index.php\/wp-json\/wp\/v2\/mwb_booking_service?post=2229"}],"curies":[{"name":"wp","href":"https:\/\/api.w.org\/{rel}","templated":true}]}}