{"id":2210,"date":"2025-10-31T16:55:33","date_gmt":"2025-10-31T15:55:33","guid":{"rendered":"https:\/\/www.spirit-us.eu\/?post_type=product&#038;p=2210"},"modified":"2025-10-31T16:56:26","modified_gmt":"2025-10-31T15:56:26","slug":"seance-de-mediumnite","status":"publish","type":"product","link":"https:\/\/www.spirit-us.eu\/index.php\/produit\/seance-de-mediumnite\/","title":{"rendered":"S\u00e9ance de MEDIUMNITE"},"content":{"rendered":"<p><strong>Dur\u00e9e\u00a0<\/strong>: ind\u00e9termin\u00e9e<\/p>\n<p><strong>Moyen de communication :\u00a0<\/strong>en cabinet ou via l&rsquo;application WhatsApp<\/p>\n","protected":false},"excerpt":{"rendered":"<p>Laissez les morts enterrer leurs morts, car moi je suis la R\u00e9surrection et la vie. <em>Verbum Domini<\/em><\/p>\n<p style=\"text-align: justify;\">Exorciser, signifie faire partir les esprits mauvais qui se sont empar\u00e9s indument de la vie de quelqu\u2019un. Parmi ces esprits, il y a ceux des personnes d\u00e9funtes qui ne trouvent pas leur chemin de Lumi\u00e8re, soit qu\u2019elles ne peuvent se r\u00e9soudre \u00e0 quitter le plan d\u2019existence terrestre, soit qu\u2019elles aient encore quelque chose \u00e0 r\u00e9gler, quelqu\u2019un \u00e0 prot\u00e9ger et ch\u00e9rir. Nous acceptons de pratiquer des s\u00e9ances de m\u00e9diumnit\u00e9 dans de tr\u00e8s rares cas, ceux-l\u00e0 justement, lorsque la d\u00e9livrance de l\u2019\u00e2me en souffrance et celles des vivants qu\u2019elle hante est n\u00e9cessaire.\u00a0 Nous nous pla\u00e7ons toujours sous la protection de l\u2019Esprit saint et demandons la permission d\u2019op\u00e9rer.\u00a0 Si cette permission est accord\u00e9e, nous tenterons de d\u00e9livrer les \u00e2mes en peine, qu\u2019elles soient incarn\u00e9es ou non. Une s\u00e9ance proc\u00e8de d\u2019une dur\u00e9e ind\u00e9termin\u00e9e et nous nous r\u00e9servons le droit de la reporter \u00e0 une autre date si toutes les conditions de protection ne sont pas r\u00e9unies. \u00a0Nous pouvons \u00eatre amen\u00e9e \u00e0 solliciter quelques \u00e9l\u00e9ments comme la photo de la personne d\u00e9funte, son pr\u00e9nom et la date de son d\u00e9c\u00e8s (\u00e9ventuellement mais pas syst\u00e9matiquement).<\/p>\n","protected":false},"featured_media":2211,"comment_status":"open","ping_status":"closed","template":"","meta":[],"product_brand":[],"product_cat":[166,17],"product_tag":[219,322,323],"mwb_booking_cost":[],"mwb_booking_service":[],"class_list":{"0":"post-2210","1":"product","2":"type-product","3":"status-publish","4":"has-post-thumbnail","6":"product_cat-07-spiritualite-et-benedictions","7":"product_cat-tous-les-produits","8":"product_tag-medium","9":"product_tag-mediumnite","10":"product_tag-seance-de-mediumnite","12":"first","13":"instock","14":"downloadable","15":"virtual","16":"purchasable","17":"product-type-simple"},"yoast_head":"<!-- This site is optimized with the Yoast SEO plugin v27.1.1 - https:\/\/yoast.com\/product\/yoast-seo-wordpress\/ -->\n<title>S\u00e9ance de MEDIUMNITE - Spirit-US<\/title>\n<meta name=\"robots\" content=\"index, follow, max-snippet:-1, max-image-preview:large, max-video-preview:-1\" \/>\n<link rel=\"canonical\" href=\"https:\/\/www.spirit-us.eu\/index.php\/produit\/seance-de-mediumnite\/\" \/>\n<meta property=\"og:locale\" content=\"fr_FR\" \/>\n<meta property=\"og:type\" content=\"article\" \/>\n<meta property=\"og:title\" content=\"S\u00e9ance de MEDIUMNITE - Spirit-US\" \/>\n<meta property=\"og:description\" content=\"Laissez les morts enterrer leurs morts, car moi je suis la R\u00e9surrection et la vie. Verbum Domini Exorciser, signifie faire partir les esprits mauvais qui se sont empar\u00e9s indument de la vie de quelqu\u2019un. Parmi ces esprits, il y a ceux des personnes d\u00e9funtes qui ne trouvent pas leur chemin de Lumi\u00e8re, soit qu\u2019elles ne peuvent se r\u00e9soudre \u00e0 quitter le plan d\u2019existence terrestre, soit qu\u2019elles aient encore quelque chose \u00e0 r\u00e9gler, quelqu\u2019un \u00e0 prot\u00e9ger et ch\u00e9rir. Nous acceptons de pratiquer des s\u00e9ances de m\u00e9diumnit\u00e9 dans de tr\u00e8s rares cas, ceux-l\u00e0 justement, lorsque la d\u00e9livrance de l\u2019\u00e2me en souffrance et celles des vivants qu\u2019elle hante est n\u00e9cessaire.\u00a0 Nous nous pla\u00e7ons toujours sous la protection de l\u2019Esprit saint et demandons la permission d\u2019op\u00e9rer.\u00a0 Si cette permission est accord\u00e9e, nous tenterons de d\u00e9livrer les \u00e2mes en peine, qu\u2019elles soient incarn\u00e9es ou non. Une s\u00e9ance proc\u00e8de d\u2019une dur\u00e9e ind\u00e9termin\u00e9e et nous nous r\u00e9servons le droit de la reporter \u00e0 une autre date si toutes les conditions de protection ne sont pas r\u00e9unies. \u00a0Nous pouvons \u00eatre amen\u00e9e \u00e0 solliciter quelques \u00e9l\u00e9ments comme la photo de la personne d\u00e9funte, son pr\u00e9nom et la date de son d\u00e9c\u00e8s (\u00e9ventuellement mais pas syst\u00e9matiquement).\" \/>\n<meta property=\"og:url\" content=\"https:\/\/www.spirit-us.eu\/index.php\/produit\/seance-de-mediumnite\/\" \/>\n<meta property=\"og:site_name\" content=\"Spirit-US\" \/>\n<meta property=\"article:publisher\" content=\"https:\/\/www.facebook.com\/spirit.us.deum\" \/>\n<meta property=\"article:modified_time\" content=\"2025-10-31T15:56:26+00:00\" \/>\n<meta property=\"og:image\" content=\"https:\/\/www.spirit-us.eu\/wp-content\/uploads\/2025\/10\/seance-de-mediumnite-image-produit1.png\" \/>\n\t<meta property=\"og:image:width\" content=\"1080\" \/>\n\t<meta property=\"og:image:height\" content=\"1080\" \/>\n\t<meta property=\"og:image:type\" content=\"image\/png\" \/>\n<meta name=\"twitter:card\" content=\"summary_large_image\" \/>\n<script type=\"application\/ld+json\" class=\"yoast-schema-graph\">{\"@context\":\"https:\/\/schema.org\",\"@graph\":[{\"@type\":\"WebPage\",\"@id\":\"https:\/\/www.spirit-us.eu\/index.php\/produit\/seance-de-mediumnite\/\",\"url\":\"https:\/\/www.spirit-us.eu\/index.php\/produit\/seance-de-mediumnite\/\",\"name\":\"S\u00e9ance de MEDIUMNITE - Spirit-US\",\"isPartOf\":{\"@id\":\"https:\/\/www.spirit-us.eu\/#website\"},\"primaryImageOfPage\":{\"@id\":\"https:\/\/www.spirit-us.eu\/index.php\/produit\/seance-de-mediumnite\/#primaryimage\"},\"image\":{\"@id\":\"https:\/\/www.spirit-us.eu\/index.php\/produit\/seance-de-mediumnite\/#primaryimage\"},\"thumbnailUrl\":\"https:\/\/www.spirit-us.eu\/wp-content\/uploads\/2025\/10\/seance-de-mediumnite-image-produit1.png\",\"datePublished\":\"2025-10-31T15:55:33+00:00\",\"dateModified\":\"2025-10-31T15:56:26+00:00\",\"breadcrumb\":{\"@id\":\"https:\/\/www.spirit-us.eu\/index.php\/produit\/seance-de-mediumnite\/#breadcrumb\"},\"inLanguage\":\"fr-FR\",\"potentialAction\":[{\"@type\":\"ReadAction\",\"target\":[\"https:\/\/www.spirit-us.eu\/index.php\/produit\/seance-de-mediumnite\/\"]}]},{\"@type\":\"ImageObject\",\"inLanguage\":\"fr-FR\",\"@id\":\"https:\/\/www.spirit-us.eu\/index.php\/produit\/seance-de-mediumnite\/#primaryimage\",\"url\":\"https:\/\/www.spirit-us.eu\/wp-content\/uploads\/2025\/10\/seance-de-mediumnite-image-produit1.png\",\"contentUrl\":\"https:\/\/www.spirit-us.eu\/wp-content\/uploads\/2025\/10\/seance-de-mediumnite-image-produit1.png\",\"width\":1080,\"height\":1080},{\"@type\":\"BreadcrumbList\",\"@id\":\"https:\/\/www.spirit-us.eu\/index.php\/produit\/seance-de-mediumnite\/#breadcrumb\",\"itemListElement\":[{\"@type\":\"ListItem\",\"position\":1,\"name\":\"Accueil\",\"item\":\"https:\/\/www.spirit-us.eu\/\"},{\"@type\":\"ListItem\",\"position\":2,\"name\":\"Boutique\",\"item\":\"https:\/\/www.spirit-us.eu\/index.php\/boutique\/\"},{\"@type\":\"ListItem\",\"position\":3,\"name\":\"S\u00e9ance de MEDIUMNITE\"}]},{\"@type\":\"WebSite\",\"@id\":\"https:\/\/www.spirit-us.eu\/#website\",\"url\":\"https:\/\/www.spirit-us.eu\/\",\"name\":\"Spirit-US\",\"description\":\"\",\"publisher\":{\"@id\":\"https:\/\/www.spirit-us.eu\/#organization\"},\"potentialAction\":[{\"@type\":\"SearchAction\",\"target\":{\"@type\":\"EntryPoint\",\"urlTemplate\":\"https:\/\/www.spirit-us.eu\/?s={search_term_string}\"},\"query-input\":{\"@type\":\"PropertyValueSpecification\",\"valueRequired\":true,\"valueName\":\"search_term_string\"}}],\"inLanguage\":\"fr-FR\"},{\"@type\":\"Organization\",\"@id\":\"https:\/\/www.spirit-us.eu\/#organization\",\"name\":\"Spirit-US\",\"url\":\"https:\/\/www.spirit-us.eu\/\",\"logo\":{\"@type\":\"ImageObject\",\"inLanguage\":\"fr-FR\",\"@id\":\"https:\/\/www.spirit-us.eu\/#\/schema\/logo\/image\/\",\"url\":\"https:\/\/www.spirit-us.eu\/wp-content\/uploads\/2025\/11\/logo-regarde-linterlocutrice-sans-arrriere-plan.jpg\",\"contentUrl\":\"https:\/\/www.spirit-us.eu\/wp-content\/uploads\/2025\/11\/logo-regarde-linterlocutrice-sans-arrriere-plan.jpg\",\"width\":1080,\"height\":1080,\"caption\":\"Spirit-US\"},\"image\":{\"@id\":\"https:\/\/www.spirit-us.eu\/#\/schema\/logo\/image\/\"},\"sameAs\":[\"https:\/\/www.facebook.com\/spirit.us.deum\"]}]}<\/script>\n<!-- \/ Yoast SEO plugin. -->","yoast_head_json":{"title":"S\u00e9ance de MEDIUMNITE - Spirit-US","robots":{"index":"index","follow":"follow","max-snippet":"max-snippet:-1","max-image-preview":"max-image-preview:large","max-video-preview":"max-video-preview:-1"},"canonical":"https:\/\/www.spirit-us.eu\/index.php\/produit\/seance-de-mediumnite\/","og_locale":"fr_FR","og_type":"article","og_title":"S\u00e9ance de MEDIUMNITE - Spirit-US","og_description":"Laissez les morts enterrer leurs morts, car moi je suis la R\u00e9surrection et la vie. Verbum Domini Exorciser, signifie faire partir les esprits mauvais qui se sont empar\u00e9s indument de la vie de quelqu\u2019un. Parmi ces esprits, il y a ceux des personnes d\u00e9funtes qui ne trouvent pas leur chemin de Lumi\u00e8re, soit qu\u2019elles ne peuvent se r\u00e9soudre \u00e0 quitter le plan d\u2019existence terrestre, soit qu\u2019elles aient encore quelque chose \u00e0 r\u00e9gler, quelqu\u2019un \u00e0 prot\u00e9ger et ch\u00e9rir. Nous acceptons de pratiquer des s\u00e9ances de m\u00e9diumnit\u00e9 dans de tr\u00e8s rares cas, ceux-l\u00e0 justement, lorsque la d\u00e9livrance de l\u2019\u00e2me en souffrance et celles des vivants qu\u2019elle hante est n\u00e9cessaire.\u00a0 Nous nous pla\u00e7ons toujours sous la protection de l\u2019Esprit saint et demandons la permission d\u2019op\u00e9rer.\u00a0 Si cette permission est accord\u00e9e, nous tenterons de d\u00e9livrer les \u00e2mes en peine, qu\u2019elles soient incarn\u00e9es ou non. Une s\u00e9ance proc\u00e8de d\u2019une dur\u00e9e ind\u00e9termin\u00e9e et nous nous r\u00e9servons le droit de la reporter \u00e0 une autre date si toutes les conditions de protection ne sont pas r\u00e9unies. \u00a0Nous pouvons \u00eatre amen\u00e9e \u00e0 solliciter quelques \u00e9l\u00e9ments comme la photo de la personne d\u00e9funte, son pr\u00e9nom et la date de son d\u00e9c\u00e8s (\u00e9ventuellement mais pas syst\u00e9matiquement).","og_url":"https:\/\/www.spirit-us.eu\/index.php\/produit\/seance-de-mediumnite\/","og_site_name":"Spirit-US","article_publisher":"https:\/\/www.facebook.com\/spirit.us.deum","article_modified_time":"2025-10-31T15:56:26+00:00","og_image":[{"width":1080,"height":1080,"url":"https:\/\/www.spirit-us.eu\/wp-content\/uploads\/2025\/10\/seance-de-mediumnite-image-produit1.png","type":"image\/png"}],"twitter_card":"summary_large_image","schema":{"@context":"https:\/\/schema.org","@graph":[{"@type":"WebPage","@id":"https:\/\/www.spirit-us.eu\/index.php\/produit\/seance-de-mediumnite\/","url":"https:\/\/www.spirit-us.eu\/index.php\/produit\/seance-de-mediumnite\/","name":"S\u00e9ance de MEDIUMNITE - Spirit-US","isPartOf":{"@id":"https:\/\/www.spirit-us.eu\/#website"},"primaryImageOfPage":{"@id":"https:\/\/www.spirit-us.eu\/index.php\/produit\/seance-de-mediumnite\/#primaryimage"},"image":{"@id":"https:\/\/www.spirit-us.eu\/index.php\/produit\/seance-de-mediumnite\/#primaryimage"},"thumbnailUrl":"https:\/\/www.spirit-us.eu\/wp-content\/uploads\/2025\/10\/seance-de-mediumnite-image-produit1.png","datePublished":"2025-10-31T15:55:33+00:00","dateModified":"2025-10-31T15:56:26+00:00","breadcrumb":{"@id":"https:\/\/www.spirit-us.eu\/index.php\/produit\/seance-de-mediumnite\/#breadcrumb"},"inLanguage":"fr-FR","potentialAction":[{"@type":"ReadAction","target":["https:\/\/www.spirit-us.eu\/index.php\/produit\/seance-de-mediumnite\/"]}]},{"@type":"ImageObject","inLanguage":"fr-FR","@id":"https:\/\/www.spirit-us.eu\/index.php\/produit\/seance-de-mediumnite\/#primaryimage","url":"https:\/\/www.spirit-us.eu\/wp-content\/uploads\/2025\/10\/seance-de-mediumnite-image-produit1.png","contentUrl":"https:\/\/www.spirit-us.eu\/wp-content\/uploads\/2025\/10\/seance-de-mediumnite-image-produit1.png","width":1080,"height":1080},{"@type":"BreadcrumbList","@id":"https:\/\/www.spirit-us.eu\/index.php\/produit\/seance-de-mediumnite\/#breadcrumb","itemListElement":[{"@type":"ListItem","position":1,"name":"Accueil","item":"https:\/\/www.spirit-us.eu\/"},{"@type":"ListItem","position":2,"name":"Boutique","item":"https:\/\/www.spirit-us.eu\/index.php\/boutique\/"},{"@type":"ListItem","position":3,"name":"S\u00e9ance de MEDIUMNITE"}]},{"@type":"WebSite","@id":"https:\/\/www.spirit-us.eu\/#website","url":"https:\/\/www.spirit-us.eu\/","name":"Spirit-US","description":"","publisher":{"@id":"https:\/\/www.spirit-us.eu\/#organization"},"potentialAction":[{"@type":"SearchAction","target":{"@type":"EntryPoint","urlTemplate":"https:\/\/www.spirit-us.eu\/?s={search_term_string}"},"query-input":{"@type":"PropertyValueSpecification","valueRequired":true,"valueName":"search_term_string"}}],"inLanguage":"fr-FR"},{"@type":"Organization","@id":"https:\/\/www.spirit-us.eu\/#organization","name":"Spirit-US","url":"https:\/\/www.spirit-us.eu\/","logo":{"@type":"ImageObject","inLanguage":"fr-FR","@id":"https:\/\/www.spirit-us.eu\/#\/schema\/logo\/image\/","url":"https:\/\/www.spirit-us.eu\/wp-content\/uploads\/2025\/11\/logo-regarde-linterlocutrice-sans-arrriere-plan.jpg","contentUrl":"https:\/\/www.spirit-us.eu\/wp-content\/uploads\/2025\/11\/logo-regarde-linterlocutrice-sans-arrriere-plan.jpg","width":1080,"height":1080,"caption":"Spirit-US"},"image":{"@id":"https:\/\/www.spirit-us.eu\/#\/schema\/logo\/image\/"},"sameAs":["https:\/\/www.facebook.com\/spirit.us.deum"]}]}},"jetpack_sharing_enabled":true,"_links":{"self":[{"href":"https:\/\/www.spirit-us.eu\/index.php\/wp-json\/wp\/v2\/product\/2210","targetHints":{"allow":["GET"]}}],"collection":[{"href":"https:\/\/www.spirit-us.eu\/index.php\/wp-json\/wp\/v2\/product"}],"about":[{"href":"https:\/\/www.spirit-us.eu\/index.php\/wp-json\/wp\/v2\/types\/product"}],"replies":[{"embeddable":true,"href":"https:\/\/www.spirit-us.eu\/index.php\/wp-json\/wp\/v2\/comments?post=2210"}],"wp:featuredmedia":[{"embeddable":true,"href":"https:\/\/www.spirit-us.eu\/index.php\/wp-json\/wp\/v2\/media\/2211"}],"wp:attachment":[{"href":"https:\/\/www.spirit-us.eu\/index.php\/wp-json\/wp\/v2\/media?parent=2210"}],"wp:term":[{"taxonomy":"product_brand","embeddable":true,"href":"https:\/\/www.spirit-us.eu\/index.php\/wp-json\/wp\/v2\/product_brand?post=2210"},{"taxonomy":"product_cat","embeddable":true,"href":"https:\/\/www.spirit-us.eu\/index.php\/wp-json\/wp\/v2\/product_cat?post=2210"},{"taxonomy":"product_tag","embeddable":true,"href":"https:\/\/www.spirit-us.eu\/index.php\/wp-json\/wp\/v2\/product_tag?post=2210"},{"taxonomy":"mwb_booking_cost","embeddable":true,"href":"https:\/\/www.spirit-us.eu\/index.php\/wp-json\/wp\/v2\/mwb_booking_cost?post=2210"},{"taxonomy":"mwb_booking_service","embeddable":true,"href":"https:\/\/www.spirit-us.eu\/index.php\/wp-json\/wp\/v2\/mwb_booking_service?post=2210"}],"curies":[{"name":"wp","href":"https:\/\/api.w.org\/{rel}","templated":true}]}}