{"id":2206,"date":"2025-10-31T16:37:27","date_gmt":"2025-10-31T15:37:27","guid":{"rendered":"https:\/\/www.spirit-us.eu\/?post_type=product&#038;p=2206"},"modified":"2025-10-31T16:42:27","modified_gmt":"2025-10-31T15:42:27","slug":"grand-exorcisme-avec-ou-sans-triangulation","status":"publish","type":"product","link":"https:\/\/www.spirit-us.eu\/index.php\/produit\/grand-exorcisme-avec-ou-sans-triangulation\/","title":{"rendered":"GRAND EXORCISME &#8211; avec ou sans triangulation"},"content":{"rendered":"<p><strong>Dur\u00e9e\u00a0<\/strong>: +\/- 2 heures pour le premier rendez-vous &#8211; les modalit\u00e9s de travail des jours suivants sont d\u00e9finis en s\u00e9ance et font l&rsquo;objet d&rsquo;un rapport journalier de travail<\/p>\n<p><strong>Moyen de communication\u00a0<\/strong>: en cabinet ou via l&rsquo;application WhatsApp<\/p>\n<p><strong>El\u00e9ments additionnels<\/strong> : livret et audio mp3 de la s\u00e9ance (au besoin), pri\u00e8res \u00e9crites pour la circonstance, 100% personnalis\u00e9es &#8211; travail en 4 \u00e9tapes durant 28 jours<\/p>\n<p>Il est possible de reporter en cas de force majeure\u00a0: par mail ou via l\u2019application WhatsApp.\u00a0 Dans ce cas, une autre date vous sera fix\u00e9e. De notre c\u00f4t\u00e9, nous nous r\u00e9servons la possibilit\u00e9 de modifier la date ou l\u2019heure et d\u2019en proposer d\u2019autres\u00a0; en effet, exorciser n\u2019est pas un acte anodin et nous nous autorisons \u00e0 exprimer le fait que nous sommes fatigu\u00e9e ou que toutes les conditions ne sont pas optimales.<\/p>\n<p>Un rendez-vous peut \u00eatre annul\u00e9 48h \u00e0 l\u2019avance mais n\u2019est pas rembours\u00e9.<\/p>\n<p>Un rendez-vous peut \u00eatre modifi\u00e9 jusqu\u2019\u00e0 4h \u00e0 l\u2019avance et une nouvelle date est fix\u00e9e.\u00a0 Consultez nos conditions g\u00e9n\u00e9rales et acceptez-les pour poursuivre. Lien\u00a0: <strong>conditions g\u00e9n\u00e9rales, accepter<\/strong>.<\/p>\n<p>Tenez-vous au courant de nos travaux en vous abonnant \u00e0 notre <strong>Lettre d\u2019information<\/strong>.<\/p>\n","protected":false},"excerpt":{"rendered":"<p>Exorciser signifie enlever les pactes, les serments et les mauvais sch\u00e9mas (invisibles et d\u00e9moniaques) conclus pour nuire, \u00e0 l\u2019insu de quelqu\u2019un, qui en devient <em>de facto<\/em> la victime. Ces pactes n\u00e9gatifs peuvent \u00e9galement \u00eatre conclus par la personne elle-m\u00eame, lorsqu\u2019elle a pr\u00eat\u00e9 serment ou accompli des rituels, sans mesurer la port\u00e9e exacte de ce \u00e0 quoi elle a consenti. L\u2019exorcisme enl\u00e8ve ces \u00e9nergies porteuses de blocages, de maladies, d\u2019\u00e9motions lourdes et nocives. Pour tout en savoir, sur l&rsquo;exorcisme en neuvaine ou en 12 jours quand le probl\u00e8me qui se pr\u00e9sente est tr\u00e8s lourd, lisez l\u2019article : <a href=\"https:\/\/exorciser-liberer-guerir.com\/le-mysterieux-exorcisme-triangulaire\/\" target=\"_blank\" rel=\"noopener\">Le myst\u00e9rieux exorcisme triangulaire<\/a>. Lorsque le probl\u00e8me est<strong> ancr\u00e9 et ne fait que s\u2019aggraver<\/strong>, il faut l\u2019intervention de l\u2019exorciste. <u>Exemple<\/u> : un probl\u00e8me insoluble, faisant l\u2019objet de harc\u00e8lement occulte ou dans le monde visible sous forme, par exemple de harc\u00e8lement p\u00e9nalophile. En pratique, un exorcisme en 28 jours avec ou sans triangulation, se d\u00e9roule comme suit\u00a0: \u00e0 distance ou en notre cabinet, nous \u00e9tudions le probl\u00e8me, posons un diagnostic et d\u00e9finissons la d\u00e9marche \u00e0 suivre.\u00a0 Un calendrier est adopt\u00e9 ensuite, et nous commen\u00e7ons au jour dit.\u00a0 De mon c\u00f4t\u00e9, j\u2019exorcise le soir ou la nuit en fonction de la situation \u00e0 traiter, et ce travail fait l\u2019objet d\u2019un rapport quotidien, sous forme de mail avec photos.<\/p>\n","protected":false},"featured_media":2207,"comment_status":"open","ping_status":"closed","template":"","meta":[],"product_brand":[],"product_cat":[157,166,17],"product_tag":[313,314,242,318,317],"mwb_booking_cost":[],"mwb_booking_service":[],"class_list":{"0":"post-2206","1":"product","2":"type-product","3":"status-publish","4":"has-post-thumbnail","6":"product_cat-06-rituels-et-protection","7":"product_cat-07-spiritualite-et-benedictions","8":"product_cat-tous-les-produits","9":"product_tag-degagement","10":"product_tag-delivrance","11":"product_tag-exorcisme","12":"product_tag-exorcisme-triangulaire","13":"product_tag-grand-exorcisme","15":"first","16":"instock","17":"downloadable","18":"virtual","19":"purchasable","20":"product-type-simple"},"yoast_head":"<!-- This site is optimized with the Yoast SEO plugin v27.1.1 - https:\/\/yoast.com\/product\/yoast-seo-wordpress\/ -->\n<title>GRAND EXORCISME - avec ou sans triangulation - Spirit-US<\/title>\n<meta name=\"robots\" content=\"index, follow, max-snippet:-1, max-image-preview:large, max-video-preview:-1\" \/>\n<link rel=\"canonical\" href=\"https:\/\/www.spirit-us.eu\/index.php\/produit\/grand-exorcisme-avec-ou-sans-triangulation\/\" \/>\n<meta property=\"og:locale\" content=\"fr_FR\" \/>\n<meta property=\"og:type\" content=\"article\" \/>\n<meta property=\"og:title\" content=\"GRAND EXORCISME - avec ou sans triangulation - Spirit-US\" \/>\n<meta property=\"og:description\" content=\"Exorciser signifie enlever les pactes, les serments et les mauvais sch\u00e9mas (invisibles et d\u00e9moniaques) conclus pour nuire, \u00e0 l\u2019insu de quelqu\u2019un, qui en devient de facto la victime. Ces pactes n\u00e9gatifs peuvent \u00e9galement \u00eatre conclus par la personne elle-m\u00eame, lorsqu\u2019elle a pr\u00eat\u00e9 serment ou accompli des rituels, sans mesurer la port\u00e9e exacte de ce \u00e0 quoi elle a consenti. L\u2019exorcisme enl\u00e8ve ces \u00e9nergies porteuses de blocages, de maladies, d\u2019\u00e9motions lourdes et nocives. Pour tout en savoir, sur l&#039;exorcisme en neuvaine ou en 12 jours quand le probl\u00e8me qui se pr\u00e9sente est tr\u00e8s lourd, lisez l\u2019article : Le myst\u00e9rieux exorcisme triangulaire. Lorsque le probl\u00e8me est ancr\u00e9 et ne fait que s\u2019aggraver, il faut l\u2019intervention de l\u2019exorciste. Exemple : un probl\u00e8me insoluble, faisant l\u2019objet de harc\u00e8lement occulte ou dans le monde visible sous forme, par exemple de harc\u00e8lement p\u00e9nalophile. En pratique, un exorcisme en 28 jours avec ou sans triangulation, se d\u00e9roule comme suit\u00a0: \u00e0 distance ou en notre cabinet, nous \u00e9tudions le probl\u00e8me, posons un diagnostic et d\u00e9finissons la d\u00e9marche \u00e0 suivre.\u00a0 Un calendrier est adopt\u00e9 ensuite, et nous commen\u00e7ons au jour dit.\u00a0 De mon c\u00f4t\u00e9, j\u2019exorcise le soir ou la nuit en fonction de la situation \u00e0 traiter, et ce travail fait l\u2019objet d\u2019un rapport quotidien, sous forme de mail avec photos.\" \/>\n<meta property=\"og:url\" content=\"https:\/\/www.spirit-us.eu\/index.php\/produit\/grand-exorcisme-avec-ou-sans-triangulation\/\" \/>\n<meta property=\"og:site_name\" content=\"Spirit-US\" \/>\n<meta property=\"article:publisher\" content=\"https:\/\/www.facebook.com\/spirit.us.deum\" \/>\n<meta property=\"article:modified_time\" content=\"2025-10-31T15:42:27+00:00\" \/>\n<meta property=\"og:image\" content=\"https:\/\/www.spirit-us.eu\/wp-content\/uploads\/2025\/10\/Grand-Exorcisme-28-jours1.png\" \/>\n\t<meta property=\"og:image:width\" content=\"1080\" \/>\n\t<meta property=\"og:image:height\" content=\"1080\" \/>\n\t<meta property=\"og:image:type\" content=\"image\/png\" \/>\n<meta name=\"twitter:card\" content=\"summary_large_image\" \/>\n<meta name=\"twitter:label1\" content=\"Dur\u00e9e de lecture estim\u00e9e\" \/>\n\t<meta name=\"twitter:data1\" content=\"1 minute\" \/>\n<script type=\"application\/ld+json\" class=\"yoast-schema-graph\">{\"@context\":\"https:\/\/schema.org\",\"@graph\":[{\"@type\":\"WebPage\",\"@id\":\"https:\/\/www.spirit-us.eu\/index.php\/produit\/grand-exorcisme-avec-ou-sans-triangulation\/\",\"url\":\"https:\/\/www.spirit-us.eu\/index.php\/produit\/grand-exorcisme-avec-ou-sans-triangulation\/\",\"name\":\"GRAND EXORCISME - avec ou sans triangulation - Spirit-US\",\"isPartOf\":{\"@id\":\"https:\/\/www.spirit-us.eu\/#website\"},\"primaryImageOfPage\":{\"@id\":\"https:\/\/www.spirit-us.eu\/index.php\/produit\/grand-exorcisme-avec-ou-sans-triangulation\/#primaryimage\"},\"image\":{\"@id\":\"https:\/\/www.spirit-us.eu\/index.php\/produit\/grand-exorcisme-avec-ou-sans-triangulation\/#primaryimage\"},\"thumbnailUrl\":\"https:\/\/www.spirit-us.eu\/wp-content\/uploads\/2025\/10\/Grand-Exorcisme-28-jours1.png\",\"datePublished\":\"2025-10-31T15:37:27+00:00\",\"dateModified\":\"2025-10-31T15:42:27+00:00\",\"breadcrumb\":{\"@id\":\"https:\/\/www.spirit-us.eu\/index.php\/produit\/grand-exorcisme-avec-ou-sans-triangulation\/#breadcrumb\"},\"inLanguage\":\"fr-FR\",\"potentialAction\":[{\"@type\":\"ReadAction\",\"target\":[\"https:\/\/www.spirit-us.eu\/index.php\/produit\/grand-exorcisme-avec-ou-sans-triangulation\/\"]}]},{\"@type\":\"ImageObject\",\"inLanguage\":\"fr-FR\",\"@id\":\"https:\/\/www.spirit-us.eu\/index.php\/produit\/grand-exorcisme-avec-ou-sans-triangulation\/#primaryimage\",\"url\":\"https:\/\/www.spirit-us.eu\/wp-content\/uploads\/2025\/10\/Grand-Exorcisme-28-jours1.png\",\"contentUrl\":\"https:\/\/www.spirit-us.eu\/wp-content\/uploads\/2025\/10\/Grand-Exorcisme-28-jours1.png\",\"width\":1080,\"height\":1080},{\"@type\":\"BreadcrumbList\",\"@id\":\"https:\/\/www.spirit-us.eu\/index.php\/produit\/grand-exorcisme-avec-ou-sans-triangulation\/#breadcrumb\",\"itemListElement\":[{\"@type\":\"ListItem\",\"position\":1,\"name\":\"Accueil\",\"item\":\"https:\/\/www.spirit-us.eu\/\"},{\"@type\":\"ListItem\",\"position\":2,\"name\":\"Boutique\",\"item\":\"https:\/\/www.spirit-us.eu\/index.php\/boutique\/\"},{\"@type\":\"ListItem\",\"position\":3,\"name\":\"GRAND EXORCISME &#8211; avec ou sans triangulation\"}]},{\"@type\":\"WebSite\",\"@id\":\"https:\/\/www.spirit-us.eu\/#website\",\"url\":\"https:\/\/www.spirit-us.eu\/\",\"name\":\"Spirit-US\",\"description\":\"\",\"publisher\":{\"@id\":\"https:\/\/www.spirit-us.eu\/#organization\"},\"potentialAction\":[{\"@type\":\"SearchAction\",\"target\":{\"@type\":\"EntryPoint\",\"urlTemplate\":\"https:\/\/www.spirit-us.eu\/?s={search_term_string}\"},\"query-input\":{\"@type\":\"PropertyValueSpecification\",\"valueRequired\":true,\"valueName\":\"search_term_string\"}}],\"inLanguage\":\"fr-FR\"},{\"@type\":\"Organization\",\"@id\":\"https:\/\/www.spirit-us.eu\/#organization\",\"name\":\"Spirit-US\",\"url\":\"https:\/\/www.spirit-us.eu\/\",\"logo\":{\"@type\":\"ImageObject\",\"inLanguage\":\"fr-FR\",\"@id\":\"https:\/\/www.spirit-us.eu\/#\/schema\/logo\/image\/\",\"url\":\"https:\/\/www.spirit-us.eu\/wp-content\/uploads\/2025\/11\/logo-regarde-linterlocutrice-sans-arrriere-plan.jpg\",\"contentUrl\":\"https:\/\/www.spirit-us.eu\/wp-content\/uploads\/2025\/11\/logo-regarde-linterlocutrice-sans-arrriere-plan.jpg\",\"width\":1080,\"height\":1080,\"caption\":\"Spirit-US\"},\"image\":{\"@id\":\"https:\/\/www.spirit-us.eu\/#\/schema\/logo\/image\/\"},\"sameAs\":[\"https:\/\/www.facebook.com\/spirit.us.deum\"]}]}<\/script>\n<!-- \/ Yoast SEO plugin. -->","yoast_head_json":{"title":"GRAND EXORCISME - avec ou sans triangulation - Spirit-US","robots":{"index":"index","follow":"follow","max-snippet":"max-snippet:-1","max-image-preview":"max-image-preview:large","max-video-preview":"max-video-preview:-1"},"canonical":"https:\/\/www.spirit-us.eu\/index.php\/produit\/grand-exorcisme-avec-ou-sans-triangulation\/","og_locale":"fr_FR","og_type":"article","og_title":"GRAND EXORCISME - avec ou sans triangulation - Spirit-US","og_description":"Exorciser signifie enlever les pactes, les serments et les mauvais sch\u00e9mas (invisibles et d\u00e9moniaques) conclus pour nuire, \u00e0 l\u2019insu de quelqu\u2019un, qui en devient de facto la victime. Ces pactes n\u00e9gatifs peuvent \u00e9galement \u00eatre conclus par la personne elle-m\u00eame, lorsqu\u2019elle a pr\u00eat\u00e9 serment ou accompli des rituels, sans mesurer la port\u00e9e exacte de ce \u00e0 quoi elle a consenti. L\u2019exorcisme enl\u00e8ve ces \u00e9nergies porteuses de blocages, de maladies, d\u2019\u00e9motions lourdes et nocives. Pour tout en savoir, sur l'exorcisme en neuvaine ou en 12 jours quand le probl\u00e8me qui se pr\u00e9sente est tr\u00e8s lourd, lisez l\u2019article : Le myst\u00e9rieux exorcisme triangulaire. Lorsque le probl\u00e8me est ancr\u00e9 et ne fait que s\u2019aggraver, il faut l\u2019intervention de l\u2019exorciste. Exemple : un probl\u00e8me insoluble, faisant l\u2019objet de harc\u00e8lement occulte ou dans le monde visible sous forme, par exemple de harc\u00e8lement p\u00e9nalophile. En pratique, un exorcisme en 28 jours avec ou sans triangulation, se d\u00e9roule comme suit\u00a0: \u00e0 distance ou en notre cabinet, nous \u00e9tudions le probl\u00e8me, posons un diagnostic et d\u00e9finissons la d\u00e9marche \u00e0 suivre.\u00a0 Un calendrier est adopt\u00e9 ensuite, et nous commen\u00e7ons au jour dit.\u00a0 De mon c\u00f4t\u00e9, j\u2019exorcise le soir ou la nuit en fonction de la situation \u00e0 traiter, et ce travail fait l\u2019objet d\u2019un rapport quotidien, sous forme de mail avec photos.","og_url":"https:\/\/www.spirit-us.eu\/index.php\/produit\/grand-exorcisme-avec-ou-sans-triangulation\/","og_site_name":"Spirit-US","article_publisher":"https:\/\/www.facebook.com\/spirit.us.deum","article_modified_time":"2025-10-31T15:42:27+00:00","og_image":[{"width":1080,"height":1080,"url":"https:\/\/www.spirit-us.eu\/wp-content\/uploads\/2025\/10\/Grand-Exorcisme-28-jours1.png","type":"image\/png"}],"twitter_card":"summary_large_image","twitter_misc":{"Dur\u00e9e de lecture estim\u00e9e":"1 minute"},"schema":{"@context":"https:\/\/schema.org","@graph":[{"@type":"WebPage","@id":"https:\/\/www.spirit-us.eu\/index.php\/produit\/grand-exorcisme-avec-ou-sans-triangulation\/","url":"https:\/\/www.spirit-us.eu\/index.php\/produit\/grand-exorcisme-avec-ou-sans-triangulation\/","name":"GRAND EXORCISME - avec ou sans triangulation - Spirit-US","isPartOf":{"@id":"https:\/\/www.spirit-us.eu\/#website"},"primaryImageOfPage":{"@id":"https:\/\/www.spirit-us.eu\/index.php\/produit\/grand-exorcisme-avec-ou-sans-triangulation\/#primaryimage"},"image":{"@id":"https:\/\/www.spirit-us.eu\/index.php\/produit\/grand-exorcisme-avec-ou-sans-triangulation\/#primaryimage"},"thumbnailUrl":"https:\/\/www.spirit-us.eu\/wp-content\/uploads\/2025\/10\/Grand-Exorcisme-28-jours1.png","datePublished":"2025-10-31T15:37:27+00:00","dateModified":"2025-10-31T15:42:27+00:00","breadcrumb":{"@id":"https:\/\/www.spirit-us.eu\/index.php\/produit\/grand-exorcisme-avec-ou-sans-triangulation\/#breadcrumb"},"inLanguage":"fr-FR","potentialAction":[{"@type":"ReadAction","target":["https:\/\/www.spirit-us.eu\/index.php\/produit\/grand-exorcisme-avec-ou-sans-triangulation\/"]}]},{"@type":"ImageObject","inLanguage":"fr-FR","@id":"https:\/\/www.spirit-us.eu\/index.php\/produit\/grand-exorcisme-avec-ou-sans-triangulation\/#primaryimage","url":"https:\/\/www.spirit-us.eu\/wp-content\/uploads\/2025\/10\/Grand-Exorcisme-28-jours1.png","contentUrl":"https:\/\/www.spirit-us.eu\/wp-content\/uploads\/2025\/10\/Grand-Exorcisme-28-jours1.png","width":1080,"height":1080},{"@type":"BreadcrumbList","@id":"https:\/\/www.spirit-us.eu\/index.php\/produit\/grand-exorcisme-avec-ou-sans-triangulation\/#breadcrumb","itemListElement":[{"@type":"ListItem","position":1,"name":"Accueil","item":"https:\/\/www.spirit-us.eu\/"},{"@type":"ListItem","position":2,"name":"Boutique","item":"https:\/\/www.spirit-us.eu\/index.php\/boutique\/"},{"@type":"ListItem","position":3,"name":"GRAND EXORCISME &#8211; avec ou sans triangulation"}]},{"@type":"WebSite","@id":"https:\/\/www.spirit-us.eu\/#website","url":"https:\/\/www.spirit-us.eu\/","name":"Spirit-US","description":"","publisher":{"@id":"https:\/\/www.spirit-us.eu\/#organization"},"potentialAction":[{"@type":"SearchAction","target":{"@type":"EntryPoint","urlTemplate":"https:\/\/www.spirit-us.eu\/?s={search_term_string}"},"query-input":{"@type":"PropertyValueSpecification","valueRequired":true,"valueName":"search_term_string"}}],"inLanguage":"fr-FR"},{"@type":"Organization","@id":"https:\/\/www.spirit-us.eu\/#organization","name":"Spirit-US","url":"https:\/\/www.spirit-us.eu\/","logo":{"@type":"ImageObject","inLanguage":"fr-FR","@id":"https:\/\/www.spirit-us.eu\/#\/schema\/logo\/image\/","url":"https:\/\/www.spirit-us.eu\/wp-content\/uploads\/2025\/11\/logo-regarde-linterlocutrice-sans-arrriere-plan.jpg","contentUrl":"https:\/\/www.spirit-us.eu\/wp-content\/uploads\/2025\/11\/logo-regarde-linterlocutrice-sans-arrriere-plan.jpg","width":1080,"height":1080,"caption":"Spirit-US"},"image":{"@id":"https:\/\/www.spirit-us.eu\/#\/schema\/logo\/image\/"},"sameAs":["https:\/\/www.facebook.com\/spirit.us.deum"]}]}},"jetpack_sharing_enabled":true,"_links":{"self":[{"href":"https:\/\/www.spirit-us.eu\/index.php\/wp-json\/wp\/v2\/product\/2206","targetHints":{"allow":["GET"]}}],"collection":[{"href":"https:\/\/www.spirit-us.eu\/index.php\/wp-json\/wp\/v2\/product"}],"about":[{"href":"https:\/\/www.spirit-us.eu\/index.php\/wp-json\/wp\/v2\/types\/product"}],"replies":[{"embeddable":true,"href":"https:\/\/www.spirit-us.eu\/index.php\/wp-json\/wp\/v2\/comments?post=2206"}],"wp:featuredmedia":[{"embeddable":true,"href":"https:\/\/www.spirit-us.eu\/index.php\/wp-json\/wp\/v2\/media\/2207"}],"wp:attachment":[{"href":"https:\/\/www.spirit-us.eu\/index.php\/wp-json\/wp\/v2\/media?parent=2206"}],"wp:term":[{"taxonomy":"product_brand","embeddable":true,"href":"https:\/\/www.spirit-us.eu\/index.php\/wp-json\/wp\/v2\/product_brand?post=2206"},{"taxonomy":"product_cat","embeddable":true,"href":"https:\/\/www.spirit-us.eu\/index.php\/wp-json\/wp\/v2\/product_cat?post=2206"},{"taxonomy":"product_tag","embeddable":true,"href":"https:\/\/www.spirit-us.eu\/index.php\/wp-json\/wp\/v2\/product_tag?post=2206"},{"taxonomy":"mwb_booking_cost","embeddable":true,"href":"https:\/\/www.spirit-us.eu\/index.php\/wp-json\/wp\/v2\/mwb_booking_cost?post=2206"},{"taxonomy":"mwb_booking_service","embeddable":true,"href":"https:\/\/www.spirit-us.eu\/index.php\/wp-json\/wp\/v2\/mwb_booking_service?post=2206"}],"curies":[{"name":"wp","href":"https:\/\/api.w.org\/{rel}","templated":true}]}}