{"id":2202,"date":"2025-10-31T16:30:03","date_gmt":"2025-10-31T15:30:03","guid":{"rendered":"https:\/\/www.spirit-us.eu\/?post_type=product&#038;p=2202"},"modified":"2026-01-05T21:25:01","modified_gmt":"2026-01-05T20:25:01","slug":"exorcismes-en-neuvaine-9-jours","status":"publish","type":"product","link":"https:\/\/www.spirit-us.eu\/index.php\/produit\/exorcismes-en-neuvaine-9-jours\/","title":{"rendered":"EXORCISMES &#8211; en neuvaine (9 jours)"},"content":{"rendered":"<p style=\"text-align: justify;\"><strong>Dur\u00e9e\u00a0<\/strong>: +\/- 2 heures pour le premier rendez-vous &#8211; les modalit\u00e9s de travail des jours suivants sont d\u00e9finis en s\u00e9ance et font l&rsquo;objet d&rsquo;un rapport journalier de travail<\/p>\n<p style=\"text-align: justify;\"><strong>Moyen de communication\u00a0<\/strong>: en cabinet ou via l&rsquo;application WhatsApp<\/p>\n<p style=\"text-align: justify;\"><strong>El\u00e9ments additionnels<\/strong> : livret et audio mp3 de la s\u00e9ance (au besoin), pri\u00e8res \u00e9crites pour la circonstance, 100% personnalis\u00e9es<\/p>\n<p style=\"text-align: justify;\">Il est possible de reporter en cas de force majeure\u00a0: par mail ou via l\u2019application WhatsApp.\u00a0 Dans ce cas, une autre date vous sera fix\u00e9e. De notre c\u00f4t\u00e9, nous nous r\u00e9servons la possibilit\u00e9 de modifier la date ou l\u2019heure et d\u2019en proposer d\u2019autres\u00a0; en effet, exorciser n\u2019est pas un acte anodin et nous nous autorisons \u00e0 exprimer le fait que nous sommes fatigu\u00e9e ou que toutes les conditions ne sont pas optimales.<\/p>\n<p style=\"text-align: justify;\">Un rendez-vous peut \u00eatre annul\u00e9 48h \u00e0 l\u2019avance mais n\u2019est pas rembours\u00e9.<\/p>\n<p style=\"text-align: justify;\">Un rendez-vous peut \u00eatre modifi\u00e9 jusqu\u2019\u00e0 4h \u00e0 l\u2019avance et une nouvelle date est fix\u00e9e.\u00a0 Consultez nos conditions g\u00e9n\u00e9rales et acceptez-les pour poursuivre. Lien\u00a0: <strong>conditions g\u00e9n\u00e9rales, accepter<\/strong>.<\/p>\n<p style=\"text-align: justify;\">Tenez-vous au courant de nos travaux en vous abonnant \u00e0 notre <strong>Lettre d\u2019information<\/strong>.<\/p>\n","protected":false},"excerpt":{"rendered":"<p style=\"text-align: justify;\">Exorciser signifie enlever les pactes, les serments et les mauvais sch\u00e9mas (invisibles et d\u00e9moniaques) conclus pour nuire, \u00e0 l\u2019insu de quelqu\u2019un, qui en devient <em>de facto<\/em> la victime. Ces pactes n\u00e9gatifs peuvent \u00e9galement \u00eatre conclus par la personne elle-m\u00eame, lorsqu\u2019elle a pr\u00eat\u00e9 serment ou accompli des rituels, sans mesurer la port\u00e9e exacte de ce \u00e0 quoi elle a consenti. L\u2019exorcisme enl\u00e8ve ces \u00e9nergies porteuses de blocages, de maladies, d\u2019\u00e9motions lourdes et nocives. Pour tout en savoir, sur l&rsquo;exorcisme en neuvaine, lisez l\u2019article : <a href=\"https:\/\/exorciser-liberer-guerir.com\/exorcismes\/neuvaine\/\" target=\"_blank\" rel=\"noopener\">Neuvaines<\/a>. Lorsque le probl\u00e8me est\u00a0<b> r\u00e9current et ou proc\u00e8de d&rsquo;une addiction ou d&rsquo;un \u00e9tat de d\u00e9pendance toxique<\/b>, il est possible de le r\u00e9soudre avec du travail personnel et l\u2019aide d\u2019un exorcisme bref en 9 jours.\u00a0 Nous insistons sur la dimension du travail personnel, \u00e0 savoir la pri\u00e8re quotidienne pendant une dur\u00e9e d\u00e9finie lors du 1<sup>er<\/sup> entretien.\u00a0 En pratique, un exorcisme ponctuel peut se faire de deux fa\u00e7ons : \u00e0 distance ou en notre cabinet.\u00a0 Pour nous contacter, il suffit de prendre rendez-vous par <strong>ce lien. <\/strong>La dur\u00e9e d\u2019un exorcisme ponctuel est de 2 heures (minimum)\u00a0; il arrive qu\u2019il faille travailler jusqu\u2019\u00e0 4 heures.\u00a0 Ensuite, il vous sera demand\u00e9 de prier durant un temps donn\u00e9\u00a0: les outils de pri\u00e8re (audios mp.3 et livret sont fournis).<\/p>\n<p>&nbsp;<\/p>\n","protected":false},"featured_media":2203,"comment_status":"open","ping_status":"closed","template":"","meta":[],"product_brand":[],"product_cat":[157,166,17],"product_tag":[313,314,242,315],"mwb_booking_cost":[],"mwb_booking_service":[],"class_list":{"0":"post-2202","1":"product","2":"type-product","3":"status-publish","4":"has-post-thumbnail","6":"product_cat-06-rituels-et-protection","7":"product_cat-07-spiritualite-et-benedictions","8":"product_cat-tous-les-produits","9":"product_tag-degagement","10":"product_tag-delivrance","11":"product_tag-exorcisme","12":"product_tag-neuvaine","14":"first","15":"instock","16":"downloadable","17":"virtual","18":"purchasable","19":"product-type-simple"},"yoast_head":"<!-- This site is optimized with the Yoast SEO plugin v27.1.1 - https:\/\/yoast.com\/product\/yoast-seo-wordpress\/ -->\n<title>EXORCISMES - en neuvaine (9 jours) - Spirit-US<\/title>\n<meta name=\"robots\" content=\"index, follow, max-snippet:-1, max-image-preview:large, max-video-preview:-1\" \/>\n<link rel=\"canonical\" href=\"https:\/\/www.spirit-us.eu\/index.php\/produit\/exorcismes-en-neuvaine-9-jours\/\" \/>\n<meta property=\"og:locale\" content=\"fr_FR\" \/>\n<meta property=\"og:type\" content=\"article\" \/>\n<meta property=\"og:title\" content=\"EXORCISMES - en neuvaine (9 jours) - Spirit-US\" \/>\n<meta property=\"og:description\" content=\"Exorciser signifie enlever les pactes, les serments et les mauvais sch\u00e9mas (invisibles et d\u00e9moniaques) conclus pour nuire, \u00e0 l\u2019insu de quelqu\u2019un, qui en devient de facto la victime. Ces pactes n\u00e9gatifs peuvent \u00e9galement \u00eatre conclus par la personne elle-m\u00eame, lorsqu\u2019elle a pr\u00eat\u00e9 serment ou accompli des rituels, sans mesurer la port\u00e9e exacte de ce \u00e0 quoi elle a consenti. L\u2019exorcisme enl\u00e8ve ces \u00e9nergies porteuses de blocages, de maladies, d\u2019\u00e9motions lourdes et nocives. Pour tout en savoir, sur l&#039;exorcisme en neuvaine, lisez l\u2019article : Neuvaines. Lorsque le probl\u00e8me est\u00a0 r\u00e9current et ou proc\u00e8de d&#039;une addiction ou d&#039;un \u00e9tat de d\u00e9pendance toxique, il est possible de le r\u00e9soudre avec du travail personnel et l\u2019aide d\u2019un exorcisme bref en 9 jours.\u00a0 Nous insistons sur la dimension du travail personnel, \u00e0 savoir la pri\u00e8re quotidienne pendant une dur\u00e9e d\u00e9finie lors du 1er entretien.\u00a0 En pratique, un exorcisme ponctuel peut se faire de deux fa\u00e7ons : \u00e0 distance ou en notre cabinet.\u00a0 Pour nous contacter, il suffit de prendre rendez-vous par ce lien. La dur\u00e9e d\u2019un exorcisme ponctuel est de 2 heures (minimum)\u00a0; il arrive qu\u2019il faille travailler jusqu\u2019\u00e0 4 heures.\u00a0 Ensuite, il vous sera demand\u00e9 de prier durant un temps donn\u00e9\u00a0: les outils de pri\u00e8re (audios mp.3 et livret sont fournis). &nbsp;\" \/>\n<meta property=\"og:url\" content=\"https:\/\/www.spirit-us.eu\/index.php\/produit\/exorcismes-en-neuvaine-9-jours\/\" \/>\n<meta property=\"og:site_name\" content=\"Spirit-US\" \/>\n<meta property=\"article:publisher\" content=\"https:\/\/www.facebook.com\/spirit.us.deum\" \/>\n<meta property=\"article:modified_time\" content=\"2026-01-05T20:25:01+00:00\" \/>\n<meta property=\"og:image\" content=\"https:\/\/www.spirit-us.eu\/wp-content\/uploads\/2025\/10\/Exorcisme-en-neuvaine-2.png\" \/>\n\t<meta property=\"og:image:width\" content=\"1080\" \/>\n\t<meta property=\"og:image:height\" content=\"1080\" \/>\n\t<meta property=\"og:image:type\" content=\"image\/png\" \/>\n<meta name=\"twitter:card\" content=\"summary_large_image\" \/>\n<meta name=\"twitter:label1\" content=\"Dur\u00e9e de lecture estim\u00e9e\" \/>\n\t<meta name=\"twitter:data1\" content=\"1 minute\" \/>\n<script type=\"application\/ld+json\" class=\"yoast-schema-graph\">{\"@context\":\"https:\/\/schema.org\",\"@graph\":[{\"@type\":\"WebPage\",\"@id\":\"https:\/\/www.spirit-us.eu\/index.php\/produit\/exorcismes-en-neuvaine-9-jours\/\",\"url\":\"https:\/\/www.spirit-us.eu\/index.php\/produit\/exorcismes-en-neuvaine-9-jours\/\",\"name\":\"EXORCISMES - en neuvaine (9 jours) - Spirit-US\",\"isPartOf\":{\"@id\":\"https:\/\/www.spirit-us.eu\/#website\"},\"primaryImageOfPage\":{\"@id\":\"https:\/\/www.spirit-us.eu\/index.php\/produit\/exorcismes-en-neuvaine-9-jours\/#primaryimage\"},\"image\":{\"@id\":\"https:\/\/www.spirit-us.eu\/index.php\/produit\/exorcismes-en-neuvaine-9-jours\/#primaryimage\"},\"thumbnailUrl\":\"https:\/\/www.spirit-us.eu\/wp-content\/uploads\/2025\/10\/Exorcisme-en-neuvaine-2.png\",\"datePublished\":\"2025-10-31T15:30:03+00:00\",\"dateModified\":\"2026-01-05T20:25:01+00:00\",\"breadcrumb\":{\"@id\":\"https:\/\/www.spirit-us.eu\/index.php\/produit\/exorcismes-en-neuvaine-9-jours\/#breadcrumb\"},\"inLanguage\":\"fr-FR\",\"potentialAction\":[{\"@type\":\"ReadAction\",\"target\":[\"https:\/\/www.spirit-us.eu\/index.php\/produit\/exorcismes-en-neuvaine-9-jours\/\"]}]},{\"@type\":\"ImageObject\",\"inLanguage\":\"fr-FR\",\"@id\":\"https:\/\/www.spirit-us.eu\/index.php\/produit\/exorcismes-en-neuvaine-9-jours\/#primaryimage\",\"url\":\"https:\/\/www.spirit-us.eu\/wp-content\/uploads\/2025\/10\/Exorcisme-en-neuvaine-2.png\",\"contentUrl\":\"https:\/\/www.spirit-us.eu\/wp-content\/uploads\/2025\/10\/Exorcisme-en-neuvaine-2.png\",\"width\":1080,\"height\":1080},{\"@type\":\"BreadcrumbList\",\"@id\":\"https:\/\/www.spirit-us.eu\/index.php\/produit\/exorcismes-en-neuvaine-9-jours\/#breadcrumb\",\"itemListElement\":[{\"@type\":\"ListItem\",\"position\":1,\"name\":\"Accueil\",\"item\":\"https:\/\/www.spirit-us.eu\/\"},{\"@type\":\"ListItem\",\"position\":2,\"name\":\"Boutique\",\"item\":\"https:\/\/www.spirit-us.eu\/index.php\/boutique\/\"},{\"@type\":\"ListItem\",\"position\":3,\"name\":\"EXORCISMES &#8211; en neuvaine (9 jours)\"}]},{\"@type\":\"WebSite\",\"@id\":\"https:\/\/www.spirit-us.eu\/#website\",\"url\":\"https:\/\/www.spirit-us.eu\/\",\"name\":\"Spirit-US\",\"description\":\"\",\"publisher\":{\"@id\":\"https:\/\/www.spirit-us.eu\/#organization\"},\"potentialAction\":[{\"@type\":\"SearchAction\",\"target\":{\"@type\":\"EntryPoint\",\"urlTemplate\":\"https:\/\/www.spirit-us.eu\/?s={search_term_string}\"},\"query-input\":{\"@type\":\"PropertyValueSpecification\",\"valueRequired\":true,\"valueName\":\"search_term_string\"}}],\"inLanguage\":\"fr-FR\"},{\"@type\":\"Organization\",\"@id\":\"https:\/\/www.spirit-us.eu\/#organization\",\"name\":\"Spirit-US\",\"url\":\"https:\/\/www.spirit-us.eu\/\",\"logo\":{\"@type\":\"ImageObject\",\"inLanguage\":\"fr-FR\",\"@id\":\"https:\/\/www.spirit-us.eu\/#\/schema\/logo\/image\/\",\"url\":\"https:\/\/www.spirit-us.eu\/wp-content\/uploads\/2025\/11\/logo-regarde-linterlocutrice-sans-arrriere-plan.jpg\",\"contentUrl\":\"https:\/\/www.spirit-us.eu\/wp-content\/uploads\/2025\/11\/logo-regarde-linterlocutrice-sans-arrriere-plan.jpg\",\"width\":1080,\"height\":1080,\"caption\":\"Spirit-US\"},\"image\":{\"@id\":\"https:\/\/www.spirit-us.eu\/#\/schema\/logo\/image\/\"},\"sameAs\":[\"https:\/\/www.facebook.com\/spirit.us.deum\"]}]}<\/script>\n<!-- \/ Yoast SEO plugin. -->","yoast_head_json":{"title":"EXORCISMES - en neuvaine (9 jours) - Spirit-US","robots":{"index":"index","follow":"follow","max-snippet":"max-snippet:-1","max-image-preview":"max-image-preview:large","max-video-preview":"max-video-preview:-1"},"canonical":"https:\/\/www.spirit-us.eu\/index.php\/produit\/exorcismes-en-neuvaine-9-jours\/","og_locale":"fr_FR","og_type":"article","og_title":"EXORCISMES - en neuvaine (9 jours) - Spirit-US","og_description":"Exorciser signifie enlever les pactes, les serments et les mauvais sch\u00e9mas (invisibles et d\u00e9moniaques) conclus pour nuire, \u00e0 l\u2019insu de quelqu\u2019un, qui en devient de facto la victime. Ces pactes n\u00e9gatifs peuvent \u00e9galement \u00eatre conclus par la personne elle-m\u00eame, lorsqu\u2019elle a pr\u00eat\u00e9 serment ou accompli des rituels, sans mesurer la port\u00e9e exacte de ce \u00e0 quoi elle a consenti. L\u2019exorcisme enl\u00e8ve ces \u00e9nergies porteuses de blocages, de maladies, d\u2019\u00e9motions lourdes et nocives. Pour tout en savoir, sur l'exorcisme en neuvaine, lisez l\u2019article : Neuvaines. Lorsque le probl\u00e8me est\u00a0 r\u00e9current et ou proc\u00e8de d'une addiction ou d'un \u00e9tat de d\u00e9pendance toxique, il est possible de le r\u00e9soudre avec du travail personnel et l\u2019aide d\u2019un exorcisme bref en 9 jours.\u00a0 Nous insistons sur la dimension du travail personnel, \u00e0 savoir la pri\u00e8re quotidienne pendant une dur\u00e9e d\u00e9finie lors du 1er entretien.\u00a0 En pratique, un exorcisme ponctuel peut se faire de deux fa\u00e7ons : \u00e0 distance ou en notre cabinet.\u00a0 Pour nous contacter, il suffit de prendre rendez-vous par ce lien. La dur\u00e9e d\u2019un exorcisme ponctuel est de 2 heures (minimum)\u00a0; il arrive qu\u2019il faille travailler jusqu\u2019\u00e0 4 heures.\u00a0 Ensuite, il vous sera demand\u00e9 de prier durant un temps donn\u00e9\u00a0: les outils de pri\u00e8re (audios mp.3 et livret sont fournis). &nbsp;","og_url":"https:\/\/www.spirit-us.eu\/index.php\/produit\/exorcismes-en-neuvaine-9-jours\/","og_site_name":"Spirit-US","article_publisher":"https:\/\/www.facebook.com\/spirit.us.deum","article_modified_time":"2026-01-05T20:25:01+00:00","og_image":[{"width":1080,"height":1080,"url":"https:\/\/www.spirit-us.eu\/wp-content\/uploads\/2025\/10\/Exorcisme-en-neuvaine-2.png","type":"image\/png"}],"twitter_card":"summary_large_image","twitter_misc":{"Dur\u00e9e de lecture estim\u00e9e":"1 minute"},"schema":{"@context":"https:\/\/schema.org","@graph":[{"@type":"WebPage","@id":"https:\/\/www.spirit-us.eu\/index.php\/produit\/exorcismes-en-neuvaine-9-jours\/","url":"https:\/\/www.spirit-us.eu\/index.php\/produit\/exorcismes-en-neuvaine-9-jours\/","name":"EXORCISMES - en neuvaine (9 jours) - Spirit-US","isPartOf":{"@id":"https:\/\/www.spirit-us.eu\/#website"},"primaryImageOfPage":{"@id":"https:\/\/www.spirit-us.eu\/index.php\/produit\/exorcismes-en-neuvaine-9-jours\/#primaryimage"},"image":{"@id":"https:\/\/www.spirit-us.eu\/index.php\/produit\/exorcismes-en-neuvaine-9-jours\/#primaryimage"},"thumbnailUrl":"https:\/\/www.spirit-us.eu\/wp-content\/uploads\/2025\/10\/Exorcisme-en-neuvaine-2.png","datePublished":"2025-10-31T15:30:03+00:00","dateModified":"2026-01-05T20:25:01+00:00","breadcrumb":{"@id":"https:\/\/www.spirit-us.eu\/index.php\/produit\/exorcismes-en-neuvaine-9-jours\/#breadcrumb"},"inLanguage":"fr-FR","potentialAction":[{"@type":"ReadAction","target":["https:\/\/www.spirit-us.eu\/index.php\/produit\/exorcismes-en-neuvaine-9-jours\/"]}]},{"@type":"ImageObject","inLanguage":"fr-FR","@id":"https:\/\/www.spirit-us.eu\/index.php\/produit\/exorcismes-en-neuvaine-9-jours\/#primaryimage","url":"https:\/\/www.spirit-us.eu\/wp-content\/uploads\/2025\/10\/Exorcisme-en-neuvaine-2.png","contentUrl":"https:\/\/www.spirit-us.eu\/wp-content\/uploads\/2025\/10\/Exorcisme-en-neuvaine-2.png","width":1080,"height":1080},{"@type":"BreadcrumbList","@id":"https:\/\/www.spirit-us.eu\/index.php\/produit\/exorcismes-en-neuvaine-9-jours\/#breadcrumb","itemListElement":[{"@type":"ListItem","position":1,"name":"Accueil","item":"https:\/\/www.spirit-us.eu\/"},{"@type":"ListItem","position":2,"name":"Boutique","item":"https:\/\/www.spirit-us.eu\/index.php\/boutique\/"},{"@type":"ListItem","position":3,"name":"EXORCISMES &#8211; en neuvaine (9 jours)"}]},{"@type":"WebSite","@id":"https:\/\/www.spirit-us.eu\/#website","url":"https:\/\/www.spirit-us.eu\/","name":"Spirit-US","description":"","publisher":{"@id":"https:\/\/www.spirit-us.eu\/#organization"},"potentialAction":[{"@type":"SearchAction","target":{"@type":"EntryPoint","urlTemplate":"https:\/\/www.spirit-us.eu\/?s={search_term_string}"},"query-input":{"@type":"PropertyValueSpecification","valueRequired":true,"valueName":"search_term_string"}}],"inLanguage":"fr-FR"},{"@type":"Organization","@id":"https:\/\/www.spirit-us.eu\/#organization","name":"Spirit-US","url":"https:\/\/www.spirit-us.eu\/","logo":{"@type":"ImageObject","inLanguage":"fr-FR","@id":"https:\/\/www.spirit-us.eu\/#\/schema\/logo\/image\/","url":"https:\/\/www.spirit-us.eu\/wp-content\/uploads\/2025\/11\/logo-regarde-linterlocutrice-sans-arrriere-plan.jpg","contentUrl":"https:\/\/www.spirit-us.eu\/wp-content\/uploads\/2025\/11\/logo-regarde-linterlocutrice-sans-arrriere-plan.jpg","width":1080,"height":1080,"caption":"Spirit-US"},"image":{"@id":"https:\/\/www.spirit-us.eu\/#\/schema\/logo\/image\/"},"sameAs":["https:\/\/www.facebook.com\/spirit.us.deum"]}]}},"jetpack_sharing_enabled":true,"_links":{"self":[{"href":"https:\/\/www.spirit-us.eu\/index.php\/wp-json\/wp\/v2\/product\/2202","targetHints":{"allow":["GET"]}}],"collection":[{"href":"https:\/\/www.spirit-us.eu\/index.php\/wp-json\/wp\/v2\/product"}],"about":[{"href":"https:\/\/www.spirit-us.eu\/index.php\/wp-json\/wp\/v2\/types\/product"}],"replies":[{"embeddable":true,"href":"https:\/\/www.spirit-us.eu\/index.php\/wp-json\/wp\/v2\/comments?post=2202"}],"wp:featuredmedia":[{"embeddable":true,"href":"https:\/\/www.spirit-us.eu\/index.php\/wp-json\/wp\/v2\/media\/2203"}],"wp:attachment":[{"href":"https:\/\/www.spirit-us.eu\/index.php\/wp-json\/wp\/v2\/media?parent=2202"}],"wp:term":[{"taxonomy":"product_brand","embeddable":true,"href":"https:\/\/www.spirit-us.eu\/index.php\/wp-json\/wp\/v2\/product_brand?post=2202"},{"taxonomy":"product_cat","embeddable":true,"href":"https:\/\/www.spirit-us.eu\/index.php\/wp-json\/wp\/v2\/product_cat?post=2202"},{"taxonomy":"product_tag","embeddable":true,"href":"https:\/\/www.spirit-us.eu\/index.php\/wp-json\/wp\/v2\/product_tag?post=2202"},{"taxonomy":"mwb_booking_cost","embeddable":true,"href":"https:\/\/www.spirit-us.eu\/index.php\/wp-json\/wp\/v2\/mwb_booking_cost?post=2202"},{"taxonomy":"mwb_booking_service","embeddable":true,"href":"https:\/\/www.spirit-us.eu\/index.php\/wp-json\/wp\/v2\/mwb_booking_service?post=2202"}],"curies":[{"name":"wp","href":"https:\/\/api.w.org\/{rel}","templated":true}]}}