{"id":2187,"date":"2025-10-24T17:34:21","date_gmt":"2025-10-24T15:34:21","guid":{"rendered":"https:\/\/www.spirit-us.eu\/?post_type=product&#038;p=2187"},"modified":"2025-10-27T09:26:48","modified_gmt":"2025-10-27T08:26:48","slug":"bulle-revitalisante-protectrice","status":"publish","type":"product","link":"https:\/\/www.spirit-us.eu\/index.php\/produit\/bulle-revitalisante-protectrice\/","title":{"rendered":"BULLE REVITALISANTE PROTECTRICE"},"content":{"rendered":"<p style=\"text-align: justify;\"><strong>Auteure<\/strong>\u00a0: Lola LACROIX<\/p>\n<p style=\"text-align: justify;\"><strong>Musique \u00a0<\/strong>: relaxation &#8211; ondes \u03b1 et \u03b8<\/p>\n<p style=\"text-align: justify;\"><strong>Objectifs<\/strong> : favoriser le processus d\u2019apaisement par l\u2019ouverture des centres \u00e9nerg\u00e9tiques (chakras) et se doter d\u2019un outil de retour au calme en cas de situation stressante \u2013 visualisation hypnotique<\/p>\n<p style=\"text-align: justify;\"><strong>Dur\u00e9e de l\u2019audio mp3<\/strong> :\u00a0 15 minutes<\/p>\n<p style=\"text-align: justify;\"><strong>Montage<\/strong>\u00a0<strong>&amp; cr\u00e9ation<\/strong>\u00a0: Lola LACROIX<\/p>\n<p style=\"text-align: justify;\"><strong>El\u00e9ments de ce soin<\/strong> : audio mp3 mont\u00e9 avec musique<\/p>\n<p style=\"text-align: justify;\">Certifi\u00e9 \u00ab\u00a0<strong>100% production humaine<\/strong> \u00bb : le texte, le montage, la musique.<\/p>\n<p style=\"text-align: justify;\">T\u00e9l\u00e9chargeable et accessible imm\u00e9diatement. Les droits d&rsquo;auteure s&rsquo;appliquent sur l&rsquo;ensemble des \u00e9l\u00e9ments constituant ce soin. Vous pouvez demander un rendez-vous si vous avez besoin de d\u00e9velopper un travail de protection plus \u00e9labor\u00e9 et qui exige un suivi personnalis\u00e9 et analytique. Par ici : <a href=\"https:\/\/exorciser-liberer-guerir.com\/prise-de-rendez-vous-par-domaine-dintervention\/\">https:\/\/exorciser-liberer-guerir.com\/prise-de-rendez-vous-par-domaine-dintervention\/<\/a><\/p>\n<p style=\"text-align: justify;\">\n","protected":false},"excerpt":{"rendered":"<p style=\"text-align: justify;\">Vous avez un besoin urgent de vous recentrer et de vous sentir prot\u00e9g\u00e9e, besoin de vous isoler un instant du brouhaha cacophonique de la vie quotidienne. L\u2019objectif de ce soin en audio t\u00e9l\u00e9chargeable et disponible imm\u00e9diatement est de vous transporter dans un \u00e9tat de gr\u00e2ce et de relaxation, gr\u00e2ce aux ondes c\u00e9r\u00e9brales alpha (de la m\u00e9ditation et de la pr\u00e9-hypnose), et \u00e0 la respiration apais\u00e9e et sereine.\u00a0 Cela vous permettra de renforcer votre confiance en vous, et \u00e9l\u00e8vera votre taux vibratoire, tout en vous aidant \u00e0 vous \u00e9lever spirituellement, en parfaite protection.\u00a0 Vous int\u00e9grez ainsi un outil psychique de mieux-\u00eatre pour revitaliser vos champs \u00e9nerg\u00e9tiques un instant d\u00e9centr\u00e9s par les contraintes et la cacophonie d\u2019un quotidien stressant. Audio de soin au format mp3, de conception et r\u00e9alisation 100% \u00a0humaine.<\/p>\n","protected":false},"featured_media":2188,"comment_status":"open","ping_status":"closed","template":"","meta":[],"product_brand":[],"product_cat":[155,17],"product_tag":[245,169,309],"mwb_booking_cost":[],"mwb_booking_service":[],"class_list":{"0":"post-2187","1":"product","2":"type-product","3":"status-publish","4":"has-post-thumbnail","6":"product_cat-02-soins-accueil","7":"product_cat-tous-les-produits","8":"product_tag-energie","9":"product_tag-protection","10":"product_tag-revitalisation","12":"first","13":"instock","14":"downloadable","15":"virtual","16":"purchasable","17":"product-type-simple"},"yoast_head":"<!-- This site is optimized with the Yoast SEO plugin v27.1.1 - https:\/\/yoast.com\/product\/yoast-seo-wordpress\/ -->\n<title>BULLE REVITALISANTE PROTECTRICE - Spirit-US<\/title>\n<meta name=\"robots\" content=\"index, follow, max-snippet:-1, max-image-preview:large, max-video-preview:-1\" \/>\n<link rel=\"canonical\" href=\"https:\/\/www.spirit-us.eu\/index.php\/produit\/bulle-revitalisante-protectrice\/\" \/>\n<meta property=\"og:locale\" content=\"fr_FR\" \/>\n<meta property=\"og:type\" content=\"article\" \/>\n<meta property=\"og:title\" content=\"BULLE REVITALISANTE PROTECTRICE - Spirit-US\" \/>\n<meta property=\"og:description\" content=\"Vous avez un besoin urgent de vous recentrer et de vous sentir prot\u00e9g\u00e9e, besoin de vous isoler un instant du brouhaha cacophonique de la vie quotidienne. L\u2019objectif de ce soin en audio t\u00e9l\u00e9chargeable et disponible imm\u00e9diatement est de vous transporter dans un \u00e9tat de gr\u00e2ce et de relaxation, gr\u00e2ce aux ondes c\u00e9r\u00e9brales alpha (de la m\u00e9ditation et de la pr\u00e9-hypnose), et \u00e0 la respiration apais\u00e9e et sereine.\u00a0 Cela vous permettra de renforcer votre confiance en vous, et \u00e9l\u00e8vera votre taux vibratoire, tout en vous aidant \u00e0 vous \u00e9lever spirituellement, en parfaite protection.\u00a0 Vous int\u00e9grez ainsi un outil psychique de mieux-\u00eatre pour revitaliser vos champs \u00e9nerg\u00e9tiques un instant d\u00e9centr\u00e9s par les contraintes et la cacophonie d\u2019un quotidien stressant. Audio de soin au format mp3, de conception et r\u00e9alisation 100% \u00a0humaine.\" \/>\n<meta property=\"og:url\" content=\"https:\/\/www.spirit-us.eu\/index.php\/produit\/bulle-revitalisante-protectrice\/\" \/>\n<meta property=\"og:site_name\" content=\"Spirit-US\" \/>\n<meta property=\"article:publisher\" content=\"https:\/\/www.facebook.com\/spirit.us.deum\" \/>\n<meta property=\"article:modified_time\" content=\"2025-10-27T08:26:48+00:00\" \/>\n<meta property=\"og:image\" content=\"https:\/\/www.spirit-us.eu\/wp-content\/uploads\/2025\/10\/image-du-soin.png\" \/>\n\t<meta property=\"og:image:width\" content=\"1080\" \/>\n\t<meta property=\"og:image:height\" content=\"1080\" \/>\n\t<meta property=\"og:image:type\" content=\"image\/png\" \/>\n<meta name=\"twitter:card\" content=\"summary_large_image\" \/>\n<meta name=\"twitter:label1\" content=\"Dur\u00e9e de lecture estim\u00e9e\" \/>\n\t<meta name=\"twitter:data1\" content=\"1 minute\" \/>\n<script type=\"application\/ld+json\" class=\"yoast-schema-graph\">{\"@context\":\"https:\/\/schema.org\",\"@graph\":[{\"@type\":\"WebPage\",\"@id\":\"https:\/\/www.spirit-us.eu\/index.php\/produit\/bulle-revitalisante-protectrice\/\",\"url\":\"https:\/\/www.spirit-us.eu\/index.php\/produit\/bulle-revitalisante-protectrice\/\",\"name\":\"BULLE REVITALISANTE PROTECTRICE - Spirit-US\",\"isPartOf\":{\"@id\":\"https:\/\/www.spirit-us.eu\/#website\"},\"primaryImageOfPage\":{\"@id\":\"https:\/\/www.spirit-us.eu\/index.php\/produit\/bulle-revitalisante-protectrice\/#primaryimage\"},\"image\":{\"@id\":\"https:\/\/www.spirit-us.eu\/index.php\/produit\/bulle-revitalisante-protectrice\/#primaryimage\"},\"thumbnailUrl\":\"https:\/\/www.spirit-us.eu\/wp-content\/uploads\/2025\/10\/image-du-soin.png\",\"datePublished\":\"2025-10-24T15:34:21+00:00\",\"dateModified\":\"2025-10-27T08:26:48+00:00\",\"breadcrumb\":{\"@id\":\"https:\/\/www.spirit-us.eu\/index.php\/produit\/bulle-revitalisante-protectrice\/#breadcrumb\"},\"inLanguage\":\"fr-FR\",\"potentialAction\":[{\"@type\":\"ReadAction\",\"target\":[\"https:\/\/www.spirit-us.eu\/index.php\/produit\/bulle-revitalisante-protectrice\/\"]}]},{\"@type\":\"ImageObject\",\"inLanguage\":\"fr-FR\",\"@id\":\"https:\/\/www.spirit-us.eu\/index.php\/produit\/bulle-revitalisante-protectrice\/#primaryimage\",\"url\":\"https:\/\/www.spirit-us.eu\/wp-content\/uploads\/2025\/10\/image-du-soin.png\",\"contentUrl\":\"https:\/\/www.spirit-us.eu\/wp-content\/uploads\/2025\/10\/image-du-soin.png\",\"width\":1080,\"height\":1080},{\"@type\":\"BreadcrumbList\",\"@id\":\"https:\/\/www.spirit-us.eu\/index.php\/produit\/bulle-revitalisante-protectrice\/#breadcrumb\",\"itemListElement\":[{\"@type\":\"ListItem\",\"position\":1,\"name\":\"Accueil\",\"item\":\"https:\/\/www.spirit-us.eu\/\"},{\"@type\":\"ListItem\",\"position\":2,\"name\":\"Boutique\",\"item\":\"https:\/\/www.spirit-us.eu\/index.php\/boutique\/\"},{\"@type\":\"ListItem\",\"position\":3,\"name\":\"BULLE REVITALISANTE PROTECTRICE\"}]},{\"@type\":\"WebSite\",\"@id\":\"https:\/\/www.spirit-us.eu\/#website\",\"url\":\"https:\/\/www.spirit-us.eu\/\",\"name\":\"Spirit-US\",\"description\":\"\",\"publisher\":{\"@id\":\"https:\/\/www.spirit-us.eu\/#organization\"},\"potentialAction\":[{\"@type\":\"SearchAction\",\"target\":{\"@type\":\"EntryPoint\",\"urlTemplate\":\"https:\/\/www.spirit-us.eu\/?s={search_term_string}\"},\"query-input\":{\"@type\":\"PropertyValueSpecification\",\"valueRequired\":true,\"valueName\":\"search_term_string\"}}],\"inLanguage\":\"fr-FR\"},{\"@type\":\"Organization\",\"@id\":\"https:\/\/www.spirit-us.eu\/#organization\",\"name\":\"Spirit-US\",\"url\":\"https:\/\/www.spirit-us.eu\/\",\"logo\":{\"@type\":\"ImageObject\",\"inLanguage\":\"fr-FR\",\"@id\":\"https:\/\/www.spirit-us.eu\/#\/schema\/logo\/image\/\",\"url\":\"https:\/\/www.spirit-us.eu\/wp-content\/uploads\/2025\/11\/logo-regarde-linterlocutrice-sans-arrriere-plan.jpg\",\"contentUrl\":\"https:\/\/www.spirit-us.eu\/wp-content\/uploads\/2025\/11\/logo-regarde-linterlocutrice-sans-arrriere-plan.jpg\",\"width\":1080,\"height\":1080,\"caption\":\"Spirit-US\"},\"image\":{\"@id\":\"https:\/\/www.spirit-us.eu\/#\/schema\/logo\/image\/\"},\"sameAs\":[\"https:\/\/www.facebook.com\/spirit.us.deum\"]}]}<\/script>\n<!-- \/ Yoast SEO plugin. -->","yoast_head_json":{"title":"BULLE REVITALISANTE PROTECTRICE - Spirit-US","robots":{"index":"index","follow":"follow","max-snippet":"max-snippet:-1","max-image-preview":"max-image-preview:large","max-video-preview":"max-video-preview:-1"},"canonical":"https:\/\/www.spirit-us.eu\/index.php\/produit\/bulle-revitalisante-protectrice\/","og_locale":"fr_FR","og_type":"article","og_title":"BULLE REVITALISANTE PROTECTRICE - Spirit-US","og_description":"Vous avez un besoin urgent de vous recentrer et de vous sentir prot\u00e9g\u00e9e, besoin de vous isoler un instant du brouhaha cacophonique de la vie quotidienne. L\u2019objectif de ce soin en audio t\u00e9l\u00e9chargeable et disponible imm\u00e9diatement est de vous transporter dans un \u00e9tat de gr\u00e2ce et de relaxation, gr\u00e2ce aux ondes c\u00e9r\u00e9brales alpha (de la m\u00e9ditation et de la pr\u00e9-hypnose), et \u00e0 la respiration apais\u00e9e et sereine.\u00a0 Cela vous permettra de renforcer votre confiance en vous, et \u00e9l\u00e8vera votre taux vibratoire, tout en vous aidant \u00e0 vous \u00e9lever spirituellement, en parfaite protection.\u00a0 Vous int\u00e9grez ainsi un outil psychique de mieux-\u00eatre pour revitaliser vos champs \u00e9nerg\u00e9tiques un instant d\u00e9centr\u00e9s par les contraintes et la cacophonie d\u2019un quotidien stressant. Audio de soin au format mp3, de conception et r\u00e9alisation 100% \u00a0humaine.","og_url":"https:\/\/www.spirit-us.eu\/index.php\/produit\/bulle-revitalisante-protectrice\/","og_site_name":"Spirit-US","article_publisher":"https:\/\/www.facebook.com\/spirit.us.deum","article_modified_time":"2025-10-27T08:26:48+00:00","og_image":[{"width":1080,"height":1080,"url":"https:\/\/www.spirit-us.eu\/wp-content\/uploads\/2025\/10\/image-du-soin.png","type":"image\/png"}],"twitter_card":"summary_large_image","twitter_misc":{"Dur\u00e9e de lecture estim\u00e9e":"1 minute"},"schema":{"@context":"https:\/\/schema.org","@graph":[{"@type":"WebPage","@id":"https:\/\/www.spirit-us.eu\/index.php\/produit\/bulle-revitalisante-protectrice\/","url":"https:\/\/www.spirit-us.eu\/index.php\/produit\/bulle-revitalisante-protectrice\/","name":"BULLE REVITALISANTE PROTECTRICE - Spirit-US","isPartOf":{"@id":"https:\/\/www.spirit-us.eu\/#website"},"primaryImageOfPage":{"@id":"https:\/\/www.spirit-us.eu\/index.php\/produit\/bulle-revitalisante-protectrice\/#primaryimage"},"image":{"@id":"https:\/\/www.spirit-us.eu\/index.php\/produit\/bulle-revitalisante-protectrice\/#primaryimage"},"thumbnailUrl":"https:\/\/www.spirit-us.eu\/wp-content\/uploads\/2025\/10\/image-du-soin.png","datePublished":"2025-10-24T15:34:21+00:00","dateModified":"2025-10-27T08:26:48+00:00","breadcrumb":{"@id":"https:\/\/www.spirit-us.eu\/index.php\/produit\/bulle-revitalisante-protectrice\/#breadcrumb"},"inLanguage":"fr-FR","potentialAction":[{"@type":"ReadAction","target":["https:\/\/www.spirit-us.eu\/index.php\/produit\/bulle-revitalisante-protectrice\/"]}]},{"@type":"ImageObject","inLanguage":"fr-FR","@id":"https:\/\/www.spirit-us.eu\/index.php\/produit\/bulle-revitalisante-protectrice\/#primaryimage","url":"https:\/\/www.spirit-us.eu\/wp-content\/uploads\/2025\/10\/image-du-soin.png","contentUrl":"https:\/\/www.spirit-us.eu\/wp-content\/uploads\/2025\/10\/image-du-soin.png","width":1080,"height":1080},{"@type":"BreadcrumbList","@id":"https:\/\/www.spirit-us.eu\/index.php\/produit\/bulle-revitalisante-protectrice\/#breadcrumb","itemListElement":[{"@type":"ListItem","position":1,"name":"Accueil","item":"https:\/\/www.spirit-us.eu\/"},{"@type":"ListItem","position":2,"name":"Boutique","item":"https:\/\/www.spirit-us.eu\/index.php\/boutique\/"},{"@type":"ListItem","position":3,"name":"BULLE REVITALISANTE PROTECTRICE"}]},{"@type":"WebSite","@id":"https:\/\/www.spirit-us.eu\/#website","url":"https:\/\/www.spirit-us.eu\/","name":"Spirit-US","description":"","publisher":{"@id":"https:\/\/www.spirit-us.eu\/#organization"},"potentialAction":[{"@type":"SearchAction","target":{"@type":"EntryPoint","urlTemplate":"https:\/\/www.spirit-us.eu\/?s={search_term_string}"},"query-input":{"@type":"PropertyValueSpecification","valueRequired":true,"valueName":"search_term_string"}}],"inLanguage":"fr-FR"},{"@type":"Organization","@id":"https:\/\/www.spirit-us.eu\/#organization","name":"Spirit-US","url":"https:\/\/www.spirit-us.eu\/","logo":{"@type":"ImageObject","inLanguage":"fr-FR","@id":"https:\/\/www.spirit-us.eu\/#\/schema\/logo\/image\/","url":"https:\/\/www.spirit-us.eu\/wp-content\/uploads\/2025\/11\/logo-regarde-linterlocutrice-sans-arrriere-plan.jpg","contentUrl":"https:\/\/www.spirit-us.eu\/wp-content\/uploads\/2025\/11\/logo-regarde-linterlocutrice-sans-arrriere-plan.jpg","width":1080,"height":1080,"caption":"Spirit-US"},"image":{"@id":"https:\/\/www.spirit-us.eu\/#\/schema\/logo\/image\/"},"sameAs":["https:\/\/www.facebook.com\/spirit.us.deum"]}]}},"jetpack_sharing_enabled":true,"_links":{"self":[{"href":"https:\/\/www.spirit-us.eu\/index.php\/wp-json\/wp\/v2\/product\/2187","targetHints":{"allow":["GET"]}}],"collection":[{"href":"https:\/\/www.spirit-us.eu\/index.php\/wp-json\/wp\/v2\/product"}],"about":[{"href":"https:\/\/www.spirit-us.eu\/index.php\/wp-json\/wp\/v2\/types\/product"}],"replies":[{"embeddable":true,"href":"https:\/\/www.spirit-us.eu\/index.php\/wp-json\/wp\/v2\/comments?post=2187"}],"wp:featuredmedia":[{"embeddable":true,"href":"https:\/\/www.spirit-us.eu\/index.php\/wp-json\/wp\/v2\/media\/2188"}],"wp:attachment":[{"href":"https:\/\/www.spirit-us.eu\/index.php\/wp-json\/wp\/v2\/media?parent=2187"}],"wp:term":[{"taxonomy":"product_brand","embeddable":true,"href":"https:\/\/www.spirit-us.eu\/index.php\/wp-json\/wp\/v2\/product_brand?post=2187"},{"taxonomy":"product_cat","embeddable":true,"href":"https:\/\/www.spirit-us.eu\/index.php\/wp-json\/wp\/v2\/product_cat?post=2187"},{"taxonomy":"product_tag","embeddable":true,"href":"https:\/\/www.spirit-us.eu\/index.php\/wp-json\/wp\/v2\/product_tag?post=2187"},{"taxonomy":"mwb_booking_cost","embeddable":true,"href":"https:\/\/www.spirit-us.eu\/index.php\/wp-json\/wp\/v2\/mwb_booking_cost?post=2187"},{"taxonomy":"mwb_booking_service","embeddable":true,"href":"https:\/\/www.spirit-us.eu\/index.php\/wp-json\/wp\/v2\/mwb_booking_service?post=2187"}],"curies":[{"name":"wp","href":"https:\/\/api.w.org\/{rel}","templated":true}]}}