{"id":2185,"date":"2025-10-24T17:30:21","date_gmt":"2025-10-24T15:30:21","guid":{"rendered":"https:\/\/www.spirit-us.eu\/?post_type=product&#038;p=2185"},"modified":"2025-10-27T09:01:27","modified_gmt":"2025-10-27T08:01:27","slug":"anxiete-stress-apaisement-par-louverture-des-chakras-et-lancrage-kinesthesique","status":"publish","type":"product","link":"https:\/\/www.spirit-us.eu\/index.php\/produit\/anxiete-stress-apaisement-par-louverture-des-chakras-et-lancrage-kinesthesique\/","title":{"rendered":"ANXIETE &#038; STRESS &#8211; Apaisement &#8211; ouverture des chakras &#038; ancrage"},"content":{"rendered":"<p style=\"text-align: justify;\"><strong>Auteure<\/strong>\u00a0: Lola LACROIX<\/p>\n<p style=\"text-align: justify;\"><strong>Musique \u00a0<\/strong>: Peter DEUNOV &#8211; \u043b\u044e\u0431\u043e\u0432\u044c &#8211; \u044d\u0442\u043e \u0438\u0441\u0442\u043e\u0447\u043d\u0438\u043a (L\u2019amour est source) \/ musique paneurythmique, 1930, Boston &amp; Varna<\/p>\n<p style=\"text-align: justify;\"><strong>Objectifs<\/strong> : favoriser le processus d\u2019apaisement par l\u2019ouverture des centres \u00e9nerg\u00e9tiques (chakras) et se doter d\u2019un outil de retour au calme en cas de situation stressante \u2013 visualisation hypnotique<\/p>\n<p style=\"text-align: justify;\"><strong>Dur\u00e9e de l&rsquo;audio mp3<\/strong> :\u00a0 44 minutes<\/p>\n<p style=\"text-align: justify;\"><strong>Montage<\/strong>\u00a0<strong>&amp; cr\u00e9ation<\/strong>\u00a0: Lola LACROIX<\/p>\n<p style=\"text-align: justify;\"><strong>El\u00e9ments de ce soin<\/strong>\u00a0:<\/p>\n<ol style=\"text-align: justify;\">\n<li>l\u2019audio mp3 mont\u00e9 avec musique mystique<\/li>\n<li>le livret au format pdf<\/li>\n<\/ol>\n<p style=\"text-align: justify;\"><strong>Avertissement :\u00a0<\/strong>il est imp\u00e9ratif de lire le livret joint et de comprendre les concepts de soin que nous y d\u00e9veloppons, \u00e0 savoir l\u2019harmonisation de la proprioception par l\u2019ancrage kinesth\u00e9sique<\/p>\n<p style=\"text-align: justify;\">Certifi\u00e9 \u00ab\u00a0<strong>100% production humaine<\/strong> \u00bb : le texte, le montage, la musique.<\/p>\n<p style=\"text-align: justify;\">T\u00e9l\u00e9chargeable et accessible imm\u00e9diatement. Les droits d&rsquo;auteure s&rsquo;appliquent sur l&rsquo;ensemble des \u00e9l\u00e9ments constituant ce soin. Vous pouvez demander un rendez-vous si vous avez besoin de d\u00e9velopper un travail d\u2019apaisement qui exige un suivi personnalis\u00e9 et analytique. Par ici\u00a0: <a href=\"https:\/\/exorciser-liberer-guerir.com\/prise-de-rendez-vous-par-domaine-dintervention\/\" target=\"_blank\" rel=\"noopener\">https:\/\/exorciser-liberer-guerir.com\/prise-de-rendez-vous-par-domaine-dintervention\/<\/a><\/p>\n<p style=\"text-align: justify;\">\n","protected":false},"excerpt":{"rendered":"<p style=\"text-align: justify;\">La peur, l\u2019angoisse, l\u2019anxi\u00e9t\u00e9, les chocs et \u00e9v\u00e9nements traumatiques provoquent de lourds blocages. Longtemps on a cru que, face au danger, nous avions deux possibilit\u00e9s : la fuite ou le combat. Ce n\u2019est pas exact.\u00a0 Face au danger VISIBLE pour les yeux, on peut aussi se figer et \u00eatre incapable de r\u00e9agir.\u00a0 On appelle cela l\u2019\u00e9tat de sid\u00e9ration. D\u00e8s lors, lorsqu\u2019une personne s\u2019est trouv\u00e9e en \u00e9tat de sid\u00e9ration psychologique, c\u2019est-\u00e0-dire incapable de se d\u00e9fendre imm\u00e9diatement face \u00e0 une attaque psychique (harc\u00e8lement, m\u00e9chancet\u00e9, violation de l&rsquo;int\u00e9grit\u00e9, etc.), par d\u00e9finition invisible, m\u00eame lorsque la situation a \u00e9t\u00e9 normalis\u00e9e, l&rsquo;inconscient reste bloqu\u00e9 dans le sentiment de danger imm\u00e9diat.\u00a0\u00a0 L\u2019ouverture des chakras par l\u2019ancrage kinesth\u00e9sique, en hypnosoin, permet de d\u00e9livrer le message \u00e0 l\u2019inconscient, que le danger est \u00e9cart\u00e9 ou g\u00e9rable s\u2019il venait \u00e0 se pr\u00e9senter \u00e0 nouveau, que le blocage n\u2019a plus besoin d\u2019exister et que les centres nerveux les plus subtils (les chakras) peuvent \u00e0 nouveau s\u2019ouvrir, se d\u00e9crisper, sans craindre d\u2019intrusion mortelle ou morbide. Le contact kinesth\u00e9sique (par le toucher et les yeux ferm\u00e9s) permet de r\u00e9tablir l\u2019\u00e9quilibre compromis (l\u2019hom\u00e9ostasie) en cr\u00e9ant des stimuli des bien-\u00eatre qui se substitueront par la suite aux interpr\u00e9tations inconscientes fallacieuses. Tel est l&rsquo;objectif de soin tout en douceur et en puissance.<\/p>\n","protected":false},"featured_media":2186,"comment_status":"open","ping_status":"closed","template":"","meta":[],"product_brand":[],"product_cat":[155,17],"product_tag":[223,227,226,225,307,308],"mwb_booking_cost":[],"mwb_booking_service":[],"class_list":{"0":"post-2185","1":"product","2":"type-product","3":"status-publish","4":"has-post-thumbnail","6":"product_cat-02-soins-accueil","7":"product_cat-tous-les-produits","8":"product_tag-ancrage","9":"product_tag-angoisse","10":"product_tag-anxiete","11":"product_tag-peur","12":"product_tag-soin","13":"product_tag-stress","15":"first","16":"instock","17":"downloadable","18":"virtual","19":"purchasable","20":"product-type-simple"},"yoast_head":"<!-- This site is optimized with the Yoast SEO plugin v27.1.1 - https:\/\/yoast.com\/product\/yoast-seo-wordpress\/ -->\n<title>ANXIETE &amp; STRESS - Apaisement - ouverture des chakras &amp; ancrage - Spirit-US<\/title>\n<meta name=\"robots\" content=\"index, follow, max-snippet:-1, max-image-preview:large, max-video-preview:-1\" \/>\n<link rel=\"canonical\" href=\"https:\/\/www.spirit-us.eu\/index.php\/produit\/anxiete-stress-apaisement-par-louverture-des-chakras-et-lancrage-kinesthesique\/\" \/>\n<meta property=\"og:locale\" content=\"fr_FR\" \/>\n<meta property=\"og:type\" content=\"article\" \/>\n<meta property=\"og:title\" content=\"ANXIETE &amp; STRESS - Apaisement - ouverture des chakras &amp; ancrage - Spirit-US\" \/>\n<meta property=\"og:description\" content=\"La peur, l\u2019angoisse, l\u2019anxi\u00e9t\u00e9, les chocs et \u00e9v\u00e9nements traumatiques provoquent de lourds blocages. Longtemps on a cru que, face au danger, nous avions deux possibilit\u00e9s : la fuite ou le combat. Ce n\u2019est pas exact.\u00a0 Face au danger VISIBLE pour les yeux, on peut aussi se figer et \u00eatre incapable de r\u00e9agir.\u00a0 On appelle cela l\u2019\u00e9tat de sid\u00e9ration. D\u00e8s lors, lorsqu\u2019une personne s\u2019est trouv\u00e9e en \u00e9tat de sid\u00e9ration psychologique, c\u2019est-\u00e0-dire incapable de se d\u00e9fendre imm\u00e9diatement face \u00e0 une attaque psychique (harc\u00e8lement, m\u00e9chancet\u00e9, violation de l&#039;int\u00e9grit\u00e9, etc.), par d\u00e9finition invisible, m\u00eame lorsque la situation a \u00e9t\u00e9 normalis\u00e9e, l&#039;inconscient reste bloqu\u00e9 dans le sentiment de danger imm\u00e9diat.\u00a0\u00a0 L\u2019ouverture des chakras par l\u2019ancrage kinesth\u00e9sique, en hypnosoin, permet de d\u00e9livrer le message \u00e0 l\u2019inconscient, que le danger est \u00e9cart\u00e9 ou g\u00e9rable s\u2019il venait \u00e0 se pr\u00e9senter \u00e0 nouveau, que le blocage n\u2019a plus besoin d\u2019exister et que les centres nerveux les plus subtils (les chakras) peuvent \u00e0 nouveau s\u2019ouvrir, se d\u00e9crisper, sans craindre d\u2019intrusion mortelle ou morbide. Le contact kinesth\u00e9sique (par le toucher et les yeux ferm\u00e9s) permet de r\u00e9tablir l\u2019\u00e9quilibre compromis (l\u2019hom\u00e9ostasie) en cr\u00e9ant des stimuli des bien-\u00eatre qui se substitueront par la suite aux interpr\u00e9tations inconscientes fallacieuses. Tel est l&#039;objectif de soin tout en douceur et en puissance.\" \/>\n<meta property=\"og:url\" content=\"https:\/\/www.spirit-us.eu\/index.php\/produit\/anxiete-stress-apaisement-par-louverture-des-chakras-et-lancrage-kinesthesique\/\" \/>\n<meta property=\"og:site_name\" content=\"Spirit-US\" \/>\n<meta property=\"article:publisher\" content=\"https:\/\/www.facebook.com\/spirit.us.deum\" \/>\n<meta property=\"article:modified_time\" content=\"2025-10-27T08:01:27+00:00\" \/>\n<meta property=\"og:image\" content=\"https:\/\/www.spirit-us.eu\/wp-content\/uploads\/2025\/10\/Anxiete-Stress.image-produit2-filtre-contraste-chaud.png\" \/>\n\t<meta property=\"og:image:width\" content=\"1080\" \/>\n\t<meta property=\"og:image:height\" content=\"1080\" \/>\n\t<meta property=\"og:image:type\" content=\"image\/png\" \/>\n<meta name=\"twitter:card\" content=\"summary_large_image\" \/>\n<meta name=\"twitter:label1\" content=\"Dur\u00e9e de lecture estim\u00e9e\" \/>\n\t<meta name=\"twitter:data1\" content=\"1 minute\" \/>\n<script type=\"application\/ld+json\" class=\"yoast-schema-graph\">{\"@context\":\"https:\/\/schema.org\",\"@graph\":[{\"@type\":\"WebPage\",\"@id\":\"https:\/\/www.spirit-us.eu\/index.php\/produit\/anxiete-stress-apaisement-par-louverture-des-chakras-et-lancrage-kinesthesique\/\",\"url\":\"https:\/\/www.spirit-us.eu\/index.php\/produit\/anxiete-stress-apaisement-par-louverture-des-chakras-et-lancrage-kinesthesique\/\",\"name\":\"ANXIETE & STRESS - Apaisement - ouverture des chakras & ancrage - Spirit-US\",\"isPartOf\":{\"@id\":\"https:\/\/www.spirit-us.eu\/#website\"},\"primaryImageOfPage\":{\"@id\":\"https:\/\/www.spirit-us.eu\/index.php\/produit\/anxiete-stress-apaisement-par-louverture-des-chakras-et-lancrage-kinesthesique\/#primaryimage\"},\"image\":{\"@id\":\"https:\/\/www.spirit-us.eu\/index.php\/produit\/anxiete-stress-apaisement-par-louverture-des-chakras-et-lancrage-kinesthesique\/#primaryimage\"},\"thumbnailUrl\":\"https:\/\/www.spirit-us.eu\/wp-content\/uploads\/2025\/10\/Anxiete-Stress.image-produit2-filtre-contraste-chaud.png\",\"datePublished\":\"2025-10-24T15:30:21+00:00\",\"dateModified\":\"2025-10-27T08:01:27+00:00\",\"breadcrumb\":{\"@id\":\"https:\/\/www.spirit-us.eu\/index.php\/produit\/anxiete-stress-apaisement-par-louverture-des-chakras-et-lancrage-kinesthesique\/#breadcrumb\"},\"inLanguage\":\"fr-FR\",\"potentialAction\":[{\"@type\":\"ReadAction\",\"target\":[\"https:\/\/www.spirit-us.eu\/index.php\/produit\/anxiete-stress-apaisement-par-louverture-des-chakras-et-lancrage-kinesthesique\/\"]}]},{\"@type\":\"ImageObject\",\"inLanguage\":\"fr-FR\",\"@id\":\"https:\/\/www.spirit-us.eu\/index.php\/produit\/anxiete-stress-apaisement-par-louverture-des-chakras-et-lancrage-kinesthesique\/#primaryimage\",\"url\":\"https:\/\/www.spirit-us.eu\/wp-content\/uploads\/2025\/10\/Anxiete-Stress.image-produit2-filtre-contraste-chaud.png\",\"contentUrl\":\"https:\/\/www.spirit-us.eu\/wp-content\/uploads\/2025\/10\/Anxiete-Stress.image-produit2-filtre-contraste-chaud.png\",\"width\":1080,\"height\":1080},{\"@type\":\"BreadcrumbList\",\"@id\":\"https:\/\/www.spirit-us.eu\/index.php\/produit\/anxiete-stress-apaisement-par-louverture-des-chakras-et-lancrage-kinesthesique\/#breadcrumb\",\"itemListElement\":[{\"@type\":\"ListItem\",\"position\":1,\"name\":\"Accueil\",\"item\":\"https:\/\/www.spirit-us.eu\/\"},{\"@type\":\"ListItem\",\"position\":2,\"name\":\"Boutique\",\"item\":\"https:\/\/www.spirit-us.eu\/index.php\/boutique\/\"},{\"@type\":\"ListItem\",\"position\":3,\"name\":\"ANXIETE &#038; STRESS &#8211; Apaisement &#8211; ouverture des chakras &#038; ancrage\"}]},{\"@type\":\"WebSite\",\"@id\":\"https:\/\/www.spirit-us.eu\/#website\",\"url\":\"https:\/\/www.spirit-us.eu\/\",\"name\":\"Spirit-US\",\"description\":\"\",\"publisher\":{\"@id\":\"https:\/\/www.spirit-us.eu\/#organization\"},\"potentialAction\":[{\"@type\":\"SearchAction\",\"target\":{\"@type\":\"EntryPoint\",\"urlTemplate\":\"https:\/\/www.spirit-us.eu\/?s={search_term_string}\"},\"query-input\":{\"@type\":\"PropertyValueSpecification\",\"valueRequired\":true,\"valueName\":\"search_term_string\"}}],\"inLanguage\":\"fr-FR\"},{\"@type\":\"Organization\",\"@id\":\"https:\/\/www.spirit-us.eu\/#organization\",\"name\":\"Spirit-US\",\"url\":\"https:\/\/www.spirit-us.eu\/\",\"logo\":{\"@type\":\"ImageObject\",\"inLanguage\":\"fr-FR\",\"@id\":\"https:\/\/www.spirit-us.eu\/#\/schema\/logo\/image\/\",\"url\":\"https:\/\/www.spirit-us.eu\/wp-content\/uploads\/2025\/11\/logo-regarde-linterlocutrice-sans-arrriere-plan.jpg\",\"contentUrl\":\"https:\/\/www.spirit-us.eu\/wp-content\/uploads\/2025\/11\/logo-regarde-linterlocutrice-sans-arrriere-plan.jpg\",\"width\":1080,\"height\":1080,\"caption\":\"Spirit-US\"},\"image\":{\"@id\":\"https:\/\/www.spirit-us.eu\/#\/schema\/logo\/image\/\"},\"sameAs\":[\"https:\/\/www.facebook.com\/spirit.us.deum\"]}]}<\/script>\n<!-- \/ Yoast SEO plugin. -->","yoast_head_json":{"title":"ANXIETE & STRESS - Apaisement - ouverture des chakras & ancrage - Spirit-US","robots":{"index":"index","follow":"follow","max-snippet":"max-snippet:-1","max-image-preview":"max-image-preview:large","max-video-preview":"max-video-preview:-1"},"canonical":"https:\/\/www.spirit-us.eu\/index.php\/produit\/anxiete-stress-apaisement-par-louverture-des-chakras-et-lancrage-kinesthesique\/","og_locale":"fr_FR","og_type":"article","og_title":"ANXIETE & STRESS - Apaisement - ouverture des chakras & ancrage - Spirit-US","og_description":"La peur, l\u2019angoisse, l\u2019anxi\u00e9t\u00e9, les chocs et \u00e9v\u00e9nements traumatiques provoquent de lourds blocages. Longtemps on a cru que, face au danger, nous avions deux possibilit\u00e9s : la fuite ou le combat. Ce n\u2019est pas exact.\u00a0 Face au danger VISIBLE pour les yeux, on peut aussi se figer et \u00eatre incapable de r\u00e9agir.\u00a0 On appelle cela l\u2019\u00e9tat de sid\u00e9ration. D\u00e8s lors, lorsqu\u2019une personne s\u2019est trouv\u00e9e en \u00e9tat de sid\u00e9ration psychologique, c\u2019est-\u00e0-dire incapable de se d\u00e9fendre imm\u00e9diatement face \u00e0 une attaque psychique (harc\u00e8lement, m\u00e9chancet\u00e9, violation de l'int\u00e9grit\u00e9, etc.), par d\u00e9finition invisible, m\u00eame lorsque la situation a \u00e9t\u00e9 normalis\u00e9e, l'inconscient reste bloqu\u00e9 dans le sentiment de danger imm\u00e9diat.\u00a0\u00a0 L\u2019ouverture des chakras par l\u2019ancrage kinesth\u00e9sique, en hypnosoin, permet de d\u00e9livrer le message \u00e0 l\u2019inconscient, que le danger est \u00e9cart\u00e9 ou g\u00e9rable s\u2019il venait \u00e0 se pr\u00e9senter \u00e0 nouveau, que le blocage n\u2019a plus besoin d\u2019exister et que les centres nerveux les plus subtils (les chakras) peuvent \u00e0 nouveau s\u2019ouvrir, se d\u00e9crisper, sans craindre d\u2019intrusion mortelle ou morbide. Le contact kinesth\u00e9sique (par le toucher et les yeux ferm\u00e9s) permet de r\u00e9tablir l\u2019\u00e9quilibre compromis (l\u2019hom\u00e9ostasie) en cr\u00e9ant des stimuli des bien-\u00eatre qui se substitueront par la suite aux interpr\u00e9tations inconscientes fallacieuses. Tel est l'objectif de soin tout en douceur et en puissance.","og_url":"https:\/\/www.spirit-us.eu\/index.php\/produit\/anxiete-stress-apaisement-par-louverture-des-chakras-et-lancrage-kinesthesique\/","og_site_name":"Spirit-US","article_publisher":"https:\/\/www.facebook.com\/spirit.us.deum","article_modified_time":"2025-10-27T08:01:27+00:00","og_image":[{"width":1080,"height":1080,"url":"https:\/\/www.spirit-us.eu\/wp-content\/uploads\/2025\/10\/Anxiete-Stress.image-produit2-filtre-contraste-chaud.png","type":"image\/png"}],"twitter_card":"summary_large_image","twitter_misc":{"Dur\u00e9e de lecture estim\u00e9e":"1 minute"},"schema":{"@context":"https:\/\/schema.org","@graph":[{"@type":"WebPage","@id":"https:\/\/www.spirit-us.eu\/index.php\/produit\/anxiete-stress-apaisement-par-louverture-des-chakras-et-lancrage-kinesthesique\/","url":"https:\/\/www.spirit-us.eu\/index.php\/produit\/anxiete-stress-apaisement-par-louverture-des-chakras-et-lancrage-kinesthesique\/","name":"ANXIETE & STRESS - Apaisement - ouverture des chakras & ancrage - Spirit-US","isPartOf":{"@id":"https:\/\/www.spirit-us.eu\/#website"},"primaryImageOfPage":{"@id":"https:\/\/www.spirit-us.eu\/index.php\/produit\/anxiete-stress-apaisement-par-louverture-des-chakras-et-lancrage-kinesthesique\/#primaryimage"},"image":{"@id":"https:\/\/www.spirit-us.eu\/index.php\/produit\/anxiete-stress-apaisement-par-louverture-des-chakras-et-lancrage-kinesthesique\/#primaryimage"},"thumbnailUrl":"https:\/\/www.spirit-us.eu\/wp-content\/uploads\/2025\/10\/Anxiete-Stress.image-produit2-filtre-contraste-chaud.png","datePublished":"2025-10-24T15:30:21+00:00","dateModified":"2025-10-27T08:01:27+00:00","breadcrumb":{"@id":"https:\/\/www.spirit-us.eu\/index.php\/produit\/anxiete-stress-apaisement-par-louverture-des-chakras-et-lancrage-kinesthesique\/#breadcrumb"},"inLanguage":"fr-FR","potentialAction":[{"@type":"ReadAction","target":["https:\/\/www.spirit-us.eu\/index.php\/produit\/anxiete-stress-apaisement-par-louverture-des-chakras-et-lancrage-kinesthesique\/"]}]},{"@type":"ImageObject","inLanguage":"fr-FR","@id":"https:\/\/www.spirit-us.eu\/index.php\/produit\/anxiete-stress-apaisement-par-louverture-des-chakras-et-lancrage-kinesthesique\/#primaryimage","url":"https:\/\/www.spirit-us.eu\/wp-content\/uploads\/2025\/10\/Anxiete-Stress.image-produit2-filtre-contraste-chaud.png","contentUrl":"https:\/\/www.spirit-us.eu\/wp-content\/uploads\/2025\/10\/Anxiete-Stress.image-produit2-filtre-contraste-chaud.png","width":1080,"height":1080},{"@type":"BreadcrumbList","@id":"https:\/\/www.spirit-us.eu\/index.php\/produit\/anxiete-stress-apaisement-par-louverture-des-chakras-et-lancrage-kinesthesique\/#breadcrumb","itemListElement":[{"@type":"ListItem","position":1,"name":"Accueil","item":"https:\/\/www.spirit-us.eu\/"},{"@type":"ListItem","position":2,"name":"Boutique","item":"https:\/\/www.spirit-us.eu\/index.php\/boutique\/"},{"@type":"ListItem","position":3,"name":"ANXIETE &#038; STRESS &#8211; Apaisement &#8211; ouverture des chakras &#038; ancrage"}]},{"@type":"WebSite","@id":"https:\/\/www.spirit-us.eu\/#website","url":"https:\/\/www.spirit-us.eu\/","name":"Spirit-US","description":"","publisher":{"@id":"https:\/\/www.spirit-us.eu\/#organization"},"potentialAction":[{"@type":"SearchAction","target":{"@type":"EntryPoint","urlTemplate":"https:\/\/www.spirit-us.eu\/?s={search_term_string}"},"query-input":{"@type":"PropertyValueSpecification","valueRequired":true,"valueName":"search_term_string"}}],"inLanguage":"fr-FR"},{"@type":"Organization","@id":"https:\/\/www.spirit-us.eu\/#organization","name":"Spirit-US","url":"https:\/\/www.spirit-us.eu\/","logo":{"@type":"ImageObject","inLanguage":"fr-FR","@id":"https:\/\/www.spirit-us.eu\/#\/schema\/logo\/image\/","url":"https:\/\/www.spirit-us.eu\/wp-content\/uploads\/2025\/11\/logo-regarde-linterlocutrice-sans-arrriere-plan.jpg","contentUrl":"https:\/\/www.spirit-us.eu\/wp-content\/uploads\/2025\/11\/logo-regarde-linterlocutrice-sans-arrriere-plan.jpg","width":1080,"height":1080,"caption":"Spirit-US"},"image":{"@id":"https:\/\/www.spirit-us.eu\/#\/schema\/logo\/image\/"},"sameAs":["https:\/\/www.facebook.com\/spirit.us.deum"]}]}},"jetpack_sharing_enabled":true,"_links":{"self":[{"href":"https:\/\/www.spirit-us.eu\/index.php\/wp-json\/wp\/v2\/product\/2185","targetHints":{"allow":["GET"]}}],"collection":[{"href":"https:\/\/www.spirit-us.eu\/index.php\/wp-json\/wp\/v2\/product"}],"about":[{"href":"https:\/\/www.spirit-us.eu\/index.php\/wp-json\/wp\/v2\/types\/product"}],"replies":[{"embeddable":true,"href":"https:\/\/www.spirit-us.eu\/index.php\/wp-json\/wp\/v2\/comments?post=2185"}],"wp:featuredmedia":[{"embeddable":true,"href":"https:\/\/www.spirit-us.eu\/index.php\/wp-json\/wp\/v2\/media\/2186"}],"wp:attachment":[{"href":"https:\/\/www.spirit-us.eu\/index.php\/wp-json\/wp\/v2\/media?parent=2185"}],"wp:term":[{"taxonomy":"product_brand","embeddable":true,"href":"https:\/\/www.spirit-us.eu\/index.php\/wp-json\/wp\/v2\/product_brand?post=2185"},{"taxonomy":"product_cat","embeddable":true,"href":"https:\/\/www.spirit-us.eu\/index.php\/wp-json\/wp\/v2\/product_cat?post=2185"},{"taxonomy":"product_tag","embeddable":true,"href":"https:\/\/www.spirit-us.eu\/index.php\/wp-json\/wp\/v2\/product_tag?post=2185"},{"taxonomy":"mwb_booking_cost","embeddable":true,"href":"https:\/\/www.spirit-us.eu\/index.php\/wp-json\/wp\/v2\/mwb_booking_cost?post=2185"},{"taxonomy":"mwb_booking_service","embeddable":true,"href":"https:\/\/www.spirit-us.eu\/index.php\/wp-json\/wp\/v2\/mwb_booking_service?post=2185"}],"curies":[{"name":"wp","href":"https:\/\/api.w.org\/{rel}","templated":true}]}}