{"id":2149,"date":"2025-10-07T16:29:18","date_gmt":"2025-10-07T14:29:18","guid":{"rendered":"https:\/\/www.spirit-us.eu\/?post_type=product&#038;p=2149"},"modified":"2025-12-17T17:55:36","modified_gmt":"2025-12-17T16:55:36","slug":"pentacle-le-calice-et-la-colombe","status":"publish","type":"product","link":"https:\/\/www.spirit-us.eu\/index.php\/produit\/pentacle-le-calice-et-la-colombe\/","title":{"rendered":"PENTACLE : le calice et la colombe"},"content":{"rendered":"<p><strong>Mat\u00e9riau<\/strong> : plaqu\u00e9 or ou plaqu\u00e9 argent (selon vos souhaits)<\/p>\n<p><strong>Dimension<\/strong> : cm de diam\u00e8tre<\/p>\n<p>Bijou 100% manufactur\u00e9, livr\u00e9 consacr\u00e9 sur base de votre demande.<\/p>\n","protected":false},"excerpt":{"rendered":"<p style=\"text-align: justify;\">Cette m\u00e9daille-pentacle repr\u00e9sente une colombe venant s&rsquo;abreuver dans le Calice, le Saint Graal. L&rsquo;inscription dans l&rsquo;alphabet secret des Gu\u00e9risseurs et des Gu\u00e9risseuses, correspond \u00e0 une phrase latine disant ceci :\u00a0<em> lavabis me et super nivem dealbabor &#8211; (tu me laveras et je serai plus blanc, plus blache que la neige). <\/em>On porte sur soi ce pentacle consacr\u00e9 pour sublimer tout ce qui a trait \u00e0 la puret\u00e9 personnelle. <strong>Puret\u00e9 du corps<\/strong>, lorsqu&rsquo;une maladie a perturb\u00e9 son \u00e9quilibre naturel; <strong>puret\u00e9 de l&rsquo;\u00e2me<\/strong> lorsqu&rsquo;il s&rsquo;agit d&rsquo;avoir une conscience propre et nette de tout tort fait \u00e0 soi-m\u00eame ou \u00e0 autrui.\u00a0 Symboliquement, ceux qui ont cr\u00e9\u00e9 dans les temps anciens ce pentacle ont voulu repr\u00e9senter le calice de la Vie o\u00f9 s&rsquo;abreuve l&rsquo;Esprit &#8211; la vie peut \u00eatre remplie d&rsquo;amertumes, mais pour qui s&rsquo;abreuve \u00e0 m\u00eame le Graal, l&rsquo;amertume se change bient\u00f4t en douceur.\u00a0 Ce signe est aussi d&rsquo;une grande aide pour les maladies du sang ainsi que pour les troubles cutan\u00e9s ou sous-cutan\u00e9s r\u00e9sultant de ces maladies.<\/p>\n","protected":false},"featured_media":2150,"comment_status":"open","ping_status":"closed","template":"","meta":[],"product_brand":[],"product_cat":[156,466,301,17],"product_tag":[229,169],"mwb_booking_cost":[],"mwb_booking_service":[],"class_list":{"0":"post-2149","1":"product","2":"type-product","3":"status-publish","4":"has-post-thumbnail","6":"product_cat-04-bijoux","7":"product_cat-004-piete-protection","8":"product_cat-05-medailles-parchemins-personnalises","9":"product_cat-tous-les-produits","10":"product_tag-guerison","11":"product_tag-protection","13":"first","14":"instock","15":"shipping-taxable","16":"purchasable","17":"product-type-simple"},"yoast_head":"<!-- This site is optimized with the Yoast SEO plugin v27.1.1 - https:\/\/yoast.com\/product\/yoast-seo-wordpress\/ -->\n<title>PENTACLE : le calice et la colombe - Spirit-US<\/title>\n<meta name=\"robots\" content=\"index, follow, max-snippet:-1, max-image-preview:large, max-video-preview:-1\" \/>\n<link rel=\"canonical\" href=\"https:\/\/www.spirit-us.eu\/index.php\/produit\/pentacle-le-calice-et-la-colombe\/\" \/>\n<meta property=\"og:locale\" content=\"fr_FR\" \/>\n<meta property=\"og:type\" content=\"article\" \/>\n<meta property=\"og:title\" content=\"PENTACLE : le calice et la colombe - Spirit-US\" \/>\n<meta property=\"og:description\" content=\"Cette m\u00e9daille-pentacle repr\u00e9sente une colombe venant s&#039;abreuver dans le Calice, le Saint Graal. L&#039;inscription dans l&#039;alphabet secret des Gu\u00e9risseurs et des Gu\u00e9risseuses, correspond \u00e0 une phrase latine disant ceci :\u00a0 lavabis me et super nivem dealbabor - (tu me laveras et je serai plus blanc, plus blache que la neige). On porte sur soi ce pentacle consacr\u00e9 pour sublimer tout ce qui a trait \u00e0 la puret\u00e9 personnelle. Puret\u00e9 du corps, lorsqu&#039;une maladie a perturb\u00e9 son \u00e9quilibre naturel; puret\u00e9 de l&#039;\u00e2me lorsqu&#039;il s&#039;agit d&#039;avoir une conscience propre et nette de tout tort fait \u00e0 soi-m\u00eame ou \u00e0 autrui.\u00a0 Symboliquement, ceux qui ont cr\u00e9\u00e9 dans les temps anciens ce pentacle ont voulu repr\u00e9senter le calice de la Vie o\u00f9 s&#039;abreuve l&#039;Esprit - la vie peut \u00eatre remplie d&#039;amertumes, mais pour qui s&#039;abreuve \u00e0 m\u00eame le Graal, l&#039;amertume se change bient\u00f4t en douceur.\u00a0 Ce signe est aussi d&#039;une grande aide pour les maladies du sang ainsi que pour les troubles cutan\u00e9s ou sous-cutan\u00e9s r\u00e9sultant de ces maladies.\" \/>\n<meta property=\"og:url\" content=\"https:\/\/www.spirit-us.eu\/index.php\/produit\/pentacle-le-calice-et-la-colombe\/\" \/>\n<meta property=\"og:site_name\" content=\"Spirit-US\" \/>\n<meta property=\"article:publisher\" content=\"https:\/\/www.facebook.com\/spirit.us.deum\" \/>\n<meta property=\"article:modified_time\" content=\"2025-12-17T16:55:36+00:00\" \/>\n<meta property=\"og:image\" content=\"https:\/\/www.spirit-us.eu\/wp-content\/uploads\/2025\/10\/colombe-image-produit-du-pentacle.png\" \/>\n\t<meta property=\"og:image:width\" content=\"1080\" \/>\n\t<meta property=\"og:image:height\" content=\"1080\" \/>\n\t<meta property=\"og:image:type\" content=\"image\/png\" \/>\n<meta name=\"twitter:card\" content=\"summary_large_image\" \/>\n<script type=\"application\/ld+json\" class=\"yoast-schema-graph\">{\"@context\":\"https:\/\/schema.org\",\"@graph\":[{\"@type\":\"WebPage\",\"@id\":\"https:\/\/www.spirit-us.eu\/index.php\/produit\/pentacle-le-calice-et-la-colombe\/\",\"url\":\"https:\/\/www.spirit-us.eu\/index.php\/produit\/pentacle-le-calice-et-la-colombe\/\",\"name\":\"PENTACLE : le calice et la colombe - Spirit-US\",\"isPartOf\":{\"@id\":\"https:\/\/www.spirit-us.eu\/#website\"},\"primaryImageOfPage\":{\"@id\":\"https:\/\/www.spirit-us.eu\/index.php\/produit\/pentacle-le-calice-et-la-colombe\/#primaryimage\"},\"image\":{\"@id\":\"https:\/\/www.spirit-us.eu\/index.php\/produit\/pentacle-le-calice-et-la-colombe\/#primaryimage\"},\"thumbnailUrl\":\"https:\/\/www.spirit-us.eu\/wp-content\/uploads\/2025\/10\/colombe-image-produit-du-pentacle.png\",\"datePublished\":\"2025-10-07T14:29:18+00:00\",\"dateModified\":\"2025-12-17T16:55:36+00:00\",\"breadcrumb\":{\"@id\":\"https:\/\/www.spirit-us.eu\/index.php\/produit\/pentacle-le-calice-et-la-colombe\/#breadcrumb\"},\"inLanguage\":\"fr-FR\",\"potentialAction\":[{\"@type\":\"ReadAction\",\"target\":[\"https:\/\/www.spirit-us.eu\/index.php\/produit\/pentacle-le-calice-et-la-colombe\/\"]}]},{\"@type\":\"ImageObject\",\"inLanguage\":\"fr-FR\",\"@id\":\"https:\/\/www.spirit-us.eu\/index.php\/produit\/pentacle-le-calice-et-la-colombe\/#primaryimage\",\"url\":\"https:\/\/www.spirit-us.eu\/wp-content\/uploads\/2025\/10\/colombe-image-produit-du-pentacle.png\",\"contentUrl\":\"https:\/\/www.spirit-us.eu\/wp-content\/uploads\/2025\/10\/colombe-image-produit-du-pentacle.png\",\"width\":1080,\"height\":1080},{\"@type\":\"BreadcrumbList\",\"@id\":\"https:\/\/www.spirit-us.eu\/index.php\/produit\/pentacle-le-calice-et-la-colombe\/#breadcrumb\",\"itemListElement\":[{\"@type\":\"ListItem\",\"position\":1,\"name\":\"Accueil\",\"item\":\"https:\/\/www.spirit-us.eu\/\"},{\"@type\":\"ListItem\",\"position\":2,\"name\":\"Boutique\",\"item\":\"https:\/\/www.spirit-us.eu\/index.php\/boutique\/\"},{\"@type\":\"ListItem\",\"position\":3,\"name\":\"PENTACLE : le calice et la colombe\"}]},{\"@type\":\"WebSite\",\"@id\":\"https:\/\/www.spirit-us.eu\/#website\",\"url\":\"https:\/\/www.spirit-us.eu\/\",\"name\":\"Spirit-US\",\"description\":\"\",\"publisher\":{\"@id\":\"https:\/\/www.spirit-us.eu\/#organization\"},\"potentialAction\":[{\"@type\":\"SearchAction\",\"target\":{\"@type\":\"EntryPoint\",\"urlTemplate\":\"https:\/\/www.spirit-us.eu\/?s={search_term_string}\"},\"query-input\":{\"@type\":\"PropertyValueSpecification\",\"valueRequired\":true,\"valueName\":\"search_term_string\"}}],\"inLanguage\":\"fr-FR\"},{\"@type\":\"Organization\",\"@id\":\"https:\/\/www.spirit-us.eu\/#organization\",\"name\":\"Spirit-US\",\"url\":\"https:\/\/www.spirit-us.eu\/\",\"logo\":{\"@type\":\"ImageObject\",\"inLanguage\":\"fr-FR\",\"@id\":\"https:\/\/www.spirit-us.eu\/#\/schema\/logo\/image\/\",\"url\":\"https:\/\/www.spirit-us.eu\/wp-content\/uploads\/2025\/11\/logo-regarde-linterlocutrice-sans-arrriere-plan.jpg\",\"contentUrl\":\"https:\/\/www.spirit-us.eu\/wp-content\/uploads\/2025\/11\/logo-regarde-linterlocutrice-sans-arrriere-plan.jpg\",\"width\":1080,\"height\":1080,\"caption\":\"Spirit-US\"},\"image\":{\"@id\":\"https:\/\/www.spirit-us.eu\/#\/schema\/logo\/image\/\"},\"sameAs\":[\"https:\/\/www.facebook.com\/spirit.us.deum\"]}]}<\/script>\n<!-- \/ Yoast SEO plugin. -->","yoast_head_json":{"title":"PENTACLE : le calice et la colombe - Spirit-US","robots":{"index":"index","follow":"follow","max-snippet":"max-snippet:-1","max-image-preview":"max-image-preview:large","max-video-preview":"max-video-preview:-1"},"canonical":"https:\/\/www.spirit-us.eu\/index.php\/produit\/pentacle-le-calice-et-la-colombe\/","og_locale":"fr_FR","og_type":"article","og_title":"PENTACLE : le calice et la colombe - Spirit-US","og_description":"Cette m\u00e9daille-pentacle repr\u00e9sente une colombe venant s'abreuver dans le Calice, le Saint Graal. L'inscription dans l'alphabet secret des Gu\u00e9risseurs et des Gu\u00e9risseuses, correspond \u00e0 une phrase latine disant ceci :\u00a0 lavabis me et super nivem dealbabor - (tu me laveras et je serai plus blanc, plus blache que la neige). On porte sur soi ce pentacle consacr\u00e9 pour sublimer tout ce qui a trait \u00e0 la puret\u00e9 personnelle. Puret\u00e9 du corps, lorsqu'une maladie a perturb\u00e9 son \u00e9quilibre naturel; puret\u00e9 de l'\u00e2me lorsqu'il s'agit d'avoir une conscience propre et nette de tout tort fait \u00e0 soi-m\u00eame ou \u00e0 autrui.\u00a0 Symboliquement, ceux qui ont cr\u00e9\u00e9 dans les temps anciens ce pentacle ont voulu repr\u00e9senter le calice de la Vie o\u00f9 s'abreuve l'Esprit - la vie peut \u00eatre remplie d'amertumes, mais pour qui s'abreuve \u00e0 m\u00eame le Graal, l'amertume se change bient\u00f4t en douceur.\u00a0 Ce signe est aussi d'une grande aide pour les maladies du sang ainsi que pour les troubles cutan\u00e9s ou sous-cutan\u00e9s r\u00e9sultant de ces maladies.","og_url":"https:\/\/www.spirit-us.eu\/index.php\/produit\/pentacle-le-calice-et-la-colombe\/","og_site_name":"Spirit-US","article_publisher":"https:\/\/www.facebook.com\/spirit.us.deum","article_modified_time":"2025-12-17T16:55:36+00:00","og_image":[{"width":1080,"height":1080,"url":"https:\/\/www.spirit-us.eu\/wp-content\/uploads\/2025\/10\/colombe-image-produit-du-pentacle.png","type":"image\/png"}],"twitter_card":"summary_large_image","schema":{"@context":"https:\/\/schema.org","@graph":[{"@type":"WebPage","@id":"https:\/\/www.spirit-us.eu\/index.php\/produit\/pentacle-le-calice-et-la-colombe\/","url":"https:\/\/www.spirit-us.eu\/index.php\/produit\/pentacle-le-calice-et-la-colombe\/","name":"PENTACLE : le calice et la colombe - Spirit-US","isPartOf":{"@id":"https:\/\/www.spirit-us.eu\/#website"},"primaryImageOfPage":{"@id":"https:\/\/www.spirit-us.eu\/index.php\/produit\/pentacle-le-calice-et-la-colombe\/#primaryimage"},"image":{"@id":"https:\/\/www.spirit-us.eu\/index.php\/produit\/pentacle-le-calice-et-la-colombe\/#primaryimage"},"thumbnailUrl":"https:\/\/www.spirit-us.eu\/wp-content\/uploads\/2025\/10\/colombe-image-produit-du-pentacle.png","datePublished":"2025-10-07T14:29:18+00:00","dateModified":"2025-12-17T16:55:36+00:00","breadcrumb":{"@id":"https:\/\/www.spirit-us.eu\/index.php\/produit\/pentacle-le-calice-et-la-colombe\/#breadcrumb"},"inLanguage":"fr-FR","potentialAction":[{"@type":"ReadAction","target":["https:\/\/www.spirit-us.eu\/index.php\/produit\/pentacle-le-calice-et-la-colombe\/"]}]},{"@type":"ImageObject","inLanguage":"fr-FR","@id":"https:\/\/www.spirit-us.eu\/index.php\/produit\/pentacle-le-calice-et-la-colombe\/#primaryimage","url":"https:\/\/www.spirit-us.eu\/wp-content\/uploads\/2025\/10\/colombe-image-produit-du-pentacle.png","contentUrl":"https:\/\/www.spirit-us.eu\/wp-content\/uploads\/2025\/10\/colombe-image-produit-du-pentacle.png","width":1080,"height":1080},{"@type":"BreadcrumbList","@id":"https:\/\/www.spirit-us.eu\/index.php\/produit\/pentacle-le-calice-et-la-colombe\/#breadcrumb","itemListElement":[{"@type":"ListItem","position":1,"name":"Accueil","item":"https:\/\/www.spirit-us.eu\/"},{"@type":"ListItem","position":2,"name":"Boutique","item":"https:\/\/www.spirit-us.eu\/index.php\/boutique\/"},{"@type":"ListItem","position":3,"name":"PENTACLE : le calice et la colombe"}]},{"@type":"WebSite","@id":"https:\/\/www.spirit-us.eu\/#website","url":"https:\/\/www.spirit-us.eu\/","name":"Spirit-US","description":"","publisher":{"@id":"https:\/\/www.spirit-us.eu\/#organization"},"potentialAction":[{"@type":"SearchAction","target":{"@type":"EntryPoint","urlTemplate":"https:\/\/www.spirit-us.eu\/?s={search_term_string}"},"query-input":{"@type":"PropertyValueSpecification","valueRequired":true,"valueName":"search_term_string"}}],"inLanguage":"fr-FR"},{"@type":"Organization","@id":"https:\/\/www.spirit-us.eu\/#organization","name":"Spirit-US","url":"https:\/\/www.spirit-us.eu\/","logo":{"@type":"ImageObject","inLanguage":"fr-FR","@id":"https:\/\/www.spirit-us.eu\/#\/schema\/logo\/image\/","url":"https:\/\/www.spirit-us.eu\/wp-content\/uploads\/2025\/11\/logo-regarde-linterlocutrice-sans-arrriere-plan.jpg","contentUrl":"https:\/\/www.spirit-us.eu\/wp-content\/uploads\/2025\/11\/logo-regarde-linterlocutrice-sans-arrriere-plan.jpg","width":1080,"height":1080,"caption":"Spirit-US"},"image":{"@id":"https:\/\/www.spirit-us.eu\/#\/schema\/logo\/image\/"},"sameAs":["https:\/\/www.facebook.com\/spirit.us.deum"]}]}},"jetpack_sharing_enabled":true,"_links":{"self":[{"href":"https:\/\/www.spirit-us.eu\/index.php\/wp-json\/wp\/v2\/product\/2149","targetHints":{"allow":["GET"]}}],"collection":[{"href":"https:\/\/www.spirit-us.eu\/index.php\/wp-json\/wp\/v2\/product"}],"about":[{"href":"https:\/\/www.spirit-us.eu\/index.php\/wp-json\/wp\/v2\/types\/product"}],"replies":[{"embeddable":true,"href":"https:\/\/www.spirit-us.eu\/index.php\/wp-json\/wp\/v2\/comments?post=2149"}],"wp:featuredmedia":[{"embeddable":true,"href":"https:\/\/www.spirit-us.eu\/index.php\/wp-json\/wp\/v2\/media\/2150"}],"wp:attachment":[{"href":"https:\/\/www.spirit-us.eu\/index.php\/wp-json\/wp\/v2\/media?parent=2149"}],"wp:term":[{"taxonomy":"product_brand","embeddable":true,"href":"https:\/\/www.spirit-us.eu\/index.php\/wp-json\/wp\/v2\/product_brand?post=2149"},{"taxonomy":"product_cat","embeddable":true,"href":"https:\/\/www.spirit-us.eu\/index.php\/wp-json\/wp\/v2\/product_cat?post=2149"},{"taxonomy":"product_tag","embeddable":true,"href":"https:\/\/www.spirit-us.eu\/index.php\/wp-json\/wp\/v2\/product_tag?post=2149"},{"taxonomy":"mwb_booking_cost","embeddable":true,"href":"https:\/\/www.spirit-us.eu\/index.php\/wp-json\/wp\/v2\/mwb_booking_cost?post=2149"},{"taxonomy":"mwb_booking_service","embeddable":true,"href":"https:\/\/www.spirit-us.eu\/index.php\/wp-json\/wp\/v2\/mwb_booking_service?post=2149"}],"curies":[{"name":"wp","href":"https:\/\/api.w.org\/{rel}","templated":true}]}}