{"id":2128,"date":"2025-09-26T19:45:32","date_gmt":"2025-09-26T17:45:32","guid":{"rendered":"https:\/\/www.spirit-us.eu\/?post_type=product&#038;p=2128"},"modified":"2025-12-17T17:56:33","modified_gmt":"2025-12-17T16:56:33","slug":"medaille-crucifix-de-saint-benoit-petit-format-copie","status":"publish","type":"product","link":"https:\/\/www.spirit-us.eu\/index.php\/produit\/medaille-crucifix-de-saint-benoit-petit-format-copie\/","title":{"rendered":"M\u00e9daille-Crucifix de Saint Beno\u00eet (petit format)"},"content":{"rendered":"<p><strong>Dimensions<\/strong> : hauteur\u00a0 4 cm x 2 largeur\u00a0 cm x \u00e9paisseur\u00a0 2 mm<\/p>\n<p><strong>Mat\u00e9riaux<\/strong> : acier, \u00e9mail, m\u00e9tal argent\u00e9 et \u00e9mail de couleur, disponible en 6 couleurs &#8211; bleu, vert, rose, rouge fonc\u00e9, noir, violet<\/p>\n<p><strong>Conditionnement<\/strong> : livr\u00e9e dans une pochette, sans cordon ni cha\u00eenette (sur demande : voyez nos cha\u00eenettes en argent, en m\u00e9tal argent\u00e9 et nos cordons)<\/p>\n<p><strong>Usages<\/strong> : se pose ou se suspend dans tout endroit qu&rsquo;on d\u00e9sire prot\u00e9ger de tout mal comme au-dessus d&rsquo;une porte, d&rsquo;une fen\u00eatre, ou sur un bureau, pour prot\u00e9ger la concentration et le travail.\u00a0 Sa grande qualit\u00e9, son esth\u00e9tique, font de cette croix de Saint Beno\u00eet un objet id\u00e9al et d\u00e9coratif, protecteur, pour la porte d&rsquo;entr\u00e9e.<\/p>\n<p>Livr\u00e9e b\u00e9nie et exorcis\u00e9e, pr\u00eate \u00e0 l&#8217;emploi.<\/p>\n<p><strong>Remarque\u00a0<\/strong>: si vous commandez plusieurs de ces croix, pour des usages multiples notamment dans le contexte de la protection des maisons, une r\u00e9duction de 30% (soit 4,47\u20ac\/pi\u00e8ce) est appliqu\u00e9e, d\u00e8s l&rsquo;achat de 5 unit\u00e9s.<\/p>\n<p>Le prix comprend la livraison chez vous (ou dans un point relais si vous choisissez cette option).<\/p>\n<p>&nbsp;<\/p>\n","protected":false},"excerpt":{"rendered":"<p style=\"text-align: justify;\">Jolie petite croix de Saint Beno\u00eet en acier argent\u00e9, sur \u00e9mail color\u00e9 &#8211; disponible en 6 couleurs (noir, violet, rouge fonc\u00e9, bleu, vert et rose).\u00a0 L&rsquo;origine de cette croix est tr\u00e8s ancienne est demeure \u00e0 travers les si\u00e8cles d&rsquo;une efficacit\u00e9 redoutable contre les assauts des d\u00e9mons, entit\u00e9s, ondes n\u00e9gatives et personnes nocives.\u00a0 On la suspend au-dessus de la porte d&rsquo;entr\u00e9e, une fois d\u00fbment b\u00e9nite, et les personnes n\u00e9gatives ne pourront pas en franchir le seuil. C\u00f4t\u00e9 pile, elle porte une m\u00e9daille grav\u00e9e en acier, repr\u00e9sentant Saint Beno\u00eet en tenue d&rsquo;apparat \u00e9piscopal, et l&rsquo;inscription <em>Eius in obitu nostro praesentia muniamur\u00a0<\/em>qui signifie\u00a0<em>Qu&rsquo;Il nous d\u00e9fende par sa pr\u00e9sence \u00e0 l&rsquo;instant de notre mort. <\/em>C\u00f4t\u00e9 face, le Christ en Croix porte en guise d&rsquo;aur\u00e9ole, dans un cercle, une autre croix de protection, assortie des initiales latines CSPB (Croix du Saint Patriarche Beno\u00eet) et les initiales\u00a0 CSSML signifiant Que cette croix sacr\u00e9e soit ma lumi\u00e8re.\u00a0 Le format de ce crucifix en fait un objet de protection d\u00e9coratif qui peut \u00eatre suspendu ou pos\u00e9 en un endroit visible pour marquer l&rsquo;appartenance des lieux \u00e0 l&rsquo;\u00e9nergie sacr\u00e9e de la protection divine.\u00a0 Bien s\u00fbr, ce crucifix m\u00e9daille de saint Beno\u00eet peut \u00eatre port\u00e9 sur soi, en bijousi l&rsquo;on souhaite rendre visible cette protection dans la vie quotidienne (tr\u00e8s l\u00e9g\u00e8re \/ ses couleurs ludiques ou s\u00e9rieuses permettent tous les usages); elle peut \u00eatre port\u00e9e discr\u00e8tement dans une poche \u00e9galement.<\/p>\n","protected":false},"featured_media":2122,"comment_status":"open","ping_status":"closed","template":"","meta":[],"product_brand":[],"product_cat":[156,466,166,17],"product_tag":[295,297,296,169,298],"mwb_booking_cost":[],"mwb_booking_service":[],"class_list":{"0":"post-2128","1":"product","2":"type-product","3":"status-publish","4":"has-post-thumbnail","6":"product_cat-04-bijoux","7":"product_cat-004-piete-protection","8":"product_cat-07-spiritualite-et-benedictions","9":"product_cat-tous-les-produits","10":"product_tag-croix","11":"product_tag-croix-de-saint-benoit","12":"product_tag-crucifix","13":"product_tag-protection","14":"product_tag-protection-de-lieux","16":"first","17":"instock","18":"shipping-taxable","19":"purchasable","20":"product-type-simple"},"yoast_head":"<!-- This site is optimized with the Yoast SEO plugin v27.1.1 - https:\/\/yoast.com\/product\/yoast-seo-wordpress\/ -->\n<title>M\u00e9daille-Crucifix de Saint Beno\u00eet (petit format) - Spirit-US<\/title>\n<meta name=\"robots\" content=\"index, follow, max-snippet:-1, max-image-preview:large, max-video-preview:-1\" \/>\n<link rel=\"canonical\" href=\"https:\/\/www.spirit-us.eu\/index.php\/produit\/medaille-crucifix-de-saint-benoit-petit-format-copie\/\" \/>\n<meta property=\"og:locale\" content=\"fr_FR\" \/>\n<meta property=\"og:type\" content=\"article\" \/>\n<meta property=\"og:title\" content=\"M\u00e9daille-Crucifix de Saint Beno\u00eet (petit format) - Spirit-US\" \/>\n<meta property=\"og:description\" content=\"Jolie petite croix de Saint Beno\u00eet en acier argent\u00e9, sur \u00e9mail color\u00e9 - disponible en 6 couleurs (noir, violet, rouge fonc\u00e9, bleu, vert et rose).\u00a0 L&#039;origine de cette croix est tr\u00e8s ancienne est demeure \u00e0 travers les si\u00e8cles d&#039;une efficacit\u00e9 redoutable contre les assauts des d\u00e9mons, entit\u00e9s, ondes n\u00e9gatives et personnes nocives.\u00a0 On la suspend au-dessus de la porte d&#039;entr\u00e9e, une fois d\u00fbment b\u00e9nite, et les personnes n\u00e9gatives ne pourront pas en franchir le seuil. C\u00f4t\u00e9 pile, elle porte une m\u00e9daille grav\u00e9e en acier, repr\u00e9sentant Saint Beno\u00eet en tenue d&#039;apparat \u00e9piscopal, et l&#039;inscription Eius in obitu nostro praesentia muniamur\u00a0qui signifie\u00a0Qu&#039;Il nous d\u00e9fende par sa pr\u00e9sence \u00e0 l&#039;instant de notre mort. C\u00f4t\u00e9 face, le Christ en Croix porte en guise d&#039;aur\u00e9ole, dans un cercle, une autre croix de protection, assortie des initiales latines CSPB (Croix du Saint Patriarche Beno\u00eet) et les initiales\u00a0 CSSML signifiant Que cette croix sacr\u00e9e soit ma lumi\u00e8re.\u00a0 Le format de ce crucifix en fait un objet de protection d\u00e9coratif qui peut \u00eatre suspendu ou pos\u00e9 en un endroit visible pour marquer l&#039;appartenance des lieux \u00e0 l&#039;\u00e9nergie sacr\u00e9e de la protection divine.\u00a0 Bien s\u00fbr, ce crucifix m\u00e9daille de saint Beno\u00eet peut \u00eatre port\u00e9 sur soi, en bijousi l&#039;on souhaite rendre visible cette protection dans la vie quotidienne (tr\u00e8s l\u00e9g\u00e8re \/ ses couleurs ludiques ou s\u00e9rieuses permettent tous les usages); elle peut \u00eatre port\u00e9e discr\u00e8tement dans une poche \u00e9galement.\" \/>\n<meta property=\"og:url\" content=\"https:\/\/www.spirit-us.eu\/index.php\/produit\/medaille-crucifix-de-saint-benoit-petit-format-copie\/\" \/>\n<meta property=\"og:site_name\" content=\"Spirit-US\" \/>\n<meta property=\"article:publisher\" content=\"https:\/\/www.facebook.com\/spirit.us.deum\" \/>\n<meta property=\"article:modified_time\" content=\"2025-12-17T16:56:33+00:00\" \/>\n<meta property=\"og:image\" content=\"https:\/\/www.spirit-us.eu\/wp-content\/uploads\/2025\/09\/bordeaux-bis.png\" \/>\n\t<meta property=\"og:image:width\" content=\"1080\" \/>\n\t<meta property=\"og:image:height\" content=\"1080\" \/>\n\t<meta property=\"og:image:type\" content=\"image\/png\" \/>\n<meta name=\"twitter:card\" content=\"summary_large_image\" \/>\n<meta name=\"twitter:label1\" content=\"Dur\u00e9e de lecture estim\u00e9e\" \/>\n\t<meta name=\"twitter:data1\" content=\"1 minute\" \/>\n<script type=\"application\/ld+json\" class=\"yoast-schema-graph\">{\"@context\":\"https:\/\/schema.org\",\"@graph\":[{\"@type\":\"WebPage\",\"@id\":\"https:\/\/www.spirit-us.eu\/index.php\/produit\/medaille-crucifix-de-saint-benoit-petit-format-copie\/\",\"url\":\"https:\/\/www.spirit-us.eu\/index.php\/produit\/medaille-crucifix-de-saint-benoit-petit-format-copie\/\",\"name\":\"M\u00e9daille-Crucifix de Saint Beno\u00eet (petit format) - Spirit-US\",\"isPartOf\":{\"@id\":\"https:\/\/www.spirit-us.eu\/#website\"},\"primaryImageOfPage\":{\"@id\":\"https:\/\/www.spirit-us.eu\/index.php\/produit\/medaille-crucifix-de-saint-benoit-petit-format-copie\/#primaryimage\"},\"image\":{\"@id\":\"https:\/\/www.spirit-us.eu\/index.php\/produit\/medaille-crucifix-de-saint-benoit-petit-format-copie\/#primaryimage\"},\"thumbnailUrl\":\"https:\/\/www.spirit-us.eu\/wp-content\/uploads\/2025\/09\/bordeaux-bis.png\",\"datePublished\":\"2025-09-26T17:45:32+00:00\",\"dateModified\":\"2025-12-17T16:56:33+00:00\",\"breadcrumb\":{\"@id\":\"https:\/\/www.spirit-us.eu\/index.php\/produit\/medaille-crucifix-de-saint-benoit-petit-format-copie\/#breadcrumb\"},\"inLanguage\":\"fr-FR\",\"potentialAction\":[{\"@type\":\"ReadAction\",\"target\":[\"https:\/\/www.spirit-us.eu\/index.php\/produit\/medaille-crucifix-de-saint-benoit-petit-format-copie\/\"]}]},{\"@type\":\"ImageObject\",\"inLanguage\":\"fr-FR\",\"@id\":\"https:\/\/www.spirit-us.eu\/index.php\/produit\/medaille-crucifix-de-saint-benoit-petit-format-copie\/#primaryimage\",\"url\":\"https:\/\/www.spirit-us.eu\/wp-content\/uploads\/2025\/09\/bordeaux-bis.png\",\"contentUrl\":\"https:\/\/www.spirit-us.eu\/wp-content\/uploads\/2025\/09\/bordeaux-bis.png\",\"width\":1080,\"height\":1080},{\"@type\":\"BreadcrumbList\",\"@id\":\"https:\/\/www.spirit-us.eu\/index.php\/produit\/medaille-crucifix-de-saint-benoit-petit-format-copie\/#breadcrumb\",\"itemListElement\":[{\"@type\":\"ListItem\",\"position\":1,\"name\":\"Accueil\",\"item\":\"https:\/\/www.spirit-us.eu\/\"},{\"@type\":\"ListItem\",\"position\":2,\"name\":\"Boutique\",\"item\":\"https:\/\/www.spirit-us.eu\/index.php\/boutique\/\"},{\"@type\":\"ListItem\",\"position\":3,\"name\":\"M\u00e9daille-Crucifix de Saint Beno\u00eet (petit format)\"}]},{\"@type\":\"WebSite\",\"@id\":\"https:\/\/www.spirit-us.eu\/#website\",\"url\":\"https:\/\/www.spirit-us.eu\/\",\"name\":\"Spirit-US\",\"description\":\"\",\"publisher\":{\"@id\":\"https:\/\/www.spirit-us.eu\/#organization\"},\"potentialAction\":[{\"@type\":\"SearchAction\",\"target\":{\"@type\":\"EntryPoint\",\"urlTemplate\":\"https:\/\/www.spirit-us.eu\/?s={search_term_string}\"},\"query-input\":{\"@type\":\"PropertyValueSpecification\",\"valueRequired\":true,\"valueName\":\"search_term_string\"}}],\"inLanguage\":\"fr-FR\"},{\"@type\":\"Organization\",\"@id\":\"https:\/\/www.spirit-us.eu\/#organization\",\"name\":\"Spirit-US\",\"url\":\"https:\/\/www.spirit-us.eu\/\",\"logo\":{\"@type\":\"ImageObject\",\"inLanguage\":\"fr-FR\",\"@id\":\"https:\/\/www.spirit-us.eu\/#\/schema\/logo\/image\/\",\"url\":\"https:\/\/www.spirit-us.eu\/wp-content\/uploads\/2025\/11\/logo-regarde-linterlocutrice-sans-arrriere-plan.jpg\",\"contentUrl\":\"https:\/\/www.spirit-us.eu\/wp-content\/uploads\/2025\/11\/logo-regarde-linterlocutrice-sans-arrriere-plan.jpg\",\"width\":1080,\"height\":1080,\"caption\":\"Spirit-US\"},\"image\":{\"@id\":\"https:\/\/www.spirit-us.eu\/#\/schema\/logo\/image\/\"},\"sameAs\":[\"https:\/\/www.facebook.com\/spirit.us.deum\"]}]}<\/script>\n<!-- \/ Yoast SEO plugin. -->","yoast_head_json":{"title":"M\u00e9daille-Crucifix de Saint Beno\u00eet (petit format) - Spirit-US","robots":{"index":"index","follow":"follow","max-snippet":"max-snippet:-1","max-image-preview":"max-image-preview:large","max-video-preview":"max-video-preview:-1"},"canonical":"https:\/\/www.spirit-us.eu\/index.php\/produit\/medaille-crucifix-de-saint-benoit-petit-format-copie\/","og_locale":"fr_FR","og_type":"article","og_title":"M\u00e9daille-Crucifix de Saint Beno\u00eet (petit format) - Spirit-US","og_description":"Jolie petite croix de Saint Beno\u00eet en acier argent\u00e9, sur \u00e9mail color\u00e9 - disponible en 6 couleurs (noir, violet, rouge fonc\u00e9, bleu, vert et rose).\u00a0 L'origine de cette croix est tr\u00e8s ancienne est demeure \u00e0 travers les si\u00e8cles d'une efficacit\u00e9 redoutable contre les assauts des d\u00e9mons, entit\u00e9s, ondes n\u00e9gatives et personnes nocives.\u00a0 On la suspend au-dessus de la porte d'entr\u00e9e, une fois d\u00fbment b\u00e9nite, et les personnes n\u00e9gatives ne pourront pas en franchir le seuil. C\u00f4t\u00e9 pile, elle porte une m\u00e9daille grav\u00e9e en acier, repr\u00e9sentant Saint Beno\u00eet en tenue d'apparat \u00e9piscopal, et l'inscription Eius in obitu nostro praesentia muniamur\u00a0qui signifie\u00a0Qu'Il nous d\u00e9fende par sa pr\u00e9sence \u00e0 l'instant de notre mort. C\u00f4t\u00e9 face, le Christ en Croix porte en guise d'aur\u00e9ole, dans un cercle, une autre croix de protection, assortie des initiales latines CSPB (Croix du Saint Patriarche Beno\u00eet) et les initiales\u00a0 CSSML signifiant Que cette croix sacr\u00e9e soit ma lumi\u00e8re.\u00a0 Le format de ce crucifix en fait un objet de protection d\u00e9coratif qui peut \u00eatre suspendu ou pos\u00e9 en un endroit visible pour marquer l'appartenance des lieux \u00e0 l'\u00e9nergie sacr\u00e9e de la protection divine.\u00a0 Bien s\u00fbr, ce crucifix m\u00e9daille de saint Beno\u00eet peut \u00eatre port\u00e9 sur soi, en bijousi l'on souhaite rendre visible cette protection dans la vie quotidienne (tr\u00e8s l\u00e9g\u00e8re \/ ses couleurs ludiques ou s\u00e9rieuses permettent tous les usages); elle peut \u00eatre port\u00e9e discr\u00e8tement dans une poche \u00e9galement.","og_url":"https:\/\/www.spirit-us.eu\/index.php\/produit\/medaille-crucifix-de-saint-benoit-petit-format-copie\/","og_site_name":"Spirit-US","article_publisher":"https:\/\/www.facebook.com\/spirit.us.deum","article_modified_time":"2025-12-17T16:56:33+00:00","og_image":[{"width":1080,"height":1080,"url":"https:\/\/www.spirit-us.eu\/wp-content\/uploads\/2025\/09\/bordeaux-bis.png","type":"image\/png"}],"twitter_card":"summary_large_image","twitter_misc":{"Dur\u00e9e de lecture estim\u00e9e":"1 minute"},"schema":{"@context":"https:\/\/schema.org","@graph":[{"@type":"WebPage","@id":"https:\/\/www.spirit-us.eu\/index.php\/produit\/medaille-crucifix-de-saint-benoit-petit-format-copie\/","url":"https:\/\/www.spirit-us.eu\/index.php\/produit\/medaille-crucifix-de-saint-benoit-petit-format-copie\/","name":"M\u00e9daille-Crucifix de Saint Beno\u00eet (petit format) - Spirit-US","isPartOf":{"@id":"https:\/\/www.spirit-us.eu\/#website"},"primaryImageOfPage":{"@id":"https:\/\/www.spirit-us.eu\/index.php\/produit\/medaille-crucifix-de-saint-benoit-petit-format-copie\/#primaryimage"},"image":{"@id":"https:\/\/www.spirit-us.eu\/index.php\/produit\/medaille-crucifix-de-saint-benoit-petit-format-copie\/#primaryimage"},"thumbnailUrl":"https:\/\/www.spirit-us.eu\/wp-content\/uploads\/2025\/09\/bordeaux-bis.png","datePublished":"2025-09-26T17:45:32+00:00","dateModified":"2025-12-17T16:56:33+00:00","breadcrumb":{"@id":"https:\/\/www.spirit-us.eu\/index.php\/produit\/medaille-crucifix-de-saint-benoit-petit-format-copie\/#breadcrumb"},"inLanguage":"fr-FR","potentialAction":[{"@type":"ReadAction","target":["https:\/\/www.spirit-us.eu\/index.php\/produit\/medaille-crucifix-de-saint-benoit-petit-format-copie\/"]}]},{"@type":"ImageObject","inLanguage":"fr-FR","@id":"https:\/\/www.spirit-us.eu\/index.php\/produit\/medaille-crucifix-de-saint-benoit-petit-format-copie\/#primaryimage","url":"https:\/\/www.spirit-us.eu\/wp-content\/uploads\/2025\/09\/bordeaux-bis.png","contentUrl":"https:\/\/www.spirit-us.eu\/wp-content\/uploads\/2025\/09\/bordeaux-bis.png","width":1080,"height":1080},{"@type":"BreadcrumbList","@id":"https:\/\/www.spirit-us.eu\/index.php\/produit\/medaille-crucifix-de-saint-benoit-petit-format-copie\/#breadcrumb","itemListElement":[{"@type":"ListItem","position":1,"name":"Accueil","item":"https:\/\/www.spirit-us.eu\/"},{"@type":"ListItem","position":2,"name":"Boutique","item":"https:\/\/www.spirit-us.eu\/index.php\/boutique\/"},{"@type":"ListItem","position":3,"name":"M\u00e9daille-Crucifix de Saint Beno\u00eet (petit format)"}]},{"@type":"WebSite","@id":"https:\/\/www.spirit-us.eu\/#website","url":"https:\/\/www.spirit-us.eu\/","name":"Spirit-US","description":"","publisher":{"@id":"https:\/\/www.spirit-us.eu\/#organization"},"potentialAction":[{"@type":"SearchAction","target":{"@type":"EntryPoint","urlTemplate":"https:\/\/www.spirit-us.eu\/?s={search_term_string}"},"query-input":{"@type":"PropertyValueSpecification","valueRequired":true,"valueName":"search_term_string"}}],"inLanguage":"fr-FR"},{"@type":"Organization","@id":"https:\/\/www.spirit-us.eu\/#organization","name":"Spirit-US","url":"https:\/\/www.spirit-us.eu\/","logo":{"@type":"ImageObject","inLanguage":"fr-FR","@id":"https:\/\/www.spirit-us.eu\/#\/schema\/logo\/image\/","url":"https:\/\/www.spirit-us.eu\/wp-content\/uploads\/2025\/11\/logo-regarde-linterlocutrice-sans-arrriere-plan.jpg","contentUrl":"https:\/\/www.spirit-us.eu\/wp-content\/uploads\/2025\/11\/logo-regarde-linterlocutrice-sans-arrriere-plan.jpg","width":1080,"height":1080,"caption":"Spirit-US"},"image":{"@id":"https:\/\/www.spirit-us.eu\/#\/schema\/logo\/image\/"},"sameAs":["https:\/\/www.facebook.com\/spirit.us.deum"]}]}},"jetpack_sharing_enabled":true,"_links":{"self":[{"href":"https:\/\/www.spirit-us.eu\/index.php\/wp-json\/wp\/v2\/product\/2128","targetHints":{"allow":["GET"]}}],"collection":[{"href":"https:\/\/www.spirit-us.eu\/index.php\/wp-json\/wp\/v2\/product"}],"about":[{"href":"https:\/\/www.spirit-us.eu\/index.php\/wp-json\/wp\/v2\/types\/product"}],"replies":[{"embeddable":true,"href":"https:\/\/www.spirit-us.eu\/index.php\/wp-json\/wp\/v2\/comments?post=2128"}],"wp:featuredmedia":[{"embeddable":true,"href":"https:\/\/www.spirit-us.eu\/index.php\/wp-json\/wp\/v2\/media\/2122"}],"wp:attachment":[{"href":"https:\/\/www.spirit-us.eu\/index.php\/wp-json\/wp\/v2\/media?parent=2128"}],"wp:term":[{"taxonomy":"product_brand","embeddable":true,"href":"https:\/\/www.spirit-us.eu\/index.php\/wp-json\/wp\/v2\/product_brand?post=2128"},{"taxonomy":"product_cat","embeddable":true,"href":"https:\/\/www.spirit-us.eu\/index.php\/wp-json\/wp\/v2\/product_cat?post=2128"},{"taxonomy":"product_tag","embeddable":true,"href":"https:\/\/www.spirit-us.eu\/index.php\/wp-json\/wp\/v2\/product_tag?post=2128"},{"taxonomy":"mwb_booking_cost","embeddable":true,"href":"https:\/\/www.spirit-us.eu\/index.php\/wp-json\/wp\/v2\/mwb_booking_cost?post=2128"},{"taxonomy":"mwb_booking_service","embeddable":true,"href":"https:\/\/www.spirit-us.eu\/index.php\/wp-json\/wp\/v2\/mwb_booking_service?post=2128"}],"curies":[{"name":"wp","href":"https:\/\/api.w.org\/{rel}","templated":true}]}}