{"id":2107,"date":"2025-09-22T10:51:42","date_gmt":"2025-09-22T08:51:42","guid":{"rendered":"https:\/\/www.spirit-us.eu\/?post_type=product&#038;p=2107"},"modified":"2025-09-24T21:00:27","modified_gmt":"2025-09-24T19:00:27","slug":"la-boucle-infernale-transmutez-les-pensees-destructrices","status":"publish","type":"product","link":"https:\/\/www.spirit-us.eu\/index.php\/produit\/la-boucle-infernale-transmutez-les-pensees-destructrices\/","title":{"rendered":"La BOUCLE infernale &#8211; Transmutez les pens\u00e9es destructrices"},"content":{"rendered":"<p><strong>Un livret est livr\u00e9 en t\u00e9l\u00e9chargement en m\u00eame temps que le soin et il est tr\u00e8s important de le lire attentivement avant le soin.\u00a0 En effet, il d\u00e9crit les gestes d&rsquo;auto-soin qui seront demand\u00e9s durant l\u2019\u00e9coute.<\/strong><\/p>\n<p><strong>Format<\/strong> : Audio mp3 t\u00e9l\u00e9chargeable avec musique adapt\u00e9e \u00e0 la m\u00e9ditation hypnotique<\/p>\n<p><strong>Dur\u00e9e<\/strong> :\u00a0 37 minutes<\/p>\n<p><strong>Auteure<\/strong>\u00a0: Lola Lacroix<\/p>\n<p>Tous droits r\u00e9serv\u00e9s. Label IHI* (100% Intelligence Humaine\/Human Intelligence)<\/p>\n<p>Lien vers la prise de rendez-vous :\u00a0<a href=\"https:\/\/exorciser-liberer-guerir.com\/prise-de-rendez-vous-par-domaine-dintervention\/\" target=\"_blank\" rel=\"noopener\">https:\/\/exorciser-liberer-guerir.com\/prise-de-rendez-vous-par-domaine-dintervention\/<\/a><\/p>\n","protected":false},"excerpt":{"rendered":"<p style=\"text-align: justify;\">Nous connaissons toutes et tous ces p\u00e9riodes ou ces moments \u00e9puisants o\u00f9 la \u00ab\u00a0boucle infernale\u00a0\u00bb tourne dans la t\u00eate.\u00a0 Qu&rsquo;elle soit reli\u00e9e \u00e0 des personnes, \u00e0 des situations ou \u00e0 des lieux, elle a toujours pour effets de cr\u00e9er une pollution mentale, du stress, de l&rsquo;anxi\u00e9t\u00e9, un brouillard mental, des perturbations du sommeil, voire des insomnies.\u00a0 Elle est souvent l&rsquo;indice que des \u00e9motions nocives et non-r\u00e9solues sont branch\u00e9es sur l&rsquo;arri\u00e8re-plan de notre conscience, le subconscient ou l&rsquo;inconscient.\u00a0 Ce soin vous aide \u00e0 prendre conscience de l&rsquo;automatisme qui r\u00e9git cette boucle de pens\u00e9es nocives, \u00e0 surmonter l&rsquo;invasion de votre conscience, \u00e0 d\u00e9bloquer ce sch\u00e9ma paralysant.\u00a0 Ce soin constitue un puissant outil pour retrouver votre libert\u00e9 d&rsquo;\u00eatre et de penser, dans votre univers purifi\u00e9 des \u00e9nergies et ondes n\u00e9gatives qui se sont mises un jour \u00e0 vous tourmenter. Nous utilisons l&rsquo;auto-soin par tapping, une m\u00e9thode reconnue pour stopper les blocages que nous pouvons rencontrer dans la vie (quelle qu&rsquo;en soit la cause).<\/p>\n","protected":false},"featured_media":2106,"comment_status":"open","ping_status":"closed","template":"","meta":[],"product_brand":[],"product_cat":[155,17],"product_tag":[],"mwb_booking_cost":[],"mwb_booking_service":[],"class_list":{"0":"post-2107","1":"product","2":"type-product","3":"status-publish","4":"has-post-thumbnail","6":"product_cat-02-soins-accueil","7":"product_cat-tous-les-produits","9":"first","10":"instock","11":"downloadable","12":"virtual","13":"purchasable","14":"product-type-simple"},"yoast_head":"<!-- This site is optimized with the Yoast SEO plugin v27.1.1 - https:\/\/yoast.com\/product\/yoast-seo-wordpress\/ -->\n<title>La BOUCLE infernale - Transmutez les pens\u00e9es destructrices - Spirit-US<\/title>\n<meta name=\"robots\" content=\"index, follow, max-snippet:-1, max-image-preview:large, max-video-preview:-1\" \/>\n<link rel=\"canonical\" href=\"https:\/\/www.spirit-us.eu\/index.php\/produit\/la-boucle-infernale-transmutez-les-pensees-destructrices\/\" \/>\n<meta property=\"og:locale\" content=\"fr_FR\" \/>\n<meta property=\"og:type\" content=\"article\" \/>\n<meta property=\"og:title\" content=\"La BOUCLE infernale - Transmutez les pens\u00e9es destructrices - Spirit-US\" \/>\n<meta property=\"og:description\" content=\"Nous connaissons toutes et tous ces p\u00e9riodes ou ces moments \u00e9puisants o\u00f9 la &quot;boucle infernale&quot; tourne dans la t\u00eate.\u00a0 Qu&#039;elle soit reli\u00e9e \u00e0 des personnes, \u00e0 des situations ou \u00e0 des lieux, elle a toujours pour effets de cr\u00e9er une pollution mentale, du stress, de l&#039;anxi\u00e9t\u00e9, un brouillard mental, des perturbations du sommeil, voire des insomnies.\u00a0 Elle est souvent l&#039;indice que des \u00e9motions nocives et non-r\u00e9solues sont branch\u00e9es sur l&#039;arri\u00e8re-plan de notre conscience, le subconscient ou l&#039;inconscient.\u00a0 Ce soin vous aide \u00e0 prendre conscience de l&#039;automatisme qui r\u00e9git cette boucle de pens\u00e9es nocives, \u00e0 surmonter l&#039;invasion de votre conscience, \u00e0 d\u00e9bloquer ce sch\u00e9ma paralysant.\u00a0 Ce soin constitue un puissant outil pour retrouver votre libert\u00e9 d&#039;\u00eatre et de penser, dans votre univers purifi\u00e9 des \u00e9nergies et ondes n\u00e9gatives qui se sont mises un jour \u00e0 vous tourmenter. Nous utilisons l&#039;auto-soin par tapping, une m\u00e9thode reconnue pour stopper les blocages que nous pouvons rencontrer dans la vie (quelle qu&#039;en soit la cause).\" \/>\n<meta property=\"og:url\" content=\"https:\/\/www.spirit-us.eu\/index.php\/produit\/la-boucle-infernale-transmutez-les-pensees-destructrices\/\" \/>\n<meta property=\"og:site_name\" content=\"Spirit-US\" \/>\n<meta property=\"article:publisher\" content=\"https:\/\/www.facebook.com\/spirit.us.deum\" \/>\n<meta property=\"article:modified_time\" content=\"2025-09-24T19:00:27+00:00\" \/>\n<meta property=\"og:image\" content=\"https:\/\/www.spirit-us.eu\/wp-content\/uploads\/2025\/09\/la-boucle-image-produit-definitive.png\" \/>\n\t<meta property=\"og:image:width\" content=\"1080\" \/>\n\t<meta property=\"og:image:height\" content=\"1080\" \/>\n\t<meta property=\"og:image:type\" content=\"image\/png\" \/>\n<meta name=\"twitter:card\" content=\"summary_large_image\" \/>\n<script type=\"application\/ld+json\" class=\"yoast-schema-graph\">{\"@context\":\"https:\/\/schema.org\",\"@graph\":[{\"@type\":\"WebPage\",\"@id\":\"https:\/\/www.spirit-us.eu\/index.php\/produit\/la-boucle-infernale-transmutez-les-pensees-destructrices\/\",\"url\":\"https:\/\/www.spirit-us.eu\/index.php\/produit\/la-boucle-infernale-transmutez-les-pensees-destructrices\/\",\"name\":\"La BOUCLE infernale - Transmutez les pens\u00e9es destructrices - Spirit-US\",\"isPartOf\":{\"@id\":\"https:\/\/www.spirit-us.eu\/#website\"},\"primaryImageOfPage\":{\"@id\":\"https:\/\/www.spirit-us.eu\/index.php\/produit\/la-boucle-infernale-transmutez-les-pensees-destructrices\/#primaryimage\"},\"image\":{\"@id\":\"https:\/\/www.spirit-us.eu\/index.php\/produit\/la-boucle-infernale-transmutez-les-pensees-destructrices\/#primaryimage\"},\"thumbnailUrl\":\"https:\/\/www.spirit-us.eu\/wp-content\/uploads\/2025\/09\/la-boucle-image-produit-definitive.png\",\"datePublished\":\"2025-09-22T08:51:42+00:00\",\"dateModified\":\"2025-09-24T19:00:27+00:00\",\"breadcrumb\":{\"@id\":\"https:\/\/www.spirit-us.eu\/index.php\/produit\/la-boucle-infernale-transmutez-les-pensees-destructrices\/#breadcrumb\"},\"inLanguage\":\"fr-FR\",\"potentialAction\":[{\"@type\":\"ReadAction\",\"target\":[\"https:\/\/www.spirit-us.eu\/index.php\/produit\/la-boucle-infernale-transmutez-les-pensees-destructrices\/\"]}]},{\"@type\":\"ImageObject\",\"inLanguage\":\"fr-FR\",\"@id\":\"https:\/\/www.spirit-us.eu\/index.php\/produit\/la-boucle-infernale-transmutez-les-pensees-destructrices\/#primaryimage\",\"url\":\"https:\/\/www.spirit-us.eu\/wp-content\/uploads\/2025\/09\/la-boucle-image-produit-definitive.png\",\"contentUrl\":\"https:\/\/www.spirit-us.eu\/wp-content\/uploads\/2025\/09\/la-boucle-image-produit-definitive.png\",\"width\":1080,\"height\":1080},{\"@type\":\"BreadcrumbList\",\"@id\":\"https:\/\/www.spirit-us.eu\/index.php\/produit\/la-boucle-infernale-transmutez-les-pensees-destructrices\/#breadcrumb\",\"itemListElement\":[{\"@type\":\"ListItem\",\"position\":1,\"name\":\"Accueil\",\"item\":\"https:\/\/www.spirit-us.eu\/\"},{\"@type\":\"ListItem\",\"position\":2,\"name\":\"Boutique\",\"item\":\"https:\/\/www.spirit-us.eu\/index.php\/boutique\/\"},{\"@type\":\"ListItem\",\"position\":3,\"name\":\"La BOUCLE infernale &#8211; Transmutez les pens\u00e9es destructrices\"}]},{\"@type\":\"WebSite\",\"@id\":\"https:\/\/www.spirit-us.eu\/#website\",\"url\":\"https:\/\/www.spirit-us.eu\/\",\"name\":\"Spirit-US\",\"description\":\"\",\"publisher\":{\"@id\":\"https:\/\/www.spirit-us.eu\/#organization\"},\"potentialAction\":[{\"@type\":\"SearchAction\",\"target\":{\"@type\":\"EntryPoint\",\"urlTemplate\":\"https:\/\/www.spirit-us.eu\/?s={search_term_string}\"},\"query-input\":{\"@type\":\"PropertyValueSpecification\",\"valueRequired\":true,\"valueName\":\"search_term_string\"}}],\"inLanguage\":\"fr-FR\"},{\"@type\":\"Organization\",\"@id\":\"https:\/\/www.spirit-us.eu\/#organization\",\"name\":\"Spirit-US\",\"url\":\"https:\/\/www.spirit-us.eu\/\",\"logo\":{\"@type\":\"ImageObject\",\"inLanguage\":\"fr-FR\",\"@id\":\"https:\/\/www.spirit-us.eu\/#\/schema\/logo\/image\/\",\"url\":\"https:\/\/www.spirit-us.eu\/wp-content\/uploads\/2025\/11\/logo-regarde-linterlocutrice-sans-arrriere-plan.jpg\",\"contentUrl\":\"https:\/\/www.spirit-us.eu\/wp-content\/uploads\/2025\/11\/logo-regarde-linterlocutrice-sans-arrriere-plan.jpg\",\"width\":1080,\"height\":1080,\"caption\":\"Spirit-US\"},\"image\":{\"@id\":\"https:\/\/www.spirit-us.eu\/#\/schema\/logo\/image\/\"},\"sameAs\":[\"https:\/\/www.facebook.com\/spirit.us.deum\"]}]}<\/script>\n<!-- \/ Yoast SEO plugin. -->","yoast_head_json":{"title":"La BOUCLE infernale - Transmutez les pens\u00e9es destructrices - Spirit-US","robots":{"index":"index","follow":"follow","max-snippet":"max-snippet:-1","max-image-preview":"max-image-preview:large","max-video-preview":"max-video-preview:-1"},"canonical":"https:\/\/www.spirit-us.eu\/index.php\/produit\/la-boucle-infernale-transmutez-les-pensees-destructrices\/","og_locale":"fr_FR","og_type":"article","og_title":"La BOUCLE infernale - Transmutez les pens\u00e9es destructrices - Spirit-US","og_description":"Nous connaissons toutes et tous ces p\u00e9riodes ou ces moments \u00e9puisants o\u00f9 la \"boucle infernale\" tourne dans la t\u00eate.\u00a0 Qu'elle soit reli\u00e9e \u00e0 des personnes, \u00e0 des situations ou \u00e0 des lieux, elle a toujours pour effets de cr\u00e9er une pollution mentale, du stress, de l'anxi\u00e9t\u00e9, un brouillard mental, des perturbations du sommeil, voire des insomnies.\u00a0 Elle est souvent l'indice que des \u00e9motions nocives et non-r\u00e9solues sont branch\u00e9es sur l'arri\u00e8re-plan de notre conscience, le subconscient ou l'inconscient.\u00a0 Ce soin vous aide \u00e0 prendre conscience de l'automatisme qui r\u00e9git cette boucle de pens\u00e9es nocives, \u00e0 surmonter l'invasion de votre conscience, \u00e0 d\u00e9bloquer ce sch\u00e9ma paralysant.\u00a0 Ce soin constitue un puissant outil pour retrouver votre libert\u00e9 d'\u00eatre et de penser, dans votre univers purifi\u00e9 des \u00e9nergies et ondes n\u00e9gatives qui se sont mises un jour \u00e0 vous tourmenter. Nous utilisons l'auto-soin par tapping, une m\u00e9thode reconnue pour stopper les blocages que nous pouvons rencontrer dans la vie (quelle qu'en soit la cause).","og_url":"https:\/\/www.spirit-us.eu\/index.php\/produit\/la-boucle-infernale-transmutez-les-pensees-destructrices\/","og_site_name":"Spirit-US","article_publisher":"https:\/\/www.facebook.com\/spirit.us.deum","article_modified_time":"2025-09-24T19:00:27+00:00","og_image":[{"width":1080,"height":1080,"url":"https:\/\/www.spirit-us.eu\/wp-content\/uploads\/2025\/09\/la-boucle-image-produit-definitive.png","type":"image\/png"}],"twitter_card":"summary_large_image","schema":{"@context":"https:\/\/schema.org","@graph":[{"@type":"WebPage","@id":"https:\/\/www.spirit-us.eu\/index.php\/produit\/la-boucle-infernale-transmutez-les-pensees-destructrices\/","url":"https:\/\/www.spirit-us.eu\/index.php\/produit\/la-boucle-infernale-transmutez-les-pensees-destructrices\/","name":"La BOUCLE infernale - Transmutez les pens\u00e9es destructrices - Spirit-US","isPartOf":{"@id":"https:\/\/www.spirit-us.eu\/#website"},"primaryImageOfPage":{"@id":"https:\/\/www.spirit-us.eu\/index.php\/produit\/la-boucle-infernale-transmutez-les-pensees-destructrices\/#primaryimage"},"image":{"@id":"https:\/\/www.spirit-us.eu\/index.php\/produit\/la-boucle-infernale-transmutez-les-pensees-destructrices\/#primaryimage"},"thumbnailUrl":"https:\/\/www.spirit-us.eu\/wp-content\/uploads\/2025\/09\/la-boucle-image-produit-definitive.png","datePublished":"2025-09-22T08:51:42+00:00","dateModified":"2025-09-24T19:00:27+00:00","breadcrumb":{"@id":"https:\/\/www.spirit-us.eu\/index.php\/produit\/la-boucle-infernale-transmutez-les-pensees-destructrices\/#breadcrumb"},"inLanguage":"fr-FR","potentialAction":[{"@type":"ReadAction","target":["https:\/\/www.spirit-us.eu\/index.php\/produit\/la-boucle-infernale-transmutez-les-pensees-destructrices\/"]}]},{"@type":"ImageObject","inLanguage":"fr-FR","@id":"https:\/\/www.spirit-us.eu\/index.php\/produit\/la-boucle-infernale-transmutez-les-pensees-destructrices\/#primaryimage","url":"https:\/\/www.spirit-us.eu\/wp-content\/uploads\/2025\/09\/la-boucle-image-produit-definitive.png","contentUrl":"https:\/\/www.spirit-us.eu\/wp-content\/uploads\/2025\/09\/la-boucle-image-produit-definitive.png","width":1080,"height":1080},{"@type":"BreadcrumbList","@id":"https:\/\/www.spirit-us.eu\/index.php\/produit\/la-boucle-infernale-transmutez-les-pensees-destructrices\/#breadcrumb","itemListElement":[{"@type":"ListItem","position":1,"name":"Accueil","item":"https:\/\/www.spirit-us.eu\/"},{"@type":"ListItem","position":2,"name":"Boutique","item":"https:\/\/www.spirit-us.eu\/index.php\/boutique\/"},{"@type":"ListItem","position":3,"name":"La BOUCLE infernale &#8211; Transmutez les pens\u00e9es destructrices"}]},{"@type":"WebSite","@id":"https:\/\/www.spirit-us.eu\/#website","url":"https:\/\/www.spirit-us.eu\/","name":"Spirit-US","description":"","publisher":{"@id":"https:\/\/www.spirit-us.eu\/#organization"},"potentialAction":[{"@type":"SearchAction","target":{"@type":"EntryPoint","urlTemplate":"https:\/\/www.spirit-us.eu\/?s={search_term_string}"},"query-input":{"@type":"PropertyValueSpecification","valueRequired":true,"valueName":"search_term_string"}}],"inLanguage":"fr-FR"},{"@type":"Organization","@id":"https:\/\/www.spirit-us.eu\/#organization","name":"Spirit-US","url":"https:\/\/www.spirit-us.eu\/","logo":{"@type":"ImageObject","inLanguage":"fr-FR","@id":"https:\/\/www.spirit-us.eu\/#\/schema\/logo\/image\/","url":"https:\/\/www.spirit-us.eu\/wp-content\/uploads\/2025\/11\/logo-regarde-linterlocutrice-sans-arrriere-plan.jpg","contentUrl":"https:\/\/www.spirit-us.eu\/wp-content\/uploads\/2025\/11\/logo-regarde-linterlocutrice-sans-arrriere-plan.jpg","width":1080,"height":1080,"caption":"Spirit-US"},"image":{"@id":"https:\/\/www.spirit-us.eu\/#\/schema\/logo\/image\/"},"sameAs":["https:\/\/www.facebook.com\/spirit.us.deum"]}]}},"jetpack_sharing_enabled":true,"_links":{"self":[{"href":"https:\/\/www.spirit-us.eu\/index.php\/wp-json\/wp\/v2\/product\/2107","targetHints":{"allow":["GET"]}}],"collection":[{"href":"https:\/\/www.spirit-us.eu\/index.php\/wp-json\/wp\/v2\/product"}],"about":[{"href":"https:\/\/www.spirit-us.eu\/index.php\/wp-json\/wp\/v2\/types\/product"}],"replies":[{"embeddable":true,"href":"https:\/\/www.spirit-us.eu\/index.php\/wp-json\/wp\/v2\/comments?post=2107"}],"wp:featuredmedia":[{"embeddable":true,"href":"https:\/\/www.spirit-us.eu\/index.php\/wp-json\/wp\/v2\/media\/2106"}],"wp:attachment":[{"href":"https:\/\/www.spirit-us.eu\/index.php\/wp-json\/wp\/v2\/media?parent=2107"}],"wp:term":[{"taxonomy":"product_brand","embeddable":true,"href":"https:\/\/www.spirit-us.eu\/index.php\/wp-json\/wp\/v2\/product_brand?post=2107"},{"taxonomy":"product_cat","embeddable":true,"href":"https:\/\/www.spirit-us.eu\/index.php\/wp-json\/wp\/v2\/product_cat?post=2107"},{"taxonomy":"product_tag","embeddable":true,"href":"https:\/\/www.spirit-us.eu\/index.php\/wp-json\/wp\/v2\/product_tag?post=2107"},{"taxonomy":"mwb_booking_cost","embeddable":true,"href":"https:\/\/www.spirit-us.eu\/index.php\/wp-json\/wp\/v2\/mwb_booking_cost?post=2107"},{"taxonomy":"mwb_booking_service","embeddable":true,"href":"https:\/\/www.spirit-us.eu\/index.php\/wp-json\/wp\/v2\/mwb_booking_service?post=2107"}],"curies":[{"name":"wp","href":"https:\/\/api.w.org\/{rel}","templated":true}]}}