{"id":2080,"date":"2025-08-21T17:42:37","date_gmt":"2025-08-21T15:42:37","guid":{"rendered":"https:\/\/www.spirit-us.eu\/?post_type=product&#038;p=2080"},"modified":"2025-12-20T10:20:54","modified_gmt":"2025-12-20T09:20:54","slug":"croix-de-saint-benoit-grand-crucifix-a-suspendre-et-pour-benedictions-particulieres","status":"publish","type":"product","link":"https:\/\/www.spirit-us.eu\/index.php\/produit\/croix-de-saint-benoit-grand-crucifix-a-suspendre-et-pour-benedictions-particulieres\/","title":{"rendered":"CROIX de Saint BENOIT &#8211; grand crucifix \u00e0 suspendre et pour b\u00e9n\u00e9dictions particuli\u00e8res"},"content":{"rendered":"<p><strong>Dimensions<\/strong> : hauteur : 13 cm; amplitude : 7 cm; \u00e9paisseur : 7 mm<\/p>\n<p><strong>Mat\u00e9riaux<\/strong> : acier, m\u00e9tal argent\u00e9 et buis (fa\u00e7onn\u00e9 selon la tradition)<\/p>\n<p><strong>Usages<\/strong> : \u00e0 suspendre au-dessus d&rsquo;une porte d&rsquo;entr\u00e9e pour prot\u00e9ger la maison, ou \u00e0 poser sur un Livre saint pour b\u00e9nir et (se)prot\u00e9ger; existe en diverses couleurs<\/p>\n<p>Livr\u00e9 b\u00e9ni et avec cordon pour suspendre le crucifix.<\/p>\n","protected":false},"excerpt":{"rendered":"<p style=\"text-align: justify;\">Tr\u00e8s belle croix de Saint Beno\u00eet, de grande taille, faite artisanalement selon la tradition, en buis.\u00a0 La m\u00e9daille-crucifix assure une protection in\u00e9gal\u00e9e dans les lieux o\u00f9 elle est plac\u00e9e.\u00a0 Elle est orn\u00e9e de la figure du Christ en Croix, dont la t\u00eate est soutenue par la m\u00e9daille ronde, grav\u00e9e des lettres sacr\u00e9es.\u00a0 Le revers de la croix est orn\u00e9e d&rsquo;une Saint Beno\u00eet en tenue \u00e9piscopale et grav\u00e9e \u00e9galement des initiales latines de protection. Un feuillet explicatif est joint \u00e0 l&rsquo;envoi.\u00a0 Nous utilisons ces crucifix pour prot\u00e9ger une maison ou un lieu et dans ce cas, il se positionne au-dessus de l&rsquo;entr\u00e9e principale : cela emp\u00eache toute mauvaise personne ou entit\u00e9 ou d\u00e9mon de p\u00e9n\u00e9trer dans les lieux (il convient toutefois de la b\u00e9nir \u00e0 nouveau si des incidents se sont produits et en tout cas, une fois par an \u00e0 P\u00e2ques). Positionn\u00e9e sur un livre saint, cette croix permet de chasser tout mal loin d&rsquo;une personne.<\/p>\n","protected":false},"featured_media":2089,"comment_status":"open","ping_status":"closed","template":"","meta":[],"product_brand":[],"product_cat":[506,17,504],"product_tag":[297],"mwb_booking_cost":[],"mwb_booking_service":[],"class_list":{"0":"post-2080","1":"product","2":"type-product","3":"status-publish","4":"has-post-thumbnail","6":"product_cat-002-croix-saint-benoit","7":"product_cat-tous-les-produits","8":"product_cat-01-univers-sacre-accueil","9":"product_tag-croix-de-saint-benoit","11":"first","12":"instock","13":"shipping-taxable","14":"purchasable","15":"product-type-simple"},"yoast_head":"<!-- This site is optimized with the Yoast SEO plugin v27.1.1 - https:\/\/yoast.com\/product\/yoast-seo-wordpress\/ -->\n<title>CROIX de Saint BENOIT - grand crucifix \u00e0 suspendre et pour b\u00e9n\u00e9dictions particuli\u00e8res - Spirit-US<\/title>\n<meta name=\"robots\" content=\"index, follow, max-snippet:-1, max-image-preview:large, max-video-preview:-1\" \/>\n<link rel=\"canonical\" href=\"https:\/\/www.spirit-us.eu\/index.php\/produit\/croix-de-saint-benoit-grand-crucifix-a-suspendre-et-pour-benedictions-particulieres\/\" \/>\n<meta property=\"og:locale\" content=\"fr_FR\" \/>\n<meta property=\"og:type\" content=\"article\" \/>\n<meta property=\"og:title\" content=\"CROIX de Saint BENOIT - grand crucifix \u00e0 suspendre et pour b\u00e9n\u00e9dictions particuli\u00e8res - Spirit-US\" \/>\n<meta property=\"og:description\" content=\"Tr\u00e8s belle croix de Saint Beno\u00eet, de grande taille, faite artisanalement selon la tradition, en buis.\u00a0 La m\u00e9daille-crucifix assure une protection in\u00e9gal\u00e9e dans les lieux o\u00f9 elle est plac\u00e9e.\u00a0 Elle est orn\u00e9e de la figure du Christ en Croix, dont la t\u00eate est soutenue par la m\u00e9daille ronde, grav\u00e9e des lettres sacr\u00e9es.\u00a0 Le revers de la croix est orn\u00e9e d&#039;une Saint Beno\u00eet en tenue \u00e9piscopale et grav\u00e9e \u00e9galement des initiales latines de protection. Un feuillet explicatif est joint \u00e0 l&#039;envoi.\u00a0 Nous utilisons ces crucifix pour prot\u00e9ger une maison ou un lieu et dans ce cas, il se positionne au-dessus de l&#039;entr\u00e9e principale : cela emp\u00eache toute mauvaise personne ou entit\u00e9 ou d\u00e9mon de p\u00e9n\u00e9trer dans les lieux (il convient toutefois de la b\u00e9nir \u00e0 nouveau si des incidents se sont produits et en tout cas, une fois par an \u00e0 P\u00e2ques). Positionn\u00e9e sur un livre saint, cette croix permet de chasser tout mal loin d&#039;une personne.\" \/>\n<meta property=\"og:url\" content=\"https:\/\/www.spirit-us.eu\/index.php\/produit\/croix-de-saint-benoit-grand-crucifix-a-suspendre-et-pour-benedictions-particulieres\/\" \/>\n<meta property=\"og:site_name\" content=\"Spirit-US\" \/>\n<meta property=\"article:publisher\" content=\"https:\/\/www.facebook.com\/spirit.us.deum\" \/>\n<meta property=\"article:modified_time\" content=\"2025-12-20T09:20:54+00:00\" \/>\n<meta property=\"og:image\" content=\"https:\/\/www.spirit-us.eu\/wp-content\/uploads\/2025\/08\/buis-image-produit.png\" \/>\n\t<meta property=\"og:image:width\" content=\"1080\" \/>\n\t<meta property=\"og:image:height\" content=\"1080\" \/>\n\t<meta property=\"og:image:type\" content=\"image\/png\" \/>\n<meta name=\"twitter:card\" content=\"summary_large_image\" \/>\n<script type=\"application\/ld+json\" class=\"yoast-schema-graph\">{\"@context\":\"https:\/\/schema.org\",\"@graph\":[{\"@type\":\"WebPage\",\"@id\":\"https:\/\/www.spirit-us.eu\/index.php\/produit\/croix-de-saint-benoit-grand-crucifix-a-suspendre-et-pour-benedictions-particulieres\/\",\"url\":\"https:\/\/www.spirit-us.eu\/index.php\/produit\/croix-de-saint-benoit-grand-crucifix-a-suspendre-et-pour-benedictions-particulieres\/\",\"name\":\"CROIX de Saint BENOIT - grand crucifix \u00e0 suspendre et pour b\u00e9n\u00e9dictions particuli\u00e8res - Spirit-US\",\"isPartOf\":{\"@id\":\"https:\/\/www.spirit-us.eu\/#website\"},\"primaryImageOfPage\":{\"@id\":\"https:\/\/www.spirit-us.eu\/index.php\/produit\/croix-de-saint-benoit-grand-crucifix-a-suspendre-et-pour-benedictions-particulieres\/#primaryimage\"},\"image\":{\"@id\":\"https:\/\/www.spirit-us.eu\/index.php\/produit\/croix-de-saint-benoit-grand-crucifix-a-suspendre-et-pour-benedictions-particulieres\/#primaryimage\"},\"thumbnailUrl\":\"https:\/\/www.spirit-us.eu\/wp-content\/uploads\/2025\/08\/buis-image-produit.png\",\"datePublished\":\"2025-08-21T15:42:37+00:00\",\"dateModified\":\"2025-12-20T09:20:54+00:00\",\"breadcrumb\":{\"@id\":\"https:\/\/www.spirit-us.eu\/index.php\/produit\/croix-de-saint-benoit-grand-crucifix-a-suspendre-et-pour-benedictions-particulieres\/#breadcrumb\"},\"inLanguage\":\"fr-FR\",\"potentialAction\":[{\"@type\":\"ReadAction\",\"target\":[\"https:\/\/www.spirit-us.eu\/index.php\/produit\/croix-de-saint-benoit-grand-crucifix-a-suspendre-et-pour-benedictions-particulieres\/\"]}]},{\"@type\":\"ImageObject\",\"inLanguage\":\"fr-FR\",\"@id\":\"https:\/\/www.spirit-us.eu\/index.php\/produit\/croix-de-saint-benoit-grand-crucifix-a-suspendre-et-pour-benedictions-particulieres\/#primaryimage\",\"url\":\"https:\/\/www.spirit-us.eu\/wp-content\/uploads\/2025\/08\/buis-image-produit.png\",\"contentUrl\":\"https:\/\/www.spirit-us.eu\/wp-content\/uploads\/2025\/08\/buis-image-produit.png\",\"width\":1080,\"height\":1080},{\"@type\":\"BreadcrumbList\",\"@id\":\"https:\/\/www.spirit-us.eu\/index.php\/produit\/croix-de-saint-benoit-grand-crucifix-a-suspendre-et-pour-benedictions-particulieres\/#breadcrumb\",\"itemListElement\":[{\"@type\":\"ListItem\",\"position\":1,\"name\":\"Accueil\",\"item\":\"https:\/\/www.spirit-us.eu\/\"},{\"@type\":\"ListItem\",\"position\":2,\"name\":\"Boutique\",\"item\":\"https:\/\/www.spirit-us.eu\/index.php\/boutique\/\"},{\"@type\":\"ListItem\",\"position\":3,\"name\":\"CROIX de Saint BENOIT &#8211; grand crucifix \u00e0 suspendre et pour b\u00e9n\u00e9dictions particuli\u00e8res\"}]},{\"@type\":\"WebSite\",\"@id\":\"https:\/\/www.spirit-us.eu\/#website\",\"url\":\"https:\/\/www.spirit-us.eu\/\",\"name\":\"Spirit-US\",\"description\":\"\",\"publisher\":{\"@id\":\"https:\/\/www.spirit-us.eu\/#organization\"},\"potentialAction\":[{\"@type\":\"SearchAction\",\"target\":{\"@type\":\"EntryPoint\",\"urlTemplate\":\"https:\/\/www.spirit-us.eu\/?s={search_term_string}\"},\"query-input\":{\"@type\":\"PropertyValueSpecification\",\"valueRequired\":true,\"valueName\":\"search_term_string\"}}],\"inLanguage\":\"fr-FR\"},{\"@type\":\"Organization\",\"@id\":\"https:\/\/www.spirit-us.eu\/#organization\",\"name\":\"Spirit-US\",\"url\":\"https:\/\/www.spirit-us.eu\/\",\"logo\":{\"@type\":\"ImageObject\",\"inLanguage\":\"fr-FR\",\"@id\":\"https:\/\/www.spirit-us.eu\/#\/schema\/logo\/image\/\",\"url\":\"https:\/\/www.spirit-us.eu\/wp-content\/uploads\/2025\/11\/logo-regarde-linterlocutrice-sans-arrriere-plan.jpg\",\"contentUrl\":\"https:\/\/www.spirit-us.eu\/wp-content\/uploads\/2025\/11\/logo-regarde-linterlocutrice-sans-arrriere-plan.jpg\",\"width\":1080,\"height\":1080,\"caption\":\"Spirit-US\"},\"image\":{\"@id\":\"https:\/\/www.spirit-us.eu\/#\/schema\/logo\/image\/\"},\"sameAs\":[\"https:\/\/www.facebook.com\/spirit.us.deum\"]}]}<\/script>\n<!-- \/ Yoast SEO plugin. -->","yoast_head_json":{"title":"CROIX de Saint BENOIT - grand crucifix \u00e0 suspendre et pour b\u00e9n\u00e9dictions particuli\u00e8res - Spirit-US","robots":{"index":"index","follow":"follow","max-snippet":"max-snippet:-1","max-image-preview":"max-image-preview:large","max-video-preview":"max-video-preview:-1"},"canonical":"https:\/\/www.spirit-us.eu\/index.php\/produit\/croix-de-saint-benoit-grand-crucifix-a-suspendre-et-pour-benedictions-particulieres\/","og_locale":"fr_FR","og_type":"article","og_title":"CROIX de Saint BENOIT - grand crucifix \u00e0 suspendre et pour b\u00e9n\u00e9dictions particuli\u00e8res - Spirit-US","og_description":"Tr\u00e8s belle croix de Saint Beno\u00eet, de grande taille, faite artisanalement selon la tradition, en buis.\u00a0 La m\u00e9daille-crucifix assure une protection in\u00e9gal\u00e9e dans les lieux o\u00f9 elle est plac\u00e9e.\u00a0 Elle est orn\u00e9e de la figure du Christ en Croix, dont la t\u00eate est soutenue par la m\u00e9daille ronde, grav\u00e9e des lettres sacr\u00e9es.\u00a0 Le revers de la croix est orn\u00e9e d'une Saint Beno\u00eet en tenue \u00e9piscopale et grav\u00e9e \u00e9galement des initiales latines de protection. Un feuillet explicatif est joint \u00e0 l'envoi.\u00a0 Nous utilisons ces crucifix pour prot\u00e9ger une maison ou un lieu et dans ce cas, il se positionne au-dessus de l'entr\u00e9e principale : cela emp\u00eache toute mauvaise personne ou entit\u00e9 ou d\u00e9mon de p\u00e9n\u00e9trer dans les lieux (il convient toutefois de la b\u00e9nir \u00e0 nouveau si des incidents se sont produits et en tout cas, une fois par an \u00e0 P\u00e2ques). Positionn\u00e9e sur un livre saint, cette croix permet de chasser tout mal loin d'une personne.","og_url":"https:\/\/www.spirit-us.eu\/index.php\/produit\/croix-de-saint-benoit-grand-crucifix-a-suspendre-et-pour-benedictions-particulieres\/","og_site_name":"Spirit-US","article_publisher":"https:\/\/www.facebook.com\/spirit.us.deum","article_modified_time":"2025-12-20T09:20:54+00:00","og_image":[{"width":1080,"height":1080,"url":"https:\/\/www.spirit-us.eu\/wp-content\/uploads\/2025\/08\/buis-image-produit.png","type":"image\/png"}],"twitter_card":"summary_large_image","schema":{"@context":"https:\/\/schema.org","@graph":[{"@type":"WebPage","@id":"https:\/\/www.spirit-us.eu\/index.php\/produit\/croix-de-saint-benoit-grand-crucifix-a-suspendre-et-pour-benedictions-particulieres\/","url":"https:\/\/www.spirit-us.eu\/index.php\/produit\/croix-de-saint-benoit-grand-crucifix-a-suspendre-et-pour-benedictions-particulieres\/","name":"CROIX de Saint BENOIT - grand crucifix \u00e0 suspendre et pour b\u00e9n\u00e9dictions particuli\u00e8res - Spirit-US","isPartOf":{"@id":"https:\/\/www.spirit-us.eu\/#website"},"primaryImageOfPage":{"@id":"https:\/\/www.spirit-us.eu\/index.php\/produit\/croix-de-saint-benoit-grand-crucifix-a-suspendre-et-pour-benedictions-particulieres\/#primaryimage"},"image":{"@id":"https:\/\/www.spirit-us.eu\/index.php\/produit\/croix-de-saint-benoit-grand-crucifix-a-suspendre-et-pour-benedictions-particulieres\/#primaryimage"},"thumbnailUrl":"https:\/\/www.spirit-us.eu\/wp-content\/uploads\/2025\/08\/buis-image-produit.png","datePublished":"2025-08-21T15:42:37+00:00","dateModified":"2025-12-20T09:20:54+00:00","breadcrumb":{"@id":"https:\/\/www.spirit-us.eu\/index.php\/produit\/croix-de-saint-benoit-grand-crucifix-a-suspendre-et-pour-benedictions-particulieres\/#breadcrumb"},"inLanguage":"fr-FR","potentialAction":[{"@type":"ReadAction","target":["https:\/\/www.spirit-us.eu\/index.php\/produit\/croix-de-saint-benoit-grand-crucifix-a-suspendre-et-pour-benedictions-particulieres\/"]}]},{"@type":"ImageObject","inLanguage":"fr-FR","@id":"https:\/\/www.spirit-us.eu\/index.php\/produit\/croix-de-saint-benoit-grand-crucifix-a-suspendre-et-pour-benedictions-particulieres\/#primaryimage","url":"https:\/\/www.spirit-us.eu\/wp-content\/uploads\/2025\/08\/buis-image-produit.png","contentUrl":"https:\/\/www.spirit-us.eu\/wp-content\/uploads\/2025\/08\/buis-image-produit.png","width":1080,"height":1080},{"@type":"BreadcrumbList","@id":"https:\/\/www.spirit-us.eu\/index.php\/produit\/croix-de-saint-benoit-grand-crucifix-a-suspendre-et-pour-benedictions-particulieres\/#breadcrumb","itemListElement":[{"@type":"ListItem","position":1,"name":"Accueil","item":"https:\/\/www.spirit-us.eu\/"},{"@type":"ListItem","position":2,"name":"Boutique","item":"https:\/\/www.spirit-us.eu\/index.php\/boutique\/"},{"@type":"ListItem","position":3,"name":"CROIX de Saint BENOIT &#8211; grand crucifix \u00e0 suspendre et pour b\u00e9n\u00e9dictions particuli\u00e8res"}]},{"@type":"WebSite","@id":"https:\/\/www.spirit-us.eu\/#website","url":"https:\/\/www.spirit-us.eu\/","name":"Spirit-US","description":"","publisher":{"@id":"https:\/\/www.spirit-us.eu\/#organization"},"potentialAction":[{"@type":"SearchAction","target":{"@type":"EntryPoint","urlTemplate":"https:\/\/www.spirit-us.eu\/?s={search_term_string}"},"query-input":{"@type":"PropertyValueSpecification","valueRequired":true,"valueName":"search_term_string"}}],"inLanguage":"fr-FR"},{"@type":"Organization","@id":"https:\/\/www.spirit-us.eu\/#organization","name":"Spirit-US","url":"https:\/\/www.spirit-us.eu\/","logo":{"@type":"ImageObject","inLanguage":"fr-FR","@id":"https:\/\/www.spirit-us.eu\/#\/schema\/logo\/image\/","url":"https:\/\/www.spirit-us.eu\/wp-content\/uploads\/2025\/11\/logo-regarde-linterlocutrice-sans-arrriere-plan.jpg","contentUrl":"https:\/\/www.spirit-us.eu\/wp-content\/uploads\/2025\/11\/logo-regarde-linterlocutrice-sans-arrriere-plan.jpg","width":1080,"height":1080,"caption":"Spirit-US"},"image":{"@id":"https:\/\/www.spirit-us.eu\/#\/schema\/logo\/image\/"},"sameAs":["https:\/\/www.facebook.com\/spirit.us.deum"]}]}},"jetpack_sharing_enabled":true,"_links":{"self":[{"href":"https:\/\/www.spirit-us.eu\/index.php\/wp-json\/wp\/v2\/product\/2080","targetHints":{"allow":["GET"]}}],"collection":[{"href":"https:\/\/www.spirit-us.eu\/index.php\/wp-json\/wp\/v2\/product"}],"about":[{"href":"https:\/\/www.spirit-us.eu\/index.php\/wp-json\/wp\/v2\/types\/product"}],"replies":[{"embeddable":true,"href":"https:\/\/www.spirit-us.eu\/index.php\/wp-json\/wp\/v2\/comments?post=2080"}],"wp:featuredmedia":[{"embeddable":true,"href":"https:\/\/www.spirit-us.eu\/index.php\/wp-json\/wp\/v2\/media\/2089"}],"wp:attachment":[{"href":"https:\/\/www.spirit-us.eu\/index.php\/wp-json\/wp\/v2\/media?parent=2080"}],"wp:term":[{"taxonomy":"product_brand","embeddable":true,"href":"https:\/\/www.spirit-us.eu\/index.php\/wp-json\/wp\/v2\/product_brand?post=2080"},{"taxonomy":"product_cat","embeddable":true,"href":"https:\/\/www.spirit-us.eu\/index.php\/wp-json\/wp\/v2\/product_cat?post=2080"},{"taxonomy":"product_tag","embeddable":true,"href":"https:\/\/www.spirit-us.eu\/index.php\/wp-json\/wp\/v2\/product_tag?post=2080"},{"taxonomy":"mwb_booking_cost","embeddable":true,"href":"https:\/\/www.spirit-us.eu\/index.php\/wp-json\/wp\/v2\/mwb_booking_cost?post=2080"},{"taxonomy":"mwb_booking_service","embeddable":true,"href":"https:\/\/www.spirit-us.eu\/index.php\/wp-json\/wp\/v2\/mwb_booking_service?post=2080"}],"curies":[{"name":"wp","href":"https:\/\/api.w.org\/{rel}","templated":true}]}}