{"id":2048,"date":"2025-08-09T15:48:08","date_gmt":"2025-08-09T13:48:08","guid":{"rendered":"https:\/\/www.spirit-us.eu\/?post_type=product&#038;p=2048"},"modified":"2025-12-17T10:46:41","modified_gmt":"2025-12-17T09:46:41","slug":"bracelet-en-onyx-cuir-pour-homme","status":"publish","type":"product","link":"https:\/\/www.spirit-us.eu\/index.php\/produit\/bracelet-en-onyx-cuir-pour-homme\/","title":{"rendered":"BRACELET en ONYX &#038; CUIR  &#8211; pour homme"},"content":{"rendered":"<p style=\"text-align: justify;\"><strong>Nature des pierres<\/strong> <strong>naturelles<\/strong> : onyx d\u00e9poli<\/p>\n<p>Autres mat\u00e9riaux : cuir noir et acier<\/p>\n<p style=\"text-align: justify;\"><strong>Fa\u00e7on du bijou<\/strong> : pierres roul\u00e9es de fa\u00e7on artisanale \u2013 mont\u00e9es sur fil\u00a0 avec 3 barres en acier<\/p>\n<p style=\"text-align: justify;\"><strong>Couleurs<\/strong> : noir pour l&rsquo;onyx et le cuir \/ argent\u00e9 pour les barres en acier<\/p>\n<p style=\"text-align: justify;\"><strong>Origine<\/strong> : Australie<\/p>\n<p style=\"text-align: justify;\"><strong>Dimensions du bijou<\/strong> : 21,5<\/p>\n<p style=\"text-align: justify;\"><strong>Dimension des perles<\/strong> :\u00a0 8 mm<\/p>\n<p style=\"text-align: justify;\">Les dimensions sont calcul\u00e9es pour le poignet d&rsquo;un homme.<\/p>\n","protected":false},"excerpt":{"rendered":"<p>Magnifique bracelet pour homme en pierres naturelles, deux rangs en onyx d\u00e9poli et cuir, avec 3 \u00e9l\u00e9gantes barres de maintien en acier. En lithoth\u00e9rapie, l&rsquo;onyx est une pierre positive. Il permettrait de renforcer l&rsquo;estime de soi, la confiance et le contr\u00f4le de soi-m\u00eame. Il faciliterait la stabilit\u00e9 en toute situation<span data-huuid=\"5356240860264519591\">. <\/span><span data-huuid=\"5356240860264518008\">Elle est r\u00e9put\u00e9e pour renvoyer ces \u00e9nergies \u00e0 leur source.<span class=\"pjBG2e\" data-cid=\"7dea5768-1c4c-4c57-a2e2-5260f495cf2c\"><span class=\"UV3uM\"> Une belle synergie de confiance et de foi se trouve en ce bijou aux allures viriles et solides.<\/span><\/span><\/span><\/p>\n","protected":false},"featured_media":2049,"comment_status":"open","ping_status":"closed","template":"","meta":[],"product_brand":[],"product_cat":[156,460,17],"product_tag":[220,188],"mwb_booking_cost":[],"mwb_booking_service":[],"class_list":{"0":"post-2048","1":"product","2":"type-product","3":"status-publish","4":"has-post-thumbnail","6":"product_cat-04-bijoux","7":"product_cat-bracelets","8":"product_cat-tous-les-produits","9":"product_tag-chakra-terre","10":"product_tag-chakras-collection","12":"first","13":"instock","14":"shipping-taxable","15":"purchasable","16":"product-type-simple"},"yoast_head":"<!-- This site is optimized with the Yoast SEO plugin v27.1.1 - https:\/\/yoast.com\/product\/yoast-seo-wordpress\/ -->\n<title>BRACELET en ONYX &amp; CUIR - pour homme - Spirit-US<\/title>\n<meta name=\"robots\" content=\"index, follow, max-snippet:-1, max-image-preview:large, max-video-preview:-1\" \/>\n<link rel=\"canonical\" href=\"https:\/\/www.spirit-us.eu\/index.php\/produit\/bracelet-en-onyx-cuir-pour-homme\/\" \/>\n<meta property=\"og:locale\" content=\"fr_FR\" \/>\n<meta property=\"og:type\" content=\"article\" \/>\n<meta property=\"og:title\" content=\"BRACELET en ONYX &amp; CUIR - pour homme - Spirit-US\" \/>\n<meta property=\"og:description\" content=\"Magnifique bracelet pour homme en pierres naturelles, deux rangs en onyx d\u00e9poli et cuir, avec 3 \u00e9l\u00e9gantes barres de maintien en acier. En lithoth\u00e9rapie, l&#039;onyx est une pierre positive. Il permettrait de renforcer l&#039;estime de soi, la confiance et le contr\u00f4le de soi-m\u00eame. Il faciliterait la stabilit\u00e9 en toute situation. Elle est r\u00e9put\u00e9e pour renvoyer ces \u00e9nergies \u00e0 leur source. Une belle synergie de confiance et de foi se trouve en ce bijou aux allures viriles et solides.\" \/>\n<meta property=\"og:url\" content=\"https:\/\/www.spirit-us.eu\/index.php\/produit\/bracelet-en-onyx-cuir-pour-homme\/\" \/>\n<meta property=\"og:site_name\" content=\"Spirit-US\" \/>\n<meta property=\"article:publisher\" content=\"https:\/\/www.facebook.com\/spirit.us.deum\" \/>\n<meta property=\"article:modified_time\" content=\"2025-12-17T09:46:41+00:00\" \/>\n<meta property=\"og:image\" content=\"https:\/\/www.spirit-us.eu\/wp-content\/uploads\/2025\/08\/bracelet-homme-cuir-2-rgs-onyx.png\" \/>\n\t<meta property=\"og:image:width\" content=\"1080\" \/>\n\t<meta property=\"og:image:height\" content=\"1080\" \/>\n\t<meta property=\"og:image:type\" content=\"image\/png\" \/>\n<meta name=\"twitter:card\" content=\"summary_large_image\" \/>\n<script type=\"application\/ld+json\" class=\"yoast-schema-graph\">{\"@context\":\"https:\/\/schema.org\",\"@graph\":[{\"@type\":\"WebPage\",\"@id\":\"https:\/\/www.spirit-us.eu\/index.php\/produit\/bracelet-en-onyx-cuir-pour-homme\/\",\"url\":\"https:\/\/www.spirit-us.eu\/index.php\/produit\/bracelet-en-onyx-cuir-pour-homme\/\",\"name\":\"BRACELET en ONYX & CUIR - pour homme - Spirit-US\",\"isPartOf\":{\"@id\":\"https:\/\/www.spirit-us.eu\/#website\"},\"primaryImageOfPage\":{\"@id\":\"https:\/\/www.spirit-us.eu\/index.php\/produit\/bracelet-en-onyx-cuir-pour-homme\/#primaryimage\"},\"image\":{\"@id\":\"https:\/\/www.spirit-us.eu\/index.php\/produit\/bracelet-en-onyx-cuir-pour-homme\/#primaryimage\"},\"thumbnailUrl\":\"https:\/\/www.spirit-us.eu\/wp-content\/uploads\/2025\/08\/bracelet-homme-cuir-2-rgs-onyx.png\",\"datePublished\":\"2025-08-09T13:48:08+00:00\",\"dateModified\":\"2025-12-17T09:46:41+00:00\",\"breadcrumb\":{\"@id\":\"https:\/\/www.spirit-us.eu\/index.php\/produit\/bracelet-en-onyx-cuir-pour-homme\/#breadcrumb\"},\"inLanguage\":\"fr-FR\",\"potentialAction\":[{\"@type\":\"ReadAction\",\"target\":[\"https:\/\/www.spirit-us.eu\/index.php\/produit\/bracelet-en-onyx-cuir-pour-homme\/\"]}]},{\"@type\":\"ImageObject\",\"inLanguage\":\"fr-FR\",\"@id\":\"https:\/\/www.spirit-us.eu\/index.php\/produit\/bracelet-en-onyx-cuir-pour-homme\/#primaryimage\",\"url\":\"https:\/\/www.spirit-us.eu\/wp-content\/uploads\/2025\/08\/bracelet-homme-cuir-2-rgs-onyx.png\",\"contentUrl\":\"https:\/\/www.spirit-us.eu\/wp-content\/uploads\/2025\/08\/bracelet-homme-cuir-2-rgs-onyx.png\",\"width\":1080,\"height\":1080},{\"@type\":\"BreadcrumbList\",\"@id\":\"https:\/\/www.spirit-us.eu\/index.php\/produit\/bracelet-en-onyx-cuir-pour-homme\/#breadcrumb\",\"itemListElement\":[{\"@type\":\"ListItem\",\"position\":1,\"name\":\"Accueil\",\"item\":\"https:\/\/www.spirit-us.eu\/\"},{\"@type\":\"ListItem\",\"position\":2,\"name\":\"Boutique\",\"item\":\"https:\/\/www.spirit-us.eu\/index.php\/boutique\/\"},{\"@type\":\"ListItem\",\"position\":3,\"name\":\"BRACELET en ONYX &#038; CUIR &#8211; pour homme\"}]},{\"@type\":\"WebSite\",\"@id\":\"https:\/\/www.spirit-us.eu\/#website\",\"url\":\"https:\/\/www.spirit-us.eu\/\",\"name\":\"Spirit-US\",\"description\":\"\",\"publisher\":{\"@id\":\"https:\/\/www.spirit-us.eu\/#organization\"},\"potentialAction\":[{\"@type\":\"SearchAction\",\"target\":{\"@type\":\"EntryPoint\",\"urlTemplate\":\"https:\/\/www.spirit-us.eu\/?s={search_term_string}\"},\"query-input\":{\"@type\":\"PropertyValueSpecification\",\"valueRequired\":true,\"valueName\":\"search_term_string\"}}],\"inLanguage\":\"fr-FR\"},{\"@type\":\"Organization\",\"@id\":\"https:\/\/www.spirit-us.eu\/#organization\",\"name\":\"Spirit-US\",\"url\":\"https:\/\/www.spirit-us.eu\/\",\"logo\":{\"@type\":\"ImageObject\",\"inLanguage\":\"fr-FR\",\"@id\":\"https:\/\/www.spirit-us.eu\/#\/schema\/logo\/image\/\",\"url\":\"https:\/\/www.spirit-us.eu\/wp-content\/uploads\/2025\/11\/logo-regarde-linterlocutrice-sans-arrriere-plan.jpg\",\"contentUrl\":\"https:\/\/www.spirit-us.eu\/wp-content\/uploads\/2025\/11\/logo-regarde-linterlocutrice-sans-arrriere-plan.jpg\",\"width\":1080,\"height\":1080,\"caption\":\"Spirit-US\"},\"image\":{\"@id\":\"https:\/\/www.spirit-us.eu\/#\/schema\/logo\/image\/\"},\"sameAs\":[\"https:\/\/www.facebook.com\/spirit.us.deum\"]}]}<\/script>\n<!-- \/ Yoast SEO plugin. -->","yoast_head_json":{"title":"BRACELET en ONYX & CUIR - pour homme - Spirit-US","robots":{"index":"index","follow":"follow","max-snippet":"max-snippet:-1","max-image-preview":"max-image-preview:large","max-video-preview":"max-video-preview:-1"},"canonical":"https:\/\/www.spirit-us.eu\/index.php\/produit\/bracelet-en-onyx-cuir-pour-homme\/","og_locale":"fr_FR","og_type":"article","og_title":"BRACELET en ONYX & CUIR - pour homme - Spirit-US","og_description":"Magnifique bracelet pour homme en pierres naturelles, deux rangs en onyx d\u00e9poli et cuir, avec 3 \u00e9l\u00e9gantes barres de maintien en acier. En lithoth\u00e9rapie, l'onyx est une pierre positive. Il permettrait de renforcer l'estime de soi, la confiance et le contr\u00f4le de soi-m\u00eame. Il faciliterait la stabilit\u00e9 en toute situation. Elle est r\u00e9put\u00e9e pour renvoyer ces \u00e9nergies \u00e0 leur source. Une belle synergie de confiance et de foi se trouve en ce bijou aux allures viriles et solides.","og_url":"https:\/\/www.spirit-us.eu\/index.php\/produit\/bracelet-en-onyx-cuir-pour-homme\/","og_site_name":"Spirit-US","article_publisher":"https:\/\/www.facebook.com\/spirit.us.deum","article_modified_time":"2025-12-17T09:46:41+00:00","og_image":[{"width":1080,"height":1080,"url":"https:\/\/www.spirit-us.eu\/wp-content\/uploads\/2025\/08\/bracelet-homme-cuir-2-rgs-onyx.png","type":"image\/png"}],"twitter_card":"summary_large_image","schema":{"@context":"https:\/\/schema.org","@graph":[{"@type":"WebPage","@id":"https:\/\/www.spirit-us.eu\/index.php\/produit\/bracelet-en-onyx-cuir-pour-homme\/","url":"https:\/\/www.spirit-us.eu\/index.php\/produit\/bracelet-en-onyx-cuir-pour-homme\/","name":"BRACELET en ONYX & CUIR - pour homme - Spirit-US","isPartOf":{"@id":"https:\/\/www.spirit-us.eu\/#website"},"primaryImageOfPage":{"@id":"https:\/\/www.spirit-us.eu\/index.php\/produit\/bracelet-en-onyx-cuir-pour-homme\/#primaryimage"},"image":{"@id":"https:\/\/www.spirit-us.eu\/index.php\/produit\/bracelet-en-onyx-cuir-pour-homme\/#primaryimage"},"thumbnailUrl":"https:\/\/www.spirit-us.eu\/wp-content\/uploads\/2025\/08\/bracelet-homme-cuir-2-rgs-onyx.png","datePublished":"2025-08-09T13:48:08+00:00","dateModified":"2025-12-17T09:46:41+00:00","breadcrumb":{"@id":"https:\/\/www.spirit-us.eu\/index.php\/produit\/bracelet-en-onyx-cuir-pour-homme\/#breadcrumb"},"inLanguage":"fr-FR","potentialAction":[{"@type":"ReadAction","target":["https:\/\/www.spirit-us.eu\/index.php\/produit\/bracelet-en-onyx-cuir-pour-homme\/"]}]},{"@type":"ImageObject","inLanguage":"fr-FR","@id":"https:\/\/www.spirit-us.eu\/index.php\/produit\/bracelet-en-onyx-cuir-pour-homme\/#primaryimage","url":"https:\/\/www.spirit-us.eu\/wp-content\/uploads\/2025\/08\/bracelet-homme-cuir-2-rgs-onyx.png","contentUrl":"https:\/\/www.spirit-us.eu\/wp-content\/uploads\/2025\/08\/bracelet-homme-cuir-2-rgs-onyx.png","width":1080,"height":1080},{"@type":"BreadcrumbList","@id":"https:\/\/www.spirit-us.eu\/index.php\/produit\/bracelet-en-onyx-cuir-pour-homme\/#breadcrumb","itemListElement":[{"@type":"ListItem","position":1,"name":"Accueil","item":"https:\/\/www.spirit-us.eu\/"},{"@type":"ListItem","position":2,"name":"Boutique","item":"https:\/\/www.spirit-us.eu\/index.php\/boutique\/"},{"@type":"ListItem","position":3,"name":"BRACELET en ONYX &#038; CUIR &#8211; pour homme"}]},{"@type":"WebSite","@id":"https:\/\/www.spirit-us.eu\/#website","url":"https:\/\/www.spirit-us.eu\/","name":"Spirit-US","description":"","publisher":{"@id":"https:\/\/www.spirit-us.eu\/#organization"},"potentialAction":[{"@type":"SearchAction","target":{"@type":"EntryPoint","urlTemplate":"https:\/\/www.spirit-us.eu\/?s={search_term_string}"},"query-input":{"@type":"PropertyValueSpecification","valueRequired":true,"valueName":"search_term_string"}}],"inLanguage":"fr-FR"},{"@type":"Organization","@id":"https:\/\/www.spirit-us.eu\/#organization","name":"Spirit-US","url":"https:\/\/www.spirit-us.eu\/","logo":{"@type":"ImageObject","inLanguage":"fr-FR","@id":"https:\/\/www.spirit-us.eu\/#\/schema\/logo\/image\/","url":"https:\/\/www.spirit-us.eu\/wp-content\/uploads\/2025\/11\/logo-regarde-linterlocutrice-sans-arrriere-plan.jpg","contentUrl":"https:\/\/www.spirit-us.eu\/wp-content\/uploads\/2025\/11\/logo-regarde-linterlocutrice-sans-arrriere-plan.jpg","width":1080,"height":1080,"caption":"Spirit-US"},"image":{"@id":"https:\/\/www.spirit-us.eu\/#\/schema\/logo\/image\/"},"sameAs":["https:\/\/www.facebook.com\/spirit.us.deum"]}]}},"jetpack_sharing_enabled":true,"_links":{"self":[{"href":"https:\/\/www.spirit-us.eu\/index.php\/wp-json\/wp\/v2\/product\/2048","targetHints":{"allow":["GET"]}}],"collection":[{"href":"https:\/\/www.spirit-us.eu\/index.php\/wp-json\/wp\/v2\/product"}],"about":[{"href":"https:\/\/www.spirit-us.eu\/index.php\/wp-json\/wp\/v2\/types\/product"}],"replies":[{"embeddable":true,"href":"https:\/\/www.spirit-us.eu\/index.php\/wp-json\/wp\/v2\/comments?post=2048"}],"wp:featuredmedia":[{"embeddable":true,"href":"https:\/\/www.spirit-us.eu\/index.php\/wp-json\/wp\/v2\/media\/2049"}],"wp:attachment":[{"href":"https:\/\/www.spirit-us.eu\/index.php\/wp-json\/wp\/v2\/media?parent=2048"}],"wp:term":[{"taxonomy":"product_brand","embeddable":true,"href":"https:\/\/www.spirit-us.eu\/index.php\/wp-json\/wp\/v2\/product_brand?post=2048"},{"taxonomy":"product_cat","embeddable":true,"href":"https:\/\/www.spirit-us.eu\/index.php\/wp-json\/wp\/v2\/product_cat?post=2048"},{"taxonomy":"product_tag","embeddable":true,"href":"https:\/\/www.spirit-us.eu\/index.php\/wp-json\/wp\/v2\/product_tag?post=2048"},{"taxonomy":"mwb_booking_cost","embeddable":true,"href":"https:\/\/www.spirit-us.eu\/index.php\/wp-json\/wp\/v2\/mwb_booking_cost?post=2048"},{"taxonomy":"mwb_booking_service","embeddable":true,"href":"https:\/\/www.spirit-us.eu\/index.php\/wp-json\/wp\/v2\/mwb_booking_service?post=2048"}],"curies":[{"name":"wp","href":"https:\/\/api.w.org\/{rel}","templated":true}]}}