{"id":2017,"date":"2025-08-09T10:55:37","date_gmt":"2025-08-09T08:55:37","guid":{"rendered":"https:\/\/www.spirit-us.eu\/?post_type=product&#038;p=2017"},"modified":"2025-12-17T14:46:48","modified_gmt":"2025-12-17T13:46:48","slug":"collier-polychrome-toutes-les-energies-benefiques","status":"publish","type":"product","link":"https:\/\/www.spirit-us.eu\/index.php\/produit\/collier-polychrome-toutes-les-energies-benefiques\/","title":{"rendered":"COLLIER polychrome &#8211; toutes les \u00e9nergies b\u00e9n\u00e9fiques"},"content":{"rendered":"<p>Collier polychrome compos\u00e9 de perles baroques, faites dans de multiples pierres naturelles, un bijou id\u00e9al pour qui souhaite effectuer un travail global sur les chakras<\/p>\n<p><strong>Mat\u00e9riaux<\/strong> : pierres naturelles<\/p>\n<p><strong>Couleurs<\/strong> : marron, rouge, orang\u00e9, jaune, vert, bleu clair, bleu lapis lazuli, violet, blanc et blanc translucide<\/p>\n<p><strong>Dimensions<\/strong> : 85 cm<\/p>\n<p><strong>Fermoir<\/strong>\u00a0: vissable<\/p>\n<p><strong>Pr\u00e9sentation<\/strong> : sachet de velours ou, \u00e0 la demande, bo\u00eete-cadeau<\/p>\n<p><strong>Occasions<\/strong>\u00a0: \u00e0 offrir pour la f\u00eate des M\u00e8res, No\u00ebl, saint Valentin, anniversaire, ou \u00e0 s\u2019offrir<\/p>\n<p>Nos articles sont 100% manufactur\u00e9s et il n&rsquo;y en a donc pas deux semblables : des variations peuvent \u00eatre not\u00e9es, qui font partie du charme des bijoux artisanaux.<\/p>\n","protected":false},"excerpt":{"rendered":"<p style=\"text-align: justify;\">Tr\u00e8s joli collier fait de perles baroques reprenant toutes les \u00e9nergies telluriques et c\u00e9lestes.\u00a0 Les couleurs des perles varient entre le marron et le blanc en passant par des nuances orang\u00e9es, rouges, soleil, vertes, bleues, violettes, blanches et translucides.\u00a0 \u00a0Cette pi\u00e8ce est unique, 100% artisanale.<\/p>\n","protected":false},"featured_media":2020,"comment_status":"open","ping_status":"closed","template":"","meta":[],"product_brand":[],"product_cat":[156,462,17],"product_tag":[188],"mwb_booking_cost":[],"mwb_booking_service":[],"class_list":{"0":"post-2017","1":"product","2":"type-product","3":"status-publish","4":"has-post-thumbnail","6":"product_cat-04-bijoux","7":"product_cat-006-colliers","8":"product_cat-tous-les-produits","9":"product_tag-chakras-collection","11":"first","12":"instock","13":"shipping-taxable","14":"purchasable","15":"product-type-simple"},"yoast_head":"<!-- This site is optimized with the Yoast SEO plugin v27.1.1 - https:\/\/yoast.com\/product\/yoast-seo-wordpress\/ -->\n<title>COLLIER polychrome - toutes les \u00e9nergies b\u00e9n\u00e9fiques - Spirit-US<\/title>\n<meta name=\"robots\" content=\"index, follow, max-snippet:-1, max-image-preview:large, max-video-preview:-1\" \/>\n<link rel=\"canonical\" href=\"https:\/\/www.spirit-us.eu\/index.php\/produit\/collier-polychrome-toutes-les-energies-benefiques\/\" \/>\n<meta property=\"og:locale\" content=\"fr_FR\" \/>\n<meta property=\"og:type\" content=\"article\" \/>\n<meta property=\"og:title\" content=\"COLLIER polychrome - toutes les \u00e9nergies b\u00e9n\u00e9fiques - Spirit-US\" \/>\n<meta property=\"og:description\" content=\"Tr\u00e8s joli collier fait de perles baroques reprenant toutes les \u00e9nergies telluriques et c\u00e9lestes.\u00a0 Les couleurs des perles varient entre le marron et le blanc en passant par des nuances orang\u00e9es, rouges, soleil, vertes, bleues, violettes, blanches et translucides.\u00a0 \u00a0Cette pi\u00e8ce est unique, 100% artisanale.\" \/>\n<meta property=\"og:url\" content=\"https:\/\/www.spirit-us.eu\/index.php\/produit\/collier-polychrome-toutes-les-energies-benefiques\/\" \/>\n<meta property=\"og:site_name\" content=\"Spirit-US\" \/>\n<meta property=\"article:publisher\" content=\"https:\/\/www.facebook.com\/spirit.us.deum\" \/>\n<meta property=\"article:modified_time\" content=\"2025-12-17T13:46:48+00:00\" \/>\n<meta property=\"og:image\" content=\"https:\/\/www.spirit-us.eu\/wp-content\/uploads\/2025\/08\/collier-polychrome-belle-photo-1024x1024.png\" \/>\n\t<meta property=\"og:image:width\" content=\"1024\" \/>\n\t<meta property=\"og:image:height\" content=\"1024\" \/>\n\t<meta property=\"og:image:type\" content=\"image\/png\" \/>\n<meta name=\"twitter:card\" content=\"summary_large_image\" \/>\n<meta name=\"twitter:label1\" content=\"Dur\u00e9e de lecture estim\u00e9e\" \/>\n\t<meta name=\"twitter:data1\" content=\"1 minute\" \/>\n<script type=\"application\/ld+json\" class=\"yoast-schema-graph\">{\"@context\":\"https:\/\/schema.org\",\"@graph\":[{\"@type\":\"WebPage\",\"@id\":\"https:\/\/www.spirit-us.eu\/index.php\/produit\/collier-polychrome-toutes-les-energies-benefiques\/\",\"url\":\"https:\/\/www.spirit-us.eu\/index.php\/produit\/collier-polychrome-toutes-les-energies-benefiques\/\",\"name\":\"COLLIER polychrome - toutes les \u00e9nergies b\u00e9n\u00e9fiques - Spirit-US\",\"isPartOf\":{\"@id\":\"https:\/\/www.spirit-us.eu\/#website\"},\"primaryImageOfPage\":{\"@id\":\"https:\/\/www.spirit-us.eu\/index.php\/produit\/collier-polychrome-toutes-les-energies-benefiques\/#primaryimage\"},\"image\":{\"@id\":\"https:\/\/www.spirit-us.eu\/index.php\/produit\/collier-polychrome-toutes-les-energies-benefiques\/#primaryimage\"},\"thumbnailUrl\":\"https:\/\/www.spirit-us.eu\/wp-content\/uploads\/2025\/08\/collier-polychrome-belle-photo.png\",\"datePublished\":\"2025-08-09T08:55:37+00:00\",\"dateModified\":\"2025-12-17T13:46:48+00:00\",\"breadcrumb\":{\"@id\":\"https:\/\/www.spirit-us.eu\/index.php\/produit\/collier-polychrome-toutes-les-energies-benefiques\/#breadcrumb\"},\"inLanguage\":\"fr-FR\",\"potentialAction\":[{\"@type\":\"ReadAction\",\"target\":[\"https:\/\/www.spirit-us.eu\/index.php\/produit\/collier-polychrome-toutes-les-energies-benefiques\/\"]}]},{\"@type\":\"ImageObject\",\"inLanguage\":\"fr-FR\",\"@id\":\"https:\/\/www.spirit-us.eu\/index.php\/produit\/collier-polychrome-toutes-les-energies-benefiques\/#primaryimage\",\"url\":\"https:\/\/www.spirit-us.eu\/wp-content\/uploads\/2025\/08\/collier-polychrome-belle-photo.png\",\"contentUrl\":\"https:\/\/www.spirit-us.eu\/wp-content\/uploads\/2025\/08\/collier-polychrome-belle-photo.png\",\"width\":1080,\"height\":1080},{\"@type\":\"BreadcrumbList\",\"@id\":\"https:\/\/www.spirit-us.eu\/index.php\/produit\/collier-polychrome-toutes-les-energies-benefiques\/#breadcrumb\",\"itemListElement\":[{\"@type\":\"ListItem\",\"position\":1,\"name\":\"Accueil\",\"item\":\"https:\/\/www.spirit-us.eu\/\"},{\"@type\":\"ListItem\",\"position\":2,\"name\":\"Boutique\",\"item\":\"https:\/\/www.spirit-us.eu\/index.php\/boutique\/\"},{\"@type\":\"ListItem\",\"position\":3,\"name\":\"COLLIER polychrome &#8211; toutes les \u00e9nergies b\u00e9n\u00e9fiques\"}]},{\"@type\":\"WebSite\",\"@id\":\"https:\/\/www.spirit-us.eu\/#website\",\"url\":\"https:\/\/www.spirit-us.eu\/\",\"name\":\"Spirit-US\",\"description\":\"\",\"publisher\":{\"@id\":\"https:\/\/www.spirit-us.eu\/#organization\"},\"potentialAction\":[{\"@type\":\"SearchAction\",\"target\":{\"@type\":\"EntryPoint\",\"urlTemplate\":\"https:\/\/www.spirit-us.eu\/?s={search_term_string}\"},\"query-input\":{\"@type\":\"PropertyValueSpecification\",\"valueRequired\":true,\"valueName\":\"search_term_string\"}}],\"inLanguage\":\"fr-FR\"},{\"@type\":\"Organization\",\"@id\":\"https:\/\/www.spirit-us.eu\/#organization\",\"name\":\"Spirit-US\",\"url\":\"https:\/\/www.spirit-us.eu\/\",\"logo\":{\"@type\":\"ImageObject\",\"inLanguage\":\"fr-FR\",\"@id\":\"https:\/\/www.spirit-us.eu\/#\/schema\/logo\/image\/\",\"url\":\"https:\/\/www.spirit-us.eu\/wp-content\/uploads\/2025\/11\/logo-regarde-linterlocutrice-sans-arrriere-plan.jpg\",\"contentUrl\":\"https:\/\/www.spirit-us.eu\/wp-content\/uploads\/2025\/11\/logo-regarde-linterlocutrice-sans-arrriere-plan.jpg\",\"width\":1080,\"height\":1080,\"caption\":\"Spirit-US\"},\"image\":{\"@id\":\"https:\/\/www.spirit-us.eu\/#\/schema\/logo\/image\/\"},\"sameAs\":[\"https:\/\/www.facebook.com\/spirit.us.deum\"]}]}<\/script>\n<!-- \/ Yoast SEO plugin. -->","yoast_head_json":{"title":"COLLIER polychrome - toutes les \u00e9nergies b\u00e9n\u00e9fiques - Spirit-US","robots":{"index":"index","follow":"follow","max-snippet":"max-snippet:-1","max-image-preview":"max-image-preview:large","max-video-preview":"max-video-preview:-1"},"canonical":"https:\/\/www.spirit-us.eu\/index.php\/produit\/collier-polychrome-toutes-les-energies-benefiques\/","og_locale":"fr_FR","og_type":"article","og_title":"COLLIER polychrome - toutes les \u00e9nergies b\u00e9n\u00e9fiques - Spirit-US","og_description":"Tr\u00e8s joli collier fait de perles baroques reprenant toutes les \u00e9nergies telluriques et c\u00e9lestes.\u00a0 Les couleurs des perles varient entre le marron et le blanc en passant par des nuances orang\u00e9es, rouges, soleil, vertes, bleues, violettes, blanches et translucides.\u00a0 \u00a0Cette pi\u00e8ce est unique, 100% artisanale.","og_url":"https:\/\/www.spirit-us.eu\/index.php\/produit\/collier-polychrome-toutes-les-energies-benefiques\/","og_site_name":"Spirit-US","article_publisher":"https:\/\/www.facebook.com\/spirit.us.deum","article_modified_time":"2025-12-17T13:46:48+00:00","og_image":[{"width":1024,"height":1024,"url":"https:\/\/www.spirit-us.eu\/wp-content\/uploads\/2025\/08\/collier-polychrome-belle-photo-1024x1024.png","type":"image\/png"}],"twitter_card":"summary_large_image","twitter_misc":{"Dur\u00e9e de lecture estim\u00e9e":"1 minute"},"schema":{"@context":"https:\/\/schema.org","@graph":[{"@type":"WebPage","@id":"https:\/\/www.spirit-us.eu\/index.php\/produit\/collier-polychrome-toutes-les-energies-benefiques\/","url":"https:\/\/www.spirit-us.eu\/index.php\/produit\/collier-polychrome-toutes-les-energies-benefiques\/","name":"COLLIER polychrome - toutes les \u00e9nergies b\u00e9n\u00e9fiques - Spirit-US","isPartOf":{"@id":"https:\/\/www.spirit-us.eu\/#website"},"primaryImageOfPage":{"@id":"https:\/\/www.spirit-us.eu\/index.php\/produit\/collier-polychrome-toutes-les-energies-benefiques\/#primaryimage"},"image":{"@id":"https:\/\/www.spirit-us.eu\/index.php\/produit\/collier-polychrome-toutes-les-energies-benefiques\/#primaryimage"},"thumbnailUrl":"https:\/\/www.spirit-us.eu\/wp-content\/uploads\/2025\/08\/collier-polychrome-belle-photo.png","datePublished":"2025-08-09T08:55:37+00:00","dateModified":"2025-12-17T13:46:48+00:00","breadcrumb":{"@id":"https:\/\/www.spirit-us.eu\/index.php\/produit\/collier-polychrome-toutes-les-energies-benefiques\/#breadcrumb"},"inLanguage":"fr-FR","potentialAction":[{"@type":"ReadAction","target":["https:\/\/www.spirit-us.eu\/index.php\/produit\/collier-polychrome-toutes-les-energies-benefiques\/"]}]},{"@type":"ImageObject","inLanguage":"fr-FR","@id":"https:\/\/www.spirit-us.eu\/index.php\/produit\/collier-polychrome-toutes-les-energies-benefiques\/#primaryimage","url":"https:\/\/www.spirit-us.eu\/wp-content\/uploads\/2025\/08\/collier-polychrome-belle-photo.png","contentUrl":"https:\/\/www.spirit-us.eu\/wp-content\/uploads\/2025\/08\/collier-polychrome-belle-photo.png","width":1080,"height":1080},{"@type":"BreadcrumbList","@id":"https:\/\/www.spirit-us.eu\/index.php\/produit\/collier-polychrome-toutes-les-energies-benefiques\/#breadcrumb","itemListElement":[{"@type":"ListItem","position":1,"name":"Accueil","item":"https:\/\/www.spirit-us.eu\/"},{"@type":"ListItem","position":2,"name":"Boutique","item":"https:\/\/www.spirit-us.eu\/index.php\/boutique\/"},{"@type":"ListItem","position":3,"name":"COLLIER polychrome &#8211; toutes les \u00e9nergies b\u00e9n\u00e9fiques"}]},{"@type":"WebSite","@id":"https:\/\/www.spirit-us.eu\/#website","url":"https:\/\/www.spirit-us.eu\/","name":"Spirit-US","description":"","publisher":{"@id":"https:\/\/www.spirit-us.eu\/#organization"},"potentialAction":[{"@type":"SearchAction","target":{"@type":"EntryPoint","urlTemplate":"https:\/\/www.spirit-us.eu\/?s={search_term_string}"},"query-input":{"@type":"PropertyValueSpecification","valueRequired":true,"valueName":"search_term_string"}}],"inLanguage":"fr-FR"},{"@type":"Organization","@id":"https:\/\/www.spirit-us.eu\/#organization","name":"Spirit-US","url":"https:\/\/www.spirit-us.eu\/","logo":{"@type":"ImageObject","inLanguage":"fr-FR","@id":"https:\/\/www.spirit-us.eu\/#\/schema\/logo\/image\/","url":"https:\/\/www.spirit-us.eu\/wp-content\/uploads\/2025\/11\/logo-regarde-linterlocutrice-sans-arrriere-plan.jpg","contentUrl":"https:\/\/www.spirit-us.eu\/wp-content\/uploads\/2025\/11\/logo-regarde-linterlocutrice-sans-arrriere-plan.jpg","width":1080,"height":1080,"caption":"Spirit-US"},"image":{"@id":"https:\/\/www.spirit-us.eu\/#\/schema\/logo\/image\/"},"sameAs":["https:\/\/www.facebook.com\/spirit.us.deum"]}]}},"jetpack_sharing_enabled":true,"_links":{"self":[{"href":"https:\/\/www.spirit-us.eu\/index.php\/wp-json\/wp\/v2\/product\/2017","targetHints":{"allow":["GET"]}}],"collection":[{"href":"https:\/\/www.spirit-us.eu\/index.php\/wp-json\/wp\/v2\/product"}],"about":[{"href":"https:\/\/www.spirit-us.eu\/index.php\/wp-json\/wp\/v2\/types\/product"}],"replies":[{"embeddable":true,"href":"https:\/\/www.spirit-us.eu\/index.php\/wp-json\/wp\/v2\/comments?post=2017"}],"wp:featuredmedia":[{"embeddable":true,"href":"https:\/\/www.spirit-us.eu\/index.php\/wp-json\/wp\/v2\/media\/2020"}],"wp:attachment":[{"href":"https:\/\/www.spirit-us.eu\/index.php\/wp-json\/wp\/v2\/media?parent=2017"}],"wp:term":[{"taxonomy":"product_brand","embeddable":true,"href":"https:\/\/www.spirit-us.eu\/index.php\/wp-json\/wp\/v2\/product_brand?post=2017"},{"taxonomy":"product_cat","embeddable":true,"href":"https:\/\/www.spirit-us.eu\/index.php\/wp-json\/wp\/v2\/product_cat?post=2017"},{"taxonomy":"product_tag","embeddable":true,"href":"https:\/\/www.spirit-us.eu\/index.php\/wp-json\/wp\/v2\/product_tag?post=2017"},{"taxonomy":"mwb_booking_cost","embeddable":true,"href":"https:\/\/www.spirit-us.eu\/index.php\/wp-json\/wp\/v2\/mwb_booking_cost?post=2017"},{"taxonomy":"mwb_booking_service","embeddable":true,"href":"https:\/\/www.spirit-us.eu\/index.php\/wp-json\/wp\/v2\/mwb_booking_service?post=2017"}],"curies":[{"name":"wp","href":"https:\/\/api.w.org\/{rel}","templated":true}]}}