{"id":2006,"date":"2025-08-08T16:33:34","date_gmt":"2025-08-08T14:33:34","guid":{"rendered":"https:\/\/www.spirit-us.eu\/?post_type=product&#038;p=2006"},"modified":"2025-12-17T14:52:59","modified_gmt":"2025-12-17T13:52:59","slug":"pendentif-libellule","status":"publish","type":"product","link":"https:\/\/www.spirit-us.eu\/index.php\/produit\/pendentif-libellule\/","title":{"rendered":"PENDENTIF Libellule"},"content":{"rendered":"<p>Bijou en forme de libellule, en acier dor\u00e9 inoxydable,\u00a0 agr\u00e9ment\u00e9 de brillants en zircon et de pierres synth\u00e9tiques couleur verte \u00e9meraude<\/p>\n<p><strong>Dimensions du bijou <\/strong>: hauteur 3,5 cm \/ largeur 3,2 cm<\/p>\n<p><strong>Cha\u00eenette<\/strong> : 45 cm (m\u00e9tal dor\u00e9 et fermoir)<\/p>\n<p><strong>Mat\u00e9riaux\u00a0<\/strong>: acier dor\u00e9 inoxydable, zircons et pierres color\u00e9es de couleur verte \u00e9meraude<\/p>\n<p><strong>Placage:<\/strong>\u00a0dor\u00e9<\/p>\n<p><strong>Couleurs<\/strong> : or, cristal, cristal teint\u00e9; incrustations vert et orang\u00e9, saumon.<\/p>\n<p><strong>Emballage<\/strong> : joli \u00e9crin de couleur en fonction du bijou, en velours; ou moins formel, dans un sachet dor\u00e9 pr\u00e9cieux (\u00e0 pr\u00e9ciser lors de la commande).<\/p>\n","protected":false},"excerpt":{"rendered":"<p style=\"text-align: justify;\">Adorable bijou \u00e0 offrir \u00e0 une personne aimant la nature, ses symboles et sa po\u00e9sie.\u00a0 La libellule est un puissant symbole de transformation et de m\u00e9tamorphose. Son cycle de vie, passant de l&rsquo;\u00e9tat aquatique, \u00e0 la cr\u00e9ature ail\u00e9e a\u00e9rienne, repr\u00e9sente le changement, l&rsquo;adaptation et la capacit\u00e9 \u00e0 \u00e9voluer. Elle incarne \u00e9galement la l\u00e9g\u00e8ret\u00e9, la joie et la libert\u00e9. Lorsqu&rsquo;elle est verte, elle est aussi le symbole reli\u00e9 au rayon gu\u00e9risseur, \u00e0 l&rsquo;archange Rapha\u00ebl.\u00a0 Elle transforme le mal \u00eatre du corps ou de l&rsquo;esprit en sant\u00e9 et en bien-\u00eatre.\u00a0 Les ailes de la libellule sont tr\u00e8s d\u00e9licatement peint en incrustation, en vert et orang\u00e9 (saumon). Ce bijou apporte une touche d&rsquo;\u00e9l\u00e9gance et de r\u00eave \u00e0 vos tenues.\u00a0 C&rsquo;est aussi un cadeau pour toute circonstance.<\/p>\n<p>&nbsp;<\/p>\n","protected":false},"featured_media":2009,"comment_status":"open","ping_status":"closed","template":"","meta":[],"product_brand":[],"product_cat":[156,463,17],"product_tag":[290,228,218,253],"mwb_booking_cost":[],"mwb_booking_service":[],"class_list":{"0":"post-2006","1":"product","2":"type-product","3":"status-publish","4":"has-post-thumbnail","6":"product_cat-04-bijoux","7":"product_cat-pendentif","8":"product_cat-tous-les-produits","9":"product_tag-reves","10":"product_tag-serenite","11":"product_tag-spiritualite","12":"product_tag-zen","14":"first","15":"instock","16":"shipping-taxable","17":"purchasable","18":"product-type-simple"},"yoast_head":"<!-- This site is optimized with the Yoast SEO plugin v27.1.1 - https:\/\/yoast.com\/product\/yoast-seo-wordpress\/ -->\n<title>PENDENTIF Libellule - Spirit-US<\/title>\n<meta name=\"robots\" content=\"index, follow, max-snippet:-1, max-image-preview:large, max-video-preview:-1\" \/>\n<link rel=\"canonical\" href=\"https:\/\/www.spirit-us.eu\/index.php\/produit\/pendentif-libellule\/\" \/>\n<meta property=\"og:locale\" content=\"fr_FR\" \/>\n<meta property=\"og:type\" content=\"article\" \/>\n<meta property=\"og:title\" content=\"PENDENTIF Libellule - Spirit-US\" \/>\n<meta property=\"og:description\" content=\"Adorable bijou \u00e0 offrir \u00e0 une personne aimant la nature, ses symboles et sa po\u00e9sie.\u00a0 La libellule est un puissant symbole de transformation et de m\u00e9tamorphose. Son cycle de vie, passant de l&#039;\u00e9tat aquatique, \u00e0 la cr\u00e9ature ail\u00e9e a\u00e9rienne, repr\u00e9sente le changement, l&#039;adaptation et la capacit\u00e9 \u00e0 \u00e9voluer. Elle incarne \u00e9galement la l\u00e9g\u00e8ret\u00e9, la joie et la libert\u00e9. Lorsqu&#039;elle est verte, elle est aussi le symbole reli\u00e9 au rayon gu\u00e9risseur, \u00e0 l&#039;archange Rapha\u00ebl.\u00a0 Elle transforme le mal \u00eatre du corps ou de l&#039;esprit en sant\u00e9 et en bien-\u00eatre.\u00a0 Les ailes de la libellule sont tr\u00e8s d\u00e9licatement peint en incrustation, en vert et orang\u00e9 (saumon). Ce bijou apporte une touche d&#039;\u00e9l\u00e9gance et de r\u00eave \u00e0 vos tenues.\u00a0 C&#039;est aussi un cadeau pour toute circonstance. &nbsp;\" \/>\n<meta property=\"og:url\" content=\"https:\/\/www.spirit-us.eu\/index.php\/produit\/pendentif-libellule\/\" \/>\n<meta property=\"og:site_name\" content=\"Spirit-US\" \/>\n<meta property=\"article:publisher\" content=\"https:\/\/www.facebook.com\/spirit.us.deum\" \/>\n<meta property=\"article:modified_time\" content=\"2025-12-17T13:52:59+00:00\" \/>\n<meta property=\"og:image\" content=\"https:\/\/www.spirit-us.eu\/wp-content\/uploads\/2025\/08\/libellule-image-produit-dans-coquillage-1024x1024.png\" \/>\n\t<meta property=\"og:image:width\" content=\"1024\" \/>\n\t<meta property=\"og:image:height\" content=\"1024\" \/>\n\t<meta property=\"og:image:type\" content=\"image\/png\" \/>\n<meta name=\"twitter:card\" content=\"summary_large_image\" \/>\n<script type=\"application\/ld+json\" class=\"yoast-schema-graph\">{\"@context\":\"https:\/\/schema.org\",\"@graph\":[{\"@type\":\"WebPage\",\"@id\":\"https:\/\/www.spirit-us.eu\/index.php\/produit\/pendentif-libellule\/\",\"url\":\"https:\/\/www.spirit-us.eu\/index.php\/produit\/pendentif-libellule\/\",\"name\":\"PENDENTIF Libellule - Spirit-US\",\"isPartOf\":{\"@id\":\"https:\/\/www.spirit-us.eu\/#website\"},\"primaryImageOfPage\":{\"@id\":\"https:\/\/www.spirit-us.eu\/index.php\/produit\/pendentif-libellule\/#primaryimage\"},\"image\":{\"@id\":\"https:\/\/www.spirit-us.eu\/index.php\/produit\/pendentif-libellule\/#primaryimage\"},\"thumbnailUrl\":\"https:\/\/www.spirit-us.eu\/wp-content\/uploads\/2025\/08\/libellule-image-produit-dans-coquillage.png\",\"datePublished\":\"2025-08-08T14:33:34+00:00\",\"dateModified\":\"2025-12-17T13:52:59+00:00\",\"breadcrumb\":{\"@id\":\"https:\/\/www.spirit-us.eu\/index.php\/produit\/pendentif-libellule\/#breadcrumb\"},\"inLanguage\":\"fr-FR\",\"potentialAction\":[{\"@type\":\"ReadAction\",\"target\":[\"https:\/\/www.spirit-us.eu\/index.php\/produit\/pendentif-libellule\/\"]}]},{\"@type\":\"ImageObject\",\"inLanguage\":\"fr-FR\",\"@id\":\"https:\/\/www.spirit-us.eu\/index.php\/produit\/pendentif-libellule\/#primaryimage\",\"url\":\"https:\/\/www.spirit-us.eu\/wp-content\/uploads\/2025\/08\/libellule-image-produit-dans-coquillage.png\",\"contentUrl\":\"https:\/\/www.spirit-us.eu\/wp-content\/uploads\/2025\/08\/libellule-image-produit-dans-coquillage.png\",\"width\":1350,\"height\":1350},{\"@type\":\"BreadcrumbList\",\"@id\":\"https:\/\/www.spirit-us.eu\/index.php\/produit\/pendentif-libellule\/#breadcrumb\",\"itemListElement\":[{\"@type\":\"ListItem\",\"position\":1,\"name\":\"Accueil\",\"item\":\"https:\/\/www.spirit-us.eu\/\"},{\"@type\":\"ListItem\",\"position\":2,\"name\":\"Boutique\",\"item\":\"https:\/\/www.spirit-us.eu\/index.php\/boutique\/\"},{\"@type\":\"ListItem\",\"position\":3,\"name\":\"PENDENTIF Libellule\"}]},{\"@type\":\"WebSite\",\"@id\":\"https:\/\/www.spirit-us.eu\/#website\",\"url\":\"https:\/\/www.spirit-us.eu\/\",\"name\":\"Spirit-US\",\"description\":\"\",\"publisher\":{\"@id\":\"https:\/\/www.spirit-us.eu\/#organization\"},\"potentialAction\":[{\"@type\":\"SearchAction\",\"target\":{\"@type\":\"EntryPoint\",\"urlTemplate\":\"https:\/\/www.spirit-us.eu\/?s={search_term_string}\"},\"query-input\":{\"@type\":\"PropertyValueSpecification\",\"valueRequired\":true,\"valueName\":\"search_term_string\"}}],\"inLanguage\":\"fr-FR\"},{\"@type\":\"Organization\",\"@id\":\"https:\/\/www.spirit-us.eu\/#organization\",\"name\":\"Spirit-US\",\"url\":\"https:\/\/www.spirit-us.eu\/\",\"logo\":{\"@type\":\"ImageObject\",\"inLanguage\":\"fr-FR\",\"@id\":\"https:\/\/www.spirit-us.eu\/#\/schema\/logo\/image\/\",\"url\":\"https:\/\/www.spirit-us.eu\/wp-content\/uploads\/2025\/11\/logo-regarde-linterlocutrice-sans-arrriere-plan.jpg\",\"contentUrl\":\"https:\/\/www.spirit-us.eu\/wp-content\/uploads\/2025\/11\/logo-regarde-linterlocutrice-sans-arrriere-plan.jpg\",\"width\":1080,\"height\":1080,\"caption\":\"Spirit-US\"},\"image\":{\"@id\":\"https:\/\/www.spirit-us.eu\/#\/schema\/logo\/image\/\"},\"sameAs\":[\"https:\/\/www.facebook.com\/spirit.us.deum\"]}]}<\/script>\n<!-- \/ Yoast SEO plugin. -->","yoast_head_json":{"title":"PENDENTIF Libellule - Spirit-US","robots":{"index":"index","follow":"follow","max-snippet":"max-snippet:-1","max-image-preview":"max-image-preview:large","max-video-preview":"max-video-preview:-1"},"canonical":"https:\/\/www.spirit-us.eu\/index.php\/produit\/pendentif-libellule\/","og_locale":"fr_FR","og_type":"article","og_title":"PENDENTIF Libellule - Spirit-US","og_description":"Adorable bijou \u00e0 offrir \u00e0 une personne aimant la nature, ses symboles et sa po\u00e9sie.\u00a0 La libellule est un puissant symbole de transformation et de m\u00e9tamorphose. Son cycle de vie, passant de l'\u00e9tat aquatique, \u00e0 la cr\u00e9ature ail\u00e9e a\u00e9rienne, repr\u00e9sente le changement, l'adaptation et la capacit\u00e9 \u00e0 \u00e9voluer. Elle incarne \u00e9galement la l\u00e9g\u00e8ret\u00e9, la joie et la libert\u00e9. Lorsqu'elle est verte, elle est aussi le symbole reli\u00e9 au rayon gu\u00e9risseur, \u00e0 l'archange Rapha\u00ebl.\u00a0 Elle transforme le mal \u00eatre du corps ou de l'esprit en sant\u00e9 et en bien-\u00eatre.\u00a0 Les ailes de la libellule sont tr\u00e8s d\u00e9licatement peint en incrustation, en vert et orang\u00e9 (saumon). Ce bijou apporte une touche d'\u00e9l\u00e9gance et de r\u00eave \u00e0 vos tenues.\u00a0 C'est aussi un cadeau pour toute circonstance. &nbsp;","og_url":"https:\/\/www.spirit-us.eu\/index.php\/produit\/pendentif-libellule\/","og_site_name":"Spirit-US","article_publisher":"https:\/\/www.facebook.com\/spirit.us.deum","article_modified_time":"2025-12-17T13:52:59+00:00","og_image":[{"width":1024,"height":1024,"url":"https:\/\/www.spirit-us.eu\/wp-content\/uploads\/2025\/08\/libellule-image-produit-dans-coquillage-1024x1024.png","type":"image\/png"}],"twitter_card":"summary_large_image","schema":{"@context":"https:\/\/schema.org","@graph":[{"@type":"WebPage","@id":"https:\/\/www.spirit-us.eu\/index.php\/produit\/pendentif-libellule\/","url":"https:\/\/www.spirit-us.eu\/index.php\/produit\/pendentif-libellule\/","name":"PENDENTIF Libellule - Spirit-US","isPartOf":{"@id":"https:\/\/www.spirit-us.eu\/#website"},"primaryImageOfPage":{"@id":"https:\/\/www.spirit-us.eu\/index.php\/produit\/pendentif-libellule\/#primaryimage"},"image":{"@id":"https:\/\/www.spirit-us.eu\/index.php\/produit\/pendentif-libellule\/#primaryimage"},"thumbnailUrl":"https:\/\/www.spirit-us.eu\/wp-content\/uploads\/2025\/08\/libellule-image-produit-dans-coquillage.png","datePublished":"2025-08-08T14:33:34+00:00","dateModified":"2025-12-17T13:52:59+00:00","breadcrumb":{"@id":"https:\/\/www.spirit-us.eu\/index.php\/produit\/pendentif-libellule\/#breadcrumb"},"inLanguage":"fr-FR","potentialAction":[{"@type":"ReadAction","target":["https:\/\/www.spirit-us.eu\/index.php\/produit\/pendentif-libellule\/"]}]},{"@type":"ImageObject","inLanguage":"fr-FR","@id":"https:\/\/www.spirit-us.eu\/index.php\/produit\/pendentif-libellule\/#primaryimage","url":"https:\/\/www.spirit-us.eu\/wp-content\/uploads\/2025\/08\/libellule-image-produit-dans-coquillage.png","contentUrl":"https:\/\/www.spirit-us.eu\/wp-content\/uploads\/2025\/08\/libellule-image-produit-dans-coquillage.png","width":1350,"height":1350},{"@type":"BreadcrumbList","@id":"https:\/\/www.spirit-us.eu\/index.php\/produit\/pendentif-libellule\/#breadcrumb","itemListElement":[{"@type":"ListItem","position":1,"name":"Accueil","item":"https:\/\/www.spirit-us.eu\/"},{"@type":"ListItem","position":2,"name":"Boutique","item":"https:\/\/www.spirit-us.eu\/index.php\/boutique\/"},{"@type":"ListItem","position":3,"name":"PENDENTIF Libellule"}]},{"@type":"WebSite","@id":"https:\/\/www.spirit-us.eu\/#website","url":"https:\/\/www.spirit-us.eu\/","name":"Spirit-US","description":"","publisher":{"@id":"https:\/\/www.spirit-us.eu\/#organization"},"potentialAction":[{"@type":"SearchAction","target":{"@type":"EntryPoint","urlTemplate":"https:\/\/www.spirit-us.eu\/?s={search_term_string}"},"query-input":{"@type":"PropertyValueSpecification","valueRequired":true,"valueName":"search_term_string"}}],"inLanguage":"fr-FR"},{"@type":"Organization","@id":"https:\/\/www.spirit-us.eu\/#organization","name":"Spirit-US","url":"https:\/\/www.spirit-us.eu\/","logo":{"@type":"ImageObject","inLanguage":"fr-FR","@id":"https:\/\/www.spirit-us.eu\/#\/schema\/logo\/image\/","url":"https:\/\/www.spirit-us.eu\/wp-content\/uploads\/2025\/11\/logo-regarde-linterlocutrice-sans-arrriere-plan.jpg","contentUrl":"https:\/\/www.spirit-us.eu\/wp-content\/uploads\/2025\/11\/logo-regarde-linterlocutrice-sans-arrriere-plan.jpg","width":1080,"height":1080,"caption":"Spirit-US"},"image":{"@id":"https:\/\/www.spirit-us.eu\/#\/schema\/logo\/image\/"},"sameAs":["https:\/\/www.facebook.com\/spirit.us.deum"]}]}},"jetpack_sharing_enabled":true,"_links":{"self":[{"href":"https:\/\/www.spirit-us.eu\/index.php\/wp-json\/wp\/v2\/product\/2006","targetHints":{"allow":["GET"]}}],"collection":[{"href":"https:\/\/www.spirit-us.eu\/index.php\/wp-json\/wp\/v2\/product"}],"about":[{"href":"https:\/\/www.spirit-us.eu\/index.php\/wp-json\/wp\/v2\/types\/product"}],"replies":[{"embeddable":true,"href":"https:\/\/www.spirit-us.eu\/index.php\/wp-json\/wp\/v2\/comments?post=2006"}],"wp:featuredmedia":[{"embeddable":true,"href":"https:\/\/www.spirit-us.eu\/index.php\/wp-json\/wp\/v2\/media\/2009"}],"wp:attachment":[{"href":"https:\/\/www.spirit-us.eu\/index.php\/wp-json\/wp\/v2\/media?parent=2006"}],"wp:term":[{"taxonomy":"product_brand","embeddable":true,"href":"https:\/\/www.spirit-us.eu\/index.php\/wp-json\/wp\/v2\/product_brand?post=2006"},{"taxonomy":"product_cat","embeddable":true,"href":"https:\/\/www.spirit-us.eu\/index.php\/wp-json\/wp\/v2\/product_cat?post=2006"},{"taxonomy":"product_tag","embeddable":true,"href":"https:\/\/www.spirit-us.eu\/index.php\/wp-json\/wp\/v2\/product_tag?post=2006"},{"taxonomy":"mwb_booking_cost","embeddable":true,"href":"https:\/\/www.spirit-us.eu\/index.php\/wp-json\/wp\/v2\/mwb_booking_cost?post=2006"},{"taxonomy":"mwb_booking_service","embeddable":true,"href":"https:\/\/www.spirit-us.eu\/index.php\/wp-json\/wp\/v2\/mwb_booking_service?post=2006"}],"curies":[{"name":"wp","href":"https:\/\/api.w.org\/{rel}","templated":true}]}}