{"id":2001,"date":"2025-08-08T16:04:14","date_gmt":"2025-08-08T14:04:14","guid":{"rendered":"https:\/\/www.spirit-us.eu\/?post_type=product&#038;p=2001"},"modified":"2025-12-17T14:53:15","modified_gmt":"2025-12-17T13:53:15","slug":"pendentif-attrape-reves","status":"publish","type":"product","link":"https:\/\/www.spirit-us.eu\/index.php\/produit\/pendentif-attrape-reves\/","title":{"rendered":"PENDENTIF Attrape-R\u00eaves"},"content":{"rendered":"<p>Bijou en forme d&rsquo;attrape-r\u00eaves \u00e0 la fa\u00e7on am\u00e9rindienne, en acier dor\u00e9 inoxydable,\u00a0 agr\u00e9ment\u00e9 de brillants en zircon<\/p>\n<p><strong>Dimensions du bijou <\/strong>: hauteur 3 cm \/ largeur 1,4 cm<\/p>\n<p><strong>Cha\u00eenette<\/strong> : 45 cm (m\u00e9tal dor\u00e9 et fermoir)<\/p>\n<p><strong>Mat\u00e9riaux\u00a0<\/strong>: acier dor\u00e9 inoxydable, zircons<\/p>\n<p><strong>Placage:<\/strong>\u00a0dor\u00e9<\/p>\n<p><strong>Couleurs<\/strong> : or, cristal<\/p>\n<p><strong>Emballage<\/strong> : joli \u00e9crin de couleur en fonction du bijou, en velours; ou moins formel, dans un sachet dor\u00e9 pr\u00e9cieux (\u00e0 pr\u00e9ciser lors de la commande).<\/p>\n","protected":false},"excerpt":{"rendered":"<p style=\"text-align: justify;\">Adorable bijou \u00e0 offrir \u00e0 une personne tr\u00e8s spirituelle, souvent tourn\u00e9e vers le monde invisible.\u00a0 Le pendentif est circulaire, dot\u00e9 de trois plumes sur sa base et il repr\u00e9sente un attrape-r\u00eaves, objet hautement symbolique dans la culture am\u00e9rindienne. L\u2019attrape-r\u00eave ou capteur de r\u00eave prot\u00e8ge le sommeil en br\u00fblant les mauvais r\u00eaves d\u00e8s les premi\u00e8res lueurs du jour. Il a la forme d\u2019un cercle, le cycle de la vie.\u00a0 Cela comprend tous les \u00e9l\u00e9ments autour de la vie humaine comme la terre, la lune, le soleil, l\u2019eau, le feu, le cycle du jour et de la nuit, soit les 7 fondamentaux de la culture am\u00e9rindienne ; le cercle comprend donc 7 points d\u2019ancrage et il repr\u00e9sente \u00e9galement le soleil, ses forces positives. Le centre de l\u2019attrape-r\u00eave est le passage des bons r\u00eaves, alors que la toile sert \u00e0 filtrer les mauvais esprits et les \u00e9nergies n\u00e9gatives, de cueillir les premiers rayons de soleil qui sont cens\u00e9s apporter la paix et la s\u00e9r\u00e9nit\u00e9 durant la journ\u00e9e. La perle centrale est la pierre de protection. Enfin, les plumes servent \u00e0 faire entrer les bons r\u00eaves dans votre esprit. Elles sont symbole de l\u00e9g\u00e8ret\u00e9, de douceur, et repr\u00e9sentent aussi l\u2019\u00e9l\u00e9ment air, permettant aux r\u00eaves de glisser jusqu\u2019au r\u00eaveur ou \u00e0 la r\u00eaveuse, de cr\u00e9er le lien entre les humains et l\u2019Esprit protecteur.<\/p>\n<p>&nbsp;<\/p>\n","protected":false},"featured_media":2002,"comment_status":"open","ping_status":"closed","template":"","meta":[],"product_brand":[],"product_cat":[156,463,17],"product_tag":[290,228,218,253],"mwb_booking_cost":[],"mwb_booking_service":[],"class_list":{"0":"post-2001","1":"product","2":"type-product","3":"status-publish","4":"has-post-thumbnail","6":"product_cat-04-bijoux","7":"product_cat-pendentif","8":"product_cat-tous-les-produits","9":"product_tag-reves","10":"product_tag-serenite","11":"product_tag-spiritualite","12":"product_tag-zen","14":"first","15":"instock","16":"shipping-taxable","17":"purchasable","18":"product-type-simple"},"yoast_head":"<!-- This site is optimized with the Yoast SEO plugin v27.1.1 - https:\/\/yoast.com\/product\/yoast-seo-wordpress\/ -->\n<title>PENDENTIF Attrape-R\u00eaves - Spirit-US<\/title>\n<meta name=\"robots\" content=\"index, follow, max-snippet:-1, max-image-preview:large, max-video-preview:-1\" \/>\n<link rel=\"canonical\" href=\"https:\/\/www.spirit-us.eu\/index.php\/produit\/pendentif-attrape-reves\/\" \/>\n<meta property=\"og:locale\" content=\"fr_FR\" \/>\n<meta property=\"og:type\" content=\"article\" \/>\n<meta property=\"og:title\" content=\"PENDENTIF Attrape-R\u00eaves - Spirit-US\" \/>\n<meta property=\"og:description\" content=\"Adorable bijou \u00e0 offrir \u00e0 une personne tr\u00e8s spirituelle, souvent tourn\u00e9e vers le monde invisible.\u00a0 Le pendentif est circulaire, dot\u00e9 de trois plumes sur sa base et il repr\u00e9sente un attrape-r\u00eaves, objet hautement symbolique dans la culture am\u00e9rindienne. L\u2019attrape-r\u00eave ou capteur de r\u00eave prot\u00e8ge le sommeil en br\u00fblant les mauvais r\u00eaves d\u00e8s les premi\u00e8res lueurs du jour. Il a la forme d\u2019un cercle, le cycle de la vie.\u00a0 Cela comprend tous les \u00e9l\u00e9ments autour de la vie humaine comme la terre, la lune, le soleil, l\u2019eau, le feu, le cycle du jour et de la nuit, soit les 7 fondamentaux de la culture am\u00e9rindienne ; le cercle comprend donc 7 points d\u2019ancrage et il repr\u00e9sente \u00e9galement le soleil, ses forces positives. Le centre de l\u2019attrape-r\u00eave est le passage des bons r\u00eaves, alors que la toile sert \u00e0 filtrer les mauvais esprits et les \u00e9nergies n\u00e9gatives, de cueillir les premiers rayons de soleil qui sont cens\u00e9s apporter la paix et la s\u00e9r\u00e9nit\u00e9 durant la journ\u00e9e. La perle centrale est la pierre de protection. Enfin, les plumes servent \u00e0 faire entrer les bons r\u00eaves dans votre esprit. Elles sont symbole de l\u00e9g\u00e8ret\u00e9, de douceur, et repr\u00e9sentent aussi l\u2019\u00e9l\u00e9ment air, permettant aux r\u00eaves de glisser jusqu\u2019au r\u00eaveur ou \u00e0 la r\u00eaveuse, de cr\u00e9er le lien entre les humains et l\u2019Esprit protecteur. &nbsp;\" \/>\n<meta property=\"og:url\" content=\"https:\/\/www.spirit-us.eu\/index.php\/produit\/pendentif-attrape-reves\/\" \/>\n<meta property=\"og:site_name\" content=\"Spirit-US\" \/>\n<meta property=\"article:publisher\" content=\"https:\/\/www.facebook.com\/spirit.us.deum\" \/>\n<meta property=\"article:modified_time\" content=\"2025-12-17T13:53:15+00:00\" \/>\n<meta property=\"og:image\" content=\"https:\/\/www.spirit-us.eu\/wp-content\/uploads\/2025\/08\/attrape-reve-image-produit-1024x1024.png\" \/>\n\t<meta property=\"og:image:width\" content=\"1024\" \/>\n\t<meta property=\"og:image:height\" content=\"1024\" \/>\n\t<meta property=\"og:image:type\" content=\"image\/png\" \/>\n<meta name=\"twitter:card\" content=\"summary_large_image\" \/>\n<script type=\"application\/ld+json\" class=\"yoast-schema-graph\">{\"@context\":\"https:\/\/schema.org\",\"@graph\":[{\"@type\":\"WebPage\",\"@id\":\"https:\/\/www.spirit-us.eu\/index.php\/produit\/pendentif-attrape-reves\/\",\"url\":\"https:\/\/www.spirit-us.eu\/index.php\/produit\/pendentif-attrape-reves\/\",\"name\":\"PENDENTIF Attrape-R\u00eaves - Spirit-US\",\"isPartOf\":{\"@id\":\"https:\/\/www.spirit-us.eu\/#website\"},\"primaryImageOfPage\":{\"@id\":\"https:\/\/www.spirit-us.eu\/index.php\/produit\/pendentif-attrape-reves\/#primaryimage\"},\"image\":{\"@id\":\"https:\/\/www.spirit-us.eu\/index.php\/produit\/pendentif-attrape-reves\/#primaryimage\"},\"thumbnailUrl\":\"https:\/\/www.spirit-us.eu\/wp-content\/uploads\/2025\/08\/attrape-reve-image-produit.png\",\"datePublished\":\"2025-08-08T14:04:14+00:00\",\"dateModified\":\"2025-12-17T13:53:15+00:00\",\"breadcrumb\":{\"@id\":\"https:\/\/www.spirit-us.eu\/index.php\/produit\/pendentif-attrape-reves\/#breadcrumb\"},\"inLanguage\":\"fr-FR\",\"potentialAction\":[{\"@type\":\"ReadAction\",\"target\":[\"https:\/\/www.spirit-us.eu\/index.php\/produit\/pendentif-attrape-reves\/\"]}]},{\"@type\":\"ImageObject\",\"inLanguage\":\"fr-FR\",\"@id\":\"https:\/\/www.spirit-us.eu\/index.php\/produit\/pendentif-attrape-reves\/#primaryimage\",\"url\":\"https:\/\/www.spirit-us.eu\/wp-content\/uploads\/2025\/08\/attrape-reve-image-produit.png\",\"contentUrl\":\"https:\/\/www.spirit-us.eu\/wp-content\/uploads\/2025\/08\/attrape-reve-image-produit.png\",\"width\":1620,\"height\":1620},{\"@type\":\"BreadcrumbList\",\"@id\":\"https:\/\/www.spirit-us.eu\/index.php\/produit\/pendentif-attrape-reves\/#breadcrumb\",\"itemListElement\":[{\"@type\":\"ListItem\",\"position\":1,\"name\":\"Accueil\",\"item\":\"https:\/\/www.spirit-us.eu\/\"},{\"@type\":\"ListItem\",\"position\":2,\"name\":\"Boutique\",\"item\":\"https:\/\/www.spirit-us.eu\/index.php\/boutique\/\"},{\"@type\":\"ListItem\",\"position\":3,\"name\":\"PENDENTIF Attrape-R\u00eaves\"}]},{\"@type\":\"WebSite\",\"@id\":\"https:\/\/www.spirit-us.eu\/#website\",\"url\":\"https:\/\/www.spirit-us.eu\/\",\"name\":\"Spirit-US\",\"description\":\"\",\"publisher\":{\"@id\":\"https:\/\/www.spirit-us.eu\/#organization\"},\"potentialAction\":[{\"@type\":\"SearchAction\",\"target\":{\"@type\":\"EntryPoint\",\"urlTemplate\":\"https:\/\/www.spirit-us.eu\/?s={search_term_string}\"},\"query-input\":{\"@type\":\"PropertyValueSpecification\",\"valueRequired\":true,\"valueName\":\"search_term_string\"}}],\"inLanguage\":\"fr-FR\"},{\"@type\":\"Organization\",\"@id\":\"https:\/\/www.spirit-us.eu\/#organization\",\"name\":\"Spirit-US\",\"url\":\"https:\/\/www.spirit-us.eu\/\",\"logo\":{\"@type\":\"ImageObject\",\"inLanguage\":\"fr-FR\",\"@id\":\"https:\/\/www.spirit-us.eu\/#\/schema\/logo\/image\/\",\"url\":\"https:\/\/www.spirit-us.eu\/wp-content\/uploads\/2025\/11\/logo-regarde-linterlocutrice-sans-arrriere-plan.jpg\",\"contentUrl\":\"https:\/\/www.spirit-us.eu\/wp-content\/uploads\/2025\/11\/logo-regarde-linterlocutrice-sans-arrriere-plan.jpg\",\"width\":1080,\"height\":1080,\"caption\":\"Spirit-US\"},\"image\":{\"@id\":\"https:\/\/www.spirit-us.eu\/#\/schema\/logo\/image\/\"},\"sameAs\":[\"https:\/\/www.facebook.com\/spirit.us.deum\"]}]}<\/script>\n<!-- \/ Yoast SEO plugin. -->","yoast_head_json":{"title":"PENDENTIF Attrape-R\u00eaves - Spirit-US","robots":{"index":"index","follow":"follow","max-snippet":"max-snippet:-1","max-image-preview":"max-image-preview:large","max-video-preview":"max-video-preview:-1"},"canonical":"https:\/\/www.spirit-us.eu\/index.php\/produit\/pendentif-attrape-reves\/","og_locale":"fr_FR","og_type":"article","og_title":"PENDENTIF Attrape-R\u00eaves - Spirit-US","og_description":"Adorable bijou \u00e0 offrir \u00e0 une personne tr\u00e8s spirituelle, souvent tourn\u00e9e vers le monde invisible.\u00a0 Le pendentif est circulaire, dot\u00e9 de trois plumes sur sa base et il repr\u00e9sente un attrape-r\u00eaves, objet hautement symbolique dans la culture am\u00e9rindienne. L\u2019attrape-r\u00eave ou capteur de r\u00eave prot\u00e8ge le sommeil en br\u00fblant les mauvais r\u00eaves d\u00e8s les premi\u00e8res lueurs du jour. Il a la forme d\u2019un cercle, le cycle de la vie.\u00a0 Cela comprend tous les \u00e9l\u00e9ments autour de la vie humaine comme la terre, la lune, le soleil, l\u2019eau, le feu, le cycle du jour et de la nuit, soit les 7 fondamentaux de la culture am\u00e9rindienne ; le cercle comprend donc 7 points d\u2019ancrage et il repr\u00e9sente \u00e9galement le soleil, ses forces positives. Le centre de l\u2019attrape-r\u00eave est le passage des bons r\u00eaves, alors que la toile sert \u00e0 filtrer les mauvais esprits et les \u00e9nergies n\u00e9gatives, de cueillir les premiers rayons de soleil qui sont cens\u00e9s apporter la paix et la s\u00e9r\u00e9nit\u00e9 durant la journ\u00e9e. La perle centrale est la pierre de protection. Enfin, les plumes servent \u00e0 faire entrer les bons r\u00eaves dans votre esprit. Elles sont symbole de l\u00e9g\u00e8ret\u00e9, de douceur, et repr\u00e9sentent aussi l\u2019\u00e9l\u00e9ment air, permettant aux r\u00eaves de glisser jusqu\u2019au r\u00eaveur ou \u00e0 la r\u00eaveuse, de cr\u00e9er le lien entre les humains et l\u2019Esprit protecteur. &nbsp;","og_url":"https:\/\/www.spirit-us.eu\/index.php\/produit\/pendentif-attrape-reves\/","og_site_name":"Spirit-US","article_publisher":"https:\/\/www.facebook.com\/spirit.us.deum","article_modified_time":"2025-12-17T13:53:15+00:00","og_image":[{"width":1024,"height":1024,"url":"https:\/\/www.spirit-us.eu\/wp-content\/uploads\/2025\/08\/attrape-reve-image-produit-1024x1024.png","type":"image\/png"}],"twitter_card":"summary_large_image","schema":{"@context":"https:\/\/schema.org","@graph":[{"@type":"WebPage","@id":"https:\/\/www.spirit-us.eu\/index.php\/produit\/pendentif-attrape-reves\/","url":"https:\/\/www.spirit-us.eu\/index.php\/produit\/pendentif-attrape-reves\/","name":"PENDENTIF Attrape-R\u00eaves - Spirit-US","isPartOf":{"@id":"https:\/\/www.spirit-us.eu\/#website"},"primaryImageOfPage":{"@id":"https:\/\/www.spirit-us.eu\/index.php\/produit\/pendentif-attrape-reves\/#primaryimage"},"image":{"@id":"https:\/\/www.spirit-us.eu\/index.php\/produit\/pendentif-attrape-reves\/#primaryimage"},"thumbnailUrl":"https:\/\/www.spirit-us.eu\/wp-content\/uploads\/2025\/08\/attrape-reve-image-produit.png","datePublished":"2025-08-08T14:04:14+00:00","dateModified":"2025-12-17T13:53:15+00:00","breadcrumb":{"@id":"https:\/\/www.spirit-us.eu\/index.php\/produit\/pendentif-attrape-reves\/#breadcrumb"},"inLanguage":"fr-FR","potentialAction":[{"@type":"ReadAction","target":["https:\/\/www.spirit-us.eu\/index.php\/produit\/pendentif-attrape-reves\/"]}]},{"@type":"ImageObject","inLanguage":"fr-FR","@id":"https:\/\/www.spirit-us.eu\/index.php\/produit\/pendentif-attrape-reves\/#primaryimage","url":"https:\/\/www.spirit-us.eu\/wp-content\/uploads\/2025\/08\/attrape-reve-image-produit.png","contentUrl":"https:\/\/www.spirit-us.eu\/wp-content\/uploads\/2025\/08\/attrape-reve-image-produit.png","width":1620,"height":1620},{"@type":"BreadcrumbList","@id":"https:\/\/www.spirit-us.eu\/index.php\/produit\/pendentif-attrape-reves\/#breadcrumb","itemListElement":[{"@type":"ListItem","position":1,"name":"Accueil","item":"https:\/\/www.spirit-us.eu\/"},{"@type":"ListItem","position":2,"name":"Boutique","item":"https:\/\/www.spirit-us.eu\/index.php\/boutique\/"},{"@type":"ListItem","position":3,"name":"PENDENTIF Attrape-R\u00eaves"}]},{"@type":"WebSite","@id":"https:\/\/www.spirit-us.eu\/#website","url":"https:\/\/www.spirit-us.eu\/","name":"Spirit-US","description":"","publisher":{"@id":"https:\/\/www.spirit-us.eu\/#organization"},"potentialAction":[{"@type":"SearchAction","target":{"@type":"EntryPoint","urlTemplate":"https:\/\/www.spirit-us.eu\/?s={search_term_string}"},"query-input":{"@type":"PropertyValueSpecification","valueRequired":true,"valueName":"search_term_string"}}],"inLanguage":"fr-FR"},{"@type":"Organization","@id":"https:\/\/www.spirit-us.eu\/#organization","name":"Spirit-US","url":"https:\/\/www.spirit-us.eu\/","logo":{"@type":"ImageObject","inLanguage":"fr-FR","@id":"https:\/\/www.spirit-us.eu\/#\/schema\/logo\/image\/","url":"https:\/\/www.spirit-us.eu\/wp-content\/uploads\/2025\/11\/logo-regarde-linterlocutrice-sans-arrriere-plan.jpg","contentUrl":"https:\/\/www.spirit-us.eu\/wp-content\/uploads\/2025\/11\/logo-regarde-linterlocutrice-sans-arrriere-plan.jpg","width":1080,"height":1080,"caption":"Spirit-US"},"image":{"@id":"https:\/\/www.spirit-us.eu\/#\/schema\/logo\/image\/"},"sameAs":["https:\/\/www.facebook.com\/spirit.us.deum"]}]}},"jetpack_sharing_enabled":true,"_links":{"self":[{"href":"https:\/\/www.spirit-us.eu\/index.php\/wp-json\/wp\/v2\/product\/2001","targetHints":{"allow":["GET"]}}],"collection":[{"href":"https:\/\/www.spirit-us.eu\/index.php\/wp-json\/wp\/v2\/product"}],"about":[{"href":"https:\/\/www.spirit-us.eu\/index.php\/wp-json\/wp\/v2\/types\/product"}],"replies":[{"embeddable":true,"href":"https:\/\/www.spirit-us.eu\/index.php\/wp-json\/wp\/v2\/comments?post=2001"}],"wp:featuredmedia":[{"embeddable":true,"href":"https:\/\/www.spirit-us.eu\/index.php\/wp-json\/wp\/v2\/media\/2002"}],"wp:attachment":[{"href":"https:\/\/www.spirit-us.eu\/index.php\/wp-json\/wp\/v2\/media?parent=2001"}],"wp:term":[{"taxonomy":"product_brand","embeddable":true,"href":"https:\/\/www.spirit-us.eu\/index.php\/wp-json\/wp\/v2\/product_brand?post=2001"},{"taxonomy":"product_cat","embeddable":true,"href":"https:\/\/www.spirit-us.eu\/index.php\/wp-json\/wp\/v2\/product_cat?post=2001"},{"taxonomy":"product_tag","embeddable":true,"href":"https:\/\/www.spirit-us.eu\/index.php\/wp-json\/wp\/v2\/product_tag?post=2001"},{"taxonomy":"mwb_booking_cost","embeddable":true,"href":"https:\/\/www.spirit-us.eu\/index.php\/wp-json\/wp\/v2\/mwb_booking_cost?post=2001"},{"taxonomy":"mwb_booking_service","embeddable":true,"href":"https:\/\/www.spirit-us.eu\/index.php\/wp-json\/wp\/v2\/mwb_booking_service?post=2001"}],"curies":[{"name":"wp","href":"https:\/\/api.w.org\/{rel}","templated":true}]}}