{"id":1972,"date":"2025-07-28T18:20:17","date_gmt":"2025-07-28T16:20:17","guid":{"rendered":"https:\/\/www.spirit-us.eu\/?post_type=product&#038;p=1972"},"modified":"2025-08-01T00:23:51","modified_gmt":"2025-07-31T22:23:51","slug":"acouphenes-alleger-la-pression","status":"publish","type":"product","link":"https:\/\/www.spirit-us.eu\/index.php\/produit\/acouphenes-alleger-la-pression\/","title":{"rendered":"ACOUPHENES &#8211; all\u00e9ger la pression"},"content":{"rendered":"<p><strong>Auteure<\/strong>\u00a0: Lola LACROIX<\/p>\n<p><strong>Sonorit\u00e9s <\/strong>: eau qui coule (rivi\u00e8re) et chants d&rsquo;oiseaux<\/p>\n<p><strong>Objectifs<\/strong> : favoriser le processus d&rsquo;all\u00e8gement de la souffrance blanche que causent les acouph\u00e8nes, ind\u00e9pendamment des causes &#8211; visualisation hypnotique<\/p>\n<p><strong>Dur\u00e9e de l\u2019audio mp3<\/strong> : 35 minutes<\/p>\n<p><strong>Montage<\/strong>\u00a0<strong>&amp; cr\u00e9ation<\/strong>\u00a0: Lola LACROIX<\/p>\n<p><strong>El\u00e9ments de ce soin<\/strong>\u00a0:<\/p>\n<ol>\n<li>l\u2019audio mp3 mont\u00e9 avec sonorit\u00e9s<\/li>\n<li>le livret au format pdf<\/li>\n<\/ol>\n<p>Certifi\u00e9 \u00ab\u00a0<strong>100% production humaine<\/strong> \u00bb : le texte, le montage, l&rsquo;enregistrement des sons.<\/p>\n<p>T\u00e9l\u00e9chargeable et accessible imm\u00e9diatement.<\/p>\n","protected":false},"excerpt":{"rendered":"<p style=\"text-align: justify;\">Audio de soin au format mp3 dont l&rsquo;objectif est d&rsquo;all\u00e9ger la <em>souffrance blanche<\/em> li\u00e9e aux acouph\u00e8nes. Les\u00a0 acouph\u00e8nes sont des bruits (sifflements, bourdonnements, gr\u00e9sillements, etc.) que l\u2019on entend dans une oreille (ou les deux) ou dans sa t\u00eate, sans qu&rsquo;ils aient \u00e9t\u00e9 \u00e9mis, semble-t-il, par une source du monde ext\u00e9rieur. Ces sympt\u00f4mes peuvent \u00eatre li\u00e9s \u00e0 un traumatisme acoustique ou psycho-\u00e9motionnel ou \u00e0 des ph\u00e9nom\u00e8nes agissant sur la pression atmosph\u00e9rique. Mais on regroupe aussi sous ce concept, des pressions internes, comme lorsqu\u2019on est en avion en descente.\u00a0 On bouge, on se prend la t\u00eate, on se touche les oreilles et cela ne passe pas.\u00a0 Ce bruit interne est d\u00e9structurant, rend impossible la possibilit\u00e9 de continuer \u00e0 se concentrer sur une t\u00e2che donn\u00e9e, lorsqu\u2019il s\u2019invite \u2013 s\u2019impose \u2013 et c\u2019est ce que j\u2019appelle une <i>douleur blanche<\/i>. On ne sait pas comment elle arrive, ni quand ; on ne sait pas non plus quand elle s\u2019arr\u00eatera.\u00a0 Pourquoi cela se produit-il ? Comment faire pour que cela cesse ? La m\u00e9decine semble peu capable d\u2019y rem\u00e9dier.\u00a0 Il y a des causes sur lesquelles on ne peut pas agir,\u00a0 nous tentons, dans ce soin, d\u2019att\u00e9nuer les effets; la sonoth\u00e9rapie est recommand\u00e9e pour y parvenir au mieux, mais d&rsquo;autres possibilit\u00e9s th\u00e9rapeutiques existent, qui vous sont expos\u00e9es dans le livret qui accompagne l&rsquo;audio de soin.<\/p>\n<p>&nbsp;<\/p>\n","protected":false},"featured_media":1974,"comment_status":"open","ping_status":"closed","template":"","meta":[],"product_brand":[],"product_cat":[155,17],"product_tag":[283],"mwb_booking_cost":[],"mwb_booking_service":[],"class_list":{"0":"post-1972","1":"product","2":"type-product","3":"status-publish","4":"has-post-thumbnail","6":"product_cat-02-soins-accueil","7":"product_cat-tous-les-produits","8":"product_tag-acouphenes","10":"first","11":"instock","12":"downloadable","13":"virtual","14":"purchasable","15":"product-type-simple"},"yoast_head":"<!-- This site is optimized with the Yoast SEO plugin v27.1.1 - https:\/\/yoast.com\/product\/yoast-seo-wordpress\/ -->\n<title>ACOUPHENES - all\u00e9ger la pression - Spirit-US<\/title>\n<meta name=\"robots\" content=\"index, follow, max-snippet:-1, max-image-preview:large, max-video-preview:-1\" \/>\n<link rel=\"canonical\" href=\"https:\/\/www.spirit-us.eu\/index.php\/produit\/acouphenes-alleger-la-pression\/\" \/>\n<meta property=\"og:locale\" content=\"fr_FR\" \/>\n<meta property=\"og:type\" content=\"article\" \/>\n<meta property=\"og:title\" content=\"ACOUPHENES - all\u00e9ger la pression - Spirit-US\" \/>\n<meta property=\"og:description\" content=\"Audio de soin au format mp3 dont l&#039;objectif est d&#039;all\u00e9ger la souffrance blanche li\u00e9e aux acouph\u00e8nes. Les\u00a0 acouph\u00e8nes sont des bruits (sifflements, bourdonnements, gr\u00e9sillements, etc.) que l\u2019on entend dans une oreille (ou les deux) ou dans sa t\u00eate, sans qu&#039;ils aient \u00e9t\u00e9 \u00e9mis, semble-t-il, par une source du monde ext\u00e9rieur. Ces sympt\u00f4mes peuvent \u00eatre li\u00e9s \u00e0 un traumatisme acoustique ou psycho-\u00e9motionnel ou \u00e0 des ph\u00e9nom\u00e8nes agissant sur la pression atmosph\u00e9rique. Mais on regroupe aussi sous ce concept, des pressions internes, comme lorsqu\u2019on est en avion en descente.\u00a0 On bouge, on se prend la t\u00eate, on se touche les oreilles et cela ne passe pas.\u00a0 Ce bruit interne est d\u00e9structurant, rend impossible la possibilit\u00e9 de continuer \u00e0 se concentrer sur une t\u00e2che donn\u00e9e, lorsqu\u2019il s\u2019invite \u2013 s\u2019impose \u2013 et c\u2019est ce que j\u2019appelle une douleur blanche. On ne sait pas comment elle arrive, ni quand ; on ne sait pas non plus quand elle s\u2019arr\u00eatera.\u00a0 Pourquoi cela se produit-il ? Comment faire pour que cela cesse ? La m\u00e9decine semble peu capable d\u2019y rem\u00e9dier.\u00a0 Il y a des causes sur lesquelles on ne peut pas agir,\u00a0 nous tentons, dans ce soin, d\u2019att\u00e9nuer les effets; la sonoth\u00e9rapie est recommand\u00e9e pour y parvenir au mieux, mais d&#039;autres possibilit\u00e9s th\u00e9rapeutiques existent, qui vous sont expos\u00e9es dans le livret qui accompagne l&#039;audio de soin. &nbsp;\" \/>\n<meta property=\"og:url\" content=\"https:\/\/www.spirit-us.eu\/index.php\/produit\/acouphenes-alleger-la-pression\/\" \/>\n<meta property=\"og:site_name\" content=\"Spirit-US\" \/>\n<meta property=\"article:publisher\" content=\"https:\/\/www.facebook.com\/spirit.us.deum\" \/>\n<meta property=\"article:modified_time\" content=\"2025-07-31T22:23:51+00:00\" \/>\n<meta property=\"og:image\" content=\"https:\/\/www.spirit-us.eu\/wp-content\/uploads\/2025\/07\/image-produit-pour-le-site.png\" \/>\n\t<meta property=\"og:image:width\" content=\"1080\" \/>\n\t<meta property=\"og:image:height\" content=\"1080\" \/>\n\t<meta property=\"og:image:type\" content=\"image\/png\" \/>\n<meta name=\"twitter:card\" content=\"summary_large_image\" \/>\n<script type=\"application\/ld+json\" class=\"yoast-schema-graph\">{\"@context\":\"https:\/\/schema.org\",\"@graph\":[{\"@type\":\"WebPage\",\"@id\":\"https:\/\/www.spirit-us.eu\/index.php\/produit\/acouphenes-alleger-la-pression\/\",\"url\":\"https:\/\/www.spirit-us.eu\/index.php\/produit\/acouphenes-alleger-la-pression\/\",\"name\":\"ACOUPHENES - all\u00e9ger la pression - Spirit-US\",\"isPartOf\":{\"@id\":\"https:\/\/www.spirit-us.eu\/#website\"},\"primaryImageOfPage\":{\"@id\":\"https:\/\/www.spirit-us.eu\/index.php\/produit\/acouphenes-alleger-la-pression\/#primaryimage\"},\"image\":{\"@id\":\"https:\/\/www.spirit-us.eu\/index.php\/produit\/acouphenes-alleger-la-pression\/#primaryimage\"},\"thumbnailUrl\":\"https:\/\/www.spirit-us.eu\/wp-content\/uploads\/2025\/07\/image-produit-pour-le-site.png\",\"datePublished\":\"2025-07-28T16:20:17+00:00\",\"dateModified\":\"2025-07-31T22:23:51+00:00\",\"breadcrumb\":{\"@id\":\"https:\/\/www.spirit-us.eu\/index.php\/produit\/acouphenes-alleger-la-pression\/#breadcrumb\"},\"inLanguage\":\"fr-FR\",\"potentialAction\":[{\"@type\":\"ReadAction\",\"target\":[\"https:\/\/www.spirit-us.eu\/index.php\/produit\/acouphenes-alleger-la-pression\/\"]}]},{\"@type\":\"ImageObject\",\"inLanguage\":\"fr-FR\",\"@id\":\"https:\/\/www.spirit-us.eu\/index.php\/produit\/acouphenes-alleger-la-pression\/#primaryimage\",\"url\":\"https:\/\/www.spirit-us.eu\/wp-content\/uploads\/2025\/07\/image-produit-pour-le-site.png\",\"contentUrl\":\"https:\/\/www.spirit-us.eu\/wp-content\/uploads\/2025\/07\/image-produit-pour-le-site.png\",\"width\":1080,\"height\":1080},{\"@type\":\"BreadcrumbList\",\"@id\":\"https:\/\/www.spirit-us.eu\/index.php\/produit\/acouphenes-alleger-la-pression\/#breadcrumb\",\"itemListElement\":[{\"@type\":\"ListItem\",\"position\":1,\"name\":\"Accueil\",\"item\":\"https:\/\/www.spirit-us.eu\/\"},{\"@type\":\"ListItem\",\"position\":2,\"name\":\"Boutique\",\"item\":\"https:\/\/www.spirit-us.eu\/index.php\/boutique\/\"},{\"@type\":\"ListItem\",\"position\":3,\"name\":\"ACOUPHENES &#8211; all\u00e9ger la pression\"}]},{\"@type\":\"WebSite\",\"@id\":\"https:\/\/www.spirit-us.eu\/#website\",\"url\":\"https:\/\/www.spirit-us.eu\/\",\"name\":\"Spirit-US\",\"description\":\"\",\"publisher\":{\"@id\":\"https:\/\/www.spirit-us.eu\/#organization\"},\"potentialAction\":[{\"@type\":\"SearchAction\",\"target\":{\"@type\":\"EntryPoint\",\"urlTemplate\":\"https:\/\/www.spirit-us.eu\/?s={search_term_string}\"},\"query-input\":{\"@type\":\"PropertyValueSpecification\",\"valueRequired\":true,\"valueName\":\"search_term_string\"}}],\"inLanguage\":\"fr-FR\"},{\"@type\":\"Organization\",\"@id\":\"https:\/\/www.spirit-us.eu\/#organization\",\"name\":\"Spirit-US\",\"url\":\"https:\/\/www.spirit-us.eu\/\",\"logo\":{\"@type\":\"ImageObject\",\"inLanguage\":\"fr-FR\",\"@id\":\"https:\/\/www.spirit-us.eu\/#\/schema\/logo\/image\/\",\"url\":\"https:\/\/www.spirit-us.eu\/wp-content\/uploads\/2025\/11\/logo-regarde-linterlocutrice-sans-arrriere-plan.jpg\",\"contentUrl\":\"https:\/\/www.spirit-us.eu\/wp-content\/uploads\/2025\/11\/logo-regarde-linterlocutrice-sans-arrriere-plan.jpg\",\"width\":1080,\"height\":1080,\"caption\":\"Spirit-US\"},\"image\":{\"@id\":\"https:\/\/www.spirit-us.eu\/#\/schema\/logo\/image\/\"},\"sameAs\":[\"https:\/\/www.facebook.com\/spirit.us.deum\"]}]}<\/script>\n<!-- \/ Yoast SEO plugin. -->","yoast_head_json":{"title":"ACOUPHENES - all\u00e9ger la pression - Spirit-US","robots":{"index":"index","follow":"follow","max-snippet":"max-snippet:-1","max-image-preview":"max-image-preview:large","max-video-preview":"max-video-preview:-1"},"canonical":"https:\/\/www.spirit-us.eu\/index.php\/produit\/acouphenes-alleger-la-pression\/","og_locale":"fr_FR","og_type":"article","og_title":"ACOUPHENES - all\u00e9ger la pression - Spirit-US","og_description":"Audio de soin au format mp3 dont l'objectif est d'all\u00e9ger la souffrance blanche li\u00e9e aux acouph\u00e8nes. Les\u00a0 acouph\u00e8nes sont des bruits (sifflements, bourdonnements, gr\u00e9sillements, etc.) que l\u2019on entend dans une oreille (ou les deux) ou dans sa t\u00eate, sans qu'ils aient \u00e9t\u00e9 \u00e9mis, semble-t-il, par une source du monde ext\u00e9rieur. Ces sympt\u00f4mes peuvent \u00eatre li\u00e9s \u00e0 un traumatisme acoustique ou psycho-\u00e9motionnel ou \u00e0 des ph\u00e9nom\u00e8nes agissant sur la pression atmosph\u00e9rique. Mais on regroupe aussi sous ce concept, des pressions internes, comme lorsqu\u2019on est en avion en descente.\u00a0 On bouge, on se prend la t\u00eate, on se touche les oreilles et cela ne passe pas.\u00a0 Ce bruit interne est d\u00e9structurant, rend impossible la possibilit\u00e9 de continuer \u00e0 se concentrer sur une t\u00e2che donn\u00e9e, lorsqu\u2019il s\u2019invite \u2013 s\u2019impose \u2013 et c\u2019est ce que j\u2019appelle une douleur blanche. On ne sait pas comment elle arrive, ni quand ; on ne sait pas non plus quand elle s\u2019arr\u00eatera.\u00a0 Pourquoi cela se produit-il ? Comment faire pour que cela cesse ? La m\u00e9decine semble peu capable d\u2019y rem\u00e9dier.\u00a0 Il y a des causes sur lesquelles on ne peut pas agir,\u00a0 nous tentons, dans ce soin, d\u2019att\u00e9nuer les effets; la sonoth\u00e9rapie est recommand\u00e9e pour y parvenir au mieux, mais d'autres possibilit\u00e9s th\u00e9rapeutiques existent, qui vous sont expos\u00e9es dans le livret qui accompagne l'audio de soin. &nbsp;","og_url":"https:\/\/www.spirit-us.eu\/index.php\/produit\/acouphenes-alleger-la-pression\/","og_site_name":"Spirit-US","article_publisher":"https:\/\/www.facebook.com\/spirit.us.deum","article_modified_time":"2025-07-31T22:23:51+00:00","og_image":[{"width":1080,"height":1080,"url":"https:\/\/www.spirit-us.eu\/wp-content\/uploads\/2025\/07\/image-produit-pour-le-site.png","type":"image\/png"}],"twitter_card":"summary_large_image","schema":{"@context":"https:\/\/schema.org","@graph":[{"@type":"WebPage","@id":"https:\/\/www.spirit-us.eu\/index.php\/produit\/acouphenes-alleger-la-pression\/","url":"https:\/\/www.spirit-us.eu\/index.php\/produit\/acouphenes-alleger-la-pression\/","name":"ACOUPHENES - all\u00e9ger la pression - Spirit-US","isPartOf":{"@id":"https:\/\/www.spirit-us.eu\/#website"},"primaryImageOfPage":{"@id":"https:\/\/www.spirit-us.eu\/index.php\/produit\/acouphenes-alleger-la-pression\/#primaryimage"},"image":{"@id":"https:\/\/www.spirit-us.eu\/index.php\/produit\/acouphenes-alleger-la-pression\/#primaryimage"},"thumbnailUrl":"https:\/\/www.spirit-us.eu\/wp-content\/uploads\/2025\/07\/image-produit-pour-le-site.png","datePublished":"2025-07-28T16:20:17+00:00","dateModified":"2025-07-31T22:23:51+00:00","breadcrumb":{"@id":"https:\/\/www.spirit-us.eu\/index.php\/produit\/acouphenes-alleger-la-pression\/#breadcrumb"},"inLanguage":"fr-FR","potentialAction":[{"@type":"ReadAction","target":["https:\/\/www.spirit-us.eu\/index.php\/produit\/acouphenes-alleger-la-pression\/"]}]},{"@type":"ImageObject","inLanguage":"fr-FR","@id":"https:\/\/www.spirit-us.eu\/index.php\/produit\/acouphenes-alleger-la-pression\/#primaryimage","url":"https:\/\/www.spirit-us.eu\/wp-content\/uploads\/2025\/07\/image-produit-pour-le-site.png","contentUrl":"https:\/\/www.spirit-us.eu\/wp-content\/uploads\/2025\/07\/image-produit-pour-le-site.png","width":1080,"height":1080},{"@type":"BreadcrumbList","@id":"https:\/\/www.spirit-us.eu\/index.php\/produit\/acouphenes-alleger-la-pression\/#breadcrumb","itemListElement":[{"@type":"ListItem","position":1,"name":"Accueil","item":"https:\/\/www.spirit-us.eu\/"},{"@type":"ListItem","position":2,"name":"Boutique","item":"https:\/\/www.spirit-us.eu\/index.php\/boutique\/"},{"@type":"ListItem","position":3,"name":"ACOUPHENES &#8211; all\u00e9ger la pression"}]},{"@type":"WebSite","@id":"https:\/\/www.spirit-us.eu\/#website","url":"https:\/\/www.spirit-us.eu\/","name":"Spirit-US","description":"","publisher":{"@id":"https:\/\/www.spirit-us.eu\/#organization"},"potentialAction":[{"@type":"SearchAction","target":{"@type":"EntryPoint","urlTemplate":"https:\/\/www.spirit-us.eu\/?s={search_term_string}"},"query-input":{"@type":"PropertyValueSpecification","valueRequired":true,"valueName":"search_term_string"}}],"inLanguage":"fr-FR"},{"@type":"Organization","@id":"https:\/\/www.spirit-us.eu\/#organization","name":"Spirit-US","url":"https:\/\/www.spirit-us.eu\/","logo":{"@type":"ImageObject","inLanguage":"fr-FR","@id":"https:\/\/www.spirit-us.eu\/#\/schema\/logo\/image\/","url":"https:\/\/www.spirit-us.eu\/wp-content\/uploads\/2025\/11\/logo-regarde-linterlocutrice-sans-arrriere-plan.jpg","contentUrl":"https:\/\/www.spirit-us.eu\/wp-content\/uploads\/2025\/11\/logo-regarde-linterlocutrice-sans-arrriere-plan.jpg","width":1080,"height":1080,"caption":"Spirit-US"},"image":{"@id":"https:\/\/www.spirit-us.eu\/#\/schema\/logo\/image\/"},"sameAs":["https:\/\/www.facebook.com\/spirit.us.deum"]}]}},"jetpack_sharing_enabled":true,"_links":{"self":[{"href":"https:\/\/www.spirit-us.eu\/index.php\/wp-json\/wp\/v2\/product\/1972","targetHints":{"allow":["GET"]}}],"collection":[{"href":"https:\/\/www.spirit-us.eu\/index.php\/wp-json\/wp\/v2\/product"}],"about":[{"href":"https:\/\/www.spirit-us.eu\/index.php\/wp-json\/wp\/v2\/types\/product"}],"replies":[{"embeddable":true,"href":"https:\/\/www.spirit-us.eu\/index.php\/wp-json\/wp\/v2\/comments?post=1972"}],"wp:featuredmedia":[{"embeddable":true,"href":"https:\/\/www.spirit-us.eu\/index.php\/wp-json\/wp\/v2\/media\/1974"}],"wp:attachment":[{"href":"https:\/\/www.spirit-us.eu\/index.php\/wp-json\/wp\/v2\/media?parent=1972"}],"wp:term":[{"taxonomy":"product_brand","embeddable":true,"href":"https:\/\/www.spirit-us.eu\/index.php\/wp-json\/wp\/v2\/product_brand?post=1972"},{"taxonomy":"product_cat","embeddable":true,"href":"https:\/\/www.spirit-us.eu\/index.php\/wp-json\/wp\/v2\/product_cat?post=1972"},{"taxonomy":"product_tag","embeddable":true,"href":"https:\/\/www.spirit-us.eu\/index.php\/wp-json\/wp\/v2\/product_tag?post=1972"},{"taxonomy":"mwb_booking_cost","embeddable":true,"href":"https:\/\/www.spirit-us.eu\/index.php\/wp-json\/wp\/v2\/mwb_booking_cost?post=1972"},{"taxonomy":"mwb_booking_service","embeddable":true,"href":"https:\/\/www.spirit-us.eu\/index.php\/wp-json\/wp\/v2\/mwb_booking_service?post=1972"}],"curies":[{"name":"wp","href":"https:\/\/api.w.org\/{rel}","templated":true}]}}