{"id":1968,"date":"2025-07-27T19:16:36","date_gmt":"2025-07-27T17:16:36","guid":{"rendered":"https:\/\/www.spirit-us.eu\/?post_type=product&#038;p=1968"},"modified":"2025-12-17T10:46:50","modified_gmt":"2025-12-17T09:46:50","slug":"bracelet-5-forces-pierre-de-lune-labradorite-amethyste-lepidolite","status":"publish","type":"product","link":"https:\/\/www.spirit-us.eu\/index.php\/produit\/bracelet-5-forces-pierre-de-lune-labradorite-amethyste-lepidolite\/","title":{"rendered":"BRACELET 5 FORCES &#8211; pierre de lune, labradorite, am\u00e9thyste &#038; l\u00e9pidolite"},"content":{"rendered":"<p style=\"text-align: justify;\"><strong>Nature des pierres<\/strong> <strong>naturelles<\/strong> :\u00a0 pierre de lune (h\u00e9catolite), aigue marine, labradorite, am\u00e9thyste &amp; l\u00e9pidolite (violet)<\/p>\n<p style=\"text-align: justify;\"><strong>Fa\u00e7on du bijou<\/strong> : pierres roul\u00e9es de fa\u00e7on artisanale \u2013 mont\u00e9es sur fil \u00e9lastique<\/p>\n<p style=\"text-align: justify;\"><strong>Couleurs<\/strong> : blanc translucide, bleut\u00e9 translucide, vert-bleu,\u00a0 mauve et violet<\/p>\n<p style=\"text-align: justify;\"><strong>Origine<\/strong> : diverses<\/p>\n<p style=\"text-align: justify;\"><strong>Dimensions du bijou<\/strong> : 23 \u00e0 24 cm (l\u00e9g\u00e8rement extensible)<\/p>\n<p style=\"text-align: justify;\"><strong>Dimension des perles<\/strong> :\u00a0 6 mm<\/p>\n<p style=\"text-align: justify;\">Les dimensions sont calcul\u00e9es pour le poignet d&rsquo;une femme. Chaque bracelet est con\u00e7u de fa\u00e7on artisanale et les dimensions et formes des perles peuvent varier l\u00e9g\u00e8rement.<\/p>\n","protected":false},"excerpt":{"rendered":"<p style=\"text-align: justify;\">Adorable bracelet en pierres naturelles color\u00e9es, en tons pastels, translucides, jouant bellement avec la lumi\u00e8re.\u00a0 Les pierres naturelles de couleurs douces apporteront un grand charme \u00e0 votre tenue.\u00a0 Elles vous ont aussi leurs vertus lithoth\u00e9rapeutiques.\u00a0 La pierre de lune ou h\u00e9catolite (du nom de la d\u00e9esse grecque de la lune H\u00e9cate) est blanche translucide, adoucit les \u00e9motions n\u00e9gatives, on l&rsquo;appelle aussi <em>la pierre des femmes<\/em>; elle correspond au chakra de l&rsquo;\u00e9toile de l&rsquo;\u00e2me. L&rsquo;aigue marine quant \u00e0 elle, aide \u00e0 consolider les relations amicales et amoureuses, et apporte la bonne humeur (lorsqu&rsquo;on est un peu d\u00e9prim\u00e9.e); la labradorite est associ\u00e9e \u00e0 la vitalit\u00e9, a des vertus \u00e9nergisantes, et correspond au chakra coronal. L&rsquo;am\u00e9thyste est la pierre de la purification et du 3<sup>\u00e8me<\/sup> \u0153il et la l\u00e9pidolite, enfin, correspond \u00e0 la s\u00e9r\u00e9nit\u00e9 et au calme int\u00e9rieur. \u00a0C&rsquo;est un tr\u00e8s joli cadeau \u00e0 offrir ou un cadeau \u00e0 s&rsquo;offrir en toute circonstance, juste pour sa beaut\u00e9 ou pour ses vertus puissantes.\u00a0 Vous pouvez le porter en synergie avec d&rsquo;autres bracelets, nous vous proposons quelques id\u00e9es dans la galerie de photos.<\/p>\n","protected":false},"featured_media":1969,"comment_status":"open","ping_status":"closed","template":"","meta":[],"product_brand":[],"product_cat":[156,460,17],"product_tag":[277,188],"mwb_booking_cost":[],"mwb_booking_service":[],"class_list":{"0":"post-1968","1":"product","2":"type-product","3":"status-publish","4":"has-post-thumbnail","6":"product_cat-04-bijoux","7":"product_cat-bracelets","8":"product_cat-tous-les-produits","9":"product_tag-chakra-sacre","10":"product_tag-chakras-collection","12":"first","13":"instock","14":"shipping-taxable","15":"purchasable","16":"product-type-simple"},"yoast_head":"<!-- This site is optimized with the Yoast SEO plugin v27.1.1 - https:\/\/yoast.com\/product\/yoast-seo-wordpress\/ -->\n<title>BRACELET 5 FORCES - pierre de lune, labradorite, am\u00e9thyste &amp; l\u00e9pidolite - Spirit-US<\/title>\n<meta name=\"robots\" content=\"index, follow, max-snippet:-1, max-image-preview:large, max-video-preview:-1\" \/>\n<link rel=\"canonical\" href=\"https:\/\/www.spirit-us.eu\/index.php\/produit\/bracelet-5-forces-pierre-de-lune-labradorite-amethyste-lepidolite\/\" \/>\n<meta property=\"og:locale\" content=\"fr_FR\" \/>\n<meta property=\"og:type\" content=\"article\" \/>\n<meta property=\"og:title\" content=\"BRACELET 5 FORCES - pierre de lune, labradorite, am\u00e9thyste &amp; l\u00e9pidolite - Spirit-US\" \/>\n<meta property=\"og:description\" content=\"Adorable bracelet en pierres naturelles color\u00e9es, en tons pastels, translucides, jouant bellement avec la lumi\u00e8re.\u00a0 Les pierres naturelles de couleurs douces apporteront un grand charme \u00e0 votre tenue.\u00a0 Elles vous ont aussi leurs vertus lithoth\u00e9rapeutiques.\u00a0 La pierre de lune ou h\u00e9catolite (du nom de la d\u00e9esse grecque de la lune H\u00e9cate) est blanche translucide, adoucit les \u00e9motions n\u00e9gatives, on l&#039;appelle aussi la pierre des femmes; elle correspond au chakra de l&#039;\u00e9toile de l&#039;\u00e2me. L&#039;aigue marine quant \u00e0 elle, aide \u00e0 consolider les relations amicales et amoureuses, et apporte la bonne humeur (lorsqu&#039;on est un peu d\u00e9prim\u00e9.e); la labradorite est associ\u00e9e \u00e0 la vitalit\u00e9, a des vertus \u00e9nergisantes, et correspond au chakra coronal. L&#039;am\u00e9thyste est la pierre de la purification et du 3\u00e8me \u0153il et la l\u00e9pidolite, enfin, correspond \u00e0 la s\u00e9r\u00e9nit\u00e9 et au calme int\u00e9rieur. \u00a0C&#039;est un tr\u00e8s joli cadeau \u00e0 offrir ou un cadeau \u00e0 s&#039;offrir en toute circonstance, juste pour sa beaut\u00e9 ou pour ses vertus puissantes.\u00a0 Vous pouvez le porter en synergie avec d&#039;autres bracelets, nous vous proposons quelques id\u00e9es dans la galerie de photos.\" \/>\n<meta property=\"og:url\" content=\"https:\/\/www.spirit-us.eu\/index.php\/produit\/bracelet-5-forces-pierre-de-lune-labradorite-amethyste-lepidolite\/\" \/>\n<meta property=\"og:site_name\" content=\"Spirit-US\" \/>\n<meta property=\"article:publisher\" content=\"https:\/\/www.facebook.com\/spirit.us.deum\" \/>\n<meta property=\"article:modified_time\" content=\"2025-12-17T09:46:50+00:00\" \/>\n<meta property=\"og:image\" content=\"https:\/\/www.spirit-us.eu\/wp-content\/uploads\/2025\/07\/5-pierres-image-produit.png\" \/>\n\t<meta property=\"og:image:width\" content=\"1080\" \/>\n\t<meta property=\"og:image:height\" content=\"1080\" \/>\n\t<meta property=\"og:image:type\" content=\"image\/png\" \/>\n<meta name=\"twitter:card\" content=\"summary_large_image\" \/>\n<script type=\"application\/ld+json\" class=\"yoast-schema-graph\">{\"@context\":\"https:\/\/schema.org\",\"@graph\":[{\"@type\":\"WebPage\",\"@id\":\"https:\/\/www.spirit-us.eu\/index.php\/produit\/bracelet-5-forces-pierre-de-lune-labradorite-amethyste-lepidolite\/\",\"url\":\"https:\/\/www.spirit-us.eu\/index.php\/produit\/bracelet-5-forces-pierre-de-lune-labradorite-amethyste-lepidolite\/\",\"name\":\"BRACELET 5 FORCES - pierre de lune, labradorite, am\u00e9thyste & l\u00e9pidolite - Spirit-US\",\"isPartOf\":{\"@id\":\"https:\/\/www.spirit-us.eu\/#website\"},\"primaryImageOfPage\":{\"@id\":\"https:\/\/www.spirit-us.eu\/index.php\/produit\/bracelet-5-forces-pierre-de-lune-labradorite-amethyste-lepidolite\/#primaryimage\"},\"image\":{\"@id\":\"https:\/\/www.spirit-us.eu\/index.php\/produit\/bracelet-5-forces-pierre-de-lune-labradorite-amethyste-lepidolite\/#primaryimage\"},\"thumbnailUrl\":\"https:\/\/www.spirit-us.eu\/wp-content\/uploads\/2025\/07\/5-pierres-image-produit.png\",\"datePublished\":\"2025-07-27T17:16:36+00:00\",\"dateModified\":\"2025-12-17T09:46:50+00:00\",\"breadcrumb\":{\"@id\":\"https:\/\/www.spirit-us.eu\/index.php\/produit\/bracelet-5-forces-pierre-de-lune-labradorite-amethyste-lepidolite\/#breadcrumb\"},\"inLanguage\":\"fr-FR\",\"potentialAction\":[{\"@type\":\"ReadAction\",\"target\":[\"https:\/\/www.spirit-us.eu\/index.php\/produit\/bracelet-5-forces-pierre-de-lune-labradorite-amethyste-lepidolite\/\"]}]},{\"@type\":\"ImageObject\",\"inLanguage\":\"fr-FR\",\"@id\":\"https:\/\/www.spirit-us.eu\/index.php\/produit\/bracelet-5-forces-pierre-de-lune-labradorite-amethyste-lepidolite\/#primaryimage\",\"url\":\"https:\/\/www.spirit-us.eu\/wp-content\/uploads\/2025\/07\/5-pierres-image-produit.png\",\"contentUrl\":\"https:\/\/www.spirit-us.eu\/wp-content\/uploads\/2025\/07\/5-pierres-image-produit.png\",\"width\":1080,\"height\":1080},{\"@type\":\"BreadcrumbList\",\"@id\":\"https:\/\/www.spirit-us.eu\/index.php\/produit\/bracelet-5-forces-pierre-de-lune-labradorite-amethyste-lepidolite\/#breadcrumb\",\"itemListElement\":[{\"@type\":\"ListItem\",\"position\":1,\"name\":\"Accueil\",\"item\":\"https:\/\/www.spirit-us.eu\/\"},{\"@type\":\"ListItem\",\"position\":2,\"name\":\"Boutique\",\"item\":\"https:\/\/www.spirit-us.eu\/index.php\/boutique\/\"},{\"@type\":\"ListItem\",\"position\":3,\"name\":\"BRACELET 5 FORCES &#8211; pierre de lune, labradorite, am\u00e9thyste &#038; l\u00e9pidolite\"}]},{\"@type\":\"WebSite\",\"@id\":\"https:\/\/www.spirit-us.eu\/#website\",\"url\":\"https:\/\/www.spirit-us.eu\/\",\"name\":\"Spirit-US\",\"description\":\"\",\"publisher\":{\"@id\":\"https:\/\/www.spirit-us.eu\/#organization\"},\"potentialAction\":[{\"@type\":\"SearchAction\",\"target\":{\"@type\":\"EntryPoint\",\"urlTemplate\":\"https:\/\/www.spirit-us.eu\/?s={search_term_string}\"},\"query-input\":{\"@type\":\"PropertyValueSpecification\",\"valueRequired\":true,\"valueName\":\"search_term_string\"}}],\"inLanguage\":\"fr-FR\"},{\"@type\":\"Organization\",\"@id\":\"https:\/\/www.spirit-us.eu\/#organization\",\"name\":\"Spirit-US\",\"url\":\"https:\/\/www.spirit-us.eu\/\",\"logo\":{\"@type\":\"ImageObject\",\"inLanguage\":\"fr-FR\",\"@id\":\"https:\/\/www.spirit-us.eu\/#\/schema\/logo\/image\/\",\"url\":\"https:\/\/www.spirit-us.eu\/wp-content\/uploads\/2025\/11\/logo-regarde-linterlocutrice-sans-arrriere-plan.jpg\",\"contentUrl\":\"https:\/\/www.spirit-us.eu\/wp-content\/uploads\/2025\/11\/logo-regarde-linterlocutrice-sans-arrriere-plan.jpg\",\"width\":1080,\"height\":1080,\"caption\":\"Spirit-US\"},\"image\":{\"@id\":\"https:\/\/www.spirit-us.eu\/#\/schema\/logo\/image\/\"},\"sameAs\":[\"https:\/\/www.facebook.com\/spirit.us.deum\"]}]}<\/script>\n<!-- \/ Yoast SEO plugin. -->","yoast_head_json":{"title":"BRACELET 5 FORCES - pierre de lune, labradorite, am\u00e9thyste & l\u00e9pidolite - Spirit-US","robots":{"index":"index","follow":"follow","max-snippet":"max-snippet:-1","max-image-preview":"max-image-preview:large","max-video-preview":"max-video-preview:-1"},"canonical":"https:\/\/www.spirit-us.eu\/index.php\/produit\/bracelet-5-forces-pierre-de-lune-labradorite-amethyste-lepidolite\/","og_locale":"fr_FR","og_type":"article","og_title":"BRACELET 5 FORCES - pierre de lune, labradorite, am\u00e9thyste & l\u00e9pidolite - Spirit-US","og_description":"Adorable bracelet en pierres naturelles color\u00e9es, en tons pastels, translucides, jouant bellement avec la lumi\u00e8re.\u00a0 Les pierres naturelles de couleurs douces apporteront un grand charme \u00e0 votre tenue.\u00a0 Elles vous ont aussi leurs vertus lithoth\u00e9rapeutiques.\u00a0 La pierre de lune ou h\u00e9catolite (du nom de la d\u00e9esse grecque de la lune H\u00e9cate) est blanche translucide, adoucit les \u00e9motions n\u00e9gatives, on l'appelle aussi la pierre des femmes; elle correspond au chakra de l'\u00e9toile de l'\u00e2me. L'aigue marine quant \u00e0 elle, aide \u00e0 consolider les relations amicales et amoureuses, et apporte la bonne humeur (lorsqu'on est un peu d\u00e9prim\u00e9.e); la labradorite est associ\u00e9e \u00e0 la vitalit\u00e9, a des vertus \u00e9nergisantes, et correspond au chakra coronal. L'am\u00e9thyste est la pierre de la purification et du 3\u00e8me \u0153il et la l\u00e9pidolite, enfin, correspond \u00e0 la s\u00e9r\u00e9nit\u00e9 et au calme int\u00e9rieur. \u00a0C'est un tr\u00e8s joli cadeau \u00e0 offrir ou un cadeau \u00e0 s'offrir en toute circonstance, juste pour sa beaut\u00e9 ou pour ses vertus puissantes.\u00a0 Vous pouvez le porter en synergie avec d'autres bracelets, nous vous proposons quelques id\u00e9es dans la galerie de photos.","og_url":"https:\/\/www.spirit-us.eu\/index.php\/produit\/bracelet-5-forces-pierre-de-lune-labradorite-amethyste-lepidolite\/","og_site_name":"Spirit-US","article_publisher":"https:\/\/www.facebook.com\/spirit.us.deum","article_modified_time":"2025-12-17T09:46:50+00:00","og_image":[{"width":1080,"height":1080,"url":"https:\/\/www.spirit-us.eu\/wp-content\/uploads\/2025\/07\/5-pierres-image-produit.png","type":"image\/png"}],"twitter_card":"summary_large_image","schema":{"@context":"https:\/\/schema.org","@graph":[{"@type":"WebPage","@id":"https:\/\/www.spirit-us.eu\/index.php\/produit\/bracelet-5-forces-pierre-de-lune-labradorite-amethyste-lepidolite\/","url":"https:\/\/www.spirit-us.eu\/index.php\/produit\/bracelet-5-forces-pierre-de-lune-labradorite-amethyste-lepidolite\/","name":"BRACELET 5 FORCES - pierre de lune, labradorite, am\u00e9thyste & l\u00e9pidolite - Spirit-US","isPartOf":{"@id":"https:\/\/www.spirit-us.eu\/#website"},"primaryImageOfPage":{"@id":"https:\/\/www.spirit-us.eu\/index.php\/produit\/bracelet-5-forces-pierre-de-lune-labradorite-amethyste-lepidolite\/#primaryimage"},"image":{"@id":"https:\/\/www.spirit-us.eu\/index.php\/produit\/bracelet-5-forces-pierre-de-lune-labradorite-amethyste-lepidolite\/#primaryimage"},"thumbnailUrl":"https:\/\/www.spirit-us.eu\/wp-content\/uploads\/2025\/07\/5-pierres-image-produit.png","datePublished":"2025-07-27T17:16:36+00:00","dateModified":"2025-12-17T09:46:50+00:00","breadcrumb":{"@id":"https:\/\/www.spirit-us.eu\/index.php\/produit\/bracelet-5-forces-pierre-de-lune-labradorite-amethyste-lepidolite\/#breadcrumb"},"inLanguage":"fr-FR","potentialAction":[{"@type":"ReadAction","target":["https:\/\/www.spirit-us.eu\/index.php\/produit\/bracelet-5-forces-pierre-de-lune-labradorite-amethyste-lepidolite\/"]}]},{"@type":"ImageObject","inLanguage":"fr-FR","@id":"https:\/\/www.spirit-us.eu\/index.php\/produit\/bracelet-5-forces-pierre-de-lune-labradorite-amethyste-lepidolite\/#primaryimage","url":"https:\/\/www.spirit-us.eu\/wp-content\/uploads\/2025\/07\/5-pierres-image-produit.png","contentUrl":"https:\/\/www.spirit-us.eu\/wp-content\/uploads\/2025\/07\/5-pierres-image-produit.png","width":1080,"height":1080},{"@type":"BreadcrumbList","@id":"https:\/\/www.spirit-us.eu\/index.php\/produit\/bracelet-5-forces-pierre-de-lune-labradorite-amethyste-lepidolite\/#breadcrumb","itemListElement":[{"@type":"ListItem","position":1,"name":"Accueil","item":"https:\/\/www.spirit-us.eu\/"},{"@type":"ListItem","position":2,"name":"Boutique","item":"https:\/\/www.spirit-us.eu\/index.php\/boutique\/"},{"@type":"ListItem","position":3,"name":"BRACELET 5 FORCES &#8211; pierre de lune, labradorite, am\u00e9thyste &#038; l\u00e9pidolite"}]},{"@type":"WebSite","@id":"https:\/\/www.spirit-us.eu\/#website","url":"https:\/\/www.spirit-us.eu\/","name":"Spirit-US","description":"","publisher":{"@id":"https:\/\/www.spirit-us.eu\/#organization"},"potentialAction":[{"@type":"SearchAction","target":{"@type":"EntryPoint","urlTemplate":"https:\/\/www.spirit-us.eu\/?s={search_term_string}"},"query-input":{"@type":"PropertyValueSpecification","valueRequired":true,"valueName":"search_term_string"}}],"inLanguage":"fr-FR"},{"@type":"Organization","@id":"https:\/\/www.spirit-us.eu\/#organization","name":"Spirit-US","url":"https:\/\/www.spirit-us.eu\/","logo":{"@type":"ImageObject","inLanguage":"fr-FR","@id":"https:\/\/www.spirit-us.eu\/#\/schema\/logo\/image\/","url":"https:\/\/www.spirit-us.eu\/wp-content\/uploads\/2025\/11\/logo-regarde-linterlocutrice-sans-arrriere-plan.jpg","contentUrl":"https:\/\/www.spirit-us.eu\/wp-content\/uploads\/2025\/11\/logo-regarde-linterlocutrice-sans-arrriere-plan.jpg","width":1080,"height":1080,"caption":"Spirit-US"},"image":{"@id":"https:\/\/www.spirit-us.eu\/#\/schema\/logo\/image\/"},"sameAs":["https:\/\/www.facebook.com\/spirit.us.deum"]}]}},"jetpack_sharing_enabled":true,"_links":{"self":[{"href":"https:\/\/www.spirit-us.eu\/index.php\/wp-json\/wp\/v2\/product\/1968","targetHints":{"allow":["GET"]}}],"collection":[{"href":"https:\/\/www.spirit-us.eu\/index.php\/wp-json\/wp\/v2\/product"}],"about":[{"href":"https:\/\/www.spirit-us.eu\/index.php\/wp-json\/wp\/v2\/types\/product"}],"replies":[{"embeddable":true,"href":"https:\/\/www.spirit-us.eu\/index.php\/wp-json\/wp\/v2\/comments?post=1968"}],"wp:featuredmedia":[{"embeddable":true,"href":"https:\/\/www.spirit-us.eu\/index.php\/wp-json\/wp\/v2\/media\/1969"}],"wp:attachment":[{"href":"https:\/\/www.spirit-us.eu\/index.php\/wp-json\/wp\/v2\/media?parent=1968"}],"wp:term":[{"taxonomy":"product_brand","embeddable":true,"href":"https:\/\/www.spirit-us.eu\/index.php\/wp-json\/wp\/v2\/product_brand?post=1968"},{"taxonomy":"product_cat","embeddable":true,"href":"https:\/\/www.spirit-us.eu\/index.php\/wp-json\/wp\/v2\/product_cat?post=1968"},{"taxonomy":"product_tag","embeddable":true,"href":"https:\/\/www.spirit-us.eu\/index.php\/wp-json\/wp\/v2\/product_tag?post=1968"},{"taxonomy":"mwb_booking_cost","embeddable":true,"href":"https:\/\/www.spirit-us.eu\/index.php\/wp-json\/wp\/v2\/mwb_booking_cost?post=1968"},{"taxonomy":"mwb_booking_service","embeddable":true,"href":"https:\/\/www.spirit-us.eu\/index.php\/wp-json\/wp\/v2\/mwb_booking_service?post=1968"}],"curies":[{"name":"wp","href":"https:\/\/api.w.org\/{rel}","templated":true}]}}