{"id":1964,"date":"2025-07-27T18:48:59","date_gmt":"2025-07-27T16:48:59","guid":{"rendered":"https:\/\/www.spirit-us.eu\/?post_type=product&#038;p=1964"},"modified":"2025-12-17T10:47:00","modified_gmt":"2025-12-17T09:47:00","slug":"bracelet-4-forces-pierre-de-soleil-quartz-rose-aigue-marine-lepidolite","status":"publish","type":"product","link":"https:\/\/www.spirit-us.eu\/index.php\/produit\/bracelet-4-forces-pierre-de-soleil-quartz-rose-aigue-marine-lepidolite\/","title":{"rendered":"BRACELET 4 FORCES &#8211; pierre de soleil, quartz rose, aigue marine &#038; l\u00e9pidolite"},"content":{"rendered":"<p style=\"text-align: justify;\"><strong>Nature des pierres<\/strong> <strong>naturelles<\/strong> :\u00a0 pierre de soleil (h\u00e9liolite), quartz rose, aigue marine, l\u00e9pidolite (violet)<\/p>\n<p style=\"text-align: justify;\"><strong>Fa\u00e7on du bijou<\/strong> : pierres roul\u00e9es de fa\u00e7on artisanale \u2013 mont\u00e9es sur fil \u00e9lastique<\/p>\n<p style=\"text-align: justify;\"><strong>Couleurs<\/strong> : orang\u00e9 (saumon), rose tendre, vert-bleu et violet<\/p>\n<p style=\"text-align: justify;\"><strong>Origine<\/strong> : diverses<\/p>\n<p style=\"text-align: justify;\"><strong>Dimensions du bijou<\/strong> : 23 \u00e0 24 cm (l\u00e9g\u00e8rement extensible)<\/p>\n<p style=\"text-align: justify;\"><strong>Dimension des perles<\/strong> :\u00a0 6 mm<\/p>\n<p style=\"text-align: justify;\">Les dimensions sont calcul\u00e9es pour le poignet d&rsquo;une femme. Chaque bracelet est con\u00e7u de fa\u00e7on artisanale et les dimensions et formes des perles peuvent varier l\u00e9g\u00e8rement.<\/p>\n","protected":false},"excerpt":{"rendered":"<p style=\"text-align: justify;\">Adorable bracelet en pierre de soleil, quartz rose, aigue marine et l\u00e9pidolite.\u00a0 Les pierres naturelles de couleurs douces et pastel apporteront un grand charme \u00e0 votre tenue.\u00a0 Elles vous apportent aussi leurs vertus lithoth\u00e9rapeutiques.\u00a0 La pierre de soleil, qui refl\u00e8te la lumi\u00e8re de fa\u00e7on tr\u00e8s esth\u00e9tique, a pour bienfaits de diffuser beaucoup de vitalit\u00e9, de bonne humeur, d&rsquo;optimisme, de faciliter l&rsquo;expression corporelle. Elle correspond au chakra sacr\u00e9. Le quartz rose est la pierre des \u00e9motions et de l&rsquo;amour.\u00a0 L&rsquo;aigue marine quant \u00e0 elle, aide \u00e0 consolider les relations amicales et amoureuses, et apporte la bonne humeur (lorsqu&rsquo;on est un peu d\u00e9prim\u00e9.e); enfin, la l\u00e9pidolite est associ\u00e9e \u00e0 la s\u00e9r\u00e9nit\u00e9 et au calme int\u00e9rieur. C&rsquo;est un tr\u00e8s joli cadeau \u00e0 offrir ou un cadeau \u00e0 s&rsquo;offrir en toute circonstancer, juste pour sa beaut\u00e9 ou pour ses vertus puissantes.\u00a0 Vous pouvez le porter en synergie avec d&rsquo;autres bracelets, nous vous proposons quelques id\u00e9es dans la galerie de photos.<\/p>\n","protected":false},"featured_media":1965,"comment_status":"open","ping_status":"closed","template":"","meta":[],"product_brand":[],"product_cat":[156,460,17],"product_tag":[277,188],"mwb_booking_cost":[],"mwb_booking_service":[],"class_list":{"0":"post-1964","1":"product","2":"type-product","3":"status-publish","4":"has-post-thumbnail","6":"product_cat-04-bijoux","7":"product_cat-bracelets","8":"product_cat-tous-les-produits","9":"product_tag-chakra-sacre","10":"product_tag-chakras-collection","12":"first","13":"instock","14":"shipping-taxable","15":"purchasable","16":"product-type-simple"},"yoast_head":"<!-- This site is optimized with the Yoast SEO plugin v27.1.1 - https:\/\/yoast.com\/product\/yoast-seo-wordpress\/ -->\n<title>BRACELET 4 FORCES - pierre de soleil, quartz rose, aigue marine &amp; l\u00e9pidolite - Spirit-US<\/title>\n<meta name=\"robots\" content=\"index, follow, max-snippet:-1, max-image-preview:large, max-video-preview:-1\" \/>\n<link rel=\"canonical\" href=\"https:\/\/www.spirit-us.eu\/index.php\/produit\/bracelet-4-forces-pierre-de-soleil-quartz-rose-aigue-marine-lepidolite\/\" \/>\n<meta property=\"og:locale\" content=\"fr_FR\" \/>\n<meta property=\"og:type\" content=\"article\" \/>\n<meta property=\"og:title\" content=\"BRACELET 4 FORCES - pierre de soleil, quartz rose, aigue marine &amp; l\u00e9pidolite - Spirit-US\" \/>\n<meta property=\"og:description\" content=\"Adorable bracelet en pierre de soleil, quartz rose, aigue marine et l\u00e9pidolite.\u00a0 Les pierres naturelles de couleurs douces et pastel apporteront un grand charme \u00e0 votre tenue.\u00a0 Elles vous apportent aussi leurs vertus lithoth\u00e9rapeutiques.\u00a0 La pierre de soleil, qui refl\u00e8te la lumi\u00e8re de fa\u00e7on tr\u00e8s esth\u00e9tique, a pour bienfaits de diffuser beaucoup de vitalit\u00e9, de bonne humeur, d&#039;optimisme, de faciliter l&#039;expression corporelle. Elle correspond au chakra sacr\u00e9. Le quartz rose est la pierre des \u00e9motions et de l&#039;amour.\u00a0 L&#039;aigue marine quant \u00e0 elle, aide \u00e0 consolider les relations amicales et amoureuses, et apporte la bonne humeur (lorsqu&#039;on est un peu d\u00e9prim\u00e9.e); enfin, la l\u00e9pidolite est associ\u00e9e \u00e0 la s\u00e9r\u00e9nit\u00e9 et au calme int\u00e9rieur. C&#039;est un tr\u00e8s joli cadeau \u00e0 offrir ou un cadeau \u00e0 s&#039;offrir en toute circonstancer, juste pour sa beaut\u00e9 ou pour ses vertus puissantes.\u00a0 Vous pouvez le porter en synergie avec d&#039;autres bracelets, nous vous proposons quelques id\u00e9es dans la galerie de photos.\" \/>\n<meta property=\"og:url\" content=\"https:\/\/www.spirit-us.eu\/index.php\/produit\/bracelet-4-forces-pierre-de-soleil-quartz-rose-aigue-marine-lepidolite\/\" \/>\n<meta property=\"og:site_name\" content=\"Spirit-US\" \/>\n<meta property=\"article:publisher\" content=\"https:\/\/www.facebook.com\/spirit.us.deum\" \/>\n<meta property=\"article:modified_time\" content=\"2025-12-17T09:47:00+00:00\" \/>\n<meta property=\"og:image\" content=\"https:\/\/www.spirit-us.eu\/wp-content\/uploads\/2025\/07\/lepodilite-quartz-matehsyte-et-pierre-soleil-aigue-marine-galerie-scaled.jpg\" \/>\n\t<meta property=\"og:image:width\" content=\"2560\" \/>\n\t<meta property=\"og:image:height\" content=\"2456\" \/>\n\t<meta property=\"og:image:type\" content=\"image\/jpeg\" \/>\n<meta name=\"twitter:card\" content=\"summary_large_image\" \/>\n<script type=\"application\/ld+json\" class=\"yoast-schema-graph\">{\"@context\":\"https:\/\/schema.org\",\"@graph\":[{\"@type\":\"WebPage\",\"@id\":\"https:\/\/www.spirit-us.eu\/index.php\/produit\/bracelet-4-forces-pierre-de-soleil-quartz-rose-aigue-marine-lepidolite\/\",\"url\":\"https:\/\/www.spirit-us.eu\/index.php\/produit\/bracelet-4-forces-pierre-de-soleil-quartz-rose-aigue-marine-lepidolite\/\",\"name\":\"BRACELET 4 FORCES - pierre de soleil, quartz rose, aigue marine & l\u00e9pidolite - Spirit-US\",\"isPartOf\":{\"@id\":\"https:\/\/www.spirit-us.eu\/#website\"},\"primaryImageOfPage\":{\"@id\":\"https:\/\/www.spirit-us.eu\/index.php\/produit\/bracelet-4-forces-pierre-de-soleil-quartz-rose-aigue-marine-lepidolite\/#primaryimage\"},\"image\":{\"@id\":\"https:\/\/www.spirit-us.eu\/index.php\/produit\/bracelet-4-forces-pierre-de-soleil-quartz-rose-aigue-marine-lepidolite\/#primaryimage\"},\"thumbnailUrl\":\"https:\/\/www.spirit-us.eu\/wp-content\/uploads\/2025\/07\/lepodilite-quartz-matehsyte-et-pierre-soleil-aigue-marine-galerie-scaled.jpg\",\"datePublished\":\"2025-07-27T16:48:59+00:00\",\"dateModified\":\"2025-12-17T09:47:00+00:00\",\"breadcrumb\":{\"@id\":\"https:\/\/www.spirit-us.eu\/index.php\/produit\/bracelet-4-forces-pierre-de-soleil-quartz-rose-aigue-marine-lepidolite\/#breadcrumb\"},\"inLanguage\":\"fr-FR\",\"potentialAction\":[{\"@type\":\"ReadAction\",\"target\":[\"https:\/\/www.spirit-us.eu\/index.php\/produit\/bracelet-4-forces-pierre-de-soleil-quartz-rose-aigue-marine-lepidolite\/\"]}]},{\"@type\":\"ImageObject\",\"inLanguage\":\"fr-FR\",\"@id\":\"https:\/\/www.spirit-us.eu\/index.php\/produit\/bracelet-4-forces-pierre-de-soleil-quartz-rose-aigue-marine-lepidolite\/#primaryimage\",\"url\":\"https:\/\/www.spirit-us.eu\/wp-content\/uploads\/2025\/07\/lepodilite-quartz-matehsyte-et-pierre-soleil-aigue-marine-galerie-scaled.jpg\",\"contentUrl\":\"https:\/\/www.spirit-us.eu\/wp-content\/uploads\/2025\/07\/lepodilite-quartz-matehsyte-et-pierre-soleil-aigue-marine-galerie-scaled.jpg\",\"width\":2560,\"height\":2456},{\"@type\":\"BreadcrumbList\",\"@id\":\"https:\/\/www.spirit-us.eu\/index.php\/produit\/bracelet-4-forces-pierre-de-soleil-quartz-rose-aigue-marine-lepidolite\/#breadcrumb\",\"itemListElement\":[{\"@type\":\"ListItem\",\"position\":1,\"name\":\"Accueil\",\"item\":\"https:\/\/www.spirit-us.eu\/\"},{\"@type\":\"ListItem\",\"position\":2,\"name\":\"Boutique\",\"item\":\"https:\/\/www.spirit-us.eu\/index.php\/boutique\/\"},{\"@type\":\"ListItem\",\"position\":3,\"name\":\"BRACELET 4 FORCES &#8211; pierre de soleil, quartz rose, aigue marine &#038; l\u00e9pidolite\"}]},{\"@type\":\"WebSite\",\"@id\":\"https:\/\/www.spirit-us.eu\/#website\",\"url\":\"https:\/\/www.spirit-us.eu\/\",\"name\":\"Spirit-US\",\"description\":\"\",\"publisher\":{\"@id\":\"https:\/\/www.spirit-us.eu\/#organization\"},\"potentialAction\":[{\"@type\":\"SearchAction\",\"target\":{\"@type\":\"EntryPoint\",\"urlTemplate\":\"https:\/\/www.spirit-us.eu\/?s={search_term_string}\"},\"query-input\":{\"@type\":\"PropertyValueSpecification\",\"valueRequired\":true,\"valueName\":\"search_term_string\"}}],\"inLanguage\":\"fr-FR\"},{\"@type\":\"Organization\",\"@id\":\"https:\/\/www.spirit-us.eu\/#organization\",\"name\":\"Spirit-US\",\"url\":\"https:\/\/www.spirit-us.eu\/\",\"logo\":{\"@type\":\"ImageObject\",\"inLanguage\":\"fr-FR\",\"@id\":\"https:\/\/www.spirit-us.eu\/#\/schema\/logo\/image\/\",\"url\":\"https:\/\/www.spirit-us.eu\/wp-content\/uploads\/2025\/11\/logo-regarde-linterlocutrice-sans-arrriere-plan.jpg\",\"contentUrl\":\"https:\/\/www.spirit-us.eu\/wp-content\/uploads\/2025\/11\/logo-regarde-linterlocutrice-sans-arrriere-plan.jpg\",\"width\":1080,\"height\":1080,\"caption\":\"Spirit-US\"},\"image\":{\"@id\":\"https:\/\/www.spirit-us.eu\/#\/schema\/logo\/image\/\"},\"sameAs\":[\"https:\/\/www.facebook.com\/spirit.us.deum\"]}]}<\/script>\n<!-- \/ Yoast SEO plugin. -->","yoast_head_json":{"title":"BRACELET 4 FORCES - pierre de soleil, quartz rose, aigue marine & l\u00e9pidolite - Spirit-US","robots":{"index":"index","follow":"follow","max-snippet":"max-snippet:-1","max-image-preview":"max-image-preview:large","max-video-preview":"max-video-preview:-1"},"canonical":"https:\/\/www.spirit-us.eu\/index.php\/produit\/bracelet-4-forces-pierre-de-soleil-quartz-rose-aigue-marine-lepidolite\/","og_locale":"fr_FR","og_type":"article","og_title":"BRACELET 4 FORCES - pierre de soleil, quartz rose, aigue marine & l\u00e9pidolite - Spirit-US","og_description":"Adorable bracelet en pierre de soleil, quartz rose, aigue marine et l\u00e9pidolite.\u00a0 Les pierres naturelles de couleurs douces et pastel apporteront un grand charme \u00e0 votre tenue.\u00a0 Elles vous apportent aussi leurs vertus lithoth\u00e9rapeutiques.\u00a0 La pierre de soleil, qui refl\u00e8te la lumi\u00e8re de fa\u00e7on tr\u00e8s esth\u00e9tique, a pour bienfaits de diffuser beaucoup de vitalit\u00e9, de bonne humeur, d'optimisme, de faciliter l'expression corporelle. Elle correspond au chakra sacr\u00e9. Le quartz rose est la pierre des \u00e9motions et de l'amour.\u00a0 L'aigue marine quant \u00e0 elle, aide \u00e0 consolider les relations amicales et amoureuses, et apporte la bonne humeur (lorsqu'on est un peu d\u00e9prim\u00e9.e); enfin, la l\u00e9pidolite est associ\u00e9e \u00e0 la s\u00e9r\u00e9nit\u00e9 et au calme int\u00e9rieur. C'est un tr\u00e8s joli cadeau \u00e0 offrir ou un cadeau \u00e0 s'offrir en toute circonstancer, juste pour sa beaut\u00e9 ou pour ses vertus puissantes.\u00a0 Vous pouvez le porter en synergie avec d'autres bracelets, nous vous proposons quelques id\u00e9es dans la galerie de photos.","og_url":"https:\/\/www.spirit-us.eu\/index.php\/produit\/bracelet-4-forces-pierre-de-soleil-quartz-rose-aigue-marine-lepidolite\/","og_site_name":"Spirit-US","article_publisher":"https:\/\/www.facebook.com\/spirit.us.deum","article_modified_time":"2025-12-17T09:47:00+00:00","og_image":[{"width":2560,"height":2456,"url":"https:\/\/www.spirit-us.eu\/wp-content\/uploads\/2025\/07\/lepodilite-quartz-matehsyte-et-pierre-soleil-aigue-marine-galerie-scaled.jpg","type":"image\/jpeg"}],"twitter_card":"summary_large_image","schema":{"@context":"https:\/\/schema.org","@graph":[{"@type":"WebPage","@id":"https:\/\/www.spirit-us.eu\/index.php\/produit\/bracelet-4-forces-pierre-de-soleil-quartz-rose-aigue-marine-lepidolite\/","url":"https:\/\/www.spirit-us.eu\/index.php\/produit\/bracelet-4-forces-pierre-de-soleil-quartz-rose-aigue-marine-lepidolite\/","name":"BRACELET 4 FORCES - pierre de soleil, quartz rose, aigue marine & l\u00e9pidolite - Spirit-US","isPartOf":{"@id":"https:\/\/www.spirit-us.eu\/#website"},"primaryImageOfPage":{"@id":"https:\/\/www.spirit-us.eu\/index.php\/produit\/bracelet-4-forces-pierre-de-soleil-quartz-rose-aigue-marine-lepidolite\/#primaryimage"},"image":{"@id":"https:\/\/www.spirit-us.eu\/index.php\/produit\/bracelet-4-forces-pierre-de-soleil-quartz-rose-aigue-marine-lepidolite\/#primaryimage"},"thumbnailUrl":"https:\/\/www.spirit-us.eu\/wp-content\/uploads\/2025\/07\/lepodilite-quartz-matehsyte-et-pierre-soleil-aigue-marine-galerie-scaled.jpg","datePublished":"2025-07-27T16:48:59+00:00","dateModified":"2025-12-17T09:47:00+00:00","breadcrumb":{"@id":"https:\/\/www.spirit-us.eu\/index.php\/produit\/bracelet-4-forces-pierre-de-soleil-quartz-rose-aigue-marine-lepidolite\/#breadcrumb"},"inLanguage":"fr-FR","potentialAction":[{"@type":"ReadAction","target":["https:\/\/www.spirit-us.eu\/index.php\/produit\/bracelet-4-forces-pierre-de-soleil-quartz-rose-aigue-marine-lepidolite\/"]}]},{"@type":"ImageObject","inLanguage":"fr-FR","@id":"https:\/\/www.spirit-us.eu\/index.php\/produit\/bracelet-4-forces-pierre-de-soleil-quartz-rose-aigue-marine-lepidolite\/#primaryimage","url":"https:\/\/www.spirit-us.eu\/wp-content\/uploads\/2025\/07\/lepodilite-quartz-matehsyte-et-pierre-soleil-aigue-marine-galerie-scaled.jpg","contentUrl":"https:\/\/www.spirit-us.eu\/wp-content\/uploads\/2025\/07\/lepodilite-quartz-matehsyte-et-pierre-soleil-aigue-marine-galerie-scaled.jpg","width":2560,"height":2456},{"@type":"BreadcrumbList","@id":"https:\/\/www.spirit-us.eu\/index.php\/produit\/bracelet-4-forces-pierre-de-soleil-quartz-rose-aigue-marine-lepidolite\/#breadcrumb","itemListElement":[{"@type":"ListItem","position":1,"name":"Accueil","item":"https:\/\/www.spirit-us.eu\/"},{"@type":"ListItem","position":2,"name":"Boutique","item":"https:\/\/www.spirit-us.eu\/index.php\/boutique\/"},{"@type":"ListItem","position":3,"name":"BRACELET 4 FORCES &#8211; pierre de soleil, quartz rose, aigue marine &#038; l\u00e9pidolite"}]},{"@type":"WebSite","@id":"https:\/\/www.spirit-us.eu\/#website","url":"https:\/\/www.spirit-us.eu\/","name":"Spirit-US","description":"","publisher":{"@id":"https:\/\/www.spirit-us.eu\/#organization"},"potentialAction":[{"@type":"SearchAction","target":{"@type":"EntryPoint","urlTemplate":"https:\/\/www.spirit-us.eu\/?s={search_term_string}"},"query-input":{"@type":"PropertyValueSpecification","valueRequired":true,"valueName":"search_term_string"}}],"inLanguage":"fr-FR"},{"@type":"Organization","@id":"https:\/\/www.spirit-us.eu\/#organization","name":"Spirit-US","url":"https:\/\/www.spirit-us.eu\/","logo":{"@type":"ImageObject","inLanguage":"fr-FR","@id":"https:\/\/www.spirit-us.eu\/#\/schema\/logo\/image\/","url":"https:\/\/www.spirit-us.eu\/wp-content\/uploads\/2025\/11\/logo-regarde-linterlocutrice-sans-arrriere-plan.jpg","contentUrl":"https:\/\/www.spirit-us.eu\/wp-content\/uploads\/2025\/11\/logo-regarde-linterlocutrice-sans-arrriere-plan.jpg","width":1080,"height":1080,"caption":"Spirit-US"},"image":{"@id":"https:\/\/www.spirit-us.eu\/#\/schema\/logo\/image\/"},"sameAs":["https:\/\/www.facebook.com\/spirit.us.deum"]}]}},"jetpack_sharing_enabled":true,"_links":{"self":[{"href":"https:\/\/www.spirit-us.eu\/index.php\/wp-json\/wp\/v2\/product\/1964","targetHints":{"allow":["GET"]}}],"collection":[{"href":"https:\/\/www.spirit-us.eu\/index.php\/wp-json\/wp\/v2\/product"}],"about":[{"href":"https:\/\/www.spirit-us.eu\/index.php\/wp-json\/wp\/v2\/types\/product"}],"replies":[{"embeddable":true,"href":"https:\/\/www.spirit-us.eu\/index.php\/wp-json\/wp\/v2\/comments?post=1964"}],"wp:featuredmedia":[{"embeddable":true,"href":"https:\/\/www.spirit-us.eu\/index.php\/wp-json\/wp\/v2\/media\/1965"}],"wp:attachment":[{"href":"https:\/\/www.spirit-us.eu\/index.php\/wp-json\/wp\/v2\/media?parent=1964"}],"wp:term":[{"taxonomy":"product_brand","embeddable":true,"href":"https:\/\/www.spirit-us.eu\/index.php\/wp-json\/wp\/v2\/product_brand?post=1964"},{"taxonomy":"product_cat","embeddable":true,"href":"https:\/\/www.spirit-us.eu\/index.php\/wp-json\/wp\/v2\/product_cat?post=1964"},{"taxonomy":"product_tag","embeddable":true,"href":"https:\/\/www.spirit-us.eu\/index.php\/wp-json\/wp\/v2\/product_tag?post=1964"},{"taxonomy":"mwb_booking_cost","embeddable":true,"href":"https:\/\/www.spirit-us.eu\/index.php\/wp-json\/wp\/v2\/mwb_booking_cost?post=1964"},{"taxonomy":"mwb_booking_service","embeddable":true,"href":"https:\/\/www.spirit-us.eu\/index.php\/wp-json\/wp\/v2\/mwb_booking_service?post=1964"}],"curies":[{"name":"wp","href":"https:\/\/api.w.org\/{rel}","templated":true}]}}