{"id":1956,"date":"2025-07-27T14:43:43","date_gmt":"2025-07-27T12:43:43","guid":{"rendered":"https:\/\/www.spirit-us.eu\/?post_type=product&#038;p=1956"},"modified":"2025-07-27T14:53:16","modified_gmt":"2025-07-27T12:53:16","slug":"tableau-financier-quotidien","status":"publish","type":"product","link":"https:\/\/www.spirit-us.eu\/index.php\/produit\/tableau-financier-quotidien\/","title":{"rendered":"Tableau financier quotidien"},"content":{"rendered":"","protected":false},"excerpt":{"rendered":"<p style=\"text-align: justify;\">T\u00e9l\u00e9chargez ici les trois tableaux de gestion personnelle de votre \u00e9nergie financi\u00e8re.\u00a0 Qu&rsquo;elle soit dans la Lumi\u00e8re, la Protection et les B\u00e9n\u00e9dictions. Ces tableaux constituent le compl\u00e9ment naturel de notre publication : Manuel d&rsquo;\u00e9ducation financi\u00e8re \u00e0 l&rsquo;usage de ma fille (2025).\u00a0 L&rsquo;image produit comporte un petit hiatus, puisque c&rsquo;est un petit gar\u00e7on qui s&rsquo;y trouve repr\u00e9sent\u00e9, pour une raison simple : lorsque j&rsquo;ai recherch\u00e9 une image avec une petite fille et les mots-*clef : gestion, finances.\u00a0 Je n&rsquo;ai trouv\u00e9 que des images de petites filles avec un petit cochon rose.\u00a0 Or sachant que le livre tord le cou \u00e0 la\u00a0<em>taxe rose, <\/em>je n&rsquo;ai pas voulu utiliser ces images (ni me prendre la t\u00eate \u00e0 en fabriquer une).\u00a0 Cette image porte l&rsquo;avantage de montrer que m\u00eame un enfant en \u00e2ge de calculer, peut apprendre \u00e0 g\u00e9rer les finances quotidiennes et aider sa maman \u00e0 tenir ses comptes et objectifs de main de Ma\u00eetre.<\/p>\n","protected":false},"featured_media":1960,"comment_status":"open","ping_status":"closed","template":"","meta":[],"product_brand":[],"product_cat":[17],"product_tag":[],"mwb_booking_cost":[],"mwb_booking_service":[],"class_list":{"0":"post-1956","1":"product","2":"type-product","3":"status-publish","4":"has-post-thumbnail","6":"product_cat-tous-les-produits","8":"first","9":"instock","10":"downloadable","11":"virtual","12":"purchasable","13":"product-type-simple"},"yoast_head":"<!-- This site is optimized with the Yoast SEO plugin v27.1.1 - https:\/\/yoast.com\/product\/yoast-seo-wordpress\/ -->\n<title>Tableau financier quotidien - Spirit-US<\/title>\n<meta name=\"robots\" content=\"index, follow, max-snippet:-1, max-image-preview:large, max-video-preview:-1\" \/>\n<link rel=\"canonical\" href=\"https:\/\/www.spirit-us.eu\/index.php\/produit\/tableau-financier-quotidien\/\" \/>\n<meta property=\"og:locale\" content=\"fr_FR\" \/>\n<meta property=\"og:type\" content=\"article\" \/>\n<meta property=\"og:title\" content=\"Tableau financier quotidien - Spirit-US\" \/>\n<meta property=\"og:description\" content=\"T\u00e9l\u00e9chargez ici les trois tableaux de gestion personnelle de votre \u00e9nergie financi\u00e8re.\u00a0 Qu&#039;elle soit dans la Lumi\u00e8re, la Protection et les B\u00e9n\u00e9dictions. Ces tableaux constituent le compl\u00e9ment naturel de notre publication : Manuel d&#039;\u00e9ducation financi\u00e8re \u00e0 l&#039;usage de ma fille (2025).\u00a0 L&#039;image produit comporte un petit hiatus, puisque c&#039;est un petit gar\u00e7on qui s&#039;y trouve repr\u00e9sent\u00e9, pour une raison simple : lorsque j&#039;ai recherch\u00e9 une image avec une petite fille et les mots-*clef : gestion, finances.\u00a0 Je n&#039;ai trouv\u00e9 que des images de petites filles avec un petit cochon rose.\u00a0 Or sachant que le livre tord le cou \u00e0 la\u00a0taxe rose, je n&#039;ai pas voulu utiliser ces images (ni me prendre la t\u00eate \u00e0 en fabriquer une).\u00a0 Cette image porte l&#039;avantage de montrer que m\u00eame un enfant en \u00e2ge de calculer, peut apprendre \u00e0 g\u00e9rer les finances quotidiennes et aider sa maman \u00e0 tenir ses comptes et objectifs de main de Ma\u00eetre.\" \/>\n<meta property=\"og:url\" content=\"https:\/\/www.spirit-us.eu\/index.php\/produit\/tableau-financier-quotidien\/\" \/>\n<meta property=\"og:site_name\" content=\"Spirit-US\" \/>\n<meta property=\"article:publisher\" content=\"https:\/\/www.facebook.com\/spirit.us.deum\" \/>\n<meta property=\"article:modified_time\" content=\"2025-07-27T12:53:16+00:00\" \/>\n<meta property=\"og:image\" content=\"https:\/\/www.spirit-us.eu\/wp-content\/uploads\/2025\/07\/image-produit-gestion-quotidienne-des-finances.png\" \/>\n\t<meta property=\"og:image:width\" content=\"1080\" \/>\n\t<meta property=\"og:image:height\" content=\"1080\" \/>\n\t<meta property=\"og:image:type\" content=\"image\/png\" \/>\n<meta name=\"twitter:card\" content=\"summary_large_image\" \/>\n<script type=\"application\/ld+json\" class=\"yoast-schema-graph\">{\"@context\":\"https:\/\/schema.org\",\"@graph\":[{\"@type\":\"WebPage\",\"@id\":\"https:\/\/www.spirit-us.eu\/index.php\/produit\/tableau-financier-quotidien\/\",\"url\":\"https:\/\/www.spirit-us.eu\/index.php\/produit\/tableau-financier-quotidien\/\",\"name\":\"Tableau financier quotidien - Spirit-US\",\"isPartOf\":{\"@id\":\"https:\/\/www.spirit-us.eu\/#website\"},\"primaryImageOfPage\":{\"@id\":\"https:\/\/www.spirit-us.eu\/index.php\/produit\/tableau-financier-quotidien\/#primaryimage\"},\"image\":{\"@id\":\"https:\/\/www.spirit-us.eu\/index.php\/produit\/tableau-financier-quotidien\/#primaryimage\"},\"thumbnailUrl\":\"https:\/\/www.spirit-us.eu\/wp-content\/uploads\/2025\/07\/image-produit-gestion-quotidienne-des-finances.png\",\"datePublished\":\"2025-07-27T12:43:43+00:00\",\"dateModified\":\"2025-07-27T12:53:16+00:00\",\"breadcrumb\":{\"@id\":\"https:\/\/www.spirit-us.eu\/index.php\/produit\/tableau-financier-quotidien\/#breadcrumb\"},\"inLanguage\":\"fr-FR\",\"potentialAction\":[{\"@type\":\"ReadAction\",\"target\":[\"https:\/\/www.spirit-us.eu\/index.php\/produit\/tableau-financier-quotidien\/\"]}]},{\"@type\":\"ImageObject\",\"inLanguage\":\"fr-FR\",\"@id\":\"https:\/\/www.spirit-us.eu\/index.php\/produit\/tableau-financier-quotidien\/#primaryimage\",\"url\":\"https:\/\/www.spirit-us.eu\/wp-content\/uploads\/2025\/07\/image-produit-gestion-quotidienne-des-finances.png\",\"contentUrl\":\"https:\/\/www.spirit-us.eu\/wp-content\/uploads\/2025\/07\/image-produit-gestion-quotidienne-des-finances.png\",\"width\":1080,\"height\":1080},{\"@type\":\"BreadcrumbList\",\"@id\":\"https:\/\/www.spirit-us.eu\/index.php\/produit\/tableau-financier-quotidien\/#breadcrumb\",\"itemListElement\":[{\"@type\":\"ListItem\",\"position\":1,\"name\":\"Accueil\",\"item\":\"https:\/\/www.spirit-us.eu\/\"},{\"@type\":\"ListItem\",\"position\":2,\"name\":\"Boutique\",\"item\":\"https:\/\/www.spirit-us.eu\/index.php\/boutique\/\"},{\"@type\":\"ListItem\",\"position\":3,\"name\":\"Tableau financier quotidien\"}]},{\"@type\":\"WebSite\",\"@id\":\"https:\/\/www.spirit-us.eu\/#website\",\"url\":\"https:\/\/www.spirit-us.eu\/\",\"name\":\"Spirit-US\",\"description\":\"\",\"publisher\":{\"@id\":\"https:\/\/www.spirit-us.eu\/#organization\"},\"potentialAction\":[{\"@type\":\"SearchAction\",\"target\":{\"@type\":\"EntryPoint\",\"urlTemplate\":\"https:\/\/www.spirit-us.eu\/?s={search_term_string}\"},\"query-input\":{\"@type\":\"PropertyValueSpecification\",\"valueRequired\":true,\"valueName\":\"search_term_string\"}}],\"inLanguage\":\"fr-FR\"},{\"@type\":\"Organization\",\"@id\":\"https:\/\/www.spirit-us.eu\/#organization\",\"name\":\"Spirit-US\",\"url\":\"https:\/\/www.spirit-us.eu\/\",\"logo\":{\"@type\":\"ImageObject\",\"inLanguage\":\"fr-FR\",\"@id\":\"https:\/\/www.spirit-us.eu\/#\/schema\/logo\/image\/\",\"url\":\"https:\/\/www.spirit-us.eu\/wp-content\/uploads\/2025\/11\/logo-regarde-linterlocutrice-sans-arrriere-plan.jpg\",\"contentUrl\":\"https:\/\/www.spirit-us.eu\/wp-content\/uploads\/2025\/11\/logo-regarde-linterlocutrice-sans-arrriere-plan.jpg\",\"width\":1080,\"height\":1080,\"caption\":\"Spirit-US\"},\"image\":{\"@id\":\"https:\/\/www.spirit-us.eu\/#\/schema\/logo\/image\/\"},\"sameAs\":[\"https:\/\/www.facebook.com\/spirit.us.deum\"]}]}<\/script>\n<!-- \/ Yoast SEO plugin. -->","yoast_head_json":{"title":"Tableau financier quotidien - Spirit-US","robots":{"index":"index","follow":"follow","max-snippet":"max-snippet:-1","max-image-preview":"max-image-preview:large","max-video-preview":"max-video-preview:-1"},"canonical":"https:\/\/www.spirit-us.eu\/index.php\/produit\/tableau-financier-quotidien\/","og_locale":"fr_FR","og_type":"article","og_title":"Tableau financier quotidien - Spirit-US","og_description":"T\u00e9l\u00e9chargez ici les trois tableaux de gestion personnelle de votre \u00e9nergie financi\u00e8re.\u00a0 Qu'elle soit dans la Lumi\u00e8re, la Protection et les B\u00e9n\u00e9dictions. Ces tableaux constituent le compl\u00e9ment naturel de notre publication : Manuel d'\u00e9ducation financi\u00e8re \u00e0 l'usage de ma fille (2025).\u00a0 L'image produit comporte un petit hiatus, puisque c'est un petit gar\u00e7on qui s'y trouve repr\u00e9sent\u00e9, pour une raison simple : lorsque j'ai recherch\u00e9 une image avec une petite fille et les mots-*clef : gestion, finances.\u00a0 Je n'ai trouv\u00e9 que des images de petites filles avec un petit cochon rose.\u00a0 Or sachant que le livre tord le cou \u00e0 la\u00a0taxe rose, je n'ai pas voulu utiliser ces images (ni me prendre la t\u00eate \u00e0 en fabriquer une).\u00a0 Cette image porte l'avantage de montrer que m\u00eame un enfant en \u00e2ge de calculer, peut apprendre \u00e0 g\u00e9rer les finances quotidiennes et aider sa maman \u00e0 tenir ses comptes et objectifs de main de Ma\u00eetre.","og_url":"https:\/\/www.spirit-us.eu\/index.php\/produit\/tableau-financier-quotidien\/","og_site_name":"Spirit-US","article_publisher":"https:\/\/www.facebook.com\/spirit.us.deum","article_modified_time":"2025-07-27T12:53:16+00:00","og_image":[{"width":1080,"height":1080,"url":"https:\/\/www.spirit-us.eu\/wp-content\/uploads\/2025\/07\/image-produit-gestion-quotidienne-des-finances.png","type":"image\/png"}],"twitter_card":"summary_large_image","schema":{"@context":"https:\/\/schema.org","@graph":[{"@type":"WebPage","@id":"https:\/\/www.spirit-us.eu\/index.php\/produit\/tableau-financier-quotidien\/","url":"https:\/\/www.spirit-us.eu\/index.php\/produit\/tableau-financier-quotidien\/","name":"Tableau financier quotidien - Spirit-US","isPartOf":{"@id":"https:\/\/www.spirit-us.eu\/#website"},"primaryImageOfPage":{"@id":"https:\/\/www.spirit-us.eu\/index.php\/produit\/tableau-financier-quotidien\/#primaryimage"},"image":{"@id":"https:\/\/www.spirit-us.eu\/index.php\/produit\/tableau-financier-quotidien\/#primaryimage"},"thumbnailUrl":"https:\/\/www.spirit-us.eu\/wp-content\/uploads\/2025\/07\/image-produit-gestion-quotidienne-des-finances.png","datePublished":"2025-07-27T12:43:43+00:00","dateModified":"2025-07-27T12:53:16+00:00","breadcrumb":{"@id":"https:\/\/www.spirit-us.eu\/index.php\/produit\/tableau-financier-quotidien\/#breadcrumb"},"inLanguage":"fr-FR","potentialAction":[{"@type":"ReadAction","target":["https:\/\/www.spirit-us.eu\/index.php\/produit\/tableau-financier-quotidien\/"]}]},{"@type":"ImageObject","inLanguage":"fr-FR","@id":"https:\/\/www.spirit-us.eu\/index.php\/produit\/tableau-financier-quotidien\/#primaryimage","url":"https:\/\/www.spirit-us.eu\/wp-content\/uploads\/2025\/07\/image-produit-gestion-quotidienne-des-finances.png","contentUrl":"https:\/\/www.spirit-us.eu\/wp-content\/uploads\/2025\/07\/image-produit-gestion-quotidienne-des-finances.png","width":1080,"height":1080},{"@type":"BreadcrumbList","@id":"https:\/\/www.spirit-us.eu\/index.php\/produit\/tableau-financier-quotidien\/#breadcrumb","itemListElement":[{"@type":"ListItem","position":1,"name":"Accueil","item":"https:\/\/www.spirit-us.eu\/"},{"@type":"ListItem","position":2,"name":"Boutique","item":"https:\/\/www.spirit-us.eu\/index.php\/boutique\/"},{"@type":"ListItem","position":3,"name":"Tableau financier quotidien"}]},{"@type":"WebSite","@id":"https:\/\/www.spirit-us.eu\/#website","url":"https:\/\/www.spirit-us.eu\/","name":"Spirit-US","description":"","publisher":{"@id":"https:\/\/www.spirit-us.eu\/#organization"},"potentialAction":[{"@type":"SearchAction","target":{"@type":"EntryPoint","urlTemplate":"https:\/\/www.spirit-us.eu\/?s={search_term_string}"},"query-input":{"@type":"PropertyValueSpecification","valueRequired":true,"valueName":"search_term_string"}}],"inLanguage":"fr-FR"},{"@type":"Organization","@id":"https:\/\/www.spirit-us.eu\/#organization","name":"Spirit-US","url":"https:\/\/www.spirit-us.eu\/","logo":{"@type":"ImageObject","inLanguage":"fr-FR","@id":"https:\/\/www.spirit-us.eu\/#\/schema\/logo\/image\/","url":"https:\/\/www.spirit-us.eu\/wp-content\/uploads\/2025\/11\/logo-regarde-linterlocutrice-sans-arrriere-plan.jpg","contentUrl":"https:\/\/www.spirit-us.eu\/wp-content\/uploads\/2025\/11\/logo-regarde-linterlocutrice-sans-arrriere-plan.jpg","width":1080,"height":1080,"caption":"Spirit-US"},"image":{"@id":"https:\/\/www.spirit-us.eu\/#\/schema\/logo\/image\/"},"sameAs":["https:\/\/www.facebook.com\/spirit.us.deum"]}]}},"jetpack_sharing_enabled":true,"_links":{"self":[{"href":"https:\/\/www.spirit-us.eu\/index.php\/wp-json\/wp\/v2\/product\/1956","targetHints":{"allow":["GET"]}}],"collection":[{"href":"https:\/\/www.spirit-us.eu\/index.php\/wp-json\/wp\/v2\/product"}],"about":[{"href":"https:\/\/www.spirit-us.eu\/index.php\/wp-json\/wp\/v2\/types\/product"}],"replies":[{"embeddable":true,"href":"https:\/\/www.spirit-us.eu\/index.php\/wp-json\/wp\/v2\/comments?post=1956"}],"wp:featuredmedia":[{"embeddable":true,"href":"https:\/\/www.spirit-us.eu\/index.php\/wp-json\/wp\/v2\/media\/1960"}],"wp:attachment":[{"href":"https:\/\/www.spirit-us.eu\/index.php\/wp-json\/wp\/v2\/media?parent=1956"}],"wp:term":[{"taxonomy":"product_brand","embeddable":true,"href":"https:\/\/www.spirit-us.eu\/index.php\/wp-json\/wp\/v2\/product_brand?post=1956"},{"taxonomy":"product_cat","embeddable":true,"href":"https:\/\/www.spirit-us.eu\/index.php\/wp-json\/wp\/v2\/product_cat?post=1956"},{"taxonomy":"product_tag","embeddable":true,"href":"https:\/\/www.spirit-us.eu\/index.php\/wp-json\/wp\/v2\/product_tag?post=1956"},{"taxonomy":"mwb_booking_cost","embeddable":true,"href":"https:\/\/www.spirit-us.eu\/index.php\/wp-json\/wp\/v2\/mwb_booking_cost?post=1956"},{"taxonomy":"mwb_booking_service","embeddable":true,"href":"https:\/\/www.spirit-us.eu\/index.php\/wp-json\/wp\/v2\/mwb_booking_service?post=1956"}],"curies":[{"name":"wp","href":"https:\/\/api.w.org\/{rel}","templated":true}]}}