{"id":1947,"date":"2025-07-25T14:40:02","date_gmt":"2025-07-25T12:40:02","guid":{"rendered":"https:\/\/www.spirit-us.eu\/?post_type=product&#038;p=1947"},"modified":"2025-08-19T00:32:26","modified_gmt":"2025-08-18T22:32:26","slug":"autosabotage-soin-reprogrammation-a-lautobienveillance","status":"publish","type":"product","link":"https:\/\/www.spirit-us.eu\/index.php\/produit\/autosabotage-soin-reprogrammation-a-lautobienveillance\/","title":{"rendered":"AUTOSABOTAGE &#8211; programmation \u00e0 la r\u00e9ussite"},"content":{"rendered":"<p><strong>Auteure<\/strong>\u00a0: Lola LACROIX<\/p>\n<p><strong>Musique\u00a0<\/strong>: VANGELIS, <em>Hymne<\/em><\/p>\n<p><strong>Objectifs<\/strong> : favoriser le processus de d\u00e9programmation de l&rsquo;autosabotage et initier celui de l&rsquo;autobienveillance et de la r\u00e9ussite en toute chose et en toute entreprise<\/p>\n<p><strong>Dur\u00e9e de l\u2019audio mp3<\/strong> : 41 minutes<\/p>\n<p><strong>Montage<\/strong>\u00a0<strong>&amp; cr\u00e9ation<\/strong>\u00a0: Lola LACROIX<\/p>\n<p><strong>El\u00e9ments de ce soin<\/strong>\u00a0:<\/p>\n<ol>\n<li>l\u2019audio mp3 mont\u00e9 avec musique<\/li>\n<li>le livret au format pdf<\/li>\n<\/ol>\n<p>Certifi\u00e9 \u00ab\u00a0<strong>100% production humaine<\/strong>\u00a0\u00bb : le texte, le montage, la musique.<\/p>\n<p>T\u00e9l\u00e9chargeable et accessible imm\u00e9diatement.<\/p>\n<p>N&rsquo;h\u00e9sitez pas \u00e0 prendre rendez-vous si vous souhaitez approfondir le processus en \u00e9tant accompagn\u00e9.e et pas en solo : <a href=\"https:\/\/exorciser-liberer-guerir.com\/prise-de-rendez-vous-par-domaine-dintervention\/\" target=\"_blank\" rel=\"noopener\">https:\/\/exorciser-liberer-guerir.com\/prise-de-rendez-vous-par-domaine-dintervention\/<\/a><\/p>\n","protected":false},"excerpt":{"rendered":"<p style=\"text-align: justify;\">L\u2019autosabotage, ce sont ces moments o\u00f9 vous avez rejet\u00e9 des occasions, car vous pensiez que ce n\u2019\u00e9tait pas le bon moment, pas fait pour vous, trop compliqu\u00e9, que vous n\u2019\u2019\u00e9tiez pas \u00e0 la hauteur, \u2026 vous avez compromis vos chances de r\u00e9ussite, \u00e0 cause de la peur, ou de croyances limitantes. Ce soin d\u00e9cortique le sch\u00e9ma de fonctionnement : vouloir, commencer, laisser tomber et revenir vite vers la zone de confort. Cette boucle existe dans la sph\u00e8re affective aussi : on commence une belle relation qui promet l\u2019amour pour toujours et puis au fil du temps, elle s\u2019enlise et finit pas se fracasser au fond du ravin de la s\u00e9paration et de la solitude revenue. Pourquoi est-il si difficile \u00e0 r\u00e9soudre ? La r\u00e9ponse est dans notre syst\u00e8me \u00e9nerg\u00e9tique.\u00a0 \u00a0Nous <em>nageons<\/em> dans des \u00e9nergies dysfonctionnelles et les blocages psychologiques s\u2019entassent les uns sur les autres. L\u2019inversion psychologique bloque toute progression et v\u00e9hicule des pens\u00e9es n\u00e9gatives dans l\u2019arri\u00e8re-plan du champ de conscience.\u00a0 Polarit\u00e9 n\u00e9gative permanente install\u00e9e dans notre syst\u00e8me \u00e9nerg\u00e9tique qui passe inaper\u00e7ue :\u00a0 nos piles sont mises \u00e0 l\u2019envers ! Ce soin vous aidera \u00e0 nettoyer vos toxines \u00e9nerg\u00e9tiques et \u00e0 en finir avec l&rsquo;inversion toxique.<\/p>\n","protected":false},"featured_media":1951,"comment_status":"open","ping_status":"closed","template":"","meta":[],"product_brand":[],"product_cat":[155,17],"product_tag":[278],"mwb_booking_cost":[],"mwb_booking_service":[],"class_list":{"0":"post-1947","1":"product","2":"type-product","3":"status-publish","4":"has-post-thumbnail","6":"product_cat-02-soins-accueil","7":"product_cat-tous-les-produits","8":"product_tag-autosabotage","10":"first","11":"instock","12":"downloadable","13":"virtual","14":"purchasable","15":"product-type-simple"},"yoast_head":"<!-- This site is optimized with the Yoast SEO plugin v27.1.1 - https:\/\/yoast.com\/product\/yoast-seo-wordpress\/ -->\n<title>AUTOSABOTAGE - programmation \u00e0 la r\u00e9ussite - Spirit-US<\/title>\n<meta name=\"robots\" content=\"index, follow, max-snippet:-1, max-image-preview:large, max-video-preview:-1\" \/>\n<link rel=\"canonical\" href=\"https:\/\/www.spirit-us.eu\/index.php\/produit\/autosabotage-soin-reprogrammation-a-lautobienveillance\/\" \/>\n<meta property=\"og:locale\" content=\"fr_FR\" \/>\n<meta property=\"og:type\" content=\"article\" \/>\n<meta property=\"og:title\" content=\"AUTOSABOTAGE - programmation \u00e0 la r\u00e9ussite - Spirit-US\" \/>\n<meta property=\"og:description\" content=\"L\u2019autosabotage, ce sont ces moments o\u00f9 vous avez rejet\u00e9 des occasions, car vous pensiez que ce n\u2019\u00e9tait pas le bon moment, pas fait pour vous, trop compliqu\u00e9, que vous n\u2019\u2019\u00e9tiez pas \u00e0 la hauteur, \u2026 vous avez compromis vos chances de r\u00e9ussite, \u00e0 cause de la peur, ou de croyances limitantes. Ce soin d\u00e9cortique le sch\u00e9ma de fonctionnement : vouloir, commencer, laisser tomber et revenir vite vers la zone de confort. Cette boucle existe dans la sph\u00e8re affective aussi : on commence une belle relation qui promet l\u2019amour pour toujours et puis au fil du temps, elle s\u2019enlise et finit pas se fracasser au fond du ravin de la s\u00e9paration et de la solitude revenue. Pourquoi est-il si difficile \u00e0 r\u00e9soudre ? La r\u00e9ponse est dans notre syst\u00e8me \u00e9nerg\u00e9tique.\u00a0 \u00a0Nous nageons dans des \u00e9nergies dysfonctionnelles et les blocages psychologiques s\u2019entassent les uns sur les autres. L\u2019inversion psychologique bloque toute progression et v\u00e9hicule des pens\u00e9es n\u00e9gatives dans l\u2019arri\u00e8re-plan du champ de conscience.\u00a0 Polarit\u00e9 n\u00e9gative permanente install\u00e9e dans notre syst\u00e8me \u00e9nerg\u00e9tique qui passe inaper\u00e7ue :\u00a0 nos piles sont mises \u00e0 l\u2019envers ! Ce soin vous aidera \u00e0 nettoyer vos toxines \u00e9nerg\u00e9tiques et \u00e0 en finir avec l&#039;inversion toxique.\" \/>\n<meta property=\"og:url\" content=\"https:\/\/www.spirit-us.eu\/index.php\/produit\/autosabotage-soin-reprogrammation-a-lautobienveillance\/\" \/>\n<meta property=\"og:site_name\" content=\"Spirit-US\" \/>\n<meta property=\"article:publisher\" content=\"https:\/\/www.facebook.com\/spirit.us.deum\" \/>\n<meta property=\"article:modified_time\" content=\"2025-08-18T22:32:26+00:00\" \/>\n<meta property=\"og:image\" content=\"https:\/\/www.spirit-us.eu\/wp-content\/uploads\/2025\/07\/image-produit-bon.png\" \/>\n\t<meta property=\"og:image:width\" content=\"1080\" \/>\n\t<meta property=\"og:image:height\" content=\"1080\" \/>\n\t<meta property=\"og:image:type\" content=\"image\/png\" \/>\n<meta name=\"twitter:card\" content=\"summary_large_image\" \/>\n<meta name=\"twitter:label1\" content=\"Dur\u00e9e de lecture estim\u00e9e\" \/>\n\t<meta name=\"twitter:data1\" content=\"1 minute\" \/>\n<script type=\"application\/ld+json\" class=\"yoast-schema-graph\">{\"@context\":\"https:\/\/schema.org\",\"@graph\":[{\"@type\":\"WebPage\",\"@id\":\"https:\/\/www.spirit-us.eu\/index.php\/produit\/autosabotage-soin-reprogrammation-a-lautobienveillance\/\",\"url\":\"https:\/\/www.spirit-us.eu\/index.php\/produit\/autosabotage-soin-reprogrammation-a-lautobienveillance\/\",\"name\":\"AUTOSABOTAGE - programmation \u00e0 la r\u00e9ussite - Spirit-US\",\"isPartOf\":{\"@id\":\"https:\/\/www.spirit-us.eu\/#website\"},\"primaryImageOfPage\":{\"@id\":\"https:\/\/www.spirit-us.eu\/index.php\/produit\/autosabotage-soin-reprogrammation-a-lautobienveillance\/#primaryimage\"},\"image\":{\"@id\":\"https:\/\/www.spirit-us.eu\/index.php\/produit\/autosabotage-soin-reprogrammation-a-lautobienveillance\/#primaryimage\"},\"thumbnailUrl\":\"https:\/\/www.spirit-us.eu\/wp-content\/uploads\/2025\/07\/image-produit-bon.png\",\"datePublished\":\"2025-07-25T12:40:02+00:00\",\"dateModified\":\"2025-08-18T22:32:26+00:00\",\"breadcrumb\":{\"@id\":\"https:\/\/www.spirit-us.eu\/index.php\/produit\/autosabotage-soin-reprogrammation-a-lautobienveillance\/#breadcrumb\"},\"inLanguage\":\"fr-FR\",\"potentialAction\":[{\"@type\":\"ReadAction\",\"target\":[\"https:\/\/www.spirit-us.eu\/index.php\/produit\/autosabotage-soin-reprogrammation-a-lautobienveillance\/\"]}]},{\"@type\":\"ImageObject\",\"inLanguage\":\"fr-FR\",\"@id\":\"https:\/\/www.spirit-us.eu\/index.php\/produit\/autosabotage-soin-reprogrammation-a-lautobienveillance\/#primaryimage\",\"url\":\"https:\/\/www.spirit-us.eu\/wp-content\/uploads\/2025\/07\/image-produit-bon.png\",\"contentUrl\":\"https:\/\/www.spirit-us.eu\/wp-content\/uploads\/2025\/07\/image-produit-bon.png\",\"width\":1080,\"height\":1080},{\"@type\":\"BreadcrumbList\",\"@id\":\"https:\/\/www.spirit-us.eu\/index.php\/produit\/autosabotage-soin-reprogrammation-a-lautobienveillance\/#breadcrumb\",\"itemListElement\":[{\"@type\":\"ListItem\",\"position\":1,\"name\":\"Accueil\",\"item\":\"https:\/\/www.spirit-us.eu\/\"},{\"@type\":\"ListItem\",\"position\":2,\"name\":\"Boutique\",\"item\":\"https:\/\/www.spirit-us.eu\/index.php\/boutique\/\"},{\"@type\":\"ListItem\",\"position\":3,\"name\":\"AUTOSABOTAGE &#8211; programmation \u00e0 la r\u00e9ussite\"}]},{\"@type\":\"WebSite\",\"@id\":\"https:\/\/www.spirit-us.eu\/#website\",\"url\":\"https:\/\/www.spirit-us.eu\/\",\"name\":\"Spirit-US\",\"description\":\"\",\"publisher\":{\"@id\":\"https:\/\/www.spirit-us.eu\/#organization\"},\"potentialAction\":[{\"@type\":\"SearchAction\",\"target\":{\"@type\":\"EntryPoint\",\"urlTemplate\":\"https:\/\/www.spirit-us.eu\/?s={search_term_string}\"},\"query-input\":{\"@type\":\"PropertyValueSpecification\",\"valueRequired\":true,\"valueName\":\"search_term_string\"}}],\"inLanguage\":\"fr-FR\"},{\"@type\":\"Organization\",\"@id\":\"https:\/\/www.spirit-us.eu\/#organization\",\"name\":\"Spirit-US\",\"url\":\"https:\/\/www.spirit-us.eu\/\",\"logo\":{\"@type\":\"ImageObject\",\"inLanguage\":\"fr-FR\",\"@id\":\"https:\/\/www.spirit-us.eu\/#\/schema\/logo\/image\/\",\"url\":\"https:\/\/www.spirit-us.eu\/wp-content\/uploads\/2025\/11\/logo-regarde-linterlocutrice-sans-arrriere-plan.jpg\",\"contentUrl\":\"https:\/\/www.spirit-us.eu\/wp-content\/uploads\/2025\/11\/logo-regarde-linterlocutrice-sans-arrriere-plan.jpg\",\"width\":1080,\"height\":1080,\"caption\":\"Spirit-US\"},\"image\":{\"@id\":\"https:\/\/www.spirit-us.eu\/#\/schema\/logo\/image\/\"},\"sameAs\":[\"https:\/\/www.facebook.com\/spirit.us.deum\"]}]}<\/script>\n<!-- \/ Yoast SEO plugin. -->","yoast_head_json":{"title":"AUTOSABOTAGE - programmation \u00e0 la r\u00e9ussite - Spirit-US","robots":{"index":"index","follow":"follow","max-snippet":"max-snippet:-1","max-image-preview":"max-image-preview:large","max-video-preview":"max-video-preview:-1"},"canonical":"https:\/\/www.spirit-us.eu\/index.php\/produit\/autosabotage-soin-reprogrammation-a-lautobienveillance\/","og_locale":"fr_FR","og_type":"article","og_title":"AUTOSABOTAGE - programmation \u00e0 la r\u00e9ussite - Spirit-US","og_description":"L\u2019autosabotage, ce sont ces moments o\u00f9 vous avez rejet\u00e9 des occasions, car vous pensiez que ce n\u2019\u00e9tait pas le bon moment, pas fait pour vous, trop compliqu\u00e9, que vous n\u2019\u2019\u00e9tiez pas \u00e0 la hauteur, \u2026 vous avez compromis vos chances de r\u00e9ussite, \u00e0 cause de la peur, ou de croyances limitantes. Ce soin d\u00e9cortique le sch\u00e9ma de fonctionnement : vouloir, commencer, laisser tomber et revenir vite vers la zone de confort. Cette boucle existe dans la sph\u00e8re affective aussi : on commence une belle relation qui promet l\u2019amour pour toujours et puis au fil du temps, elle s\u2019enlise et finit pas se fracasser au fond du ravin de la s\u00e9paration et de la solitude revenue. Pourquoi est-il si difficile \u00e0 r\u00e9soudre ? La r\u00e9ponse est dans notre syst\u00e8me \u00e9nerg\u00e9tique.\u00a0 \u00a0Nous nageons dans des \u00e9nergies dysfonctionnelles et les blocages psychologiques s\u2019entassent les uns sur les autres. L\u2019inversion psychologique bloque toute progression et v\u00e9hicule des pens\u00e9es n\u00e9gatives dans l\u2019arri\u00e8re-plan du champ de conscience.\u00a0 Polarit\u00e9 n\u00e9gative permanente install\u00e9e dans notre syst\u00e8me \u00e9nerg\u00e9tique qui passe inaper\u00e7ue :\u00a0 nos piles sont mises \u00e0 l\u2019envers ! Ce soin vous aidera \u00e0 nettoyer vos toxines \u00e9nerg\u00e9tiques et \u00e0 en finir avec l'inversion toxique.","og_url":"https:\/\/www.spirit-us.eu\/index.php\/produit\/autosabotage-soin-reprogrammation-a-lautobienveillance\/","og_site_name":"Spirit-US","article_publisher":"https:\/\/www.facebook.com\/spirit.us.deum","article_modified_time":"2025-08-18T22:32:26+00:00","og_image":[{"width":1080,"height":1080,"url":"https:\/\/www.spirit-us.eu\/wp-content\/uploads\/2025\/07\/image-produit-bon.png","type":"image\/png"}],"twitter_card":"summary_large_image","twitter_misc":{"Dur\u00e9e de lecture estim\u00e9e":"1 minute"},"schema":{"@context":"https:\/\/schema.org","@graph":[{"@type":"WebPage","@id":"https:\/\/www.spirit-us.eu\/index.php\/produit\/autosabotage-soin-reprogrammation-a-lautobienveillance\/","url":"https:\/\/www.spirit-us.eu\/index.php\/produit\/autosabotage-soin-reprogrammation-a-lautobienveillance\/","name":"AUTOSABOTAGE - programmation \u00e0 la r\u00e9ussite - Spirit-US","isPartOf":{"@id":"https:\/\/www.spirit-us.eu\/#website"},"primaryImageOfPage":{"@id":"https:\/\/www.spirit-us.eu\/index.php\/produit\/autosabotage-soin-reprogrammation-a-lautobienveillance\/#primaryimage"},"image":{"@id":"https:\/\/www.spirit-us.eu\/index.php\/produit\/autosabotage-soin-reprogrammation-a-lautobienveillance\/#primaryimage"},"thumbnailUrl":"https:\/\/www.spirit-us.eu\/wp-content\/uploads\/2025\/07\/image-produit-bon.png","datePublished":"2025-07-25T12:40:02+00:00","dateModified":"2025-08-18T22:32:26+00:00","breadcrumb":{"@id":"https:\/\/www.spirit-us.eu\/index.php\/produit\/autosabotage-soin-reprogrammation-a-lautobienveillance\/#breadcrumb"},"inLanguage":"fr-FR","potentialAction":[{"@type":"ReadAction","target":["https:\/\/www.spirit-us.eu\/index.php\/produit\/autosabotage-soin-reprogrammation-a-lautobienveillance\/"]}]},{"@type":"ImageObject","inLanguage":"fr-FR","@id":"https:\/\/www.spirit-us.eu\/index.php\/produit\/autosabotage-soin-reprogrammation-a-lautobienveillance\/#primaryimage","url":"https:\/\/www.spirit-us.eu\/wp-content\/uploads\/2025\/07\/image-produit-bon.png","contentUrl":"https:\/\/www.spirit-us.eu\/wp-content\/uploads\/2025\/07\/image-produit-bon.png","width":1080,"height":1080},{"@type":"BreadcrumbList","@id":"https:\/\/www.spirit-us.eu\/index.php\/produit\/autosabotage-soin-reprogrammation-a-lautobienveillance\/#breadcrumb","itemListElement":[{"@type":"ListItem","position":1,"name":"Accueil","item":"https:\/\/www.spirit-us.eu\/"},{"@type":"ListItem","position":2,"name":"Boutique","item":"https:\/\/www.spirit-us.eu\/index.php\/boutique\/"},{"@type":"ListItem","position":3,"name":"AUTOSABOTAGE &#8211; programmation \u00e0 la r\u00e9ussite"}]},{"@type":"WebSite","@id":"https:\/\/www.spirit-us.eu\/#website","url":"https:\/\/www.spirit-us.eu\/","name":"Spirit-US","description":"","publisher":{"@id":"https:\/\/www.spirit-us.eu\/#organization"},"potentialAction":[{"@type":"SearchAction","target":{"@type":"EntryPoint","urlTemplate":"https:\/\/www.spirit-us.eu\/?s={search_term_string}"},"query-input":{"@type":"PropertyValueSpecification","valueRequired":true,"valueName":"search_term_string"}}],"inLanguage":"fr-FR"},{"@type":"Organization","@id":"https:\/\/www.spirit-us.eu\/#organization","name":"Spirit-US","url":"https:\/\/www.spirit-us.eu\/","logo":{"@type":"ImageObject","inLanguage":"fr-FR","@id":"https:\/\/www.spirit-us.eu\/#\/schema\/logo\/image\/","url":"https:\/\/www.spirit-us.eu\/wp-content\/uploads\/2025\/11\/logo-regarde-linterlocutrice-sans-arrriere-plan.jpg","contentUrl":"https:\/\/www.spirit-us.eu\/wp-content\/uploads\/2025\/11\/logo-regarde-linterlocutrice-sans-arrriere-plan.jpg","width":1080,"height":1080,"caption":"Spirit-US"},"image":{"@id":"https:\/\/www.spirit-us.eu\/#\/schema\/logo\/image\/"},"sameAs":["https:\/\/www.facebook.com\/spirit.us.deum"]}]}},"jetpack_sharing_enabled":true,"_links":{"self":[{"href":"https:\/\/www.spirit-us.eu\/index.php\/wp-json\/wp\/v2\/product\/1947","targetHints":{"allow":["GET"]}}],"collection":[{"href":"https:\/\/www.spirit-us.eu\/index.php\/wp-json\/wp\/v2\/product"}],"about":[{"href":"https:\/\/www.spirit-us.eu\/index.php\/wp-json\/wp\/v2\/types\/product"}],"replies":[{"embeddable":true,"href":"https:\/\/www.spirit-us.eu\/index.php\/wp-json\/wp\/v2\/comments?post=1947"}],"wp:featuredmedia":[{"embeddable":true,"href":"https:\/\/www.spirit-us.eu\/index.php\/wp-json\/wp\/v2\/media\/1951"}],"wp:attachment":[{"href":"https:\/\/www.spirit-us.eu\/index.php\/wp-json\/wp\/v2\/media?parent=1947"}],"wp:term":[{"taxonomy":"product_brand","embeddable":true,"href":"https:\/\/www.spirit-us.eu\/index.php\/wp-json\/wp\/v2\/product_brand?post=1947"},{"taxonomy":"product_cat","embeddable":true,"href":"https:\/\/www.spirit-us.eu\/index.php\/wp-json\/wp\/v2\/product_cat?post=1947"},{"taxonomy":"product_tag","embeddable":true,"href":"https:\/\/www.spirit-us.eu\/index.php\/wp-json\/wp\/v2\/product_tag?post=1947"},{"taxonomy":"mwb_booking_cost","embeddable":true,"href":"https:\/\/www.spirit-us.eu\/index.php\/wp-json\/wp\/v2\/mwb_booking_cost?post=1947"},{"taxonomy":"mwb_booking_service","embeddable":true,"href":"https:\/\/www.spirit-us.eu\/index.php\/wp-json\/wp\/v2\/mwb_booking_service?post=1947"}],"curies":[{"name":"wp","href":"https:\/\/api.w.org\/{rel}","templated":true}]}}