{"id":1939,"date":"2025-07-25T08:13:22","date_gmt":"2025-07-25T06:13:22","guid":{"rendered":"https:\/\/www.spirit-us.eu\/?post_type=product&#038;p=1939"},"modified":"2025-12-17T10:47:12","modified_gmt":"2025-12-17T09:47:12","slug":"bracelet-en-onyx-oeil-de-tigre-confiance-protection","status":"publish","type":"product","link":"https:\/\/www.spirit-us.eu\/index.php\/produit\/bracelet-en-onyx-oeil-de-tigre-confiance-protection\/","title":{"rendered":"BRACELET en ONYX &#038; \u0152IL DE TIGRE  &#8211; confiance &#038; protection"},"content":{"rendered":"<p style=\"text-align: justify;\"><strong>Nature des pierres<\/strong> <strong>naturelles<\/strong> : onyx d\u00e9poli et \u0153il de tigre<\/p>\n<p style=\"text-align: justify;\"><strong>Fa\u00e7on du bijou<\/strong> : pierres roul\u00e9es de fa\u00e7on artisanale \u2013 mont\u00e9es sur fil \u00e9lastique avec barre en acier<\/p>\n<p style=\"text-align: justify;\"><strong>Couleurs<\/strong> : noir pour l&rsquo;onyx et variantes de marrons fonc\u00e9 jusque couleur ambr\u00e9e<\/p>\n<p style=\"text-align: justify;\"><strong>Origine<\/strong> : Australie et Br\u00e9sil<\/p>\n<p style=\"text-align: justify;\"><strong>Dimensions du bijou<\/strong> : 23 \u00e0 24 cm (l\u00e9g\u00e8rement extensible)<\/p>\n<p style=\"text-align: justify;\"><strong>Dimension des perles<\/strong> :\u00a0 5 mm<\/p>\n<p style=\"text-align: justify;\">Les dimensions sont calcul\u00e9es pour le poignet d&rsquo;un homme.<\/p>\n","protected":false},"excerpt":{"rendered":"<p>Magnifique bracelet pour homme en pierres naturelles, deux rangs en onyx d\u00e9poli et \u0153il de tigre, avec un \u00e9l\u00e9gant espaceur en acier. En lithoth\u00e9rapie, l&rsquo;onyx est une pierre positive. Il permettrait de\u00a0renforcer l&rsquo;estime de soi, la confiance et le contr\u00f4le de soi-m\u00eame.\u00a0Il faciliterait la stabilit\u00e9 en toute situation; quant \u00e0 l&rsquo;\u0153il de tigre, <span data-huuid=\"5356240860264519591\">\u00a0c&rsquo;est une pierre de protection contre les \u00e9nergies n\u00e9gatives, le mauvais \u0153il et les influences n\u00e9fastes. <\/span><span data-huuid=\"5356240860264518008\">Elle est r\u00e9put\u00e9e pour renvoyer ces \u00e9nergies \u00e0 leur source.<span class=\"pjBG2e\" data-cid=\"7dea5768-1c4c-4c57-a2e2-5260f495cf2c\"><span class=\"UV3uM\"> Une belle synergie de confiance et de foi se trouve en ce bijou aux allures viriles et solides.<\/span><\/span><\/span><\/p>\n","protected":false},"featured_media":1941,"comment_status":"open","ping_status":"closed","template":"","meta":[],"product_brand":[],"product_cat":[156,460,17],"product_tag":[220,188],"mwb_booking_cost":[],"mwb_booking_service":[],"class_list":{"0":"post-1939","1":"product","2":"type-product","3":"status-publish","4":"has-post-thumbnail","6":"product_cat-04-bijoux","7":"product_cat-bracelets","8":"product_cat-tous-les-produits","9":"product_tag-chakra-terre","10":"product_tag-chakras-collection","12":"first","13":"instock","14":"shipping-taxable","15":"purchasable","16":"product-type-simple"},"yoast_head":"<!-- This site is optimized with the Yoast SEO plugin v27.1.1 - https:\/\/yoast.com\/product\/yoast-seo-wordpress\/ -->\n<title>BRACELET en ONYX &amp; \u0152IL DE TIGRE - confiance &amp; protection - Spirit-US<\/title>\n<meta name=\"robots\" content=\"index, follow, max-snippet:-1, max-image-preview:large, max-video-preview:-1\" \/>\n<link rel=\"canonical\" href=\"https:\/\/www.spirit-us.eu\/index.php\/produit\/bracelet-en-onyx-oeil-de-tigre-confiance-protection\/\" \/>\n<meta property=\"og:locale\" content=\"fr_FR\" \/>\n<meta property=\"og:type\" content=\"article\" \/>\n<meta property=\"og:title\" content=\"BRACELET en ONYX &amp; \u0152IL DE TIGRE - confiance &amp; protection - Spirit-US\" \/>\n<meta property=\"og:description\" content=\"Magnifique bracelet pour homme en pierres naturelles, deux rangs en onyx d\u00e9poli et \u0153il de tigre, avec un \u00e9l\u00e9gant espaceur en acier. En lithoth\u00e9rapie, l&#039;onyx est une pierre positive. Il permettrait de\u00a0renforcer l&#039;estime de soi, la confiance et le contr\u00f4le de soi-m\u00eame.\u00a0Il faciliterait la stabilit\u00e9 en toute situation; quant \u00e0 l&#039;\u0153il de tigre, \u00a0c&#039;est une pierre de protection contre les \u00e9nergies n\u00e9gatives, le mauvais \u0153il et les influences n\u00e9fastes. Elle est r\u00e9put\u00e9e pour renvoyer ces \u00e9nergies \u00e0 leur source. Une belle synergie de confiance et de foi se trouve en ce bijou aux allures viriles et solides.\" \/>\n<meta property=\"og:url\" content=\"https:\/\/www.spirit-us.eu\/index.php\/produit\/bracelet-en-onyx-oeil-de-tigre-confiance-protection\/\" \/>\n<meta property=\"og:site_name\" content=\"Spirit-US\" \/>\n<meta property=\"article:publisher\" content=\"https:\/\/www.facebook.com\/spirit.us.deum\" \/>\n<meta property=\"article:modified_time\" content=\"2025-12-17T09:47:12+00:00\" \/>\n<meta property=\"og:image\" content=\"https:\/\/www.spirit-us.eu\/wp-content\/uploads\/2025\/07\/onyx-et-oeil-de-tigre2.png\" \/>\n\t<meta property=\"og:image:width\" content=\"1080\" \/>\n\t<meta property=\"og:image:height\" content=\"1080\" \/>\n\t<meta property=\"og:image:type\" content=\"image\/png\" \/>\n<meta name=\"twitter:card\" content=\"summary_large_image\" \/>\n<script type=\"application\/ld+json\" class=\"yoast-schema-graph\">{\"@context\":\"https:\/\/schema.org\",\"@graph\":[{\"@type\":\"WebPage\",\"@id\":\"https:\/\/www.spirit-us.eu\/index.php\/produit\/bracelet-en-onyx-oeil-de-tigre-confiance-protection\/\",\"url\":\"https:\/\/www.spirit-us.eu\/index.php\/produit\/bracelet-en-onyx-oeil-de-tigre-confiance-protection\/\",\"name\":\"BRACELET en ONYX & \u0152IL DE TIGRE - confiance & protection - Spirit-US\",\"isPartOf\":{\"@id\":\"https:\/\/www.spirit-us.eu\/#website\"},\"primaryImageOfPage\":{\"@id\":\"https:\/\/www.spirit-us.eu\/index.php\/produit\/bracelet-en-onyx-oeil-de-tigre-confiance-protection\/#primaryimage\"},\"image\":{\"@id\":\"https:\/\/www.spirit-us.eu\/index.php\/produit\/bracelet-en-onyx-oeil-de-tigre-confiance-protection\/#primaryimage\"},\"thumbnailUrl\":\"https:\/\/www.spirit-us.eu\/wp-content\/uploads\/2025\/07\/onyx-et-oeil-de-tigre2.png\",\"datePublished\":\"2025-07-25T06:13:22+00:00\",\"dateModified\":\"2025-12-17T09:47:12+00:00\",\"breadcrumb\":{\"@id\":\"https:\/\/www.spirit-us.eu\/index.php\/produit\/bracelet-en-onyx-oeil-de-tigre-confiance-protection\/#breadcrumb\"},\"inLanguage\":\"fr-FR\",\"potentialAction\":[{\"@type\":\"ReadAction\",\"target\":[\"https:\/\/www.spirit-us.eu\/index.php\/produit\/bracelet-en-onyx-oeil-de-tigre-confiance-protection\/\"]}]},{\"@type\":\"ImageObject\",\"inLanguage\":\"fr-FR\",\"@id\":\"https:\/\/www.spirit-us.eu\/index.php\/produit\/bracelet-en-onyx-oeil-de-tigre-confiance-protection\/#primaryimage\",\"url\":\"https:\/\/www.spirit-us.eu\/wp-content\/uploads\/2025\/07\/onyx-et-oeil-de-tigre2.png\",\"contentUrl\":\"https:\/\/www.spirit-us.eu\/wp-content\/uploads\/2025\/07\/onyx-et-oeil-de-tigre2.png\",\"width\":1080,\"height\":1080},{\"@type\":\"BreadcrumbList\",\"@id\":\"https:\/\/www.spirit-us.eu\/index.php\/produit\/bracelet-en-onyx-oeil-de-tigre-confiance-protection\/#breadcrumb\",\"itemListElement\":[{\"@type\":\"ListItem\",\"position\":1,\"name\":\"Accueil\",\"item\":\"https:\/\/www.spirit-us.eu\/\"},{\"@type\":\"ListItem\",\"position\":2,\"name\":\"Boutique\",\"item\":\"https:\/\/www.spirit-us.eu\/index.php\/boutique\/\"},{\"@type\":\"ListItem\",\"position\":3,\"name\":\"BRACELET en ONYX &#038; \u0152IL DE TIGRE &#8211; confiance &#038; protection\"}]},{\"@type\":\"WebSite\",\"@id\":\"https:\/\/www.spirit-us.eu\/#website\",\"url\":\"https:\/\/www.spirit-us.eu\/\",\"name\":\"Spirit-US\",\"description\":\"\",\"publisher\":{\"@id\":\"https:\/\/www.spirit-us.eu\/#organization\"},\"potentialAction\":[{\"@type\":\"SearchAction\",\"target\":{\"@type\":\"EntryPoint\",\"urlTemplate\":\"https:\/\/www.spirit-us.eu\/?s={search_term_string}\"},\"query-input\":{\"@type\":\"PropertyValueSpecification\",\"valueRequired\":true,\"valueName\":\"search_term_string\"}}],\"inLanguage\":\"fr-FR\"},{\"@type\":\"Organization\",\"@id\":\"https:\/\/www.spirit-us.eu\/#organization\",\"name\":\"Spirit-US\",\"url\":\"https:\/\/www.spirit-us.eu\/\",\"logo\":{\"@type\":\"ImageObject\",\"inLanguage\":\"fr-FR\",\"@id\":\"https:\/\/www.spirit-us.eu\/#\/schema\/logo\/image\/\",\"url\":\"https:\/\/www.spirit-us.eu\/wp-content\/uploads\/2025\/11\/logo-regarde-linterlocutrice-sans-arrriere-plan.jpg\",\"contentUrl\":\"https:\/\/www.spirit-us.eu\/wp-content\/uploads\/2025\/11\/logo-regarde-linterlocutrice-sans-arrriere-plan.jpg\",\"width\":1080,\"height\":1080,\"caption\":\"Spirit-US\"},\"image\":{\"@id\":\"https:\/\/www.spirit-us.eu\/#\/schema\/logo\/image\/\"},\"sameAs\":[\"https:\/\/www.facebook.com\/spirit.us.deum\"]}]}<\/script>\n<!-- \/ Yoast SEO plugin. -->","yoast_head_json":{"title":"BRACELET en ONYX & \u0152IL DE TIGRE - confiance & protection - Spirit-US","robots":{"index":"index","follow":"follow","max-snippet":"max-snippet:-1","max-image-preview":"max-image-preview:large","max-video-preview":"max-video-preview:-1"},"canonical":"https:\/\/www.spirit-us.eu\/index.php\/produit\/bracelet-en-onyx-oeil-de-tigre-confiance-protection\/","og_locale":"fr_FR","og_type":"article","og_title":"BRACELET en ONYX & \u0152IL DE TIGRE - confiance & protection - Spirit-US","og_description":"Magnifique bracelet pour homme en pierres naturelles, deux rangs en onyx d\u00e9poli et \u0153il de tigre, avec un \u00e9l\u00e9gant espaceur en acier. En lithoth\u00e9rapie, l'onyx est une pierre positive. Il permettrait de\u00a0renforcer l'estime de soi, la confiance et le contr\u00f4le de soi-m\u00eame.\u00a0Il faciliterait la stabilit\u00e9 en toute situation; quant \u00e0 l'\u0153il de tigre, \u00a0c'est une pierre de protection contre les \u00e9nergies n\u00e9gatives, le mauvais \u0153il et les influences n\u00e9fastes. Elle est r\u00e9put\u00e9e pour renvoyer ces \u00e9nergies \u00e0 leur source. Une belle synergie de confiance et de foi se trouve en ce bijou aux allures viriles et solides.","og_url":"https:\/\/www.spirit-us.eu\/index.php\/produit\/bracelet-en-onyx-oeil-de-tigre-confiance-protection\/","og_site_name":"Spirit-US","article_publisher":"https:\/\/www.facebook.com\/spirit.us.deum","article_modified_time":"2025-12-17T09:47:12+00:00","og_image":[{"width":1080,"height":1080,"url":"https:\/\/www.spirit-us.eu\/wp-content\/uploads\/2025\/07\/onyx-et-oeil-de-tigre2.png","type":"image\/png"}],"twitter_card":"summary_large_image","schema":{"@context":"https:\/\/schema.org","@graph":[{"@type":"WebPage","@id":"https:\/\/www.spirit-us.eu\/index.php\/produit\/bracelet-en-onyx-oeil-de-tigre-confiance-protection\/","url":"https:\/\/www.spirit-us.eu\/index.php\/produit\/bracelet-en-onyx-oeil-de-tigre-confiance-protection\/","name":"BRACELET en ONYX & \u0152IL DE TIGRE - confiance & protection - Spirit-US","isPartOf":{"@id":"https:\/\/www.spirit-us.eu\/#website"},"primaryImageOfPage":{"@id":"https:\/\/www.spirit-us.eu\/index.php\/produit\/bracelet-en-onyx-oeil-de-tigre-confiance-protection\/#primaryimage"},"image":{"@id":"https:\/\/www.spirit-us.eu\/index.php\/produit\/bracelet-en-onyx-oeil-de-tigre-confiance-protection\/#primaryimage"},"thumbnailUrl":"https:\/\/www.spirit-us.eu\/wp-content\/uploads\/2025\/07\/onyx-et-oeil-de-tigre2.png","datePublished":"2025-07-25T06:13:22+00:00","dateModified":"2025-12-17T09:47:12+00:00","breadcrumb":{"@id":"https:\/\/www.spirit-us.eu\/index.php\/produit\/bracelet-en-onyx-oeil-de-tigre-confiance-protection\/#breadcrumb"},"inLanguage":"fr-FR","potentialAction":[{"@type":"ReadAction","target":["https:\/\/www.spirit-us.eu\/index.php\/produit\/bracelet-en-onyx-oeil-de-tigre-confiance-protection\/"]}]},{"@type":"ImageObject","inLanguage":"fr-FR","@id":"https:\/\/www.spirit-us.eu\/index.php\/produit\/bracelet-en-onyx-oeil-de-tigre-confiance-protection\/#primaryimage","url":"https:\/\/www.spirit-us.eu\/wp-content\/uploads\/2025\/07\/onyx-et-oeil-de-tigre2.png","contentUrl":"https:\/\/www.spirit-us.eu\/wp-content\/uploads\/2025\/07\/onyx-et-oeil-de-tigre2.png","width":1080,"height":1080},{"@type":"BreadcrumbList","@id":"https:\/\/www.spirit-us.eu\/index.php\/produit\/bracelet-en-onyx-oeil-de-tigre-confiance-protection\/#breadcrumb","itemListElement":[{"@type":"ListItem","position":1,"name":"Accueil","item":"https:\/\/www.spirit-us.eu\/"},{"@type":"ListItem","position":2,"name":"Boutique","item":"https:\/\/www.spirit-us.eu\/index.php\/boutique\/"},{"@type":"ListItem","position":3,"name":"BRACELET en ONYX &#038; \u0152IL DE TIGRE &#8211; confiance &#038; protection"}]},{"@type":"WebSite","@id":"https:\/\/www.spirit-us.eu\/#website","url":"https:\/\/www.spirit-us.eu\/","name":"Spirit-US","description":"","publisher":{"@id":"https:\/\/www.spirit-us.eu\/#organization"},"potentialAction":[{"@type":"SearchAction","target":{"@type":"EntryPoint","urlTemplate":"https:\/\/www.spirit-us.eu\/?s={search_term_string}"},"query-input":{"@type":"PropertyValueSpecification","valueRequired":true,"valueName":"search_term_string"}}],"inLanguage":"fr-FR"},{"@type":"Organization","@id":"https:\/\/www.spirit-us.eu\/#organization","name":"Spirit-US","url":"https:\/\/www.spirit-us.eu\/","logo":{"@type":"ImageObject","inLanguage":"fr-FR","@id":"https:\/\/www.spirit-us.eu\/#\/schema\/logo\/image\/","url":"https:\/\/www.spirit-us.eu\/wp-content\/uploads\/2025\/11\/logo-regarde-linterlocutrice-sans-arrriere-plan.jpg","contentUrl":"https:\/\/www.spirit-us.eu\/wp-content\/uploads\/2025\/11\/logo-regarde-linterlocutrice-sans-arrriere-plan.jpg","width":1080,"height":1080,"caption":"Spirit-US"},"image":{"@id":"https:\/\/www.spirit-us.eu\/#\/schema\/logo\/image\/"},"sameAs":["https:\/\/www.facebook.com\/spirit.us.deum"]}]}},"jetpack_sharing_enabled":true,"_links":{"self":[{"href":"https:\/\/www.spirit-us.eu\/index.php\/wp-json\/wp\/v2\/product\/1939","targetHints":{"allow":["GET"]}}],"collection":[{"href":"https:\/\/www.spirit-us.eu\/index.php\/wp-json\/wp\/v2\/product"}],"about":[{"href":"https:\/\/www.spirit-us.eu\/index.php\/wp-json\/wp\/v2\/types\/product"}],"replies":[{"embeddable":true,"href":"https:\/\/www.spirit-us.eu\/index.php\/wp-json\/wp\/v2\/comments?post=1939"}],"wp:featuredmedia":[{"embeddable":true,"href":"https:\/\/www.spirit-us.eu\/index.php\/wp-json\/wp\/v2\/media\/1941"}],"wp:attachment":[{"href":"https:\/\/www.spirit-us.eu\/index.php\/wp-json\/wp\/v2\/media?parent=1939"}],"wp:term":[{"taxonomy":"product_brand","embeddable":true,"href":"https:\/\/www.spirit-us.eu\/index.php\/wp-json\/wp\/v2\/product_brand?post=1939"},{"taxonomy":"product_cat","embeddable":true,"href":"https:\/\/www.spirit-us.eu\/index.php\/wp-json\/wp\/v2\/product_cat?post=1939"},{"taxonomy":"product_tag","embeddable":true,"href":"https:\/\/www.spirit-us.eu\/index.php\/wp-json\/wp\/v2\/product_tag?post=1939"},{"taxonomy":"mwb_booking_cost","embeddable":true,"href":"https:\/\/www.spirit-us.eu\/index.php\/wp-json\/wp\/v2\/mwb_booking_cost?post=1939"},{"taxonomy":"mwb_booking_service","embeddable":true,"href":"https:\/\/www.spirit-us.eu\/index.php\/wp-json\/wp\/v2\/mwb_booking_service?post=1939"}],"curies":[{"name":"wp","href":"https:\/\/api.w.org\/{rel}","templated":true}]}}