{"id":1934,"date":"2025-07-25T08:00:40","date_gmt":"2025-07-25T06:00:40","guid":{"rendered":"https:\/\/www.spirit-us.eu\/?post_type=product&#038;p=1934"},"modified":"2025-12-17T10:47:34","modified_gmt":"2025-12-17T09:47:34","slug":"bracelet-en-pierre-de-soleil-vitalite-optimisme","status":"publish","type":"product","link":"https:\/\/www.spirit-us.eu\/index.php\/produit\/bracelet-en-pierre-de-soleil-vitalite-optimisme\/","title":{"rendered":"BRACELET en PIERRE DE SOLEIL &#8211; vitalit\u00e9 &#038; optimisme"},"content":{"rendered":"<p style=\"text-align: justify;\"><strong>Nature des pierres<\/strong> <strong>naturelles<\/strong> :\u00a0 pierre de soleil (h\u00e9liolite)<\/p>\n<p style=\"text-align: justify;\"><strong>Fa\u00e7on du bijou<\/strong> : pierres roul\u00e9es de fa\u00e7on artisanale \u2013 mont\u00e9es sur fil \u00e9lastique avec breloque en nacre repr\u00e9sentant un croissant de lune<\/p>\n<p style=\"text-align: justify;\"><strong>Couleurs<\/strong> : rose saumon, nacre et dor\u00e9<\/p>\n<p style=\"text-align: justify;\"><strong>Origine<\/strong> : Australie<\/p>\n<p style=\"text-align: justify;\"><strong>Dimensions du bijou<\/strong> : 23 \u00e0 24 cm (l\u00e9g\u00e8rement extensible)<\/p>\n<p style=\"text-align: justify;\"><strong>Dimension des perles<\/strong> :\u00a0 5 mm<\/p>\n<p style=\"text-align: justify;\">Les dimensions sont calcul\u00e9es pour le poignet d&rsquo;une femme.<\/p>\n","protected":false},"excerpt":{"rendered":"<p style=\"text-align: justify;\">Adorable bracelet en pierre de soleil, avec une breloque en nacre et acier dor\u00e9 repr\u00e9sentant un croissant de lune.\u00a0 Les pierres naturelles de couleurs rose saumon sont ponctu\u00e9es de quatre perles de m\u00e9tal dor\u00e9, qui apportent encore plus de lumi\u00e8re \u00e0 ce bijou tout en douceur et en nuances.\u00a0 La pierre de soleil refl\u00e8te la lumi\u00e8re de fa\u00e7on tr\u00e8s esth\u00e9tique. \u00a0Cette pierre naturelle a pour bienfaits de diffuser beaucoup de vitalit\u00e9, de bonne humeur, d&rsquo;optimisme, de faciliter l&rsquo;expression corporelle et de favoriser le l\u00e2cher prise et aiderait \u00e0 se d\u00e9tacher du regard des autres. Elle correspond au chakra sacr\u00e9. C&rsquo;est un tr\u00e8s joli cadeau \u00e0 offrir \u00e0 une personne douce, artiste, \u00e9nergique ou sportive &#8211; ou un cadeau \u00e0 s&rsquo;offrir, juste pour sa beaut\u00e9.\u00a0 Vous pouvez le porter en synergie avec d&rsquo;autres bracelets, nous vous proposons quelques id\u00e9es dans la galerie de photos.<\/p>\n","protected":false},"featured_media":1936,"comment_status":"open","ping_status":"closed","template":"","meta":[],"product_brand":[],"product_cat":[156,460,17],"product_tag":[277,188],"mwb_booking_cost":[],"mwb_booking_service":[],"class_list":{"0":"post-1934","1":"product","2":"type-product","3":"status-publish","4":"has-post-thumbnail","6":"product_cat-04-bijoux","7":"product_cat-bracelets","8":"product_cat-tous-les-produits","9":"product_tag-chakra-sacre","10":"product_tag-chakras-collection","12":"first","13":"instock","14":"shipping-taxable","15":"purchasable","16":"product-type-simple"},"yoast_head":"<!-- This site is optimized with the Yoast SEO plugin v27.1.1 - https:\/\/yoast.com\/product\/yoast-seo-wordpress\/ -->\n<title>BRACELET en PIERRE DE SOLEIL - vitalit\u00e9 &amp; optimisme - Spirit-US<\/title>\n<meta name=\"robots\" content=\"index, follow, max-snippet:-1, max-image-preview:large, max-video-preview:-1\" \/>\n<link rel=\"canonical\" href=\"https:\/\/www.spirit-us.eu\/index.php\/produit\/bracelet-en-pierre-de-soleil-vitalite-optimisme\/\" \/>\n<meta property=\"og:locale\" content=\"fr_FR\" \/>\n<meta property=\"og:type\" content=\"article\" \/>\n<meta property=\"og:title\" content=\"BRACELET en PIERRE DE SOLEIL - vitalit\u00e9 &amp; optimisme - Spirit-US\" \/>\n<meta property=\"og:description\" content=\"Adorable bracelet en pierre de soleil, avec une breloque en nacre et acier dor\u00e9 repr\u00e9sentant un croissant de lune.\u00a0 Les pierres naturelles de couleurs rose saumon sont ponctu\u00e9es de quatre perles de m\u00e9tal dor\u00e9, qui apportent encore plus de lumi\u00e8re \u00e0 ce bijou tout en douceur et en nuances.\u00a0 La pierre de soleil refl\u00e8te la lumi\u00e8re de fa\u00e7on tr\u00e8s esth\u00e9tique. \u00a0Cette pierre naturelle a pour bienfaits de diffuser beaucoup de vitalit\u00e9, de bonne humeur, d&#039;optimisme, de faciliter l&#039;expression corporelle et de favoriser le l\u00e2cher prise et aiderait \u00e0 se d\u00e9tacher du regard des autres. Elle correspond au chakra sacr\u00e9. C&#039;est un tr\u00e8s joli cadeau \u00e0 offrir \u00e0 une personne douce, artiste, \u00e9nergique ou sportive - ou un cadeau \u00e0 s&#039;offrir, juste pour sa beaut\u00e9.\u00a0 Vous pouvez le porter en synergie avec d&#039;autres bracelets, nous vous proposons quelques id\u00e9es dans la galerie de photos.\" \/>\n<meta property=\"og:url\" content=\"https:\/\/www.spirit-us.eu\/index.php\/produit\/bracelet-en-pierre-de-soleil-vitalite-optimisme\/\" \/>\n<meta property=\"og:site_name\" content=\"Spirit-US\" \/>\n<meta property=\"article:publisher\" content=\"https:\/\/www.facebook.com\/spirit.us.deum\" \/>\n<meta property=\"article:modified_time\" content=\"2025-12-17T09:47:34+00:00\" \/>\n<meta property=\"og:image\" content=\"https:\/\/www.spirit-us.eu\/wp-content\/uploads\/2025\/07\/bracelet-lune-2-scaled.jpg\" \/>\n\t<meta property=\"og:image:width\" content=\"2442\" \/>\n\t<meta property=\"og:image:height\" content=\"2560\" \/>\n\t<meta property=\"og:image:type\" content=\"image\/jpeg\" \/>\n<meta name=\"twitter:card\" content=\"summary_large_image\" \/>\n<script type=\"application\/ld+json\" class=\"yoast-schema-graph\">{\"@context\":\"https:\/\/schema.org\",\"@graph\":[{\"@type\":\"WebPage\",\"@id\":\"https:\/\/www.spirit-us.eu\/index.php\/produit\/bracelet-en-pierre-de-soleil-vitalite-optimisme\/\",\"url\":\"https:\/\/www.spirit-us.eu\/index.php\/produit\/bracelet-en-pierre-de-soleil-vitalite-optimisme\/\",\"name\":\"BRACELET en PIERRE DE SOLEIL - vitalit\u00e9 & optimisme - Spirit-US\",\"isPartOf\":{\"@id\":\"https:\/\/www.spirit-us.eu\/#website\"},\"primaryImageOfPage\":{\"@id\":\"https:\/\/www.spirit-us.eu\/index.php\/produit\/bracelet-en-pierre-de-soleil-vitalite-optimisme\/#primaryimage\"},\"image\":{\"@id\":\"https:\/\/www.spirit-us.eu\/index.php\/produit\/bracelet-en-pierre-de-soleil-vitalite-optimisme\/#primaryimage\"},\"thumbnailUrl\":\"https:\/\/www.spirit-us.eu\/wp-content\/uploads\/2025\/07\/bracelet-lune-2-scaled.jpg\",\"datePublished\":\"2025-07-25T06:00:40+00:00\",\"dateModified\":\"2025-12-17T09:47:34+00:00\",\"breadcrumb\":{\"@id\":\"https:\/\/www.spirit-us.eu\/index.php\/produit\/bracelet-en-pierre-de-soleil-vitalite-optimisme\/#breadcrumb\"},\"inLanguage\":\"fr-FR\",\"potentialAction\":[{\"@type\":\"ReadAction\",\"target\":[\"https:\/\/www.spirit-us.eu\/index.php\/produit\/bracelet-en-pierre-de-soleil-vitalite-optimisme\/\"]}]},{\"@type\":\"ImageObject\",\"inLanguage\":\"fr-FR\",\"@id\":\"https:\/\/www.spirit-us.eu\/index.php\/produit\/bracelet-en-pierre-de-soleil-vitalite-optimisme\/#primaryimage\",\"url\":\"https:\/\/www.spirit-us.eu\/wp-content\/uploads\/2025\/07\/bracelet-lune-2-scaled.jpg\",\"contentUrl\":\"https:\/\/www.spirit-us.eu\/wp-content\/uploads\/2025\/07\/bracelet-lune-2-scaled.jpg\",\"width\":2442,\"height\":2560},{\"@type\":\"BreadcrumbList\",\"@id\":\"https:\/\/www.spirit-us.eu\/index.php\/produit\/bracelet-en-pierre-de-soleil-vitalite-optimisme\/#breadcrumb\",\"itemListElement\":[{\"@type\":\"ListItem\",\"position\":1,\"name\":\"Accueil\",\"item\":\"https:\/\/www.spirit-us.eu\/\"},{\"@type\":\"ListItem\",\"position\":2,\"name\":\"Boutique\",\"item\":\"https:\/\/www.spirit-us.eu\/index.php\/boutique\/\"},{\"@type\":\"ListItem\",\"position\":3,\"name\":\"BRACELET en PIERRE DE SOLEIL &#8211; vitalit\u00e9 &#038; optimisme\"}]},{\"@type\":\"WebSite\",\"@id\":\"https:\/\/www.spirit-us.eu\/#website\",\"url\":\"https:\/\/www.spirit-us.eu\/\",\"name\":\"Spirit-US\",\"description\":\"\",\"publisher\":{\"@id\":\"https:\/\/www.spirit-us.eu\/#organization\"},\"potentialAction\":[{\"@type\":\"SearchAction\",\"target\":{\"@type\":\"EntryPoint\",\"urlTemplate\":\"https:\/\/www.spirit-us.eu\/?s={search_term_string}\"},\"query-input\":{\"@type\":\"PropertyValueSpecification\",\"valueRequired\":true,\"valueName\":\"search_term_string\"}}],\"inLanguage\":\"fr-FR\"},{\"@type\":\"Organization\",\"@id\":\"https:\/\/www.spirit-us.eu\/#organization\",\"name\":\"Spirit-US\",\"url\":\"https:\/\/www.spirit-us.eu\/\",\"logo\":{\"@type\":\"ImageObject\",\"inLanguage\":\"fr-FR\",\"@id\":\"https:\/\/www.spirit-us.eu\/#\/schema\/logo\/image\/\",\"url\":\"https:\/\/www.spirit-us.eu\/wp-content\/uploads\/2025\/11\/logo-regarde-linterlocutrice-sans-arrriere-plan.jpg\",\"contentUrl\":\"https:\/\/www.spirit-us.eu\/wp-content\/uploads\/2025\/11\/logo-regarde-linterlocutrice-sans-arrriere-plan.jpg\",\"width\":1080,\"height\":1080,\"caption\":\"Spirit-US\"},\"image\":{\"@id\":\"https:\/\/www.spirit-us.eu\/#\/schema\/logo\/image\/\"},\"sameAs\":[\"https:\/\/www.facebook.com\/spirit.us.deum\"]}]}<\/script>\n<!-- \/ Yoast SEO plugin. -->","yoast_head_json":{"title":"BRACELET en PIERRE DE SOLEIL - vitalit\u00e9 & optimisme - Spirit-US","robots":{"index":"index","follow":"follow","max-snippet":"max-snippet:-1","max-image-preview":"max-image-preview:large","max-video-preview":"max-video-preview:-1"},"canonical":"https:\/\/www.spirit-us.eu\/index.php\/produit\/bracelet-en-pierre-de-soleil-vitalite-optimisme\/","og_locale":"fr_FR","og_type":"article","og_title":"BRACELET en PIERRE DE SOLEIL - vitalit\u00e9 & optimisme - Spirit-US","og_description":"Adorable bracelet en pierre de soleil, avec une breloque en nacre et acier dor\u00e9 repr\u00e9sentant un croissant de lune.\u00a0 Les pierres naturelles de couleurs rose saumon sont ponctu\u00e9es de quatre perles de m\u00e9tal dor\u00e9, qui apportent encore plus de lumi\u00e8re \u00e0 ce bijou tout en douceur et en nuances.\u00a0 La pierre de soleil refl\u00e8te la lumi\u00e8re de fa\u00e7on tr\u00e8s esth\u00e9tique. \u00a0Cette pierre naturelle a pour bienfaits de diffuser beaucoup de vitalit\u00e9, de bonne humeur, d'optimisme, de faciliter l'expression corporelle et de favoriser le l\u00e2cher prise et aiderait \u00e0 se d\u00e9tacher du regard des autres. Elle correspond au chakra sacr\u00e9. C'est un tr\u00e8s joli cadeau \u00e0 offrir \u00e0 une personne douce, artiste, \u00e9nergique ou sportive - ou un cadeau \u00e0 s'offrir, juste pour sa beaut\u00e9.\u00a0 Vous pouvez le porter en synergie avec d'autres bracelets, nous vous proposons quelques id\u00e9es dans la galerie de photos.","og_url":"https:\/\/www.spirit-us.eu\/index.php\/produit\/bracelet-en-pierre-de-soleil-vitalite-optimisme\/","og_site_name":"Spirit-US","article_publisher":"https:\/\/www.facebook.com\/spirit.us.deum","article_modified_time":"2025-12-17T09:47:34+00:00","og_image":[{"width":2442,"height":2560,"url":"https:\/\/www.spirit-us.eu\/wp-content\/uploads\/2025\/07\/bracelet-lune-2-scaled.jpg","type":"image\/jpeg"}],"twitter_card":"summary_large_image","schema":{"@context":"https:\/\/schema.org","@graph":[{"@type":"WebPage","@id":"https:\/\/www.spirit-us.eu\/index.php\/produit\/bracelet-en-pierre-de-soleil-vitalite-optimisme\/","url":"https:\/\/www.spirit-us.eu\/index.php\/produit\/bracelet-en-pierre-de-soleil-vitalite-optimisme\/","name":"BRACELET en PIERRE DE SOLEIL - vitalit\u00e9 & optimisme - Spirit-US","isPartOf":{"@id":"https:\/\/www.spirit-us.eu\/#website"},"primaryImageOfPage":{"@id":"https:\/\/www.spirit-us.eu\/index.php\/produit\/bracelet-en-pierre-de-soleil-vitalite-optimisme\/#primaryimage"},"image":{"@id":"https:\/\/www.spirit-us.eu\/index.php\/produit\/bracelet-en-pierre-de-soleil-vitalite-optimisme\/#primaryimage"},"thumbnailUrl":"https:\/\/www.spirit-us.eu\/wp-content\/uploads\/2025\/07\/bracelet-lune-2-scaled.jpg","datePublished":"2025-07-25T06:00:40+00:00","dateModified":"2025-12-17T09:47:34+00:00","breadcrumb":{"@id":"https:\/\/www.spirit-us.eu\/index.php\/produit\/bracelet-en-pierre-de-soleil-vitalite-optimisme\/#breadcrumb"},"inLanguage":"fr-FR","potentialAction":[{"@type":"ReadAction","target":["https:\/\/www.spirit-us.eu\/index.php\/produit\/bracelet-en-pierre-de-soleil-vitalite-optimisme\/"]}]},{"@type":"ImageObject","inLanguage":"fr-FR","@id":"https:\/\/www.spirit-us.eu\/index.php\/produit\/bracelet-en-pierre-de-soleil-vitalite-optimisme\/#primaryimage","url":"https:\/\/www.spirit-us.eu\/wp-content\/uploads\/2025\/07\/bracelet-lune-2-scaled.jpg","contentUrl":"https:\/\/www.spirit-us.eu\/wp-content\/uploads\/2025\/07\/bracelet-lune-2-scaled.jpg","width":2442,"height":2560},{"@type":"BreadcrumbList","@id":"https:\/\/www.spirit-us.eu\/index.php\/produit\/bracelet-en-pierre-de-soleil-vitalite-optimisme\/#breadcrumb","itemListElement":[{"@type":"ListItem","position":1,"name":"Accueil","item":"https:\/\/www.spirit-us.eu\/"},{"@type":"ListItem","position":2,"name":"Boutique","item":"https:\/\/www.spirit-us.eu\/index.php\/boutique\/"},{"@type":"ListItem","position":3,"name":"BRACELET en PIERRE DE SOLEIL &#8211; vitalit\u00e9 &#038; optimisme"}]},{"@type":"WebSite","@id":"https:\/\/www.spirit-us.eu\/#website","url":"https:\/\/www.spirit-us.eu\/","name":"Spirit-US","description":"","publisher":{"@id":"https:\/\/www.spirit-us.eu\/#organization"},"potentialAction":[{"@type":"SearchAction","target":{"@type":"EntryPoint","urlTemplate":"https:\/\/www.spirit-us.eu\/?s={search_term_string}"},"query-input":{"@type":"PropertyValueSpecification","valueRequired":true,"valueName":"search_term_string"}}],"inLanguage":"fr-FR"},{"@type":"Organization","@id":"https:\/\/www.spirit-us.eu\/#organization","name":"Spirit-US","url":"https:\/\/www.spirit-us.eu\/","logo":{"@type":"ImageObject","inLanguage":"fr-FR","@id":"https:\/\/www.spirit-us.eu\/#\/schema\/logo\/image\/","url":"https:\/\/www.spirit-us.eu\/wp-content\/uploads\/2025\/11\/logo-regarde-linterlocutrice-sans-arrriere-plan.jpg","contentUrl":"https:\/\/www.spirit-us.eu\/wp-content\/uploads\/2025\/11\/logo-regarde-linterlocutrice-sans-arrriere-plan.jpg","width":1080,"height":1080,"caption":"Spirit-US"},"image":{"@id":"https:\/\/www.spirit-us.eu\/#\/schema\/logo\/image\/"},"sameAs":["https:\/\/www.facebook.com\/spirit.us.deum"]}]}},"jetpack_sharing_enabled":true,"_links":{"self":[{"href":"https:\/\/www.spirit-us.eu\/index.php\/wp-json\/wp\/v2\/product\/1934","targetHints":{"allow":["GET"]}}],"collection":[{"href":"https:\/\/www.spirit-us.eu\/index.php\/wp-json\/wp\/v2\/product"}],"about":[{"href":"https:\/\/www.spirit-us.eu\/index.php\/wp-json\/wp\/v2\/types\/product"}],"replies":[{"embeddable":true,"href":"https:\/\/www.spirit-us.eu\/index.php\/wp-json\/wp\/v2\/comments?post=1934"}],"wp:featuredmedia":[{"embeddable":true,"href":"https:\/\/www.spirit-us.eu\/index.php\/wp-json\/wp\/v2\/media\/1936"}],"wp:attachment":[{"href":"https:\/\/www.spirit-us.eu\/index.php\/wp-json\/wp\/v2\/media?parent=1934"}],"wp:term":[{"taxonomy":"product_brand","embeddable":true,"href":"https:\/\/www.spirit-us.eu\/index.php\/wp-json\/wp\/v2\/product_brand?post=1934"},{"taxonomy":"product_cat","embeddable":true,"href":"https:\/\/www.spirit-us.eu\/index.php\/wp-json\/wp\/v2\/product_cat?post=1934"},{"taxonomy":"product_tag","embeddable":true,"href":"https:\/\/www.spirit-us.eu\/index.php\/wp-json\/wp\/v2\/product_tag?post=1934"},{"taxonomy":"mwb_booking_cost","embeddable":true,"href":"https:\/\/www.spirit-us.eu\/index.php\/wp-json\/wp\/v2\/mwb_booking_cost?post=1934"},{"taxonomy":"mwb_booking_service","embeddable":true,"href":"https:\/\/www.spirit-us.eu\/index.php\/wp-json\/wp\/v2\/mwb_booking_service?post=1934"}],"curies":[{"name":"wp","href":"https:\/\/api.w.org\/{rel}","templated":true}]}}