{"id":1908,"date":"2025-07-20T14:05:48","date_gmt":"2025-07-20T12:05:48","guid":{"rendered":"https:\/\/www.spirit-us.eu\/?post_type=product&#038;p=1908"},"modified":"2025-12-17T10:47:55","modified_gmt":"2025-12-17T09:47:55","slug":"bracelet-en-oeil-de-tigre-pour-homme","status":"publish","type":"product","link":"https:\/\/www.spirit-us.eu\/index.php\/produit\/bracelet-en-oeil-de-tigre-pour-homme\/","title":{"rendered":"BRACELET en \u0152IL de TIGRE, TOURMALINE &#038; LABRADORITE  &#8211; pour homme"},"content":{"rendered":"<p style=\"text-align: justify;\"><strong>Nature des pierres<\/strong> <strong>naturelles<\/strong> :\u00a0 \u0153il de tigre, tourmaline, labradorite<\/p>\n<p style=\"text-align: justify;\"><strong>Fa\u00e7on du bijou<\/strong> : pierres roul\u00e9es de fa\u00e7on artisanale \u2013 mont\u00e9es sur fil \u00e9lastique<\/p>\n<p style=\"text-align: justify;\"><strong>Couleurs<\/strong> : plusieurs couleurs dans la m\u00eame gamme : noir, gris fonc\u00e9, gris clair, marron fonc\u00e9 et marron ambr\u00e9<\/p>\n<p style=\"text-align: justify;\"><strong>Origine<\/strong> : Br\u00e9sil<\/p>\n<p style=\"text-align: justify;\"><strong>Dimensions du bijou<\/strong> : 26 \u00e0 27 cm (l\u00e9g\u00e8rement extensible)<\/p>\n<p style=\"text-align: justify;\"><strong>Dimension des perles<\/strong> :\u00a0 1 cm<\/p>\n<p style=\"text-align: justify;\">Les dimensions sont calcul\u00e9es pour le poignet d&rsquo;un homme.<\/p>\n","protected":false},"excerpt":{"rendered":"<p>Tr\u00e8s beau bracelet en perles roul\u00e9es, qu\u2019on peut porter en synergie avec d\u2019autres pierres comme l&rsquo;h\u00e9matite. La tourmaline aide \u00e0 surmonter les difficult\u00e9s de la vie, \u00e0 changer ce qu\u2019on peut \u00a0et donne le courage d\u2019accepter ce qu\u2019on ne peut pas changer. Elle permet de faire la paix avec son pass\u00e9 et d\u2019identifier l\u2019origine de certains blocages souvent li\u00e9s \u00e0 l\u2019enfance. Les blessures \u00e9motionnelles des exp\u00e9riences pass\u00e9es se transforment en douce gu\u00e9rison. Pierre d\u2019ancrage, la tourmaline brune donne le sens des responsabilit\u00e9s et une pleine conscience de la r\u00e9alit\u00e9. L&rsquo;\u0153il de tigre est une pierre associ\u00e9e \u00e0 la protection, au courage et \u00e0 la confiance en soi. La Labradorite quant \u00e0 elle, est extr\u00eamement protectrice en absorbant le n\u00e9gatif mais aussi en \u00e9tant un bouclier \u00e0 part enti\u00e8re. La Labradorite prot\u00e8ge \u00e0 la fois du n\u00e9gatif environnant et \u00e0 la fois en l&rsquo;absorbant jusqu&rsquo;\u00e0 ce qu&rsquo;il soit totalement dissout. Un cadeau puissant de protection \u00e0 tous les niveaux \u00e0 faire ou \u00e0 se faire.<\/p>\n","protected":false},"featured_media":1909,"comment_status":"open","ping_status":"closed","template":"","meta":[],"product_brand":[],"product_cat":[156,460,17],"product_tag":[185,220,188,276,271,169],"mwb_booking_cost":[],"mwb_booking_service":[],"class_list":{"0":"post-1908","1":"product","2":"type-product","3":"status-publish","4":"has-post-thumbnail","6":"product_cat-04-bijoux","7":"product_cat-bracelets","8":"product_cat-tous-les-produits","9":"product_tag-chakra-etoile-de-la-terre","10":"product_tag-chakra-terre","11":"product_tag-chakras-collection","12":"product_tag-oeil-de-tigre","13":"product_tag-ondes-negatives","14":"product_tag-protection","16":"first","17":"instock","18":"shipping-taxable","19":"purchasable","20":"product-type-simple"},"yoast_head":"<!-- This site is optimized with the Yoast SEO plugin v27.1.1 - https:\/\/yoast.com\/product\/yoast-seo-wordpress\/ -->\n<title>BRACELET en \u0152IL de TIGRE, TOURMALINE &amp; LABRADORITE - pour homme - Spirit-US<\/title>\n<meta name=\"robots\" content=\"index, follow, max-snippet:-1, max-image-preview:large, max-video-preview:-1\" \/>\n<link rel=\"canonical\" href=\"https:\/\/www.spirit-us.eu\/index.php\/produit\/bracelet-en-oeil-de-tigre-pour-homme\/\" \/>\n<meta property=\"og:locale\" content=\"fr_FR\" \/>\n<meta property=\"og:type\" content=\"article\" \/>\n<meta property=\"og:title\" content=\"BRACELET en \u0152IL de TIGRE, TOURMALINE &amp; LABRADORITE - pour homme - Spirit-US\" \/>\n<meta property=\"og:description\" content=\"Tr\u00e8s beau bracelet en perles roul\u00e9es, qu\u2019on peut porter en synergie avec d\u2019autres pierres comme l&#039;h\u00e9matite. La tourmaline aide \u00e0 surmonter les difficult\u00e9s de la vie, \u00e0 changer ce qu\u2019on peut \u00a0et donne le courage d\u2019accepter ce qu\u2019on ne peut pas changer. Elle permet de faire la paix avec son pass\u00e9 et d\u2019identifier l\u2019origine de certains blocages souvent li\u00e9s \u00e0 l\u2019enfance. Les blessures \u00e9motionnelles des exp\u00e9riences pass\u00e9es se transforment en douce gu\u00e9rison. Pierre d\u2019ancrage, la tourmaline brune donne le sens des responsabilit\u00e9s et une pleine conscience de la r\u00e9alit\u00e9. L&#039;\u0153il de tigre est une pierre associ\u00e9e \u00e0 la protection, au courage et \u00e0 la confiance en soi. La Labradorite quant \u00e0 elle, est extr\u00eamement protectrice en absorbant le n\u00e9gatif mais aussi en \u00e9tant un bouclier \u00e0 part enti\u00e8re. La Labradorite prot\u00e8ge \u00e0 la fois du n\u00e9gatif environnant et \u00e0 la fois en l&#039;absorbant jusqu&#039;\u00e0 ce qu&#039;il soit totalement dissout. Un cadeau puissant de protection \u00e0 tous les niveaux \u00e0 faire ou \u00e0 se faire.\" \/>\n<meta property=\"og:url\" content=\"https:\/\/www.spirit-us.eu\/index.php\/produit\/bracelet-en-oeil-de-tigre-pour-homme\/\" \/>\n<meta property=\"og:site_name\" content=\"Spirit-US\" \/>\n<meta property=\"article:publisher\" content=\"https:\/\/www.facebook.com\/spirit.us.deum\" \/>\n<meta property=\"article:modified_time\" content=\"2025-12-17T09:47:55+00:00\" \/>\n<meta property=\"og:image\" content=\"https:\/\/www.spirit-us.eu\/wp-content\/uploads\/2025\/07\/bracelet-homme-oeil-de-tigre-image-produit.png\" \/>\n\t<meta property=\"og:image:width\" content=\"1080\" \/>\n\t<meta property=\"og:image:height\" content=\"1080\" \/>\n\t<meta property=\"og:image:type\" content=\"image\/png\" \/>\n<meta name=\"twitter:card\" content=\"summary_large_image\" \/>\n<script type=\"application\/ld+json\" class=\"yoast-schema-graph\">{\"@context\":\"https:\/\/schema.org\",\"@graph\":[{\"@type\":\"WebPage\",\"@id\":\"https:\/\/www.spirit-us.eu\/index.php\/produit\/bracelet-en-oeil-de-tigre-pour-homme\/\",\"url\":\"https:\/\/www.spirit-us.eu\/index.php\/produit\/bracelet-en-oeil-de-tigre-pour-homme\/\",\"name\":\"BRACELET en \u0152IL de TIGRE, TOURMALINE & LABRADORITE - pour homme - Spirit-US\",\"isPartOf\":{\"@id\":\"https:\/\/www.spirit-us.eu\/#website\"},\"primaryImageOfPage\":{\"@id\":\"https:\/\/www.spirit-us.eu\/index.php\/produit\/bracelet-en-oeil-de-tigre-pour-homme\/#primaryimage\"},\"image\":{\"@id\":\"https:\/\/www.spirit-us.eu\/index.php\/produit\/bracelet-en-oeil-de-tigre-pour-homme\/#primaryimage\"},\"thumbnailUrl\":\"https:\/\/www.spirit-us.eu\/wp-content\/uploads\/2025\/07\/bracelet-homme-oeil-de-tigre-image-produit.png\",\"datePublished\":\"2025-07-20T12:05:48+00:00\",\"dateModified\":\"2025-12-17T09:47:55+00:00\",\"breadcrumb\":{\"@id\":\"https:\/\/www.spirit-us.eu\/index.php\/produit\/bracelet-en-oeil-de-tigre-pour-homme\/#breadcrumb\"},\"inLanguage\":\"fr-FR\",\"potentialAction\":[{\"@type\":\"ReadAction\",\"target\":[\"https:\/\/www.spirit-us.eu\/index.php\/produit\/bracelet-en-oeil-de-tigre-pour-homme\/\"]}]},{\"@type\":\"ImageObject\",\"inLanguage\":\"fr-FR\",\"@id\":\"https:\/\/www.spirit-us.eu\/index.php\/produit\/bracelet-en-oeil-de-tigre-pour-homme\/#primaryimage\",\"url\":\"https:\/\/www.spirit-us.eu\/wp-content\/uploads\/2025\/07\/bracelet-homme-oeil-de-tigre-image-produit.png\",\"contentUrl\":\"https:\/\/www.spirit-us.eu\/wp-content\/uploads\/2025\/07\/bracelet-homme-oeil-de-tigre-image-produit.png\",\"width\":1080,\"height\":1080},{\"@type\":\"BreadcrumbList\",\"@id\":\"https:\/\/www.spirit-us.eu\/index.php\/produit\/bracelet-en-oeil-de-tigre-pour-homme\/#breadcrumb\",\"itemListElement\":[{\"@type\":\"ListItem\",\"position\":1,\"name\":\"Accueil\",\"item\":\"https:\/\/www.spirit-us.eu\/\"},{\"@type\":\"ListItem\",\"position\":2,\"name\":\"Boutique\",\"item\":\"https:\/\/www.spirit-us.eu\/index.php\/boutique\/\"},{\"@type\":\"ListItem\",\"position\":3,\"name\":\"BRACELET en \u0152IL de TIGRE, TOURMALINE &#038; LABRADORITE &#8211; pour homme\"}]},{\"@type\":\"WebSite\",\"@id\":\"https:\/\/www.spirit-us.eu\/#website\",\"url\":\"https:\/\/www.spirit-us.eu\/\",\"name\":\"Spirit-US\",\"description\":\"\",\"publisher\":{\"@id\":\"https:\/\/www.spirit-us.eu\/#organization\"},\"potentialAction\":[{\"@type\":\"SearchAction\",\"target\":{\"@type\":\"EntryPoint\",\"urlTemplate\":\"https:\/\/www.spirit-us.eu\/?s={search_term_string}\"},\"query-input\":{\"@type\":\"PropertyValueSpecification\",\"valueRequired\":true,\"valueName\":\"search_term_string\"}}],\"inLanguage\":\"fr-FR\"},{\"@type\":\"Organization\",\"@id\":\"https:\/\/www.spirit-us.eu\/#organization\",\"name\":\"Spirit-US\",\"url\":\"https:\/\/www.spirit-us.eu\/\",\"logo\":{\"@type\":\"ImageObject\",\"inLanguage\":\"fr-FR\",\"@id\":\"https:\/\/www.spirit-us.eu\/#\/schema\/logo\/image\/\",\"url\":\"https:\/\/www.spirit-us.eu\/wp-content\/uploads\/2025\/11\/logo-regarde-linterlocutrice-sans-arrriere-plan.jpg\",\"contentUrl\":\"https:\/\/www.spirit-us.eu\/wp-content\/uploads\/2025\/11\/logo-regarde-linterlocutrice-sans-arrriere-plan.jpg\",\"width\":1080,\"height\":1080,\"caption\":\"Spirit-US\"},\"image\":{\"@id\":\"https:\/\/www.spirit-us.eu\/#\/schema\/logo\/image\/\"},\"sameAs\":[\"https:\/\/www.facebook.com\/spirit.us.deum\"]}]}<\/script>\n<!-- \/ Yoast SEO plugin. -->","yoast_head_json":{"title":"BRACELET en \u0152IL de TIGRE, TOURMALINE & LABRADORITE - pour homme - Spirit-US","robots":{"index":"index","follow":"follow","max-snippet":"max-snippet:-1","max-image-preview":"max-image-preview:large","max-video-preview":"max-video-preview:-1"},"canonical":"https:\/\/www.spirit-us.eu\/index.php\/produit\/bracelet-en-oeil-de-tigre-pour-homme\/","og_locale":"fr_FR","og_type":"article","og_title":"BRACELET en \u0152IL de TIGRE, TOURMALINE & LABRADORITE - pour homme - Spirit-US","og_description":"Tr\u00e8s beau bracelet en perles roul\u00e9es, qu\u2019on peut porter en synergie avec d\u2019autres pierres comme l'h\u00e9matite. La tourmaline aide \u00e0 surmonter les difficult\u00e9s de la vie, \u00e0 changer ce qu\u2019on peut \u00a0et donne le courage d\u2019accepter ce qu\u2019on ne peut pas changer. Elle permet de faire la paix avec son pass\u00e9 et d\u2019identifier l\u2019origine de certains blocages souvent li\u00e9s \u00e0 l\u2019enfance. Les blessures \u00e9motionnelles des exp\u00e9riences pass\u00e9es se transforment en douce gu\u00e9rison. Pierre d\u2019ancrage, la tourmaline brune donne le sens des responsabilit\u00e9s et une pleine conscience de la r\u00e9alit\u00e9. L'\u0153il de tigre est une pierre associ\u00e9e \u00e0 la protection, au courage et \u00e0 la confiance en soi. La Labradorite quant \u00e0 elle, est extr\u00eamement protectrice en absorbant le n\u00e9gatif mais aussi en \u00e9tant un bouclier \u00e0 part enti\u00e8re. La Labradorite prot\u00e8ge \u00e0 la fois du n\u00e9gatif environnant et \u00e0 la fois en l'absorbant jusqu'\u00e0 ce qu'il soit totalement dissout. Un cadeau puissant de protection \u00e0 tous les niveaux \u00e0 faire ou \u00e0 se faire.","og_url":"https:\/\/www.spirit-us.eu\/index.php\/produit\/bracelet-en-oeil-de-tigre-pour-homme\/","og_site_name":"Spirit-US","article_publisher":"https:\/\/www.facebook.com\/spirit.us.deum","article_modified_time":"2025-12-17T09:47:55+00:00","og_image":[{"width":1080,"height":1080,"url":"https:\/\/www.spirit-us.eu\/wp-content\/uploads\/2025\/07\/bracelet-homme-oeil-de-tigre-image-produit.png","type":"image\/png"}],"twitter_card":"summary_large_image","schema":{"@context":"https:\/\/schema.org","@graph":[{"@type":"WebPage","@id":"https:\/\/www.spirit-us.eu\/index.php\/produit\/bracelet-en-oeil-de-tigre-pour-homme\/","url":"https:\/\/www.spirit-us.eu\/index.php\/produit\/bracelet-en-oeil-de-tigre-pour-homme\/","name":"BRACELET en \u0152IL de TIGRE, TOURMALINE & LABRADORITE - pour homme - Spirit-US","isPartOf":{"@id":"https:\/\/www.spirit-us.eu\/#website"},"primaryImageOfPage":{"@id":"https:\/\/www.spirit-us.eu\/index.php\/produit\/bracelet-en-oeil-de-tigre-pour-homme\/#primaryimage"},"image":{"@id":"https:\/\/www.spirit-us.eu\/index.php\/produit\/bracelet-en-oeil-de-tigre-pour-homme\/#primaryimage"},"thumbnailUrl":"https:\/\/www.spirit-us.eu\/wp-content\/uploads\/2025\/07\/bracelet-homme-oeil-de-tigre-image-produit.png","datePublished":"2025-07-20T12:05:48+00:00","dateModified":"2025-12-17T09:47:55+00:00","breadcrumb":{"@id":"https:\/\/www.spirit-us.eu\/index.php\/produit\/bracelet-en-oeil-de-tigre-pour-homme\/#breadcrumb"},"inLanguage":"fr-FR","potentialAction":[{"@type":"ReadAction","target":["https:\/\/www.spirit-us.eu\/index.php\/produit\/bracelet-en-oeil-de-tigre-pour-homme\/"]}]},{"@type":"ImageObject","inLanguage":"fr-FR","@id":"https:\/\/www.spirit-us.eu\/index.php\/produit\/bracelet-en-oeil-de-tigre-pour-homme\/#primaryimage","url":"https:\/\/www.spirit-us.eu\/wp-content\/uploads\/2025\/07\/bracelet-homme-oeil-de-tigre-image-produit.png","contentUrl":"https:\/\/www.spirit-us.eu\/wp-content\/uploads\/2025\/07\/bracelet-homme-oeil-de-tigre-image-produit.png","width":1080,"height":1080},{"@type":"BreadcrumbList","@id":"https:\/\/www.spirit-us.eu\/index.php\/produit\/bracelet-en-oeil-de-tigre-pour-homme\/#breadcrumb","itemListElement":[{"@type":"ListItem","position":1,"name":"Accueil","item":"https:\/\/www.spirit-us.eu\/"},{"@type":"ListItem","position":2,"name":"Boutique","item":"https:\/\/www.spirit-us.eu\/index.php\/boutique\/"},{"@type":"ListItem","position":3,"name":"BRACELET en \u0152IL de TIGRE, TOURMALINE &#038; LABRADORITE &#8211; pour homme"}]},{"@type":"WebSite","@id":"https:\/\/www.spirit-us.eu\/#website","url":"https:\/\/www.spirit-us.eu\/","name":"Spirit-US","description":"","publisher":{"@id":"https:\/\/www.spirit-us.eu\/#organization"},"potentialAction":[{"@type":"SearchAction","target":{"@type":"EntryPoint","urlTemplate":"https:\/\/www.spirit-us.eu\/?s={search_term_string}"},"query-input":{"@type":"PropertyValueSpecification","valueRequired":true,"valueName":"search_term_string"}}],"inLanguage":"fr-FR"},{"@type":"Organization","@id":"https:\/\/www.spirit-us.eu\/#organization","name":"Spirit-US","url":"https:\/\/www.spirit-us.eu\/","logo":{"@type":"ImageObject","inLanguage":"fr-FR","@id":"https:\/\/www.spirit-us.eu\/#\/schema\/logo\/image\/","url":"https:\/\/www.spirit-us.eu\/wp-content\/uploads\/2025\/11\/logo-regarde-linterlocutrice-sans-arrriere-plan.jpg","contentUrl":"https:\/\/www.spirit-us.eu\/wp-content\/uploads\/2025\/11\/logo-regarde-linterlocutrice-sans-arrriere-plan.jpg","width":1080,"height":1080,"caption":"Spirit-US"},"image":{"@id":"https:\/\/www.spirit-us.eu\/#\/schema\/logo\/image\/"},"sameAs":["https:\/\/www.facebook.com\/spirit.us.deum"]}]}},"jetpack_sharing_enabled":true,"_links":{"self":[{"href":"https:\/\/www.spirit-us.eu\/index.php\/wp-json\/wp\/v2\/product\/1908","targetHints":{"allow":["GET"]}}],"collection":[{"href":"https:\/\/www.spirit-us.eu\/index.php\/wp-json\/wp\/v2\/product"}],"about":[{"href":"https:\/\/www.spirit-us.eu\/index.php\/wp-json\/wp\/v2\/types\/product"}],"replies":[{"embeddable":true,"href":"https:\/\/www.spirit-us.eu\/index.php\/wp-json\/wp\/v2\/comments?post=1908"}],"wp:featuredmedia":[{"embeddable":true,"href":"https:\/\/www.spirit-us.eu\/index.php\/wp-json\/wp\/v2\/media\/1909"}],"wp:attachment":[{"href":"https:\/\/www.spirit-us.eu\/index.php\/wp-json\/wp\/v2\/media?parent=1908"}],"wp:term":[{"taxonomy":"product_brand","embeddable":true,"href":"https:\/\/www.spirit-us.eu\/index.php\/wp-json\/wp\/v2\/product_brand?post=1908"},{"taxonomy":"product_cat","embeddable":true,"href":"https:\/\/www.spirit-us.eu\/index.php\/wp-json\/wp\/v2\/product_cat?post=1908"},{"taxonomy":"product_tag","embeddable":true,"href":"https:\/\/www.spirit-us.eu\/index.php\/wp-json\/wp\/v2\/product_tag?post=1908"},{"taxonomy":"mwb_booking_cost","embeddable":true,"href":"https:\/\/www.spirit-us.eu\/index.php\/wp-json\/wp\/v2\/mwb_booking_cost?post=1908"},{"taxonomy":"mwb_booking_service","embeddable":true,"href":"https:\/\/www.spirit-us.eu\/index.php\/wp-json\/wp\/v2\/mwb_booking_service?post=1908"}],"curies":[{"name":"wp","href":"https:\/\/api.w.org\/{rel}","templated":true}]}}