{"id":1902,"date":"2025-07-20T13:17:25","date_gmt":"2025-07-20T11:17:25","guid":{"rendered":"https:\/\/www.spirit-us.eu\/?post_type=product&#038;p=1902"},"modified":"2025-12-17T17:58:46","modified_gmt":"2025-12-17T16:58:46","slug":"chapelet-en-hematite-protection-divine","status":"publish","type":"product","link":"https:\/\/www.spirit-us.eu\/index.php\/produit\/chapelet-en-hematite-protection-divine\/","title":{"rendered":"Chapelet en HEMATITE &#8211; protection divine"},"content":{"rendered":"<p style=\"text-align: justify;\">Chapelet manufactur\u00e9 en h\u00e9matite, perles de verre et acier.<\/p>\n<p style=\"text-align: justify;\"><strong>Couleurs<\/strong>\u00a0: noir\/gris tr\u00e8s fonc\u00e9 \u2013 bleu<\/p>\n<p style=\"text-align: justify;\"><strong>Fa\u00e7on\u00a0<\/strong>: mont\u00e9 sur fil solide \u2013 artisanal 100% &#8211; 3 types de perles \u2013 crucifix en acier argent\u00e9<\/p>\n<p style=\"text-align: justify;\"><strong>Perles<\/strong> :<\/p>\n<ul style=\"text-align: justify;\">\n<li>4 petites perles cylindriques, interm\u00e9diaires entre les dizaines, en h\u00e9matite<\/li>\n<li>70 perles d\u2019h\u00e9matite roul\u00e9es, 10 par dizaine et 7 dizaines<\/li>\n<li>13 perles de verre bleues translucides pour le Gloria entre les dizaines<\/li>\n<\/ul>\n<p style=\"text-align: justify;\"><strong>Dimensions\u00a0:<\/strong><\/p>\n<ul style=\"text-align: justify;\">\n<li>Dimension des perles roul\u00e9es : 5 mm<\/li>\n<li>Longueur totale du chapelet\u00a0: 102 cm<\/li>\n<\/ul>\n<p style=\"text-align: justify;\"><strong>Origine<\/strong> : France<\/p>\n<p style=\"text-align: justify;\">Chapelet 100% artisanal cr\u00e9\u00e9 selon la tradition.<\/p>\n<p style=\"text-align: justify;\">Il est d\u00e9di\u00e9 au Christ Sauveur et \u00e0 saint Michel archange Protecteur <em>divin;<\/em> livr\u00e9 b\u00e9ni dans une pochette de velours bleu. La pri\u00e8re de b\u00e9n\u00e9diction est \u00e9galement fournie, afin que vous puissiez re-b\u00e9nir annuellement votre chapelet.<\/p>\n","protected":false},"excerpt":{"rendered":"<p style=\"text-align: justify;\">Chapelet magnifique en perles d&rsquo;h\u00e9matite noire et de verre bleu translucide, d\u00e9gageant une \u00e9nergie de protection, de concentration et de paix. Il sera votre compagnon quotidien dans la pri\u00e8re et les neuvaines. Il est livr\u00e9 consacr\u00e9 \u00e0 au Christ Sauveur et \u00e0 saint Michel et b\u00e9ni. Il est un cadeau id\u00e9al \u00e0 se faire ou \u00e0 offrir\u00a0 \u00e0 une personne pieuse en qu\u00eate de protection dans les \u00e9preuves de la vie. Les perles d&rsquo;h\u00e9matite favorisent la concentration et la protection dans la pri\u00e8re. L&rsquo;h\u00e9matite est reconnue en lithoth\u00e9rapie pour ses nombreuses vertus. Elle est souvent associ\u00e9e au chakra racine, favorisant l&rsquo;ancrage et l&rsquo;\u00e9quilibre. Sur le plan physique, elle est r\u00e9put\u00e9e pour soulager les maux de t\u00eate et les troubles oculaires. Sur le plan mental et \u00e9motionnel, elle est consid\u00e9r\u00e9e comme une pierre de protection qui aide \u00e0 lutter contre les \u00e9nergies n\u00e9gatives, favorise la confiance en soi et la communication.<\/p>\n<p style=\"text-align: justify;\"><em>Ce chapelet est id\u00e9al lorsque vous avez \u00e0 effectuer des neuvaines de protection.\u00a0 Les perles bleues sont d\u00e9di\u00e9es \u00e0 saint Michel archange, le Protecteur divin. Commandez ce chapelet, laissez-nous votre appr\u00e9ciation et recevez gracieusement un livret de neuvaine de protection au format .pdf\u00a0<\/em><\/p>\n<p>&nbsp;<\/p>\n","protected":false},"featured_media":1907,"comment_status":"open","ping_status":"closed","template":"","meta":[],"product_brand":[],"product_cat":[466,166,17],"product_tag":[275,274,169],"mwb_booking_cost":[],"mwb_booking_service":[],"class_list":{"0":"post-1902","1":"product","2":"type-product","3":"status-publish","4":"has-post-thumbnail","6":"product_cat-004-piete-protection","7":"product_cat-07-spiritualite-et-benedictions","8":"product_cat-tous-les-produits","9":"product_tag-attraction","10":"product_tag-hematite","11":"product_tag-protection","13":"first","14":"instock","15":"shipping-taxable","16":"purchasable","17":"product-type-simple"},"yoast_head":"<!-- This site is optimized with the Yoast SEO plugin v27.1.1 - https:\/\/yoast.com\/product\/yoast-seo-wordpress\/ -->\n<title>Chapelet en HEMATITE - protection divine - Spirit-US<\/title>\n<meta name=\"robots\" content=\"index, follow, max-snippet:-1, max-image-preview:large, max-video-preview:-1\" \/>\n<link rel=\"canonical\" href=\"https:\/\/www.spirit-us.eu\/index.php\/produit\/chapelet-en-hematite-protection-divine\/\" \/>\n<meta property=\"og:locale\" content=\"fr_FR\" \/>\n<meta property=\"og:type\" content=\"article\" \/>\n<meta property=\"og:title\" content=\"Chapelet en HEMATITE - protection divine - Spirit-US\" \/>\n<meta property=\"og:description\" content=\"Chapelet magnifique en perles d&#039;h\u00e9matite noire et de verre bleu translucide, d\u00e9gageant une \u00e9nergie de protection, de concentration et de paix. Il sera votre compagnon quotidien dans la pri\u00e8re et les neuvaines. Il est livr\u00e9 consacr\u00e9 \u00e0 au Christ Sauveur et \u00e0 saint Michel et b\u00e9ni. Il est un cadeau id\u00e9al \u00e0 se faire ou \u00e0 offrir\u00a0 \u00e0 une personne pieuse en qu\u00eate de protection dans les \u00e9preuves de la vie. Les perles d&#039;h\u00e9matite favorisent la concentration et la protection dans la pri\u00e8re. L&#039;h\u00e9matite est reconnue en lithoth\u00e9rapie pour ses nombreuses vertus. Elle est souvent associ\u00e9e au chakra racine, favorisant l&#039;ancrage et l&#039;\u00e9quilibre. Sur le plan physique, elle est r\u00e9put\u00e9e pour soulager les maux de t\u00eate et les troubles oculaires. Sur le plan mental et \u00e9motionnel, elle est consid\u00e9r\u00e9e comme une pierre de protection qui aide \u00e0 lutter contre les \u00e9nergies n\u00e9gatives, favorise la confiance en soi et la communication. Ce chapelet est id\u00e9al lorsque vous avez \u00e0 effectuer des neuvaines de protection.\u00a0 Les perles bleues sont d\u00e9di\u00e9es \u00e0 saint Michel archange, le Protecteur divin. Commandez ce chapelet, laissez-nous votre appr\u00e9ciation et recevez gracieusement un livret de neuvaine de protection au format .pdf\u00a0 &nbsp;\" \/>\n<meta property=\"og:url\" content=\"https:\/\/www.spirit-us.eu\/index.php\/produit\/chapelet-en-hematite-protection-divine\/\" \/>\n<meta property=\"og:site_name\" content=\"Spirit-US\" \/>\n<meta property=\"article:publisher\" content=\"https:\/\/www.facebook.com\/spirit.us.deum\" \/>\n<meta property=\"article:modified_time\" content=\"2025-12-17T16:58:46+00:00\" \/>\n<meta property=\"og:image\" content=\"https:\/\/www.spirit-us.eu\/wp-content\/uploads\/2025\/07\/chapelet-hematite-image-produit-definitive-1024x1024.png\" \/>\n\t<meta property=\"og:image:width\" content=\"1024\" \/>\n\t<meta property=\"og:image:height\" content=\"1024\" \/>\n\t<meta property=\"og:image:type\" content=\"image\/png\" \/>\n<meta name=\"twitter:card\" content=\"summary_large_image\" \/>\n<meta name=\"twitter:label1\" content=\"Dur\u00e9e de lecture estim\u00e9e\" \/>\n\t<meta name=\"twitter:data1\" content=\"1 minute\" \/>\n<script type=\"application\/ld+json\" class=\"yoast-schema-graph\">{\"@context\":\"https:\/\/schema.org\",\"@graph\":[{\"@type\":\"WebPage\",\"@id\":\"https:\/\/www.spirit-us.eu\/index.php\/produit\/chapelet-en-hematite-protection-divine\/\",\"url\":\"https:\/\/www.spirit-us.eu\/index.php\/produit\/chapelet-en-hematite-protection-divine\/\",\"name\":\"Chapelet en HEMATITE - protection divine - Spirit-US\",\"isPartOf\":{\"@id\":\"https:\/\/www.spirit-us.eu\/#website\"},\"primaryImageOfPage\":{\"@id\":\"https:\/\/www.spirit-us.eu\/index.php\/produit\/chapelet-en-hematite-protection-divine\/#primaryimage\"},\"image\":{\"@id\":\"https:\/\/www.spirit-us.eu\/index.php\/produit\/chapelet-en-hematite-protection-divine\/#primaryimage\"},\"thumbnailUrl\":\"https:\/\/www.spirit-us.eu\/wp-content\/uploads\/2025\/07\/chapelet-hematite-image-produit-definitive.png\",\"datePublished\":\"2025-07-20T11:17:25+00:00\",\"dateModified\":\"2025-12-17T16:58:46+00:00\",\"breadcrumb\":{\"@id\":\"https:\/\/www.spirit-us.eu\/index.php\/produit\/chapelet-en-hematite-protection-divine\/#breadcrumb\"},\"inLanguage\":\"fr-FR\",\"potentialAction\":[{\"@type\":\"ReadAction\",\"target\":[\"https:\/\/www.spirit-us.eu\/index.php\/produit\/chapelet-en-hematite-protection-divine\/\"]}]},{\"@type\":\"ImageObject\",\"inLanguage\":\"fr-FR\",\"@id\":\"https:\/\/www.spirit-us.eu\/index.php\/produit\/chapelet-en-hematite-protection-divine\/#primaryimage\",\"url\":\"https:\/\/www.spirit-us.eu\/wp-content\/uploads\/2025\/07\/chapelet-hematite-image-produit-definitive.png\",\"contentUrl\":\"https:\/\/www.spirit-us.eu\/wp-content\/uploads\/2025\/07\/chapelet-hematite-image-produit-definitive.png\",\"width\":1755,\"height\":1755},{\"@type\":\"BreadcrumbList\",\"@id\":\"https:\/\/www.spirit-us.eu\/index.php\/produit\/chapelet-en-hematite-protection-divine\/#breadcrumb\",\"itemListElement\":[{\"@type\":\"ListItem\",\"position\":1,\"name\":\"Accueil\",\"item\":\"https:\/\/www.spirit-us.eu\/\"},{\"@type\":\"ListItem\",\"position\":2,\"name\":\"Boutique\",\"item\":\"https:\/\/www.spirit-us.eu\/index.php\/boutique\/\"},{\"@type\":\"ListItem\",\"position\":3,\"name\":\"Chapelet en HEMATITE &#8211; protection divine\"}]},{\"@type\":\"WebSite\",\"@id\":\"https:\/\/www.spirit-us.eu\/#website\",\"url\":\"https:\/\/www.spirit-us.eu\/\",\"name\":\"Spirit-US\",\"description\":\"\",\"publisher\":{\"@id\":\"https:\/\/www.spirit-us.eu\/#organization\"},\"potentialAction\":[{\"@type\":\"SearchAction\",\"target\":{\"@type\":\"EntryPoint\",\"urlTemplate\":\"https:\/\/www.spirit-us.eu\/?s={search_term_string}\"},\"query-input\":{\"@type\":\"PropertyValueSpecification\",\"valueRequired\":true,\"valueName\":\"search_term_string\"}}],\"inLanguage\":\"fr-FR\"},{\"@type\":\"Organization\",\"@id\":\"https:\/\/www.spirit-us.eu\/#organization\",\"name\":\"Spirit-US\",\"url\":\"https:\/\/www.spirit-us.eu\/\",\"logo\":{\"@type\":\"ImageObject\",\"inLanguage\":\"fr-FR\",\"@id\":\"https:\/\/www.spirit-us.eu\/#\/schema\/logo\/image\/\",\"url\":\"https:\/\/www.spirit-us.eu\/wp-content\/uploads\/2025\/11\/logo-regarde-linterlocutrice-sans-arrriere-plan.jpg\",\"contentUrl\":\"https:\/\/www.spirit-us.eu\/wp-content\/uploads\/2025\/11\/logo-regarde-linterlocutrice-sans-arrriere-plan.jpg\",\"width\":1080,\"height\":1080,\"caption\":\"Spirit-US\"},\"image\":{\"@id\":\"https:\/\/www.spirit-us.eu\/#\/schema\/logo\/image\/\"},\"sameAs\":[\"https:\/\/www.facebook.com\/spirit.us.deum\"]}]}<\/script>\n<!-- \/ Yoast SEO plugin. -->","yoast_head_json":{"title":"Chapelet en HEMATITE - protection divine - Spirit-US","robots":{"index":"index","follow":"follow","max-snippet":"max-snippet:-1","max-image-preview":"max-image-preview:large","max-video-preview":"max-video-preview:-1"},"canonical":"https:\/\/www.spirit-us.eu\/index.php\/produit\/chapelet-en-hematite-protection-divine\/","og_locale":"fr_FR","og_type":"article","og_title":"Chapelet en HEMATITE - protection divine - Spirit-US","og_description":"Chapelet magnifique en perles d'h\u00e9matite noire et de verre bleu translucide, d\u00e9gageant une \u00e9nergie de protection, de concentration et de paix. Il sera votre compagnon quotidien dans la pri\u00e8re et les neuvaines. Il est livr\u00e9 consacr\u00e9 \u00e0 au Christ Sauveur et \u00e0 saint Michel et b\u00e9ni. Il est un cadeau id\u00e9al \u00e0 se faire ou \u00e0 offrir\u00a0 \u00e0 une personne pieuse en qu\u00eate de protection dans les \u00e9preuves de la vie. Les perles d'h\u00e9matite favorisent la concentration et la protection dans la pri\u00e8re. L'h\u00e9matite est reconnue en lithoth\u00e9rapie pour ses nombreuses vertus. Elle est souvent associ\u00e9e au chakra racine, favorisant l'ancrage et l'\u00e9quilibre. Sur le plan physique, elle est r\u00e9put\u00e9e pour soulager les maux de t\u00eate et les troubles oculaires. Sur le plan mental et \u00e9motionnel, elle est consid\u00e9r\u00e9e comme une pierre de protection qui aide \u00e0 lutter contre les \u00e9nergies n\u00e9gatives, favorise la confiance en soi et la communication. Ce chapelet est id\u00e9al lorsque vous avez \u00e0 effectuer des neuvaines de protection.\u00a0 Les perles bleues sont d\u00e9di\u00e9es \u00e0 saint Michel archange, le Protecteur divin. Commandez ce chapelet, laissez-nous votre appr\u00e9ciation et recevez gracieusement un livret de neuvaine de protection au format .pdf\u00a0 &nbsp;","og_url":"https:\/\/www.spirit-us.eu\/index.php\/produit\/chapelet-en-hematite-protection-divine\/","og_site_name":"Spirit-US","article_publisher":"https:\/\/www.facebook.com\/spirit.us.deum","article_modified_time":"2025-12-17T16:58:46+00:00","og_image":[{"width":1024,"height":1024,"url":"https:\/\/www.spirit-us.eu\/wp-content\/uploads\/2025\/07\/chapelet-hematite-image-produit-definitive-1024x1024.png","type":"image\/png"}],"twitter_card":"summary_large_image","twitter_misc":{"Dur\u00e9e de lecture estim\u00e9e":"1 minute"},"schema":{"@context":"https:\/\/schema.org","@graph":[{"@type":"WebPage","@id":"https:\/\/www.spirit-us.eu\/index.php\/produit\/chapelet-en-hematite-protection-divine\/","url":"https:\/\/www.spirit-us.eu\/index.php\/produit\/chapelet-en-hematite-protection-divine\/","name":"Chapelet en HEMATITE - protection divine - Spirit-US","isPartOf":{"@id":"https:\/\/www.spirit-us.eu\/#website"},"primaryImageOfPage":{"@id":"https:\/\/www.spirit-us.eu\/index.php\/produit\/chapelet-en-hematite-protection-divine\/#primaryimage"},"image":{"@id":"https:\/\/www.spirit-us.eu\/index.php\/produit\/chapelet-en-hematite-protection-divine\/#primaryimage"},"thumbnailUrl":"https:\/\/www.spirit-us.eu\/wp-content\/uploads\/2025\/07\/chapelet-hematite-image-produit-definitive.png","datePublished":"2025-07-20T11:17:25+00:00","dateModified":"2025-12-17T16:58:46+00:00","breadcrumb":{"@id":"https:\/\/www.spirit-us.eu\/index.php\/produit\/chapelet-en-hematite-protection-divine\/#breadcrumb"},"inLanguage":"fr-FR","potentialAction":[{"@type":"ReadAction","target":["https:\/\/www.spirit-us.eu\/index.php\/produit\/chapelet-en-hematite-protection-divine\/"]}]},{"@type":"ImageObject","inLanguage":"fr-FR","@id":"https:\/\/www.spirit-us.eu\/index.php\/produit\/chapelet-en-hematite-protection-divine\/#primaryimage","url":"https:\/\/www.spirit-us.eu\/wp-content\/uploads\/2025\/07\/chapelet-hematite-image-produit-definitive.png","contentUrl":"https:\/\/www.spirit-us.eu\/wp-content\/uploads\/2025\/07\/chapelet-hematite-image-produit-definitive.png","width":1755,"height":1755},{"@type":"BreadcrumbList","@id":"https:\/\/www.spirit-us.eu\/index.php\/produit\/chapelet-en-hematite-protection-divine\/#breadcrumb","itemListElement":[{"@type":"ListItem","position":1,"name":"Accueil","item":"https:\/\/www.spirit-us.eu\/"},{"@type":"ListItem","position":2,"name":"Boutique","item":"https:\/\/www.spirit-us.eu\/index.php\/boutique\/"},{"@type":"ListItem","position":3,"name":"Chapelet en HEMATITE &#8211; protection divine"}]},{"@type":"WebSite","@id":"https:\/\/www.spirit-us.eu\/#website","url":"https:\/\/www.spirit-us.eu\/","name":"Spirit-US","description":"","publisher":{"@id":"https:\/\/www.spirit-us.eu\/#organization"},"potentialAction":[{"@type":"SearchAction","target":{"@type":"EntryPoint","urlTemplate":"https:\/\/www.spirit-us.eu\/?s={search_term_string}"},"query-input":{"@type":"PropertyValueSpecification","valueRequired":true,"valueName":"search_term_string"}}],"inLanguage":"fr-FR"},{"@type":"Organization","@id":"https:\/\/www.spirit-us.eu\/#organization","name":"Spirit-US","url":"https:\/\/www.spirit-us.eu\/","logo":{"@type":"ImageObject","inLanguage":"fr-FR","@id":"https:\/\/www.spirit-us.eu\/#\/schema\/logo\/image\/","url":"https:\/\/www.spirit-us.eu\/wp-content\/uploads\/2025\/11\/logo-regarde-linterlocutrice-sans-arrriere-plan.jpg","contentUrl":"https:\/\/www.spirit-us.eu\/wp-content\/uploads\/2025\/11\/logo-regarde-linterlocutrice-sans-arrriere-plan.jpg","width":1080,"height":1080,"caption":"Spirit-US"},"image":{"@id":"https:\/\/www.spirit-us.eu\/#\/schema\/logo\/image\/"},"sameAs":["https:\/\/www.facebook.com\/spirit.us.deum"]}]}},"jetpack_sharing_enabled":true,"_links":{"self":[{"href":"https:\/\/www.spirit-us.eu\/index.php\/wp-json\/wp\/v2\/product\/1902","targetHints":{"allow":["GET"]}}],"collection":[{"href":"https:\/\/www.spirit-us.eu\/index.php\/wp-json\/wp\/v2\/product"}],"about":[{"href":"https:\/\/www.spirit-us.eu\/index.php\/wp-json\/wp\/v2\/types\/product"}],"replies":[{"embeddable":true,"href":"https:\/\/www.spirit-us.eu\/index.php\/wp-json\/wp\/v2\/comments?post=1902"}],"wp:featuredmedia":[{"embeddable":true,"href":"https:\/\/www.spirit-us.eu\/index.php\/wp-json\/wp\/v2\/media\/1907"}],"wp:attachment":[{"href":"https:\/\/www.spirit-us.eu\/index.php\/wp-json\/wp\/v2\/media?parent=1902"}],"wp:term":[{"taxonomy":"product_brand","embeddable":true,"href":"https:\/\/www.spirit-us.eu\/index.php\/wp-json\/wp\/v2\/product_brand?post=1902"},{"taxonomy":"product_cat","embeddable":true,"href":"https:\/\/www.spirit-us.eu\/index.php\/wp-json\/wp\/v2\/product_cat?post=1902"},{"taxonomy":"product_tag","embeddable":true,"href":"https:\/\/www.spirit-us.eu\/index.php\/wp-json\/wp\/v2\/product_tag?post=1902"},{"taxonomy":"mwb_booking_cost","embeddable":true,"href":"https:\/\/www.spirit-us.eu\/index.php\/wp-json\/wp\/v2\/mwb_booking_cost?post=1902"},{"taxonomy":"mwb_booking_service","embeddable":true,"href":"https:\/\/www.spirit-us.eu\/index.php\/wp-json\/wp\/v2\/mwb_booking_service?post=1902"}],"curies":[{"name":"wp","href":"https:\/\/api.w.org\/{rel}","templated":true}]}}