{"id":1895,"date":"2025-07-20T00:49:52","date_gmt":"2025-07-19T22:49:52","guid":{"rendered":"https:\/\/www.spirit-us.eu\/?post_type=product&#038;p=1895"},"modified":"2025-12-17T14:47:00","modified_gmt":"2025-12-17T13:47:00","slug":"medaillon-en-tourmaline-protection-contre-les-ondes-negatives","status":"publish","type":"product","link":"https:\/\/www.spirit-us.eu\/index.php\/produit\/medaillon-en-tourmaline-protection-contre-les-ondes-negatives\/","title":{"rendered":"MEDAILLON en TOURMALINE &#8211; protection contre les ondes n\u00e9gatives"},"content":{"rendered":"<p><strong>Nature de la pierre<\/strong> : tourmaline noire<\/p>\n<p><strong>Apparence<\/strong> : disque plat grav\u00e9<\/p>\n<p><strong>Motif<\/strong> : tr\u00e8s bel arbre de vie ton sur ton<\/p>\n<p><strong>Dimensions\u00a0<\/strong>:<\/p>\n<ul>\n<li>le m\u00e9daillon mesure 3 cm de diam\u00e8tre<\/li>\n<li>\u00e9paisseur : 2 mm<\/li>\n<li>le fil de cuir mesure 83 cm et n&rsquo;a pas de fermoir<\/li>\n<\/ul>\n<p><strong>Fa\u00e7on<\/strong> : mont\u00e9 sur un fil de cuir noir qui se noue dans le cou (sur demande, le fil peut \u00eatre fourni blanc, bleu clair, vert clair ou couleur cuivr\u00e9e : ces fils ont un fermoir en m\u00e9tal argent\u00e9) &#8211; lors de la commande, il est bon de le mentionner.<\/p>\n<p><strong>Origine<\/strong>\u00a0: Sri-Lanka<\/p>\n<p><strong>Unisexe<\/strong><\/p>\n<p>Chaque pi\u00e8ce est manufactur\u00e9e et unique : celle-ci comporte une veine plus claire dans sa partie inf\u00e9rieure gauche.<\/p>\n<p><strong>Synergies\u00a0<\/strong>: se marie \u00e0 la perfection avec notre collier fin en diamant gris ou avec des colliers en h\u00e9matite.<\/p>\n<p>&nbsp;<\/p>\n<p>&nbsp;<\/p>\n<p>&nbsp;<\/p>\n","protected":false},"excerpt":{"rendered":"<p>M\u00e9daillon tr\u00e8s sp\u00e9cial, \u00e9l\u00e9gant, rond en tourmaline noire, grav\u00e9 d&rsquo;un arbre de vie.\u00a0 Cette pierre dans ce ton noir jais absorbera toutes les ondes n\u00e9gatives qui pourraient graviter autour de vous et vous en prot\u00e8gera puissamment. La tourmaline est \u00e9galement une pierre de gu\u00e9rison.\u00a0 Ce bijou est\u00a0 multifonctions : le porter contribue \u00e0 att\u00e9nuer la peur, \u00e0 pr\u00e9venir les crises d\u2019angoisse ou les \u00e9tats anxieux.\u00a0 La pierre, par sa sombre beaut\u00e9, apporte le calme, apaise les nerfs et renforce la m\u00e9moire. La tourmaline a des capacit\u00e9s pyro\u00e9lectriques (= attire les corps en fonction de la chaleur ambiante), ce qui lui donne la vertu de faire diminuer les ondes n\u00e9gatives (quelles que soient leur origine), de les \u00e9carter; elle facilite la circulation \u00e9nerg\u00e9tique et sanguine. Elle r\u00e9duit l\u2019errance mentale et un m\u00e9daillon en tourmaline noire, facilite l\u2019ancrage et la canalisation des flux de pens\u00e9es. Son style apportera une touche tr\u00e8s classe \u00e0 votre tenue. Convient aussi bien aux femmes qu&rsquo;aux hommes. Il se marie \u00e0 la perfection avec notre collier en diamant gris.<\/p>\n<p>&nbsp;<\/p>\n","protected":false},"featured_media":1896,"comment_status":"open","ping_status":"closed","template":"","meta":[],"product_brand":[],"product_cat":[156,467,463,17],"product_tag":[359,468,271,169,270],"mwb_booking_cost":[],"mwb_booking_service":[],"class_list":{"0":"post-1895","1":"product","2":"type-product","3":"status-publish","4":"has-post-thumbnail","6":"product_cat-04-bijoux","7":"product_cat-005-magie-rituels","8":"product_cat-pendentif","9":"product_cat-tous-les-produits","10":"product_tag-colliers","11":"product_tag-magie","12":"product_tag-ondes-negatives","13":"product_tag-protection","14":"product_tag-tourmaline","16":"first","17":"instock","18":"shipping-taxable","19":"purchasable","20":"product-type-simple"},"yoast_head":"<!-- This site is optimized with the Yoast SEO plugin v27.1.1 - https:\/\/yoast.com\/product\/yoast-seo-wordpress\/ -->\n<title>MEDAILLON en TOURMALINE - protection contre les ondes n\u00e9gatives - Spirit-US<\/title>\n<meta name=\"robots\" content=\"index, follow, max-snippet:-1, max-image-preview:large, max-video-preview:-1\" \/>\n<link rel=\"canonical\" href=\"https:\/\/www.spirit-us.eu\/index.php\/produit\/medaillon-en-tourmaline-protection-contre-les-ondes-negatives\/\" \/>\n<meta property=\"og:locale\" content=\"fr_FR\" \/>\n<meta property=\"og:type\" content=\"article\" \/>\n<meta property=\"og:title\" content=\"MEDAILLON en TOURMALINE - protection contre les ondes n\u00e9gatives - Spirit-US\" \/>\n<meta property=\"og:description\" content=\"M\u00e9daillon tr\u00e8s sp\u00e9cial, \u00e9l\u00e9gant, rond en tourmaline noire, grav\u00e9 d&#039;un arbre de vie.\u00a0 Cette pierre dans ce ton noir jais absorbera toutes les ondes n\u00e9gatives qui pourraient graviter autour de vous et vous en prot\u00e8gera puissamment. La tourmaline est \u00e9galement une pierre de gu\u00e9rison.\u00a0 Ce bijou est\u00a0 multifonctions : le porter contribue \u00e0 att\u00e9nuer la peur, \u00e0 pr\u00e9venir les crises d\u2019angoisse ou les \u00e9tats anxieux.\u00a0 La pierre, par sa sombre beaut\u00e9, apporte le calme, apaise les nerfs et renforce la m\u00e9moire. La tourmaline a des capacit\u00e9s pyro\u00e9lectriques (= attire les corps en fonction de la chaleur ambiante), ce qui lui donne la vertu de faire diminuer les ondes n\u00e9gatives (quelles que soient leur origine), de les \u00e9carter; elle facilite la circulation \u00e9nerg\u00e9tique et sanguine. Elle r\u00e9duit l\u2019errance mentale et un m\u00e9daillon en tourmaline noire, facilite l\u2019ancrage et la canalisation des flux de pens\u00e9es. Son style apportera une touche tr\u00e8s classe \u00e0 votre tenue. Convient aussi bien aux femmes qu&#039;aux hommes. Il se marie \u00e0 la perfection avec notre collier en diamant gris.  &nbsp;\" \/>\n<meta property=\"og:url\" content=\"https:\/\/www.spirit-us.eu\/index.php\/produit\/medaillon-en-tourmaline-protection-contre-les-ondes-negatives\/\" \/>\n<meta property=\"og:site_name\" content=\"Spirit-US\" \/>\n<meta property=\"article:publisher\" content=\"https:\/\/www.facebook.com\/spirit.us.deum\" \/>\n<meta property=\"article:modified_time\" content=\"2025-12-17T13:47:00+00:00\" \/>\n<meta property=\"og:image\" content=\"https:\/\/www.spirit-us.eu\/wp-content\/uploads\/2025\/07\/arbre-de-vie-en-tourmaline-noire-1024x1024.png\" \/>\n\t<meta property=\"og:image:width\" content=\"1024\" \/>\n\t<meta property=\"og:image:height\" content=\"1024\" \/>\n\t<meta property=\"og:image:type\" content=\"image\/png\" \/>\n<meta name=\"twitter:card\" content=\"summary_large_image\" \/>\n<meta name=\"twitter:label1\" content=\"Dur\u00e9e de lecture estim\u00e9e\" \/>\n\t<meta name=\"twitter:data1\" content=\"1 minute\" \/>\n<script type=\"application\/ld+json\" class=\"yoast-schema-graph\">{\"@context\":\"https:\/\/schema.org\",\"@graph\":[{\"@type\":\"WebPage\",\"@id\":\"https:\/\/www.spirit-us.eu\/index.php\/produit\/medaillon-en-tourmaline-protection-contre-les-ondes-negatives\/\",\"url\":\"https:\/\/www.spirit-us.eu\/index.php\/produit\/medaillon-en-tourmaline-protection-contre-les-ondes-negatives\/\",\"name\":\"MEDAILLON en TOURMALINE - protection contre les ondes n\u00e9gatives - Spirit-US\",\"isPartOf\":{\"@id\":\"https:\/\/www.spirit-us.eu\/#website\"},\"primaryImageOfPage\":{\"@id\":\"https:\/\/www.spirit-us.eu\/index.php\/produit\/medaillon-en-tourmaline-protection-contre-les-ondes-negatives\/#primaryimage\"},\"image\":{\"@id\":\"https:\/\/www.spirit-us.eu\/index.php\/produit\/medaillon-en-tourmaline-protection-contre-les-ondes-negatives\/#primaryimage\"},\"thumbnailUrl\":\"https:\/\/www.spirit-us.eu\/wp-content\/uploads\/2025\/07\/arbre-de-vie-en-tourmaline-noire.png\",\"datePublished\":\"2025-07-19T22:49:52+00:00\",\"dateModified\":\"2025-12-17T13:47:00+00:00\",\"breadcrumb\":{\"@id\":\"https:\/\/www.spirit-us.eu\/index.php\/produit\/medaillon-en-tourmaline-protection-contre-les-ondes-negatives\/#breadcrumb\"},\"inLanguage\":\"fr-FR\",\"potentialAction\":[{\"@type\":\"ReadAction\",\"target\":[\"https:\/\/www.spirit-us.eu\/index.php\/produit\/medaillon-en-tourmaline-protection-contre-les-ondes-negatives\/\"]}]},{\"@type\":\"ImageObject\",\"inLanguage\":\"fr-FR\",\"@id\":\"https:\/\/www.spirit-us.eu\/index.php\/produit\/medaillon-en-tourmaline-protection-contre-les-ondes-negatives\/#primaryimage\",\"url\":\"https:\/\/www.spirit-us.eu\/wp-content\/uploads\/2025\/07\/arbre-de-vie-en-tourmaline-noire.png\",\"contentUrl\":\"https:\/\/www.spirit-us.eu\/wp-content\/uploads\/2025\/07\/arbre-de-vie-en-tourmaline-noire.png\",\"width\":1755,\"height\":1755},{\"@type\":\"BreadcrumbList\",\"@id\":\"https:\/\/www.spirit-us.eu\/index.php\/produit\/medaillon-en-tourmaline-protection-contre-les-ondes-negatives\/#breadcrumb\",\"itemListElement\":[{\"@type\":\"ListItem\",\"position\":1,\"name\":\"Accueil\",\"item\":\"https:\/\/www.spirit-us.eu\/\"},{\"@type\":\"ListItem\",\"position\":2,\"name\":\"Boutique\",\"item\":\"https:\/\/www.spirit-us.eu\/index.php\/boutique\/\"},{\"@type\":\"ListItem\",\"position\":3,\"name\":\"MEDAILLON en TOURMALINE &#8211; protection contre les ondes n\u00e9gatives\"}]},{\"@type\":\"WebSite\",\"@id\":\"https:\/\/www.spirit-us.eu\/#website\",\"url\":\"https:\/\/www.spirit-us.eu\/\",\"name\":\"Spirit-US\",\"description\":\"\",\"publisher\":{\"@id\":\"https:\/\/www.spirit-us.eu\/#organization\"},\"potentialAction\":[{\"@type\":\"SearchAction\",\"target\":{\"@type\":\"EntryPoint\",\"urlTemplate\":\"https:\/\/www.spirit-us.eu\/?s={search_term_string}\"},\"query-input\":{\"@type\":\"PropertyValueSpecification\",\"valueRequired\":true,\"valueName\":\"search_term_string\"}}],\"inLanguage\":\"fr-FR\"},{\"@type\":\"Organization\",\"@id\":\"https:\/\/www.spirit-us.eu\/#organization\",\"name\":\"Spirit-US\",\"url\":\"https:\/\/www.spirit-us.eu\/\",\"logo\":{\"@type\":\"ImageObject\",\"inLanguage\":\"fr-FR\",\"@id\":\"https:\/\/www.spirit-us.eu\/#\/schema\/logo\/image\/\",\"url\":\"https:\/\/www.spirit-us.eu\/wp-content\/uploads\/2025\/11\/logo-regarde-linterlocutrice-sans-arrriere-plan.jpg\",\"contentUrl\":\"https:\/\/www.spirit-us.eu\/wp-content\/uploads\/2025\/11\/logo-regarde-linterlocutrice-sans-arrriere-plan.jpg\",\"width\":1080,\"height\":1080,\"caption\":\"Spirit-US\"},\"image\":{\"@id\":\"https:\/\/www.spirit-us.eu\/#\/schema\/logo\/image\/\"},\"sameAs\":[\"https:\/\/www.facebook.com\/spirit.us.deum\"]}]}<\/script>\n<!-- \/ Yoast SEO plugin. -->","yoast_head_json":{"title":"MEDAILLON en TOURMALINE - protection contre les ondes n\u00e9gatives - Spirit-US","robots":{"index":"index","follow":"follow","max-snippet":"max-snippet:-1","max-image-preview":"max-image-preview:large","max-video-preview":"max-video-preview:-1"},"canonical":"https:\/\/www.spirit-us.eu\/index.php\/produit\/medaillon-en-tourmaline-protection-contre-les-ondes-negatives\/","og_locale":"fr_FR","og_type":"article","og_title":"MEDAILLON en TOURMALINE - protection contre les ondes n\u00e9gatives - Spirit-US","og_description":"M\u00e9daillon tr\u00e8s sp\u00e9cial, \u00e9l\u00e9gant, rond en tourmaline noire, grav\u00e9 d'un arbre de vie.\u00a0 Cette pierre dans ce ton noir jais absorbera toutes les ondes n\u00e9gatives qui pourraient graviter autour de vous et vous en prot\u00e8gera puissamment. La tourmaline est \u00e9galement une pierre de gu\u00e9rison.\u00a0 Ce bijou est\u00a0 multifonctions : le porter contribue \u00e0 att\u00e9nuer la peur, \u00e0 pr\u00e9venir les crises d\u2019angoisse ou les \u00e9tats anxieux.\u00a0 La pierre, par sa sombre beaut\u00e9, apporte le calme, apaise les nerfs et renforce la m\u00e9moire. La tourmaline a des capacit\u00e9s pyro\u00e9lectriques (= attire les corps en fonction de la chaleur ambiante), ce qui lui donne la vertu de faire diminuer les ondes n\u00e9gatives (quelles que soient leur origine), de les \u00e9carter; elle facilite la circulation \u00e9nerg\u00e9tique et sanguine. Elle r\u00e9duit l\u2019errance mentale et un m\u00e9daillon en tourmaline noire, facilite l\u2019ancrage et la canalisation des flux de pens\u00e9es. Son style apportera une touche tr\u00e8s classe \u00e0 votre tenue. Convient aussi bien aux femmes qu'aux hommes. Il se marie \u00e0 la perfection avec notre collier en diamant gris.  &nbsp;","og_url":"https:\/\/www.spirit-us.eu\/index.php\/produit\/medaillon-en-tourmaline-protection-contre-les-ondes-negatives\/","og_site_name":"Spirit-US","article_publisher":"https:\/\/www.facebook.com\/spirit.us.deum","article_modified_time":"2025-12-17T13:47:00+00:00","og_image":[{"width":1024,"height":1024,"url":"https:\/\/www.spirit-us.eu\/wp-content\/uploads\/2025\/07\/arbre-de-vie-en-tourmaline-noire-1024x1024.png","type":"image\/png"}],"twitter_card":"summary_large_image","twitter_misc":{"Dur\u00e9e de lecture estim\u00e9e":"1 minute"},"schema":{"@context":"https:\/\/schema.org","@graph":[{"@type":"WebPage","@id":"https:\/\/www.spirit-us.eu\/index.php\/produit\/medaillon-en-tourmaline-protection-contre-les-ondes-negatives\/","url":"https:\/\/www.spirit-us.eu\/index.php\/produit\/medaillon-en-tourmaline-protection-contre-les-ondes-negatives\/","name":"MEDAILLON en TOURMALINE - protection contre les ondes n\u00e9gatives - Spirit-US","isPartOf":{"@id":"https:\/\/www.spirit-us.eu\/#website"},"primaryImageOfPage":{"@id":"https:\/\/www.spirit-us.eu\/index.php\/produit\/medaillon-en-tourmaline-protection-contre-les-ondes-negatives\/#primaryimage"},"image":{"@id":"https:\/\/www.spirit-us.eu\/index.php\/produit\/medaillon-en-tourmaline-protection-contre-les-ondes-negatives\/#primaryimage"},"thumbnailUrl":"https:\/\/www.spirit-us.eu\/wp-content\/uploads\/2025\/07\/arbre-de-vie-en-tourmaline-noire.png","datePublished":"2025-07-19T22:49:52+00:00","dateModified":"2025-12-17T13:47:00+00:00","breadcrumb":{"@id":"https:\/\/www.spirit-us.eu\/index.php\/produit\/medaillon-en-tourmaline-protection-contre-les-ondes-negatives\/#breadcrumb"},"inLanguage":"fr-FR","potentialAction":[{"@type":"ReadAction","target":["https:\/\/www.spirit-us.eu\/index.php\/produit\/medaillon-en-tourmaline-protection-contre-les-ondes-negatives\/"]}]},{"@type":"ImageObject","inLanguage":"fr-FR","@id":"https:\/\/www.spirit-us.eu\/index.php\/produit\/medaillon-en-tourmaline-protection-contre-les-ondes-negatives\/#primaryimage","url":"https:\/\/www.spirit-us.eu\/wp-content\/uploads\/2025\/07\/arbre-de-vie-en-tourmaline-noire.png","contentUrl":"https:\/\/www.spirit-us.eu\/wp-content\/uploads\/2025\/07\/arbre-de-vie-en-tourmaline-noire.png","width":1755,"height":1755},{"@type":"BreadcrumbList","@id":"https:\/\/www.spirit-us.eu\/index.php\/produit\/medaillon-en-tourmaline-protection-contre-les-ondes-negatives\/#breadcrumb","itemListElement":[{"@type":"ListItem","position":1,"name":"Accueil","item":"https:\/\/www.spirit-us.eu\/"},{"@type":"ListItem","position":2,"name":"Boutique","item":"https:\/\/www.spirit-us.eu\/index.php\/boutique\/"},{"@type":"ListItem","position":3,"name":"MEDAILLON en TOURMALINE &#8211; protection contre les ondes n\u00e9gatives"}]},{"@type":"WebSite","@id":"https:\/\/www.spirit-us.eu\/#website","url":"https:\/\/www.spirit-us.eu\/","name":"Spirit-US","description":"","publisher":{"@id":"https:\/\/www.spirit-us.eu\/#organization"},"potentialAction":[{"@type":"SearchAction","target":{"@type":"EntryPoint","urlTemplate":"https:\/\/www.spirit-us.eu\/?s={search_term_string}"},"query-input":{"@type":"PropertyValueSpecification","valueRequired":true,"valueName":"search_term_string"}}],"inLanguage":"fr-FR"},{"@type":"Organization","@id":"https:\/\/www.spirit-us.eu\/#organization","name":"Spirit-US","url":"https:\/\/www.spirit-us.eu\/","logo":{"@type":"ImageObject","inLanguage":"fr-FR","@id":"https:\/\/www.spirit-us.eu\/#\/schema\/logo\/image\/","url":"https:\/\/www.spirit-us.eu\/wp-content\/uploads\/2025\/11\/logo-regarde-linterlocutrice-sans-arrriere-plan.jpg","contentUrl":"https:\/\/www.spirit-us.eu\/wp-content\/uploads\/2025\/11\/logo-regarde-linterlocutrice-sans-arrriere-plan.jpg","width":1080,"height":1080,"caption":"Spirit-US"},"image":{"@id":"https:\/\/www.spirit-us.eu\/#\/schema\/logo\/image\/"},"sameAs":["https:\/\/www.facebook.com\/spirit.us.deum"]}]}},"jetpack_sharing_enabled":true,"_links":{"self":[{"href":"https:\/\/www.spirit-us.eu\/index.php\/wp-json\/wp\/v2\/product\/1895","targetHints":{"allow":["GET"]}}],"collection":[{"href":"https:\/\/www.spirit-us.eu\/index.php\/wp-json\/wp\/v2\/product"}],"about":[{"href":"https:\/\/www.spirit-us.eu\/index.php\/wp-json\/wp\/v2\/types\/product"}],"replies":[{"embeddable":true,"href":"https:\/\/www.spirit-us.eu\/index.php\/wp-json\/wp\/v2\/comments?post=1895"}],"wp:featuredmedia":[{"embeddable":true,"href":"https:\/\/www.spirit-us.eu\/index.php\/wp-json\/wp\/v2\/media\/1896"}],"wp:attachment":[{"href":"https:\/\/www.spirit-us.eu\/index.php\/wp-json\/wp\/v2\/media?parent=1895"}],"wp:term":[{"taxonomy":"product_brand","embeddable":true,"href":"https:\/\/www.spirit-us.eu\/index.php\/wp-json\/wp\/v2\/product_brand?post=1895"},{"taxonomy":"product_cat","embeddable":true,"href":"https:\/\/www.spirit-us.eu\/index.php\/wp-json\/wp\/v2\/product_cat?post=1895"},{"taxonomy":"product_tag","embeddable":true,"href":"https:\/\/www.spirit-us.eu\/index.php\/wp-json\/wp\/v2\/product_tag?post=1895"},{"taxonomy":"mwb_booking_cost","embeddable":true,"href":"https:\/\/www.spirit-us.eu\/index.php\/wp-json\/wp\/v2\/mwb_booking_cost?post=1895"},{"taxonomy":"mwb_booking_service","embeddable":true,"href":"https:\/\/www.spirit-us.eu\/index.php\/wp-json\/wp\/v2\/mwb_booking_service?post=1895"}],"curies":[{"name":"wp","href":"https:\/\/api.w.org\/{rel}","templated":true}]}}