{"id":1893,"date":"2025-07-19T19:40:35","date_gmt":"2025-07-19T17:40:35","guid":{"rendered":"https:\/\/www.spirit-us.eu\/?post_type=product&#038;p=1893"},"modified":"2025-07-19T20:12:46","modified_gmt":"2025-07-19T18:12:46","slug":"purification-digestion-une-synergie-de-plantes-detoxaran","status":"publish","type":"product","link":"https:\/\/www.spirit-us.eu\/index.php\/produit\/purification-digestion-une-synergie-de-plantes-detoxaran\/","title":{"rendered":"PURIFICATION &#038; DIGESTION &#8211; une synergie de plantes DETOXARAN"},"content":{"rendered":"<p><strong>Nature du produit<\/strong> : compl\u00e9ment alimentaire, synergie de plantes sous forme de teinture-m\u00e8re<\/p>\n<p><strong>Composantes<\/strong> : Romarin, Sauge m\u00e9dicinale, Violettes tricolores, Hypericum, Origan, Pr\u00eale des champs<\/p>\n<p><strong>Composantes secondaires<\/strong> : glyc\u00e9rine, eau distill\u00e9e<\/p>\n<p><strong>Conditionnement<\/strong> : compte-gouttes de 30 ml<\/p>\n<p><strong>Garanties<\/strong> : ce produit a pass\u00e9 tous les tests des autorit\u00e9s en charge de la s\u00e9curit\u00e9 alimentaire<\/p>\n<p><strong>Dosage conseill\u00e9<\/strong> : ne pas d\u00e9passer les 3 cuiller \u00e0 caf\u00e9 par jour, dilu\u00e9 dans un verre d&rsquo;eau de la bouteille (en verre)<\/p>\n<p><strong>Conseil d&rsquo;utilisation<\/strong> :\u00a0 il est conseill\u00e9 de l&rsquo;additionner \u00e0 un jus de fruits ou \u00e0 une tisane \u00e9ventuellement sucr\u00e9e au sirop de canne bio.<\/p>\n<p><strong>Contre-indications\u00a0<\/strong>: pas de contre-indication<\/p>\n<p><strong>Associations<\/strong> : le liquide Detoxaran peut \u00eatre utilis\u00e9 en association avec le Bupleuran pour soutenir la fonction intestinale. Il peut \u00e9galement \u00eatre utilis\u00e9 avec la sauge en teinture-m\u00e8re.<\/p>\n<p>Ceci est un compl\u00e9ment alimentaire. Il convient de l&rsquo;utiliser selon les indications.\u00a0 Il ne se substitue en aucun cas \u00e0 un traitement sous contr\u00f4le m\u00e9dical.<\/p>\n<p>&nbsp;<\/p>\n","protected":false},"excerpt":{"rendered":"<p>Vous avez besoin de soulager une digestion difficile, accompagn\u00e9e de soucis intestinaux et de d\u00e9toxifier votre organisme satur\u00e9 par un mode de vie industrialis\u00e9, de m\u00e9taux lourds, de pesticides, de chemtrails, et des \u00e9l\u00e9ments toxiques contenus dans les aliments transform\u00e9s \u00e0 l&rsquo;extr\u00eame que votre mode de vie ne vous permet pas de s\u00e9lectionner avec soin faute de temps.\u00a0 La nature offre de toute \u00e9ternit\u00e9 la possibilit\u00e9 de dissoudre les mol\u00e9cules empoisonn\u00e9es ing\u00e9r\u00e9es contre notre gr\u00e9 et sans le savoir.\u00a0 La synergie de plantes DETOXARAN vous aidera grandement \u00e0 purifier votre organisme et \u00e0 retrouver une belle \u00e9nergie, momentan\u00e9ment ab\u00eem\u00e9e par la vie moderne. La sauge, le romarin, l&rsquo;hypericum, l&rsquo;origan et la violette sauvage favorisent la digestion et renforcent la r\u00e9sistance de l&rsquo;organisme.\u00a0 Le romarin, l&rsquo;origan et la pr\u00eale maintiennent une bonne fonction h\u00e9patique (du foie) et urinaires. Gr\u00e2ce \u00e0 la coop\u00e9ration de tous ces composants, ils favorisent le nettoyage interne du corps.<\/p>\n","protected":false},"featured_media":1894,"comment_status":"open","ping_status":"closed","template":"","meta":[],"product_brand":[],"product_cat":[163,17],"product_tag":[189],"mwb_booking_cost":[],"mwb_booking_service":[],"class_list":{"0":"post-1893","1":"product","2":"type-product","3":"status-publish","4":"has-post-thumbnail","6":"product_cat-07-plantes-huiles-remedes","7":"product_cat-tous-les-produits","8":"product_tag-phytotherapie","10":"first","11":"instock","12":"shipping-taxable","13":"purchasable","14":"product-type-simple"},"yoast_head":"<!-- This site is optimized with the Yoast SEO plugin v27.1.1 - https:\/\/yoast.com\/product\/yoast-seo-wordpress\/ -->\n<title>PURIFICATION &amp; DIGESTION - une synergie de plantes DETOXARAN - Spirit-US<\/title>\n<meta name=\"robots\" content=\"index, follow, max-snippet:-1, max-image-preview:large, max-video-preview:-1\" \/>\n<link rel=\"canonical\" href=\"https:\/\/www.spirit-us.eu\/index.php\/produit\/purification-digestion-une-synergie-de-plantes-detoxaran\/\" \/>\n<meta property=\"og:locale\" content=\"fr_FR\" \/>\n<meta property=\"og:type\" content=\"article\" \/>\n<meta property=\"og:title\" content=\"PURIFICATION &amp; DIGESTION - une synergie de plantes DETOXARAN - Spirit-US\" \/>\n<meta property=\"og:description\" content=\"Vous avez besoin de soulager une digestion difficile, accompagn\u00e9e de soucis intestinaux et de d\u00e9toxifier votre organisme satur\u00e9 par un mode de vie industrialis\u00e9, de m\u00e9taux lourds, de pesticides, de chemtrails, et des \u00e9l\u00e9ments toxiques contenus dans les aliments transform\u00e9s \u00e0 l&#039;extr\u00eame que votre mode de vie ne vous permet pas de s\u00e9lectionner avec soin faute de temps.\u00a0 La nature offre de toute \u00e9ternit\u00e9 la possibilit\u00e9 de dissoudre les mol\u00e9cules empoisonn\u00e9es ing\u00e9r\u00e9es contre notre gr\u00e9 et sans le savoir.\u00a0 La synergie de plantes DETOXARAN vous aidera grandement \u00e0 purifier votre organisme et \u00e0 retrouver une belle \u00e9nergie, momentan\u00e9ment ab\u00eem\u00e9e par la vie moderne. La sauge, le romarin, l&#039;hypericum, l&#039;origan et la violette sauvage favorisent la digestion et renforcent la r\u00e9sistance de l&#039;organisme.\u00a0 Le romarin, l&#039;origan et la pr\u00eale maintiennent une bonne fonction h\u00e9patique (du foie) et urinaires. Gr\u00e2ce \u00e0 la coop\u00e9ration de tous ces composants, ils favorisent le nettoyage interne du corps.\" \/>\n<meta property=\"og:url\" content=\"https:\/\/www.spirit-us.eu\/index.php\/produit\/purification-digestion-une-synergie-de-plantes-detoxaran\/\" \/>\n<meta property=\"og:site_name\" content=\"Spirit-US\" \/>\n<meta property=\"article:publisher\" content=\"https:\/\/www.facebook.com\/spirit.us.deum\" \/>\n<meta property=\"article:modified_time\" content=\"2025-07-19T18:12:46+00:00\" \/>\n<meta property=\"og:image\" content=\"https:\/\/www.spirit-us.eu\/wp-content\/uploads\/2025\/07\/detoxaran-purification-image-produit-1024x1024.png\" \/>\n\t<meta property=\"og:image:width\" content=\"1024\" \/>\n\t<meta property=\"og:image:height\" content=\"1024\" \/>\n\t<meta property=\"og:image:type\" content=\"image\/png\" \/>\n<meta name=\"twitter:card\" content=\"summary_large_image\" \/>\n<meta name=\"twitter:label1\" content=\"Dur\u00e9e de lecture estim\u00e9e\" \/>\n\t<meta name=\"twitter:data1\" content=\"1 minute\" \/>\n<script type=\"application\/ld+json\" class=\"yoast-schema-graph\">{\"@context\":\"https:\/\/schema.org\",\"@graph\":[{\"@type\":\"WebPage\",\"@id\":\"https:\/\/www.spirit-us.eu\/index.php\/produit\/purification-digestion-une-synergie-de-plantes-detoxaran\/\",\"url\":\"https:\/\/www.spirit-us.eu\/index.php\/produit\/purification-digestion-une-synergie-de-plantes-detoxaran\/\",\"name\":\"PURIFICATION & DIGESTION - une synergie de plantes DETOXARAN - Spirit-US\",\"isPartOf\":{\"@id\":\"https:\/\/www.spirit-us.eu\/#website\"},\"primaryImageOfPage\":{\"@id\":\"https:\/\/www.spirit-us.eu\/index.php\/produit\/purification-digestion-une-synergie-de-plantes-detoxaran\/#primaryimage\"},\"image\":{\"@id\":\"https:\/\/www.spirit-us.eu\/index.php\/produit\/purification-digestion-une-synergie-de-plantes-detoxaran\/#primaryimage\"},\"thumbnailUrl\":\"https:\/\/www.spirit-us.eu\/wp-content\/uploads\/2025\/07\/detoxaran-purification-image-produit.png\",\"datePublished\":\"2025-07-19T17:40:35+00:00\",\"dateModified\":\"2025-07-19T18:12:46+00:00\",\"breadcrumb\":{\"@id\":\"https:\/\/www.spirit-us.eu\/index.php\/produit\/purification-digestion-une-synergie-de-plantes-detoxaran\/#breadcrumb\"},\"inLanguage\":\"fr-FR\",\"potentialAction\":[{\"@type\":\"ReadAction\",\"target\":[\"https:\/\/www.spirit-us.eu\/index.php\/produit\/purification-digestion-une-synergie-de-plantes-detoxaran\/\"]}]},{\"@type\":\"ImageObject\",\"inLanguage\":\"fr-FR\",\"@id\":\"https:\/\/www.spirit-us.eu\/index.php\/produit\/purification-digestion-une-synergie-de-plantes-detoxaran\/#primaryimage\",\"url\":\"https:\/\/www.spirit-us.eu\/wp-content\/uploads\/2025\/07\/detoxaran-purification-image-produit.png\",\"contentUrl\":\"https:\/\/www.spirit-us.eu\/wp-content\/uploads\/2025\/07\/detoxaran-purification-image-produit.png\",\"width\":2295,\"height\":2295},{\"@type\":\"BreadcrumbList\",\"@id\":\"https:\/\/www.spirit-us.eu\/index.php\/produit\/purification-digestion-une-synergie-de-plantes-detoxaran\/#breadcrumb\",\"itemListElement\":[{\"@type\":\"ListItem\",\"position\":1,\"name\":\"Accueil\",\"item\":\"https:\/\/www.spirit-us.eu\/\"},{\"@type\":\"ListItem\",\"position\":2,\"name\":\"Boutique\",\"item\":\"https:\/\/www.spirit-us.eu\/index.php\/boutique\/\"},{\"@type\":\"ListItem\",\"position\":3,\"name\":\"PURIFICATION &#038; DIGESTION &#8211; une synergie de plantes DETOXARAN\"}]},{\"@type\":\"WebSite\",\"@id\":\"https:\/\/www.spirit-us.eu\/#website\",\"url\":\"https:\/\/www.spirit-us.eu\/\",\"name\":\"Spirit-US\",\"description\":\"\",\"publisher\":{\"@id\":\"https:\/\/www.spirit-us.eu\/#organization\"},\"potentialAction\":[{\"@type\":\"SearchAction\",\"target\":{\"@type\":\"EntryPoint\",\"urlTemplate\":\"https:\/\/www.spirit-us.eu\/?s={search_term_string}\"},\"query-input\":{\"@type\":\"PropertyValueSpecification\",\"valueRequired\":true,\"valueName\":\"search_term_string\"}}],\"inLanguage\":\"fr-FR\"},{\"@type\":\"Organization\",\"@id\":\"https:\/\/www.spirit-us.eu\/#organization\",\"name\":\"Spirit-US\",\"url\":\"https:\/\/www.spirit-us.eu\/\",\"logo\":{\"@type\":\"ImageObject\",\"inLanguage\":\"fr-FR\",\"@id\":\"https:\/\/www.spirit-us.eu\/#\/schema\/logo\/image\/\",\"url\":\"https:\/\/www.spirit-us.eu\/wp-content\/uploads\/2025\/11\/logo-regarde-linterlocutrice-sans-arrriere-plan.jpg\",\"contentUrl\":\"https:\/\/www.spirit-us.eu\/wp-content\/uploads\/2025\/11\/logo-regarde-linterlocutrice-sans-arrriere-plan.jpg\",\"width\":1080,\"height\":1080,\"caption\":\"Spirit-US\"},\"image\":{\"@id\":\"https:\/\/www.spirit-us.eu\/#\/schema\/logo\/image\/\"},\"sameAs\":[\"https:\/\/www.facebook.com\/spirit.us.deum\"]}]}<\/script>\n<!-- \/ Yoast SEO plugin. -->","yoast_head_json":{"title":"PURIFICATION & DIGESTION - une synergie de plantes DETOXARAN - Spirit-US","robots":{"index":"index","follow":"follow","max-snippet":"max-snippet:-1","max-image-preview":"max-image-preview:large","max-video-preview":"max-video-preview:-1"},"canonical":"https:\/\/www.spirit-us.eu\/index.php\/produit\/purification-digestion-une-synergie-de-plantes-detoxaran\/","og_locale":"fr_FR","og_type":"article","og_title":"PURIFICATION & DIGESTION - une synergie de plantes DETOXARAN - Spirit-US","og_description":"Vous avez besoin de soulager une digestion difficile, accompagn\u00e9e de soucis intestinaux et de d\u00e9toxifier votre organisme satur\u00e9 par un mode de vie industrialis\u00e9, de m\u00e9taux lourds, de pesticides, de chemtrails, et des \u00e9l\u00e9ments toxiques contenus dans les aliments transform\u00e9s \u00e0 l'extr\u00eame que votre mode de vie ne vous permet pas de s\u00e9lectionner avec soin faute de temps.\u00a0 La nature offre de toute \u00e9ternit\u00e9 la possibilit\u00e9 de dissoudre les mol\u00e9cules empoisonn\u00e9es ing\u00e9r\u00e9es contre notre gr\u00e9 et sans le savoir.\u00a0 La synergie de plantes DETOXARAN vous aidera grandement \u00e0 purifier votre organisme et \u00e0 retrouver une belle \u00e9nergie, momentan\u00e9ment ab\u00eem\u00e9e par la vie moderne. La sauge, le romarin, l'hypericum, l'origan et la violette sauvage favorisent la digestion et renforcent la r\u00e9sistance de l'organisme.\u00a0 Le romarin, l'origan et la pr\u00eale maintiennent une bonne fonction h\u00e9patique (du foie) et urinaires. Gr\u00e2ce \u00e0 la coop\u00e9ration de tous ces composants, ils favorisent le nettoyage interne du corps.","og_url":"https:\/\/www.spirit-us.eu\/index.php\/produit\/purification-digestion-une-synergie-de-plantes-detoxaran\/","og_site_name":"Spirit-US","article_publisher":"https:\/\/www.facebook.com\/spirit.us.deum","article_modified_time":"2025-07-19T18:12:46+00:00","og_image":[{"width":1024,"height":1024,"url":"https:\/\/www.spirit-us.eu\/wp-content\/uploads\/2025\/07\/detoxaran-purification-image-produit-1024x1024.png","type":"image\/png"}],"twitter_card":"summary_large_image","twitter_misc":{"Dur\u00e9e de lecture estim\u00e9e":"1 minute"},"schema":{"@context":"https:\/\/schema.org","@graph":[{"@type":"WebPage","@id":"https:\/\/www.spirit-us.eu\/index.php\/produit\/purification-digestion-une-synergie-de-plantes-detoxaran\/","url":"https:\/\/www.spirit-us.eu\/index.php\/produit\/purification-digestion-une-synergie-de-plantes-detoxaran\/","name":"PURIFICATION & DIGESTION - une synergie de plantes DETOXARAN - Spirit-US","isPartOf":{"@id":"https:\/\/www.spirit-us.eu\/#website"},"primaryImageOfPage":{"@id":"https:\/\/www.spirit-us.eu\/index.php\/produit\/purification-digestion-une-synergie-de-plantes-detoxaran\/#primaryimage"},"image":{"@id":"https:\/\/www.spirit-us.eu\/index.php\/produit\/purification-digestion-une-synergie-de-plantes-detoxaran\/#primaryimage"},"thumbnailUrl":"https:\/\/www.spirit-us.eu\/wp-content\/uploads\/2025\/07\/detoxaran-purification-image-produit.png","datePublished":"2025-07-19T17:40:35+00:00","dateModified":"2025-07-19T18:12:46+00:00","breadcrumb":{"@id":"https:\/\/www.spirit-us.eu\/index.php\/produit\/purification-digestion-une-synergie-de-plantes-detoxaran\/#breadcrumb"},"inLanguage":"fr-FR","potentialAction":[{"@type":"ReadAction","target":["https:\/\/www.spirit-us.eu\/index.php\/produit\/purification-digestion-une-synergie-de-plantes-detoxaran\/"]}]},{"@type":"ImageObject","inLanguage":"fr-FR","@id":"https:\/\/www.spirit-us.eu\/index.php\/produit\/purification-digestion-une-synergie-de-plantes-detoxaran\/#primaryimage","url":"https:\/\/www.spirit-us.eu\/wp-content\/uploads\/2025\/07\/detoxaran-purification-image-produit.png","contentUrl":"https:\/\/www.spirit-us.eu\/wp-content\/uploads\/2025\/07\/detoxaran-purification-image-produit.png","width":2295,"height":2295},{"@type":"BreadcrumbList","@id":"https:\/\/www.spirit-us.eu\/index.php\/produit\/purification-digestion-une-synergie-de-plantes-detoxaran\/#breadcrumb","itemListElement":[{"@type":"ListItem","position":1,"name":"Accueil","item":"https:\/\/www.spirit-us.eu\/"},{"@type":"ListItem","position":2,"name":"Boutique","item":"https:\/\/www.spirit-us.eu\/index.php\/boutique\/"},{"@type":"ListItem","position":3,"name":"PURIFICATION &#038; DIGESTION &#8211; une synergie de plantes DETOXARAN"}]},{"@type":"WebSite","@id":"https:\/\/www.spirit-us.eu\/#website","url":"https:\/\/www.spirit-us.eu\/","name":"Spirit-US","description":"","publisher":{"@id":"https:\/\/www.spirit-us.eu\/#organization"},"potentialAction":[{"@type":"SearchAction","target":{"@type":"EntryPoint","urlTemplate":"https:\/\/www.spirit-us.eu\/?s={search_term_string}"},"query-input":{"@type":"PropertyValueSpecification","valueRequired":true,"valueName":"search_term_string"}}],"inLanguage":"fr-FR"},{"@type":"Organization","@id":"https:\/\/www.spirit-us.eu\/#organization","name":"Spirit-US","url":"https:\/\/www.spirit-us.eu\/","logo":{"@type":"ImageObject","inLanguage":"fr-FR","@id":"https:\/\/www.spirit-us.eu\/#\/schema\/logo\/image\/","url":"https:\/\/www.spirit-us.eu\/wp-content\/uploads\/2025\/11\/logo-regarde-linterlocutrice-sans-arrriere-plan.jpg","contentUrl":"https:\/\/www.spirit-us.eu\/wp-content\/uploads\/2025\/11\/logo-regarde-linterlocutrice-sans-arrriere-plan.jpg","width":1080,"height":1080,"caption":"Spirit-US"},"image":{"@id":"https:\/\/www.spirit-us.eu\/#\/schema\/logo\/image\/"},"sameAs":["https:\/\/www.facebook.com\/spirit.us.deum"]}]}},"jetpack_sharing_enabled":true,"_links":{"self":[{"href":"https:\/\/www.spirit-us.eu\/index.php\/wp-json\/wp\/v2\/product\/1893","targetHints":{"allow":["GET"]}}],"collection":[{"href":"https:\/\/www.spirit-us.eu\/index.php\/wp-json\/wp\/v2\/product"}],"about":[{"href":"https:\/\/www.spirit-us.eu\/index.php\/wp-json\/wp\/v2\/types\/product"}],"replies":[{"embeddable":true,"href":"https:\/\/www.spirit-us.eu\/index.php\/wp-json\/wp\/v2\/comments?post=1893"}],"wp:featuredmedia":[{"embeddable":true,"href":"https:\/\/www.spirit-us.eu\/index.php\/wp-json\/wp\/v2\/media\/1894"}],"wp:attachment":[{"href":"https:\/\/www.spirit-us.eu\/index.php\/wp-json\/wp\/v2\/media?parent=1893"}],"wp:term":[{"taxonomy":"product_brand","embeddable":true,"href":"https:\/\/www.spirit-us.eu\/index.php\/wp-json\/wp\/v2\/product_brand?post=1893"},{"taxonomy":"product_cat","embeddable":true,"href":"https:\/\/www.spirit-us.eu\/index.php\/wp-json\/wp\/v2\/product_cat?post=1893"},{"taxonomy":"product_tag","embeddable":true,"href":"https:\/\/www.spirit-us.eu\/index.php\/wp-json\/wp\/v2\/product_tag?post=1893"},{"taxonomy":"mwb_booking_cost","embeddable":true,"href":"https:\/\/www.spirit-us.eu\/index.php\/wp-json\/wp\/v2\/mwb_booking_cost?post=1893"},{"taxonomy":"mwb_booking_service","embeddable":true,"href":"https:\/\/www.spirit-us.eu\/index.php\/wp-json\/wp\/v2\/mwb_booking_service?post=1893"}],"curies":[{"name":"wp","href":"https:\/\/api.w.org\/{rel}","templated":true}]}}