{"id":1868,"date":"2025-07-19T14:40:07","date_gmt":"2025-07-19T12:40:07","guid":{"rendered":"https:\/\/www.spirit-us.eu\/?post_type=product&#038;p=1868"},"modified":"2025-12-17T10:48:20","modified_gmt":"2025-12-17T09:48:20","slug":"bracelet-en-tourmaline","status":"publish","type":"product","link":"https:\/\/www.spirit-us.eu\/index.php\/produit\/bracelet-en-tourmaline\/","title":{"rendered":"BRACELET en TOURMALINE (perles baroques) &#8211; absorption des ondes n\u00e9gatives"},"content":{"rendered":"<p><strong>Nature des pierres<\/strong> : tourmaline<\/p>\n<p><strong>Fa\u00e7on du bijou<\/strong> : pierres baroques de fa\u00e7on artisanale \u2013 mont\u00e9es sur fil \u00e9lastique<\/p>\n<p><strong>Couleurs<\/strong> :\u00a0plusieurs couleurs dans la m\u00eame gamme : noir, gris fonc\u00e9, gris clair, blanc-gris et m\u00eame une touche ambr\u00e9e<\/p>\n<p><strong>Origine<\/strong> : Br\u00e9sil<\/p>\n<p><strong>Dimensions du bijou<\/strong> : 21 \u00e0 22 cm (l\u00e9g\u00e8rement extensible)<\/p>\n","protected":false},"excerpt":{"rendered":"<p style=\"text-align: justify;\">Tr\u00e8s joli bracelet en perles baroques, qu\u2019on peut porter seul ou en double pour renforcer son effet b\u00e9n\u00e9fique, ou en synergie avec d\u2019autres pierres. La tourmaline brune aide \u00e0 surmonter les difficult\u00e9s de la vie, \u00e0 changer ce qu\u2019on peut \u00a0et donne le courage d\u2019accepter ce qu\u2019on ne peut pas changer. Elle permet de faire la paix avec son pass\u00e9 et d\u2019identifier l\u2019origine de certains blocages souvent li\u00e9s \u00e0 l\u2019enfance. Les blessures \u00e9motionnelles des exp\u00e9riences pass\u00e9es se transforment en douce gu\u00e9rison. Pierre d\u2019ancrage, la tourmaline brune donne le sens des responsabilit\u00e9s et une pleine conscience de la r\u00e9alit\u00e9. Elle offre \u00e0 qui la porte la possibilit\u00e9 de profiter pleinement de la vie et de l\u2019instant pr\u00e9sent, sans se soucier ni du pass\u00e9, ni de l\u2019avenir. Elle inspire une vie plus stable, ordonn\u00e9e et structur\u00e9e tout en absorbant les ondes n\u00e9gatives du quotidien. Par ailleurs, la tourmaline est r\u00e9put\u00e9e pour stimuler la cr\u00e9ativit\u00e9. Elle est parfaite pour les artistes ou pour ceux qui aiment cr\u00e9er. \u00a0C\u2019est une pierre de protection contre les \u00e9nergies n\u00e9gatives telles que la col\u00e8re, la ranc\u0153ur et la haine. Elle \u00e9loigne les personnes n\u00e9fastes de l\u2019environnement du porteur de la tourmaline brune.<\/p>\n","protected":false},"featured_media":1881,"comment_status":"open","ping_status":"closed","template":"","meta":[],"product_brand":[],"product_cat":[156,460,17],"product_tag":[185,220,188,271,270],"mwb_booking_cost":[],"mwb_booking_service":[],"class_list":{"0":"post-1868","1":"product","2":"type-product","3":"status-publish","4":"has-post-thumbnail","6":"product_cat-04-bijoux","7":"product_cat-bracelets","8":"product_cat-tous-les-produits","9":"product_tag-chakra-etoile-de-la-terre","10":"product_tag-chakra-terre","11":"product_tag-chakras-collection","12":"product_tag-ondes-negatives","13":"product_tag-tourmaline","15":"first","16":"instock","17":"shipping-taxable","18":"purchasable","19":"product-type-simple"},"yoast_head":"<!-- This site is optimized with the Yoast SEO plugin v27.1.1 - https:\/\/yoast.com\/product\/yoast-seo-wordpress\/ -->\n<title>BRACELET en TOURMALINE (perles baroques) - absorption des ondes n\u00e9gatives - Spirit-US<\/title>\n<meta name=\"robots\" content=\"index, follow, max-snippet:-1, max-image-preview:large, max-video-preview:-1\" \/>\n<link rel=\"canonical\" href=\"https:\/\/www.spirit-us.eu\/index.php\/produit\/bracelet-en-tourmaline\/\" \/>\n<meta property=\"og:locale\" content=\"fr_FR\" \/>\n<meta property=\"og:type\" content=\"article\" \/>\n<meta property=\"og:title\" content=\"BRACELET en TOURMALINE (perles baroques) - absorption des ondes n\u00e9gatives - Spirit-US\" \/>\n<meta property=\"og:description\" content=\"Tr\u00e8s joli bracelet en perles baroques, qu\u2019on peut porter seul ou en double pour renforcer son effet b\u00e9n\u00e9fique, ou en synergie avec d\u2019autres pierres. La tourmaline brune aide \u00e0 surmonter les difficult\u00e9s de la vie, \u00e0 changer ce qu\u2019on peut \u00a0et donne le courage d\u2019accepter ce qu\u2019on ne peut pas changer. Elle permet de faire la paix avec son pass\u00e9 et d\u2019identifier l\u2019origine de certains blocages souvent li\u00e9s \u00e0 l\u2019enfance. Les blessures \u00e9motionnelles des exp\u00e9riences pass\u00e9es se transforment en douce gu\u00e9rison. Pierre d\u2019ancrage, la tourmaline brune donne le sens des responsabilit\u00e9s et une pleine conscience de la r\u00e9alit\u00e9. Elle offre \u00e0 qui la porte la possibilit\u00e9 de profiter pleinement de la vie et de l\u2019instant pr\u00e9sent, sans se soucier ni du pass\u00e9, ni de l\u2019avenir. Elle inspire une vie plus stable, ordonn\u00e9e et structur\u00e9e tout en absorbant les ondes n\u00e9gatives du quotidien. Par ailleurs, la tourmaline est r\u00e9put\u00e9e pour stimuler la cr\u00e9ativit\u00e9. Elle est parfaite pour les artistes ou pour ceux qui aiment cr\u00e9er. \u00a0C\u2019est une pierre de protection contre les \u00e9nergies n\u00e9gatives telles que la col\u00e8re, la ranc\u0153ur et la haine. Elle \u00e9loigne les personnes n\u00e9fastes de l\u2019environnement du porteur de la tourmaline brune.\" \/>\n<meta property=\"og:url\" content=\"https:\/\/www.spirit-us.eu\/index.php\/produit\/bracelet-en-tourmaline\/\" \/>\n<meta property=\"og:site_name\" content=\"Spirit-US\" \/>\n<meta property=\"article:publisher\" content=\"https:\/\/www.facebook.com\/spirit.us.deum\" \/>\n<meta property=\"article:modified_time\" content=\"2025-12-17T09:48:20+00:00\" \/>\n<meta property=\"og:image\" content=\"https:\/\/www.spirit-us.eu\/wp-content\/uploads\/2025\/07\/bracelet-baroque-en-tourmaline-1024x1024.png\" \/>\n\t<meta property=\"og:image:width\" content=\"1024\" \/>\n\t<meta property=\"og:image:height\" content=\"1024\" \/>\n\t<meta property=\"og:image:type\" content=\"image\/png\" \/>\n<meta name=\"twitter:card\" content=\"summary_large_image\" \/>\n<script type=\"application\/ld+json\" class=\"yoast-schema-graph\">{\"@context\":\"https:\/\/schema.org\",\"@graph\":[{\"@type\":\"WebPage\",\"@id\":\"https:\/\/www.spirit-us.eu\/index.php\/produit\/bracelet-en-tourmaline\/\",\"url\":\"https:\/\/www.spirit-us.eu\/index.php\/produit\/bracelet-en-tourmaline\/\",\"name\":\"BRACELET en TOURMALINE (perles baroques) - absorption des ondes n\u00e9gatives - Spirit-US\",\"isPartOf\":{\"@id\":\"https:\/\/www.spirit-us.eu\/#website\"},\"primaryImageOfPage\":{\"@id\":\"https:\/\/www.spirit-us.eu\/index.php\/produit\/bracelet-en-tourmaline\/#primaryimage\"},\"image\":{\"@id\":\"https:\/\/www.spirit-us.eu\/index.php\/produit\/bracelet-en-tourmaline\/#primaryimage\"},\"thumbnailUrl\":\"https:\/\/www.spirit-us.eu\/wp-content\/uploads\/2025\/07\/bracelet-baroque-en-tourmaline.png\",\"datePublished\":\"2025-07-19T12:40:07+00:00\",\"dateModified\":\"2025-12-17T09:48:20+00:00\",\"breadcrumb\":{\"@id\":\"https:\/\/www.spirit-us.eu\/index.php\/produit\/bracelet-en-tourmaline\/#breadcrumb\"},\"inLanguage\":\"fr-FR\",\"potentialAction\":[{\"@type\":\"ReadAction\",\"target\":[\"https:\/\/www.spirit-us.eu\/index.php\/produit\/bracelet-en-tourmaline\/\"]}]},{\"@type\":\"ImageObject\",\"inLanguage\":\"fr-FR\",\"@id\":\"https:\/\/www.spirit-us.eu\/index.php\/produit\/bracelet-en-tourmaline\/#primaryimage\",\"url\":\"https:\/\/www.spirit-us.eu\/wp-content\/uploads\/2025\/07\/bracelet-baroque-en-tourmaline.png\",\"contentUrl\":\"https:\/\/www.spirit-us.eu\/wp-content\/uploads\/2025\/07\/bracelet-baroque-en-tourmaline.png\",\"width\":1080,\"height\":1080},{\"@type\":\"BreadcrumbList\",\"@id\":\"https:\/\/www.spirit-us.eu\/index.php\/produit\/bracelet-en-tourmaline\/#breadcrumb\",\"itemListElement\":[{\"@type\":\"ListItem\",\"position\":1,\"name\":\"Accueil\",\"item\":\"https:\/\/www.spirit-us.eu\/\"},{\"@type\":\"ListItem\",\"position\":2,\"name\":\"Boutique\",\"item\":\"https:\/\/www.spirit-us.eu\/index.php\/boutique\/\"},{\"@type\":\"ListItem\",\"position\":3,\"name\":\"BRACELET en TOURMALINE (perles baroques) &#8211; absorption des ondes n\u00e9gatives\"}]},{\"@type\":\"WebSite\",\"@id\":\"https:\/\/www.spirit-us.eu\/#website\",\"url\":\"https:\/\/www.spirit-us.eu\/\",\"name\":\"Spirit-US\",\"description\":\"\",\"publisher\":{\"@id\":\"https:\/\/www.spirit-us.eu\/#organization\"},\"potentialAction\":[{\"@type\":\"SearchAction\",\"target\":{\"@type\":\"EntryPoint\",\"urlTemplate\":\"https:\/\/www.spirit-us.eu\/?s={search_term_string}\"},\"query-input\":{\"@type\":\"PropertyValueSpecification\",\"valueRequired\":true,\"valueName\":\"search_term_string\"}}],\"inLanguage\":\"fr-FR\"},{\"@type\":\"Organization\",\"@id\":\"https:\/\/www.spirit-us.eu\/#organization\",\"name\":\"Spirit-US\",\"url\":\"https:\/\/www.spirit-us.eu\/\",\"logo\":{\"@type\":\"ImageObject\",\"inLanguage\":\"fr-FR\",\"@id\":\"https:\/\/www.spirit-us.eu\/#\/schema\/logo\/image\/\",\"url\":\"https:\/\/www.spirit-us.eu\/wp-content\/uploads\/2025\/11\/logo-regarde-linterlocutrice-sans-arrriere-plan.jpg\",\"contentUrl\":\"https:\/\/www.spirit-us.eu\/wp-content\/uploads\/2025\/11\/logo-regarde-linterlocutrice-sans-arrriere-plan.jpg\",\"width\":1080,\"height\":1080,\"caption\":\"Spirit-US\"},\"image\":{\"@id\":\"https:\/\/www.spirit-us.eu\/#\/schema\/logo\/image\/\"},\"sameAs\":[\"https:\/\/www.facebook.com\/spirit.us.deum\"]}]}<\/script>\n<!-- \/ Yoast SEO plugin. -->","yoast_head_json":{"title":"BRACELET en TOURMALINE (perles baroques) - absorption des ondes n\u00e9gatives - Spirit-US","robots":{"index":"index","follow":"follow","max-snippet":"max-snippet:-1","max-image-preview":"max-image-preview:large","max-video-preview":"max-video-preview:-1"},"canonical":"https:\/\/www.spirit-us.eu\/index.php\/produit\/bracelet-en-tourmaline\/","og_locale":"fr_FR","og_type":"article","og_title":"BRACELET en TOURMALINE (perles baroques) - absorption des ondes n\u00e9gatives - Spirit-US","og_description":"Tr\u00e8s joli bracelet en perles baroques, qu\u2019on peut porter seul ou en double pour renforcer son effet b\u00e9n\u00e9fique, ou en synergie avec d\u2019autres pierres. La tourmaline brune aide \u00e0 surmonter les difficult\u00e9s de la vie, \u00e0 changer ce qu\u2019on peut \u00a0et donne le courage d\u2019accepter ce qu\u2019on ne peut pas changer. Elle permet de faire la paix avec son pass\u00e9 et d\u2019identifier l\u2019origine de certains blocages souvent li\u00e9s \u00e0 l\u2019enfance. Les blessures \u00e9motionnelles des exp\u00e9riences pass\u00e9es se transforment en douce gu\u00e9rison. Pierre d\u2019ancrage, la tourmaline brune donne le sens des responsabilit\u00e9s et une pleine conscience de la r\u00e9alit\u00e9. Elle offre \u00e0 qui la porte la possibilit\u00e9 de profiter pleinement de la vie et de l\u2019instant pr\u00e9sent, sans se soucier ni du pass\u00e9, ni de l\u2019avenir. Elle inspire une vie plus stable, ordonn\u00e9e et structur\u00e9e tout en absorbant les ondes n\u00e9gatives du quotidien. Par ailleurs, la tourmaline est r\u00e9put\u00e9e pour stimuler la cr\u00e9ativit\u00e9. Elle est parfaite pour les artistes ou pour ceux qui aiment cr\u00e9er. \u00a0C\u2019est une pierre de protection contre les \u00e9nergies n\u00e9gatives telles que la col\u00e8re, la ranc\u0153ur et la haine. Elle \u00e9loigne les personnes n\u00e9fastes de l\u2019environnement du porteur de la tourmaline brune.","og_url":"https:\/\/www.spirit-us.eu\/index.php\/produit\/bracelet-en-tourmaline\/","og_site_name":"Spirit-US","article_publisher":"https:\/\/www.facebook.com\/spirit.us.deum","article_modified_time":"2025-12-17T09:48:20+00:00","og_image":[{"width":1024,"height":1024,"url":"https:\/\/www.spirit-us.eu\/wp-content\/uploads\/2025\/07\/bracelet-baroque-en-tourmaline-1024x1024.png","type":"image\/png"}],"twitter_card":"summary_large_image","schema":{"@context":"https:\/\/schema.org","@graph":[{"@type":"WebPage","@id":"https:\/\/www.spirit-us.eu\/index.php\/produit\/bracelet-en-tourmaline\/","url":"https:\/\/www.spirit-us.eu\/index.php\/produit\/bracelet-en-tourmaline\/","name":"BRACELET en TOURMALINE (perles baroques) - absorption des ondes n\u00e9gatives - Spirit-US","isPartOf":{"@id":"https:\/\/www.spirit-us.eu\/#website"},"primaryImageOfPage":{"@id":"https:\/\/www.spirit-us.eu\/index.php\/produit\/bracelet-en-tourmaline\/#primaryimage"},"image":{"@id":"https:\/\/www.spirit-us.eu\/index.php\/produit\/bracelet-en-tourmaline\/#primaryimage"},"thumbnailUrl":"https:\/\/www.spirit-us.eu\/wp-content\/uploads\/2025\/07\/bracelet-baroque-en-tourmaline.png","datePublished":"2025-07-19T12:40:07+00:00","dateModified":"2025-12-17T09:48:20+00:00","breadcrumb":{"@id":"https:\/\/www.spirit-us.eu\/index.php\/produit\/bracelet-en-tourmaline\/#breadcrumb"},"inLanguage":"fr-FR","potentialAction":[{"@type":"ReadAction","target":["https:\/\/www.spirit-us.eu\/index.php\/produit\/bracelet-en-tourmaline\/"]}]},{"@type":"ImageObject","inLanguage":"fr-FR","@id":"https:\/\/www.spirit-us.eu\/index.php\/produit\/bracelet-en-tourmaline\/#primaryimage","url":"https:\/\/www.spirit-us.eu\/wp-content\/uploads\/2025\/07\/bracelet-baroque-en-tourmaline.png","contentUrl":"https:\/\/www.spirit-us.eu\/wp-content\/uploads\/2025\/07\/bracelet-baroque-en-tourmaline.png","width":1080,"height":1080},{"@type":"BreadcrumbList","@id":"https:\/\/www.spirit-us.eu\/index.php\/produit\/bracelet-en-tourmaline\/#breadcrumb","itemListElement":[{"@type":"ListItem","position":1,"name":"Accueil","item":"https:\/\/www.spirit-us.eu\/"},{"@type":"ListItem","position":2,"name":"Boutique","item":"https:\/\/www.spirit-us.eu\/index.php\/boutique\/"},{"@type":"ListItem","position":3,"name":"BRACELET en TOURMALINE (perles baroques) &#8211; absorption des ondes n\u00e9gatives"}]},{"@type":"WebSite","@id":"https:\/\/www.spirit-us.eu\/#website","url":"https:\/\/www.spirit-us.eu\/","name":"Spirit-US","description":"","publisher":{"@id":"https:\/\/www.spirit-us.eu\/#organization"},"potentialAction":[{"@type":"SearchAction","target":{"@type":"EntryPoint","urlTemplate":"https:\/\/www.spirit-us.eu\/?s={search_term_string}"},"query-input":{"@type":"PropertyValueSpecification","valueRequired":true,"valueName":"search_term_string"}}],"inLanguage":"fr-FR"},{"@type":"Organization","@id":"https:\/\/www.spirit-us.eu\/#organization","name":"Spirit-US","url":"https:\/\/www.spirit-us.eu\/","logo":{"@type":"ImageObject","inLanguage":"fr-FR","@id":"https:\/\/www.spirit-us.eu\/#\/schema\/logo\/image\/","url":"https:\/\/www.spirit-us.eu\/wp-content\/uploads\/2025\/11\/logo-regarde-linterlocutrice-sans-arrriere-plan.jpg","contentUrl":"https:\/\/www.spirit-us.eu\/wp-content\/uploads\/2025\/11\/logo-regarde-linterlocutrice-sans-arrriere-plan.jpg","width":1080,"height":1080,"caption":"Spirit-US"},"image":{"@id":"https:\/\/www.spirit-us.eu\/#\/schema\/logo\/image\/"},"sameAs":["https:\/\/www.facebook.com\/spirit.us.deum"]}]}},"jetpack_sharing_enabled":true,"_links":{"self":[{"href":"https:\/\/www.spirit-us.eu\/index.php\/wp-json\/wp\/v2\/product\/1868","targetHints":{"allow":["GET"]}}],"collection":[{"href":"https:\/\/www.spirit-us.eu\/index.php\/wp-json\/wp\/v2\/product"}],"about":[{"href":"https:\/\/www.spirit-us.eu\/index.php\/wp-json\/wp\/v2\/types\/product"}],"replies":[{"embeddable":true,"href":"https:\/\/www.spirit-us.eu\/index.php\/wp-json\/wp\/v2\/comments?post=1868"}],"wp:featuredmedia":[{"embeddable":true,"href":"https:\/\/www.spirit-us.eu\/index.php\/wp-json\/wp\/v2\/media\/1881"}],"wp:attachment":[{"href":"https:\/\/www.spirit-us.eu\/index.php\/wp-json\/wp\/v2\/media?parent=1868"}],"wp:term":[{"taxonomy":"product_brand","embeddable":true,"href":"https:\/\/www.spirit-us.eu\/index.php\/wp-json\/wp\/v2\/product_brand?post=1868"},{"taxonomy":"product_cat","embeddable":true,"href":"https:\/\/www.spirit-us.eu\/index.php\/wp-json\/wp\/v2\/product_cat?post=1868"},{"taxonomy":"product_tag","embeddable":true,"href":"https:\/\/www.spirit-us.eu\/index.php\/wp-json\/wp\/v2\/product_tag?post=1868"},{"taxonomy":"mwb_booking_cost","embeddable":true,"href":"https:\/\/www.spirit-us.eu\/index.php\/wp-json\/wp\/v2\/mwb_booking_cost?post=1868"},{"taxonomy":"mwb_booking_service","embeddable":true,"href":"https:\/\/www.spirit-us.eu\/index.php\/wp-json\/wp\/v2\/mwb_booking_service?post=1868"}],"curies":[{"name":"wp","href":"https:\/\/api.w.org\/{rel}","templated":true}]}}