{"id":1856,"date":"2025-07-13T16:32:43","date_gmt":"2025-07-13T14:32:43","guid":{"rendered":"https:\/\/www.spirit-us.eu\/?post_type=product&#038;p=1856"},"modified":"2025-12-17T14:53:58","modified_gmt":"2025-12-17T13:53:58","slug":"pendentif-coeur-en-amethyste-chakra-du-3eme-oeil","status":"publish","type":"product","link":"https:\/\/www.spirit-us.eu\/index.php\/produit\/pendentif-coeur-en-amethyste-chakra-du-3eme-oeil\/","title":{"rendered":"PENDENTIF C\u0152UR EN AMETHYSTE &#8211; chakra du 3\u00e8me \u0153il"},"content":{"rendered":"<p><strong>Mat\u00e9riaux<\/strong> : am\u00e9thyste de couleur violette et m\u00e9tal argent\u00e9<\/p>\n<p><strong>Dimension du pendentif<\/strong> (breloque) : largeur 2 cm \/ hauteur 2 cm (hors suspensoir)<\/p>\n<p><strong>Forme<\/strong>\u00a0: c\u0153ur<\/p>\n<p><strong>Couleur<\/strong> : violet &#8211; translucide<\/p>\n<p><strong>Dimension de la cha\u00eenette<\/strong> : 50 cm<\/p>\n<p><strong>Couleur de la cha\u00eenette<\/strong> : argent\u00e9e<\/p>\n<p>Livr\u00e9 dans un coffret de velours.\u00a0 Id\u00e9al comme cadeau lorsqu\u2019une personne a besoin de renforcer sa connexion avec le monde invisible et la voyance.<\/p>\n<p>&nbsp;<\/p>\n","protected":false},"excerpt":{"rendered":"<p>Tr\u00e8s joli pendentif en forme de c\u0153ur, en am\u00e9thyste violette, symbolisant l\u2019\u00e9veil du chakra du 3<sup>\u00e8me<\/sup> \u0153il. L&rsquo;am\u00e9thyste \u00a0est la pierre de l&rsquo;\u00e9veil, de la voyance et de l&rsquo;intuitivit\u00e9 sacr\u00e9e, \u00e9nergisante. Ni trop grand, ni trop petit, le pendentif a une taille discr\u00e8te.\u00a0 Il se porte seul ou avec d\u2019autres bijoux.\u00a0 Les nombreuses couleurs de ces petits c\u0153urs en pierres semi-pr\u00e9cieuses, permet de l\u2019assortir \u00e0 votre tenue, \u00e0 votre humeur ou \u00e0 l\u2019\u00e9nergie que vous souhaitez travailler \u00e0 un moment pr\u00e9cis. L&rsquo;am\u00e9thyste est connue depuis la plus haute Antiquit\u00e9 comme symbole de purification, de sagesse et de s\u00e9r\u00e9nit\u00e9.\u00a0 Sa belle couleur profonde est envo\u00fbtante dans le beau sens du terme. C\u2019est un cadeau id\u00e9al \u00e0 offrir en toute circonstance ; il convient tr\u00e8s bien pour la f\u00eate des m\u00e8res, No\u00ebl, un anniversaire l(am\u00e9thyste est la pierre de naissance des personnes n\u00e9es en f\u00e9vrier ou du signe du Verseau), ou la saint Valentin. Il est livr\u00e9 dans son \u00e9crin blanc avec une cha\u00eenette dor\u00e9e.<\/p>\n","protected":false},"featured_media":1859,"comment_status":"open","ping_status":"closed","template":"","meta":[],"product_brand":[],"product_cat":[156,463,17],"product_tag":[263,262,173,188,240],"mwb_booking_cost":[],"mwb_booking_service":[],"class_list":{"0":"post-1856","1":"product","2":"type-product","3":"status-publish","4":"has-post-thumbnail","6":"product_cat-04-bijoux","7":"product_cat-pendentif","8":"product_cat-tous-les-produits","9":"product_tag-3eme-oeil","10":"product_tag-amethyste","11":"product_tag-chakras","12":"product_tag-chakras-collection","13":"product_tag-purification","15":"first","16":"instock","17":"shipping-taxable","18":"purchasable","19":"product-type-simple"},"yoast_head":"<!-- This site is optimized with the Yoast SEO plugin v27.1.1 - https:\/\/yoast.com\/product\/yoast-seo-wordpress\/ -->\n<title>PENDENTIF C\u0152UR EN AMETHYSTE - chakra du 3\u00e8me \u0153il - Spirit-US<\/title>\n<meta name=\"robots\" content=\"index, follow, max-snippet:-1, max-image-preview:large, max-video-preview:-1\" \/>\n<link rel=\"canonical\" href=\"https:\/\/www.spirit-us.eu\/index.php\/produit\/pendentif-coeur-en-amethyste-chakra-du-3eme-oeil\/\" \/>\n<meta property=\"og:locale\" content=\"fr_FR\" \/>\n<meta property=\"og:type\" content=\"article\" \/>\n<meta property=\"og:title\" content=\"PENDENTIF C\u0152UR EN AMETHYSTE - chakra du 3\u00e8me \u0153il - Spirit-US\" \/>\n<meta property=\"og:description\" content=\"Tr\u00e8s joli pendentif en forme de c\u0153ur, en am\u00e9thyste violette, symbolisant l\u2019\u00e9veil du chakra du 3\u00e8me \u0153il. L&#039;am\u00e9thyste \u00a0est la pierre de l&#039;\u00e9veil, de la voyance et de l&#039;intuitivit\u00e9 sacr\u00e9e, \u00e9nergisante. Ni trop grand, ni trop petit, le pendentif a une taille discr\u00e8te.\u00a0 Il se porte seul ou avec d\u2019autres bijoux.\u00a0 Les nombreuses couleurs de ces petits c\u0153urs en pierres semi-pr\u00e9cieuses, permet de l\u2019assortir \u00e0 votre tenue, \u00e0 votre humeur ou \u00e0 l\u2019\u00e9nergie que vous souhaitez travailler \u00e0 un moment pr\u00e9cis. L&#039;am\u00e9thyste est connue depuis la plus haute Antiquit\u00e9 comme symbole de purification, de sagesse et de s\u00e9r\u00e9nit\u00e9.\u00a0 Sa belle couleur profonde est envo\u00fbtante dans le beau sens du terme. C\u2019est un cadeau id\u00e9al \u00e0 offrir en toute circonstance ; il convient tr\u00e8s bien pour la f\u00eate des m\u00e8res, No\u00ebl, un anniversaire l(am\u00e9thyste est la pierre de naissance des personnes n\u00e9es en f\u00e9vrier ou du signe du Verseau), ou la saint Valentin. Il est livr\u00e9 dans son \u00e9crin blanc avec une cha\u00eenette dor\u00e9e.\" \/>\n<meta property=\"og:url\" content=\"https:\/\/www.spirit-us.eu\/index.php\/produit\/pendentif-coeur-en-amethyste-chakra-du-3eme-oeil\/\" \/>\n<meta property=\"og:site_name\" content=\"Spirit-US\" \/>\n<meta property=\"article:publisher\" content=\"https:\/\/www.facebook.com\/spirit.us.deum\" \/>\n<meta property=\"article:modified_time\" content=\"2025-12-17T13:53:58+00:00\" \/>\n<meta property=\"og:image\" content=\"https:\/\/www.spirit-us.eu\/wp-content\/uploads\/2025\/07\/amethyste-coeur-image-produit-canva-1024x1024.png\" \/>\n\t<meta property=\"og:image:width\" content=\"1024\" \/>\n\t<meta property=\"og:image:height\" content=\"1024\" \/>\n\t<meta property=\"og:image:type\" content=\"image\/png\" \/>\n<meta name=\"twitter:card\" content=\"summary_large_image\" \/>\n<script type=\"application\/ld+json\" class=\"yoast-schema-graph\">{\"@context\":\"https:\/\/schema.org\",\"@graph\":[{\"@type\":\"WebPage\",\"@id\":\"https:\/\/www.spirit-us.eu\/index.php\/produit\/pendentif-coeur-en-amethyste-chakra-du-3eme-oeil\/\",\"url\":\"https:\/\/www.spirit-us.eu\/index.php\/produit\/pendentif-coeur-en-amethyste-chakra-du-3eme-oeil\/\",\"name\":\"PENDENTIF C\u0152UR EN AMETHYSTE - chakra du 3\u00e8me \u0153il - Spirit-US\",\"isPartOf\":{\"@id\":\"https:\/\/www.spirit-us.eu\/#website\"},\"primaryImageOfPage\":{\"@id\":\"https:\/\/www.spirit-us.eu\/index.php\/produit\/pendentif-coeur-en-amethyste-chakra-du-3eme-oeil\/#primaryimage\"},\"image\":{\"@id\":\"https:\/\/www.spirit-us.eu\/index.php\/produit\/pendentif-coeur-en-amethyste-chakra-du-3eme-oeil\/#primaryimage\"},\"thumbnailUrl\":\"https:\/\/www.spirit-us.eu\/wp-content\/uploads\/2025\/07\/amethyste-coeur-image-produit-canva.png\",\"datePublished\":\"2025-07-13T14:32:43+00:00\",\"dateModified\":\"2025-12-17T13:53:58+00:00\",\"breadcrumb\":{\"@id\":\"https:\/\/www.spirit-us.eu\/index.php\/produit\/pendentif-coeur-en-amethyste-chakra-du-3eme-oeil\/#breadcrumb\"},\"inLanguage\":\"fr-FR\",\"potentialAction\":[{\"@type\":\"ReadAction\",\"target\":[\"https:\/\/www.spirit-us.eu\/index.php\/produit\/pendentif-coeur-en-amethyste-chakra-du-3eme-oeil\/\"]}]},{\"@type\":\"ImageObject\",\"inLanguage\":\"fr-FR\",\"@id\":\"https:\/\/www.spirit-us.eu\/index.php\/produit\/pendentif-coeur-en-amethyste-chakra-du-3eme-oeil\/#primaryimage\",\"url\":\"https:\/\/www.spirit-us.eu\/wp-content\/uploads\/2025\/07\/amethyste-coeur-image-produit-canva.png\",\"contentUrl\":\"https:\/\/www.spirit-us.eu\/wp-content\/uploads\/2025\/07\/amethyste-coeur-image-produit-canva.png\",\"width\":1485,\"height\":1485},{\"@type\":\"BreadcrumbList\",\"@id\":\"https:\/\/www.spirit-us.eu\/index.php\/produit\/pendentif-coeur-en-amethyste-chakra-du-3eme-oeil\/#breadcrumb\",\"itemListElement\":[{\"@type\":\"ListItem\",\"position\":1,\"name\":\"Accueil\",\"item\":\"https:\/\/www.spirit-us.eu\/\"},{\"@type\":\"ListItem\",\"position\":2,\"name\":\"Boutique\",\"item\":\"https:\/\/www.spirit-us.eu\/index.php\/boutique\/\"},{\"@type\":\"ListItem\",\"position\":3,\"name\":\"PENDENTIF C\u0152UR EN AMETHYSTE &#8211; chakra du 3\u00e8me \u0153il\"}]},{\"@type\":\"WebSite\",\"@id\":\"https:\/\/www.spirit-us.eu\/#website\",\"url\":\"https:\/\/www.spirit-us.eu\/\",\"name\":\"Spirit-US\",\"description\":\"\",\"publisher\":{\"@id\":\"https:\/\/www.spirit-us.eu\/#organization\"},\"potentialAction\":[{\"@type\":\"SearchAction\",\"target\":{\"@type\":\"EntryPoint\",\"urlTemplate\":\"https:\/\/www.spirit-us.eu\/?s={search_term_string}\"},\"query-input\":{\"@type\":\"PropertyValueSpecification\",\"valueRequired\":true,\"valueName\":\"search_term_string\"}}],\"inLanguage\":\"fr-FR\"},{\"@type\":\"Organization\",\"@id\":\"https:\/\/www.spirit-us.eu\/#organization\",\"name\":\"Spirit-US\",\"url\":\"https:\/\/www.spirit-us.eu\/\",\"logo\":{\"@type\":\"ImageObject\",\"inLanguage\":\"fr-FR\",\"@id\":\"https:\/\/www.spirit-us.eu\/#\/schema\/logo\/image\/\",\"url\":\"https:\/\/www.spirit-us.eu\/wp-content\/uploads\/2025\/11\/logo-regarde-linterlocutrice-sans-arrriere-plan.jpg\",\"contentUrl\":\"https:\/\/www.spirit-us.eu\/wp-content\/uploads\/2025\/11\/logo-regarde-linterlocutrice-sans-arrriere-plan.jpg\",\"width\":1080,\"height\":1080,\"caption\":\"Spirit-US\"},\"image\":{\"@id\":\"https:\/\/www.spirit-us.eu\/#\/schema\/logo\/image\/\"},\"sameAs\":[\"https:\/\/www.facebook.com\/spirit.us.deum\"]}]}<\/script>\n<!-- \/ Yoast SEO plugin. -->","yoast_head_json":{"title":"PENDENTIF C\u0152UR EN AMETHYSTE - chakra du 3\u00e8me \u0153il - Spirit-US","robots":{"index":"index","follow":"follow","max-snippet":"max-snippet:-1","max-image-preview":"max-image-preview:large","max-video-preview":"max-video-preview:-1"},"canonical":"https:\/\/www.spirit-us.eu\/index.php\/produit\/pendentif-coeur-en-amethyste-chakra-du-3eme-oeil\/","og_locale":"fr_FR","og_type":"article","og_title":"PENDENTIF C\u0152UR EN AMETHYSTE - chakra du 3\u00e8me \u0153il - Spirit-US","og_description":"Tr\u00e8s joli pendentif en forme de c\u0153ur, en am\u00e9thyste violette, symbolisant l\u2019\u00e9veil du chakra du 3\u00e8me \u0153il. L'am\u00e9thyste \u00a0est la pierre de l'\u00e9veil, de la voyance et de l'intuitivit\u00e9 sacr\u00e9e, \u00e9nergisante. Ni trop grand, ni trop petit, le pendentif a une taille discr\u00e8te.\u00a0 Il se porte seul ou avec d\u2019autres bijoux.\u00a0 Les nombreuses couleurs de ces petits c\u0153urs en pierres semi-pr\u00e9cieuses, permet de l\u2019assortir \u00e0 votre tenue, \u00e0 votre humeur ou \u00e0 l\u2019\u00e9nergie que vous souhaitez travailler \u00e0 un moment pr\u00e9cis. L'am\u00e9thyste est connue depuis la plus haute Antiquit\u00e9 comme symbole de purification, de sagesse et de s\u00e9r\u00e9nit\u00e9.\u00a0 Sa belle couleur profonde est envo\u00fbtante dans le beau sens du terme. C\u2019est un cadeau id\u00e9al \u00e0 offrir en toute circonstance ; il convient tr\u00e8s bien pour la f\u00eate des m\u00e8res, No\u00ebl, un anniversaire l(am\u00e9thyste est la pierre de naissance des personnes n\u00e9es en f\u00e9vrier ou du signe du Verseau), ou la saint Valentin. Il est livr\u00e9 dans son \u00e9crin blanc avec une cha\u00eenette dor\u00e9e.","og_url":"https:\/\/www.spirit-us.eu\/index.php\/produit\/pendentif-coeur-en-amethyste-chakra-du-3eme-oeil\/","og_site_name":"Spirit-US","article_publisher":"https:\/\/www.facebook.com\/spirit.us.deum","article_modified_time":"2025-12-17T13:53:58+00:00","og_image":[{"width":1024,"height":1024,"url":"https:\/\/www.spirit-us.eu\/wp-content\/uploads\/2025\/07\/amethyste-coeur-image-produit-canva-1024x1024.png","type":"image\/png"}],"twitter_card":"summary_large_image","schema":{"@context":"https:\/\/schema.org","@graph":[{"@type":"WebPage","@id":"https:\/\/www.spirit-us.eu\/index.php\/produit\/pendentif-coeur-en-amethyste-chakra-du-3eme-oeil\/","url":"https:\/\/www.spirit-us.eu\/index.php\/produit\/pendentif-coeur-en-amethyste-chakra-du-3eme-oeil\/","name":"PENDENTIF C\u0152UR EN AMETHYSTE - chakra du 3\u00e8me \u0153il - Spirit-US","isPartOf":{"@id":"https:\/\/www.spirit-us.eu\/#website"},"primaryImageOfPage":{"@id":"https:\/\/www.spirit-us.eu\/index.php\/produit\/pendentif-coeur-en-amethyste-chakra-du-3eme-oeil\/#primaryimage"},"image":{"@id":"https:\/\/www.spirit-us.eu\/index.php\/produit\/pendentif-coeur-en-amethyste-chakra-du-3eme-oeil\/#primaryimage"},"thumbnailUrl":"https:\/\/www.spirit-us.eu\/wp-content\/uploads\/2025\/07\/amethyste-coeur-image-produit-canva.png","datePublished":"2025-07-13T14:32:43+00:00","dateModified":"2025-12-17T13:53:58+00:00","breadcrumb":{"@id":"https:\/\/www.spirit-us.eu\/index.php\/produit\/pendentif-coeur-en-amethyste-chakra-du-3eme-oeil\/#breadcrumb"},"inLanguage":"fr-FR","potentialAction":[{"@type":"ReadAction","target":["https:\/\/www.spirit-us.eu\/index.php\/produit\/pendentif-coeur-en-amethyste-chakra-du-3eme-oeil\/"]}]},{"@type":"ImageObject","inLanguage":"fr-FR","@id":"https:\/\/www.spirit-us.eu\/index.php\/produit\/pendentif-coeur-en-amethyste-chakra-du-3eme-oeil\/#primaryimage","url":"https:\/\/www.spirit-us.eu\/wp-content\/uploads\/2025\/07\/amethyste-coeur-image-produit-canva.png","contentUrl":"https:\/\/www.spirit-us.eu\/wp-content\/uploads\/2025\/07\/amethyste-coeur-image-produit-canva.png","width":1485,"height":1485},{"@type":"BreadcrumbList","@id":"https:\/\/www.spirit-us.eu\/index.php\/produit\/pendentif-coeur-en-amethyste-chakra-du-3eme-oeil\/#breadcrumb","itemListElement":[{"@type":"ListItem","position":1,"name":"Accueil","item":"https:\/\/www.spirit-us.eu\/"},{"@type":"ListItem","position":2,"name":"Boutique","item":"https:\/\/www.spirit-us.eu\/index.php\/boutique\/"},{"@type":"ListItem","position":3,"name":"PENDENTIF C\u0152UR EN AMETHYSTE &#8211; chakra du 3\u00e8me \u0153il"}]},{"@type":"WebSite","@id":"https:\/\/www.spirit-us.eu\/#website","url":"https:\/\/www.spirit-us.eu\/","name":"Spirit-US","description":"","publisher":{"@id":"https:\/\/www.spirit-us.eu\/#organization"},"potentialAction":[{"@type":"SearchAction","target":{"@type":"EntryPoint","urlTemplate":"https:\/\/www.spirit-us.eu\/?s={search_term_string}"},"query-input":{"@type":"PropertyValueSpecification","valueRequired":true,"valueName":"search_term_string"}}],"inLanguage":"fr-FR"},{"@type":"Organization","@id":"https:\/\/www.spirit-us.eu\/#organization","name":"Spirit-US","url":"https:\/\/www.spirit-us.eu\/","logo":{"@type":"ImageObject","inLanguage":"fr-FR","@id":"https:\/\/www.spirit-us.eu\/#\/schema\/logo\/image\/","url":"https:\/\/www.spirit-us.eu\/wp-content\/uploads\/2025\/11\/logo-regarde-linterlocutrice-sans-arrriere-plan.jpg","contentUrl":"https:\/\/www.spirit-us.eu\/wp-content\/uploads\/2025\/11\/logo-regarde-linterlocutrice-sans-arrriere-plan.jpg","width":1080,"height":1080,"caption":"Spirit-US"},"image":{"@id":"https:\/\/www.spirit-us.eu\/#\/schema\/logo\/image\/"},"sameAs":["https:\/\/www.facebook.com\/spirit.us.deum"]}]}},"jetpack_sharing_enabled":true,"_links":{"self":[{"href":"https:\/\/www.spirit-us.eu\/index.php\/wp-json\/wp\/v2\/product\/1856","targetHints":{"allow":["GET"]}}],"collection":[{"href":"https:\/\/www.spirit-us.eu\/index.php\/wp-json\/wp\/v2\/product"}],"about":[{"href":"https:\/\/www.spirit-us.eu\/index.php\/wp-json\/wp\/v2\/types\/product"}],"replies":[{"embeddable":true,"href":"https:\/\/www.spirit-us.eu\/index.php\/wp-json\/wp\/v2\/comments?post=1856"}],"wp:featuredmedia":[{"embeddable":true,"href":"https:\/\/www.spirit-us.eu\/index.php\/wp-json\/wp\/v2\/media\/1859"}],"wp:attachment":[{"href":"https:\/\/www.spirit-us.eu\/index.php\/wp-json\/wp\/v2\/media?parent=1856"}],"wp:term":[{"taxonomy":"product_brand","embeddable":true,"href":"https:\/\/www.spirit-us.eu\/index.php\/wp-json\/wp\/v2\/product_brand?post=1856"},{"taxonomy":"product_cat","embeddable":true,"href":"https:\/\/www.spirit-us.eu\/index.php\/wp-json\/wp\/v2\/product_cat?post=1856"},{"taxonomy":"product_tag","embeddable":true,"href":"https:\/\/www.spirit-us.eu\/index.php\/wp-json\/wp\/v2\/product_tag?post=1856"},{"taxonomy":"mwb_booking_cost","embeddable":true,"href":"https:\/\/www.spirit-us.eu\/index.php\/wp-json\/wp\/v2\/mwb_booking_cost?post=1856"},{"taxonomy":"mwb_booking_service","embeddable":true,"href":"https:\/\/www.spirit-us.eu\/index.php\/wp-json\/wp\/v2\/mwb_booking_service?post=1856"}],"curies":[{"name":"wp","href":"https:\/\/api.w.org\/{rel}","templated":true}]}}