{"id":1835,"date":"2025-07-12T10:49:10","date_gmt":"2025-07-12T08:49:10","guid":{"rendered":"https:\/\/www.spirit-us.eu\/?post_type=product&#038;p=1835"},"modified":"2025-12-17T14:47:14","modified_gmt":"2025-12-17T13:47:14","slug":"collier-des-archanges-creation-unique","status":"publish","type":"product","link":"https:\/\/www.spirit-us.eu\/index.php\/produit\/collier-des-archanges-creation-unique\/","title":{"rendered":"Collier des ARCHANGES &#8211; cr\u00e9ation  unique"},"content":{"rendered":"<p><strong>Cr\u00e9atrice<\/strong> : une Amie Lapidaire-Gemmologue de formation, qui se met \u00e0 votre service, pour des cr\u00e9ations personnalis\u00e9es suivant vos besoins par mes ressentis.<\/p>\n<p><strong>Pierres &amp; \u00e9l\u00e9ments utilis\u00e9s<\/strong> : \u00e9meraude, saphir, ambre, turquoise, citrine, lapis-lazuli, quartz, tourmaline, calcite, pierre de lune, aigue-marine, am\u00e9thyste, pyrite, cornaline &#8211; le tout est compos\u00e9 de perles baroques en nacre et en cristal de roche et de pierres semi-pr\u00e9cieuses, mont\u00e9 sur fil et dot\u00e9 d&rsquo;un fermoir en argent (925 &#8211; qualit\u00e9 optimale).<\/p>\n<p><strong>Dimension du collier\u00a0<\/strong>: 97 cm<\/p>\n<p><strong>Couleurs\u00a0<\/strong>: l&rsquo;image du collier vous montre que toutes les couleurs de l&rsquo;arc-en-ciel et les couleurs de la Terre sont repr\u00e9sent\u00e9s dans le bijou<\/p>\n<p><strong>Dimensions des perles<\/strong> :<\/p>\n<ul>\n<li>la pierre majeure est l&rsquo;\u00e9meraude baroque (2) dont les dimensions sont de 3,5 cm x 2 cm x 1 cm (\u00e9paisseur)<\/li>\n<li>les pierres roul\u00e9es sont de 8mm<\/li>\n<li>les perles baroques varient de 3 mm \u00e0 9 mm<\/li>\n<\/ul>\n<p><strong>Fermoir\u00a0<\/strong>: argent 925<\/p>\n<p><em>Le collier vous est livr\u00e9 avec un feuillet d\u00e9taillant tout ce qu&rsquo;il faut savoir sur cette pi\u00e8ce unique.\u00a0<\/em><\/p>\n","protected":false},"excerpt":{"rendered":"<p style=\"text-align: justify;\">Voici un bijou tr\u00e8s pr\u00e9cieux et unique : le collier des archanges.\u00a0 Il est chatoyant, il change de couleurs en fonction de la lumi\u00e8re, il rayonne sur vous et appelle vos anges protecteurs.\u00a0 Les anges ont des couleurs, de la joie, de la fantaisie.\u00a0 Ce collier est l\u2019ancrage de tout cela, o\u00f9 les pierres et leurs vertus agissent pour votre plus grand bien-\u00eatre. Ses couleurs correspondent aux rayons lumineux qui r\u00e9gissent l\u2019Univers ; et il y a des \u00e9l\u00e9ments additionnels : des couleurs reli\u00e9es \u00e0 l\u2019\u00e9nergie de la terre comme l\u2019ambre ou la tourmaline. C&rsquo;est un magnifique cadeau \u00e0 (se) faire \u00e0 une personne aim\u00e9e, aux talents hors du commun, reli\u00e9e au Cosmos et \u00e0 la Lumi\u00e8re.\u00a0 Il convient pour un usage quotidien (il a un poids certain) comme pour des \u00e9v\u00e9nements exceptionnels o\u00f9 la joie de vivre est convoqu\u00e9e. Ce bijou unique, issu d\u2019un savoir-faire exceptionnel depuis 40 ans, est cr\u00e9\u00e9 par une Gemmologue de grand talent.<\/p>\n","protected":false},"featured_media":1851,"comment_status":"open","ping_status":"closed","template":"","meta":[],"product_brand":[],"product_cat":[156,190,464,17],"product_tag":[256,255,257,258],"mwb_booking_cost":[],"mwb_booking_service":[],"class_list":{"0":"post-1835","1":"product","2":"type-product","3":"status-publish","4":"has-post-thumbnail","6":"product_cat-04-bijoux","7":"product_cat-11-pieces-rares-uniques-creations","8":"product_cat-pieces-uniques-ou-rares","9":"product_cat-tous-les-produits","10":"product_tag-angeologie","11":"product_tag-anges","12":"product_tag-gemmologie","13":"product_tag-lithotherapie","15":"first","16":"instock","17":"shipping-taxable","18":"purchasable","19":"product-type-simple"},"yoast_head":"<!-- This site is optimized with the Yoast SEO plugin v27.1.1 - https:\/\/yoast.com\/product\/yoast-seo-wordpress\/ -->\n<title>Collier des ARCHANGES - cr\u00e9ation unique - Spirit-US<\/title>\n<meta name=\"robots\" content=\"index, follow, max-snippet:-1, max-image-preview:large, max-video-preview:-1\" \/>\n<link rel=\"canonical\" href=\"https:\/\/www.spirit-us.eu\/index.php\/produit\/collier-des-archanges-creation-unique\/\" \/>\n<meta property=\"og:locale\" content=\"fr_FR\" \/>\n<meta property=\"og:type\" content=\"article\" \/>\n<meta property=\"og:title\" content=\"Collier des ARCHANGES - cr\u00e9ation unique - Spirit-US\" \/>\n<meta property=\"og:description\" content=\"Voici un bijou tr\u00e8s pr\u00e9cieux et unique : le collier des archanges.\u00a0 Il est chatoyant, il change de couleurs en fonction de la lumi\u00e8re, il rayonne sur vous et appelle vos anges protecteurs.\u00a0 Les anges ont des couleurs, de la joie, de la fantaisie.\u00a0 Ce collier est l\u2019ancrage de tout cela, o\u00f9 les pierres et leurs vertus agissent pour votre plus grand bien-\u00eatre. Ses couleurs correspondent aux rayons lumineux qui r\u00e9gissent l\u2019Univers ; et il y a des \u00e9l\u00e9ments additionnels : des couleurs reli\u00e9es \u00e0 l\u2019\u00e9nergie de la terre comme l\u2019ambre ou la tourmaline. C&#039;est un magnifique cadeau \u00e0 (se) faire \u00e0 une personne aim\u00e9e, aux talents hors du commun, reli\u00e9e au Cosmos et \u00e0 la Lumi\u00e8re.\u00a0 Il convient pour un usage quotidien (il a un poids certain) comme pour des \u00e9v\u00e9nements exceptionnels o\u00f9 la joie de vivre est convoqu\u00e9e. Ce bijou unique, issu d\u2019un savoir-faire exceptionnel depuis 40 ans, est cr\u00e9\u00e9 par une Gemmologue de grand talent.\" \/>\n<meta property=\"og:url\" content=\"https:\/\/www.spirit-us.eu\/index.php\/produit\/collier-des-archanges-creation-unique\/\" \/>\n<meta property=\"og:site_name\" content=\"Spirit-US\" \/>\n<meta property=\"article:publisher\" content=\"https:\/\/www.facebook.com\/spirit.us.deum\" \/>\n<meta property=\"article:modified_time\" content=\"2025-12-17T13:47:14+00:00\" \/>\n<meta property=\"og:image\" content=\"https:\/\/www.spirit-us.eu\/wp-content\/uploads\/2025\/07\/collier-des-anges-image-produit-sur-ciment-1024x1024.png\" \/>\n\t<meta property=\"og:image:width\" content=\"1024\" \/>\n\t<meta property=\"og:image:height\" content=\"1024\" \/>\n\t<meta property=\"og:image:type\" content=\"image\/png\" \/>\n<meta name=\"twitter:card\" content=\"summary_large_image\" \/>\n<meta name=\"twitter:label1\" content=\"Dur\u00e9e de lecture estim\u00e9e\" \/>\n\t<meta name=\"twitter:data1\" content=\"1 minute\" \/>\n<script type=\"application\/ld+json\" class=\"yoast-schema-graph\">{\"@context\":\"https:\/\/schema.org\",\"@graph\":[{\"@type\":\"WebPage\",\"@id\":\"https:\/\/www.spirit-us.eu\/index.php\/produit\/collier-des-archanges-creation-unique\/\",\"url\":\"https:\/\/www.spirit-us.eu\/index.php\/produit\/collier-des-archanges-creation-unique\/\",\"name\":\"Collier des ARCHANGES - cr\u00e9ation unique - Spirit-US\",\"isPartOf\":{\"@id\":\"https:\/\/www.spirit-us.eu\/#website\"},\"primaryImageOfPage\":{\"@id\":\"https:\/\/www.spirit-us.eu\/index.php\/produit\/collier-des-archanges-creation-unique\/#primaryimage\"},\"image\":{\"@id\":\"https:\/\/www.spirit-us.eu\/index.php\/produit\/collier-des-archanges-creation-unique\/#primaryimage\"},\"thumbnailUrl\":\"https:\/\/www.spirit-us.eu\/wp-content\/uploads\/2025\/07\/collier-des-anges-image-produit-sur-ciment.png\",\"datePublished\":\"2025-07-12T08:49:10+00:00\",\"dateModified\":\"2025-12-17T13:47:14+00:00\",\"breadcrumb\":{\"@id\":\"https:\/\/www.spirit-us.eu\/index.php\/produit\/collier-des-archanges-creation-unique\/#breadcrumb\"},\"inLanguage\":\"fr-FR\",\"potentialAction\":[{\"@type\":\"ReadAction\",\"target\":[\"https:\/\/www.spirit-us.eu\/index.php\/produit\/collier-des-archanges-creation-unique\/\"]}]},{\"@type\":\"ImageObject\",\"inLanguage\":\"fr-FR\",\"@id\":\"https:\/\/www.spirit-us.eu\/index.php\/produit\/collier-des-archanges-creation-unique\/#primaryimage\",\"url\":\"https:\/\/www.spirit-us.eu\/wp-content\/uploads\/2025\/07\/collier-des-anges-image-produit-sur-ciment.png\",\"contentUrl\":\"https:\/\/www.spirit-us.eu\/wp-content\/uploads\/2025\/07\/collier-des-anges-image-produit-sur-ciment.png\",\"width\":1755,\"height\":1755},{\"@type\":\"BreadcrumbList\",\"@id\":\"https:\/\/www.spirit-us.eu\/index.php\/produit\/collier-des-archanges-creation-unique\/#breadcrumb\",\"itemListElement\":[{\"@type\":\"ListItem\",\"position\":1,\"name\":\"Accueil\",\"item\":\"https:\/\/www.spirit-us.eu\/\"},{\"@type\":\"ListItem\",\"position\":2,\"name\":\"Boutique\",\"item\":\"https:\/\/www.spirit-us.eu\/index.php\/boutique\/\"},{\"@type\":\"ListItem\",\"position\":3,\"name\":\"Collier des ARCHANGES &#8211; cr\u00e9ation unique\"}]},{\"@type\":\"WebSite\",\"@id\":\"https:\/\/www.spirit-us.eu\/#website\",\"url\":\"https:\/\/www.spirit-us.eu\/\",\"name\":\"Spirit-US\",\"description\":\"\",\"publisher\":{\"@id\":\"https:\/\/www.spirit-us.eu\/#organization\"},\"potentialAction\":[{\"@type\":\"SearchAction\",\"target\":{\"@type\":\"EntryPoint\",\"urlTemplate\":\"https:\/\/www.spirit-us.eu\/?s={search_term_string}\"},\"query-input\":{\"@type\":\"PropertyValueSpecification\",\"valueRequired\":true,\"valueName\":\"search_term_string\"}}],\"inLanguage\":\"fr-FR\"},{\"@type\":\"Organization\",\"@id\":\"https:\/\/www.spirit-us.eu\/#organization\",\"name\":\"Spirit-US\",\"url\":\"https:\/\/www.spirit-us.eu\/\",\"logo\":{\"@type\":\"ImageObject\",\"inLanguage\":\"fr-FR\",\"@id\":\"https:\/\/www.spirit-us.eu\/#\/schema\/logo\/image\/\",\"url\":\"https:\/\/www.spirit-us.eu\/wp-content\/uploads\/2025\/11\/logo-regarde-linterlocutrice-sans-arrriere-plan.jpg\",\"contentUrl\":\"https:\/\/www.spirit-us.eu\/wp-content\/uploads\/2025\/11\/logo-regarde-linterlocutrice-sans-arrriere-plan.jpg\",\"width\":1080,\"height\":1080,\"caption\":\"Spirit-US\"},\"image\":{\"@id\":\"https:\/\/www.spirit-us.eu\/#\/schema\/logo\/image\/\"},\"sameAs\":[\"https:\/\/www.facebook.com\/spirit.us.deum\"]}]}<\/script>\n<!-- \/ Yoast SEO plugin. -->","yoast_head_json":{"title":"Collier des ARCHANGES - cr\u00e9ation unique - Spirit-US","robots":{"index":"index","follow":"follow","max-snippet":"max-snippet:-1","max-image-preview":"max-image-preview:large","max-video-preview":"max-video-preview:-1"},"canonical":"https:\/\/www.spirit-us.eu\/index.php\/produit\/collier-des-archanges-creation-unique\/","og_locale":"fr_FR","og_type":"article","og_title":"Collier des ARCHANGES - cr\u00e9ation unique - Spirit-US","og_description":"Voici un bijou tr\u00e8s pr\u00e9cieux et unique : le collier des archanges.\u00a0 Il est chatoyant, il change de couleurs en fonction de la lumi\u00e8re, il rayonne sur vous et appelle vos anges protecteurs.\u00a0 Les anges ont des couleurs, de la joie, de la fantaisie.\u00a0 Ce collier est l\u2019ancrage de tout cela, o\u00f9 les pierres et leurs vertus agissent pour votre plus grand bien-\u00eatre. Ses couleurs correspondent aux rayons lumineux qui r\u00e9gissent l\u2019Univers ; et il y a des \u00e9l\u00e9ments additionnels : des couleurs reli\u00e9es \u00e0 l\u2019\u00e9nergie de la terre comme l\u2019ambre ou la tourmaline. C'est un magnifique cadeau \u00e0 (se) faire \u00e0 une personne aim\u00e9e, aux talents hors du commun, reli\u00e9e au Cosmos et \u00e0 la Lumi\u00e8re.\u00a0 Il convient pour un usage quotidien (il a un poids certain) comme pour des \u00e9v\u00e9nements exceptionnels o\u00f9 la joie de vivre est convoqu\u00e9e. Ce bijou unique, issu d\u2019un savoir-faire exceptionnel depuis 40 ans, est cr\u00e9\u00e9 par une Gemmologue de grand talent.","og_url":"https:\/\/www.spirit-us.eu\/index.php\/produit\/collier-des-archanges-creation-unique\/","og_site_name":"Spirit-US","article_publisher":"https:\/\/www.facebook.com\/spirit.us.deum","article_modified_time":"2025-12-17T13:47:14+00:00","og_image":[{"width":1024,"height":1024,"url":"https:\/\/www.spirit-us.eu\/wp-content\/uploads\/2025\/07\/collier-des-anges-image-produit-sur-ciment-1024x1024.png","type":"image\/png"}],"twitter_card":"summary_large_image","twitter_misc":{"Dur\u00e9e de lecture estim\u00e9e":"1 minute"},"schema":{"@context":"https:\/\/schema.org","@graph":[{"@type":"WebPage","@id":"https:\/\/www.spirit-us.eu\/index.php\/produit\/collier-des-archanges-creation-unique\/","url":"https:\/\/www.spirit-us.eu\/index.php\/produit\/collier-des-archanges-creation-unique\/","name":"Collier des ARCHANGES - cr\u00e9ation unique - Spirit-US","isPartOf":{"@id":"https:\/\/www.spirit-us.eu\/#website"},"primaryImageOfPage":{"@id":"https:\/\/www.spirit-us.eu\/index.php\/produit\/collier-des-archanges-creation-unique\/#primaryimage"},"image":{"@id":"https:\/\/www.spirit-us.eu\/index.php\/produit\/collier-des-archanges-creation-unique\/#primaryimage"},"thumbnailUrl":"https:\/\/www.spirit-us.eu\/wp-content\/uploads\/2025\/07\/collier-des-anges-image-produit-sur-ciment.png","datePublished":"2025-07-12T08:49:10+00:00","dateModified":"2025-12-17T13:47:14+00:00","breadcrumb":{"@id":"https:\/\/www.spirit-us.eu\/index.php\/produit\/collier-des-archanges-creation-unique\/#breadcrumb"},"inLanguage":"fr-FR","potentialAction":[{"@type":"ReadAction","target":["https:\/\/www.spirit-us.eu\/index.php\/produit\/collier-des-archanges-creation-unique\/"]}]},{"@type":"ImageObject","inLanguage":"fr-FR","@id":"https:\/\/www.spirit-us.eu\/index.php\/produit\/collier-des-archanges-creation-unique\/#primaryimage","url":"https:\/\/www.spirit-us.eu\/wp-content\/uploads\/2025\/07\/collier-des-anges-image-produit-sur-ciment.png","contentUrl":"https:\/\/www.spirit-us.eu\/wp-content\/uploads\/2025\/07\/collier-des-anges-image-produit-sur-ciment.png","width":1755,"height":1755},{"@type":"BreadcrumbList","@id":"https:\/\/www.spirit-us.eu\/index.php\/produit\/collier-des-archanges-creation-unique\/#breadcrumb","itemListElement":[{"@type":"ListItem","position":1,"name":"Accueil","item":"https:\/\/www.spirit-us.eu\/"},{"@type":"ListItem","position":2,"name":"Boutique","item":"https:\/\/www.spirit-us.eu\/index.php\/boutique\/"},{"@type":"ListItem","position":3,"name":"Collier des ARCHANGES &#8211; cr\u00e9ation unique"}]},{"@type":"WebSite","@id":"https:\/\/www.spirit-us.eu\/#website","url":"https:\/\/www.spirit-us.eu\/","name":"Spirit-US","description":"","publisher":{"@id":"https:\/\/www.spirit-us.eu\/#organization"},"potentialAction":[{"@type":"SearchAction","target":{"@type":"EntryPoint","urlTemplate":"https:\/\/www.spirit-us.eu\/?s={search_term_string}"},"query-input":{"@type":"PropertyValueSpecification","valueRequired":true,"valueName":"search_term_string"}}],"inLanguage":"fr-FR"},{"@type":"Organization","@id":"https:\/\/www.spirit-us.eu\/#organization","name":"Spirit-US","url":"https:\/\/www.spirit-us.eu\/","logo":{"@type":"ImageObject","inLanguage":"fr-FR","@id":"https:\/\/www.spirit-us.eu\/#\/schema\/logo\/image\/","url":"https:\/\/www.spirit-us.eu\/wp-content\/uploads\/2025\/11\/logo-regarde-linterlocutrice-sans-arrriere-plan.jpg","contentUrl":"https:\/\/www.spirit-us.eu\/wp-content\/uploads\/2025\/11\/logo-regarde-linterlocutrice-sans-arrriere-plan.jpg","width":1080,"height":1080,"caption":"Spirit-US"},"image":{"@id":"https:\/\/www.spirit-us.eu\/#\/schema\/logo\/image\/"},"sameAs":["https:\/\/www.facebook.com\/spirit.us.deum"]}]}},"jetpack_sharing_enabled":true,"_links":{"self":[{"href":"https:\/\/www.spirit-us.eu\/index.php\/wp-json\/wp\/v2\/product\/1835","targetHints":{"allow":["GET"]}}],"collection":[{"href":"https:\/\/www.spirit-us.eu\/index.php\/wp-json\/wp\/v2\/product"}],"about":[{"href":"https:\/\/www.spirit-us.eu\/index.php\/wp-json\/wp\/v2\/types\/product"}],"replies":[{"embeddable":true,"href":"https:\/\/www.spirit-us.eu\/index.php\/wp-json\/wp\/v2\/comments?post=1835"}],"wp:featuredmedia":[{"embeddable":true,"href":"https:\/\/www.spirit-us.eu\/index.php\/wp-json\/wp\/v2\/media\/1851"}],"wp:attachment":[{"href":"https:\/\/www.spirit-us.eu\/index.php\/wp-json\/wp\/v2\/media?parent=1835"}],"wp:term":[{"taxonomy":"product_brand","embeddable":true,"href":"https:\/\/www.spirit-us.eu\/index.php\/wp-json\/wp\/v2\/product_brand?post=1835"},{"taxonomy":"product_cat","embeddable":true,"href":"https:\/\/www.spirit-us.eu\/index.php\/wp-json\/wp\/v2\/product_cat?post=1835"},{"taxonomy":"product_tag","embeddable":true,"href":"https:\/\/www.spirit-us.eu\/index.php\/wp-json\/wp\/v2\/product_tag?post=1835"},{"taxonomy":"mwb_booking_cost","embeddable":true,"href":"https:\/\/www.spirit-us.eu\/index.php\/wp-json\/wp\/v2\/mwb_booking_cost?post=1835"},{"taxonomy":"mwb_booking_service","embeddable":true,"href":"https:\/\/www.spirit-us.eu\/index.php\/wp-json\/wp\/v2\/mwb_booking_service?post=1835"}],"curies":[{"name":"wp","href":"https:\/\/api.w.org\/{rel}","templated":true}]}}