{"id":1831,"date":"2025-07-11T20:40:45","date_gmt":"2025-07-11T18:40:45","guid":{"rendered":"https:\/\/www.spirit-us.eu\/?post_type=product&#038;p=1831"},"modified":"2025-12-21T13:05:56","modified_gmt":"2025-12-21T12:05:56","slug":"pendule-des-7-chakras","status":"publish","type":"product","link":"https:\/\/www.spirit-us.eu\/index.php\/produit\/pendule-des-7-chakras\/","title":{"rendered":"PENDULE des 7 CHAKRAS"},"content":{"rendered":"<p>Pendule constitu\u00e9 de 7 disques de pierres naturelles, mont\u00e9 sur acier argent\u00e9, et cha\u00eenette.<\/p>\n<p><strong>Mat\u00e9riaux\u00a0<\/strong>: acier, m\u00e9tal argent\u00e9, une perle de verre blanc translucide, disques de pierres naturelles :<\/p>\n<ul>\n<li>jaspe rouge (chakra racine)<\/li>\n<li>cornaline orange (chakra sacr\u00e9)<\/li>\n<li>citrine (chakra du plexus solaire)<\/li>\n<li>jade (chakra du coeur)<\/li>\n<li>lapis lazzuli (chakra de la gorge)<\/li>\n<li>tourmaline grise (chakra du 3<sup>\u00e8me<\/sup> \u0153il)<\/li>\n<li>am\u00e9thyste (chakra coronal)<\/li>\n<\/ul>\n<p>Il est \u00e0 noter que ce pendule est r\u00e9alis\u00e9 de fa\u00e7on 100% artisanale et que les pierres peuvent varier l\u00e9g\u00e8rement en taille.<\/p>\n<p><strong>Dimensions :\u00a0<\/strong><\/p>\n<ul>\n<li>totale : 22 cm<\/li>\n<li>taille du pendule : 5 cm de hauteur et 1,5 de diam\u00e8tre des pierres<\/li>\n<li>taille de la cha\u00eene : 17 cm<\/li>\n<\/ul>\n<p><strong>Pr\u00e9sentation\u00a0<\/strong>: livr\u00e9 dans une pochette de velours pr\u00e9cieux ferm\u00e9 par des cordelettes; il est charg\u00e9 et pr\u00e9par\u00e9 par nos soins pour un usage imm\u00e9diat.<\/p>\n<p>Pour qui se lance dans l&rsquo;\u00e9tude des chakras de base, voir \u00e9galement le bracelet zen des 7 chakras et le livre : <em>Chakras et \u00e9nergie<\/em>.<\/p>\n","protected":false},"excerpt":{"rendered":"<p>Tr\u00e8s beau pendule aux couleurs des 7 chakras de base, id\u00e9al pour mesurer le taux vibratoire de chacun des centres \u00e9nerg\u00e9tiques (chakras) et pour v\u00e9rifier leur bon fonctionnement ou leurs blocages, pour en rechercher les causes.\u00a0 Il est constitu\u00e9 de disques de pierres v\u00e9ritables et mont\u00e9 sur une structure en acier, tr\u00e8s solide, et esth\u00e9tique. Il est de taille moyenne et donc facile \u00e0 transporter en tout lieu et en toute circonstance.\u00a0 Nous vous le livrons dans une pochette de velours qui le prot\u00e8ge.\u00a0 \u00a0Ce que vous apporte ce pendule est une compr\u00e9hension approfondie des 7 chakras en lien avec le corps et l&rsquo;esprit, une outil pratique et performant de gu\u00e9rison des centres \u00e9nerg\u00e9tiques, pour la gu\u00e9rison int\u00e9rieure dans une approche holistique des corps \u00e9nerg\u00e9tiques. C&rsquo;est un cadeau id\u00e9al \u00e0 faire ou \u00e0 se faire lorsqu&rsquo;on veut \u00e9tudier l&rsquo;aperture des chakras et en prendre soin.\u00a0 Convient aussi bien pour les d\u00e9butant.es que pour les radiesth\u00e9sistes confirm\u00e9.es. <em>Pour approfondir le sujet, voyez nos Grimoires : Chakras &amp; \u00e9nergie<\/em>.<\/p>\n","protected":false},"featured_media":1916,"comment_status":"open","ping_status":"closed","template":"","meta":[],"product_brand":[],"product_cat":[499,160,17],"product_tag":[188,254],"mwb_booking_cost":[],"mwb_booking_service":[],"class_list":{"0":"post-1831","1":"product","2":"type-product","3":"status-publish","4":"has-post-thumbnail","6":"product_cat-03-energetique","7":"product_cat-08-pendules-accueil","8":"product_cat-tous-les-produits","9":"product_tag-chakras-collection","10":"product_tag-pendules","12":"first","13":"instock","14":"shipping-taxable","15":"purchasable","16":"product-type-simple"},"yoast_head":"<!-- This site is optimized with the Yoast SEO plugin v27.1.1 - https:\/\/yoast.com\/product\/yoast-seo-wordpress\/ -->\n<title>PENDULE des 7 CHAKRAS - Spirit-US<\/title>\n<meta name=\"robots\" content=\"index, follow, max-snippet:-1, max-image-preview:large, max-video-preview:-1\" \/>\n<link rel=\"canonical\" href=\"https:\/\/www.spirit-us.eu\/index.php\/produit\/pendule-des-7-chakras\/\" \/>\n<meta property=\"og:locale\" content=\"fr_FR\" \/>\n<meta property=\"og:type\" content=\"article\" \/>\n<meta property=\"og:title\" content=\"PENDULE des 7 CHAKRAS - Spirit-US\" \/>\n<meta property=\"og:description\" content=\"Tr\u00e8s beau pendule aux couleurs des 7 chakras de base, id\u00e9al pour mesurer le taux vibratoire de chacun des centres \u00e9nerg\u00e9tiques (chakras) et pour v\u00e9rifier leur bon fonctionnement ou leurs blocages, pour en rechercher les causes.\u00a0 Il est constitu\u00e9 de disques de pierres v\u00e9ritables et mont\u00e9 sur une structure en acier, tr\u00e8s solide, et esth\u00e9tique. Il est de taille moyenne et donc facile \u00e0 transporter en tout lieu et en toute circonstance.\u00a0 Nous vous le livrons dans une pochette de velours qui le prot\u00e8ge.\u00a0 \u00a0Ce que vous apporte ce pendule est une compr\u00e9hension approfondie des 7 chakras en lien avec le corps et l&#039;esprit, une outil pratique et performant de gu\u00e9rison des centres \u00e9nerg\u00e9tiques, pour la gu\u00e9rison int\u00e9rieure dans une approche holistique des corps \u00e9nerg\u00e9tiques. C&#039;est un cadeau id\u00e9al \u00e0 faire ou \u00e0 se faire lorsqu&#039;on veut \u00e9tudier l&#039;aperture des chakras et en prendre soin.\u00a0 Convient aussi bien pour les d\u00e9butant.es que pour les radiesth\u00e9sistes confirm\u00e9.es. Pour approfondir le sujet, voyez nos Grimoires : Chakras &amp; \u00e9nergie.\" \/>\n<meta property=\"og:url\" content=\"https:\/\/www.spirit-us.eu\/index.php\/produit\/pendule-des-7-chakras\/\" \/>\n<meta property=\"og:site_name\" content=\"Spirit-US\" \/>\n<meta property=\"article:publisher\" content=\"https:\/\/www.facebook.com\/spirit.us.deum\" \/>\n<meta property=\"article:modified_time\" content=\"2025-12-21T12:05:56+00:00\" \/>\n<meta property=\"og:image\" content=\"https:\/\/www.spirit-us.eu\/wp-content\/uploads\/2025\/07\/pendule-7-chakras-image-produit-1024x1024.png\" \/>\n\t<meta property=\"og:image:width\" content=\"1024\" \/>\n\t<meta property=\"og:image:height\" content=\"1024\" \/>\n\t<meta property=\"og:image:type\" content=\"image\/png\" \/>\n<meta name=\"twitter:card\" content=\"summary_large_image\" \/>\n<meta name=\"twitter:label1\" content=\"Dur\u00e9e de lecture estim\u00e9e\" \/>\n\t<meta name=\"twitter:data1\" content=\"1 minute\" \/>\n<script type=\"application\/ld+json\" class=\"yoast-schema-graph\">{\"@context\":\"https:\/\/schema.org\",\"@graph\":[{\"@type\":\"WebPage\",\"@id\":\"https:\/\/www.spirit-us.eu\/index.php\/produit\/pendule-des-7-chakras\/\",\"url\":\"https:\/\/www.spirit-us.eu\/index.php\/produit\/pendule-des-7-chakras\/\",\"name\":\"PENDULE des 7 CHAKRAS - Spirit-US\",\"isPartOf\":{\"@id\":\"https:\/\/www.spirit-us.eu\/#website\"},\"primaryImageOfPage\":{\"@id\":\"https:\/\/www.spirit-us.eu\/index.php\/produit\/pendule-des-7-chakras\/#primaryimage\"},\"image\":{\"@id\":\"https:\/\/www.spirit-us.eu\/index.php\/produit\/pendule-des-7-chakras\/#primaryimage\"},\"thumbnailUrl\":\"https:\/\/www.spirit-us.eu\/wp-content\/uploads\/2025\/07\/pendule-7-chakras-image-produit.png\",\"datePublished\":\"2025-07-11T18:40:45+00:00\",\"dateModified\":\"2025-12-21T12:05:56+00:00\",\"breadcrumb\":{\"@id\":\"https:\/\/www.spirit-us.eu\/index.php\/produit\/pendule-des-7-chakras\/#breadcrumb\"},\"inLanguage\":\"fr-FR\",\"potentialAction\":[{\"@type\":\"ReadAction\",\"target\":[\"https:\/\/www.spirit-us.eu\/index.php\/produit\/pendule-des-7-chakras\/\"]}]},{\"@type\":\"ImageObject\",\"inLanguage\":\"fr-FR\",\"@id\":\"https:\/\/www.spirit-us.eu\/index.php\/produit\/pendule-des-7-chakras\/#primaryimage\",\"url\":\"https:\/\/www.spirit-us.eu\/wp-content\/uploads\/2025\/07\/pendule-7-chakras-image-produit.png\",\"contentUrl\":\"https:\/\/www.spirit-us.eu\/wp-content\/uploads\/2025\/07\/pendule-7-chakras-image-produit.png\",\"width\":1890,\"height\":1890},{\"@type\":\"BreadcrumbList\",\"@id\":\"https:\/\/www.spirit-us.eu\/index.php\/produit\/pendule-des-7-chakras\/#breadcrumb\",\"itemListElement\":[{\"@type\":\"ListItem\",\"position\":1,\"name\":\"Accueil\",\"item\":\"https:\/\/www.spirit-us.eu\/\"},{\"@type\":\"ListItem\",\"position\":2,\"name\":\"Boutique\",\"item\":\"https:\/\/www.spirit-us.eu\/index.php\/boutique\/\"},{\"@type\":\"ListItem\",\"position\":3,\"name\":\"PENDULE des 7 CHAKRAS\"}]},{\"@type\":\"WebSite\",\"@id\":\"https:\/\/www.spirit-us.eu\/#website\",\"url\":\"https:\/\/www.spirit-us.eu\/\",\"name\":\"Spirit-US\",\"description\":\"\",\"publisher\":{\"@id\":\"https:\/\/www.spirit-us.eu\/#organization\"},\"potentialAction\":[{\"@type\":\"SearchAction\",\"target\":{\"@type\":\"EntryPoint\",\"urlTemplate\":\"https:\/\/www.spirit-us.eu\/?s={search_term_string}\"},\"query-input\":{\"@type\":\"PropertyValueSpecification\",\"valueRequired\":true,\"valueName\":\"search_term_string\"}}],\"inLanguage\":\"fr-FR\"},{\"@type\":\"Organization\",\"@id\":\"https:\/\/www.spirit-us.eu\/#organization\",\"name\":\"Spirit-US\",\"url\":\"https:\/\/www.spirit-us.eu\/\",\"logo\":{\"@type\":\"ImageObject\",\"inLanguage\":\"fr-FR\",\"@id\":\"https:\/\/www.spirit-us.eu\/#\/schema\/logo\/image\/\",\"url\":\"https:\/\/www.spirit-us.eu\/wp-content\/uploads\/2025\/11\/logo-regarde-linterlocutrice-sans-arrriere-plan.jpg\",\"contentUrl\":\"https:\/\/www.spirit-us.eu\/wp-content\/uploads\/2025\/11\/logo-regarde-linterlocutrice-sans-arrriere-plan.jpg\",\"width\":1080,\"height\":1080,\"caption\":\"Spirit-US\"},\"image\":{\"@id\":\"https:\/\/www.spirit-us.eu\/#\/schema\/logo\/image\/\"},\"sameAs\":[\"https:\/\/www.facebook.com\/spirit.us.deum\"]}]}<\/script>\n<!-- \/ Yoast SEO plugin. -->","yoast_head_json":{"title":"PENDULE des 7 CHAKRAS - Spirit-US","robots":{"index":"index","follow":"follow","max-snippet":"max-snippet:-1","max-image-preview":"max-image-preview:large","max-video-preview":"max-video-preview:-1"},"canonical":"https:\/\/www.spirit-us.eu\/index.php\/produit\/pendule-des-7-chakras\/","og_locale":"fr_FR","og_type":"article","og_title":"PENDULE des 7 CHAKRAS - Spirit-US","og_description":"Tr\u00e8s beau pendule aux couleurs des 7 chakras de base, id\u00e9al pour mesurer le taux vibratoire de chacun des centres \u00e9nerg\u00e9tiques (chakras) et pour v\u00e9rifier leur bon fonctionnement ou leurs blocages, pour en rechercher les causes.\u00a0 Il est constitu\u00e9 de disques de pierres v\u00e9ritables et mont\u00e9 sur une structure en acier, tr\u00e8s solide, et esth\u00e9tique. Il est de taille moyenne et donc facile \u00e0 transporter en tout lieu et en toute circonstance.\u00a0 Nous vous le livrons dans une pochette de velours qui le prot\u00e8ge.\u00a0 \u00a0Ce que vous apporte ce pendule est une compr\u00e9hension approfondie des 7 chakras en lien avec le corps et l'esprit, une outil pratique et performant de gu\u00e9rison des centres \u00e9nerg\u00e9tiques, pour la gu\u00e9rison int\u00e9rieure dans une approche holistique des corps \u00e9nerg\u00e9tiques. C'est un cadeau id\u00e9al \u00e0 faire ou \u00e0 se faire lorsqu'on veut \u00e9tudier l'aperture des chakras et en prendre soin.\u00a0 Convient aussi bien pour les d\u00e9butant.es que pour les radiesth\u00e9sistes confirm\u00e9.es. Pour approfondir le sujet, voyez nos Grimoires : Chakras &amp; \u00e9nergie.","og_url":"https:\/\/www.spirit-us.eu\/index.php\/produit\/pendule-des-7-chakras\/","og_site_name":"Spirit-US","article_publisher":"https:\/\/www.facebook.com\/spirit.us.deum","article_modified_time":"2025-12-21T12:05:56+00:00","og_image":[{"width":1024,"height":1024,"url":"https:\/\/www.spirit-us.eu\/wp-content\/uploads\/2025\/07\/pendule-7-chakras-image-produit-1024x1024.png","type":"image\/png"}],"twitter_card":"summary_large_image","twitter_misc":{"Dur\u00e9e de lecture estim\u00e9e":"1 minute"},"schema":{"@context":"https:\/\/schema.org","@graph":[{"@type":"WebPage","@id":"https:\/\/www.spirit-us.eu\/index.php\/produit\/pendule-des-7-chakras\/","url":"https:\/\/www.spirit-us.eu\/index.php\/produit\/pendule-des-7-chakras\/","name":"PENDULE des 7 CHAKRAS - Spirit-US","isPartOf":{"@id":"https:\/\/www.spirit-us.eu\/#website"},"primaryImageOfPage":{"@id":"https:\/\/www.spirit-us.eu\/index.php\/produit\/pendule-des-7-chakras\/#primaryimage"},"image":{"@id":"https:\/\/www.spirit-us.eu\/index.php\/produit\/pendule-des-7-chakras\/#primaryimage"},"thumbnailUrl":"https:\/\/www.spirit-us.eu\/wp-content\/uploads\/2025\/07\/pendule-7-chakras-image-produit.png","datePublished":"2025-07-11T18:40:45+00:00","dateModified":"2025-12-21T12:05:56+00:00","breadcrumb":{"@id":"https:\/\/www.spirit-us.eu\/index.php\/produit\/pendule-des-7-chakras\/#breadcrumb"},"inLanguage":"fr-FR","potentialAction":[{"@type":"ReadAction","target":["https:\/\/www.spirit-us.eu\/index.php\/produit\/pendule-des-7-chakras\/"]}]},{"@type":"ImageObject","inLanguage":"fr-FR","@id":"https:\/\/www.spirit-us.eu\/index.php\/produit\/pendule-des-7-chakras\/#primaryimage","url":"https:\/\/www.spirit-us.eu\/wp-content\/uploads\/2025\/07\/pendule-7-chakras-image-produit.png","contentUrl":"https:\/\/www.spirit-us.eu\/wp-content\/uploads\/2025\/07\/pendule-7-chakras-image-produit.png","width":1890,"height":1890},{"@type":"BreadcrumbList","@id":"https:\/\/www.spirit-us.eu\/index.php\/produit\/pendule-des-7-chakras\/#breadcrumb","itemListElement":[{"@type":"ListItem","position":1,"name":"Accueil","item":"https:\/\/www.spirit-us.eu\/"},{"@type":"ListItem","position":2,"name":"Boutique","item":"https:\/\/www.spirit-us.eu\/index.php\/boutique\/"},{"@type":"ListItem","position":3,"name":"PENDULE des 7 CHAKRAS"}]},{"@type":"WebSite","@id":"https:\/\/www.spirit-us.eu\/#website","url":"https:\/\/www.spirit-us.eu\/","name":"Spirit-US","description":"","publisher":{"@id":"https:\/\/www.spirit-us.eu\/#organization"},"potentialAction":[{"@type":"SearchAction","target":{"@type":"EntryPoint","urlTemplate":"https:\/\/www.spirit-us.eu\/?s={search_term_string}"},"query-input":{"@type":"PropertyValueSpecification","valueRequired":true,"valueName":"search_term_string"}}],"inLanguage":"fr-FR"},{"@type":"Organization","@id":"https:\/\/www.spirit-us.eu\/#organization","name":"Spirit-US","url":"https:\/\/www.spirit-us.eu\/","logo":{"@type":"ImageObject","inLanguage":"fr-FR","@id":"https:\/\/www.spirit-us.eu\/#\/schema\/logo\/image\/","url":"https:\/\/www.spirit-us.eu\/wp-content\/uploads\/2025\/11\/logo-regarde-linterlocutrice-sans-arrriere-plan.jpg","contentUrl":"https:\/\/www.spirit-us.eu\/wp-content\/uploads\/2025\/11\/logo-regarde-linterlocutrice-sans-arrriere-plan.jpg","width":1080,"height":1080,"caption":"Spirit-US"},"image":{"@id":"https:\/\/www.spirit-us.eu\/#\/schema\/logo\/image\/"},"sameAs":["https:\/\/www.facebook.com\/spirit.us.deum"]}]}},"jetpack_sharing_enabled":true,"_links":{"self":[{"href":"https:\/\/www.spirit-us.eu\/index.php\/wp-json\/wp\/v2\/product\/1831","targetHints":{"allow":["GET"]}}],"collection":[{"href":"https:\/\/www.spirit-us.eu\/index.php\/wp-json\/wp\/v2\/product"}],"about":[{"href":"https:\/\/www.spirit-us.eu\/index.php\/wp-json\/wp\/v2\/types\/product"}],"replies":[{"embeddable":true,"href":"https:\/\/www.spirit-us.eu\/index.php\/wp-json\/wp\/v2\/comments?post=1831"}],"wp:featuredmedia":[{"embeddable":true,"href":"https:\/\/www.spirit-us.eu\/index.php\/wp-json\/wp\/v2\/media\/1916"}],"wp:attachment":[{"href":"https:\/\/www.spirit-us.eu\/index.php\/wp-json\/wp\/v2\/media?parent=1831"}],"wp:term":[{"taxonomy":"product_brand","embeddable":true,"href":"https:\/\/www.spirit-us.eu\/index.php\/wp-json\/wp\/v2\/product_brand?post=1831"},{"taxonomy":"product_cat","embeddable":true,"href":"https:\/\/www.spirit-us.eu\/index.php\/wp-json\/wp\/v2\/product_cat?post=1831"},{"taxonomy":"product_tag","embeddable":true,"href":"https:\/\/www.spirit-us.eu\/index.php\/wp-json\/wp\/v2\/product_tag?post=1831"},{"taxonomy":"mwb_booking_cost","embeddable":true,"href":"https:\/\/www.spirit-us.eu\/index.php\/wp-json\/wp\/v2\/mwb_booking_cost?post=1831"},{"taxonomy":"mwb_booking_service","embeddable":true,"href":"https:\/\/www.spirit-us.eu\/index.php\/wp-json\/wp\/v2\/mwb_booking_service?post=1831"}],"curies":[{"name":"wp","href":"https:\/\/api.w.org\/{rel}","templated":true}]}}