{"id":1827,"date":"2025-07-11T11:52:10","date_gmt":"2025-07-11T09:52:10","guid":{"rendered":"https:\/\/www.spirit-us.eu\/?post_type=product&#038;p=1827"},"modified":"2025-12-17T10:48:30","modified_gmt":"2025-12-17T09:48:30","slug":"bracelet-en-turquoise-chakra-de-la-gorge","status":"publish","type":"product","link":"https:\/\/www.spirit-us.eu\/index.php\/produit\/bracelet-en-turquoise-chakra-de-la-gorge\/","title":{"rendered":"BRACELET EN TURQUOISE \u2013 chakra de la gorge"},"content":{"rendered":"<p><strong>Nature des pierres<\/strong> : turquoise de tr\u00e8s haute qualit\u00e9 et argent pur<\/p>\n<p><strong>Fa\u00e7on du bijou<\/strong> : perles cylindriques de fa\u00e7on totalement artisanale et perles d&rsquo;argent pur (0,925)<\/p>\n<p><strong>Couleurs<\/strong> : bleu turquoise et argent<\/p>\n<p><strong>Origine<\/strong> : Mexique<\/p>\n<p><strong>Dimensions du bijou<\/strong> : 19 \u00e0 21 cm<\/p>\n<p>&nbsp;<\/p>\n","protected":false},"excerpt":{"rendered":"<p>Tr\u00e8s joli bracelet raffin\u00e9, discret et pr\u00e9cieux. La pierre de turquoise, par sa couleur, \u00e9voque le m\u00e9lange du ciel et de l&rsquo;oc\u00e9an, elle est une pierre fine et protectrice. On dit qu&rsquo;elle stimule la circulation sanguine, aide \u00e0 \u00e9liminer les pens\u00e9es n\u00e9gatives, \u00e0 r\u00e9duire les migraines et \u00e0 fluidifier les liquides de notre corps.\u00a0 Elle accompagne \u00e9galement, dit-on, le sommeil r\u00e9parateur. Au plan psychique, elle favorise la communication et aide \u00e0 lutter contre\u00a0<em>l&rsquo;hybris <\/em>: la d\u00e9mesure et les exc\u00e8s. La pierre de turquoise a accompagn\u00e9, de tous temps, les c\u00e9r\u00e9monies sacr\u00e9es : on en retrouve dans les masques c\u00e9r\u00e9moniels azt\u00e8ques, ou dans les masques \u00e9gyptiens.\u00a0 C&rsquo;est une pierre rare.\u00a0 Mari\u00e9e \u00e0 l&rsquo;argent pur, elle d\u00e9note d&rsquo;une grande \u00e9l\u00e9gance.\u00a0 Un cadeau pr\u00e9cieux \u00e0 s&rsquo;offrir pour sa beaut\u00e9 et ses vertus ou \u00e0 offrir \u00e0 une personne aim\u00e9e et raffin\u00e9e.<\/p>\n","protected":false},"featured_media":1829,"comment_status":"open","ping_status":"closed","template":"","meta":[],"product_brand":[],"product_cat":[156,460,17],"product_tag":[167,178,188,237,247,169,192],"mwb_booking_cost":[],"mwb_booking_service":[],"class_list":{"0":"post-1827","1":"product","2":"type-product","3":"status-publish","4":"has-post-thumbnail","6":"product_cat-04-bijoux","7":"product_cat-bracelets","8":"product_cat-tous-les-produits","9":"product_tag-bleu","10":"product_tag-chakra-gorge","11":"product_tag-chakras-collection","12":"product_tag-communication","13":"product_tag-energie-positive","14":"product_tag-protection","15":"product_tag-sommeil","17":"first","18":"instock","19":"shipping-taxable","20":"purchasable","21":"product-type-simple"},"yoast_head":"<!-- This site is optimized with the Yoast SEO plugin v27.1.1 - https:\/\/yoast.com\/product\/yoast-seo-wordpress\/ -->\n<title>BRACELET EN TURQUOISE \u2013 chakra de la gorge - Spirit-US<\/title>\n<meta name=\"robots\" content=\"index, follow, max-snippet:-1, max-image-preview:large, max-video-preview:-1\" \/>\n<link rel=\"canonical\" href=\"https:\/\/www.spirit-us.eu\/index.php\/produit\/bracelet-en-turquoise-chakra-de-la-gorge\/\" \/>\n<meta property=\"og:locale\" content=\"fr_FR\" \/>\n<meta property=\"og:type\" content=\"article\" \/>\n<meta property=\"og:title\" content=\"BRACELET EN TURQUOISE \u2013 chakra de la gorge - Spirit-US\" \/>\n<meta property=\"og:description\" content=\"Tr\u00e8s joli bracelet raffin\u00e9, discret et pr\u00e9cieux. La pierre de turquoise, par sa couleur, \u00e9voque le m\u00e9lange du ciel et de l&#039;oc\u00e9an, elle est une pierre fine et protectrice. On dit qu&#039;elle stimule la circulation sanguine, aide \u00e0 \u00e9liminer les pens\u00e9es n\u00e9gatives, \u00e0 r\u00e9duire les migraines et \u00e0 fluidifier les liquides de notre corps.\u00a0 Elle accompagne \u00e9galement, dit-on, le sommeil r\u00e9parateur. Au plan psychique, elle favorise la communication et aide \u00e0 lutter contre\u00a0l&#039;hybris : la d\u00e9mesure et les exc\u00e8s. La pierre de turquoise a accompagn\u00e9, de tous temps, les c\u00e9r\u00e9monies sacr\u00e9es : on en retrouve dans les masques c\u00e9r\u00e9moniels azt\u00e8ques, ou dans les masques \u00e9gyptiens.\u00a0 C&#039;est une pierre rare.\u00a0 Mari\u00e9e \u00e0 l&#039;argent pur, elle d\u00e9note d&#039;une grande \u00e9l\u00e9gance.\u00a0 Un cadeau pr\u00e9cieux \u00e0 s&#039;offrir pour sa beaut\u00e9 et ses vertus ou \u00e0 offrir \u00e0 une personne aim\u00e9e et raffin\u00e9e.\" \/>\n<meta property=\"og:url\" content=\"https:\/\/www.spirit-us.eu\/index.php\/produit\/bracelet-en-turquoise-chakra-de-la-gorge\/\" \/>\n<meta property=\"og:site_name\" content=\"Spirit-US\" \/>\n<meta property=\"article:publisher\" content=\"https:\/\/www.facebook.com\/spirit.us.deum\" \/>\n<meta property=\"article:modified_time\" content=\"2025-12-17T09:48:30+00:00\" \/>\n<meta property=\"og:image\" content=\"https:\/\/www.spirit-us.eu\/wp-content\/uploads\/2025\/07\/bracelet-turquoise-image-produit.png\" \/>\n\t<meta property=\"og:image:width\" content=\"1080\" \/>\n\t<meta property=\"og:image:height\" content=\"1080\" \/>\n\t<meta property=\"og:image:type\" content=\"image\/png\" \/>\n<meta name=\"twitter:card\" content=\"summary_large_image\" \/>\n<script type=\"application\/ld+json\" class=\"yoast-schema-graph\">{\"@context\":\"https:\/\/schema.org\",\"@graph\":[{\"@type\":\"WebPage\",\"@id\":\"https:\/\/www.spirit-us.eu\/index.php\/produit\/bracelet-en-turquoise-chakra-de-la-gorge\/\",\"url\":\"https:\/\/www.spirit-us.eu\/index.php\/produit\/bracelet-en-turquoise-chakra-de-la-gorge\/\",\"name\":\"BRACELET EN TURQUOISE \u2013 chakra de la gorge - Spirit-US\",\"isPartOf\":{\"@id\":\"https:\/\/www.spirit-us.eu\/#website\"},\"primaryImageOfPage\":{\"@id\":\"https:\/\/www.spirit-us.eu\/index.php\/produit\/bracelet-en-turquoise-chakra-de-la-gorge\/#primaryimage\"},\"image\":{\"@id\":\"https:\/\/www.spirit-us.eu\/index.php\/produit\/bracelet-en-turquoise-chakra-de-la-gorge\/#primaryimage\"},\"thumbnailUrl\":\"https:\/\/www.spirit-us.eu\/wp-content\/uploads\/2025\/07\/bracelet-turquoise-image-produit.png\",\"datePublished\":\"2025-07-11T09:52:10+00:00\",\"dateModified\":\"2025-12-17T09:48:30+00:00\",\"breadcrumb\":{\"@id\":\"https:\/\/www.spirit-us.eu\/index.php\/produit\/bracelet-en-turquoise-chakra-de-la-gorge\/#breadcrumb\"},\"inLanguage\":\"fr-FR\",\"potentialAction\":[{\"@type\":\"ReadAction\",\"target\":[\"https:\/\/www.spirit-us.eu\/index.php\/produit\/bracelet-en-turquoise-chakra-de-la-gorge\/\"]}]},{\"@type\":\"ImageObject\",\"inLanguage\":\"fr-FR\",\"@id\":\"https:\/\/www.spirit-us.eu\/index.php\/produit\/bracelet-en-turquoise-chakra-de-la-gorge\/#primaryimage\",\"url\":\"https:\/\/www.spirit-us.eu\/wp-content\/uploads\/2025\/07\/bracelet-turquoise-image-produit.png\",\"contentUrl\":\"https:\/\/www.spirit-us.eu\/wp-content\/uploads\/2025\/07\/bracelet-turquoise-image-produit.png\",\"width\":1080,\"height\":1080},{\"@type\":\"BreadcrumbList\",\"@id\":\"https:\/\/www.spirit-us.eu\/index.php\/produit\/bracelet-en-turquoise-chakra-de-la-gorge\/#breadcrumb\",\"itemListElement\":[{\"@type\":\"ListItem\",\"position\":1,\"name\":\"Accueil\",\"item\":\"https:\/\/www.spirit-us.eu\/\"},{\"@type\":\"ListItem\",\"position\":2,\"name\":\"Boutique\",\"item\":\"https:\/\/www.spirit-us.eu\/index.php\/boutique\/\"},{\"@type\":\"ListItem\",\"position\":3,\"name\":\"BRACELET EN TURQUOISE \u2013 chakra de la gorge\"}]},{\"@type\":\"WebSite\",\"@id\":\"https:\/\/www.spirit-us.eu\/#website\",\"url\":\"https:\/\/www.spirit-us.eu\/\",\"name\":\"Spirit-US\",\"description\":\"\",\"publisher\":{\"@id\":\"https:\/\/www.spirit-us.eu\/#organization\"},\"potentialAction\":[{\"@type\":\"SearchAction\",\"target\":{\"@type\":\"EntryPoint\",\"urlTemplate\":\"https:\/\/www.spirit-us.eu\/?s={search_term_string}\"},\"query-input\":{\"@type\":\"PropertyValueSpecification\",\"valueRequired\":true,\"valueName\":\"search_term_string\"}}],\"inLanguage\":\"fr-FR\"},{\"@type\":\"Organization\",\"@id\":\"https:\/\/www.spirit-us.eu\/#organization\",\"name\":\"Spirit-US\",\"url\":\"https:\/\/www.spirit-us.eu\/\",\"logo\":{\"@type\":\"ImageObject\",\"inLanguage\":\"fr-FR\",\"@id\":\"https:\/\/www.spirit-us.eu\/#\/schema\/logo\/image\/\",\"url\":\"https:\/\/www.spirit-us.eu\/wp-content\/uploads\/2025\/11\/logo-regarde-linterlocutrice-sans-arrriere-plan.jpg\",\"contentUrl\":\"https:\/\/www.spirit-us.eu\/wp-content\/uploads\/2025\/11\/logo-regarde-linterlocutrice-sans-arrriere-plan.jpg\",\"width\":1080,\"height\":1080,\"caption\":\"Spirit-US\"},\"image\":{\"@id\":\"https:\/\/www.spirit-us.eu\/#\/schema\/logo\/image\/\"},\"sameAs\":[\"https:\/\/www.facebook.com\/spirit.us.deum\"]}]}<\/script>\n<!-- \/ Yoast SEO plugin. -->","yoast_head_json":{"title":"BRACELET EN TURQUOISE \u2013 chakra de la gorge - Spirit-US","robots":{"index":"index","follow":"follow","max-snippet":"max-snippet:-1","max-image-preview":"max-image-preview:large","max-video-preview":"max-video-preview:-1"},"canonical":"https:\/\/www.spirit-us.eu\/index.php\/produit\/bracelet-en-turquoise-chakra-de-la-gorge\/","og_locale":"fr_FR","og_type":"article","og_title":"BRACELET EN TURQUOISE \u2013 chakra de la gorge - Spirit-US","og_description":"Tr\u00e8s joli bracelet raffin\u00e9, discret et pr\u00e9cieux. La pierre de turquoise, par sa couleur, \u00e9voque le m\u00e9lange du ciel et de l'oc\u00e9an, elle est une pierre fine et protectrice. On dit qu'elle stimule la circulation sanguine, aide \u00e0 \u00e9liminer les pens\u00e9es n\u00e9gatives, \u00e0 r\u00e9duire les migraines et \u00e0 fluidifier les liquides de notre corps.\u00a0 Elle accompagne \u00e9galement, dit-on, le sommeil r\u00e9parateur. Au plan psychique, elle favorise la communication et aide \u00e0 lutter contre\u00a0l'hybris : la d\u00e9mesure et les exc\u00e8s. La pierre de turquoise a accompagn\u00e9, de tous temps, les c\u00e9r\u00e9monies sacr\u00e9es : on en retrouve dans les masques c\u00e9r\u00e9moniels azt\u00e8ques, ou dans les masques \u00e9gyptiens.\u00a0 C'est une pierre rare.\u00a0 Mari\u00e9e \u00e0 l'argent pur, elle d\u00e9note d'une grande \u00e9l\u00e9gance.\u00a0 Un cadeau pr\u00e9cieux \u00e0 s'offrir pour sa beaut\u00e9 et ses vertus ou \u00e0 offrir \u00e0 une personne aim\u00e9e et raffin\u00e9e.","og_url":"https:\/\/www.spirit-us.eu\/index.php\/produit\/bracelet-en-turquoise-chakra-de-la-gorge\/","og_site_name":"Spirit-US","article_publisher":"https:\/\/www.facebook.com\/spirit.us.deum","article_modified_time":"2025-12-17T09:48:30+00:00","og_image":[{"width":1080,"height":1080,"url":"https:\/\/www.spirit-us.eu\/wp-content\/uploads\/2025\/07\/bracelet-turquoise-image-produit.png","type":"image\/png"}],"twitter_card":"summary_large_image","schema":{"@context":"https:\/\/schema.org","@graph":[{"@type":"WebPage","@id":"https:\/\/www.spirit-us.eu\/index.php\/produit\/bracelet-en-turquoise-chakra-de-la-gorge\/","url":"https:\/\/www.spirit-us.eu\/index.php\/produit\/bracelet-en-turquoise-chakra-de-la-gorge\/","name":"BRACELET EN TURQUOISE \u2013 chakra de la gorge - Spirit-US","isPartOf":{"@id":"https:\/\/www.spirit-us.eu\/#website"},"primaryImageOfPage":{"@id":"https:\/\/www.spirit-us.eu\/index.php\/produit\/bracelet-en-turquoise-chakra-de-la-gorge\/#primaryimage"},"image":{"@id":"https:\/\/www.spirit-us.eu\/index.php\/produit\/bracelet-en-turquoise-chakra-de-la-gorge\/#primaryimage"},"thumbnailUrl":"https:\/\/www.spirit-us.eu\/wp-content\/uploads\/2025\/07\/bracelet-turquoise-image-produit.png","datePublished":"2025-07-11T09:52:10+00:00","dateModified":"2025-12-17T09:48:30+00:00","breadcrumb":{"@id":"https:\/\/www.spirit-us.eu\/index.php\/produit\/bracelet-en-turquoise-chakra-de-la-gorge\/#breadcrumb"},"inLanguage":"fr-FR","potentialAction":[{"@type":"ReadAction","target":["https:\/\/www.spirit-us.eu\/index.php\/produit\/bracelet-en-turquoise-chakra-de-la-gorge\/"]}]},{"@type":"ImageObject","inLanguage":"fr-FR","@id":"https:\/\/www.spirit-us.eu\/index.php\/produit\/bracelet-en-turquoise-chakra-de-la-gorge\/#primaryimage","url":"https:\/\/www.spirit-us.eu\/wp-content\/uploads\/2025\/07\/bracelet-turquoise-image-produit.png","contentUrl":"https:\/\/www.spirit-us.eu\/wp-content\/uploads\/2025\/07\/bracelet-turquoise-image-produit.png","width":1080,"height":1080},{"@type":"BreadcrumbList","@id":"https:\/\/www.spirit-us.eu\/index.php\/produit\/bracelet-en-turquoise-chakra-de-la-gorge\/#breadcrumb","itemListElement":[{"@type":"ListItem","position":1,"name":"Accueil","item":"https:\/\/www.spirit-us.eu\/"},{"@type":"ListItem","position":2,"name":"Boutique","item":"https:\/\/www.spirit-us.eu\/index.php\/boutique\/"},{"@type":"ListItem","position":3,"name":"BRACELET EN TURQUOISE \u2013 chakra de la gorge"}]},{"@type":"WebSite","@id":"https:\/\/www.spirit-us.eu\/#website","url":"https:\/\/www.spirit-us.eu\/","name":"Spirit-US","description":"","publisher":{"@id":"https:\/\/www.spirit-us.eu\/#organization"},"potentialAction":[{"@type":"SearchAction","target":{"@type":"EntryPoint","urlTemplate":"https:\/\/www.spirit-us.eu\/?s={search_term_string}"},"query-input":{"@type":"PropertyValueSpecification","valueRequired":true,"valueName":"search_term_string"}}],"inLanguage":"fr-FR"},{"@type":"Organization","@id":"https:\/\/www.spirit-us.eu\/#organization","name":"Spirit-US","url":"https:\/\/www.spirit-us.eu\/","logo":{"@type":"ImageObject","inLanguage":"fr-FR","@id":"https:\/\/www.spirit-us.eu\/#\/schema\/logo\/image\/","url":"https:\/\/www.spirit-us.eu\/wp-content\/uploads\/2025\/11\/logo-regarde-linterlocutrice-sans-arrriere-plan.jpg","contentUrl":"https:\/\/www.spirit-us.eu\/wp-content\/uploads\/2025\/11\/logo-regarde-linterlocutrice-sans-arrriere-plan.jpg","width":1080,"height":1080,"caption":"Spirit-US"},"image":{"@id":"https:\/\/www.spirit-us.eu\/#\/schema\/logo\/image\/"},"sameAs":["https:\/\/www.facebook.com\/spirit.us.deum"]}]}},"jetpack_sharing_enabled":true,"_links":{"self":[{"href":"https:\/\/www.spirit-us.eu\/index.php\/wp-json\/wp\/v2\/product\/1827","targetHints":{"allow":["GET"]}}],"collection":[{"href":"https:\/\/www.spirit-us.eu\/index.php\/wp-json\/wp\/v2\/product"}],"about":[{"href":"https:\/\/www.spirit-us.eu\/index.php\/wp-json\/wp\/v2\/types\/product"}],"replies":[{"embeddable":true,"href":"https:\/\/www.spirit-us.eu\/index.php\/wp-json\/wp\/v2\/comments?post=1827"}],"wp:featuredmedia":[{"embeddable":true,"href":"https:\/\/www.spirit-us.eu\/index.php\/wp-json\/wp\/v2\/media\/1829"}],"wp:attachment":[{"href":"https:\/\/www.spirit-us.eu\/index.php\/wp-json\/wp\/v2\/media?parent=1827"}],"wp:term":[{"taxonomy":"product_brand","embeddable":true,"href":"https:\/\/www.spirit-us.eu\/index.php\/wp-json\/wp\/v2\/product_brand?post=1827"},{"taxonomy":"product_cat","embeddable":true,"href":"https:\/\/www.spirit-us.eu\/index.php\/wp-json\/wp\/v2\/product_cat?post=1827"},{"taxonomy":"product_tag","embeddable":true,"href":"https:\/\/www.spirit-us.eu\/index.php\/wp-json\/wp\/v2\/product_tag?post=1827"},{"taxonomy":"mwb_booking_cost","embeddable":true,"href":"https:\/\/www.spirit-us.eu\/index.php\/wp-json\/wp\/v2\/mwb_booking_cost?post=1827"},{"taxonomy":"mwb_booking_service","embeddable":true,"href":"https:\/\/www.spirit-us.eu\/index.php\/wp-json\/wp\/v2\/mwb_booking_service?post=1827"}],"curies":[{"name":"wp","href":"https:\/\/api.w.org\/{rel}","templated":true}]}}