{"id":1822,"date":"2025-07-11T11:05:59","date_gmt":"2025-07-11T09:05:59","guid":{"rendered":"https:\/\/www.spirit-us.eu\/?post_type=product&#038;p=1822"},"modified":"2025-12-17T10:48:38","modified_gmt":"2025-12-17T09:48:38","slug":"bracelet-7-chakras-zen-serenite","status":"publish","type":"product","link":"https:\/\/www.spirit-us.eu\/index.php\/produit\/bracelet-7-chakras-zen-serenite\/","title":{"rendered":"BRACELET 7 CHAKRAS \u2013 zen &#038; s\u00e9r\u00e9nit\u00e9"},"content":{"rendered":"<p><strong>Nature des pierres<\/strong> : \u0153il de tigre, jaspe rouge, cornaline, pierre de soleil, aventurine, turquoise, lapis lazzuli et am\u00e9thyste<\/p>\n<p><strong>Fa\u00e7on du bijou<\/strong> : pierres roul\u00e9es de fa\u00e7on artisanale en citrine \u2013 perles de 8 mm (peut varier l\u00e9g\u00e8rement) \u2013 mont\u00e9 sur fil \u00e9lastique solide, agr\u00e9ment\u00e9 d&rsquo;une t\u00eate de Bouddha en m\u00e9tal argent\u00e9.<\/p>\n<p><strong>Couleurs<\/strong> : 8 couleurs et m\u00e9tal argent\u00e9<\/p>\n<p><strong>Origine<\/strong> : Birmanie<\/p>\n<p><strong>Dimensions du bijou<\/strong> : 20 \u00e0 22 cm<\/p>\n<p>&nbsp;<\/p>\n","protected":false},"excerpt":{"rendered":"<p style=\"text-align: justify;\">La pierre \u0153il de tigre, myst\u00e9rieuse, rayonnante, fascine depuis l\u2019Antiquit\u00e9. Utilis\u00e9e \u00e0 travers le monde comme talisman de protection, elle s\u00e9duit par sa beaut\u00e9 chatoyante et ses puissantes vertus \u00e9nerg\u00e9tiques. Reli\u00e9e au chakra du plexus solaire, cette pierre naturelle est synonyme de courage, de force, et surtout, de protection contre les \u00e9nergies n\u00e9gatives. Utilis\u00e9e par les romains pour se prot\u00e9ger durant les batailles, elle est encore aujourd\u2019hui associ\u00e9e \u00e0 la force int\u00e9rieure et \u00e0 l\u2019instinct de survie. Le nom : <em>\u0153il de tigre<\/em> vient de son apparence si particuli\u00e8re. Cette pierre naturelle \u00e9voque la vigilance du f\u00e9lin et sa puissance silencieuse. Les autres pierres qui composent ce bracelet puissant repr\u00e9sentent les 7 chakras les plus connus.\u00a0 On porte donc ce bijou\u00a0 comme un bouclier \u00e9nerg\u00e9tique, capable de repousser les influences n\u00e9fastes \u00e0 tous les niveaux de l&rsquo;\u00eatre et pour chaque <em>porte \u00e9nerg\u00e9tique<\/em>. Le Bouddha est l\u00e0 pou rrenforcer cette protection dans la s\u00e9r\u00e9nit\u00e9 et la confiance en soi. Un cadeau puissant \u00e0 se faire ou \u00e0 faire \u00e0 quelqu&rsquo;un qui nous est cher\/ch\u00e8re.<\/p>\n","protected":false},"featured_media":1823,"comment_status":"open","ping_status":"closed","template":"","meta":[],"product_brand":[],"product_cat":[156,460,17],"product_tag":[188,228,253],"mwb_booking_cost":[],"mwb_booking_service":[],"class_list":{"0":"post-1822","1":"product","2":"type-product","3":"status-publish","4":"has-post-thumbnail","6":"product_cat-04-bijoux","7":"product_cat-bracelets","8":"product_cat-tous-les-produits","9":"product_tag-chakras-collection","10":"product_tag-serenite","11":"product_tag-zen","13":"first","14":"instock","15":"shipping-taxable","16":"purchasable","17":"product-type-simple"},"yoast_head":"<!-- This site is optimized with the Yoast SEO plugin v27.1.1 - https:\/\/yoast.com\/product\/yoast-seo-wordpress\/ -->\n<title>BRACELET 7 CHAKRAS \u2013 zen &amp; s\u00e9r\u00e9nit\u00e9 - Spirit-US<\/title>\n<meta name=\"robots\" content=\"index, follow, max-snippet:-1, max-image-preview:large, max-video-preview:-1\" \/>\n<link rel=\"canonical\" href=\"https:\/\/www.spirit-us.eu\/index.php\/produit\/bracelet-7-chakras-zen-serenite\/\" \/>\n<meta property=\"og:locale\" content=\"fr_FR\" \/>\n<meta property=\"og:type\" content=\"article\" \/>\n<meta property=\"og:title\" content=\"BRACELET 7 CHAKRAS \u2013 zen &amp; s\u00e9r\u00e9nit\u00e9 - Spirit-US\" \/>\n<meta property=\"og:description\" content=\"La pierre \u0153il de tigre, myst\u00e9rieuse, rayonnante, fascine depuis l\u2019Antiquit\u00e9. Utilis\u00e9e \u00e0 travers le monde comme talisman de protection, elle s\u00e9duit par sa beaut\u00e9 chatoyante et ses puissantes vertus \u00e9nerg\u00e9tiques. Reli\u00e9e au chakra du plexus solaire, cette pierre naturelle est synonyme de courage, de force, et surtout, de protection contre les \u00e9nergies n\u00e9gatives. Utilis\u00e9e par les romains pour se prot\u00e9ger durant les batailles, elle est encore aujourd\u2019hui associ\u00e9e \u00e0 la force int\u00e9rieure et \u00e0 l\u2019instinct de survie. Le nom : \u0153il de tigre vient de son apparence si particuli\u00e8re. Cette pierre naturelle \u00e9voque la vigilance du f\u00e9lin et sa puissance silencieuse. Les autres pierres qui composent ce bracelet puissant repr\u00e9sentent les 7 chakras les plus connus.\u00a0 On porte donc ce bijou\u00a0 comme un bouclier \u00e9nerg\u00e9tique, capable de repousser les influences n\u00e9fastes \u00e0 tous les niveaux de l&#039;\u00eatre et pour chaque porte \u00e9nerg\u00e9tique. Le Bouddha est l\u00e0 pou rrenforcer cette protection dans la s\u00e9r\u00e9nit\u00e9 et la confiance en soi. Un cadeau puissant \u00e0 se faire ou \u00e0 faire \u00e0 quelqu&#039;un qui nous est cher\/ch\u00e8re.\" \/>\n<meta property=\"og:url\" content=\"https:\/\/www.spirit-us.eu\/index.php\/produit\/bracelet-7-chakras-zen-serenite\/\" \/>\n<meta property=\"og:site_name\" content=\"Spirit-US\" \/>\n<meta property=\"article:publisher\" content=\"https:\/\/www.facebook.com\/spirit.us.deum\" \/>\n<meta property=\"article:modified_time\" content=\"2025-12-17T09:48:38+00:00\" \/>\n<meta property=\"og:image\" content=\"https:\/\/www.spirit-us.eu\/wp-content\/uploads\/2025\/07\/bracelet-7-chakras-boudha-oeil-tigre-image-produit-1024x1024.png\" \/>\n\t<meta property=\"og:image:width\" content=\"1024\" \/>\n\t<meta property=\"og:image:height\" content=\"1024\" \/>\n\t<meta property=\"og:image:type\" content=\"image\/png\" \/>\n<meta name=\"twitter:card\" content=\"summary_large_image\" \/>\n<script type=\"application\/ld+json\" class=\"yoast-schema-graph\">{\"@context\":\"https:\/\/schema.org\",\"@graph\":[{\"@type\":\"WebPage\",\"@id\":\"https:\/\/www.spirit-us.eu\/index.php\/produit\/bracelet-7-chakras-zen-serenite\/\",\"url\":\"https:\/\/www.spirit-us.eu\/index.php\/produit\/bracelet-7-chakras-zen-serenite\/\",\"name\":\"BRACELET 7 CHAKRAS \u2013 zen & s\u00e9r\u00e9nit\u00e9 - Spirit-US\",\"isPartOf\":{\"@id\":\"https:\/\/www.spirit-us.eu\/#website\"},\"primaryImageOfPage\":{\"@id\":\"https:\/\/www.spirit-us.eu\/index.php\/produit\/bracelet-7-chakras-zen-serenite\/#primaryimage\"},\"image\":{\"@id\":\"https:\/\/www.spirit-us.eu\/index.php\/produit\/bracelet-7-chakras-zen-serenite\/#primaryimage\"},\"thumbnailUrl\":\"https:\/\/www.spirit-us.eu\/wp-content\/uploads\/2025\/07\/bracelet-7-chakras-boudha-oeil-tigre-image-produit.png\",\"datePublished\":\"2025-07-11T09:05:59+00:00\",\"dateModified\":\"2025-12-17T09:48:38+00:00\",\"breadcrumb\":{\"@id\":\"https:\/\/www.spirit-us.eu\/index.php\/produit\/bracelet-7-chakras-zen-serenite\/#breadcrumb\"},\"inLanguage\":\"fr-FR\",\"potentialAction\":[{\"@type\":\"ReadAction\",\"target\":[\"https:\/\/www.spirit-us.eu\/index.php\/produit\/bracelet-7-chakras-zen-serenite\/\"]}]},{\"@type\":\"ImageObject\",\"inLanguage\":\"fr-FR\",\"@id\":\"https:\/\/www.spirit-us.eu\/index.php\/produit\/bracelet-7-chakras-zen-serenite\/#primaryimage\",\"url\":\"https:\/\/www.spirit-us.eu\/wp-content\/uploads\/2025\/07\/bracelet-7-chakras-boudha-oeil-tigre-image-produit.png\",\"contentUrl\":\"https:\/\/www.spirit-us.eu\/wp-content\/uploads\/2025\/07\/bracelet-7-chakras-boudha-oeil-tigre-image-produit.png\",\"width\":2160,\"height\":2160},{\"@type\":\"BreadcrumbList\",\"@id\":\"https:\/\/www.spirit-us.eu\/index.php\/produit\/bracelet-7-chakras-zen-serenite\/#breadcrumb\",\"itemListElement\":[{\"@type\":\"ListItem\",\"position\":1,\"name\":\"Accueil\",\"item\":\"https:\/\/www.spirit-us.eu\/\"},{\"@type\":\"ListItem\",\"position\":2,\"name\":\"Boutique\",\"item\":\"https:\/\/www.spirit-us.eu\/index.php\/boutique\/\"},{\"@type\":\"ListItem\",\"position\":3,\"name\":\"BRACELET 7 CHAKRAS \u2013 zen &#038; s\u00e9r\u00e9nit\u00e9\"}]},{\"@type\":\"WebSite\",\"@id\":\"https:\/\/www.spirit-us.eu\/#website\",\"url\":\"https:\/\/www.spirit-us.eu\/\",\"name\":\"Spirit-US\",\"description\":\"\",\"publisher\":{\"@id\":\"https:\/\/www.spirit-us.eu\/#organization\"},\"potentialAction\":[{\"@type\":\"SearchAction\",\"target\":{\"@type\":\"EntryPoint\",\"urlTemplate\":\"https:\/\/www.spirit-us.eu\/?s={search_term_string}\"},\"query-input\":{\"@type\":\"PropertyValueSpecification\",\"valueRequired\":true,\"valueName\":\"search_term_string\"}}],\"inLanguage\":\"fr-FR\"},{\"@type\":\"Organization\",\"@id\":\"https:\/\/www.spirit-us.eu\/#organization\",\"name\":\"Spirit-US\",\"url\":\"https:\/\/www.spirit-us.eu\/\",\"logo\":{\"@type\":\"ImageObject\",\"inLanguage\":\"fr-FR\",\"@id\":\"https:\/\/www.spirit-us.eu\/#\/schema\/logo\/image\/\",\"url\":\"https:\/\/www.spirit-us.eu\/wp-content\/uploads\/2025\/11\/logo-regarde-linterlocutrice-sans-arrriere-plan.jpg\",\"contentUrl\":\"https:\/\/www.spirit-us.eu\/wp-content\/uploads\/2025\/11\/logo-regarde-linterlocutrice-sans-arrriere-plan.jpg\",\"width\":1080,\"height\":1080,\"caption\":\"Spirit-US\"},\"image\":{\"@id\":\"https:\/\/www.spirit-us.eu\/#\/schema\/logo\/image\/\"},\"sameAs\":[\"https:\/\/www.facebook.com\/spirit.us.deum\"]}]}<\/script>\n<!-- \/ Yoast SEO plugin. -->","yoast_head_json":{"title":"BRACELET 7 CHAKRAS \u2013 zen & s\u00e9r\u00e9nit\u00e9 - Spirit-US","robots":{"index":"index","follow":"follow","max-snippet":"max-snippet:-1","max-image-preview":"max-image-preview:large","max-video-preview":"max-video-preview:-1"},"canonical":"https:\/\/www.spirit-us.eu\/index.php\/produit\/bracelet-7-chakras-zen-serenite\/","og_locale":"fr_FR","og_type":"article","og_title":"BRACELET 7 CHAKRAS \u2013 zen & s\u00e9r\u00e9nit\u00e9 - Spirit-US","og_description":"La pierre \u0153il de tigre, myst\u00e9rieuse, rayonnante, fascine depuis l\u2019Antiquit\u00e9. Utilis\u00e9e \u00e0 travers le monde comme talisman de protection, elle s\u00e9duit par sa beaut\u00e9 chatoyante et ses puissantes vertus \u00e9nerg\u00e9tiques. Reli\u00e9e au chakra du plexus solaire, cette pierre naturelle est synonyme de courage, de force, et surtout, de protection contre les \u00e9nergies n\u00e9gatives. Utilis\u00e9e par les romains pour se prot\u00e9ger durant les batailles, elle est encore aujourd\u2019hui associ\u00e9e \u00e0 la force int\u00e9rieure et \u00e0 l\u2019instinct de survie. Le nom : \u0153il de tigre vient de son apparence si particuli\u00e8re. Cette pierre naturelle \u00e9voque la vigilance du f\u00e9lin et sa puissance silencieuse. Les autres pierres qui composent ce bracelet puissant repr\u00e9sentent les 7 chakras les plus connus.\u00a0 On porte donc ce bijou\u00a0 comme un bouclier \u00e9nerg\u00e9tique, capable de repousser les influences n\u00e9fastes \u00e0 tous les niveaux de l'\u00eatre et pour chaque porte \u00e9nerg\u00e9tique. Le Bouddha est l\u00e0 pou rrenforcer cette protection dans la s\u00e9r\u00e9nit\u00e9 et la confiance en soi. Un cadeau puissant \u00e0 se faire ou \u00e0 faire \u00e0 quelqu'un qui nous est cher\/ch\u00e8re.","og_url":"https:\/\/www.spirit-us.eu\/index.php\/produit\/bracelet-7-chakras-zen-serenite\/","og_site_name":"Spirit-US","article_publisher":"https:\/\/www.facebook.com\/spirit.us.deum","article_modified_time":"2025-12-17T09:48:38+00:00","og_image":[{"width":1024,"height":1024,"url":"https:\/\/www.spirit-us.eu\/wp-content\/uploads\/2025\/07\/bracelet-7-chakras-boudha-oeil-tigre-image-produit-1024x1024.png","type":"image\/png"}],"twitter_card":"summary_large_image","schema":{"@context":"https:\/\/schema.org","@graph":[{"@type":"WebPage","@id":"https:\/\/www.spirit-us.eu\/index.php\/produit\/bracelet-7-chakras-zen-serenite\/","url":"https:\/\/www.spirit-us.eu\/index.php\/produit\/bracelet-7-chakras-zen-serenite\/","name":"BRACELET 7 CHAKRAS \u2013 zen & s\u00e9r\u00e9nit\u00e9 - Spirit-US","isPartOf":{"@id":"https:\/\/www.spirit-us.eu\/#website"},"primaryImageOfPage":{"@id":"https:\/\/www.spirit-us.eu\/index.php\/produit\/bracelet-7-chakras-zen-serenite\/#primaryimage"},"image":{"@id":"https:\/\/www.spirit-us.eu\/index.php\/produit\/bracelet-7-chakras-zen-serenite\/#primaryimage"},"thumbnailUrl":"https:\/\/www.spirit-us.eu\/wp-content\/uploads\/2025\/07\/bracelet-7-chakras-boudha-oeil-tigre-image-produit.png","datePublished":"2025-07-11T09:05:59+00:00","dateModified":"2025-12-17T09:48:38+00:00","breadcrumb":{"@id":"https:\/\/www.spirit-us.eu\/index.php\/produit\/bracelet-7-chakras-zen-serenite\/#breadcrumb"},"inLanguage":"fr-FR","potentialAction":[{"@type":"ReadAction","target":["https:\/\/www.spirit-us.eu\/index.php\/produit\/bracelet-7-chakras-zen-serenite\/"]}]},{"@type":"ImageObject","inLanguage":"fr-FR","@id":"https:\/\/www.spirit-us.eu\/index.php\/produit\/bracelet-7-chakras-zen-serenite\/#primaryimage","url":"https:\/\/www.spirit-us.eu\/wp-content\/uploads\/2025\/07\/bracelet-7-chakras-boudha-oeil-tigre-image-produit.png","contentUrl":"https:\/\/www.spirit-us.eu\/wp-content\/uploads\/2025\/07\/bracelet-7-chakras-boudha-oeil-tigre-image-produit.png","width":2160,"height":2160},{"@type":"BreadcrumbList","@id":"https:\/\/www.spirit-us.eu\/index.php\/produit\/bracelet-7-chakras-zen-serenite\/#breadcrumb","itemListElement":[{"@type":"ListItem","position":1,"name":"Accueil","item":"https:\/\/www.spirit-us.eu\/"},{"@type":"ListItem","position":2,"name":"Boutique","item":"https:\/\/www.spirit-us.eu\/index.php\/boutique\/"},{"@type":"ListItem","position":3,"name":"BRACELET 7 CHAKRAS \u2013 zen &#038; s\u00e9r\u00e9nit\u00e9"}]},{"@type":"WebSite","@id":"https:\/\/www.spirit-us.eu\/#website","url":"https:\/\/www.spirit-us.eu\/","name":"Spirit-US","description":"","publisher":{"@id":"https:\/\/www.spirit-us.eu\/#organization"},"potentialAction":[{"@type":"SearchAction","target":{"@type":"EntryPoint","urlTemplate":"https:\/\/www.spirit-us.eu\/?s={search_term_string}"},"query-input":{"@type":"PropertyValueSpecification","valueRequired":true,"valueName":"search_term_string"}}],"inLanguage":"fr-FR"},{"@type":"Organization","@id":"https:\/\/www.spirit-us.eu\/#organization","name":"Spirit-US","url":"https:\/\/www.spirit-us.eu\/","logo":{"@type":"ImageObject","inLanguage":"fr-FR","@id":"https:\/\/www.spirit-us.eu\/#\/schema\/logo\/image\/","url":"https:\/\/www.spirit-us.eu\/wp-content\/uploads\/2025\/11\/logo-regarde-linterlocutrice-sans-arrriere-plan.jpg","contentUrl":"https:\/\/www.spirit-us.eu\/wp-content\/uploads\/2025\/11\/logo-regarde-linterlocutrice-sans-arrriere-plan.jpg","width":1080,"height":1080,"caption":"Spirit-US"},"image":{"@id":"https:\/\/www.spirit-us.eu\/#\/schema\/logo\/image\/"},"sameAs":["https:\/\/www.facebook.com\/spirit.us.deum"]}]}},"jetpack_sharing_enabled":true,"_links":{"self":[{"href":"https:\/\/www.spirit-us.eu\/index.php\/wp-json\/wp\/v2\/product\/1822","targetHints":{"allow":["GET"]}}],"collection":[{"href":"https:\/\/www.spirit-us.eu\/index.php\/wp-json\/wp\/v2\/product"}],"about":[{"href":"https:\/\/www.spirit-us.eu\/index.php\/wp-json\/wp\/v2\/types\/product"}],"replies":[{"embeddable":true,"href":"https:\/\/www.spirit-us.eu\/index.php\/wp-json\/wp\/v2\/comments?post=1822"}],"wp:featuredmedia":[{"embeddable":true,"href":"https:\/\/www.spirit-us.eu\/index.php\/wp-json\/wp\/v2\/media\/1823"}],"wp:attachment":[{"href":"https:\/\/www.spirit-us.eu\/index.php\/wp-json\/wp\/v2\/media?parent=1822"}],"wp:term":[{"taxonomy":"product_brand","embeddable":true,"href":"https:\/\/www.spirit-us.eu\/index.php\/wp-json\/wp\/v2\/product_brand?post=1822"},{"taxonomy":"product_cat","embeddable":true,"href":"https:\/\/www.spirit-us.eu\/index.php\/wp-json\/wp\/v2\/product_cat?post=1822"},{"taxonomy":"product_tag","embeddable":true,"href":"https:\/\/www.spirit-us.eu\/index.php\/wp-json\/wp\/v2\/product_tag?post=1822"},{"taxonomy":"mwb_booking_cost","embeddable":true,"href":"https:\/\/www.spirit-us.eu\/index.php\/wp-json\/wp\/v2\/mwb_booking_cost?post=1822"},{"taxonomy":"mwb_booking_service","embeddable":true,"href":"https:\/\/www.spirit-us.eu\/index.php\/wp-json\/wp\/v2\/mwb_booking_service?post=1822"}],"curies":[{"name":"wp","href":"https:\/\/api.w.org\/{rel}","templated":true}]}}