{"id":1816,"date":"2025-07-11T10:20:59","date_gmt":"2025-07-11T08:20:59","guid":{"rendered":"https:\/\/www.spirit-us.eu\/?post_type=product&#038;p=1816"},"modified":"2025-12-17T10:48:44","modified_gmt":"2025-12-17T09:48:44","slug":"bracelet-en-citrine-richesse-chance","status":"publish","type":"product","link":"https:\/\/www.spirit-us.eu\/index.php\/produit\/bracelet-en-citrine-richesse-chance\/","title":{"rendered":"BRACELET EN CITRINE \u2013 richesse &#038; chance"},"content":{"rendered":"<p><strong>Nature des pierres<\/strong> : citrine, perles de verre, oeil de tigre et perles de m\u00e9tal dor\u00e9 ouvrag\u00e9; breloques travaill\u00e9es en m\u00e9tal dor\u00e9<\/p>\n<p><strong>Fa\u00e7on du bijou<\/strong> : pierres roul\u00e9es de fa\u00e7on artisanale en citrine \u2013 perles de 8 mm (peut varier l\u00e9g\u00e8rement) \u2013 mont\u00e9 sur fil \u00e9lastique solide.<\/p>\n<p><strong>Couleurs<\/strong> : gris &#8211; diverses nuances de gris (clair &#8211; plus fonc\u00e9) &#8211; nuances m\u00e9tallis\u00e9es (la pierre contient du sodium, du calcium, des traces de fer et du potassium)<\/p>\n<p><strong>Origine<\/strong> : Madagascar<\/p>\n<p><strong>Dimensions du bijou<\/strong> : 20 \u00e0 22 cm<\/p>\n<p>&nbsp;<\/p>\n","protected":false},"excerpt":{"rendered":"<p style=\"text-align: justify;\">Tr\u00e8s joli bracelet en citrine, perles de verre (bleut\u00e9e et marron translucides), de m\u00e9tal dor\u00e9 dentel\u00e9 et \u0153il de tigre.\u00a0 Il comporte \u00e9galement de petites perles en m\u00e9tal dor\u00e9.\u00a0 Le montage des perles de verre est soign\u00e9, fait de m\u00e9tal dor\u00e9 \u00e9galement dentel\u00e9.\u00a0 Le concept, originaire d\u2019Asie (Birmanie, Laos, Japon &amp; Chine) o\u00f9 l&rsquo;on appr\u00e9cie particuli\u00e8rement cette pierre semi-pr\u00e9cieuse originaire d&rsquo;autres parties du monde, \u00e9nonce que le bracelet de la chance doit \u00eatre agr\u00e9ment\u00e9 de <em>charmes<\/em>, celui-ci en comporte deux\u00a0: une plaquette en m\u00e9tal dor\u00e9 portant en relief les <em>kanjis<\/em> de la chance et du bonheur, et une perle en m\u00e9tal dor\u00e9 frapp\u00e9e d\u2019une t\u00eate du dragon de l\u2019\u00e9ternit\u00e9.\u00a0 Les autres perles en pierre naturelle \u2013 la citrine \u2013 sont fa\u00e7onn\u00e9es de fa\u00e7on artisanale et ont une dimension de 8 mm.\u00a0 La citrine est la pierre de la richesse, qui favorise l\u2019\u00e9nergie financi\u00e8re et la concentration sur sa cr\u00e9ation \u00e0 titre individuel.\u00a0 On dit qu\u2019elle facilite l\u2019int\u00e9gration de l\u2019\u00e9ducation financi\u00e8re, augmente la confiance en soi, apporte la r\u00e9ussite et d\u00e9veloppe la g\u00e9n\u00e9rosit\u00e9, ainsi que la d\u00e9termination \u00e0 r\u00e9ussir sa vie.<\/p>\n","protected":false},"featured_media":1820,"comment_status":"open","ping_status":"closed","template":"","meta":[],"product_brand":[],"product_cat":[156,460,17],"product_tag":[252,188,193,250,249,251],"mwb_booking_cost":[],"mwb_booking_service":[],"class_list":{"0":"post-1816","1":"product","2":"type-product","3":"status-publish","4":"has-post-thumbnail","6":"product_cat-04-bijoux","7":"product_cat-bracelets","8":"product_cat-tous-les-produits","9":"product_tag-chakra-plexus-solaire","10":"product_tag-chakras-collection","11":"product_tag-chance","12":"product_tag-prosperite","13":"product_tag-richesse","14":"product_tag-rituel-de-prosperite","16":"first","17":"instock","18":"shipping-taxable","19":"purchasable","20":"product-type-simple"},"yoast_head":"<!-- This site is optimized with the Yoast SEO plugin v27.1.1 - https:\/\/yoast.com\/product\/yoast-seo-wordpress\/ -->\n<title>BRACELET EN CITRINE \u2013 richesse &amp; chance - Spirit-US<\/title>\n<meta name=\"robots\" content=\"index, follow, max-snippet:-1, max-image-preview:large, max-video-preview:-1\" \/>\n<link rel=\"canonical\" href=\"https:\/\/www.spirit-us.eu\/index.php\/produit\/bracelet-en-citrine-richesse-chance\/\" \/>\n<meta property=\"og:locale\" content=\"fr_FR\" \/>\n<meta property=\"og:type\" content=\"article\" \/>\n<meta property=\"og:title\" content=\"BRACELET EN CITRINE \u2013 richesse &amp; chance - Spirit-US\" \/>\n<meta property=\"og:description\" content=\"Tr\u00e8s joli bracelet en citrine, perles de verre (bleut\u00e9e et marron translucides), de m\u00e9tal dor\u00e9 dentel\u00e9 et \u0153il de tigre.\u00a0 Il comporte \u00e9galement de petites perles en m\u00e9tal dor\u00e9.\u00a0 Le montage des perles de verre est soign\u00e9, fait de m\u00e9tal dor\u00e9 \u00e9galement dentel\u00e9.\u00a0 Le concept, originaire d\u2019Asie (Birmanie, Laos, Japon &amp; Chine) o\u00f9 l&#039;on appr\u00e9cie particuli\u00e8rement cette pierre semi-pr\u00e9cieuse originaire d&#039;autres parties du monde, \u00e9nonce que le bracelet de la chance doit \u00eatre agr\u00e9ment\u00e9 de charmes, celui-ci en comporte deux\u00a0: une plaquette en m\u00e9tal dor\u00e9 portant en relief les kanjis de la chance et du bonheur, et une perle en m\u00e9tal dor\u00e9 frapp\u00e9e d\u2019une t\u00eate du dragon de l\u2019\u00e9ternit\u00e9.\u00a0 Les autres perles en pierre naturelle \u2013 la citrine \u2013 sont fa\u00e7onn\u00e9es de fa\u00e7on artisanale et ont une dimension de 8 mm.\u00a0 La citrine est la pierre de la richesse, qui favorise l\u2019\u00e9nergie financi\u00e8re et la concentration sur sa cr\u00e9ation \u00e0 titre individuel.\u00a0 On dit qu\u2019elle facilite l\u2019int\u00e9gration de l\u2019\u00e9ducation financi\u00e8re, augmente la confiance en soi, apporte la r\u00e9ussite et d\u00e9veloppe la g\u00e9n\u00e9rosit\u00e9, ainsi que la d\u00e9termination \u00e0 r\u00e9ussir sa vie.\" \/>\n<meta property=\"og:url\" content=\"https:\/\/www.spirit-us.eu\/index.php\/produit\/bracelet-en-citrine-richesse-chance\/\" \/>\n<meta property=\"og:site_name\" content=\"Spirit-US\" \/>\n<meta property=\"article:publisher\" content=\"https:\/\/www.facebook.com\/spirit.us.deum\" \/>\n<meta property=\"article:modified_time\" content=\"2025-12-17T09:48:44+00:00\" \/>\n<meta property=\"og:image\" content=\"https:\/\/www.spirit-us.eu\/wp-content\/uploads\/2025\/07\/bracelet-citrine-charme-image-produit1-1024x1024.png\" \/>\n\t<meta property=\"og:image:width\" content=\"1024\" \/>\n\t<meta property=\"og:image:height\" content=\"1024\" \/>\n\t<meta property=\"og:image:type\" content=\"image\/png\" \/>\n<meta name=\"twitter:card\" content=\"summary_large_image\" \/>\n<script type=\"application\/ld+json\" class=\"yoast-schema-graph\">{\"@context\":\"https:\/\/schema.org\",\"@graph\":[{\"@type\":\"WebPage\",\"@id\":\"https:\/\/www.spirit-us.eu\/index.php\/produit\/bracelet-en-citrine-richesse-chance\/\",\"url\":\"https:\/\/www.spirit-us.eu\/index.php\/produit\/bracelet-en-citrine-richesse-chance\/\",\"name\":\"BRACELET EN CITRINE \u2013 richesse & chance - Spirit-US\",\"isPartOf\":{\"@id\":\"https:\/\/www.spirit-us.eu\/#website\"},\"primaryImageOfPage\":{\"@id\":\"https:\/\/www.spirit-us.eu\/index.php\/produit\/bracelet-en-citrine-richesse-chance\/#primaryimage\"},\"image\":{\"@id\":\"https:\/\/www.spirit-us.eu\/index.php\/produit\/bracelet-en-citrine-richesse-chance\/#primaryimage\"},\"thumbnailUrl\":\"https:\/\/www.spirit-us.eu\/wp-content\/uploads\/2025\/07\/bracelet-citrine-charme-image-produit1.png\",\"datePublished\":\"2025-07-11T08:20:59+00:00\",\"dateModified\":\"2025-12-17T09:48:44+00:00\",\"breadcrumb\":{\"@id\":\"https:\/\/www.spirit-us.eu\/index.php\/produit\/bracelet-en-citrine-richesse-chance\/#breadcrumb\"},\"inLanguage\":\"fr-FR\",\"potentialAction\":[{\"@type\":\"ReadAction\",\"target\":[\"https:\/\/www.spirit-us.eu\/index.php\/produit\/bracelet-en-citrine-richesse-chance\/\"]}]},{\"@type\":\"ImageObject\",\"inLanguage\":\"fr-FR\",\"@id\":\"https:\/\/www.spirit-us.eu\/index.php\/produit\/bracelet-en-citrine-richesse-chance\/#primaryimage\",\"url\":\"https:\/\/www.spirit-us.eu\/wp-content\/uploads\/2025\/07\/bracelet-citrine-charme-image-produit1.png\",\"contentUrl\":\"https:\/\/www.spirit-us.eu\/wp-content\/uploads\/2025\/07\/bracelet-citrine-charme-image-produit1.png\",\"width\":2295,\"height\":2295},{\"@type\":\"BreadcrumbList\",\"@id\":\"https:\/\/www.spirit-us.eu\/index.php\/produit\/bracelet-en-citrine-richesse-chance\/#breadcrumb\",\"itemListElement\":[{\"@type\":\"ListItem\",\"position\":1,\"name\":\"Accueil\",\"item\":\"https:\/\/www.spirit-us.eu\/\"},{\"@type\":\"ListItem\",\"position\":2,\"name\":\"Boutique\",\"item\":\"https:\/\/www.spirit-us.eu\/index.php\/boutique\/\"},{\"@type\":\"ListItem\",\"position\":3,\"name\":\"BRACELET EN CITRINE \u2013 richesse &#038; chance\"}]},{\"@type\":\"WebSite\",\"@id\":\"https:\/\/www.spirit-us.eu\/#website\",\"url\":\"https:\/\/www.spirit-us.eu\/\",\"name\":\"Spirit-US\",\"description\":\"\",\"publisher\":{\"@id\":\"https:\/\/www.spirit-us.eu\/#organization\"},\"potentialAction\":[{\"@type\":\"SearchAction\",\"target\":{\"@type\":\"EntryPoint\",\"urlTemplate\":\"https:\/\/www.spirit-us.eu\/?s={search_term_string}\"},\"query-input\":{\"@type\":\"PropertyValueSpecification\",\"valueRequired\":true,\"valueName\":\"search_term_string\"}}],\"inLanguage\":\"fr-FR\"},{\"@type\":\"Organization\",\"@id\":\"https:\/\/www.spirit-us.eu\/#organization\",\"name\":\"Spirit-US\",\"url\":\"https:\/\/www.spirit-us.eu\/\",\"logo\":{\"@type\":\"ImageObject\",\"inLanguage\":\"fr-FR\",\"@id\":\"https:\/\/www.spirit-us.eu\/#\/schema\/logo\/image\/\",\"url\":\"https:\/\/www.spirit-us.eu\/wp-content\/uploads\/2025\/11\/logo-regarde-linterlocutrice-sans-arrriere-plan.jpg\",\"contentUrl\":\"https:\/\/www.spirit-us.eu\/wp-content\/uploads\/2025\/11\/logo-regarde-linterlocutrice-sans-arrriere-plan.jpg\",\"width\":1080,\"height\":1080,\"caption\":\"Spirit-US\"},\"image\":{\"@id\":\"https:\/\/www.spirit-us.eu\/#\/schema\/logo\/image\/\"},\"sameAs\":[\"https:\/\/www.facebook.com\/spirit.us.deum\"]}]}<\/script>\n<!-- \/ Yoast SEO plugin. -->","yoast_head_json":{"title":"BRACELET EN CITRINE \u2013 richesse & chance - Spirit-US","robots":{"index":"index","follow":"follow","max-snippet":"max-snippet:-1","max-image-preview":"max-image-preview:large","max-video-preview":"max-video-preview:-1"},"canonical":"https:\/\/www.spirit-us.eu\/index.php\/produit\/bracelet-en-citrine-richesse-chance\/","og_locale":"fr_FR","og_type":"article","og_title":"BRACELET EN CITRINE \u2013 richesse & chance - Spirit-US","og_description":"Tr\u00e8s joli bracelet en citrine, perles de verre (bleut\u00e9e et marron translucides), de m\u00e9tal dor\u00e9 dentel\u00e9 et \u0153il de tigre.\u00a0 Il comporte \u00e9galement de petites perles en m\u00e9tal dor\u00e9.\u00a0 Le montage des perles de verre est soign\u00e9, fait de m\u00e9tal dor\u00e9 \u00e9galement dentel\u00e9.\u00a0 Le concept, originaire d\u2019Asie (Birmanie, Laos, Japon &amp; Chine) o\u00f9 l'on appr\u00e9cie particuli\u00e8rement cette pierre semi-pr\u00e9cieuse originaire d'autres parties du monde, \u00e9nonce que le bracelet de la chance doit \u00eatre agr\u00e9ment\u00e9 de charmes, celui-ci en comporte deux\u00a0: une plaquette en m\u00e9tal dor\u00e9 portant en relief les kanjis de la chance et du bonheur, et une perle en m\u00e9tal dor\u00e9 frapp\u00e9e d\u2019une t\u00eate du dragon de l\u2019\u00e9ternit\u00e9.\u00a0 Les autres perles en pierre naturelle \u2013 la citrine \u2013 sont fa\u00e7onn\u00e9es de fa\u00e7on artisanale et ont une dimension de 8 mm.\u00a0 La citrine est la pierre de la richesse, qui favorise l\u2019\u00e9nergie financi\u00e8re et la concentration sur sa cr\u00e9ation \u00e0 titre individuel.\u00a0 On dit qu\u2019elle facilite l\u2019int\u00e9gration de l\u2019\u00e9ducation financi\u00e8re, augmente la confiance en soi, apporte la r\u00e9ussite et d\u00e9veloppe la g\u00e9n\u00e9rosit\u00e9, ainsi que la d\u00e9termination \u00e0 r\u00e9ussir sa vie.","og_url":"https:\/\/www.spirit-us.eu\/index.php\/produit\/bracelet-en-citrine-richesse-chance\/","og_site_name":"Spirit-US","article_publisher":"https:\/\/www.facebook.com\/spirit.us.deum","article_modified_time":"2025-12-17T09:48:44+00:00","og_image":[{"width":1024,"height":1024,"url":"https:\/\/www.spirit-us.eu\/wp-content\/uploads\/2025\/07\/bracelet-citrine-charme-image-produit1-1024x1024.png","type":"image\/png"}],"twitter_card":"summary_large_image","schema":{"@context":"https:\/\/schema.org","@graph":[{"@type":"WebPage","@id":"https:\/\/www.spirit-us.eu\/index.php\/produit\/bracelet-en-citrine-richesse-chance\/","url":"https:\/\/www.spirit-us.eu\/index.php\/produit\/bracelet-en-citrine-richesse-chance\/","name":"BRACELET EN CITRINE \u2013 richesse & chance - Spirit-US","isPartOf":{"@id":"https:\/\/www.spirit-us.eu\/#website"},"primaryImageOfPage":{"@id":"https:\/\/www.spirit-us.eu\/index.php\/produit\/bracelet-en-citrine-richesse-chance\/#primaryimage"},"image":{"@id":"https:\/\/www.spirit-us.eu\/index.php\/produit\/bracelet-en-citrine-richesse-chance\/#primaryimage"},"thumbnailUrl":"https:\/\/www.spirit-us.eu\/wp-content\/uploads\/2025\/07\/bracelet-citrine-charme-image-produit1.png","datePublished":"2025-07-11T08:20:59+00:00","dateModified":"2025-12-17T09:48:44+00:00","breadcrumb":{"@id":"https:\/\/www.spirit-us.eu\/index.php\/produit\/bracelet-en-citrine-richesse-chance\/#breadcrumb"},"inLanguage":"fr-FR","potentialAction":[{"@type":"ReadAction","target":["https:\/\/www.spirit-us.eu\/index.php\/produit\/bracelet-en-citrine-richesse-chance\/"]}]},{"@type":"ImageObject","inLanguage":"fr-FR","@id":"https:\/\/www.spirit-us.eu\/index.php\/produit\/bracelet-en-citrine-richesse-chance\/#primaryimage","url":"https:\/\/www.spirit-us.eu\/wp-content\/uploads\/2025\/07\/bracelet-citrine-charme-image-produit1.png","contentUrl":"https:\/\/www.spirit-us.eu\/wp-content\/uploads\/2025\/07\/bracelet-citrine-charme-image-produit1.png","width":2295,"height":2295},{"@type":"BreadcrumbList","@id":"https:\/\/www.spirit-us.eu\/index.php\/produit\/bracelet-en-citrine-richesse-chance\/#breadcrumb","itemListElement":[{"@type":"ListItem","position":1,"name":"Accueil","item":"https:\/\/www.spirit-us.eu\/"},{"@type":"ListItem","position":2,"name":"Boutique","item":"https:\/\/www.spirit-us.eu\/index.php\/boutique\/"},{"@type":"ListItem","position":3,"name":"BRACELET EN CITRINE \u2013 richesse &#038; chance"}]},{"@type":"WebSite","@id":"https:\/\/www.spirit-us.eu\/#website","url":"https:\/\/www.spirit-us.eu\/","name":"Spirit-US","description":"","publisher":{"@id":"https:\/\/www.spirit-us.eu\/#organization"},"potentialAction":[{"@type":"SearchAction","target":{"@type":"EntryPoint","urlTemplate":"https:\/\/www.spirit-us.eu\/?s={search_term_string}"},"query-input":{"@type":"PropertyValueSpecification","valueRequired":true,"valueName":"search_term_string"}}],"inLanguage":"fr-FR"},{"@type":"Organization","@id":"https:\/\/www.spirit-us.eu\/#organization","name":"Spirit-US","url":"https:\/\/www.spirit-us.eu\/","logo":{"@type":"ImageObject","inLanguage":"fr-FR","@id":"https:\/\/www.spirit-us.eu\/#\/schema\/logo\/image\/","url":"https:\/\/www.spirit-us.eu\/wp-content\/uploads\/2025\/11\/logo-regarde-linterlocutrice-sans-arrriere-plan.jpg","contentUrl":"https:\/\/www.spirit-us.eu\/wp-content\/uploads\/2025\/11\/logo-regarde-linterlocutrice-sans-arrriere-plan.jpg","width":1080,"height":1080,"caption":"Spirit-US"},"image":{"@id":"https:\/\/www.spirit-us.eu\/#\/schema\/logo\/image\/"},"sameAs":["https:\/\/www.facebook.com\/spirit.us.deum"]}]}},"jetpack_sharing_enabled":true,"_links":{"self":[{"href":"https:\/\/www.spirit-us.eu\/index.php\/wp-json\/wp\/v2\/product\/1816","targetHints":{"allow":["GET"]}}],"collection":[{"href":"https:\/\/www.spirit-us.eu\/index.php\/wp-json\/wp\/v2\/product"}],"about":[{"href":"https:\/\/www.spirit-us.eu\/index.php\/wp-json\/wp\/v2\/types\/product"}],"replies":[{"embeddable":true,"href":"https:\/\/www.spirit-us.eu\/index.php\/wp-json\/wp\/v2\/comments?post=1816"}],"wp:featuredmedia":[{"embeddable":true,"href":"https:\/\/www.spirit-us.eu\/index.php\/wp-json\/wp\/v2\/media\/1820"}],"wp:attachment":[{"href":"https:\/\/www.spirit-us.eu\/index.php\/wp-json\/wp\/v2\/media?parent=1816"}],"wp:term":[{"taxonomy":"product_brand","embeddable":true,"href":"https:\/\/www.spirit-us.eu\/index.php\/wp-json\/wp\/v2\/product_brand?post=1816"},{"taxonomy":"product_cat","embeddable":true,"href":"https:\/\/www.spirit-us.eu\/index.php\/wp-json\/wp\/v2\/product_cat?post=1816"},{"taxonomy":"product_tag","embeddable":true,"href":"https:\/\/www.spirit-us.eu\/index.php\/wp-json\/wp\/v2\/product_tag?post=1816"},{"taxonomy":"mwb_booking_cost","embeddable":true,"href":"https:\/\/www.spirit-us.eu\/index.php\/wp-json\/wp\/v2\/mwb_booking_cost?post=1816"},{"taxonomy":"mwb_booking_service","embeddable":true,"href":"https:\/\/www.spirit-us.eu\/index.php\/wp-json\/wp\/v2\/mwb_booking_service?post=1816"}],"curies":[{"name":"wp","href":"https:\/\/api.w.org\/{rel}","templated":true}]}}