{"id":1806,"date":"2025-07-11T08:21:10","date_gmt":"2025-07-11T06:21:10","guid":{"rendered":"https:\/\/www.spirit-us.eu\/?post_type=product&#038;p=1806"},"modified":"2025-12-17T10:49:00","modified_gmt":"2025-12-17T09:49:00","slug":"bracelet-en-jaspe-rouge-brun-chakra-terre","status":"publish","type":"product","link":"https:\/\/www.spirit-us.eu\/index.php\/produit\/bracelet-en-jaspe-rouge-brun-chakra-terre\/","title":{"rendered":"BRACELET EN JASPE ROUGE-BRUN &#8211; chakra terre"},"content":{"rendered":"<p><strong>Nature des pierres<\/strong> : pierres naturelles\u00a0 semi-pr\u00e9cieuses &#8211; jaspe rouge<\/p>\n<p><strong>Fa\u00e7on du bijou<\/strong> : pierres roul\u00e9es de fa\u00e7on artisanale \u2013 perles de 8 mm (peut varier l\u00e9g\u00e8rement) \u2013\u00a0 C\u0153ur en pierre\u00a0 \u2013 mont\u00e9 sur fil \u00e9lastique solide<\/p>\n<p><strong>Couleurs<\/strong> : rouge, orange fonc\u00e9, marron clair<\/p>\n<p><strong>Origine<\/strong> : Mexique<\/p>\n<p style=\"text-align: justify;\"><strong>Dimensions du bijou<\/strong> : 21 \u00e0 22 cm. Le bijou est disponible en taille unique de 18 cm. Il est extensible et s\u2019adapte parfaitement \u00e0 tous les poignets, allant de 17 \u00e0 20 cm. Gr\u00e2ce \u00e0 son aspect sobre et discret, ce bracelet convient aussi bien aux femmes qu\u2019aux hommes. Les pierres sont r\u00e9guli\u00e8res et poss\u00e8dent un diam\u00e8tre de 8mm.<\/p>\n<p style=\"text-align: justify;\">Un cadeau \u00e0 se faire ou un pr\u00e9sent id\u00e9al pour une personne qui souhaite d\u00e9velopper son enracinement, son ancrage &#8211; par exemple, lorsqu&rsquo;on cherche une bonne maison pour vivre ou un bon travail.<\/p>\n<p style=\"text-align: justify;\">\n","protected":false},"excerpt":{"rendered":"<p style=\"text-align: justify;\">Bracelet pierre naturelle en perles roul\u00e9es de Jaspe Rouge, de haute qualit\u00e9. Ce bracelet est enti\u00e8rement assembl\u00e9 \u00e0 la main ce qui le rend unique et 100% authentique. Il est agr\u00e9ment\u00e9 d\u2019un c\u0153ur fa\u00e7onn\u00e9 lui aussi \u00e0 la main, ce qui lui conf\u00e8re un aspect plus intimiste et li\u00e9 \u00e0 de bonnes \u00e9motions. Le jaspe rouge est une pierre d\u2019ancrage qui r\u00e9pond aux chakras terrestres\u00a0: l\u2019anneau de vie, l\u2019\u00e9toile Terre et le chakra racine.\u00a0 Le fait de porter la pierre sur soi est stabilisateur, repousse les ondes n\u00e9gatives terrestres (les pollutions nouvelles). C\u2019est un joli cadeau discret \u00e0 se faire si on ressent le besoin de travailler ces aspects de la vie\u00a0; ou \u00e0 faire une personne qu\u2019on souhaite aider \u00e0 se stabiliser, s\u2019enraciner et se recentrer.<\/p>\n","protected":false},"featured_media":1807,"comment_status":"open","ping_status":"closed","template":"","meta":[],"product_brand":[],"product_cat":[156,460,17],"product_tag":[185,220,188,245],"mwb_booking_cost":[],"mwb_booking_service":[],"class_list":{"0":"post-1806","1":"product","2":"type-product","3":"status-publish","4":"has-post-thumbnail","6":"product_cat-04-bijoux","7":"product_cat-bracelets","8":"product_cat-tous-les-produits","9":"product_tag-chakra-etoile-de-la-terre","10":"product_tag-chakra-terre","11":"product_tag-chakras-collection","12":"product_tag-energie","14":"first","15":"instock","16":"shipping-taxable","17":"purchasable","18":"product-type-simple"},"yoast_head":"<!-- This site is optimized with the Yoast SEO plugin v27.1.1 - https:\/\/yoast.com\/product\/yoast-seo-wordpress\/ -->\n<title>BRACELET EN JASPE ROUGE-BRUN - chakra terre - Spirit-US<\/title>\n<meta name=\"robots\" content=\"index, follow, max-snippet:-1, max-image-preview:large, max-video-preview:-1\" \/>\n<link rel=\"canonical\" href=\"https:\/\/www.spirit-us.eu\/index.php\/produit\/bracelet-en-jaspe-rouge-brun-chakra-terre\/\" \/>\n<meta property=\"og:locale\" content=\"fr_FR\" \/>\n<meta property=\"og:type\" content=\"article\" \/>\n<meta property=\"og:title\" content=\"BRACELET EN JASPE ROUGE-BRUN - chakra terre - Spirit-US\" \/>\n<meta property=\"og:description\" content=\"Bracelet pierre naturelle en perles roul\u00e9es de Jaspe Rouge, de haute qualit\u00e9. Ce bracelet est enti\u00e8rement assembl\u00e9 \u00e0 la main ce qui le rend unique et 100% authentique. Il est agr\u00e9ment\u00e9 d\u2019un c\u0153ur fa\u00e7onn\u00e9 lui aussi \u00e0 la main, ce qui lui conf\u00e8re un aspect plus intimiste et li\u00e9 \u00e0 de bonnes \u00e9motions. Le jaspe rouge est une pierre d\u2019ancrage qui r\u00e9pond aux chakras terrestres\u00a0: l\u2019anneau de vie, l\u2019\u00e9toile Terre et le chakra racine.\u00a0 Le fait de porter la pierre sur soi est stabilisateur, repousse les ondes n\u00e9gatives terrestres (les pollutions nouvelles). C\u2019est un joli cadeau discret \u00e0 se faire si on ressent le besoin de travailler ces aspects de la vie\u00a0; ou \u00e0 faire une personne qu\u2019on souhaite aider \u00e0 se stabiliser, s\u2019enraciner et se recentrer.\" \/>\n<meta property=\"og:url\" content=\"https:\/\/www.spirit-us.eu\/index.php\/produit\/bracelet-en-jaspe-rouge-brun-chakra-terre\/\" \/>\n<meta property=\"og:site_name\" content=\"Spirit-US\" \/>\n<meta property=\"article:publisher\" content=\"https:\/\/www.facebook.com\/spirit.us.deum\" \/>\n<meta property=\"article:modified_time\" content=\"2025-12-17T09:49:00+00:00\" \/>\n<meta property=\"og:image\" content=\"https:\/\/www.spirit-us.eu\/wp-content\/uploads\/2025\/07\/bracelet-coeur-rouge-image-produit.png\" \/>\n\t<meta property=\"og:image:width\" content=\"1350\" \/>\n\t<meta property=\"og:image:height\" content=\"1350\" \/>\n\t<meta property=\"og:image:type\" content=\"image\/png\" \/>\n<meta name=\"twitter:card\" content=\"summary_large_image\" \/>\n<meta name=\"twitter:label1\" content=\"Dur\u00e9e de lecture estim\u00e9e\" \/>\n\t<meta name=\"twitter:data1\" content=\"1 minute\" \/>\n<script type=\"application\/ld+json\" class=\"yoast-schema-graph\">{\"@context\":\"https:\/\/schema.org\",\"@graph\":[{\"@type\":\"WebPage\",\"@id\":\"https:\/\/www.spirit-us.eu\/index.php\/produit\/bracelet-en-jaspe-rouge-brun-chakra-terre\/\",\"url\":\"https:\/\/www.spirit-us.eu\/index.php\/produit\/bracelet-en-jaspe-rouge-brun-chakra-terre\/\",\"name\":\"BRACELET EN JASPE ROUGE-BRUN - chakra terre - Spirit-US\",\"isPartOf\":{\"@id\":\"https:\/\/www.spirit-us.eu\/#website\"},\"primaryImageOfPage\":{\"@id\":\"https:\/\/www.spirit-us.eu\/index.php\/produit\/bracelet-en-jaspe-rouge-brun-chakra-terre\/#primaryimage\"},\"image\":{\"@id\":\"https:\/\/www.spirit-us.eu\/index.php\/produit\/bracelet-en-jaspe-rouge-brun-chakra-terre\/#primaryimage\"},\"thumbnailUrl\":\"https:\/\/www.spirit-us.eu\/wp-content\/uploads\/2025\/07\/bracelet-coeur-rouge-image-produit.png\",\"datePublished\":\"2025-07-11T06:21:10+00:00\",\"dateModified\":\"2025-12-17T09:49:00+00:00\",\"breadcrumb\":{\"@id\":\"https:\/\/www.spirit-us.eu\/index.php\/produit\/bracelet-en-jaspe-rouge-brun-chakra-terre\/#breadcrumb\"},\"inLanguage\":\"fr-FR\",\"potentialAction\":[{\"@type\":\"ReadAction\",\"target\":[\"https:\/\/www.spirit-us.eu\/index.php\/produit\/bracelet-en-jaspe-rouge-brun-chakra-terre\/\"]}]},{\"@type\":\"ImageObject\",\"inLanguage\":\"fr-FR\",\"@id\":\"https:\/\/www.spirit-us.eu\/index.php\/produit\/bracelet-en-jaspe-rouge-brun-chakra-terre\/#primaryimage\",\"url\":\"https:\/\/www.spirit-us.eu\/wp-content\/uploads\/2025\/07\/bracelet-coeur-rouge-image-produit.png\",\"contentUrl\":\"https:\/\/www.spirit-us.eu\/wp-content\/uploads\/2025\/07\/bracelet-coeur-rouge-image-produit.png\",\"width\":1350,\"height\":1350},{\"@type\":\"BreadcrumbList\",\"@id\":\"https:\/\/www.spirit-us.eu\/index.php\/produit\/bracelet-en-jaspe-rouge-brun-chakra-terre\/#breadcrumb\",\"itemListElement\":[{\"@type\":\"ListItem\",\"position\":1,\"name\":\"Accueil\",\"item\":\"https:\/\/www.spirit-us.eu\/\"},{\"@type\":\"ListItem\",\"position\":2,\"name\":\"Boutique\",\"item\":\"https:\/\/www.spirit-us.eu\/index.php\/boutique\/\"},{\"@type\":\"ListItem\",\"position\":3,\"name\":\"BRACELET EN JASPE ROUGE-BRUN &#8211; chakra terre\"}]},{\"@type\":\"WebSite\",\"@id\":\"https:\/\/www.spirit-us.eu\/#website\",\"url\":\"https:\/\/www.spirit-us.eu\/\",\"name\":\"Spirit-US\",\"description\":\"\",\"publisher\":{\"@id\":\"https:\/\/www.spirit-us.eu\/#organization\"},\"potentialAction\":[{\"@type\":\"SearchAction\",\"target\":{\"@type\":\"EntryPoint\",\"urlTemplate\":\"https:\/\/www.spirit-us.eu\/?s={search_term_string}\"},\"query-input\":{\"@type\":\"PropertyValueSpecification\",\"valueRequired\":true,\"valueName\":\"search_term_string\"}}],\"inLanguage\":\"fr-FR\"},{\"@type\":\"Organization\",\"@id\":\"https:\/\/www.spirit-us.eu\/#organization\",\"name\":\"Spirit-US\",\"url\":\"https:\/\/www.spirit-us.eu\/\",\"logo\":{\"@type\":\"ImageObject\",\"inLanguage\":\"fr-FR\",\"@id\":\"https:\/\/www.spirit-us.eu\/#\/schema\/logo\/image\/\",\"url\":\"https:\/\/www.spirit-us.eu\/wp-content\/uploads\/2025\/11\/logo-regarde-linterlocutrice-sans-arrriere-plan.jpg\",\"contentUrl\":\"https:\/\/www.spirit-us.eu\/wp-content\/uploads\/2025\/11\/logo-regarde-linterlocutrice-sans-arrriere-plan.jpg\",\"width\":1080,\"height\":1080,\"caption\":\"Spirit-US\"},\"image\":{\"@id\":\"https:\/\/www.spirit-us.eu\/#\/schema\/logo\/image\/\"},\"sameAs\":[\"https:\/\/www.facebook.com\/spirit.us.deum\"]}]}<\/script>\n<!-- \/ Yoast SEO plugin. -->","yoast_head_json":{"title":"BRACELET EN JASPE ROUGE-BRUN - chakra terre - Spirit-US","robots":{"index":"index","follow":"follow","max-snippet":"max-snippet:-1","max-image-preview":"max-image-preview:large","max-video-preview":"max-video-preview:-1"},"canonical":"https:\/\/www.spirit-us.eu\/index.php\/produit\/bracelet-en-jaspe-rouge-brun-chakra-terre\/","og_locale":"fr_FR","og_type":"article","og_title":"BRACELET EN JASPE ROUGE-BRUN - chakra terre - Spirit-US","og_description":"Bracelet pierre naturelle en perles roul\u00e9es de Jaspe Rouge, de haute qualit\u00e9. Ce bracelet est enti\u00e8rement assembl\u00e9 \u00e0 la main ce qui le rend unique et 100% authentique. Il est agr\u00e9ment\u00e9 d\u2019un c\u0153ur fa\u00e7onn\u00e9 lui aussi \u00e0 la main, ce qui lui conf\u00e8re un aspect plus intimiste et li\u00e9 \u00e0 de bonnes \u00e9motions. Le jaspe rouge est une pierre d\u2019ancrage qui r\u00e9pond aux chakras terrestres\u00a0: l\u2019anneau de vie, l\u2019\u00e9toile Terre et le chakra racine.\u00a0 Le fait de porter la pierre sur soi est stabilisateur, repousse les ondes n\u00e9gatives terrestres (les pollutions nouvelles). C\u2019est un joli cadeau discret \u00e0 se faire si on ressent le besoin de travailler ces aspects de la vie\u00a0; ou \u00e0 faire une personne qu\u2019on souhaite aider \u00e0 se stabiliser, s\u2019enraciner et se recentrer.","og_url":"https:\/\/www.spirit-us.eu\/index.php\/produit\/bracelet-en-jaspe-rouge-brun-chakra-terre\/","og_site_name":"Spirit-US","article_publisher":"https:\/\/www.facebook.com\/spirit.us.deum","article_modified_time":"2025-12-17T09:49:00+00:00","og_image":[{"width":1350,"height":1350,"url":"https:\/\/www.spirit-us.eu\/wp-content\/uploads\/2025\/07\/bracelet-coeur-rouge-image-produit.png","type":"image\/png"}],"twitter_card":"summary_large_image","twitter_misc":{"Dur\u00e9e de lecture estim\u00e9e":"1 minute"},"schema":{"@context":"https:\/\/schema.org","@graph":[{"@type":"WebPage","@id":"https:\/\/www.spirit-us.eu\/index.php\/produit\/bracelet-en-jaspe-rouge-brun-chakra-terre\/","url":"https:\/\/www.spirit-us.eu\/index.php\/produit\/bracelet-en-jaspe-rouge-brun-chakra-terre\/","name":"BRACELET EN JASPE ROUGE-BRUN - chakra terre - Spirit-US","isPartOf":{"@id":"https:\/\/www.spirit-us.eu\/#website"},"primaryImageOfPage":{"@id":"https:\/\/www.spirit-us.eu\/index.php\/produit\/bracelet-en-jaspe-rouge-brun-chakra-terre\/#primaryimage"},"image":{"@id":"https:\/\/www.spirit-us.eu\/index.php\/produit\/bracelet-en-jaspe-rouge-brun-chakra-terre\/#primaryimage"},"thumbnailUrl":"https:\/\/www.spirit-us.eu\/wp-content\/uploads\/2025\/07\/bracelet-coeur-rouge-image-produit.png","datePublished":"2025-07-11T06:21:10+00:00","dateModified":"2025-12-17T09:49:00+00:00","breadcrumb":{"@id":"https:\/\/www.spirit-us.eu\/index.php\/produit\/bracelet-en-jaspe-rouge-brun-chakra-terre\/#breadcrumb"},"inLanguage":"fr-FR","potentialAction":[{"@type":"ReadAction","target":["https:\/\/www.spirit-us.eu\/index.php\/produit\/bracelet-en-jaspe-rouge-brun-chakra-terre\/"]}]},{"@type":"ImageObject","inLanguage":"fr-FR","@id":"https:\/\/www.spirit-us.eu\/index.php\/produit\/bracelet-en-jaspe-rouge-brun-chakra-terre\/#primaryimage","url":"https:\/\/www.spirit-us.eu\/wp-content\/uploads\/2025\/07\/bracelet-coeur-rouge-image-produit.png","contentUrl":"https:\/\/www.spirit-us.eu\/wp-content\/uploads\/2025\/07\/bracelet-coeur-rouge-image-produit.png","width":1350,"height":1350},{"@type":"BreadcrumbList","@id":"https:\/\/www.spirit-us.eu\/index.php\/produit\/bracelet-en-jaspe-rouge-brun-chakra-terre\/#breadcrumb","itemListElement":[{"@type":"ListItem","position":1,"name":"Accueil","item":"https:\/\/www.spirit-us.eu\/"},{"@type":"ListItem","position":2,"name":"Boutique","item":"https:\/\/www.spirit-us.eu\/index.php\/boutique\/"},{"@type":"ListItem","position":3,"name":"BRACELET EN JASPE ROUGE-BRUN &#8211; chakra terre"}]},{"@type":"WebSite","@id":"https:\/\/www.spirit-us.eu\/#website","url":"https:\/\/www.spirit-us.eu\/","name":"Spirit-US","description":"","publisher":{"@id":"https:\/\/www.spirit-us.eu\/#organization"},"potentialAction":[{"@type":"SearchAction","target":{"@type":"EntryPoint","urlTemplate":"https:\/\/www.spirit-us.eu\/?s={search_term_string}"},"query-input":{"@type":"PropertyValueSpecification","valueRequired":true,"valueName":"search_term_string"}}],"inLanguage":"fr-FR"},{"@type":"Organization","@id":"https:\/\/www.spirit-us.eu\/#organization","name":"Spirit-US","url":"https:\/\/www.spirit-us.eu\/","logo":{"@type":"ImageObject","inLanguage":"fr-FR","@id":"https:\/\/www.spirit-us.eu\/#\/schema\/logo\/image\/","url":"https:\/\/www.spirit-us.eu\/wp-content\/uploads\/2025\/11\/logo-regarde-linterlocutrice-sans-arrriere-plan.jpg","contentUrl":"https:\/\/www.spirit-us.eu\/wp-content\/uploads\/2025\/11\/logo-regarde-linterlocutrice-sans-arrriere-plan.jpg","width":1080,"height":1080,"caption":"Spirit-US"},"image":{"@id":"https:\/\/www.spirit-us.eu\/#\/schema\/logo\/image\/"},"sameAs":["https:\/\/www.facebook.com\/spirit.us.deum"]}]}},"jetpack_sharing_enabled":true,"_links":{"self":[{"href":"https:\/\/www.spirit-us.eu\/index.php\/wp-json\/wp\/v2\/product\/1806","targetHints":{"allow":["GET"]}}],"collection":[{"href":"https:\/\/www.spirit-us.eu\/index.php\/wp-json\/wp\/v2\/product"}],"about":[{"href":"https:\/\/www.spirit-us.eu\/index.php\/wp-json\/wp\/v2\/types\/product"}],"replies":[{"embeddable":true,"href":"https:\/\/www.spirit-us.eu\/index.php\/wp-json\/wp\/v2\/comments?post=1806"}],"wp:featuredmedia":[{"embeddable":true,"href":"https:\/\/www.spirit-us.eu\/index.php\/wp-json\/wp\/v2\/media\/1807"}],"wp:attachment":[{"href":"https:\/\/www.spirit-us.eu\/index.php\/wp-json\/wp\/v2\/media?parent=1806"}],"wp:term":[{"taxonomy":"product_brand","embeddable":true,"href":"https:\/\/www.spirit-us.eu\/index.php\/wp-json\/wp\/v2\/product_brand?post=1806"},{"taxonomy":"product_cat","embeddable":true,"href":"https:\/\/www.spirit-us.eu\/index.php\/wp-json\/wp\/v2\/product_cat?post=1806"},{"taxonomy":"product_tag","embeddable":true,"href":"https:\/\/www.spirit-us.eu\/index.php\/wp-json\/wp\/v2\/product_tag?post=1806"},{"taxonomy":"mwb_booking_cost","embeddable":true,"href":"https:\/\/www.spirit-us.eu\/index.php\/wp-json\/wp\/v2\/mwb_booking_cost?post=1806"},{"taxonomy":"mwb_booking_service","embeddable":true,"href":"https:\/\/www.spirit-us.eu\/index.php\/wp-json\/wp\/v2\/mwb_booking_service?post=1806"}],"curies":[{"name":"wp","href":"https:\/\/api.w.org\/{rel}","templated":true}]}}