{"id":1800,"date":"2025-07-10T19:39:51","date_gmt":"2025-07-10T17:39:51","guid":{"rendered":"https:\/\/www.spirit-us.eu\/?post_type=product&#038;p=1800"},"modified":"2025-12-17T10:55:09","modified_gmt":"2025-12-17T09:55:09","slug":"bracelet-en-citrine-chakra-solaire","status":"publish","type":"product","link":"https:\/\/www.spirit-us.eu\/index.php\/produit\/bracelet-en-citrine-chakra-solaire\/","title":{"rendered":"BRACELET EN PIERRE de SOLEIL &#8211; chakra solaire"},"content":{"rendered":"<p><strong>Nature des pierres<\/strong> : pierres naturelles\u00a0 semi-pr\u00e9cieuses<\/p>\n<p><strong>Fa\u00e7on du bijou<\/strong> : pierres roul\u00e9es de fa\u00e7on artisanale \u2013 perles de 8 mm (peut varier l\u00e9g\u00e8rement) \u2013\u00a0 C\u0153ur en pierre de soleil \u2013 mont\u00e9 sur fil \u00e9lastique solide<\/p>\n<p><strong>Couleurs<\/strong> : jaune, nuances dor\u00e9es, orang\u00e9es et grises<\/p>\n<p><strong>Origine<\/strong> : Br\u00e9sil<\/p>\n<p><strong>Dimensions du bijou<\/strong>\u00a0: 21 \u00e0 22 cm<\/p>\n<p>Un cadeau \u00e0 se faire ou un pr\u00e9sent d&rsquo;amour, id\u00e9al pour une personne qui souhaite d\u00e9velopper<\/p>\n<p>&nbsp;<\/p>\n","protected":false},"excerpt":{"rendered":"<p style=\"text-align: justify;\">Ce bracelet est le bijou de l&rsquo;\u00e9nergie vitale \u00e0 l&rsquo;\u00e9tat pur, des hautes vibrations, solaires, lumineuses; il convient parfaitement lorsqu&rsquo;on veut travailler le chakra du plexus solaire harmonieusement.\u00a0 Les vertus qu&rsquo;on pr\u00eate \u00e0 cette pierre semi-pr\u00e9cieuse sont de dissoudre les blocages inconscients, ou physiques, organiques.\u00a0 La pierre de soleil est r\u00e9put\u00e9e pour ses propri\u00e9t\u00e9s \u00e9nergisantes et inspirantes.\u00a0 Elle stimule la joie de vivre et la confiance en soi.\u00a0 Elle est b\u00e9n\u00e9fique pour toute personne cherchant \u00e0 surmonter des blocages et \u00e0 revitaliser leur Esprit.\u00a0 Au plan physique, la pierre de Soleil, particuli\u00e8rement connect\u00e9e aux chakras du plexus et lombaire, aide \u00e0 les \u00e9quilibrer en favorisant une meilleure gestion des \u00e9motions.\u00a0 Un tr\u00e8s beau cadeau \u00e0 faire ou \u00e0 se faire.<\/p>\n","protected":false},"featured_media":1801,"comment_status":"open","ping_status":"closed","template":"","meta":[],"product_brand":[],"product_cat":[156,460,17],"product_tag":[188,245,246,244],"mwb_booking_cost":[],"mwb_booking_service":[],"class_list":{"0":"post-1800","1":"product","2":"type-product","3":"status-publish","4":"has-post-thumbnail","6":"product_cat-04-bijoux","7":"product_cat-bracelets","8":"product_cat-tous-les-produits","9":"product_tag-chakras-collection","10":"product_tag-energie","11":"product_tag-jaune","12":"product_tag-plexus-solaire","14":"first","15":"instock","16":"shipping-taxable","17":"purchasable","18":"product-type-simple"},"yoast_head":"<!-- This site is optimized with the Yoast SEO plugin v27.1.1 - https:\/\/yoast.com\/product\/yoast-seo-wordpress\/ -->\n<title>BRACELET EN PIERRE de SOLEIL - chakra solaire - Spirit-US<\/title>\n<meta name=\"robots\" content=\"index, follow, max-snippet:-1, max-image-preview:large, max-video-preview:-1\" \/>\n<link rel=\"canonical\" href=\"https:\/\/www.spirit-us.eu\/index.php\/produit\/bracelet-en-citrine-chakra-solaire\/\" \/>\n<meta property=\"og:locale\" content=\"fr_FR\" \/>\n<meta property=\"og:type\" content=\"article\" \/>\n<meta property=\"og:title\" content=\"BRACELET EN PIERRE de SOLEIL - chakra solaire - Spirit-US\" \/>\n<meta property=\"og:description\" content=\"Ce bracelet est le bijou de l&#039;\u00e9nergie vitale \u00e0 l&#039;\u00e9tat pur, des hautes vibrations, solaires, lumineuses; il convient parfaitement lorsqu&#039;on veut travailler le chakra du plexus solaire harmonieusement.\u00a0 Les vertus qu&#039;on pr\u00eate \u00e0 cette pierre semi-pr\u00e9cieuse sont de dissoudre les blocages inconscients, ou physiques, organiques.\u00a0 La pierre de soleil est r\u00e9put\u00e9e pour ses propri\u00e9t\u00e9s \u00e9nergisantes et inspirantes.\u00a0 Elle stimule la joie de vivre et la confiance en soi.\u00a0 Elle est b\u00e9n\u00e9fique pour toute personne cherchant \u00e0 surmonter des blocages et \u00e0 revitaliser leur Esprit.\u00a0 Au plan physique, la pierre de Soleil, particuli\u00e8rement connect\u00e9e aux chakras du plexus et lombaire, aide \u00e0 les \u00e9quilibrer en favorisant une meilleure gestion des \u00e9motions.\u00a0 Un tr\u00e8s beau cadeau \u00e0 faire ou \u00e0 se faire.\" \/>\n<meta property=\"og:url\" content=\"https:\/\/www.spirit-us.eu\/index.php\/produit\/bracelet-en-citrine-chakra-solaire\/\" \/>\n<meta property=\"og:site_name\" content=\"Spirit-US\" \/>\n<meta property=\"article:publisher\" content=\"https:\/\/www.facebook.com\/spirit.us.deum\" \/>\n<meta property=\"article:modified_time\" content=\"2025-12-17T09:55:09+00:00\" \/>\n<meta property=\"og:image\" content=\"https:\/\/www.spirit-us.eu\/wp-content\/uploads\/2025\/07\/bracelet-coeur-jaune.png\" \/>\n\t<meta property=\"og:image:width\" content=\"609\" \/>\n\t<meta property=\"og:image:height\" content=\"592\" \/>\n\t<meta property=\"og:image:type\" content=\"image\/png\" \/>\n<meta name=\"twitter:card\" content=\"summary_large_image\" \/>\n<meta name=\"twitter:label1\" content=\"Dur\u00e9e de lecture estim\u00e9e\" \/>\n\t<meta name=\"twitter:data1\" content=\"1 minute\" \/>\n<script type=\"application\/ld+json\" class=\"yoast-schema-graph\">{\"@context\":\"https:\/\/schema.org\",\"@graph\":[{\"@type\":\"WebPage\",\"@id\":\"https:\/\/www.spirit-us.eu\/index.php\/produit\/bracelet-en-citrine-chakra-solaire\/\",\"url\":\"https:\/\/www.spirit-us.eu\/index.php\/produit\/bracelet-en-citrine-chakra-solaire\/\",\"name\":\"BRACELET EN PIERRE de SOLEIL - chakra solaire - Spirit-US\",\"isPartOf\":{\"@id\":\"https:\/\/www.spirit-us.eu\/#website\"},\"primaryImageOfPage\":{\"@id\":\"https:\/\/www.spirit-us.eu\/index.php\/produit\/bracelet-en-citrine-chakra-solaire\/#primaryimage\"},\"image\":{\"@id\":\"https:\/\/www.spirit-us.eu\/index.php\/produit\/bracelet-en-citrine-chakra-solaire\/#primaryimage\"},\"thumbnailUrl\":\"https:\/\/www.spirit-us.eu\/wp-content\/uploads\/2025\/07\/bracelet-coeur-jaune.png\",\"datePublished\":\"2025-07-10T17:39:51+00:00\",\"dateModified\":\"2025-12-17T09:55:09+00:00\",\"breadcrumb\":{\"@id\":\"https:\/\/www.spirit-us.eu\/index.php\/produit\/bracelet-en-citrine-chakra-solaire\/#breadcrumb\"},\"inLanguage\":\"fr-FR\",\"potentialAction\":[{\"@type\":\"ReadAction\",\"target\":[\"https:\/\/www.spirit-us.eu\/index.php\/produit\/bracelet-en-citrine-chakra-solaire\/\"]}]},{\"@type\":\"ImageObject\",\"inLanguage\":\"fr-FR\",\"@id\":\"https:\/\/www.spirit-us.eu\/index.php\/produit\/bracelet-en-citrine-chakra-solaire\/#primaryimage\",\"url\":\"https:\/\/www.spirit-us.eu\/wp-content\/uploads\/2025\/07\/bracelet-coeur-jaune.png\",\"contentUrl\":\"https:\/\/www.spirit-us.eu\/wp-content\/uploads\/2025\/07\/bracelet-coeur-jaune.png\",\"width\":609,\"height\":592},{\"@type\":\"BreadcrumbList\",\"@id\":\"https:\/\/www.spirit-us.eu\/index.php\/produit\/bracelet-en-citrine-chakra-solaire\/#breadcrumb\",\"itemListElement\":[{\"@type\":\"ListItem\",\"position\":1,\"name\":\"Accueil\",\"item\":\"https:\/\/www.spirit-us.eu\/\"},{\"@type\":\"ListItem\",\"position\":2,\"name\":\"Boutique\",\"item\":\"https:\/\/www.spirit-us.eu\/index.php\/boutique\/\"},{\"@type\":\"ListItem\",\"position\":3,\"name\":\"BRACELET EN PIERRE de SOLEIL &#8211; chakra solaire\"}]},{\"@type\":\"WebSite\",\"@id\":\"https:\/\/www.spirit-us.eu\/#website\",\"url\":\"https:\/\/www.spirit-us.eu\/\",\"name\":\"Spirit-US\",\"description\":\"\",\"publisher\":{\"@id\":\"https:\/\/www.spirit-us.eu\/#organization\"},\"potentialAction\":[{\"@type\":\"SearchAction\",\"target\":{\"@type\":\"EntryPoint\",\"urlTemplate\":\"https:\/\/www.spirit-us.eu\/?s={search_term_string}\"},\"query-input\":{\"@type\":\"PropertyValueSpecification\",\"valueRequired\":true,\"valueName\":\"search_term_string\"}}],\"inLanguage\":\"fr-FR\"},{\"@type\":\"Organization\",\"@id\":\"https:\/\/www.spirit-us.eu\/#organization\",\"name\":\"Spirit-US\",\"url\":\"https:\/\/www.spirit-us.eu\/\",\"logo\":{\"@type\":\"ImageObject\",\"inLanguage\":\"fr-FR\",\"@id\":\"https:\/\/www.spirit-us.eu\/#\/schema\/logo\/image\/\",\"url\":\"https:\/\/www.spirit-us.eu\/wp-content\/uploads\/2025\/11\/logo-regarde-linterlocutrice-sans-arrriere-plan.jpg\",\"contentUrl\":\"https:\/\/www.spirit-us.eu\/wp-content\/uploads\/2025\/11\/logo-regarde-linterlocutrice-sans-arrriere-plan.jpg\",\"width\":1080,\"height\":1080,\"caption\":\"Spirit-US\"},\"image\":{\"@id\":\"https:\/\/www.spirit-us.eu\/#\/schema\/logo\/image\/\"},\"sameAs\":[\"https:\/\/www.facebook.com\/spirit.us.deum\"]}]}<\/script>\n<!-- \/ Yoast SEO plugin. -->","yoast_head_json":{"title":"BRACELET EN PIERRE de SOLEIL - chakra solaire - Spirit-US","robots":{"index":"index","follow":"follow","max-snippet":"max-snippet:-1","max-image-preview":"max-image-preview:large","max-video-preview":"max-video-preview:-1"},"canonical":"https:\/\/www.spirit-us.eu\/index.php\/produit\/bracelet-en-citrine-chakra-solaire\/","og_locale":"fr_FR","og_type":"article","og_title":"BRACELET EN PIERRE de SOLEIL - chakra solaire - Spirit-US","og_description":"Ce bracelet est le bijou de l'\u00e9nergie vitale \u00e0 l'\u00e9tat pur, des hautes vibrations, solaires, lumineuses; il convient parfaitement lorsqu'on veut travailler le chakra du plexus solaire harmonieusement.\u00a0 Les vertus qu'on pr\u00eate \u00e0 cette pierre semi-pr\u00e9cieuse sont de dissoudre les blocages inconscients, ou physiques, organiques.\u00a0 La pierre de soleil est r\u00e9put\u00e9e pour ses propri\u00e9t\u00e9s \u00e9nergisantes et inspirantes.\u00a0 Elle stimule la joie de vivre et la confiance en soi.\u00a0 Elle est b\u00e9n\u00e9fique pour toute personne cherchant \u00e0 surmonter des blocages et \u00e0 revitaliser leur Esprit.\u00a0 Au plan physique, la pierre de Soleil, particuli\u00e8rement connect\u00e9e aux chakras du plexus et lombaire, aide \u00e0 les \u00e9quilibrer en favorisant une meilleure gestion des \u00e9motions.\u00a0 Un tr\u00e8s beau cadeau \u00e0 faire ou \u00e0 se faire.","og_url":"https:\/\/www.spirit-us.eu\/index.php\/produit\/bracelet-en-citrine-chakra-solaire\/","og_site_name":"Spirit-US","article_publisher":"https:\/\/www.facebook.com\/spirit.us.deum","article_modified_time":"2025-12-17T09:55:09+00:00","og_image":[{"width":609,"height":592,"url":"https:\/\/www.spirit-us.eu\/wp-content\/uploads\/2025\/07\/bracelet-coeur-jaune.png","type":"image\/png"}],"twitter_card":"summary_large_image","twitter_misc":{"Dur\u00e9e de lecture estim\u00e9e":"1 minute"},"schema":{"@context":"https:\/\/schema.org","@graph":[{"@type":"WebPage","@id":"https:\/\/www.spirit-us.eu\/index.php\/produit\/bracelet-en-citrine-chakra-solaire\/","url":"https:\/\/www.spirit-us.eu\/index.php\/produit\/bracelet-en-citrine-chakra-solaire\/","name":"BRACELET EN PIERRE de SOLEIL - chakra solaire - Spirit-US","isPartOf":{"@id":"https:\/\/www.spirit-us.eu\/#website"},"primaryImageOfPage":{"@id":"https:\/\/www.spirit-us.eu\/index.php\/produit\/bracelet-en-citrine-chakra-solaire\/#primaryimage"},"image":{"@id":"https:\/\/www.spirit-us.eu\/index.php\/produit\/bracelet-en-citrine-chakra-solaire\/#primaryimage"},"thumbnailUrl":"https:\/\/www.spirit-us.eu\/wp-content\/uploads\/2025\/07\/bracelet-coeur-jaune.png","datePublished":"2025-07-10T17:39:51+00:00","dateModified":"2025-12-17T09:55:09+00:00","breadcrumb":{"@id":"https:\/\/www.spirit-us.eu\/index.php\/produit\/bracelet-en-citrine-chakra-solaire\/#breadcrumb"},"inLanguage":"fr-FR","potentialAction":[{"@type":"ReadAction","target":["https:\/\/www.spirit-us.eu\/index.php\/produit\/bracelet-en-citrine-chakra-solaire\/"]}]},{"@type":"ImageObject","inLanguage":"fr-FR","@id":"https:\/\/www.spirit-us.eu\/index.php\/produit\/bracelet-en-citrine-chakra-solaire\/#primaryimage","url":"https:\/\/www.spirit-us.eu\/wp-content\/uploads\/2025\/07\/bracelet-coeur-jaune.png","contentUrl":"https:\/\/www.spirit-us.eu\/wp-content\/uploads\/2025\/07\/bracelet-coeur-jaune.png","width":609,"height":592},{"@type":"BreadcrumbList","@id":"https:\/\/www.spirit-us.eu\/index.php\/produit\/bracelet-en-citrine-chakra-solaire\/#breadcrumb","itemListElement":[{"@type":"ListItem","position":1,"name":"Accueil","item":"https:\/\/www.spirit-us.eu\/"},{"@type":"ListItem","position":2,"name":"Boutique","item":"https:\/\/www.spirit-us.eu\/index.php\/boutique\/"},{"@type":"ListItem","position":3,"name":"BRACELET EN PIERRE de SOLEIL &#8211; chakra solaire"}]},{"@type":"WebSite","@id":"https:\/\/www.spirit-us.eu\/#website","url":"https:\/\/www.spirit-us.eu\/","name":"Spirit-US","description":"","publisher":{"@id":"https:\/\/www.spirit-us.eu\/#organization"},"potentialAction":[{"@type":"SearchAction","target":{"@type":"EntryPoint","urlTemplate":"https:\/\/www.spirit-us.eu\/?s={search_term_string}"},"query-input":{"@type":"PropertyValueSpecification","valueRequired":true,"valueName":"search_term_string"}}],"inLanguage":"fr-FR"},{"@type":"Organization","@id":"https:\/\/www.spirit-us.eu\/#organization","name":"Spirit-US","url":"https:\/\/www.spirit-us.eu\/","logo":{"@type":"ImageObject","inLanguage":"fr-FR","@id":"https:\/\/www.spirit-us.eu\/#\/schema\/logo\/image\/","url":"https:\/\/www.spirit-us.eu\/wp-content\/uploads\/2025\/11\/logo-regarde-linterlocutrice-sans-arrriere-plan.jpg","contentUrl":"https:\/\/www.spirit-us.eu\/wp-content\/uploads\/2025\/11\/logo-regarde-linterlocutrice-sans-arrriere-plan.jpg","width":1080,"height":1080,"caption":"Spirit-US"},"image":{"@id":"https:\/\/www.spirit-us.eu\/#\/schema\/logo\/image\/"},"sameAs":["https:\/\/www.facebook.com\/spirit.us.deum"]}]}},"jetpack_sharing_enabled":true,"_links":{"self":[{"href":"https:\/\/www.spirit-us.eu\/index.php\/wp-json\/wp\/v2\/product\/1800","targetHints":{"allow":["GET"]}}],"collection":[{"href":"https:\/\/www.spirit-us.eu\/index.php\/wp-json\/wp\/v2\/product"}],"about":[{"href":"https:\/\/www.spirit-us.eu\/index.php\/wp-json\/wp\/v2\/types\/product"}],"replies":[{"embeddable":true,"href":"https:\/\/www.spirit-us.eu\/index.php\/wp-json\/wp\/v2\/comments?post=1800"}],"wp:featuredmedia":[{"embeddable":true,"href":"https:\/\/www.spirit-us.eu\/index.php\/wp-json\/wp\/v2\/media\/1801"}],"wp:attachment":[{"href":"https:\/\/www.spirit-us.eu\/index.php\/wp-json\/wp\/v2\/media?parent=1800"}],"wp:term":[{"taxonomy":"product_brand","embeddable":true,"href":"https:\/\/www.spirit-us.eu\/index.php\/wp-json\/wp\/v2\/product_brand?post=1800"},{"taxonomy":"product_cat","embeddable":true,"href":"https:\/\/www.spirit-us.eu\/index.php\/wp-json\/wp\/v2\/product_cat?post=1800"},{"taxonomy":"product_tag","embeddable":true,"href":"https:\/\/www.spirit-us.eu\/index.php\/wp-json\/wp\/v2\/product_tag?post=1800"},{"taxonomy":"mwb_booking_cost","embeddable":true,"href":"https:\/\/www.spirit-us.eu\/index.php\/wp-json\/wp\/v2\/mwb_booking_cost?post=1800"},{"taxonomy":"mwb_booking_service","embeddable":true,"href":"https:\/\/www.spirit-us.eu\/index.php\/wp-json\/wp\/v2\/mwb_booking_service?post=1800"}],"curies":[{"name":"wp","href":"https:\/\/api.w.org\/{rel}","templated":true}]}}