{"id":1794,"date":"2025-07-10T17:20:52","date_gmt":"2025-07-10T15:20:52","guid":{"rendered":"https:\/\/www.spirit-us.eu\/?post_type=product&#038;p=1794"},"modified":"2025-12-17T10:49:21","modified_gmt":"2025-12-17T09:49:21","slug":"bracelet-en-aventurine-chakra-du-coeur","status":"publish","type":"product","link":"https:\/\/www.spirit-us.eu\/index.php\/produit\/bracelet-en-aventurine-chakra-du-coeur\/","title":{"rendered":"BRACELET EN AVENTURINE &#8211; chakra du C\u0153ur"},"content":{"rendered":"<p><strong>Nature des pierres<\/strong> : pierres naturelles en avanturine &#8211; pierres semi-pr\u00e9cieuses<\/p>\n<p><strong>Fa\u00e7on du bijou<\/strong> : pierres roul\u00e9es de fa\u00e7on artisanale \u2013 perles de 8 mm (peut varier l\u00e9g\u00e8rement) \u2013\u00a0 C\u0153ur en aventurine \u2013 mont\u00e9 sur fil \u00e9lastique solide<\/p>\n<p><strong>Couleurs<\/strong> : vert \/ nuances de vert profond<\/p>\n<p><strong>Origine<\/strong> : Br\u00e9sil<\/p>\n<p><strong>Dimensions du bijou<\/strong>\u00a0: 21 \u00e0 22 cm<\/p>\n<p>Un cadeau \u00e0 se faire ou un pr\u00e9sent d&rsquo;amour, id\u00e9al pour une personne qui souhaite d\u00e9velopper<\/p>\n<p>&nbsp;<\/p>\n","protected":false},"excerpt":{"rendered":"<p style=\"text-align: justify;\">L&rsquo;aventurine verte est r\u00e9put\u00e9e pour ses vertus apaisantes et \u00e9quilibrantes. Elle est consid\u00e9r\u00e9e comme \u00e9tant capable d&rsquo;attirer la chance et de favoriser la prosp\u00e9rit\u00e9. Elle est \u00e9galement connue pour apporter calme, s\u00e9r\u00e9nit\u00e9 et harmonie \u00e9motionnelle \u00e0 ceux qui la portent. Elle stimule, dit-on, la cr\u00e9ativit\u00e9 et favorise la confiance en soi, permettant ainsi de prendre des d\u00e9cisions avec assurance. L&rsquo;aventurine, avec ses nuances verdoyantes, est r\u00e9put\u00e9e pour ses vertus \u00e9motionnelles apaisantes et r\u00e9confortantes. En lithoth\u00e9rapie, elle est consid\u00e9r\u00e9e comme C\u2019est une alli\u00e9e de choix pour retrouver l&rsquo;\u00e9quilibre int\u00e9rieur et favoriser le bien-\u00eatre \u00e9motionnel. Elle dissipe les tensions et les angoisses du quotidien. En portant une aventurine, on peut ressentir un sentiment de calme et de s\u00e9r\u00e9nit\u00e9 profonde. C&rsquo;est une pierre qui aide \u00e0 mieux g\u00e9rer les \u00e9motions, en encourageant une attitude plus positive et optimiste. La porter en bracelet ajoute une touche \u00e9l\u00e9gante et douce \u00e0 tout type de tenue vestimentaire. Le d\u00e9tail du c\u0153ur positionn\u00e9 entre les perles ajoute un c\u00f4t\u00e9 intimiste.<\/p>\n","protected":false},"featured_media":1805,"comment_status":"open","ping_status":"closed","template":"","meta":[],"product_brand":[],"product_cat":[156,460,17],"product_tag":[241,242,240,243,239],"mwb_booking_cost":[],"mwb_booking_service":[],"class_list":{"0":"post-1794","1":"product","2":"type-product","3":"status-publish","4":"has-post-thumbnail","6":"product_cat-04-bijoux","7":"product_cat-bracelets","8":"product_cat-tous-les-produits","9":"product_tag-anti-addictions","10":"product_tag-exorcisme","11":"product_tag-purification","12":"product_tag-sobriete","13":"product_tag-violet","15":"first","16":"instock","17":"shipping-taxable","18":"purchasable","19":"product-type-simple"},"yoast_head":"<!-- This site is optimized with the Yoast SEO plugin v27.1.1 - https:\/\/yoast.com\/product\/yoast-seo-wordpress\/ -->\n<title>BRACELET EN AVENTURINE - chakra du C\u0153ur - Spirit-US<\/title>\n<meta name=\"robots\" content=\"index, follow, max-snippet:-1, max-image-preview:large, max-video-preview:-1\" \/>\n<link rel=\"canonical\" href=\"https:\/\/www.spirit-us.eu\/index.php\/produit\/bracelet-en-aventurine-chakra-du-coeur\/\" \/>\n<meta property=\"og:locale\" content=\"fr_FR\" \/>\n<meta property=\"og:type\" content=\"article\" \/>\n<meta property=\"og:title\" content=\"BRACELET EN AVENTURINE - chakra du C\u0153ur - Spirit-US\" \/>\n<meta property=\"og:description\" content=\"L&#039;aventurine verte est r\u00e9put\u00e9e pour ses vertus apaisantes et \u00e9quilibrantes. Elle est consid\u00e9r\u00e9e comme \u00e9tant capable d&#039;attirer la chance et de favoriser la prosp\u00e9rit\u00e9. Elle est \u00e9galement connue pour apporter calme, s\u00e9r\u00e9nit\u00e9 et harmonie \u00e9motionnelle \u00e0 ceux qui la portent. Elle stimule, dit-on, la cr\u00e9ativit\u00e9 et favorise la confiance en soi, permettant ainsi de prendre des d\u00e9cisions avec assurance. L&#039;aventurine, avec ses nuances verdoyantes, est r\u00e9put\u00e9e pour ses vertus \u00e9motionnelles apaisantes et r\u00e9confortantes. En lithoth\u00e9rapie, elle est consid\u00e9r\u00e9e comme C\u2019est une alli\u00e9e de choix pour retrouver l&#039;\u00e9quilibre int\u00e9rieur et favoriser le bien-\u00eatre \u00e9motionnel. Elle dissipe les tensions et les angoisses du quotidien. En portant une aventurine, on peut ressentir un sentiment de calme et de s\u00e9r\u00e9nit\u00e9 profonde. C&#039;est une pierre qui aide \u00e0 mieux g\u00e9rer les \u00e9motions, en encourageant une attitude plus positive et optimiste. La porter en bracelet ajoute une touche \u00e9l\u00e9gante et douce \u00e0 tout type de tenue vestimentaire. Le d\u00e9tail du c\u0153ur positionn\u00e9 entre les perles ajoute un c\u00f4t\u00e9 intimiste.\" \/>\n<meta property=\"og:url\" content=\"https:\/\/www.spirit-us.eu\/index.php\/produit\/bracelet-en-aventurine-chakra-du-coeur\/\" \/>\n<meta property=\"og:site_name\" content=\"Spirit-US\" \/>\n<meta property=\"article:publisher\" content=\"https:\/\/www.facebook.com\/spirit.us.deum\" \/>\n<meta property=\"article:modified_time\" content=\"2025-12-17T09:49:21+00:00\" \/>\n<meta property=\"og:image\" content=\"https:\/\/www.spirit-us.eu\/wp-content\/uploads\/2025\/07\/bracelet-coeur-aventurine-image-produit-provisoire.png\" \/>\n\t<meta property=\"og:image:width\" content=\"1080\" \/>\n\t<meta property=\"og:image:height\" content=\"1080\" \/>\n\t<meta property=\"og:image:type\" content=\"image\/png\" \/>\n<meta name=\"twitter:card\" content=\"summary_large_image\" \/>\n<script type=\"application\/ld+json\" class=\"yoast-schema-graph\">{\"@context\":\"https:\/\/schema.org\",\"@graph\":[{\"@type\":\"WebPage\",\"@id\":\"https:\/\/www.spirit-us.eu\/index.php\/produit\/bracelet-en-aventurine-chakra-du-coeur\/\",\"url\":\"https:\/\/www.spirit-us.eu\/index.php\/produit\/bracelet-en-aventurine-chakra-du-coeur\/\",\"name\":\"BRACELET EN AVENTURINE - chakra du C\u0153ur - Spirit-US\",\"isPartOf\":{\"@id\":\"https:\/\/www.spirit-us.eu\/#website\"},\"primaryImageOfPage\":{\"@id\":\"https:\/\/www.spirit-us.eu\/index.php\/produit\/bracelet-en-aventurine-chakra-du-coeur\/#primaryimage\"},\"image\":{\"@id\":\"https:\/\/www.spirit-us.eu\/index.php\/produit\/bracelet-en-aventurine-chakra-du-coeur\/#primaryimage\"},\"thumbnailUrl\":\"https:\/\/www.spirit-us.eu\/wp-content\/uploads\/2025\/07\/bracelet-coeur-aventurine-image-produit-provisoire.png\",\"datePublished\":\"2025-07-10T15:20:52+00:00\",\"dateModified\":\"2025-12-17T09:49:21+00:00\",\"breadcrumb\":{\"@id\":\"https:\/\/www.spirit-us.eu\/index.php\/produit\/bracelet-en-aventurine-chakra-du-coeur\/#breadcrumb\"},\"inLanguage\":\"fr-FR\",\"potentialAction\":[{\"@type\":\"ReadAction\",\"target\":[\"https:\/\/www.spirit-us.eu\/index.php\/produit\/bracelet-en-aventurine-chakra-du-coeur\/\"]}]},{\"@type\":\"ImageObject\",\"inLanguage\":\"fr-FR\",\"@id\":\"https:\/\/www.spirit-us.eu\/index.php\/produit\/bracelet-en-aventurine-chakra-du-coeur\/#primaryimage\",\"url\":\"https:\/\/www.spirit-us.eu\/wp-content\/uploads\/2025\/07\/bracelet-coeur-aventurine-image-produit-provisoire.png\",\"contentUrl\":\"https:\/\/www.spirit-us.eu\/wp-content\/uploads\/2025\/07\/bracelet-coeur-aventurine-image-produit-provisoire.png\",\"width\":1080,\"height\":1080},{\"@type\":\"BreadcrumbList\",\"@id\":\"https:\/\/www.spirit-us.eu\/index.php\/produit\/bracelet-en-aventurine-chakra-du-coeur\/#breadcrumb\",\"itemListElement\":[{\"@type\":\"ListItem\",\"position\":1,\"name\":\"Accueil\",\"item\":\"https:\/\/www.spirit-us.eu\/\"},{\"@type\":\"ListItem\",\"position\":2,\"name\":\"Boutique\",\"item\":\"https:\/\/www.spirit-us.eu\/index.php\/boutique\/\"},{\"@type\":\"ListItem\",\"position\":3,\"name\":\"BRACELET EN AVENTURINE &#8211; chakra du C\u0153ur\"}]},{\"@type\":\"WebSite\",\"@id\":\"https:\/\/www.spirit-us.eu\/#website\",\"url\":\"https:\/\/www.spirit-us.eu\/\",\"name\":\"Spirit-US\",\"description\":\"\",\"publisher\":{\"@id\":\"https:\/\/www.spirit-us.eu\/#organization\"},\"potentialAction\":[{\"@type\":\"SearchAction\",\"target\":{\"@type\":\"EntryPoint\",\"urlTemplate\":\"https:\/\/www.spirit-us.eu\/?s={search_term_string}\"},\"query-input\":{\"@type\":\"PropertyValueSpecification\",\"valueRequired\":true,\"valueName\":\"search_term_string\"}}],\"inLanguage\":\"fr-FR\"},{\"@type\":\"Organization\",\"@id\":\"https:\/\/www.spirit-us.eu\/#organization\",\"name\":\"Spirit-US\",\"url\":\"https:\/\/www.spirit-us.eu\/\",\"logo\":{\"@type\":\"ImageObject\",\"inLanguage\":\"fr-FR\",\"@id\":\"https:\/\/www.spirit-us.eu\/#\/schema\/logo\/image\/\",\"url\":\"https:\/\/www.spirit-us.eu\/wp-content\/uploads\/2025\/11\/logo-regarde-linterlocutrice-sans-arrriere-plan.jpg\",\"contentUrl\":\"https:\/\/www.spirit-us.eu\/wp-content\/uploads\/2025\/11\/logo-regarde-linterlocutrice-sans-arrriere-plan.jpg\",\"width\":1080,\"height\":1080,\"caption\":\"Spirit-US\"},\"image\":{\"@id\":\"https:\/\/www.spirit-us.eu\/#\/schema\/logo\/image\/\"},\"sameAs\":[\"https:\/\/www.facebook.com\/spirit.us.deum\"]}]}<\/script>\n<!-- \/ Yoast SEO plugin. -->","yoast_head_json":{"title":"BRACELET EN AVENTURINE - chakra du C\u0153ur - Spirit-US","robots":{"index":"index","follow":"follow","max-snippet":"max-snippet:-1","max-image-preview":"max-image-preview:large","max-video-preview":"max-video-preview:-1"},"canonical":"https:\/\/www.spirit-us.eu\/index.php\/produit\/bracelet-en-aventurine-chakra-du-coeur\/","og_locale":"fr_FR","og_type":"article","og_title":"BRACELET EN AVENTURINE - chakra du C\u0153ur - Spirit-US","og_description":"L'aventurine verte est r\u00e9put\u00e9e pour ses vertus apaisantes et \u00e9quilibrantes. Elle est consid\u00e9r\u00e9e comme \u00e9tant capable d'attirer la chance et de favoriser la prosp\u00e9rit\u00e9. Elle est \u00e9galement connue pour apporter calme, s\u00e9r\u00e9nit\u00e9 et harmonie \u00e9motionnelle \u00e0 ceux qui la portent. Elle stimule, dit-on, la cr\u00e9ativit\u00e9 et favorise la confiance en soi, permettant ainsi de prendre des d\u00e9cisions avec assurance. L'aventurine, avec ses nuances verdoyantes, est r\u00e9put\u00e9e pour ses vertus \u00e9motionnelles apaisantes et r\u00e9confortantes. En lithoth\u00e9rapie, elle est consid\u00e9r\u00e9e comme C\u2019est une alli\u00e9e de choix pour retrouver l'\u00e9quilibre int\u00e9rieur et favoriser le bien-\u00eatre \u00e9motionnel. Elle dissipe les tensions et les angoisses du quotidien. En portant une aventurine, on peut ressentir un sentiment de calme et de s\u00e9r\u00e9nit\u00e9 profonde. C'est une pierre qui aide \u00e0 mieux g\u00e9rer les \u00e9motions, en encourageant une attitude plus positive et optimiste. La porter en bracelet ajoute une touche \u00e9l\u00e9gante et douce \u00e0 tout type de tenue vestimentaire. Le d\u00e9tail du c\u0153ur positionn\u00e9 entre les perles ajoute un c\u00f4t\u00e9 intimiste.","og_url":"https:\/\/www.spirit-us.eu\/index.php\/produit\/bracelet-en-aventurine-chakra-du-coeur\/","og_site_name":"Spirit-US","article_publisher":"https:\/\/www.facebook.com\/spirit.us.deum","article_modified_time":"2025-12-17T09:49:21+00:00","og_image":[{"width":1080,"height":1080,"url":"https:\/\/www.spirit-us.eu\/wp-content\/uploads\/2025\/07\/bracelet-coeur-aventurine-image-produit-provisoire.png","type":"image\/png"}],"twitter_card":"summary_large_image","schema":{"@context":"https:\/\/schema.org","@graph":[{"@type":"WebPage","@id":"https:\/\/www.spirit-us.eu\/index.php\/produit\/bracelet-en-aventurine-chakra-du-coeur\/","url":"https:\/\/www.spirit-us.eu\/index.php\/produit\/bracelet-en-aventurine-chakra-du-coeur\/","name":"BRACELET EN AVENTURINE - chakra du C\u0153ur - Spirit-US","isPartOf":{"@id":"https:\/\/www.spirit-us.eu\/#website"},"primaryImageOfPage":{"@id":"https:\/\/www.spirit-us.eu\/index.php\/produit\/bracelet-en-aventurine-chakra-du-coeur\/#primaryimage"},"image":{"@id":"https:\/\/www.spirit-us.eu\/index.php\/produit\/bracelet-en-aventurine-chakra-du-coeur\/#primaryimage"},"thumbnailUrl":"https:\/\/www.spirit-us.eu\/wp-content\/uploads\/2025\/07\/bracelet-coeur-aventurine-image-produit-provisoire.png","datePublished":"2025-07-10T15:20:52+00:00","dateModified":"2025-12-17T09:49:21+00:00","breadcrumb":{"@id":"https:\/\/www.spirit-us.eu\/index.php\/produit\/bracelet-en-aventurine-chakra-du-coeur\/#breadcrumb"},"inLanguage":"fr-FR","potentialAction":[{"@type":"ReadAction","target":["https:\/\/www.spirit-us.eu\/index.php\/produit\/bracelet-en-aventurine-chakra-du-coeur\/"]}]},{"@type":"ImageObject","inLanguage":"fr-FR","@id":"https:\/\/www.spirit-us.eu\/index.php\/produit\/bracelet-en-aventurine-chakra-du-coeur\/#primaryimage","url":"https:\/\/www.spirit-us.eu\/wp-content\/uploads\/2025\/07\/bracelet-coeur-aventurine-image-produit-provisoire.png","contentUrl":"https:\/\/www.spirit-us.eu\/wp-content\/uploads\/2025\/07\/bracelet-coeur-aventurine-image-produit-provisoire.png","width":1080,"height":1080},{"@type":"BreadcrumbList","@id":"https:\/\/www.spirit-us.eu\/index.php\/produit\/bracelet-en-aventurine-chakra-du-coeur\/#breadcrumb","itemListElement":[{"@type":"ListItem","position":1,"name":"Accueil","item":"https:\/\/www.spirit-us.eu\/"},{"@type":"ListItem","position":2,"name":"Boutique","item":"https:\/\/www.spirit-us.eu\/index.php\/boutique\/"},{"@type":"ListItem","position":3,"name":"BRACELET EN AVENTURINE &#8211; chakra du C\u0153ur"}]},{"@type":"WebSite","@id":"https:\/\/www.spirit-us.eu\/#website","url":"https:\/\/www.spirit-us.eu\/","name":"Spirit-US","description":"","publisher":{"@id":"https:\/\/www.spirit-us.eu\/#organization"},"potentialAction":[{"@type":"SearchAction","target":{"@type":"EntryPoint","urlTemplate":"https:\/\/www.spirit-us.eu\/?s={search_term_string}"},"query-input":{"@type":"PropertyValueSpecification","valueRequired":true,"valueName":"search_term_string"}}],"inLanguage":"fr-FR"},{"@type":"Organization","@id":"https:\/\/www.spirit-us.eu\/#organization","name":"Spirit-US","url":"https:\/\/www.spirit-us.eu\/","logo":{"@type":"ImageObject","inLanguage":"fr-FR","@id":"https:\/\/www.spirit-us.eu\/#\/schema\/logo\/image\/","url":"https:\/\/www.spirit-us.eu\/wp-content\/uploads\/2025\/11\/logo-regarde-linterlocutrice-sans-arrriere-plan.jpg","contentUrl":"https:\/\/www.spirit-us.eu\/wp-content\/uploads\/2025\/11\/logo-regarde-linterlocutrice-sans-arrriere-plan.jpg","width":1080,"height":1080,"caption":"Spirit-US"},"image":{"@id":"https:\/\/www.spirit-us.eu\/#\/schema\/logo\/image\/"},"sameAs":["https:\/\/www.facebook.com\/spirit.us.deum"]}]}},"jetpack_sharing_enabled":true,"_links":{"self":[{"href":"https:\/\/www.spirit-us.eu\/index.php\/wp-json\/wp\/v2\/product\/1794","targetHints":{"allow":["GET"]}}],"collection":[{"href":"https:\/\/www.spirit-us.eu\/index.php\/wp-json\/wp\/v2\/product"}],"about":[{"href":"https:\/\/www.spirit-us.eu\/index.php\/wp-json\/wp\/v2\/types\/product"}],"replies":[{"embeddable":true,"href":"https:\/\/www.spirit-us.eu\/index.php\/wp-json\/wp\/v2\/comments?post=1794"}],"wp:featuredmedia":[{"embeddable":true,"href":"https:\/\/www.spirit-us.eu\/index.php\/wp-json\/wp\/v2\/media\/1805"}],"wp:attachment":[{"href":"https:\/\/www.spirit-us.eu\/index.php\/wp-json\/wp\/v2\/media?parent=1794"}],"wp:term":[{"taxonomy":"product_brand","embeddable":true,"href":"https:\/\/www.spirit-us.eu\/index.php\/wp-json\/wp\/v2\/product_brand?post=1794"},{"taxonomy":"product_cat","embeddable":true,"href":"https:\/\/www.spirit-us.eu\/index.php\/wp-json\/wp\/v2\/product_cat?post=1794"},{"taxonomy":"product_tag","embeddable":true,"href":"https:\/\/www.spirit-us.eu\/index.php\/wp-json\/wp\/v2\/product_tag?post=1794"},{"taxonomy":"mwb_booking_cost","embeddable":true,"href":"https:\/\/www.spirit-us.eu\/index.php\/wp-json\/wp\/v2\/mwb_booking_cost?post=1794"},{"taxonomy":"mwb_booking_service","embeddable":true,"href":"https:\/\/www.spirit-us.eu\/index.php\/wp-json\/wp\/v2\/mwb_booking_service?post=1794"}],"curies":[{"name":"wp","href":"https:\/\/api.w.org\/{rel}","templated":true}]}}