{"id":1789,"date":"2025-07-10T16:09:47","date_gmt":"2025-07-10T14:09:47","guid":{"rendered":"https:\/\/www.spirit-us.eu\/?post_type=product&#038;p=1789"},"modified":"2025-12-17T10:49:33","modified_gmt":"2025-12-17T09:49:33","slug":"bracelet-en-amethyste-chakra-du-3eme-oeil","status":"publish","type":"product","link":"https:\/\/www.spirit-us.eu\/index.php\/produit\/bracelet-en-amethyste-chakra-du-3eme-oeil\/","title":{"rendered":"BRACELET EN AMETHYSTE &#8211; chakra du 3\u00e8me \u0153il"},"content":{"rendered":"<p><strong>Nature des pierres<\/strong> : pierres naturelles d&rsquo;am\u00e9thyste &#8211; pierres semi-pr\u00e9cieuses<\/p>\n<p><strong>Fa\u00e7on du bijou<\/strong> : pierres roul\u00e9es de fa\u00e7on artisanale \u2013 perles de 8 mm (peut varier l\u00e9g\u00e8rement) \u2013 coeur en pierre d&rsquo;am\u00e9thyste \u2013 mont\u00e9 sur fil \u00e9lastique solide<\/p>\n<p><strong>Couleurs<\/strong> : violet<\/p>\n<p><strong>Origine<\/strong> : Br\u00e9sil<\/p>\n<p><strong>Dimensions du bijou<\/strong>\u00a0: 21 \u00e0 22 cm<\/p>\n<p>Un cadeau \u00e0 se faire ou un pr\u00e9sent d&rsquo;amour, id\u00e9al pour une personne qui souhaite d\u00e9velopper son intuition, sa clairvoyance et purifier ses champs \u00e9nerg\u00e9tiques.<\/p>\n<p>&nbsp;<\/p>\n","protected":false},"excerpt":{"rendered":"<p style=\"text-align: justify;\">Tr\u00e8s joli bracelet en pierres naturelles semi-pr\u00e9cieuses.\u00a0 C\u2019est la pierre de la sobri\u00e9t\u00e9, qui a sa place dans la mythologie grecque.\u00a0 La nymphe Am\u00e9thystos refusant les avances du dieu l\u2019ivresse et de la d\u00e9mesure, fut transform\u00e9e en cristal pour lui \u00e9chapper.\u00a0 Fou de col\u00e8re, Dyonisos renversa son vin sur le cristal qui dor\u00e9navant fut color\u00e9 de violet.\u00a0 Symbole de l\u2019abondance divine et de la spiritualit\u00e9, l\u2019am\u00e9thyste est consid\u00e9r\u00e9e dans la Bible comme un symbole de puret\u00e9, de fid\u00e9lit\u00e9.\u00a0 Elle a la couleur de l\u2019\u00e9tole des exorcistes. Les \u00e9nergies de cette pierre, port\u00e9e en bracelet d\u00e9tendent les muscles moteurs contract\u00e9s par le stress. On lui attribue la vertu de lutter contre les addictions, lib\u00e9rant le corps de la d\u00e9pendance. Un tr\u00e8s joli cadeau \u00e0 faire ou \u00e0 se faire.<\/p>\n","protected":false},"featured_media":1799,"comment_status":"open","ping_status":"closed","template":"","meta":[],"product_brand":[],"product_cat":[156,460,17],"product_tag":[241,242,240,243,239],"mwb_booking_cost":[],"mwb_booking_service":[],"class_list":{"0":"post-1789","1":"product","2":"type-product","3":"status-publish","4":"has-post-thumbnail","6":"product_cat-04-bijoux","7":"product_cat-bracelets","8":"product_cat-tous-les-produits","9":"product_tag-anti-addictions","10":"product_tag-exorcisme","11":"product_tag-purification","12":"product_tag-sobriete","13":"product_tag-violet","15":"first","16":"instock","17":"shipping-taxable","18":"purchasable","19":"product-type-simple"},"yoast_head":"<!-- This site is optimized with the Yoast SEO plugin v27.1.1 - https:\/\/yoast.com\/product\/yoast-seo-wordpress\/ -->\n<title>BRACELET EN AMETHYSTE - chakra du 3\u00e8me \u0153il - Spirit-US<\/title>\n<meta name=\"robots\" content=\"index, follow, max-snippet:-1, max-image-preview:large, max-video-preview:-1\" \/>\n<link rel=\"canonical\" href=\"https:\/\/www.spirit-us.eu\/index.php\/produit\/bracelet-en-amethyste-chakra-du-3eme-oeil\/\" \/>\n<meta property=\"og:locale\" content=\"fr_FR\" \/>\n<meta property=\"og:type\" content=\"article\" \/>\n<meta property=\"og:title\" content=\"BRACELET EN AMETHYSTE - chakra du 3\u00e8me \u0153il - Spirit-US\" \/>\n<meta property=\"og:description\" content=\"Tr\u00e8s joli bracelet en pierres naturelles semi-pr\u00e9cieuses.\u00a0 C\u2019est la pierre de la sobri\u00e9t\u00e9, qui a sa place dans la mythologie grecque.\u00a0 La nymphe Am\u00e9thystos refusant les avances du dieu l\u2019ivresse et de la d\u00e9mesure, fut transform\u00e9e en cristal pour lui \u00e9chapper.\u00a0 Fou de col\u00e8re, Dyonisos renversa son vin sur le cristal qui dor\u00e9navant fut color\u00e9 de violet.\u00a0 Symbole de l\u2019abondance divine et de la spiritualit\u00e9, l\u2019am\u00e9thyste est consid\u00e9r\u00e9e dans la Bible comme un symbole de puret\u00e9, de fid\u00e9lit\u00e9.\u00a0 Elle a la couleur de l\u2019\u00e9tole des exorcistes. Les \u00e9nergies de cette pierre, port\u00e9e en bracelet d\u00e9tendent les muscles moteurs contract\u00e9s par le stress. On lui attribue la vertu de lutter contre les addictions, lib\u00e9rant le corps de la d\u00e9pendance. Un tr\u00e8s joli cadeau \u00e0 faire ou \u00e0 se faire.\" \/>\n<meta property=\"og:url\" content=\"https:\/\/www.spirit-us.eu\/index.php\/produit\/bracelet-en-amethyste-chakra-du-3eme-oeil\/\" \/>\n<meta property=\"og:site_name\" content=\"Spirit-US\" \/>\n<meta property=\"article:publisher\" content=\"https:\/\/www.facebook.com\/spirit.us.deum\" \/>\n<meta property=\"article:modified_time\" content=\"2025-12-17T09:49:33+00:00\" \/>\n<meta property=\"og:image\" content=\"https:\/\/www.spirit-us.eu\/wp-content\/uploads\/2025\/07\/bracelet-amethyste-image-produit-coeur.png\" \/>\n\t<meta property=\"og:image:width\" content=\"1080\" \/>\n\t<meta property=\"og:image:height\" content=\"1080\" \/>\n\t<meta property=\"og:image:type\" content=\"image\/png\" \/>\n<meta name=\"twitter:card\" content=\"summary_large_image\" \/>\n<script type=\"application\/ld+json\" class=\"yoast-schema-graph\">{\"@context\":\"https:\/\/schema.org\",\"@graph\":[{\"@type\":\"WebPage\",\"@id\":\"https:\/\/www.spirit-us.eu\/index.php\/produit\/bracelet-en-amethyste-chakra-du-3eme-oeil\/\",\"url\":\"https:\/\/www.spirit-us.eu\/index.php\/produit\/bracelet-en-amethyste-chakra-du-3eme-oeil\/\",\"name\":\"BRACELET EN AMETHYSTE - chakra du 3\u00e8me \u0153il - Spirit-US\",\"isPartOf\":{\"@id\":\"https:\/\/www.spirit-us.eu\/#website\"},\"primaryImageOfPage\":{\"@id\":\"https:\/\/www.spirit-us.eu\/index.php\/produit\/bracelet-en-amethyste-chakra-du-3eme-oeil\/#primaryimage\"},\"image\":{\"@id\":\"https:\/\/www.spirit-us.eu\/index.php\/produit\/bracelet-en-amethyste-chakra-du-3eme-oeil\/#primaryimage\"},\"thumbnailUrl\":\"https:\/\/www.spirit-us.eu\/wp-content\/uploads\/2025\/07\/bracelet-amethyste-image-produit-coeur.png\",\"datePublished\":\"2025-07-10T14:09:47+00:00\",\"dateModified\":\"2025-12-17T09:49:33+00:00\",\"breadcrumb\":{\"@id\":\"https:\/\/www.spirit-us.eu\/index.php\/produit\/bracelet-en-amethyste-chakra-du-3eme-oeil\/#breadcrumb\"},\"inLanguage\":\"fr-FR\",\"potentialAction\":[{\"@type\":\"ReadAction\",\"target\":[\"https:\/\/www.spirit-us.eu\/index.php\/produit\/bracelet-en-amethyste-chakra-du-3eme-oeil\/\"]}]},{\"@type\":\"ImageObject\",\"inLanguage\":\"fr-FR\",\"@id\":\"https:\/\/www.spirit-us.eu\/index.php\/produit\/bracelet-en-amethyste-chakra-du-3eme-oeil\/#primaryimage\",\"url\":\"https:\/\/www.spirit-us.eu\/wp-content\/uploads\/2025\/07\/bracelet-amethyste-image-produit-coeur.png\",\"contentUrl\":\"https:\/\/www.spirit-us.eu\/wp-content\/uploads\/2025\/07\/bracelet-amethyste-image-produit-coeur.png\",\"width\":1080,\"height\":1080},{\"@type\":\"BreadcrumbList\",\"@id\":\"https:\/\/www.spirit-us.eu\/index.php\/produit\/bracelet-en-amethyste-chakra-du-3eme-oeil\/#breadcrumb\",\"itemListElement\":[{\"@type\":\"ListItem\",\"position\":1,\"name\":\"Accueil\",\"item\":\"https:\/\/www.spirit-us.eu\/\"},{\"@type\":\"ListItem\",\"position\":2,\"name\":\"Boutique\",\"item\":\"https:\/\/www.spirit-us.eu\/index.php\/boutique\/\"},{\"@type\":\"ListItem\",\"position\":3,\"name\":\"BRACELET EN AMETHYSTE &#8211; chakra du 3\u00e8me \u0153il\"}]},{\"@type\":\"WebSite\",\"@id\":\"https:\/\/www.spirit-us.eu\/#website\",\"url\":\"https:\/\/www.spirit-us.eu\/\",\"name\":\"Spirit-US\",\"description\":\"\",\"publisher\":{\"@id\":\"https:\/\/www.spirit-us.eu\/#organization\"},\"potentialAction\":[{\"@type\":\"SearchAction\",\"target\":{\"@type\":\"EntryPoint\",\"urlTemplate\":\"https:\/\/www.spirit-us.eu\/?s={search_term_string}\"},\"query-input\":{\"@type\":\"PropertyValueSpecification\",\"valueRequired\":true,\"valueName\":\"search_term_string\"}}],\"inLanguage\":\"fr-FR\"},{\"@type\":\"Organization\",\"@id\":\"https:\/\/www.spirit-us.eu\/#organization\",\"name\":\"Spirit-US\",\"url\":\"https:\/\/www.spirit-us.eu\/\",\"logo\":{\"@type\":\"ImageObject\",\"inLanguage\":\"fr-FR\",\"@id\":\"https:\/\/www.spirit-us.eu\/#\/schema\/logo\/image\/\",\"url\":\"https:\/\/www.spirit-us.eu\/wp-content\/uploads\/2025\/11\/logo-regarde-linterlocutrice-sans-arrriere-plan.jpg\",\"contentUrl\":\"https:\/\/www.spirit-us.eu\/wp-content\/uploads\/2025\/11\/logo-regarde-linterlocutrice-sans-arrriere-plan.jpg\",\"width\":1080,\"height\":1080,\"caption\":\"Spirit-US\"},\"image\":{\"@id\":\"https:\/\/www.spirit-us.eu\/#\/schema\/logo\/image\/\"},\"sameAs\":[\"https:\/\/www.facebook.com\/spirit.us.deum\"]}]}<\/script>\n<!-- \/ Yoast SEO plugin. -->","yoast_head_json":{"title":"BRACELET EN AMETHYSTE - chakra du 3\u00e8me \u0153il - Spirit-US","robots":{"index":"index","follow":"follow","max-snippet":"max-snippet:-1","max-image-preview":"max-image-preview:large","max-video-preview":"max-video-preview:-1"},"canonical":"https:\/\/www.spirit-us.eu\/index.php\/produit\/bracelet-en-amethyste-chakra-du-3eme-oeil\/","og_locale":"fr_FR","og_type":"article","og_title":"BRACELET EN AMETHYSTE - chakra du 3\u00e8me \u0153il - Spirit-US","og_description":"Tr\u00e8s joli bracelet en pierres naturelles semi-pr\u00e9cieuses.\u00a0 C\u2019est la pierre de la sobri\u00e9t\u00e9, qui a sa place dans la mythologie grecque.\u00a0 La nymphe Am\u00e9thystos refusant les avances du dieu l\u2019ivresse et de la d\u00e9mesure, fut transform\u00e9e en cristal pour lui \u00e9chapper.\u00a0 Fou de col\u00e8re, Dyonisos renversa son vin sur le cristal qui dor\u00e9navant fut color\u00e9 de violet.\u00a0 Symbole de l\u2019abondance divine et de la spiritualit\u00e9, l\u2019am\u00e9thyste est consid\u00e9r\u00e9e dans la Bible comme un symbole de puret\u00e9, de fid\u00e9lit\u00e9.\u00a0 Elle a la couleur de l\u2019\u00e9tole des exorcistes. Les \u00e9nergies de cette pierre, port\u00e9e en bracelet d\u00e9tendent les muscles moteurs contract\u00e9s par le stress. On lui attribue la vertu de lutter contre les addictions, lib\u00e9rant le corps de la d\u00e9pendance. Un tr\u00e8s joli cadeau \u00e0 faire ou \u00e0 se faire.","og_url":"https:\/\/www.spirit-us.eu\/index.php\/produit\/bracelet-en-amethyste-chakra-du-3eme-oeil\/","og_site_name":"Spirit-US","article_publisher":"https:\/\/www.facebook.com\/spirit.us.deum","article_modified_time":"2025-12-17T09:49:33+00:00","og_image":[{"width":1080,"height":1080,"url":"https:\/\/www.spirit-us.eu\/wp-content\/uploads\/2025\/07\/bracelet-amethyste-image-produit-coeur.png","type":"image\/png"}],"twitter_card":"summary_large_image","schema":{"@context":"https:\/\/schema.org","@graph":[{"@type":"WebPage","@id":"https:\/\/www.spirit-us.eu\/index.php\/produit\/bracelet-en-amethyste-chakra-du-3eme-oeil\/","url":"https:\/\/www.spirit-us.eu\/index.php\/produit\/bracelet-en-amethyste-chakra-du-3eme-oeil\/","name":"BRACELET EN AMETHYSTE - chakra du 3\u00e8me \u0153il - Spirit-US","isPartOf":{"@id":"https:\/\/www.spirit-us.eu\/#website"},"primaryImageOfPage":{"@id":"https:\/\/www.spirit-us.eu\/index.php\/produit\/bracelet-en-amethyste-chakra-du-3eme-oeil\/#primaryimage"},"image":{"@id":"https:\/\/www.spirit-us.eu\/index.php\/produit\/bracelet-en-amethyste-chakra-du-3eme-oeil\/#primaryimage"},"thumbnailUrl":"https:\/\/www.spirit-us.eu\/wp-content\/uploads\/2025\/07\/bracelet-amethyste-image-produit-coeur.png","datePublished":"2025-07-10T14:09:47+00:00","dateModified":"2025-12-17T09:49:33+00:00","breadcrumb":{"@id":"https:\/\/www.spirit-us.eu\/index.php\/produit\/bracelet-en-amethyste-chakra-du-3eme-oeil\/#breadcrumb"},"inLanguage":"fr-FR","potentialAction":[{"@type":"ReadAction","target":["https:\/\/www.spirit-us.eu\/index.php\/produit\/bracelet-en-amethyste-chakra-du-3eme-oeil\/"]}]},{"@type":"ImageObject","inLanguage":"fr-FR","@id":"https:\/\/www.spirit-us.eu\/index.php\/produit\/bracelet-en-amethyste-chakra-du-3eme-oeil\/#primaryimage","url":"https:\/\/www.spirit-us.eu\/wp-content\/uploads\/2025\/07\/bracelet-amethyste-image-produit-coeur.png","contentUrl":"https:\/\/www.spirit-us.eu\/wp-content\/uploads\/2025\/07\/bracelet-amethyste-image-produit-coeur.png","width":1080,"height":1080},{"@type":"BreadcrumbList","@id":"https:\/\/www.spirit-us.eu\/index.php\/produit\/bracelet-en-amethyste-chakra-du-3eme-oeil\/#breadcrumb","itemListElement":[{"@type":"ListItem","position":1,"name":"Accueil","item":"https:\/\/www.spirit-us.eu\/"},{"@type":"ListItem","position":2,"name":"Boutique","item":"https:\/\/www.spirit-us.eu\/index.php\/boutique\/"},{"@type":"ListItem","position":3,"name":"BRACELET EN AMETHYSTE &#8211; chakra du 3\u00e8me \u0153il"}]},{"@type":"WebSite","@id":"https:\/\/www.spirit-us.eu\/#website","url":"https:\/\/www.spirit-us.eu\/","name":"Spirit-US","description":"","publisher":{"@id":"https:\/\/www.spirit-us.eu\/#organization"},"potentialAction":[{"@type":"SearchAction","target":{"@type":"EntryPoint","urlTemplate":"https:\/\/www.spirit-us.eu\/?s={search_term_string}"},"query-input":{"@type":"PropertyValueSpecification","valueRequired":true,"valueName":"search_term_string"}}],"inLanguage":"fr-FR"},{"@type":"Organization","@id":"https:\/\/www.spirit-us.eu\/#organization","name":"Spirit-US","url":"https:\/\/www.spirit-us.eu\/","logo":{"@type":"ImageObject","inLanguage":"fr-FR","@id":"https:\/\/www.spirit-us.eu\/#\/schema\/logo\/image\/","url":"https:\/\/www.spirit-us.eu\/wp-content\/uploads\/2025\/11\/logo-regarde-linterlocutrice-sans-arrriere-plan.jpg","contentUrl":"https:\/\/www.spirit-us.eu\/wp-content\/uploads\/2025\/11\/logo-regarde-linterlocutrice-sans-arrriere-plan.jpg","width":1080,"height":1080,"caption":"Spirit-US"},"image":{"@id":"https:\/\/www.spirit-us.eu\/#\/schema\/logo\/image\/"},"sameAs":["https:\/\/www.facebook.com\/spirit.us.deum"]}]}},"jetpack_sharing_enabled":true,"_links":{"self":[{"href":"https:\/\/www.spirit-us.eu\/index.php\/wp-json\/wp\/v2\/product\/1789","targetHints":{"allow":["GET"]}}],"collection":[{"href":"https:\/\/www.spirit-us.eu\/index.php\/wp-json\/wp\/v2\/product"}],"about":[{"href":"https:\/\/www.spirit-us.eu\/index.php\/wp-json\/wp\/v2\/types\/product"}],"replies":[{"embeddable":true,"href":"https:\/\/www.spirit-us.eu\/index.php\/wp-json\/wp\/v2\/comments?post=1789"}],"wp:featuredmedia":[{"embeddable":true,"href":"https:\/\/www.spirit-us.eu\/index.php\/wp-json\/wp\/v2\/media\/1799"}],"wp:attachment":[{"href":"https:\/\/www.spirit-us.eu\/index.php\/wp-json\/wp\/v2\/media?parent=1789"}],"wp:term":[{"taxonomy":"product_brand","embeddable":true,"href":"https:\/\/www.spirit-us.eu\/index.php\/wp-json\/wp\/v2\/product_brand?post=1789"},{"taxonomy":"product_cat","embeddable":true,"href":"https:\/\/www.spirit-us.eu\/index.php\/wp-json\/wp\/v2\/product_cat?post=1789"},{"taxonomy":"product_tag","embeddable":true,"href":"https:\/\/www.spirit-us.eu\/index.php\/wp-json\/wp\/v2\/product_tag?post=1789"},{"taxonomy":"mwb_booking_cost","embeddable":true,"href":"https:\/\/www.spirit-us.eu\/index.php\/wp-json\/wp\/v2\/mwb_booking_cost?post=1789"},{"taxonomy":"mwb_booking_service","embeddable":true,"href":"https:\/\/www.spirit-us.eu\/index.php\/wp-json\/wp\/v2\/mwb_booking_service?post=1789"}],"curies":[{"name":"wp","href":"https:\/\/api.w.org\/{rel}","templated":true}]}}