{"id":1784,"date":"2025-07-10T15:43:13","date_gmt":"2025-07-10T13:43:13","guid":{"rendered":"https:\/\/www.spirit-us.eu\/?post_type=product&#038;p=1784"},"modified":"2025-12-17T10:49:43","modified_gmt":"2025-12-17T09:49:43","slug":"bracelet-en-aigue-marine-chakra-de-la-gorge","status":"publish","type":"product","link":"https:\/\/www.spirit-us.eu\/index.php\/produit\/bracelet-en-aigue-marine-chakra-de-la-gorge\/","title":{"rendered":"BRACELET EN AIGUE MARINE \u2013 chakra de la gorge"},"content":{"rendered":"<p><strong>Nature des pierres<\/strong> : pierres naturelles, perles baroques (8mm \u00e0 3 mm de longueur) &#8211; pierre semi-pr\u00e9cieuse<\/p>\n<p><strong>Fa\u00e7on du bijou<\/strong>\u00a0: bracelet 100% artisanal, mont\u00e9 sur \u00e9lastique<\/p>\n<p><strong>Couleurs<\/strong> : translucides &#8211;\u00a0 bleut\u00e9e, bleu clair, bleu plus prononc\u00e9, grise, reflets argent\u00e9s<\/p>\n<p><strong>Origine<\/strong> : Br\u00e9sil<\/p>\n<p><strong>Dimensions du bijou<\/strong>\u00a0: 21 \u00e0 22 cm<\/p>\n<p><strong>Histoire\u00a0<\/strong>: l&rsquo;aigue marine signifie en latin\u00a0<em>eau de la mer<\/em>.\u00a0 On la consid\u00e9rait comme apaisante, favorisant la communication et prot\u00e9geant des dangers de la mer.\u00a0 On l&rsquo;associe m\u00eame aux Sir\u00e8nes, gardiennes des tr\u00e9sors enfouis dans la mer.\u00a0 C&rsquo;est aussi une pierre porte-bonheur qu&rsquo;on porte en collier ou en bracelets, mont\u00e9e en bague ou en pendants d&rsquo;oreilles.<\/p>\n<p><em>Une id\u00e9e de synergie ? Combin\u00e9 \u00e0 la pierre de lune, ce joli bracelet devient plus puissant : cette synergie permet de renforcer les liens humains positifs et appelle la bonne communication avec les diff\u00e9rents plans \u00e9nerg\u00e9tiques.<\/em><\/p>\n","protected":false},"excerpt":{"rendered":"<p style=\"text-align: justify;\">Tr\u00e8s joli bracelet en aigue-marine, 100% artisanal (il n&rsquo;y a donc pas deux bracelets semblables).\u00a0 On attribue \u00e0 l&rsquo;aigue-marine les vertus suivantes : soulagement des douleurs, consolidation des liens amicaux et amoureux, aide contre la d\u00e9pression et la solitude, favorisant la communication, attach\u00e9e au chakra de la gorge, ou encore r\u00e9gulant la circulation \u00e9nerg\u00e9tique et sanguine. Dans de nombreuses cultures, elle est la pierre gu\u00e9risseuse qui servait autrefois d&rsquo;antidote aux empoisonnements ou aux troubles oculaires.\u00a0 De nos jours, on peut la porter pour ses vertus, mais aussi simplement, pour sa beaut\u00e9 naturelle et simple. Un joli cadeau pour une femme, ou une maman aim\u00e9es.<\/p>\n","protected":false},"featured_media":1787,"comment_status":"open","ping_status":"closed","template":"","meta":[],"product_brand":[],"product_cat":[156,460,17],"product_tag":[167,178,237,238,230],"mwb_booking_cost":[],"mwb_booking_service":[],"class_list":{"0":"post-1784","1":"product","2":"type-product","3":"status-publish","4":"has-post-thumbnail","6":"product_cat-04-bijoux","7":"product_cat-bracelets","8":"product_cat-tous-les-produits","9":"product_tag-bleu","10":"product_tag-chakra-gorge","11":"product_tag-communication","12":"product_tag-liens-positifs","13":"product_tag-synergies","15":"first","16":"instock","17":"shipping-taxable","18":"purchasable","19":"product-type-simple"},"yoast_head":"<!-- This site is optimized with the Yoast SEO plugin v27.1.1 - https:\/\/yoast.com\/product\/yoast-seo-wordpress\/ -->\n<title>BRACELET EN AIGUE MARINE \u2013 chakra de la gorge - Spirit-US<\/title>\n<meta name=\"robots\" content=\"index, follow, max-snippet:-1, max-image-preview:large, max-video-preview:-1\" \/>\n<link rel=\"canonical\" href=\"https:\/\/www.spirit-us.eu\/index.php\/produit\/bracelet-en-aigue-marine-chakra-de-la-gorge\/\" \/>\n<meta property=\"og:locale\" content=\"fr_FR\" \/>\n<meta property=\"og:type\" content=\"article\" \/>\n<meta property=\"og:title\" content=\"BRACELET EN AIGUE MARINE \u2013 chakra de la gorge - Spirit-US\" \/>\n<meta property=\"og:description\" content=\"Tr\u00e8s joli bracelet en aigue-marine, 100% artisanal (il n&#039;y a donc pas deux bracelets semblables).\u00a0 On attribue \u00e0 l&#039;aigue-marine les vertus suivantes : soulagement des douleurs, consolidation des liens amicaux et amoureux, aide contre la d\u00e9pression et la solitude, favorisant la communication, attach\u00e9e au chakra de la gorge, ou encore r\u00e9gulant la circulation \u00e9nerg\u00e9tique et sanguine. Dans de nombreuses cultures, elle est la pierre gu\u00e9risseuse qui servait autrefois d&#039;antidote aux empoisonnements ou aux troubles oculaires.\u00a0 De nos jours, on peut la porter pour ses vertus, mais aussi simplement, pour sa beaut\u00e9 naturelle et simple. Un joli cadeau pour une femme, ou une maman aim\u00e9es.\" \/>\n<meta property=\"og:url\" content=\"https:\/\/www.spirit-us.eu\/index.php\/produit\/bracelet-en-aigue-marine-chakra-de-la-gorge\/\" \/>\n<meta property=\"og:site_name\" content=\"Spirit-US\" \/>\n<meta property=\"article:publisher\" content=\"https:\/\/www.facebook.com\/spirit.us.deum\" \/>\n<meta property=\"article:modified_time\" content=\"2025-12-17T09:49:43+00:00\" \/>\n<meta property=\"og:image\" content=\"https:\/\/www.spirit-us.eu\/wp-content\/uploads\/2025\/07\/bracelet-baroque-en-aigue-marine-image-produit-1024x1024.png\" \/>\n\t<meta property=\"og:image:width\" content=\"1024\" \/>\n\t<meta property=\"og:image:height\" content=\"1024\" \/>\n\t<meta property=\"og:image:type\" content=\"image\/png\" \/>\n<meta name=\"twitter:card\" content=\"summary_large_image\" \/>\n<meta name=\"twitter:label1\" content=\"Dur\u00e9e de lecture estim\u00e9e\" \/>\n\t<meta name=\"twitter:data1\" content=\"1 minute\" \/>\n<script type=\"application\/ld+json\" class=\"yoast-schema-graph\">{\"@context\":\"https:\/\/schema.org\",\"@graph\":[{\"@type\":\"WebPage\",\"@id\":\"https:\/\/www.spirit-us.eu\/index.php\/produit\/bracelet-en-aigue-marine-chakra-de-la-gorge\/\",\"url\":\"https:\/\/www.spirit-us.eu\/index.php\/produit\/bracelet-en-aigue-marine-chakra-de-la-gorge\/\",\"name\":\"BRACELET EN AIGUE MARINE \u2013 chakra de la gorge - Spirit-US\",\"isPartOf\":{\"@id\":\"https:\/\/www.spirit-us.eu\/#website\"},\"primaryImageOfPage\":{\"@id\":\"https:\/\/www.spirit-us.eu\/index.php\/produit\/bracelet-en-aigue-marine-chakra-de-la-gorge\/#primaryimage\"},\"image\":{\"@id\":\"https:\/\/www.spirit-us.eu\/index.php\/produit\/bracelet-en-aigue-marine-chakra-de-la-gorge\/#primaryimage\"},\"thumbnailUrl\":\"https:\/\/www.spirit-us.eu\/wp-content\/uploads\/2025\/07\/bracelet-baroque-en-aigue-marine-image-produit.png\",\"datePublished\":\"2025-07-10T13:43:13+00:00\",\"dateModified\":\"2025-12-17T09:49:43+00:00\",\"breadcrumb\":{\"@id\":\"https:\/\/www.spirit-us.eu\/index.php\/produit\/bracelet-en-aigue-marine-chakra-de-la-gorge\/#breadcrumb\"},\"inLanguage\":\"fr-FR\",\"potentialAction\":[{\"@type\":\"ReadAction\",\"target\":[\"https:\/\/www.spirit-us.eu\/index.php\/produit\/bracelet-en-aigue-marine-chakra-de-la-gorge\/\"]}]},{\"@type\":\"ImageObject\",\"inLanguage\":\"fr-FR\",\"@id\":\"https:\/\/www.spirit-us.eu\/index.php\/produit\/bracelet-en-aigue-marine-chakra-de-la-gorge\/#primaryimage\",\"url\":\"https:\/\/www.spirit-us.eu\/wp-content\/uploads\/2025\/07\/bracelet-baroque-en-aigue-marine-image-produit.png\",\"contentUrl\":\"https:\/\/www.spirit-us.eu\/wp-content\/uploads\/2025\/07\/bracelet-baroque-en-aigue-marine-image-produit.png\",\"width\":1080,\"height\":1080},{\"@type\":\"BreadcrumbList\",\"@id\":\"https:\/\/www.spirit-us.eu\/index.php\/produit\/bracelet-en-aigue-marine-chakra-de-la-gorge\/#breadcrumb\",\"itemListElement\":[{\"@type\":\"ListItem\",\"position\":1,\"name\":\"Accueil\",\"item\":\"https:\/\/www.spirit-us.eu\/\"},{\"@type\":\"ListItem\",\"position\":2,\"name\":\"Boutique\",\"item\":\"https:\/\/www.spirit-us.eu\/index.php\/boutique\/\"},{\"@type\":\"ListItem\",\"position\":3,\"name\":\"BRACELET EN AIGUE MARINE \u2013 chakra de la gorge\"}]},{\"@type\":\"WebSite\",\"@id\":\"https:\/\/www.spirit-us.eu\/#website\",\"url\":\"https:\/\/www.spirit-us.eu\/\",\"name\":\"Spirit-US\",\"description\":\"\",\"publisher\":{\"@id\":\"https:\/\/www.spirit-us.eu\/#organization\"},\"potentialAction\":[{\"@type\":\"SearchAction\",\"target\":{\"@type\":\"EntryPoint\",\"urlTemplate\":\"https:\/\/www.spirit-us.eu\/?s={search_term_string}\"},\"query-input\":{\"@type\":\"PropertyValueSpecification\",\"valueRequired\":true,\"valueName\":\"search_term_string\"}}],\"inLanguage\":\"fr-FR\"},{\"@type\":\"Organization\",\"@id\":\"https:\/\/www.spirit-us.eu\/#organization\",\"name\":\"Spirit-US\",\"url\":\"https:\/\/www.spirit-us.eu\/\",\"logo\":{\"@type\":\"ImageObject\",\"inLanguage\":\"fr-FR\",\"@id\":\"https:\/\/www.spirit-us.eu\/#\/schema\/logo\/image\/\",\"url\":\"https:\/\/www.spirit-us.eu\/wp-content\/uploads\/2025\/11\/logo-regarde-linterlocutrice-sans-arrriere-plan.jpg\",\"contentUrl\":\"https:\/\/www.spirit-us.eu\/wp-content\/uploads\/2025\/11\/logo-regarde-linterlocutrice-sans-arrriere-plan.jpg\",\"width\":1080,\"height\":1080,\"caption\":\"Spirit-US\"},\"image\":{\"@id\":\"https:\/\/www.spirit-us.eu\/#\/schema\/logo\/image\/\"},\"sameAs\":[\"https:\/\/www.facebook.com\/spirit.us.deum\"]}]}<\/script>\n<!-- \/ Yoast SEO plugin. -->","yoast_head_json":{"title":"BRACELET EN AIGUE MARINE \u2013 chakra de la gorge - Spirit-US","robots":{"index":"index","follow":"follow","max-snippet":"max-snippet:-1","max-image-preview":"max-image-preview:large","max-video-preview":"max-video-preview:-1"},"canonical":"https:\/\/www.spirit-us.eu\/index.php\/produit\/bracelet-en-aigue-marine-chakra-de-la-gorge\/","og_locale":"fr_FR","og_type":"article","og_title":"BRACELET EN AIGUE MARINE \u2013 chakra de la gorge - Spirit-US","og_description":"Tr\u00e8s joli bracelet en aigue-marine, 100% artisanal (il n'y a donc pas deux bracelets semblables).\u00a0 On attribue \u00e0 l'aigue-marine les vertus suivantes : soulagement des douleurs, consolidation des liens amicaux et amoureux, aide contre la d\u00e9pression et la solitude, favorisant la communication, attach\u00e9e au chakra de la gorge, ou encore r\u00e9gulant la circulation \u00e9nerg\u00e9tique et sanguine. Dans de nombreuses cultures, elle est la pierre gu\u00e9risseuse qui servait autrefois d'antidote aux empoisonnements ou aux troubles oculaires.\u00a0 De nos jours, on peut la porter pour ses vertus, mais aussi simplement, pour sa beaut\u00e9 naturelle et simple. Un joli cadeau pour une femme, ou une maman aim\u00e9es.","og_url":"https:\/\/www.spirit-us.eu\/index.php\/produit\/bracelet-en-aigue-marine-chakra-de-la-gorge\/","og_site_name":"Spirit-US","article_publisher":"https:\/\/www.facebook.com\/spirit.us.deum","article_modified_time":"2025-12-17T09:49:43+00:00","og_image":[{"width":1024,"height":1024,"url":"https:\/\/www.spirit-us.eu\/wp-content\/uploads\/2025\/07\/bracelet-baroque-en-aigue-marine-image-produit-1024x1024.png","type":"image\/png"}],"twitter_card":"summary_large_image","twitter_misc":{"Dur\u00e9e de lecture estim\u00e9e":"1 minute"},"schema":{"@context":"https:\/\/schema.org","@graph":[{"@type":"WebPage","@id":"https:\/\/www.spirit-us.eu\/index.php\/produit\/bracelet-en-aigue-marine-chakra-de-la-gorge\/","url":"https:\/\/www.spirit-us.eu\/index.php\/produit\/bracelet-en-aigue-marine-chakra-de-la-gorge\/","name":"BRACELET EN AIGUE MARINE \u2013 chakra de la gorge - Spirit-US","isPartOf":{"@id":"https:\/\/www.spirit-us.eu\/#website"},"primaryImageOfPage":{"@id":"https:\/\/www.spirit-us.eu\/index.php\/produit\/bracelet-en-aigue-marine-chakra-de-la-gorge\/#primaryimage"},"image":{"@id":"https:\/\/www.spirit-us.eu\/index.php\/produit\/bracelet-en-aigue-marine-chakra-de-la-gorge\/#primaryimage"},"thumbnailUrl":"https:\/\/www.spirit-us.eu\/wp-content\/uploads\/2025\/07\/bracelet-baroque-en-aigue-marine-image-produit.png","datePublished":"2025-07-10T13:43:13+00:00","dateModified":"2025-12-17T09:49:43+00:00","breadcrumb":{"@id":"https:\/\/www.spirit-us.eu\/index.php\/produit\/bracelet-en-aigue-marine-chakra-de-la-gorge\/#breadcrumb"},"inLanguage":"fr-FR","potentialAction":[{"@type":"ReadAction","target":["https:\/\/www.spirit-us.eu\/index.php\/produit\/bracelet-en-aigue-marine-chakra-de-la-gorge\/"]}]},{"@type":"ImageObject","inLanguage":"fr-FR","@id":"https:\/\/www.spirit-us.eu\/index.php\/produit\/bracelet-en-aigue-marine-chakra-de-la-gorge\/#primaryimage","url":"https:\/\/www.spirit-us.eu\/wp-content\/uploads\/2025\/07\/bracelet-baroque-en-aigue-marine-image-produit.png","contentUrl":"https:\/\/www.spirit-us.eu\/wp-content\/uploads\/2025\/07\/bracelet-baroque-en-aigue-marine-image-produit.png","width":1080,"height":1080},{"@type":"BreadcrumbList","@id":"https:\/\/www.spirit-us.eu\/index.php\/produit\/bracelet-en-aigue-marine-chakra-de-la-gorge\/#breadcrumb","itemListElement":[{"@type":"ListItem","position":1,"name":"Accueil","item":"https:\/\/www.spirit-us.eu\/"},{"@type":"ListItem","position":2,"name":"Boutique","item":"https:\/\/www.spirit-us.eu\/index.php\/boutique\/"},{"@type":"ListItem","position":3,"name":"BRACELET EN AIGUE MARINE \u2013 chakra de la gorge"}]},{"@type":"WebSite","@id":"https:\/\/www.spirit-us.eu\/#website","url":"https:\/\/www.spirit-us.eu\/","name":"Spirit-US","description":"","publisher":{"@id":"https:\/\/www.spirit-us.eu\/#organization"},"potentialAction":[{"@type":"SearchAction","target":{"@type":"EntryPoint","urlTemplate":"https:\/\/www.spirit-us.eu\/?s={search_term_string}"},"query-input":{"@type":"PropertyValueSpecification","valueRequired":true,"valueName":"search_term_string"}}],"inLanguage":"fr-FR"},{"@type":"Organization","@id":"https:\/\/www.spirit-us.eu\/#organization","name":"Spirit-US","url":"https:\/\/www.spirit-us.eu\/","logo":{"@type":"ImageObject","inLanguage":"fr-FR","@id":"https:\/\/www.spirit-us.eu\/#\/schema\/logo\/image\/","url":"https:\/\/www.spirit-us.eu\/wp-content\/uploads\/2025\/11\/logo-regarde-linterlocutrice-sans-arrriere-plan.jpg","contentUrl":"https:\/\/www.spirit-us.eu\/wp-content\/uploads\/2025\/11\/logo-regarde-linterlocutrice-sans-arrriere-plan.jpg","width":1080,"height":1080,"caption":"Spirit-US"},"image":{"@id":"https:\/\/www.spirit-us.eu\/#\/schema\/logo\/image\/"},"sameAs":["https:\/\/www.facebook.com\/spirit.us.deum"]}]}},"jetpack_sharing_enabled":true,"_links":{"self":[{"href":"https:\/\/www.spirit-us.eu\/index.php\/wp-json\/wp\/v2\/product\/1784","targetHints":{"allow":["GET"]}}],"collection":[{"href":"https:\/\/www.spirit-us.eu\/index.php\/wp-json\/wp\/v2\/product"}],"about":[{"href":"https:\/\/www.spirit-us.eu\/index.php\/wp-json\/wp\/v2\/types\/product"}],"replies":[{"embeddable":true,"href":"https:\/\/www.spirit-us.eu\/index.php\/wp-json\/wp\/v2\/comments?post=1784"}],"wp:featuredmedia":[{"embeddable":true,"href":"https:\/\/www.spirit-us.eu\/index.php\/wp-json\/wp\/v2\/media\/1787"}],"wp:attachment":[{"href":"https:\/\/www.spirit-us.eu\/index.php\/wp-json\/wp\/v2\/media?parent=1784"}],"wp:term":[{"taxonomy":"product_brand","embeddable":true,"href":"https:\/\/www.spirit-us.eu\/index.php\/wp-json\/wp\/v2\/product_brand?post=1784"},{"taxonomy":"product_cat","embeddable":true,"href":"https:\/\/www.spirit-us.eu\/index.php\/wp-json\/wp\/v2\/product_cat?post=1784"},{"taxonomy":"product_tag","embeddable":true,"href":"https:\/\/www.spirit-us.eu\/index.php\/wp-json\/wp\/v2\/product_tag?post=1784"},{"taxonomy":"mwb_booking_cost","embeddable":true,"href":"https:\/\/www.spirit-us.eu\/index.php\/wp-json\/wp\/v2\/mwb_booking_cost?post=1784"},{"taxonomy":"mwb_booking_service","embeddable":true,"href":"https:\/\/www.spirit-us.eu\/index.php\/wp-json\/wp\/v2\/mwb_booking_service?post=1784"}],"curies":[{"name":"wp","href":"https:\/\/api.w.org\/{rel}","templated":true}]}}