{"id":1780,"date":"2025-07-10T15:02:29","date_gmt":"2025-07-10T13:02:29","guid":{"rendered":"https:\/\/www.spirit-us.eu\/?post_type=product&#038;p=1780"},"modified":"2025-12-17T10:49:52","modified_gmt":"2025-12-17T09:49:52","slug":"bracelet-en-pierre-de-lune-chakra-de-lame","status":"publish","type":"product","link":"https:\/\/www.spirit-us.eu\/index.php\/produit\/bracelet-en-pierre-de-lune-chakra-de-lame\/","title":{"rendered":"BRACELET EN PIERRE DE LUNE \u2013 chakra de l\u2019\u00e2me"},"content":{"rendered":"<p><strong>Nature des pierres<\/strong>\u00a0: pierres naturelles, perles baroques (8mm \u00e0 3 mm de longueur)<\/p>\n<p><strong>Fa\u00e7on du bijou<\/strong>\u00a0: bracelet 100% artisanal, mont\u00e9 sur \u00e9lastique<\/p>\n<p><strong>Couleurs<\/strong>\u00a0: translucides &#8211; blanche, bleut\u00e9e, grise, argent\u00e9e et reflets dor\u00e9s<\/p>\n<p><strong>Origine<\/strong>\u00a0: Sri Lanka<\/p>\n<p><strong>Dimensions du bijou<\/strong>\u00a0: 21 \u00e0 22 cm<\/p>\n<p><strong>Histoire\u00a0<\/strong>: la pierre de lune est utilis\u00e9e depuis la plus haute Antiquit\u00e9 pour ses bienfaits et les propri\u00e9t\u00e9s qu\u2019on lui attribue.\u00a0 C\u2019est la pierre de la F\u00e9minit\u00e9 et de l\u2019Intuition\u00a0; mais aussi celle qu\u2019on associe aux cycles de la lune, de la fertilit\u00e9 et de la passion amoureuse.<\/p>\n<p><em>Une id\u00e9e de synergie\u00a0? Combin\u00e9 \u00e0 l\u2019aigue-marine, ce joli bracelet devient plus puissant\u00a0: cette synergie permet de renforcer les liens humains positifs et appelle la bonne communication avec les diff\u00e9rents plans \u00e9nerg\u00e9tiques.<\/em><\/p>\n","protected":false},"excerpt":{"rendered":"<p style=\"text-align: justify;\">Tr\u00e8s joli bracelet en pierres naturelles consid\u00e9r\u00e9es comme les pierres de l\u2019\u00e9quilibre et de la r\u00e9gulation des humeurs, de la thyro\u00efde et des hormones.\u00a0 Au plan psychique, c\u2019est la pierre de l\u2019ouverture et de la tol\u00e9rance, qui aide \u00e0 la bonne entente, \u00e0 la compr\u00e9hension de ce qui est cach\u00e9 et aux nouvelles belles rencontres.\u00a0 Ce bracelet port\u00e9 un premier jour de haute \u00e9cole ou de travail, facilite les d\u00e9buts et les nouvelles associations constructives. Sa belle \u00e9nergie r\u00e9duit le stress et les angoisses.\u00a0 Associ\u00e9e \u00e0 la clairvoyance, la pierre de lune favorise les bonnes d\u00e9cisions. Elle est la pierre du F\u00e9minin sacr\u00e9.<\/p>\n","protected":false},"featured_media":1781,"comment_status":"open","ping_status":"closed","template":"","meta":[],"product_brand":[],"product_cat":[156,460,17],"product_tag":[231,235,236,232,233,234,230],"mwb_booking_cost":[],"mwb_booking_service":[],"class_list":{"0":"post-1780","1":"product","2":"type-product","3":"status-publish","4":"has-post-thumbnail","6":"product_cat-04-bijoux","7":"product_cat-bracelets","8":"product_cat-tous-les-produits","9":"product_tag-clairvoyance","10":"product_tag-cycles","11":"product_tag-entente","12":"product_tag-feminin-sacre","13":"product_tag-fertilite","14":"product_tag-lune","15":"product_tag-synergies","17":"first","18":"instock","19":"shipping-taxable","20":"purchasable","21":"product-type-simple"},"yoast_head":"<!-- This site is optimized with the Yoast SEO plugin v27.1.1 - https:\/\/yoast.com\/product\/yoast-seo-wordpress\/ -->\n<title>BRACELET EN PIERRE DE LUNE \u2013 chakra de l\u2019\u00e2me - Spirit-US<\/title>\n<meta name=\"robots\" content=\"index, follow, max-snippet:-1, max-image-preview:large, max-video-preview:-1\" \/>\n<link rel=\"canonical\" href=\"https:\/\/www.spirit-us.eu\/index.php\/produit\/bracelet-en-pierre-de-lune-chakra-de-lame\/\" \/>\n<meta property=\"og:locale\" content=\"fr_FR\" \/>\n<meta property=\"og:type\" content=\"article\" \/>\n<meta property=\"og:title\" content=\"BRACELET EN PIERRE DE LUNE \u2013 chakra de l\u2019\u00e2me - Spirit-US\" \/>\n<meta property=\"og:description\" content=\"Tr\u00e8s joli bracelet en pierres naturelles consid\u00e9r\u00e9es comme les pierres de l\u2019\u00e9quilibre et de la r\u00e9gulation des humeurs, de la thyro\u00efde et des hormones.\u00a0 Au plan psychique, c\u2019est la pierre de l\u2019ouverture et de la tol\u00e9rance, qui aide \u00e0 la bonne entente, \u00e0 la compr\u00e9hension de ce qui est cach\u00e9 et aux nouvelles belles rencontres.\u00a0 Ce bracelet port\u00e9 un premier jour de haute \u00e9cole ou de travail, facilite les d\u00e9buts et les nouvelles associations constructives. Sa belle \u00e9nergie r\u00e9duit le stress et les angoisses.\u00a0 Associ\u00e9e \u00e0 la clairvoyance, la pierre de lune favorise les bonnes d\u00e9cisions. Elle est la pierre du F\u00e9minin sacr\u00e9.\" \/>\n<meta property=\"og:url\" content=\"https:\/\/www.spirit-us.eu\/index.php\/produit\/bracelet-en-pierre-de-lune-chakra-de-lame\/\" \/>\n<meta property=\"og:site_name\" content=\"Spirit-US\" \/>\n<meta property=\"article:publisher\" content=\"https:\/\/www.facebook.com\/spirit.us.deum\" \/>\n<meta property=\"article:modified_time\" content=\"2025-12-17T09:49:52+00:00\" \/>\n<meta property=\"og:image\" content=\"https:\/\/www.spirit-us.eu\/wp-content\/uploads\/2025\/07\/bracelet-pierre-de-lune-image-produit.png\" \/>\n\t<meta property=\"og:image:width\" content=\"1080\" \/>\n\t<meta property=\"og:image:height\" content=\"1080\" \/>\n\t<meta property=\"og:image:type\" content=\"image\/png\" \/>\n<meta name=\"twitter:card\" content=\"summary_large_image\" \/>\n<meta name=\"twitter:label1\" content=\"Dur\u00e9e de lecture estim\u00e9e\" \/>\n\t<meta name=\"twitter:data1\" content=\"1 minute\" \/>\n<script type=\"application\/ld+json\" class=\"yoast-schema-graph\">{\"@context\":\"https:\/\/schema.org\",\"@graph\":[{\"@type\":\"WebPage\",\"@id\":\"https:\/\/www.spirit-us.eu\/index.php\/produit\/bracelet-en-pierre-de-lune-chakra-de-lame\/\",\"url\":\"https:\/\/www.spirit-us.eu\/index.php\/produit\/bracelet-en-pierre-de-lune-chakra-de-lame\/\",\"name\":\"BRACELET EN PIERRE DE LUNE \u2013 chakra de l\u2019\u00e2me - Spirit-US\",\"isPartOf\":{\"@id\":\"https:\/\/www.spirit-us.eu\/#website\"},\"primaryImageOfPage\":{\"@id\":\"https:\/\/www.spirit-us.eu\/index.php\/produit\/bracelet-en-pierre-de-lune-chakra-de-lame\/#primaryimage\"},\"image\":{\"@id\":\"https:\/\/www.spirit-us.eu\/index.php\/produit\/bracelet-en-pierre-de-lune-chakra-de-lame\/#primaryimage\"},\"thumbnailUrl\":\"https:\/\/www.spirit-us.eu\/wp-content\/uploads\/2025\/07\/bracelet-pierre-de-lune-image-produit.png\",\"datePublished\":\"2025-07-10T13:02:29+00:00\",\"dateModified\":\"2025-12-17T09:49:52+00:00\",\"breadcrumb\":{\"@id\":\"https:\/\/www.spirit-us.eu\/index.php\/produit\/bracelet-en-pierre-de-lune-chakra-de-lame\/#breadcrumb\"},\"inLanguage\":\"fr-FR\",\"potentialAction\":[{\"@type\":\"ReadAction\",\"target\":[\"https:\/\/www.spirit-us.eu\/index.php\/produit\/bracelet-en-pierre-de-lune-chakra-de-lame\/\"]}]},{\"@type\":\"ImageObject\",\"inLanguage\":\"fr-FR\",\"@id\":\"https:\/\/www.spirit-us.eu\/index.php\/produit\/bracelet-en-pierre-de-lune-chakra-de-lame\/#primaryimage\",\"url\":\"https:\/\/www.spirit-us.eu\/wp-content\/uploads\/2025\/07\/bracelet-pierre-de-lune-image-produit.png\",\"contentUrl\":\"https:\/\/www.spirit-us.eu\/wp-content\/uploads\/2025\/07\/bracelet-pierre-de-lune-image-produit.png\",\"width\":1080,\"height\":1080},{\"@type\":\"BreadcrumbList\",\"@id\":\"https:\/\/www.spirit-us.eu\/index.php\/produit\/bracelet-en-pierre-de-lune-chakra-de-lame\/#breadcrumb\",\"itemListElement\":[{\"@type\":\"ListItem\",\"position\":1,\"name\":\"Accueil\",\"item\":\"https:\/\/www.spirit-us.eu\/\"},{\"@type\":\"ListItem\",\"position\":2,\"name\":\"Boutique\",\"item\":\"https:\/\/www.spirit-us.eu\/index.php\/boutique\/\"},{\"@type\":\"ListItem\",\"position\":3,\"name\":\"BRACELET EN PIERRE DE LUNE \u2013 chakra de l\u2019\u00e2me\"}]},{\"@type\":\"WebSite\",\"@id\":\"https:\/\/www.spirit-us.eu\/#website\",\"url\":\"https:\/\/www.spirit-us.eu\/\",\"name\":\"Spirit-US\",\"description\":\"\",\"publisher\":{\"@id\":\"https:\/\/www.spirit-us.eu\/#organization\"},\"potentialAction\":[{\"@type\":\"SearchAction\",\"target\":{\"@type\":\"EntryPoint\",\"urlTemplate\":\"https:\/\/www.spirit-us.eu\/?s={search_term_string}\"},\"query-input\":{\"@type\":\"PropertyValueSpecification\",\"valueRequired\":true,\"valueName\":\"search_term_string\"}}],\"inLanguage\":\"fr-FR\"},{\"@type\":\"Organization\",\"@id\":\"https:\/\/www.spirit-us.eu\/#organization\",\"name\":\"Spirit-US\",\"url\":\"https:\/\/www.spirit-us.eu\/\",\"logo\":{\"@type\":\"ImageObject\",\"inLanguage\":\"fr-FR\",\"@id\":\"https:\/\/www.spirit-us.eu\/#\/schema\/logo\/image\/\",\"url\":\"https:\/\/www.spirit-us.eu\/wp-content\/uploads\/2025\/11\/logo-regarde-linterlocutrice-sans-arrriere-plan.jpg\",\"contentUrl\":\"https:\/\/www.spirit-us.eu\/wp-content\/uploads\/2025\/11\/logo-regarde-linterlocutrice-sans-arrriere-plan.jpg\",\"width\":1080,\"height\":1080,\"caption\":\"Spirit-US\"},\"image\":{\"@id\":\"https:\/\/www.spirit-us.eu\/#\/schema\/logo\/image\/\"},\"sameAs\":[\"https:\/\/www.facebook.com\/spirit.us.deum\"]}]}<\/script>\n<!-- \/ Yoast SEO plugin. -->","yoast_head_json":{"title":"BRACELET EN PIERRE DE LUNE \u2013 chakra de l\u2019\u00e2me - Spirit-US","robots":{"index":"index","follow":"follow","max-snippet":"max-snippet:-1","max-image-preview":"max-image-preview:large","max-video-preview":"max-video-preview:-1"},"canonical":"https:\/\/www.spirit-us.eu\/index.php\/produit\/bracelet-en-pierre-de-lune-chakra-de-lame\/","og_locale":"fr_FR","og_type":"article","og_title":"BRACELET EN PIERRE DE LUNE \u2013 chakra de l\u2019\u00e2me - Spirit-US","og_description":"Tr\u00e8s joli bracelet en pierres naturelles consid\u00e9r\u00e9es comme les pierres de l\u2019\u00e9quilibre et de la r\u00e9gulation des humeurs, de la thyro\u00efde et des hormones.\u00a0 Au plan psychique, c\u2019est la pierre de l\u2019ouverture et de la tol\u00e9rance, qui aide \u00e0 la bonne entente, \u00e0 la compr\u00e9hension de ce qui est cach\u00e9 et aux nouvelles belles rencontres.\u00a0 Ce bracelet port\u00e9 un premier jour de haute \u00e9cole ou de travail, facilite les d\u00e9buts et les nouvelles associations constructives. Sa belle \u00e9nergie r\u00e9duit le stress et les angoisses.\u00a0 Associ\u00e9e \u00e0 la clairvoyance, la pierre de lune favorise les bonnes d\u00e9cisions. Elle est la pierre du F\u00e9minin sacr\u00e9.","og_url":"https:\/\/www.spirit-us.eu\/index.php\/produit\/bracelet-en-pierre-de-lune-chakra-de-lame\/","og_site_name":"Spirit-US","article_publisher":"https:\/\/www.facebook.com\/spirit.us.deum","article_modified_time":"2025-12-17T09:49:52+00:00","og_image":[{"width":1080,"height":1080,"url":"https:\/\/www.spirit-us.eu\/wp-content\/uploads\/2025\/07\/bracelet-pierre-de-lune-image-produit.png","type":"image\/png"}],"twitter_card":"summary_large_image","twitter_misc":{"Dur\u00e9e de lecture estim\u00e9e":"1 minute"},"schema":{"@context":"https:\/\/schema.org","@graph":[{"@type":"WebPage","@id":"https:\/\/www.spirit-us.eu\/index.php\/produit\/bracelet-en-pierre-de-lune-chakra-de-lame\/","url":"https:\/\/www.spirit-us.eu\/index.php\/produit\/bracelet-en-pierre-de-lune-chakra-de-lame\/","name":"BRACELET EN PIERRE DE LUNE \u2013 chakra de l\u2019\u00e2me - Spirit-US","isPartOf":{"@id":"https:\/\/www.spirit-us.eu\/#website"},"primaryImageOfPage":{"@id":"https:\/\/www.spirit-us.eu\/index.php\/produit\/bracelet-en-pierre-de-lune-chakra-de-lame\/#primaryimage"},"image":{"@id":"https:\/\/www.spirit-us.eu\/index.php\/produit\/bracelet-en-pierre-de-lune-chakra-de-lame\/#primaryimage"},"thumbnailUrl":"https:\/\/www.spirit-us.eu\/wp-content\/uploads\/2025\/07\/bracelet-pierre-de-lune-image-produit.png","datePublished":"2025-07-10T13:02:29+00:00","dateModified":"2025-12-17T09:49:52+00:00","breadcrumb":{"@id":"https:\/\/www.spirit-us.eu\/index.php\/produit\/bracelet-en-pierre-de-lune-chakra-de-lame\/#breadcrumb"},"inLanguage":"fr-FR","potentialAction":[{"@type":"ReadAction","target":["https:\/\/www.spirit-us.eu\/index.php\/produit\/bracelet-en-pierre-de-lune-chakra-de-lame\/"]}]},{"@type":"ImageObject","inLanguage":"fr-FR","@id":"https:\/\/www.spirit-us.eu\/index.php\/produit\/bracelet-en-pierre-de-lune-chakra-de-lame\/#primaryimage","url":"https:\/\/www.spirit-us.eu\/wp-content\/uploads\/2025\/07\/bracelet-pierre-de-lune-image-produit.png","contentUrl":"https:\/\/www.spirit-us.eu\/wp-content\/uploads\/2025\/07\/bracelet-pierre-de-lune-image-produit.png","width":1080,"height":1080},{"@type":"BreadcrumbList","@id":"https:\/\/www.spirit-us.eu\/index.php\/produit\/bracelet-en-pierre-de-lune-chakra-de-lame\/#breadcrumb","itemListElement":[{"@type":"ListItem","position":1,"name":"Accueil","item":"https:\/\/www.spirit-us.eu\/"},{"@type":"ListItem","position":2,"name":"Boutique","item":"https:\/\/www.spirit-us.eu\/index.php\/boutique\/"},{"@type":"ListItem","position":3,"name":"BRACELET EN PIERRE DE LUNE \u2013 chakra de l\u2019\u00e2me"}]},{"@type":"WebSite","@id":"https:\/\/www.spirit-us.eu\/#website","url":"https:\/\/www.spirit-us.eu\/","name":"Spirit-US","description":"","publisher":{"@id":"https:\/\/www.spirit-us.eu\/#organization"},"potentialAction":[{"@type":"SearchAction","target":{"@type":"EntryPoint","urlTemplate":"https:\/\/www.spirit-us.eu\/?s={search_term_string}"},"query-input":{"@type":"PropertyValueSpecification","valueRequired":true,"valueName":"search_term_string"}}],"inLanguage":"fr-FR"},{"@type":"Organization","@id":"https:\/\/www.spirit-us.eu\/#organization","name":"Spirit-US","url":"https:\/\/www.spirit-us.eu\/","logo":{"@type":"ImageObject","inLanguage":"fr-FR","@id":"https:\/\/www.spirit-us.eu\/#\/schema\/logo\/image\/","url":"https:\/\/www.spirit-us.eu\/wp-content\/uploads\/2025\/11\/logo-regarde-linterlocutrice-sans-arrriere-plan.jpg","contentUrl":"https:\/\/www.spirit-us.eu\/wp-content\/uploads\/2025\/11\/logo-regarde-linterlocutrice-sans-arrriere-plan.jpg","width":1080,"height":1080,"caption":"Spirit-US"},"image":{"@id":"https:\/\/www.spirit-us.eu\/#\/schema\/logo\/image\/"},"sameAs":["https:\/\/www.facebook.com\/spirit.us.deum"]}]}},"jetpack_sharing_enabled":true,"_links":{"self":[{"href":"https:\/\/www.spirit-us.eu\/index.php\/wp-json\/wp\/v2\/product\/1780","targetHints":{"allow":["GET"]}}],"collection":[{"href":"https:\/\/www.spirit-us.eu\/index.php\/wp-json\/wp\/v2\/product"}],"about":[{"href":"https:\/\/www.spirit-us.eu\/index.php\/wp-json\/wp\/v2\/types\/product"}],"replies":[{"embeddable":true,"href":"https:\/\/www.spirit-us.eu\/index.php\/wp-json\/wp\/v2\/comments?post=1780"}],"wp:featuredmedia":[{"embeddable":true,"href":"https:\/\/www.spirit-us.eu\/index.php\/wp-json\/wp\/v2\/media\/1781"}],"wp:attachment":[{"href":"https:\/\/www.spirit-us.eu\/index.php\/wp-json\/wp\/v2\/media?parent=1780"}],"wp:term":[{"taxonomy":"product_brand","embeddable":true,"href":"https:\/\/www.spirit-us.eu\/index.php\/wp-json\/wp\/v2\/product_brand?post=1780"},{"taxonomy":"product_cat","embeddable":true,"href":"https:\/\/www.spirit-us.eu\/index.php\/wp-json\/wp\/v2\/product_cat?post=1780"},{"taxonomy":"product_tag","embeddable":true,"href":"https:\/\/www.spirit-us.eu\/index.php\/wp-json\/wp\/v2\/product_tag?post=1780"},{"taxonomy":"mwb_booking_cost","embeddable":true,"href":"https:\/\/www.spirit-us.eu\/index.php\/wp-json\/wp\/v2\/mwb_booking_cost?post=1780"},{"taxonomy":"mwb_booking_service","embeddable":true,"href":"https:\/\/www.spirit-us.eu\/index.php\/wp-json\/wp\/v2\/mwb_booking_service?post=1780"}],"curies":[{"name":"wp","href":"https:\/\/api.w.org\/{rel}","templated":true}]}}