{"id":1775,"date":"2025-07-10T11:19:50","date_gmt":"2025-07-10T09:19:50","guid":{"rendered":"https:\/\/www.spirit-us.eu\/?post_type=product&#038;p=1775"},"modified":"2025-12-17T10:50:02","modified_gmt":"2025-12-17T09:50:02","slug":"bracelet-en-tourmaline-multicolore-guerison-serenite","status":"publish","type":"product","link":"https:\/\/www.spirit-us.eu\/index.php\/produit\/bracelet-en-tourmaline-multicolore-guerison-serenite\/","title":{"rendered":"BRACELET EN TOURMALINE MULTICOLORE \u2013 gu\u00e9rison &#038; s\u00e9r\u00e9nit\u00e9"},"content":{"rendered":"<p><strong>Nature des pierres<\/strong>\u00a0: tourmaline multicolore<\/p>\n<p><strong>Fa\u00e7on du bijou<\/strong> : pierres roul\u00e9es de fa\u00e7on artisanale \u2013 perles de 8 mm (peut varier l\u00e9g\u00e8rement) \u2013 et 6 petites perles en m\u00e9tal dor\u00e9 pour rehausser les couleurs \u2013 mont\u00e9 sur fil \u00e9lastique solide<\/p>\n<p><strong>Couleurs<\/strong>\u00a0: varient \u2013 les dominantes sont rose \u2013 rouge fonc\u00e9 \/ orang\u00e9 \/ gris, bleut\u00e9 et vert \/ marron fonc\u00e9 \u2013 noir.\u00a0 La tourmaline se d\u00e9cline en 7 nuances allant du rose vif au noir.<\/p>\n<p><strong>Origine<\/strong>\u00a0: Sri-Lanka<\/p>\n<p><strong>Dimensions du bijou<\/strong>\u00a0: 21 \u00e0 22 cm<\/p>\n<p><em>Une id\u00e9e de synergies ? Portez la tourmaline color\u00e9e (s\u00e9curit\u00e9, gu\u00e9rison, s\u00e9r\u00e9nit\u00e9) avec un bracelet or et vert de l&rsquo;attraction et de la chance, une synergie parfaite !<\/em><\/p>\n","protected":false},"excerpt":{"rendered":"<p style=\"text-align: justify;\">Tr\u00e8s joli bracelet en pierres naturelles et m\u00e9tal dor\u00e9.\u00a0 La tourmaline est une pierre de gu\u00e9rison.\u00a0 Ce bijou multicolore est aussi multifonctions\u00a0: le porter contribue \u00e0 att\u00e9nue la peur, \u00e0 pr\u00e9venir les crises d\u2019angoisse ou les \u00e9tats anxieux.\u00a0 La pierre, par sa beaut\u00e9, apporte la s\u00e9r\u00e9nit\u00e9 et le calme, apaise les nerfs et renforce la m\u00e9moire. La tourmaline a des capacit\u00e9s pyro\u00e9lectriques (= attire les corps en fonction de la chaleur ambiante), ce qui lui donne la vertu de diminuer les ondes n\u00e9gatives (quelles que soient leur origine), facilite la circulation \u00e9nerg\u00e9tique et sanguine. Elle r\u00e9duit l\u2019errance mentale et un bracelet en tourmaline multicolore, elle facilite l\u2019ancrage et la canalisation des flux de pens\u00e9es.<\/p>\n","protected":false},"featured_media":1776,"comment_status":"open","ping_status":"closed","template":"","meta":[],"product_brand":[],"product_cat":[156,460,17],"product_tag":[227,226,224,229,225,228,230],"mwb_booking_cost":[],"mwb_booking_service":[],"class_list":{"0":"post-1775","1":"product","2":"type-product","3":"status-publish","4":"has-post-thumbnail","6":"product_cat-04-bijoux","7":"product_cat-bracelets","8":"product_cat-tous-les-produits","9":"product_tag-angoisse","10":"product_tag-anxiete","11":"product_tag-chasser-ondes-negatives","12":"product_tag-guerison","13":"product_tag-peur","14":"product_tag-serenite","15":"product_tag-synergies","17":"first","18":"instock","19":"shipping-taxable","20":"purchasable","21":"product-type-simple"},"yoast_head":"<!-- This site is optimized with the Yoast SEO plugin v27.1.1 - https:\/\/yoast.com\/product\/yoast-seo-wordpress\/ -->\n<title>BRACELET EN TOURMALINE MULTICOLORE \u2013 gu\u00e9rison &amp; s\u00e9r\u00e9nit\u00e9 - Spirit-US<\/title>\n<meta name=\"robots\" content=\"index, follow, max-snippet:-1, max-image-preview:large, max-video-preview:-1\" \/>\n<link rel=\"canonical\" href=\"https:\/\/www.spirit-us.eu\/index.php\/produit\/bracelet-en-tourmaline-multicolore-guerison-serenite\/\" \/>\n<meta property=\"og:locale\" content=\"fr_FR\" \/>\n<meta property=\"og:type\" content=\"article\" \/>\n<meta property=\"og:title\" content=\"BRACELET EN TOURMALINE MULTICOLORE \u2013 gu\u00e9rison &amp; s\u00e9r\u00e9nit\u00e9 - Spirit-US\" \/>\n<meta property=\"og:description\" content=\"Tr\u00e8s joli bracelet en pierres naturelles et m\u00e9tal dor\u00e9.\u00a0 La tourmaline est une pierre de gu\u00e9rison.\u00a0 Ce bijou multicolore est aussi multifonctions\u00a0: le porter contribue \u00e0 att\u00e9nue la peur, \u00e0 pr\u00e9venir les crises d\u2019angoisse ou les \u00e9tats anxieux.\u00a0 La pierre, par sa beaut\u00e9, apporte la s\u00e9r\u00e9nit\u00e9 et le calme, apaise les nerfs et renforce la m\u00e9moire. La tourmaline a des capacit\u00e9s pyro\u00e9lectriques (= attire les corps en fonction de la chaleur ambiante), ce qui lui donne la vertu de diminuer les ondes n\u00e9gatives (quelles que soient leur origine), facilite la circulation \u00e9nerg\u00e9tique et sanguine. Elle r\u00e9duit l\u2019errance mentale et un bracelet en tourmaline multicolore, elle facilite l\u2019ancrage et la canalisation des flux de pens\u00e9es.\" \/>\n<meta property=\"og:url\" content=\"https:\/\/www.spirit-us.eu\/index.php\/produit\/bracelet-en-tourmaline-multicolore-guerison-serenite\/\" \/>\n<meta property=\"og:site_name\" content=\"Spirit-US\" \/>\n<meta property=\"article:publisher\" content=\"https:\/\/www.facebook.com\/spirit.us.deum\" \/>\n<meta property=\"article:modified_time\" content=\"2025-12-17T09:50:02+00:00\" \/>\n<meta property=\"og:image\" content=\"https:\/\/www.spirit-us.eu\/wp-content\/uploads\/2025\/07\/bracelet-tourmaline-multicolore-image-produit-1024x1024.png\" \/>\n\t<meta property=\"og:image:width\" content=\"1024\" \/>\n\t<meta property=\"og:image:height\" content=\"1024\" \/>\n\t<meta property=\"og:image:type\" content=\"image\/png\" \/>\n<meta name=\"twitter:card\" content=\"summary_large_image\" \/>\n<meta name=\"twitter:label1\" content=\"Dur\u00e9e de lecture estim\u00e9e\" \/>\n\t<meta name=\"twitter:data1\" content=\"1 minute\" \/>\n<script type=\"application\/ld+json\" class=\"yoast-schema-graph\">{\"@context\":\"https:\/\/schema.org\",\"@graph\":[{\"@type\":\"WebPage\",\"@id\":\"https:\/\/www.spirit-us.eu\/index.php\/produit\/bracelet-en-tourmaline-multicolore-guerison-serenite\/\",\"url\":\"https:\/\/www.spirit-us.eu\/index.php\/produit\/bracelet-en-tourmaline-multicolore-guerison-serenite\/\",\"name\":\"BRACELET EN TOURMALINE MULTICOLORE \u2013 gu\u00e9rison & s\u00e9r\u00e9nit\u00e9 - Spirit-US\",\"isPartOf\":{\"@id\":\"https:\/\/www.spirit-us.eu\/#website\"},\"primaryImageOfPage\":{\"@id\":\"https:\/\/www.spirit-us.eu\/index.php\/produit\/bracelet-en-tourmaline-multicolore-guerison-serenite\/#primaryimage\"},\"image\":{\"@id\":\"https:\/\/www.spirit-us.eu\/index.php\/produit\/bracelet-en-tourmaline-multicolore-guerison-serenite\/#primaryimage\"},\"thumbnailUrl\":\"https:\/\/www.spirit-us.eu\/wp-content\/uploads\/2025\/07\/bracelet-tourmaline-multicolore-image-produit.png\",\"datePublished\":\"2025-07-10T09:19:50+00:00\",\"dateModified\":\"2025-12-17T09:50:02+00:00\",\"breadcrumb\":{\"@id\":\"https:\/\/www.spirit-us.eu\/index.php\/produit\/bracelet-en-tourmaline-multicolore-guerison-serenite\/#breadcrumb\"},\"inLanguage\":\"fr-FR\",\"potentialAction\":[{\"@type\":\"ReadAction\",\"target\":[\"https:\/\/www.spirit-us.eu\/index.php\/produit\/bracelet-en-tourmaline-multicolore-guerison-serenite\/\"]}]},{\"@type\":\"ImageObject\",\"inLanguage\":\"fr-FR\",\"@id\":\"https:\/\/www.spirit-us.eu\/index.php\/produit\/bracelet-en-tourmaline-multicolore-guerison-serenite\/#primaryimage\",\"url\":\"https:\/\/www.spirit-us.eu\/wp-content\/uploads\/2025\/07\/bracelet-tourmaline-multicolore-image-produit.png\",\"contentUrl\":\"https:\/\/www.spirit-us.eu\/wp-content\/uploads\/2025\/07\/bracelet-tourmaline-multicolore-image-produit.png\",\"width\":1485,\"height\":1485},{\"@type\":\"BreadcrumbList\",\"@id\":\"https:\/\/www.spirit-us.eu\/index.php\/produit\/bracelet-en-tourmaline-multicolore-guerison-serenite\/#breadcrumb\",\"itemListElement\":[{\"@type\":\"ListItem\",\"position\":1,\"name\":\"Accueil\",\"item\":\"https:\/\/www.spirit-us.eu\/\"},{\"@type\":\"ListItem\",\"position\":2,\"name\":\"Boutique\",\"item\":\"https:\/\/www.spirit-us.eu\/index.php\/boutique\/\"},{\"@type\":\"ListItem\",\"position\":3,\"name\":\"BRACELET EN TOURMALINE MULTICOLORE \u2013 gu\u00e9rison &#038; s\u00e9r\u00e9nit\u00e9\"}]},{\"@type\":\"WebSite\",\"@id\":\"https:\/\/www.spirit-us.eu\/#website\",\"url\":\"https:\/\/www.spirit-us.eu\/\",\"name\":\"Spirit-US\",\"description\":\"\",\"publisher\":{\"@id\":\"https:\/\/www.spirit-us.eu\/#organization\"},\"potentialAction\":[{\"@type\":\"SearchAction\",\"target\":{\"@type\":\"EntryPoint\",\"urlTemplate\":\"https:\/\/www.spirit-us.eu\/?s={search_term_string}\"},\"query-input\":{\"@type\":\"PropertyValueSpecification\",\"valueRequired\":true,\"valueName\":\"search_term_string\"}}],\"inLanguage\":\"fr-FR\"},{\"@type\":\"Organization\",\"@id\":\"https:\/\/www.spirit-us.eu\/#organization\",\"name\":\"Spirit-US\",\"url\":\"https:\/\/www.spirit-us.eu\/\",\"logo\":{\"@type\":\"ImageObject\",\"inLanguage\":\"fr-FR\",\"@id\":\"https:\/\/www.spirit-us.eu\/#\/schema\/logo\/image\/\",\"url\":\"https:\/\/www.spirit-us.eu\/wp-content\/uploads\/2025\/11\/logo-regarde-linterlocutrice-sans-arrriere-plan.jpg\",\"contentUrl\":\"https:\/\/www.spirit-us.eu\/wp-content\/uploads\/2025\/11\/logo-regarde-linterlocutrice-sans-arrriere-plan.jpg\",\"width\":1080,\"height\":1080,\"caption\":\"Spirit-US\"},\"image\":{\"@id\":\"https:\/\/www.spirit-us.eu\/#\/schema\/logo\/image\/\"},\"sameAs\":[\"https:\/\/www.facebook.com\/spirit.us.deum\"]}]}<\/script>\n<!-- \/ Yoast SEO plugin. -->","yoast_head_json":{"title":"BRACELET EN TOURMALINE MULTICOLORE \u2013 gu\u00e9rison & s\u00e9r\u00e9nit\u00e9 - Spirit-US","robots":{"index":"index","follow":"follow","max-snippet":"max-snippet:-1","max-image-preview":"max-image-preview:large","max-video-preview":"max-video-preview:-1"},"canonical":"https:\/\/www.spirit-us.eu\/index.php\/produit\/bracelet-en-tourmaline-multicolore-guerison-serenite\/","og_locale":"fr_FR","og_type":"article","og_title":"BRACELET EN TOURMALINE MULTICOLORE \u2013 gu\u00e9rison & s\u00e9r\u00e9nit\u00e9 - Spirit-US","og_description":"Tr\u00e8s joli bracelet en pierres naturelles et m\u00e9tal dor\u00e9.\u00a0 La tourmaline est une pierre de gu\u00e9rison.\u00a0 Ce bijou multicolore est aussi multifonctions\u00a0: le porter contribue \u00e0 att\u00e9nue la peur, \u00e0 pr\u00e9venir les crises d\u2019angoisse ou les \u00e9tats anxieux.\u00a0 La pierre, par sa beaut\u00e9, apporte la s\u00e9r\u00e9nit\u00e9 et le calme, apaise les nerfs et renforce la m\u00e9moire. La tourmaline a des capacit\u00e9s pyro\u00e9lectriques (= attire les corps en fonction de la chaleur ambiante), ce qui lui donne la vertu de diminuer les ondes n\u00e9gatives (quelles que soient leur origine), facilite la circulation \u00e9nerg\u00e9tique et sanguine. Elle r\u00e9duit l\u2019errance mentale et un bracelet en tourmaline multicolore, elle facilite l\u2019ancrage et la canalisation des flux de pens\u00e9es.","og_url":"https:\/\/www.spirit-us.eu\/index.php\/produit\/bracelet-en-tourmaline-multicolore-guerison-serenite\/","og_site_name":"Spirit-US","article_publisher":"https:\/\/www.facebook.com\/spirit.us.deum","article_modified_time":"2025-12-17T09:50:02+00:00","og_image":[{"width":1024,"height":1024,"url":"https:\/\/www.spirit-us.eu\/wp-content\/uploads\/2025\/07\/bracelet-tourmaline-multicolore-image-produit-1024x1024.png","type":"image\/png"}],"twitter_card":"summary_large_image","twitter_misc":{"Dur\u00e9e de lecture estim\u00e9e":"1 minute"},"schema":{"@context":"https:\/\/schema.org","@graph":[{"@type":"WebPage","@id":"https:\/\/www.spirit-us.eu\/index.php\/produit\/bracelet-en-tourmaline-multicolore-guerison-serenite\/","url":"https:\/\/www.spirit-us.eu\/index.php\/produit\/bracelet-en-tourmaline-multicolore-guerison-serenite\/","name":"BRACELET EN TOURMALINE MULTICOLORE \u2013 gu\u00e9rison & s\u00e9r\u00e9nit\u00e9 - Spirit-US","isPartOf":{"@id":"https:\/\/www.spirit-us.eu\/#website"},"primaryImageOfPage":{"@id":"https:\/\/www.spirit-us.eu\/index.php\/produit\/bracelet-en-tourmaline-multicolore-guerison-serenite\/#primaryimage"},"image":{"@id":"https:\/\/www.spirit-us.eu\/index.php\/produit\/bracelet-en-tourmaline-multicolore-guerison-serenite\/#primaryimage"},"thumbnailUrl":"https:\/\/www.spirit-us.eu\/wp-content\/uploads\/2025\/07\/bracelet-tourmaline-multicolore-image-produit.png","datePublished":"2025-07-10T09:19:50+00:00","dateModified":"2025-12-17T09:50:02+00:00","breadcrumb":{"@id":"https:\/\/www.spirit-us.eu\/index.php\/produit\/bracelet-en-tourmaline-multicolore-guerison-serenite\/#breadcrumb"},"inLanguage":"fr-FR","potentialAction":[{"@type":"ReadAction","target":["https:\/\/www.spirit-us.eu\/index.php\/produit\/bracelet-en-tourmaline-multicolore-guerison-serenite\/"]}]},{"@type":"ImageObject","inLanguage":"fr-FR","@id":"https:\/\/www.spirit-us.eu\/index.php\/produit\/bracelet-en-tourmaline-multicolore-guerison-serenite\/#primaryimage","url":"https:\/\/www.spirit-us.eu\/wp-content\/uploads\/2025\/07\/bracelet-tourmaline-multicolore-image-produit.png","contentUrl":"https:\/\/www.spirit-us.eu\/wp-content\/uploads\/2025\/07\/bracelet-tourmaline-multicolore-image-produit.png","width":1485,"height":1485},{"@type":"BreadcrumbList","@id":"https:\/\/www.spirit-us.eu\/index.php\/produit\/bracelet-en-tourmaline-multicolore-guerison-serenite\/#breadcrumb","itemListElement":[{"@type":"ListItem","position":1,"name":"Accueil","item":"https:\/\/www.spirit-us.eu\/"},{"@type":"ListItem","position":2,"name":"Boutique","item":"https:\/\/www.spirit-us.eu\/index.php\/boutique\/"},{"@type":"ListItem","position":3,"name":"BRACELET EN TOURMALINE MULTICOLORE \u2013 gu\u00e9rison &#038; s\u00e9r\u00e9nit\u00e9"}]},{"@type":"WebSite","@id":"https:\/\/www.spirit-us.eu\/#website","url":"https:\/\/www.spirit-us.eu\/","name":"Spirit-US","description":"","publisher":{"@id":"https:\/\/www.spirit-us.eu\/#organization"},"potentialAction":[{"@type":"SearchAction","target":{"@type":"EntryPoint","urlTemplate":"https:\/\/www.spirit-us.eu\/?s={search_term_string}"},"query-input":{"@type":"PropertyValueSpecification","valueRequired":true,"valueName":"search_term_string"}}],"inLanguage":"fr-FR"},{"@type":"Organization","@id":"https:\/\/www.spirit-us.eu\/#organization","name":"Spirit-US","url":"https:\/\/www.spirit-us.eu\/","logo":{"@type":"ImageObject","inLanguage":"fr-FR","@id":"https:\/\/www.spirit-us.eu\/#\/schema\/logo\/image\/","url":"https:\/\/www.spirit-us.eu\/wp-content\/uploads\/2025\/11\/logo-regarde-linterlocutrice-sans-arrriere-plan.jpg","contentUrl":"https:\/\/www.spirit-us.eu\/wp-content\/uploads\/2025\/11\/logo-regarde-linterlocutrice-sans-arrriere-plan.jpg","width":1080,"height":1080,"caption":"Spirit-US"},"image":{"@id":"https:\/\/www.spirit-us.eu\/#\/schema\/logo\/image\/"},"sameAs":["https:\/\/www.facebook.com\/spirit.us.deum"]}]}},"jetpack_sharing_enabled":true,"_links":{"self":[{"href":"https:\/\/www.spirit-us.eu\/index.php\/wp-json\/wp\/v2\/product\/1775","targetHints":{"allow":["GET"]}}],"collection":[{"href":"https:\/\/www.spirit-us.eu\/index.php\/wp-json\/wp\/v2\/product"}],"about":[{"href":"https:\/\/www.spirit-us.eu\/index.php\/wp-json\/wp\/v2\/types\/product"}],"replies":[{"embeddable":true,"href":"https:\/\/www.spirit-us.eu\/index.php\/wp-json\/wp\/v2\/comments?post=1775"}],"wp:featuredmedia":[{"embeddable":true,"href":"https:\/\/www.spirit-us.eu\/index.php\/wp-json\/wp\/v2\/media\/1776"}],"wp:attachment":[{"href":"https:\/\/www.spirit-us.eu\/index.php\/wp-json\/wp\/v2\/media?parent=1775"}],"wp:term":[{"taxonomy":"product_brand","embeddable":true,"href":"https:\/\/www.spirit-us.eu\/index.php\/wp-json\/wp\/v2\/product_brand?post=1775"},{"taxonomy":"product_cat","embeddable":true,"href":"https:\/\/www.spirit-us.eu\/index.php\/wp-json\/wp\/v2\/product_cat?post=1775"},{"taxonomy":"product_tag","embeddable":true,"href":"https:\/\/www.spirit-us.eu\/index.php\/wp-json\/wp\/v2\/product_tag?post=1775"},{"taxonomy":"mwb_booking_cost","embeddable":true,"href":"https:\/\/www.spirit-us.eu\/index.php\/wp-json\/wp\/v2\/mwb_booking_cost?post=1775"},{"taxonomy":"mwb_booking_service","embeddable":true,"href":"https:\/\/www.spirit-us.eu\/index.php\/wp-json\/wp\/v2\/mwb_booking_service?post=1775"}],"curies":[{"name":"wp","href":"https:\/\/api.w.org\/{rel}","templated":true}]}}