{"id":1769,"date":"2025-07-09T12:27:49","date_gmt":"2025-07-09T10:27:49","guid":{"rendered":"https:\/\/www.spirit-us.eu\/?post_type=product&#038;p=1769"},"modified":"2025-12-17T10:50:12","modified_gmt":"2025-12-17T09:50:12","slug":"bracelet-baroque-en-perles-dambre-de-la-baltique-chakra-terre","status":"publish","type":"product","link":"https:\/\/www.spirit-us.eu\/index.php\/produit\/bracelet-baroque-en-perles-dambre-de-la-baltique-chakra-terre\/","title":{"rendered":"BRACELET baroque en perles D\u2019AMBRE DE LA BALTIQUE \u2013 chakra terre"},"content":{"rendered":"<p><strong>Dimensions<\/strong>\u00a0: longueur du bracelet 23 cm (extensible, mont\u00e9 sur \u00e9lastique, jusqu\u2019\u00e0 27 cm)<\/p>\n<p><strong>Couleurs<\/strong> : ambre dor\u00e9, chocolat, terre fonc\u00e9e, et jaune d\u2019or<\/p>\n<p><strong>Mat\u00e9riau principal<\/strong> :\u00a0r\u00e9sine naturelle d\u2019ambre de la Baltique<\/p>\n<p><strong>Mat\u00e9riaux<\/strong> : perles baroques<\/p>\n<p><strong>Dimension des perles<\/strong>\u00a0: 1 cm de longueur x 0,2 \u00e0 0,4 cm d\u2019\u00e9paisseur<\/p>\n<p>Unisexe<\/p>\n<p style=\"text-align: justify;\">Livr\u00e9 avec une fiche explicative reprenant toutes les utilisations de l\u2019ambre.<\/p>\n<p style=\"text-align: justify;\">Ce bijou est r\u00e9alis\u00e9 de fa\u00e7on enti\u00e8rement artisanale et les perles sont s\u00e9lectionn\u00e9es pour leur grande qualit\u00e9. Il n\u2019y a donc pas deux perles identiques et pas deux bracelets identiques, c\u2019est le propre de l\u2019artisanat, qui fait tout son charme et marque sa valeur.<\/p>\n","protected":false},"excerpt":{"rendered":"<p style=\"text-align: justify;\">Lorsque vous accomplissez un travail sur vous-m\u00eame et que se r\u00e9v\u00e8le la n\u00e9cessit\u00e9 de vous ancrer \u00e0 la terre, \u00e0 votre anneau de vie, de vous enraciner au bon endroit, l\u2019\u00e9nergie de ces perles produites par les arbres (leur r\u00e9sine) et par la Terre qui les porte, va vous y aider grandement.\u00a0 Les vertus additionnelles de l\u2019ambre sont\u00a0: de soulager les douleurs dentaires (y compris pour les b\u00e9b\u00e9s)\u00a0; de contribuer au renfort des d\u00e9fenses immunitaires\u00a0; d\u2019activer la circulation du sang\u00a0; de soulager les douleurs articulaires li\u00e9es aux rhumatismes et \u00e0 l\u2019arthrose\u00a0; de soulager aussi les douleurs musculaires. Elle aide \u00e0 combattre la fatigue et \u00e0 lutter contre le stress et la d\u00e9pression.<\/p>\n<p style=\"text-align: justify;\">\n","protected":false},"featured_media":1770,"comment_status":"open","ping_status":"closed","template":"","meta":[],"product_brand":[],"product_cat":[156,460,17],"product_tag":[223,222,185,220,221],"mwb_booking_cost":[],"mwb_booking_service":[],"class_list":{"0":"post-1769","1":"product","2":"type-product","3":"status-publish","4":"has-post-thumbnail","6":"product_cat-04-bijoux","7":"product_cat-bracelets","8":"product_cat-tous-les-produits","9":"product_tag-ancrage","10":"product_tag-anneau-de-vie","11":"product_tag-chakra-etoile-de-la-terre","12":"product_tag-chakra-terre","13":"product_tag-enracinement","15":"first","16":"instock","17":"shipping-taxable","18":"purchasable","19":"product-type-simple"},"yoast_head":"<!-- This site is optimized with the Yoast SEO plugin v27.1.1 - https:\/\/yoast.com\/product\/yoast-seo-wordpress\/ -->\n<title>BRACELET baroque en perles D\u2019AMBRE DE LA BALTIQUE \u2013 chakra terre - Spirit-US<\/title>\n<meta name=\"robots\" content=\"index, follow, max-snippet:-1, max-image-preview:large, max-video-preview:-1\" \/>\n<link rel=\"canonical\" href=\"https:\/\/www.spirit-us.eu\/index.php\/produit\/bracelet-baroque-en-perles-dambre-de-la-baltique-chakra-terre\/\" \/>\n<meta property=\"og:locale\" content=\"fr_FR\" \/>\n<meta property=\"og:type\" content=\"article\" \/>\n<meta property=\"og:title\" content=\"BRACELET baroque en perles D\u2019AMBRE DE LA BALTIQUE \u2013 chakra terre - Spirit-US\" \/>\n<meta property=\"og:description\" content=\"Lorsque vous accomplissez un travail sur vous-m\u00eame et que se r\u00e9v\u00e8le la n\u00e9cessit\u00e9 de vous ancrer \u00e0 la terre, \u00e0 votre anneau de vie, de vous enraciner au bon endroit, l\u2019\u00e9nergie de ces perles produites par les arbres (leur r\u00e9sine) et par la Terre qui les porte, va vous y aider grandement.\u00a0 Les vertus additionnelles de l\u2019ambre sont\u00a0: de soulager les douleurs dentaires (y compris pour les b\u00e9b\u00e9s)\u00a0; de contribuer au renfort des d\u00e9fenses immunitaires\u00a0; d\u2019activer la circulation du sang\u00a0; de soulager les douleurs articulaires li\u00e9es aux rhumatismes et \u00e0 l\u2019arthrose\u00a0; de soulager aussi les douleurs musculaires. Elle aide \u00e0 combattre la fatigue et \u00e0 lutter contre le stress et la d\u00e9pression.\" \/>\n<meta property=\"og:url\" content=\"https:\/\/www.spirit-us.eu\/index.php\/produit\/bracelet-baroque-en-perles-dambre-de-la-baltique-chakra-terre\/\" \/>\n<meta property=\"og:site_name\" content=\"Spirit-US\" \/>\n<meta property=\"article:publisher\" content=\"https:\/\/www.facebook.com\/spirit.us.deum\" \/>\n<meta property=\"article:modified_time\" content=\"2025-12-17T09:50:12+00:00\" \/>\n<meta property=\"og:image\" content=\"https:\/\/www.spirit-us.eu\/wp-content\/uploads\/2025\/07\/bracelet-ambre-image-produit-1024x1024.png\" \/>\n\t<meta property=\"og:image:width\" content=\"1024\" \/>\n\t<meta property=\"og:image:height\" content=\"1024\" \/>\n\t<meta property=\"og:image:type\" content=\"image\/png\" \/>\n<meta name=\"twitter:card\" content=\"summary_large_image\" \/>\n<meta name=\"twitter:label1\" content=\"Dur\u00e9e de lecture estim\u00e9e\" \/>\n\t<meta name=\"twitter:data1\" content=\"1 minute\" \/>\n<script type=\"application\/ld+json\" class=\"yoast-schema-graph\">{\"@context\":\"https:\/\/schema.org\",\"@graph\":[{\"@type\":\"WebPage\",\"@id\":\"https:\/\/www.spirit-us.eu\/index.php\/produit\/bracelet-baroque-en-perles-dambre-de-la-baltique-chakra-terre\/\",\"url\":\"https:\/\/www.spirit-us.eu\/index.php\/produit\/bracelet-baroque-en-perles-dambre-de-la-baltique-chakra-terre\/\",\"name\":\"BRACELET baroque en perles D\u2019AMBRE DE LA BALTIQUE \u2013 chakra terre - Spirit-US\",\"isPartOf\":{\"@id\":\"https:\/\/www.spirit-us.eu\/#website\"},\"primaryImageOfPage\":{\"@id\":\"https:\/\/www.spirit-us.eu\/index.php\/produit\/bracelet-baroque-en-perles-dambre-de-la-baltique-chakra-terre\/#primaryimage\"},\"image\":{\"@id\":\"https:\/\/www.spirit-us.eu\/index.php\/produit\/bracelet-baroque-en-perles-dambre-de-la-baltique-chakra-terre\/#primaryimage\"},\"thumbnailUrl\":\"https:\/\/www.spirit-us.eu\/wp-content\/uploads\/2025\/07\/bracelet-ambre-image-produit.png\",\"datePublished\":\"2025-07-09T10:27:49+00:00\",\"dateModified\":\"2025-12-17T09:50:12+00:00\",\"breadcrumb\":{\"@id\":\"https:\/\/www.spirit-us.eu\/index.php\/produit\/bracelet-baroque-en-perles-dambre-de-la-baltique-chakra-terre\/#breadcrumb\"},\"inLanguage\":\"fr-FR\",\"potentialAction\":[{\"@type\":\"ReadAction\",\"target\":[\"https:\/\/www.spirit-us.eu\/index.php\/produit\/bracelet-baroque-en-perles-dambre-de-la-baltique-chakra-terre\/\"]}]},{\"@type\":\"ImageObject\",\"inLanguage\":\"fr-FR\",\"@id\":\"https:\/\/www.spirit-us.eu\/index.php\/produit\/bracelet-baroque-en-perles-dambre-de-la-baltique-chakra-terre\/#primaryimage\",\"url\":\"https:\/\/www.spirit-us.eu\/wp-content\/uploads\/2025\/07\/bracelet-ambre-image-produit.png\",\"contentUrl\":\"https:\/\/www.spirit-us.eu\/wp-content\/uploads\/2025\/07\/bracelet-ambre-image-produit.png\",\"width\":1890,\"height\":1890},{\"@type\":\"BreadcrumbList\",\"@id\":\"https:\/\/www.spirit-us.eu\/index.php\/produit\/bracelet-baroque-en-perles-dambre-de-la-baltique-chakra-terre\/#breadcrumb\",\"itemListElement\":[{\"@type\":\"ListItem\",\"position\":1,\"name\":\"Accueil\",\"item\":\"https:\/\/www.spirit-us.eu\/\"},{\"@type\":\"ListItem\",\"position\":2,\"name\":\"Boutique\",\"item\":\"https:\/\/www.spirit-us.eu\/index.php\/boutique\/\"},{\"@type\":\"ListItem\",\"position\":3,\"name\":\"BRACELET baroque en perles D\u2019AMBRE DE LA BALTIQUE \u2013 chakra terre\"}]},{\"@type\":\"WebSite\",\"@id\":\"https:\/\/www.spirit-us.eu\/#website\",\"url\":\"https:\/\/www.spirit-us.eu\/\",\"name\":\"Spirit-US\",\"description\":\"\",\"publisher\":{\"@id\":\"https:\/\/www.spirit-us.eu\/#organization\"},\"potentialAction\":[{\"@type\":\"SearchAction\",\"target\":{\"@type\":\"EntryPoint\",\"urlTemplate\":\"https:\/\/www.spirit-us.eu\/?s={search_term_string}\"},\"query-input\":{\"@type\":\"PropertyValueSpecification\",\"valueRequired\":true,\"valueName\":\"search_term_string\"}}],\"inLanguage\":\"fr-FR\"},{\"@type\":\"Organization\",\"@id\":\"https:\/\/www.spirit-us.eu\/#organization\",\"name\":\"Spirit-US\",\"url\":\"https:\/\/www.spirit-us.eu\/\",\"logo\":{\"@type\":\"ImageObject\",\"inLanguage\":\"fr-FR\",\"@id\":\"https:\/\/www.spirit-us.eu\/#\/schema\/logo\/image\/\",\"url\":\"https:\/\/www.spirit-us.eu\/wp-content\/uploads\/2025\/11\/logo-regarde-linterlocutrice-sans-arrriere-plan.jpg\",\"contentUrl\":\"https:\/\/www.spirit-us.eu\/wp-content\/uploads\/2025\/11\/logo-regarde-linterlocutrice-sans-arrriere-plan.jpg\",\"width\":1080,\"height\":1080,\"caption\":\"Spirit-US\"},\"image\":{\"@id\":\"https:\/\/www.spirit-us.eu\/#\/schema\/logo\/image\/\"},\"sameAs\":[\"https:\/\/www.facebook.com\/spirit.us.deum\"]}]}<\/script>\n<!-- \/ Yoast SEO plugin. -->","yoast_head_json":{"title":"BRACELET baroque en perles D\u2019AMBRE DE LA BALTIQUE \u2013 chakra terre - Spirit-US","robots":{"index":"index","follow":"follow","max-snippet":"max-snippet:-1","max-image-preview":"max-image-preview:large","max-video-preview":"max-video-preview:-1"},"canonical":"https:\/\/www.spirit-us.eu\/index.php\/produit\/bracelet-baroque-en-perles-dambre-de-la-baltique-chakra-terre\/","og_locale":"fr_FR","og_type":"article","og_title":"BRACELET baroque en perles D\u2019AMBRE DE LA BALTIQUE \u2013 chakra terre - Spirit-US","og_description":"Lorsque vous accomplissez un travail sur vous-m\u00eame et que se r\u00e9v\u00e8le la n\u00e9cessit\u00e9 de vous ancrer \u00e0 la terre, \u00e0 votre anneau de vie, de vous enraciner au bon endroit, l\u2019\u00e9nergie de ces perles produites par les arbres (leur r\u00e9sine) et par la Terre qui les porte, va vous y aider grandement.\u00a0 Les vertus additionnelles de l\u2019ambre sont\u00a0: de soulager les douleurs dentaires (y compris pour les b\u00e9b\u00e9s)\u00a0; de contribuer au renfort des d\u00e9fenses immunitaires\u00a0; d\u2019activer la circulation du sang\u00a0; de soulager les douleurs articulaires li\u00e9es aux rhumatismes et \u00e0 l\u2019arthrose\u00a0; de soulager aussi les douleurs musculaires. Elle aide \u00e0 combattre la fatigue et \u00e0 lutter contre le stress et la d\u00e9pression.","og_url":"https:\/\/www.spirit-us.eu\/index.php\/produit\/bracelet-baroque-en-perles-dambre-de-la-baltique-chakra-terre\/","og_site_name":"Spirit-US","article_publisher":"https:\/\/www.facebook.com\/spirit.us.deum","article_modified_time":"2025-12-17T09:50:12+00:00","og_image":[{"width":1024,"height":1024,"url":"https:\/\/www.spirit-us.eu\/wp-content\/uploads\/2025\/07\/bracelet-ambre-image-produit-1024x1024.png","type":"image\/png"}],"twitter_card":"summary_large_image","twitter_misc":{"Dur\u00e9e de lecture estim\u00e9e":"1 minute"},"schema":{"@context":"https:\/\/schema.org","@graph":[{"@type":"WebPage","@id":"https:\/\/www.spirit-us.eu\/index.php\/produit\/bracelet-baroque-en-perles-dambre-de-la-baltique-chakra-terre\/","url":"https:\/\/www.spirit-us.eu\/index.php\/produit\/bracelet-baroque-en-perles-dambre-de-la-baltique-chakra-terre\/","name":"BRACELET baroque en perles D\u2019AMBRE DE LA BALTIQUE \u2013 chakra terre - Spirit-US","isPartOf":{"@id":"https:\/\/www.spirit-us.eu\/#website"},"primaryImageOfPage":{"@id":"https:\/\/www.spirit-us.eu\/index.php\/produit\/bracelet-baroque-en-perles-dambre-de-la-baltique-chakra-terre\/#primaryimage"},"image":{"@id":"https:\/\/www.spirit-us.eu\/index.php\/produit\/bracelet-baroque-en-perles-dambre-de-la-baltique-chakra-terre\/#primaryimage"},"thumbnailUrl":"https:\/\/www.spirit-us.eu\/wp-content\/uploads\/2025\/07\/bracelet-ambre-image-produit.png","datePublished":"2025-07-09T10:27:49+00:00","dateModified":"2025-12-17T09:50:12+00:00","breadcrumb":{"@id":"https:\/\/www.spirit-us.eu\/index.php\/produit\/bracelet-baroque-en-perles-dambre-de-la-baltique-chakra-terre\/#breadcrumb"},"inLanguage":"fr-FR","potentialAction":[{"@type":"ReadAction","target":["https:\/\/www.spirit-us.eu\/index.php\/produit\/bracelet-baroque-en-perles-dambre-de-la-baltique-chakra-terre\/"]}]},{"@type":"ImageObject","inLanguage":"fr-FR","@id":"https:\/\/www.spirit-us.eu\/index.php\/produit\/bracelet-baroque-en-perles-dambre-de-la-baltique-chakra-terre\/#primaryimage","url":"https:\/\/www.spirit-us.eu\/wp-content\/uploads\/2025\/07\/bracelet-ambre-image-produit.png","contentUrl":"https:\/\/www.spirit-us.eu\/wp-content\/uploads\/2025\/07\/bracelet-ambre-image-produit.png","width":1890,"height":1890},{"@type":"BreadcrumbList","@id":"https:\/\/www.spirit-us.eu\/index.php\/produit\/bracelet-baroque-en-perles-dambre-de-la-baltique-chakra-terre\/#breadcrumb","itemListElement":[{"@type":"ListItem","position":1,"name":"Accueil","item":"https:\/\/www.spirit-us.eu\/"},{"@type":"ListItem","position":2,"name":"Boutique","item":"https:\/\/www.spirit-us.eu\/index.php\/boutique\/"},{"@type":"ListItem","position":3,"name":"BRACELET baroque en perles D\u2019AMBRE DE LA BALTIQUE \u2013 chakra terre"}]},{"@type":"WebSite","@id":"https:\/\/www.spirit-us.eu\/#website","url":"https:\/\/www.spirit-us.eu\/","name":"Spirit-US","description":"","publisher":{"@id":"https:\/\/www.spirit-us.eu\/#organization"},"potentialAction":[{"@type":"SearchAction","target":{"@type":"EntryPoint","urlTemplate":"https:\/\/www.spirit-us.eu\/?s={search_term_string}"},"query-input":{"@type":"PropertyValueSpecification","valueRequired":true,"valueName":"search_term_string"}}],"inLanguage":"fr-FR"},{"@type":"Organization","@id":"https:\/\/www.spirit-us.eu\/#organization","name":"Spirit-US","url":"https:\/\/www.spirit-us.eu\/","logo":{"@type":"ImageObject","inLanguage":"fr-FR","@id":"https:\/\/www.spirit-us.eu\/#\/schema\/logo\/image\/","url":"https:\/\/www.spirit-us.eu\/wp-content\/uploads\/2025\/11\/logo-regarde-linterlocutrice-sans-arrriere-plan.jpg","contentUrl":"https:\/\/www.spirit-us.eu\/wp-content\/uploads\/2025\/11\/logo-regarde-linterlocutrice-sans-arrriere-plan.jpg","width":1080,"height":1080,"caption":"Spirit-US"},"image":{"@id":"https:\/\/www.spirit-us.eu\/#\/schema\/logo\/image\/"},"sameAs":["https:\/\/www.facebook.com\/spirit.us.deum"]}]}},"jetpack_sharing_enabled":true,"_links":{"self":[{"href":"https:\/\/www.spirit-us.eu\/index.php\/wp-json\/wp\/v2\/product\/1769","targetHints":{"allow":["GET"]}}],"collection":[{"href":"https:\/\/www.spirit-us.eu\/index.php\/wp-json\/wp\/v2\/product"}],"about":[{"href":"https:\/\/www.spirit-us.eu\/index.php\/wp-json\/wp\/v2\/types\/product"}],"replies":[{"embeddable":true,"href":"https:\/\/www.spirit-us.eu\/index.php\/wp-json\/wp\/v2\/comments?post=1769"}],"wp:featuredmedia":[{"embeddable":true,"href":"https:\/\/www.spirit-us.eu\/index.php\/wp-json\/wp\/v2\/media\/1770"}],"wp:attachment":[{"href":"https:\/\/www.spirit-us.eu\/index.php\/wp-json\/wp\/v2\/media?parent=1769"}],"wp:term":[{"taxonomy":"product_brand","embeddable":true,"href":"https:\/\/www.spirit-us.eu\/index.php\/wp-json\/wp\/v2\/product_brand?post=1769"},{"taxonomy":"product_cat","embeddable":true,"href":"https:\/\/www.spirit-us.eu\/index.php\/wp-json\/wp\/v2\/product_cat?post=1769"},{"taxonomy":"product_tag","embeddable":true,"href":"https:\/\/www.spirit-us.eu\/index.php\/wp-json\/wp\/v2\/product_tag?post=1769"},{"taxonomy":"mwb_booking_cost","embeddable":true,"href":"https:\/\/www.spirit-us.eu\/index.php\/wp-json\/wp\/v2\/mwb_booking_cost?post=1769"},{"taxonomy":"mwb_booking_service","embeddable":true,"href":"https:\/\/www.spirit-us.eu\/index.php\/wp-json\/wp\/v2\/mwb_booking_service?post=1769"}],"curies":[{"name":"wp","href":"https:\/\/api.w.org\/{rel}","templated":true}]}}