{"id":1759,"date":"2025-07-01T20:36:57","date_gmt":"2025-07-01T18:36:57","guid":{"rendered":"https:\/\/www.spirit-us.eu\/?post_type=product&#038;p=1759"},"modified":"2025-07-17T17:14:10","modified_gmt":"2025-07-17T15:14:10","slug":"deuil-connexion-au-dela-avec-toi","status":"publish","type":"product","link":"https:\/\/www.spirit-us.eu\/index.php\/produit\/deuil-connexion-au-dela-avec-toi\/","title":{"rendered":"DEUIL &#8211; Connexion, au-del\u00e0, avec Toi"},"content":{"rendered":"<p><strong>Auteure<\/strong> : Lola LACROIX<\/p>\n<p><strong>Musique\u00a0<\/strong>: MOZART, <em>Requiem<\/em>, Voca-me, Benedictus &amp; Lux perpetua luceat.<\/p>\n<p><strong>Objectifs<\/strong> : favoriser le processus du deuil par un ultime contact visant \u00e0 apaiser les blessures d&rsquo;absence et d&rsquo;abandon &#8211; le proc\u00e9d\u00e9 est m\u00e9diumnique, ce qui signifie que l&rsquo;audio commence par une mise en protection puissante, afin que la totalit\u00e9 de la d\u00e9marche soit dans les b\u00e9n\u00e9dictions et dans la Lumi\u00e8re. Par la grandeur de la musique de Wolfgang Amadeus, le taux vibratoire monte tr\u00e8s haut, la musique soigne et am\u00e8ne le cerveau \u00e0 un apaisement et \u00e0 un palier d&rsquo;apprentissage sup\u00e9rieur.<\/p>\n<p><strong>Dur\u00e9e de l&rsquo;audio mp3<\/strong> : 28 minutes<\/p>\n<p><strong>Montage<\/strong> <strong>&amp; cr\u00e9ation<\/strong> : Lola LACROIX<\/p>\n<p><strong>El\u00e9ments de ce soin<\/strong> :<\/p>\n<ol>\n<li>l&rsquo;audio mp3 mont\u00e9 avec musique<\/li>\n<li>le livret au format pdf<\/li>\n<\/ol>\n<p>Certifi\u00e9 \u00ab\u00a0<strong>100% production humaine<\/strong>\u00a0\u00bb : le texte, le montage, la musique.<\/p>\n<p>T\u00e9l\u00e9chargeable et accessible imm\u00e9diatement.<\/p>\n","protected":false},"excerpt":{"rendered":"<p style=\"text-align: justify;\">Lorsque nous perdons quelqu&rsquo;un, le processus du deuil peut se r\u00e9v\u00e9ler difficile.\u00a0 La culpabilit\u00e9 n&rsquo;est jamais loin : lui ai-je assez\u00a0 dit\u00a0 <em>Je t&rsquo;aime<\/em> ? <em>J&rsquo;\u00e9tais absent(e) quand il ou elle est partie, j&rsquo;aurai d\u00fb<\/em> &#8230; Le pr\u00e9sent audio va vous aider \u00e0 progresser et \u00e0 renouer doucement avec la l\u00e9gitime joie de vivre.\u00a0 Nous y avons recours \u00e0 une forme priv\u00e9e de m\u00e9diumnit\u00e9.\u00a0 Car nous avons la facult\u00e9 de communiquer avec les \u00eatres du monde invisible.\u00a0 Simplement, on ne nous l&rsquo;a jamais r\u00e9ellement appris, cela ne fait partie ni du cursus \u00e9ducatif, ni du cursus acad\u00e9mique.\u00a0 Or la paroi translucide qui nous s\u00e9pare des mondes de mati\u00e8re, de non-mati\u00e8re &#8211; ou \u00ab\u00a0d&rsquo;autres mat\u00e9rialit\u00e9s\u00a0\u00bb, quantiques, est mince, peut se franchir sans difficult\u00e9 avec un peu de pratique.\u00a0 Parfois, c&rsquo;est l&rsquo;au-del\u00e0 qui prend l&rsquo;initiative d&rsquo;entrer en contact avec nous. Aussi devons-nous \u00eatre vigilant(es) car les esprits mauvais peuvent se substituer aux \u00e2mes aim\u00e9es que nous appelons, lorsque nous sommes dans le chagrin de les avoir perdues.\u00a0 L&rsquo;audio d\u00e9marre par une mise en protection sp\u00e9ciale et puissante, pour que le processus se d\u00e9roule uniquement dans la Lumi\u00e8re pure.\u00a0 Le livret vous fournit le texte de cette pri\u00e8re du discernement : pour reconna\u00eetre les bons esprits et chasser les autres. La fr\u00e9quence du g\u00e9nie de Mozart (422Hz) accompagne l&rsquo;appel sacr\u00e9 \u00e0 l&rsquo;\u00e2me que nous nommons : \u00ab\u00a0Toi, au-del\u00e0\u00a0\u00bb.<\/p>\n","protected":false},"featured_media":1760,"comment_status":"open","ping_status":"closed","template":"","meta":[],"product_brand":[],"product_cat":[155,166,17],"product_tag":[215,216,213,212,219,218],"mwb_booking_cost":[],"mwb_booking_service":[],"class_list":{"0":"post-1759","1":"product","2":"type-product","3":"status-publish","4":"has-post-thumbnail","6":"product_cat-02-soins-accueil","7":"product_cat-07-spiritualite-et-benedictions","8":"product_cat-tous-les-produits","9":"product_tag-abandon","10":"product_tag-absence","11":"product_tag-deuil","12":"product_tag-fantome","13":"product_tag-medium","14":"product_tag-spiritualite","16":"first","17":"instock","18":"downloadable","19":"virtual","20":"purchasable","21":"product-type-simple"},"yoast_head":"<!-- This site is optimized with the Yoast SEO plugin v27.1.1 - https:\/\/yoast.com\/product\/yoast-seo-wordpress\/ -->\n<title>DEUIL - Connexion, au-del\u00e0, avec Toi - Spirit-US<\/title>\n<meta name=\"robots\" content=\"index, follow, max-snippet:-1, max-image-preview:large, max-video-preview:-1\" \/>\n<link rel=\"canonical\" href=\"https:\/\/www.spirit-us.eu\/index.php\/produit\/deuil-connexion-au-dela-avec-toi\/\" \/>\n<meta property=\"og:locale\" content=\"fr_FR\" \/>\n<meta property=\"og:type\" content=\"article\" \/>\n<meta property=\"og:title\" content=\"DEUIL - Connexion, au-del\u00e0, avec Toi - Spirit-US\" \/>\n<meta property=\"og:description\" content=\"Lorsque nous perdons quelqu&#039;un, le processus du deuil peut se r\u00e9v\u00e9ler difficile.\u00a0 La culpabilit\u00e9 n&#039;est jamais loin : lui ai-je assez\u00a0 dit\u00a0 Je t&#039;aime ? J&#039;\u00e9tais absent(e) quand il ou elle est partie, j&#039;aurai d\u00fb ... Le pr\u00e9sent audio va vous aider \u00e0 progresser et \u00e0 renouer doucement avec la l\u00e9gitime joie de vivre.\u00a0 Nous y avons recours \u00e0 une forme priv\u00e9e de m\u00e9diumnit\u00e9.\u00a0 Car nous avons la facult\u00e9 de communiquer avec les \u00eatres du monde invisible.\u00a0 Simplement, on ne nous l&#039;a jamais r\u00e9ellement appris, cela ne fait partie ni du cursus \u00e9ducatif, ni du cursus acad\u00e9mique.\u00a0 Or la paroi translucide qui nous s\u00e9pare des mondes de mati\u00e8re, de non-mati\u00e8re - ou &quot;d&#039;autres mat\u00e9rialit\u00e9s&quot;, quantiques, est mince, peut se franchir sans difficult\u00e9 avec un peu de pratique.\u00a0 Parfois, c&#039;est l&#039;au-del\u00e0 qui prend l&#039;initiative d&#039;entrer en contact avec nous. Aussi devons-nous \u00eatre vigilant(es) car les esprits mauvais peuvent se substituer aux \u00e2mes aim\u00e9es que nous appelons, lorsque nous sommes dans le chagrin de les avoir perdues.\u00a0 L&#039;audio d\u00e9marre par une mise en protection sp\u00e9ciale et puissante, pour que le processus se d\u00e9roule uniquement dans la Lumi\u00e8re pure.\u00a0 Le livret vous fournit le texte de cette pri\u00e8re du discernement : pour reconna\u00eetre les bons esprits et chasser les autres. La fr\u00e9quence du g\u00e9nie de Mozart (422Hz) accompagne l&#039;appel sacr\u00e9 \u00e0 l&#039;\u00e2me que nous nommons : &quot;Toi, au-del\u00e0&quot;.\" \/>\n<meta property=\"og:url\" content=\"https:\/\/www.spirit-us.eu\/index.php\/produit\/deuil-connexion-au-dela-avec-toi\/\" \/>\n<meta property=\"og:site_name\" content=\"Spirit-US\" \/>\n<meta property=\"article:publisher\" content=\"https:\/\/www.facebook.com\/spirit.us.deum\" \/>\n<meta property=\"article:modified_time\" content=\"2025-07-17T15:14:10+00:00\" \/>\n<meta property=\"og:image\" content=\"https:\/\/www.spirit-us.eu\/wp-content\/uploads\/2025\/07\/image-produit-deuil-connexion-au-dela-avec-toi-1024x1024.png\" \/>\n\t<meta property=\"og:image:width\" content=\"1024\" \/>\n\t<meta property=\"og:image:height\" content=\"1024\" \/>\n\t<meta property=\"og:image:type\" content=\"image\/png\" \/>\n<meta name=\"twitter:card\" content=\"summary_large_image\" \/>\n<meta name=\"twitter:label1\" content=\"Dur\u00e9e de lecture estim\u00e9e\" \/>\n\t<meta name=\"twitter:data1\" content=\"1 minute\" \/>\n<script type=\"application\/ld+json\" class=\"yoast-schema-graph\">{\"@context\":\"https:\/\/schema.org\",\"@graph\":[{\"@type\":\"WebPage\",\"@id\":\"https:\/\/www.spirit-us.eu\/index.php\/produit\/deuil-connexion-au-dela-avec-toi\/\",\"url\":\"https:\/\/www.spirit-us.eu\/index.php\/produit\/deuil-connexion-au-dela-avec-toi\/\",\"name\":\"DEUIL - Connexion, au-del\u00e0, avec Toi - Spirit-US\",\"isPartOf\":{\"@id\":\"https:\/\/www.spirit-us.eu\/#website\"},\"primaryImageOfPage\":{\"@id\":\"https:\/\/www.spirit-us.eu\/index.php\/produit\/deuil-connexion-au-dela-avec-toi\/#primaryimage\"},\"image\":{\"@id\":\"https:\/\/www.spirit-us.eu\/index.php\/produit\/deuil-connexion-au-dela-avec-toi\/#primaryimage\"},\"thumbnailUrl\":\"https:\/\/www.spirit-us.eu\/wp-content\/uploads\/2025\/07\/image-produit-deuil-connexion-au-dela-avec-toi.png\",\"datePublished\":\"2025-07-01T18:36:57+00:00\",\"dateModified\":\"2025-07-17T15:14:10+00:00\",\"breadcrumb\":{\"@id\":\"https:\/\/www.spirit-us.eu\/index.php\/produit\/deuil-connexion-au-dela-avec-toi\/#breadcrumb\"},\"inLanguage\":\"fr-FR\",\"potentialAction\":[{\"@type\":\"ReadAction\",\"target\":[\"https:\/\/www.spirit-us.eu\/index.php\/produit\/deuil-connexion-au-dela-avec-toi\/\"]}]},{\"@type\":\"ImageObject\",\"inLanguage\":\"fr-FR\",\"@id\":\"https:\/\/www.spirit-us.eu\/index.php\/produit\/deuil-connexion-au-dela-avec-toi\/#primaryimage\",\"url\":\"https:\/\/www.spirit-us.eu\/wp-content\/uploads\/2025\/07\/image-produit-deuil-connexion-au-dela-avec-toi.png\",\"contentUrl\":\"https:\/\/www.spirit-us.eu\/wp-content\/uploads\/2025\/07\/image-produit-deuil-connexion-au-dela-avec-toi.png\",\"width\":2295,\"height\":2295},{\"@type\":\"BreadcrumbList\",\"@id\":\"https:\/\/www.spirit-us.eu\/index.php\/produit\/deuil-connexion-au-dela-avec-toi\/#breadcrumb\",\"itemListElement\":[{\"@type\":\"ListItem\",\"position\":1,\"name\":\"Accueil\",\"item\":\"https:\/\/www.spirit-us.eu\/\"},{\"@type\":\"ListItem\",\"position\":2,\"name\":\"Boutique\",\"item\":\"https:\/\/www.spirit-us.eu\/index.php\/boutique\/\"},{\"@type\":\"ListItem\",\"position\":3,\"name\":\"DEUIL &#8211; Connexion, au-del\u00e0, avec Toi\"}]},{\"@type\":\"WebSite\",\"@id\":\"https:\/\/www.spirit-us.eu\/#website\",\"url\":\"https:\/\/www.spirit-us.eu\/\",\"name\":\"Spirit-US\",\"description\":\"\",\"publisher\":{\"@id\":\"https:\/\/www.spirit-us.eu\/#organization\"},\"potentialAction\":[{\"@type\":\"SearchAction\",\"target\":{\"@type\":\"EntryPoint\",\"urlTemplate\":\"https:\/\/www.spirit-us.eu\/?s={search_term_string}\"},\"query-input\":{\"@type\":\"PropertyValueSpecification\",\"valueRequired\":true,\"valueName\":\"search_term_string\"}}],\"inLanguage\":\"fr-FR\"},{\"@type\":\"Organization\",\"@id\":\"https:\/\/www.spirit-us.eu\/#organization\",\"name\":\"Spirit-US\",\"url\":\"https:\/\/www.spirit-us.eu\/\",\"logo\":{\"@type\":\"ImageObject\",\"inLanguage\":\"fr-FR\",\"@id\":\"https:\/\/www.spirit-us.eu\/#\/schema\/logo\/image\/\",\"url\":\"https:\/\/www.spirit-us.eu\/wp-content\/uploads\/2025\/11\/logo-regarde-linterlocutrice-sans-arrriere-plan.jpg\",\"contentUrl\":\"https:\/\/www.spirit-us.eu\/wp-content\/uploads\/2025\/11\/logo-regarde-linterlocutrice-sans-arrriere-plan.jpg\",\"width\":1080,\"height\":1080,\"caption\":\"Spirit-US\"},\"image\":{\"@id\":\"https:\/\/www.spirit-us.eu\/#\/schema\/logo\/image\/\"},\"sameAs\":[\"https:\/\/www.facebook.com\/spirit.us.deum\"]}]}<\/script>\n<!-- \/ Yoast SEO plugin. -->","yoast_head_json":{"title":"DEUIL - Connexion, au-del\u00e0, avec Toi - Spirit-US","robots":{"index":"index","follow":"follow","max-snippet":"max-snippet:-1","max-image-preview":"max-image-preview:large","max-video-preview":"max-video-preview:-1"},"canonical":"https:\/\/www.spirit-us.eu\/index.php\/produit\/deuil-connexion-au-dela-avec-toi\/","og_locale":"fr_FR","og_type":"article","og_title":"DEUIL - Connexion, au-del\u00e0, avec Toi - Spirit-US","og_description":"Lorsque nous perdons quelqu'un, le processus du deuil peut se r\u00e9v\u00e9ler difficile.\u00a0 La culpabilit\u00e9 n'est jamais loin : lui ai-je assez\u00a0 dit\u00a0 Je t'aime ? J'\u00e9tais absent(e) quand il ou elle est partie, j'aurai d\u00fb ... Le pr\u00e9sent audio va vous aider \u00e0 progresser et \u00e0 renouer doucement avec la l\u00e9gitime joie de vivre.\u00a0 Nous y avons recours \u00e0 une forme priv\u00e9e de m\u00e9diumnit\u00e9.\u00a0 Car nous avons la facult\u00e9 de communiquer avec les \u00eatres du monde invisible.\u00a0 Simplement, on ne nous l'a jamais r\u00e9ellement appris, cela ne fait partie ni du cursus \u00e9ducatif, ni du cursus acad\u00e9mique.\u00a0 Or la paroi translucide qui nous s\u00e9pare des mondes de mati\u00e8re, de non-mati\u00e8re - ou \"d'autres mat\u00e9rialit\u00e9s\", quantiques, est mince, peut se franchir sans difficult\u00e9 avec un peu de pratique.\u00a0 Parfois, c'est l'au-del\u00e0 qui prend l'initiative d'entrer en contact avec nous. Aussi devons-nous \u00eatre vigilant(es) car les esprits mauvais peuvent se substituer aux \u00e2mes aim\u00e9es que nous appelons, lorsque nous sommes dans le chagrin de les avoir perdues.\u00a0 L'audio d\u00e9marre par une mise en protection sp\u00e9ciale et puissante, pour que le processus se d\u00e9roule uniquement dans la Lumi\u00e8re pure.\u00a0 Le livret vous fournit le texte de cette pri\u00e8re du discernement : pour reconna\u00eetre les bons esprits et chasser les autres. La fr\u00e9quence du g\u00e9nie de Mozart (422Hz) accompagne l'appel sacr\u00e9 \u00e0 l'\u00e2me que nous nommons : \"Toi, au-del\u00e0\".","og_url":"https:\/\/www.spirit-us.eu\/index.php\/produit\/deuil-connexion-au-dela-avec-toi\/","og_site_name":"Spirit-US","article_publisher":"https:\/\/www.facebook.com\/spirit.us.deum","article_modified_time":"2025-07-17T15:14:10+00:00","og_image":[{"width":1024,"height":1024,"url":"https:\/\/www.spirit-us.eu\/wp-content\/uploads\/2025\/07\/image-produit-deuil-connexion-au-dela-avec-toi-1024x1024.png","type":"image\/png"}],"twitter_card":"summary_large_image","twitter_misc":{"Dur\u00e9e de lecture estim\u00e9e":"1 minute"},"schema":{"@context":"https:\/\/schema.org","@graph":[{"@type":"WebPage","@id":"https:\/\/www.spirit-us.eu\/index.php\/produit\/deuil-connexion-au-dela-avec-toi\/","url":"https:\/\/www.spirit-us.eu\/index.php\/produit\/deuil-connexion-au-dela-avec-toi\/","name":"DEUIL - Connexion, au-del\u00e0, avec Toi - Spirit-US","isPartOf":{"@id":"https:\/\/www.spirit-us.eu\/#website"},"primaryImageOfPage":{"@id":"https:\/\/www.spirit-us.eu\/index.php\/produit\/deuil-connexion-au-dela-avec-toi\/#primaryimage"},"image":{"@id":"https:\/\/www.spirit-us.eu\/index.php\/produit\/deuil-connexion-au-dela-avec-toi\/#primaryimage"},"thumbnailUrl":"https:\/\/www.spirit-us.eu\/wp-content\/uploads\/2025\/07\/image-produit-deuil-connexion-au-dela-avec-toi.png","datePublished":"2025-07-01T18:36:57+00:00","dateModified":"2025-07-17T15:14:10+00:00","breadcrumb":{"@id":"https:\/\/www.spirit-us.eu\/index.php\/produit\/deuil-connexion-au-dela-avec-toi\/#breadcrumb"},"inLanguage":"fr-FR","potentialAction":[{"@type":"ReadAction","target":["https:\/\/www.spirit-us.eu\/index.php\/produit\/deuil-connexion-au-dela-avec-toi\/"]}]},{"@type":"ImageObject","inLanguage":"fr-FR","@id":"https:\/\/www.spirit-us.eu\/index.php\/produit\/deuil-connexion-au-dela-avec-toi\/#primaryimage","url":"https:\/\/www.spirit-us.eu\/wp-content\/uploads\/2025\/07\/image-produit-deuil-connexion-au-dela-avec-toi.png","contentUrl":"https:\/\/www.spirit-us.eu\/wp-content\/uploads\/2025\/07\/image-produit-deuil-connexion-au-dela-avec-toi.png","width":2295,"height":2295},{"@type":"BreadcrumbList","@id":"https:\/\/www.spirit-us.eu\/index.php\/produit\/deuil-connexion-au-dela-avec-toi\/#breadcrumb","itemListElement":[{"@type":"ListItem","position":1,"name":"Accueil","item":"https:\/\/www.spirit-us.eu\/"},{"@type":"ListItem","position":2,"name":"Boutique","item":"https:\/\/www.spirit-us.eu\/index.php\/boutique\/"},{"@type":"ListItem","position":3,"name":"DEUIL &#8211; Connexion, au-del\u00e0, avec Toi"}]},{"@type":"WebSite","@id":"https:\/\/www.spirit-us.eu\/#website","url":"https:\/\/www.spirit-us.eu\/","name":"Spirit-US","description":"","publisher":{"@id":"https:\/\/www.spirit-us.eu\/#organization"},"potentialAction":[{"@type":"SearchAction","target":{"@type":"EntryPoint","urlTemplate":"https:\/\/www.spirit-us.eu\/?s={search_term_string}"},"query-input":{"@type":"PropertyValueSpecification","valueRequired":true,"valueName":"search_term_string"}}],"inLanguage":"fr-FR"},{"@type":"Organization","@id":"https:\/\/www.spirit-us.eu\/#organization","name":"Spirit-US","url":"https:\/\/www.spirit-us.eu\/","logo":{"@type":"ImageObject","inLanguage":"fr-FR","@id":"https:\/\/www.spirit-us.eu\/#\/schema\/logo\/image\/","url":"https:\/\/www.spirit-us.eu\/wp-content\/uploads\/2025\/11\/logo-regarde-linterlocutrice-sans-arrriere-plan.jpg","contentUrl":"https:\/\/www.spirit-us.eu\/wp-content\/uploads\/2025\/11\/logo-regarde-linterlocutrice-sans-arrriere-plan.jpg","width":1080,"height":1080,"caption":"Spirit-US"},"image":{"@id":"https:\/\/www.spirit-us.eu\/#\/schema\/logo\/image\/"},"sameAs":["https:\/\/www.facebook.com\/spirit.us.deum"]}]}},"jetpack_sharing_enabled":true,"_links":{"self":[{"href":"https:\/\/www.spirit-us.eu\/index.php\/wp-json\/wp\/v2\/product\/1759","targetHints":{"allow":["GET"]}}],"collection":[{"href":"https:\/\/www.spirit-us.eu\/index.php\/wp-json\/wp\/v2\/product"}],"about":[{"href":"https:\/\/www.spirit-us.eu\/index.php\/wp-json\/wp\/v2\/types\/product"}],"replies":[{"embeddable":true,"href":"https:\/\/www.spirit-us.eu\/index.php\/wp-json\/wp\/v2\/comments?post=1759"}],"wp:featuredmedia":[{"embeddable":true,"href":"https:\/\/www.spirit-us.eu\/index.php\/wp-json\/wp\/v2\/media\/1760"}],"wp:attachment":[{"href":"https:\/\/www.spirit-us.eu\/index.php\/wp-json\/wp\/v2\/media?parent=1759"}],"wp:term":[{"taxonomy":"product_brand","embeddable":true,"href":"https:\/\/www.spirit-us.eu\/index.php\/wp-json\/wp\/v2\/product_brand?post=1759"},{"taxonomy":"product_cat","embeddable":true,"href":"https:\/\/www.spirit-us.eu\/index.php\/wp-json\/wp\/v2\/product_cat?post=1759"},{"taxonomy":"product_tag","embeddable":true,"href":"https:\/\/www.spirit-us.eu\/index.php\/wp-json\/wp\/v2\/product_tag?post=1759"},{"taxonomy":"mwb_booking_cost","embeddable":true,"href":"https:\/\/www.spirit-us.eu\/index.php\/wp-json\/wp\/v2\/mwb_booking_cost?post=1759"},{"taxonomy":"mwb_booking_service","embeddable":true,"href":"https:\/\/www.spirit-us.eu\/index.php\/wp-json\/wp\/v2\/mwb_booking_service?post=1759"}],"curies":[{"name":"wp","href":"https:\/\/api.w.org\/{rel}","templated":true}]}}